{"id":17487,"date":"2022-07-15T10:18:38","date_gmt":"2022-07-15T14:18:38","guid":{"rendered":"https:\/\/officialmonttremblant.com\/condos\/"},"modified":"2025-07-29T14:20:08","modified_gmt":"2025-07-29T18:20:08","slug":"condos","status":"publish","type":"page","link":"https:\/\/officialmonttremblant.com\/fr\/ou-sejourner\/locations-de-vacances\/condos\/","title":{"rendered":"Condos \u00e0 Mont-Tremblant"},"content":{"rendered":"<p>[vc_row equal_height=\u00a0\u00bbyes\u00a0\u00bb content_placement=\u00a0\u00bbmiddle\u00a0\u00bb css=\u00a0\u00bb.vc_custom_1652473523430{padding-bottom: 50px !important;}\u00a0\u00bb][vc_column width=\u00a0\u00bb2\/3&Prime;]<div id=\"ultimate-heading-815969f2bee668ef0\" class=\"uvc-heading ult-adjust-bottom-margin ultimate-heading-815969f2bee668ef0 uvc-9286  uvc-heading-default-font-sizes\" data-hspacer=\"line_only\"  data-halign=\"left\" style=\"text-align:left\"><div class=\"uvc-heading-spacer line_only\" style=\"margin-bottom:15px;height:2px;\"><span class=\"uvc-headings-line\" style=\"border-style:solid;border-bottom-width:2px;border-color:#1e8449;width:70px;\"><\/span><\/div><div class=\"uvc-sub-heading ult-responsive\"  data-ultimate-target='.uvc-heading.ultimate-heading-815969f2bee668ef0 .uvc-sub-heading '  data-responsive-json-new='{\"font-size\":\"\",\"line-height\":\"\"}'  style=\"font-weight:normal;margin-bottom:15px;\"><span style=\"font-weight: 400;\">Les voyageurs qui choisissent de s\u00e9journer dans des condos \u00e0 Mont-Tremblant ont l\u2019embarras du choix. Les locations de condos de Tremblant sont situ\u00e9es partout dans\u00a0 Mont Tremblant et peuvent consister en de simples\u00a0 studios pour deux personnes jusqu\u2019\u00e0\u00a0 des condos\u00a0 \u201c ski-in ski-out\u00a0 \u201c pouvant accueillir jusqu\u2019\u00e0 12 personnes. Les prix des condos de vacances varient en fonction de la taille, de l\u2019emplacement et des \u00e9quipements et\u00a0 le prix varie entre 59 $ \u00e0 1199 $ par nuit.<\/span><\/p>\n<p><span style=\"font-weight: 400;\">Ci-dessous, nous avons list\u00e9 pour vous\u00a0 les coordonn\u00e9es et les options de r\u00e9servation pour certains des condos de vacances les plus populaires de Tremblant.<\/span><\/div><\/div>[\/vc_column][vc_column width=\u00a0\u00bb1\/3&Prime;]<style type=\"text\/css\" data-type=\"the7_shortcodes-inline-css\">.shortcode-single-image-wrap.shortcode-single-image-efcaa0d5e2a121f5215427c959d95573.enable-bg-rollover .rollover i,\n.shortcode-single-image-wrap.shortcode-single-image-efcaa0d5e2a121f5215427c959d95573.enable-bg-rollover .rollover-video i {\n  background: -webkit-linear-gradient();\n  background: linear-gradient();\n}\n.shortcode-single-image-wrap.shortcode-single-image-efcaa0d5e2a121f5215427c959d95573 .rollover-icon {\n  font-size: 32px;\n  color: #ffffff;\n  min-width: 44px;\n  min-height: 44px;\n  line-height: 44px;\n  border-radius: 100px;\n  border-style: solid;\n  border-width: 0px;\n}\n.dt-icon-bg-on.shortcode-single-image-wrap.shortcode-single-image-efcaa0d5e2a121f5215427c959d95573 .rollover-icon {\n  background: rgba(255,255,255,0.3);\n  box-shadow: none;\n}\n<\/style><div class=\"shortcode-single-image-wrap shortcode-single-image-efcaa0d5e2a121f5215427c959d95573 alignnone  enable-bg-rollover dt-icon-bg-off\" style=\"margin-top:0px; margin-bottom:0px; margin-left:0px; margin-right:0px; width:600px;\"><div class=\"shortcode-single-image\"><div class=\"fancy-media-wrap  layzr-bg\" style=\"\"><img loading=\"lazy\" decoding=\"async\" class=\"preload-me lazy-load\" src=\"data:image\/svg+xml,%3Csvg%20xmlns%3D&#39;http%3A%2F%2Fwww.w3.org%2F2000%2Fsvg&#39;%20viewBox%3D&#39;0%200%20600%20400&#39;%2F%3E\" data-src=\"https:\/\/officialmonttremblant.com\/wp-content\/uploads\/2022\/05\/Condos-600x400.jpg\" data-srcset=\"https:\/\/officialmonttremblant.com\/wp-content\/uploads\/2022\/05\/Condos-600x400.jpg 600w, https:\/\/officialmonttremblant.com\/wp-content\/uploads\/2022\/05\/Condos-1200x800.jpg 1200w\" width=\"600\" height=\"400\"  data-dt-location=\"https:\/\/officialmonttremblant.com\/fr\/where-to-stay\/condos-2\/\" style=\"\" alt=\"\" \/><\/div><\/div><\/div>[\/vc_column][\/vc_row][vc_row][vc_column]<div class=\"lsd-list-view-wrapper  lsd-style-style1 lsd-font-m\" id=\"lsd_skin16073\" data-next-page=\"2\">\r\n\r\n    \r\n    \r\n    \r\n    \r\n    <div class=\"lsd-list-view-listings-wrapper lsd-viewstyle-list\">\r\n        <div class=\"lsd-listing-wrapper\">\r\n            \r\n            <div class=\"lsd-row\">\r\n        <div class=\"lsd-col-12\">\r\n        <div class=\"lsd-listing\" itemscope itemtype=\"https:\/\/schema.org\/LocalBusiness\">\r\n\r\n                        <div class=\"lsd-listing-image lsd-has-image\">\r\n\t\t\t\t<a class=\"lsd-cover-img-wrapper lsd-has-image\" href=\"https:\/\/officialmonttremblant.com\/fr\/listings\/le-chic-shack-condos-mont-tremblant\/\" itemprop=\"url\" itemscope itemtype=\"http:\/\/schema.org\/ImageObject\">\r\n    <img data-recalc-dims=\"1\" loading=\"lazy\" decoding=\"async\" width=\"390\" height=\"260\" src=\"https:\/\/i0.wp.com\/officialmonttremblant.com\/wp-content\/uploads\/2022\/08\/847449f0.jpg?resize=390%2C260&#038;ssl=1\" class=\"attachment-390x260 size-390x260 wp-post-image\" alt=\"Le Chick Shake Condo Tremblant\" itemprop=\"&quot;contentUrl&quot;\" \/><\/a>\r\n            <\/div>\r\n            \r\n            <div class=\"lsd-listing-body\">\r\n\t\t\t\t\t\t\t\t\r\n\t\t\t\t\t\t\t\t\r\n\t\t\t\t\t\t\t\r\n                <h3 class=\"lsd-listing-title\" itemprop=\"name\">\r\n                    <a href=\"https:\/\/officialmonttremblant.com\/fr\/listings\/le-chic-shack-condos-mont-tremblant\/\" itemprop=\"url\">Le Chic-Shack Condos <strong>Mont-Tremblant<\/strong><\/a>                <\/h3>\r\n\r\n                \t\t\t\t\r\n\t\t\t\t<div class=\"lsd-listing-contact-info\">\r\n                                    <\/div>\r\n\t\t\t\t\r\n                <div class=\"lsd-listing-bottom-bar\">\r\n\t\t\t\t\t\t\t\t\t\r\n\t\t\t\t\t<div class=\"lsd-listing-price\" itemprop=\"priceRange\">\r\n\t\t\t\t\t\t    <span class=\"lsd-min-price\">$131<\/span>\r\n\r\n\r\n    <span class=\"lsd-text-price-separator\"> \/<\/span><span class=\"lsd-text-price\">Par nuit<\/span>\r\n\t\t\t\t\t<\/div>\r\n                <\/div>\r\n            <\/div>\r\n        <\/div>\r\n    <\/div>\r\n\r\n            <\/div>\r\n    \r\n    \r\n            <div class=\"lsd-row\">\r\n        <div class=\"lsd-col-12\">\r\n        <div class=\"lsd-listing\" itemscope itemtype=\"https:\/\/schema.org\/LocalBusiness\">\r\n\r\n                        <div class=\"lsd-listing-image lsd-has-image\">\r\n\t\t\t\t<a class=\"lsd-cover-img-wrapper lsd-has-image\" href=\"https:\/\/officialmonttremblant.com\/fr\/listings\/le-boise-condo-mont-tremblant\/\" itemprop=\"url\" itemscope itemtype=\"http:\/\/schema.org\/ImageObject\">\r\n    <img data-recalc-dims=\"1\" loading=\"lazy\" decoding=\"async\" width=\"390\" height=\"260\" src=\"https:\/\/i0.wp.com\/officialmonttremblant.com\/wp-content\/uploads\/2022\/08\/374231628.jpg?resize=390%2C260&#038;ssl=1\" class=\"attachment-390x260 size-390x260 wp-post-image\" alt=\"Le Bois\u00e9 Mont-Tremblant\" itemprop=\"&quot;contentUrl&quot;\" \/><\/a>\r\n            <\/div>\r\n            \r\n            <div class=\"lsd-listing-body\">\r\n\t\t\t\t\t\t\t\t\r\n\t\t\t\t\t\t\t\t\r\n\t\t\t\t\t\t\t\r\n                <h3 class=\"lsd-listing-title\" itemprop=\"name\">\r\n                    <a href=\"https:\/\/officialmonttremblant.com\/fr\/listings\/le-boise-condo-mont-tremblant\/\" itemprop=\"url\">Le Bois\u00e9 Condo <strong>Mont-Tremblant<\/strong><\/a>                <\/h3>\r\n\r\n                \t\t\t\t\r\n\t\t\t\t<div class=\"lsd-listing-contact-info\">\r\n                                    <\/div>\r\n\t\t\t\t\r\n                <div class=\"lsd-listing-bottom-bar\">\r\n\t\t\t\t\t\t\t\t\t\r\n\t\t\t\t\t<div class=\"lsd-listing-price\" itemprop=\"priceRange\">\r\n\t\t\t\t\t\t    <span class=\"lsd-min-price\">$395<\/span>\r\n\r\n\r\n    <span class=\"lsd-text-price-separator\"> \/<\/span><span class=\"lsd-text-price\">Par nuit<\/span>\r\n\t\t\t\t\t<\/div>\r\n                <\/div>\r\n            <\/div>\r\n        <\/div>\r\n    <\/div>\r\n\r\n            <\/div>\r\n    \r\n    \r\n            <div class=\"lsd-row\">\r\n        <div class=\"lsd-col-12\">\r\n        <div class=\"lsd-listing\" itemscope itemtype=\"https:\/\/schema.org\/LocalBusiness\">\r\n\r\n                        <div class=\"lsd-listing-image lsd-has-image\">\r\n\t\t\t\t<a class=\"lsd-cover-img-wrapper lsd-has-image\" href=\"https:\/\/officialmonttremblant.com\/fr\/listings\/le-villageois-condo-mont-tremblant\/\" itemprop=\"url\" itemscope itemtype=\"http:\/\/schema.org\/ImageObject\">\r\n    <img data-recalc-dims=\"1\" loading=\"lazy\" decoding=\"async\" width=\"390\" height=\"260\" src=\"https:\/\/i0.wp.com\/officialmonttremblant.com\/wp-content\/uploads\/2022\/08\/88145538.jpg?resize=390%2C260&#038;ssl=1\" class=\"attachment-390x260 size-390x260 wp-post-image\" alt=\"Le Villageois Condo Mont-Tremblant\" itemprop=\"&quot;contentUrl&quot;\" \/><\/a>\r\n            <\/div>\r\n            \r\n            <div class=\"lsd-listing-body\">\r\n\t\t\t\t\t\t\t\t\r\n\t\t\t\t\t\t\t\t\r\n\t\t\t\t\t\t\t\r\n                <h3 class=\"lsd-listing-title\" itemprop=\"name\">\r\n                    <a href=\"https:\/\/officialmonttremblant.com\/fr\/listings\/le-villageois-condo-mont-tremblant\/\" itemprop=\"url\">Le Villageois Condo <strong>Mont-Tremblant<\/strong><\/a>                <\/h3>\r\n\r\n                \t\t\t\t\r\n\t\t\t\t<div class=\"lsd-listing-contact-info\">\r\n                    <div class=\"lsd-contact-info\">\r\n    <ul>\r\n\r\n                <li>\r\n\t\t\t<strong><i class=\"lsd-icon fas fa-phone-alt\"><\/i><\/strong>\r\n\t\t\t<span itemprop=\"telephone\">\r\n\t\t\t\t<a href=\"tel:+1 (514) 754-1988\">+1 (514) 754-1988<\/a>\r\n\t\t\t<\/span>\r\n\t\t<\/li>\r\n        \r\n                <li>\r\n\t\t\t<strong><i class=\"lsd-icon fa fa-envelope\"><\/i><\/strong>\r\n\t\t\t<span itemprop=\"email\">\r\n\t\t\t\t<a href=\"mailto:info@kasania.com\">info@kasania.com<\/a>\r\n\t\t\t<\/span>\r\n\t\t<\/li>\r\n        \r\n                <li>\r\n            <strong><i class=\"lsd-icon fas fa-link\"><\/i><\/strong>\r\n            <span>\r\n                <a href=\"https:\/\/levillageoiskasania.ciblelocale.ca\">https:\/\/levillageoiskasania.ciblelocale.ca<\/a>\r\n            <\/span>\r\n        <\/li>\r\n        \r\n        \r\n    <\/ul>\r\n\r\n    <\/div>                <\/div>\r\n\t\t\t\t\r\n                <div class=\"lsd-listing-bottom-bar\">\r\n\t\t\t\t\t\t\t\t\t\r\n\t\t\t\t\t<div class=\"lsd-listing-price\" itemprop=\"priceRange\">\r\n\t\t\t\t\t\t    <span class=\"lsd-min-price\">$133<\/span>\r\n\r\n\r\n    <span class=\"lsd-text-price-separator\"> \/<\/span><span class=\"lsd-text-price\">Par nuit<\/span>\r\n\t\t\t\t\t<\/div>\r\n                <\/div>\r\n            <\/div>\r\n        <\/div>\r\n    <\/div>\r\n\r\n            <\/div>\r\n    \r\n    \r\n            <div class=\"lsd-row\">\r\n        <div class=\"lsd-col-12\">\r\n        <div class=\"lsd-listing\" itemscope itemtype=\"https:\/\/schema.org\/LocalBusiness\">\r\n\r\n                        <div class=\"lsd-listing-image lsd-has-image\">\r\n\t\t\t\t<a class=\"lsd-cover-img-wrapper lsd-has-image\" href=\"https:\/\/officialmonttremblant.com\/fr\/listings\/le-rustique-condo-mont-tremblant\/\" itemprop=\"url\" itemscope itemtype=\"http:\/\/schema.org\/ImageObject\">\r\n    <img data-recalc-dims=\"1\" loading=\"lazy\" decoding=\"async\" width=\"390\" height=\"260\" src=\"https:\/\/i0.wp.com\/officialmonttremblant.com\/wp-content\/uploads\/2022\/08\/KarineGeoffrion-37.jpg?resize=390%2C260&#038;ssl=1\" class=\"attachment-390x260 size-390x260 wp-post-image\" alt=\"Le Rustique Condo Mont-Tremblant\" itemprop=\"&quot;contentUrl&quot;\" \/><\/a>\r\n            <\/div>\r\n            \r\n            <div class=\"lsd-listing-body\">\r\n\t\t\t\t\t\t\t\t\r\n\t\t\t\t\t\t\t\t\r\n\t\t\t\t\t\t\t\r\n                <h3 class=\"lsd-listing-title\" itemprop=\"name\">\r\n                    <a href=\"https:\/\/officialmonttremblant.com\/fr\/listings\/le-rustique-condo-mont-tremblant\/\" itemprop=\"url\">Le Rustique Condo <strong>Mont-Tremblant<\/strong><\/a>                <\/h3>\r\n\r\n                \t\t\t\t\r\n\t\t\t\t<div class=\"lsd-listing-contact-info\">\r\n                    <div class=\"lsd-contact-info\">\r\n    <ul>\r\n\r\n                <li>\r\n\t\t\t<strong><i class=\"lsd-icon fas fa-phone-alt\"><\/i><\/strong>\r\n\t\t\t<span itemprop=\"telephone\">\r\n\t\t\t\t<a href=\"tel:+1 (877) 287-0036\">+1 (877) 287-0036<\/a>\r\n\t\t\t<\/span>\r\n\t\t<\/li>\r\n        \r\n                <li>\r\n\t\t\t<strong><i class=\"lsd-icon fa fa-envelope\"><\/i><\/strong>\r\n\t\t\t<span itemprop=\"email\">\r\n\t\t\t\t<a href=\"mailto:info@kasania.com\">info@kasania.com<\/a>\r\n\t\t\t<\/span>\r\n\t\t<\/li>\r\n        \r\n                <li>\r\n            <strong><i class=\"lsd-icon fas fa-link\"><\/i><\/strong>\r\n            <span>\r\n                <a href=\"https:\/\/condosmonttremblant.ca\/listings\/lerustique\/\">https:\/\/condosmonttremblant.ca\/listings\/lerustique\/<\/a>\r\n            <\/span>\r\n        <\/li>\r\n        \r\n        \r\n    <\/ul>\r\n\r\n    <\/div>                <\/div>\r\n\t\t\t\t\r\n                <div class=\"lsd-listing-bottom-bar\">\r\n\t\t\t\t\t\t\t\t\t\r\n\t\t\t\t\t<div class=\"lsd-listing-price\" itemprop=\"priceRange\">\r\n\t\t\t\t\t\t    <span class=\"lsd-min-price\">$134<\/span>\r\n\r\n\r\n    <span class=\"lsd-text-price-separator\"> \/<\/span><span class=\"lsd-text-price\">Par nuit<\/span>\r\n\t\t\t\t\t<\/div>\r\n                <\/div>\r\n            <\/div>\r\n        <\/div>\r\n    <\/div>\r\n\r\n            <\/div>\r\n    \r\n            <\/div>\r\n    <\/div>\r\n\r\n    \r\n    <\/div>[\/vc_column][\/vc_row]<\/p>\n","protected":false},"excerpt":{"rendered":"<p>[vc_row equal_height=\u00a0\u00bbyes\u00a0\u00bb content_placement=\u00a0\u00bbmiddle\u00a0\u00bb css=\u00a0\u00bb.vc_custom_1652473523430{padding-bottom: 50px !important;}\u00a0\u00bb][vc_column width=\u00a0\u00bb2\/3&Prime;][\/vc_column][vc_column width=\u00a0\u00bb1\/3&Prime;][\/vc_column][\/vc_row][vc_row][vc_column][\/vc_column][\/vc_row]<\/p>\n","protected":false},"author":1,"featured_media":0,"parent":21138,"menu_order":0,"comment_status":"closed","ping_status":"closed","template":"","meta":{"footnotes":""},"class_list":["post-17487","page","type-page","status-publish","hentry","description-off"],"yoast_head":"<!-- This site is optimized with the Yoast SEO Premium plugin v26.5 (Yoast SEO v26.5) - https:\/\/yoast.com\/wordpress\/plugins\/seo\/ -->\n<title>Condos \u00e0 Mont-Tremblant - Official Mont Tremblant<\/title>\n<meta name=\"description\" content=\"Official Mont Tremblant propose une liste de locations de condos. Situ\u00e9 partout \u00e0 Mont Tremblant. Studios pour deux personnes ou skis aux pieds.\" \/>\n<meta name=\"robots\" content=\"index, follow, max-snippet:-1, max-image-preview:large, max-video-preview:-1\" \/>\n<link rel=\"canonical\" href=\"https:\/\/officialmonttremblant.com\/fr\/ou-sejourner\/locations-de-vacances\/condos\/\" \/>\n<meta property=\"og:locale\" content=\"fr_FR\" \/>\n<meta property=\"og:type\" content=\"article\" \/>\n<meta property=\"og:title\" content=\"Condos \u00e0 Mont-Tremblant\" \/>\n<meta property=\"og:description\" content=\"Official Mont Tremblant propose une liste de locations de condos. Situ\u00e9 partout \u00e0 Mont Tremblant. Studios pour deux personnes ou skis aux pieds.\" \/>\n<meta property=\"og:url\" content=\"https:\/\/officialmonttremblant.com\/fr\/ou-sejourner\/locations-de-vacances\/condos\/\" \/>\n<meta property=\"og:site_name\" content=\"Official Mont Tremblant\" \/>\n<meta property=\"article:modified_time\" content=\"2025-07-29T18:20:08+00:00\" \/>\n<meta name=\"twitter:card\" content=\"summary_large_image\" \/>\n<meta name=\"twitter:label1\" content=\"Dur\u00e9e de lecture estim\u00e9e\" \/>\n\t<meta name=\"twitter:data1\" content=\"1 minute\" \/>\n<script type=\"application\/ld+json\" class=\"yoast-schema-graph\">{\"@context\":\"https:\/\/schema.org\",\"@graph\":[{\"@type\":\"WebPage\",\"@id\":\"https:\/\/officialmonttremblant.com\/fr\/ou-sejourner\/locations-de-vacances\/condos\/\",\"url\":\"https:\/\/officialmonttremblant.com\/fr\/ou-sejourner\/locations-de-vacances\/condos\/\",\"name\":\"Condos \u00e0 Mont-Tremblant - Official Mont Tremblant\",\"isPartOf\":{\"@id\":\"https:\/\/officialmonttremblant.com\/fr\/#website\"},\"datePublished\":\"2022-07-15T14:18:38+00:00\",\"dateModified\":\"2025-07-29T18:20:08+00:00\",\"description\":\"Official Mont Tremblant propose une liste de locations de condos. Situ\u00e9 partout \u00e0 Mont Tremblant. Studios pour deux personnes ou skis aux pieds.\",\"breadcrumb\":{\"@id\":\"https:\/\/officialmonttremblant.com\/fr\/ou-sejourner\/locations-de-vacances\/condos\/#breadcrumb\"},\"inLanguage\":\"fr-FR\",\"potentialAction\":[{\"@type\":\"ReadAction\",\"target\":[\"https:\/\/officialmonttremblant.com\/fr\/ou-sejourner\/locations-de-vacances\/condos\/\"]}]},{\"@type\":\"BreadcrumbList\",\"@id\":\"https:\/\/officialmonttremblant.com\/fr\/ou-sejourner\/locations-de-vacances\/condos\/#breadcrumb\",\"itemListElement\":[{\"@type\":\"ListItem\",\"position\":1,\"name\":\"Home\",\"item\":\"https:\/\/officialmonttremblant.com\/fr\/\"},{\"@type\":\"ListItem\",\"position\":2,\"name\":\"O\u00f9 dormir \u00e0 Mont-Tremblant\",\"item\":\"https:\/\/officialmonttremblant.com\/fr\/ou-sejourner\/\"},{\"@type\":\"ListItem\",\"position\":3,\"name\":\"Locations de vacances\",\"item\":\"https:\/\/officialmonttremblant.com\/fr\/ou-sejourner\/locations-de-vacances\/\"},{\"@type\":\"ListItem\",\"position\":4,\"name\":\"Condos \u00e0 Mont-Tremblant\"}]},{\"@type\":\"WebSite\",\"@id\":\"https:\/\/officialmonttremblant.com\/fr\/#website\",\"url\":\"https:\/\/officialmonttremblant.com\/fr\/\",\"name\":\"Official Mont Tremblant\",\"description\":\"Vacation &amp; tourist guide in Mont Tremblant\",\"potentialAction\":[{\"@type\":\"SearchAction\",\"target\":{\"@type\":\"EntryPoint\",\"urlTemplate\":\"https:\/\/officialmonttremblant.com\/fr\/?s={search_term_string}\"},\"query-input\":{\"@type\":\"PropertyValueSpecification\",\"valueRequired\":true,\"valueName\":\"search_term_string\"}}],\"inLanguage\":\"fr-FR\"}]}<\/script>\n<!-- \/ Yoast SEO Premium plugin. -->","yoast_head_json":{"title":"Condos \u00e0 Mont-Tremblant - Official Mont Tremblant","description":"Official Mont Tremblant propose une liste de locations de condos. Situ\u00e9 partout \u00e0 Mont Tremblant. Studios pour deux personnes ou skis aux pieds.","robots":{"index":"index","follow":"follow","max-snippet":"max-snippet:-1","max-image-preview":"max-image-preview:large","max-video-preview":"max-video-preview:-1"},"canonical":"https:\/\/officialmonttremblant.com\/fr\/ou-sejourner\/locations-de-vacances\/condos\/","og_locale":"fr_FR","og_type":"article","og_title":"Condos \u00e0 Mont-Tremblant","og_description":"Official Mont Tremblant propose une liste de locations de condos. Situ\u00e9 partout \u00e0 Mont Tremblant. Studios pour deux personnes ou skis aux pieds.","og_url":"https:\/\/officialmonttremblant.com\/fr\/ou-sejourner\/locations-de-vacances\/condos\/","og_site_name":"Official Mont Tremblant","article_modified_time":"2025-07-29T18:20:08+00:00","twitter_card":"summary_large_image","twitter_misc":{"Dur\u00e9e de lecture estim\u00e9e":"1 minute"},"schema":{"@context":"https:\/\/schema.org","@graph":[{"@type":"WebPage","@id":"https:\/\/officialmonttremblant.com\/fr\/ou-sejourner\/locations-de-vacances\/condos\/","url":"https:\/\/officialmonttremblant.com\/fr\/ou-sejourner\/locations-de-vacances\/condos\/","name":"Condos \u00e0 Mont-Tremblant - Official Mont Tremblant","isPartOf":{"@id":"https:\/\/officialmonttremblant.com\/fr\/#website"},"datePublished":"2022-07-15T14:18:38+00:00","dateModified":"2025-07-29T18:20:08+00:00","description":"Official Mont Tremblant propose une liste de locations de condos. Situ\u00e9 partout \u00e0 Mont Tremblant. Studios pour deux personnes ou skis aux pieds.","breadcrumb":{"@id":"https:\/\/officialmonttremblant.com\/fr\/ou-sejourner\/locations-de-vacances\/condos\/#breadcrumb"},"inLanguage":"fr-FR","potentialAction":[{"@type":"ReadAction","target":["https:\/\/officialmonttremblant.com\/fr\/ou-sejourner\/locations-de-vacances\/condos\/"]}]},{"@type":"BreadcrumbList","@id":"https:\/\/officialmonttremblant.com\/fr\/ou-sejourner\/locations-de-vacances\/condos\/#breadcrumb","itemListElement":[{"@type":"ListItem","position":1,"name":"Home","item":"https:\/\/officialmonttremblant.com\/fr\/"},{"@type":"ListItem","position":2,"name":"O\u00f9 dormir \u00e0 Mont-Tremblant","item":"https:\/\/officialmonttremblant.com\/fr\/ou-sejourner\/"},{"@type":"ListItem","position":3,"name":"Locations de vacances","item":"https:\/\/officialmonttremblant.com\/fr\/ou-sejourner\/locations-de-vacances\/"},{"@type":"ListItem","position":4,"name":"Condos \u00e0 Mont-Tremblant"}]},{"@type":"WebSite","@id":"https:\/\/officialmonttremblant.com\/fr\/#website","url":"https:\/\/officialmonttremblant.com\/fr\/","name":"Official Mont Tremblant","description":"Vacation &amp; tourist guide in Mont Tremblant","potentialAction":[{"@type":"SearchAction","target":{"@type":"EntryPoint","urlTemplate":"https:\/\/officialmonttremblant.com\/fr\/?s={search_term_string}"},"query-input":{"@type":"PropertyValueSpecification","valueRequired":true,"valueName":"search_term_string"}}],"inLanguage":"fr-FR"}]}},"jetpack_sharing_enabled":true,"_links":{"self":[{"href":"https:\/\/officialmonttremblant.com\/fr\/wp-json\/wp\/v2\/pages\/17487","targetHints":{"allow":["GET"]}}],"collection":[{"href":"https:\/\/officialmonttremblant.com\/fr\/wp-json\/wp\/v2\/pages"}],"about":[{"href":"https:\/\/officialmonttremblant.com\/fr\/wp-json\/wp\/v2\/types\/page"}],"author":[{"embeddable":true,"href":"https:\/\/officialmonttremblant.com\/fr\/wp-json\/wp\/v2\/users\/1"}],"replies":[{"embeddable":true,"href":"https:\/\/officialmonttremblant.com\/fr\/wp-json\/wp\/v2\/comments?post=17487"}],"version-history":[{"count":4,"href":"https:\/\/officialmonttremblant.com\/fr\/wp-json\/wp\/v2\/pages\/17487\/revisions"}],"predecessor-version":[{"id":26308,"href":"https:\/\/officialmonttremblant.com\/fr\/wp-json\/wp\/v2\/pages\/17487\/revisions\/26308"}],"up":[{"embeddable":true,"href":"https:\/\/officialmonttremblant.com\/fr\/wp-json\/wp\/v2\/pages\/21138"}],"wp:attachment":[{"href":"https:\/\/officialmonttremblant.com\/fr\/wp-json\/wp\/v2\/media?parent=17487"}],"curies":[{"name":"wp","href":"https:\/\/api.w.org\/{rel}","templated":true}]}}