{"id":21144,"date":"2022-07-18T16:22:52","date_gmt":"2022-07-18T20:22:52","guid":{"rendered":"https:\/\/officialmonttremblant.com\/activities\/indoor-actvities\/"},"modified":"2025-07-29T11:23:34","modified_gmt":"2025-07-29T15:23:34","slug":"activites-d-interieur","status":"publish","type":"page","link":"https:\/\/officialmonttremblant.com\/fr\/activites\/activites-d-interieur\/","title":{"rendered":"Activit\u00e9s d&rsquo;int\u00e9rieur"},"content":{"rendered":"<p>[vc_row content_placement=\u00a0\u00bbmiddle\u00a0\u00bb css=\u00a0\u00bb.vc_custom_1652361660051{padding-top: 20px !important;padding-bottom: 60px !important;}\u00a0\u00bb][vc_column width=\u00a0\u00bb2\/3&Prime;]<div id=\"ultimate-heading-333069d3ed2547bae\" class=\"uvc-heading ult-adjust-bottom-margin ultimate-heading-333069d3ed2547bae uvc-929  uvc-heading-default-font-sizes\" data-hspacer=\"line_only\"  data-halign=\"left\" style=\"text-align:left\"><div class=\"uvc-main-heading ult-responsive\"  data-ultimate-target='.uvc-heading.ultimate-heading-333069d3ed2547bae h2'  data-responsive-json-new='{\"font-size\":\"\",\"line-height\":\"\"}' ><h2 style=\"--font-weight:theme;margin-bottom:10px;\">Activit\u00e9s d'int\u00e9rieur \u00e0 Mont-Tremblant<\/h2><\/div><div class=\"uvc-heading-spacer line_only\" style=\"margin-bottom:15px;height:2px;\"><span class=\"uvc-headings-line\" style=\"border-style:solid;border-bottom-width:2px;border-color:#1e8449;width:70px;\"><\/span><\/div><div class=\"uvc-sub-heading ult-responsive\"  data-ultimate-target='.uvc-heading.ultimate-heading-333069d3ed2547bae .uvc-sub-heading '  data-responsive-json-new='{\"font-size\":\"\",\"line-height\":\"\"}'  style=\"font-weight:normal;margin-bottom:15px;\"><\/p>\n<p style=\"text-align: left;\">Official Mont-Tremblant vous offre plus d&rsquo;informations sur les activit\u00e9s \u00e0 Mont-Tremblant dont les activit\u00e9s d&rsquo;int\u00e9rieur \u00e0 Mont-Tremblant.<\/p>\n<p style=\"text-align: left;\">Il arrive parfois qu&rsquo;il fasse trop froid pour skier ou que la pluie nous emp\u00eache de faire notre randonn\u00e9e pr\u00e9f\u00e9r\u00e9e, et c&rsquo;est alors que nous nous tournons vers les activit\u00e9s int\u00e9rieures ! \u00a0Alors faites une pause sur les pistes et profitez de tout ce que le Mont Tremblant a \u00e0 offrir. Pour nous, c&rsquo;est l&rsquo;excuse parfaite pour se d\u00e9tendre et rester \u00e0 l&rsquo;int\u00e9rieur pour une fois !<\/p>\n<p style=\"text-align: left;\">D\u00e9couvrez une vari\u00e9t\u00e9 d&rsquo;activit\u00e9s d&rsquo;int\u00e9rieur ci-dessous, du laser \u00e0 l&rsquo;escape game \u00e0 la visite de studios d&rsquo;artistes. Il y en a pour tous les go\u00fbts et tous les \u00e2ges \u00e0 Mont-Tremblant. Peu importe ce que vous choisissez de faire pendant vos vacances, vous \u00eates s\u00fbr de trouver un large \u00e9ventail d&rsquo;activit\u00e9s d&rsquo;int\u00e9rieures \u00e0 Mont-Tremblant. Assurez-vous de planifier \u00e0 l&rsquo;avance ces attractions populaires.\u00a0Official Mont Tremblant a s\u00e9lectionn\u00e9 pour vous les meilleures activit\u00e9s d&rsquo;int\u00e9rieur \u00e0 Mont-Tremblant.<\/p>\n<p><\/div><\/div>[\/vc_column][vc_column width=\u00a0\u00bb1\/3&Prime;]<style type=\"text\/css\" data-type=\"the7_shortcodes-inline-css\">.shortcode-single-image-wrap.shortcode-single-image-04b5c619ec76e5afe8f5b3cd4c3dfe1f.enable-bg-rollover .rollover i,\n.shortcode-single-image-wrap.shortcode-single-image-04b5c619ec76e5afe8f5b3cd4c3dfe1f.enable-bg-rollover .rollover-video i {\n  background: -webkit-linear-gradient();\n  background: linear-gradient();\n}\n.shortcode-single-image-wrap.shortcode-single-image-04b5c619ec76e5afe8f5b3cd4c3dfe1f .rollover-icon {\n  font-size: 32px;\n  color: #ffffff;\n  min-width: 44px;\n  min-height: 44px;\n  line-height: 44px;\n  border-radius: 100px;\n  border-style: solid;\n  border-width: 0px;\n}\n.dt-icon-bg-on.shortcode-single-image-wrap.shortcode-single-image-04b5c619ec76e5afe8f5b3cd4c3dfe1f .rollover-icon {\n  background: rgba(255,255,255,0.3);\n  box-shadow: none;\n}\n<\/style><div class=\"shortcode-single-image-wrap shortcode-single-image-04b5c619ec76e5afe8f5b3cd4c3dfe1f alignnone  enable-bg-rollover dt-icon-bg-off\" style=\"margin-top:0px; margin-bottom:0px; margin-left:0px; margin-right:0px; width:500px;\"><div class=\"shortcode-single-image\"><div class=\"fancy-media-wrap  layzr-bg\" style=\"\"><img loading=\"lazy\" decoding=\"async\" class=\"preload-me lazy-load\" src=\"data:image\/svg+xml,%3Csvg%20xmlns%3D&#39;http%3A%2F%2Fwww.w3.org%2F2000%2Fsvg&#39;%20viewBox%3D&#39;0%200%20500%20281&#39;%2F%3E\" data-src=\"https:\/\/officialmonttremblant.com\/wp-content\/uploads\/2022\/07\/indoor-activities-2-500x281.jpg\" data-srcset=\"https:\/\/officialmonttremblant.com\/wp-content\/uploads\/2022\/07\/indoor-activities-2-500x281.jpg 500w, https:\/\/officialmonttremblant.com\/wp-content\/uploads\/2022\/07\/indoor-activities-2-1000x562.jpg 1000w\" width=\"500\" height=\"281\"  data-dt-location=\"https:\/\/officialmonttremblant.com\/fr\/activities\/indoor-actvities\/indoor-activities-2\/\" style=\"\" alt=\"\" \/><\/div><\/div><\/div>[\/vc_column][\/vc_row][vc_row full_width=\u00a0\u00bbstretch_row\u00a0\u00bb bg_type=\u00a0\u00bbbg_color\u00a0\u00bb bg_override=\u00a0\u00bbex-full\u00a0\u00bb css=\u00a0\u00bb.vc_custom_1652361701036{padding-top: 40px !important;padding-bottom: 20px !important;}\u00a0\u00bb bg_color_value=\u00a0\u00bb#f8f8f8&Prime;][vc_column]<div id=\"ultimate-heading-10269d3ed2549028\" class=\"uvc-heading ult-adjust-bottom-margin ultimate-heading-10269d3ed2549028 uvc-610  uvc-heading-default-font-sizes\" data-hspacer=\"line_only\"  data-halign=\"left\" style=\"text-align:left\"><div class=\"uvc-main-heading ult-responsive\"  data-ultimate-target='.uvc-heading.ultimate-heading-10269d3ed2549028 h2'  data-responsive-json-new='{\"font-size\":\"\",\"line-height\":\"\"}' ><h2 style=\"--font-weight:theme;margin-bottom:10px;\">ACTIVITES D'INTERIEUR<\/h2><\/div><div class=\"uvc-heading-spacer line_only\" style=\"margin-bottom:15px;height:2px;\"><span class=\"uvc-headings-line\" style=\"border-style:solid;border-bottom-width:2px;border-color:#1e8449;width:70px;\"><\/span><\/div><\/div>[\/vc_column][\/vc_row][vc_row gap=\u00a0\u00bb1&Prime; bg_type=\u00a0\u00bbbg_color\u00a0\u00bb bg_override=\u00a0\u00bbex-full\u00a0\u00bb css=\u00a0\u00bb.vc_custom_1652442016480{padding-bottom: 60px !important;}\u00a0\u00bb bg_color_value=\u00a0\u00bb#f8f8f8&Prime;][vc_column width=\u00a0\u00bb1\/2&Prime; css=\u00a0\u00bb.vc_custom_1652311337326{margin-top: 0px !important;margin-right: 0px !important;margin-bottom: 0px !important;margin-left: 0px !important;padding-top: 0px !important;padding-right: 0px !important;padding-bottom: 0px !important;padding-left: 0px !important;}\u00a0\u00bb]<div class=\"ult-new-ib ult-ib-effect-style14  ult-ib-resp   vc_custom_1667842948543\" data-min-width=\"768\" data-max-width=\"900\" style=\"background:rgba(0,0,0,0.85);\" data-opacity=\"0.7\" data-hover-opacity=\"1\" ><img data-recalc-dims=\"1\" decoding=\"async\" class=\"ult-new-ib-img\" style=\"opacity:0.7;\" alt=\"null\" src=\"https:\/\/i0.wp.com\/officialmonttremblant.com\/wp-content\/uploads\/2022\/07\/Aquatic-Center.jpg?w=1200&#038;ssl=1\"   \/><div id=\"interactive-banner-wrap-3912\" class=\"ult-new-ib-desc\" style=\"\"><h2 class=\"ult-new-ib-title ult-responsive\"  data-ultimate-target='#interactive-banner-wrap-3912 .ult-new-ib-title'  data-responsive-json-new='{\"font-size\":\"desktop:26px;\",\"line-height\":\"\"}'  style=\"font-family:&#039;Quicksand&#039;;font-weight:700;\">Centre aquatique<\/h2><\/div><a class=\"ult-new-ib-link\" href=\"https:\/\/officialmonttremblant.com\/fr\/activites\/activites-d-interieur\/centre-aquatique\/\" title=\"Centre aquatique \u00e0 Mont-Tremblant\" target=\"_blank\" rel=\"noopener\"  ><\/a><\/div><div class=\"ult-new-ib ult-ib-effect-style14  ult-ib-resp   vc_custom_1667843234915\" data-min-width=\"768\" data-max-width=\"900\" style=\"background:rgba(0,0,0,0.85);\" data-opacity=\"0.7\" data-hover-opacity=\"1\" ><img data-recalc-dims=\"1\" decoding=\"async\" class=\"ult-new-ib-img\" style=\"opacity:0.7;\" alt=\"Laser game in Mont-Tremblant\" src=\"https:\/\/i0.wp.com\/officialmonttremblant.com\/wp-content\/uploads\/2022\/07\/Laser-game.jpeg?w=1200&#038;ssl=1\"   \/><div id=\"interactive-banner-wrap-2763\" class=\"ult-new-ib-desc\" style=\"\"><h2 class=\"ult-new-ib-title ult-responsive\"  data-ultimate-target='#interactive-banner-wrap-2763 .ult-new-ib-title'  data-responsive-json-new='{\"font-size\":\"desktop:26px;\",\"line-height\":\"\"}'  style=\"font-family:&#039;Quicksand&#039;;font-weight:700;\">Laser Game<\/h2><\/div><a class=\"ult-new-ib-link\" href=\"https:\/\/officialmonttremblant.com\/fr\/activites\/activites-d-interieur\/laser-game\/\" title=\"Laser Game\" target=\"_blank\" rel=\"noopener\"  ><\/a><\/div>[\/vc_column][vc_column width=\u00a0\u00bb1\/2&Prime; css=\u00a0\u00bb.vc_custom_1652311343828{margin-top: 0px !important;margin-right: 0px !important;margin-bottom: 0px !important;margin-left: 0px !important;padding-top: 0px !important;padding-right: 0px !important;padding-bottom: 0px !important;padding-left: 0px !important;}\u00a0\u00bb]<div class=\"ult-new-ib ult-ib-effect-style14  ult-ib-resp   vc_custom_1667842622706\" data-min-width=\"768\" data-max-width=\"900\" style=\"background:rgba(0,0,0,0.85);\" data-opacity=\"0.7\" data-hover-opacity=\"1\" ><img data-recalc-dims=\"1\" decoding=\"async\" class=\"ult-new-ib-img\" style=\"opacity:0.7;\" alt=\"Escape Game in Mont-Tremblant\" src=\"https:\/\/i0.wp.com\/officialmonttremblant.com\/wp-content\/uploads\/2022\/07\/Escape-Game.jpg?w=1200&#038;ssl=1\"   \/><div id=\"interactive-banner-wrap-9908\" class=\"ult-new-ib-desc\" style=\"\"><h2 class=\"ult-new-ib-title ult-responsive\"  data-ultimate-target='#interactive-banner-wrap-9908 .ult-new-ib-title'  data-responsive-json-new='{\"font-size\":\"desktop:26px;\",\"line-height\":\"\"}'  style=\"font-family:&#039;Quicksand&#039;;font-weight:700;\">Escape Game<\/h2><\/div><a class=\"ult-new-ib-link\" href=\"https:\/\/officialmonttremblant.com\/fr\/activites\/activites-d-interieur\/escape-game\/\" title=\"Escape Game \u00e0 Mont-Tremblant\" target=\"_blank\" rel=\"noopener\"  ><\/a><\/div><div class=\"ult-new-ib ult-ib-effect-style14  ult-ib-resp   vc_custom_1667843792446\" data-min-width=\"768\" data-max-width=\"900\" style=\"background:rgba(0,0,0,0.85);\" data-opacity=\"0.7\" data-hover-opacity=\"1\" ><img data-recalc-dims=\"1\" decoding=\"async\" class=\"ult-new-ib-img\" style=\"opacity:0.7;\" alt=\"Art galleries in Mont-Tremblant\" src=\"https:\/\/i0.wp.com\/officialmonttremblant.com\/wp-content\/uploads\/2022\/07\/Artist-studio.jpg?w=1200&#038;ssl=1\"   \/><div id=\"interactive-banner-wrap-8095\" class=\"ult-new-ib-desc\" style=\"\"><h2 class=\"ult-new-ib-title ult-responsive\"  data-ultimate-target='#interactive-banner-wrap-8095 .ult-new-ib-title'  data-responsive-json-new='{\"font-size\":\"desktop:26px;\",\"line-height\":\"\"}'  style=\"font-family:&#039;Quicksand&#039;;font-weight:700;\">Galeries d'art<\/h2><\/div><a class=\"ult-new-ib-link\" href=\"https:\/\/officialmonttremblant.com\/fr\/activites\/activites-d-interieur\/galeries-d-art\/\" title=\"Galeries d&#039;art\" target=\"_blank\" rel=\"noopener\"  ><\/a><\/div>[\/vc_column][\/vc_row]<\/p>\n","protected":false},"excerpt":{"rendered":"<p>[vc_row content_placement=\u00a0\u00bbmiddle\u00a0\u00bb css=\u00a0\u00bb.vc_custom_1652361660051{padding-top: 20px !important;padding-bottom: 60px !important;}\u00a0\u00bb][vc_column width=\u00a0\u00bb2\/3&Prime;][\/vc_column][vc_column width=\u00a0\u00bb1\/3&Prime;][\/vc_column][\/vc_row][vc_row full_width=\u00a0\u00bbstretch_row\u00a0\u00bb bg_type=\u00a0\u00bbbg_color\u00a0\u00bb bg_override=\u00a0\u00bbex-full\u00a0\u00bb css=\u00a0\u00bb.vc_custom_1652361701036{padding-top: 40px !important;padding-bottom: 20px !important;}\u00a0\u00bb bg_color_value=\u00a0\u00bb#f8f8f8&Prime;][vc_column][\/vc_column][\/vc_row][vc_row gap=\u00a0\u00bb1&Prime; bg_type=\u00a0\u00bbbg_color\u00a0\u00bb bg_override=\u00a0\u00bbex-full\u00a0\u00bb css=\u00a0\u00bb.vc_custom_1652442016480{padding-bottom: 60px !important;}\u00a0\u00bb bg_color_value=\u00a0\u00bb#f8f8f8&Prime;][vc_column width=\u00a0\u00bb1\/2&Prime; css=\u00a0\u00bb.vc_custom_1652311337326{margin-top: 0px !important;margin-right: 0px !important;margin-bottom: 0px !important;margin-left: 0px !important;padding-top: 0px !important;padding-right: 0px !important;padding-bottom: 0px !important;padding-left: 0px !important;}\u00a0\u00bb][\/vc_column][vc_column width=\u00a0\u00bb1\/2&Prime; css=\u00a0\u00bb.vc_custom_1652311343828{margin-top: 0px !important;margin-right: 0px !important;margin-bottom: 0px !important;margin-left: 0px !important;padding-top: 0px !important;padding-right:&hellip;<\/p>\n","protected":false},"author":1,"featured_media":16986,"parent":21143,"menu_order":0,"comment_status":"closed","ping_status":"closed","template":"","meta":{"footnotes":""},"class_list":["post-21144","page","type-page","status-publish","has-post-thumbnail","hentry","description-off"],"yoast_head":"<!-- This site is optimized with the Yoast SEO Premium plugin v26.5 (Yoast SEO v26.5) - https:\/\/yoast.com\/wordpress\/plugins\/seo\/ -->\n<title>Activit\u00e9s d&#039;int\u00e9rieur \u00e0 Mont-Trembant, Activit\u00e9s \u00e0 Mont-Tremblant<\/title>\n<meta name=\"description\" content=\"Official Mont-Tremblant vous offre plus d&#039;informations sur les activit\u00e9s \u00e0 Mont-Tremblant dont les activit\u00e9s d&#039;int\u00e9rieur \u00e0 Mont-Tremblant.\" \/>\n<meta name=\"robots\" content=\"index, follow, max-snippet:-1, max-image-preview:large, max-video-preview:-1\" \/>\n<link rel=\"canonical\" href=\"https:\/\/officialmonttremblant.com\/fr\/activites\/activites-d-interieur\/\" \/>\n<meta property=\"og:locale\" content=\"fr_FR\" \/>\n<meta property=\"og:type\" content=\"article\" \/>\n<meta property=\"og:title\" content=\"Activit\u00e9s d&#039;int\u00e9rieur\" \/>\n<meta property=\"og:description\" content=\"Official Mont-Tremblant vous offre plus d&#039;informations sur les activit\u00e9s \u00e0 Mont-Tremblant dont les activit\u00e9s d&#039;int\u00e9rieur \u00e0 Mont-Tremblant.\" \/>\n<meta property=\"og:url\" content=\"https:\/\/officialmonttremblant.com\/fr\/activites\/activites-d-interieur\/\" \/>\n<meta property=\"og:site_name\" content=\"Official Mont Tremblant\" \/>\n<meta property=\"article:modified_time\" content=\"2025-07-29T15:23:34+00:00\" \/>\n<meta property=\"og:image\" content=\"https:\/\/officialmonttremblant.com\/wp-content\/uploads\/2022\/07\/Aquatic-Center.jpg\" \/>\n\t<meta property=\"og:image:width\" content=\"1024\" \/>\n\t<meta property=\"og:image:height\" content=\"683\" \/>\n\t<meta property=\"og:image:type\" content=\"image\/jpeg\" \/>\n<meta name=\"twitter:card\" content=\"summary_large_image\" \/>\n<meta name=\"twitter:label1\" content=\"Dur\u00e9e de lecture estim\u00e9e\" \/>\n\t<meta name=\"twitter:data1\" content=\"2 minutes\" \/>\n<script type=\"application\/ld+json\" class=\"yoast-schema-graph\">{\"@context\":\"https:\/\/schema.org\",\"@graph\":[{\"@type\":\"WebPage\",\"@id\":\"https:\/\/officialmonttremblant.com\/fr\/activites\/activites-d-interieur\/\",\"url\":\"https:\/\/officialmonttremblant.com\/fr\/activites\/activites-d-interieur\/\",\"name\":\"Activit\u00e9s d'int\u00e9rieur \u00e0 Mont-Trembant, Activit\u00e9s \u00e0 Mont-Tremblant\",\"isPartOf\":{\"@id\":\"https:\/\/officialmonttremblant.com\/fr\/#website\"},\"primaryImageOfPage\":{\"@id\":\"https:\/\/officialmonttremblant.com\/fr\/activites\/activites-d-interieur\/#primaryimage\"},\"image\":{\"@id\":\"https:\/\/officialmonttremblant.com\/fr\/activites\/activites-d-interieur\/#primaryimage\"},\"thumbnailUrl\":\"https:\/\/officialmonttremblant.com\/wp-content\/uploads\/2022\/07\/Aquatic-Center.jpg\",\"datePublished\":\"2022-07-18T20:22:52+00:00\",\"dateModified\":\"2025-07-29T15:23:34+00:00\",\"description\":\"Official Mont-Tremblant vous offre plus d'informations sur les activit\u00e9s \u00e0 Mont-Tremblant dont les activit\u00e9s d'int\u00e9rieur \u00e0 Mont-Tremblant.\",\"breadcrumb\":{\"@id\":\"https:\/\/officialmonttremblant.com\/fr\/activites\/activites-d-interieur\/#breadcrumb\"},\"inLanguage\":\"fr-FR\",\"potentialAction\":[{\"@type\":\"ReadAction\",\"target\":[\"https:\/\/officialmonttremblant.com\/fr\/activites\/activites-d-interieur\/\"]}]},{\"@type\":\"ImageObject\",\"inLanguage\":\"fr-FR\",\"@id\":\"https:\/\/officialmonttremblant.com\/fr\/activites\/activites-d-interieur\/#primaryimage\",\"url\":\"https:\/\/officialmonttremblant.com\/wp-content\/uploads\/2022\/07\/Aquatic-Center.jpg\",\"contentUrl\":\"https:\/\/officialmonttremblant.com\/wp-content\/uploads\/2022\/07\/Aquatic-Center.jpg\",\"width\":1024,\"height\":683,\"caption\":\"indoor activities in Mont-Tremblant\"},{\"@type\":\"BreadcrumbList\",\"@id\":\"https:\/\/officialmonttremblant.com\/fr\/activites\/activites-d-interieur\/#breadcrumb\",\"itemListElement\":[{\"@type\":\"ListItem\",\"position\":1,\"name\":\"Home\",\"item\":\"https:\/\/officialmonttremblant.com\/fr\/\"},{\"@type\":\"ListItem\",\"position\":2,\"name\":\"Activit\u00e9s\",\"item\":\"https:\/\/officialmonttremblant.com\/fr\/activites\/\"},{\"@type\":\"ListItem\",\"position\":3,\"name\":\"Activit\u00e9s d&#8217;int\u00e9rieur\"}]},{\"@type\":\"WebSite\",\"@id\":\"https:\/\/officialmonttremblant.com\/fr\/#website\",\"url\":\"https:\/\/officialmonttremblant.com\/fr\/\",\"name\":\"Official Mont Tremblant\",\"description\":\"Vacation &amp; tourist guide in Mont Tremblant\",\"potentialAction\":[{\"@type\":\"SearchAction\",\"target\":{\"@type\":\"EntryPoint\",\"urlTemplate\":\"https:\/\/officialmonttremblant.com\/fr\/?s={search_term_string}\"},\"query-input\":{\"@type\":\"PropertyValueSpecification\",\"valueRequired\":true,\"valueName\":\"search_term_string\"}}],\"inLanguage\":\"fr-FR\"}]}<\/script>\n<!-- \/ Yoast SEO Premium plugin. -->","yoast_head_json":{"title":"Activit\u00e9s d'int\u00e9rieur \u00e0 Mont-Trembant, Activit\u00e9s \u00e0 Mont-Tremblant","description":"Official Mont-Tremblant vous offre plus d'informations sur les activit\u00e9s \u00e0 Mont-Tremblant dont les activit\u00e9s d'int\u00e9rieur \u00e0 Mont-Tremblant.","robots":{"index":"index","follow":"follow","max-snippet":"max-snippet:-1","max-image-preview":"max-image-preview:large","max-video-preview":"max-video-preview:-1"},"canonical":"https:\/\/officialmonttremblant.com\/fr\/activites\/activites-d-interieur\/","og_locale":"fr_FR","og_type":"article","og_title":"Activit\u00e9s d'int\u00e9rieur","og_description":"Official Mont-Tremblant vous offre plus d'informations sur les activit\u00e9s \u00e0 Mont-Tremblant dont les activit\u00e9s d'int\u00e9rieur \u00e0 Mont-Tremblant.","og_url":"https:\/\/officialmonttremblant.com\/fr\/activites\/activites-d-interieur\/","og_site_name":"Official Mont Tremblant","article_modified_time":"2025-07-29T15:23:34+00:00","og_image":[{"width":1024,"height":683,"url":"https:\/\/officialmonttremblant.com\/wp-content\/uploads\/2022\/07\/Aquatic-Center.jpg","type":"image\/jpeg"}],"twitter_card":"summary_large_image","twitter_misc":{"Dur\u00e9e de lecture estim\u00e9e":"2 minutes"},"schema":{"@context":"https:\/\/schema.org","@graph":[{"@type":"WebPage","@id":"https:\/\/officialmonttremblant.com\/fr\/activites\/activites-d-interieur\/","url":"https:\/\/officialmonttremblant.com\/fr\/activites\/activites-d-interieur\/","name":"Activit\u00e9s d'int\u00e9rieur \u00e0 Mont-Trembant, Activit\u00e9s \u00e0 Mont-Tremblant","isPartOf":{"@id":"https:\/\/officialmonttremblant.com\/fr\/#website"},"primaryImageOfPage":{"@id":"https:\/\/officialmonttremblant.com\/fr\/activites\/activites-d-interieur\/#primaryimage"},"image":{"@id":"https:\/\/officialmonttremblant.com\/fr\/activites\/activites-d-interieur\/#primaryimage"},"thumbnailUrl":"https:\/\/officialmonttremblant.com\/wp-content\/uploads\/2022\/07\/Aquatic-Center.jpg","datePublished":"2022-07-18T20:22:52+00:00","dateModified":"2025-07-29T15:23:34+00:00","description":"Official Mont-Tremblant vous offre plus d'informations sur les activit\u00e9s \u00e0 Mont-Tremblant dont les activit\u00e9s d'int\u00e9rieur \u00e0 Mont-Tremblant.","breadcrumb":{"@id":"https:\/\/officialmonttremblant.com\/fr\/activites\/activites-d-interieur\/#breadcrumb"},"inLanguage":"fr-FR","potentialAction":[{"@type":"ReadAction","target":["https:\/\/officialmonttremblant.com\/fr\/activites\/activites-d-interieur\/"]}]},{"@type":"ImageObject","inLanguage":"fr-FR","@id":"https:\/\/officialmonttremblant.com\/fr\/activites\/activites-d-interieur\/#primaryimage","url":"https:\/\/officialmonttremblant.com\/wp-content\/uploads\/2022\/07\/Aquatic-Center.jpg","contentUrl":"https:\/\/officialmonttremblant.com\/wp-content\/uploads\/2022\/07\/Aquatic-Center.jpg","width":1024,"height":683,"caption":"indoor activities in Mont-Tremblant"},{"@type":"BreadcrumbList","@id":"https:\/\/officialmonttremblant.com\/fr\/activites\/activites-d-interieur\/#breadcrumb","itemListElement":[{"@type":"ListItem","position":1,"name":"Home","item":"https:\/\/officialmonttremblant.com\/fr\/"},{"@type":"ListItem","position":2,"name":"Activit\u00e9s","item":"https:\/\/officialmonttremblant.com\/fr\/activites\/"},{"@type":"ListItem","position":3,"name":"Activit\u00e9s d&#8217;int\u00e9rieur"}]},{"@type":"WebSite","@id":"https:\/\/officialmonttremblant.com\/fr\/#website","url":"https:\/\/officialmonttremblant.com\/fr\/","name":"Official Mont Tremblant","description":"Vacation &amp; tourist guide in Mont Tremblant","potentialAction":[{"@type":"SearchAction","target":{"@type":"EntryPoint","urlTemplate":"https:\/\/officialmonttremblant.com\/fr\/?s={search_term_string}"},"query-input":{"@type":"PropertyValueSpecification","valueRequired":true,"valueName":"search_term_string"}}],"inLanguage":"fr-FR"}]}},"jetpack_sharing_enabled":true,"_links":{"self":[{"href":"https:\/\/officialmonttremblant.com\/fr\/wp-json\/wp\/v2\/pages\/21144","targetHints":{"allow":["GET"]}}],"collection":[{"href":"https:\/\/officialmonttremblant.com\/fr\/wp-json\/wp\/v2\/pages"}],"about":[{"href":"https:\/\/officialmonttremblant.com\/fr\/wp-json\/wp\/v2\/types\/page"}],"author":[{"embeddable":true,"href":"https:\/\/officialmonttremblant.com\/fr\/wp-json\/wp\/v2\/users\/1"}],"replies":[{"embeddable":true,"href":"https:\/\/officialmonttremblant.com\/fr\/wp-json\/wp\/v2\/comments?post=21144"}],"version-history":[{"count":6,"href":"https:\/\/officialmonttremblant.com\/fr\/wp-json\/wp\/v2\/pages\/21144\/revisions"}],"predecessor-version":[{"id":26693,"href":"https:\/\/officialmonttremblant.com\/fr\/wp-json\/wp\/v2\/pages\/21144\/revisions\/26693"}],"up":[{"embeddable":true,"href":"https:\/\/officialmonttremblant.com\/fr\/wp-json\/wp\/v2\/pages\/21143"}],"wp:featuredmedia":[{"embeddable":true,"href":"https:\/\/officialmonttremblant.com\/fr\/wp-json\/wp\/v2\/media\/16986"}],"wp:attachment":[{"href":"https:\/\/officialmonttremblant.com\/fr\/wp-json\/wp\/v2\/media?parent=21144"}],"curies":[{"name":"wp","href":"https:\/\/api.w.org\/{rel}","templated":true}]}}