{"id":21146,"date":"2022-07-18T16:06:45","date_gmt":"2022-07-18T20:06:45","guid":{"rendered":"https:\/\/officialmonttremblant.com\/activities\/motorized-excursions\/"},"modified":"2025-07-29T11:30:49","modified_gmt":"2025-07-29T15:30:49","slug":"excursions-motorisees","status":"publish","type":"page","link":"https:\/\/officialmonttremblant.com\/fr\/activites\/excursions-motorisees\/","title":{"rendered":"Excursions Motoris\u00e9es"},"content":{"rendered":"<p>[vc_row content_placement=\u00a0\u00bbmiddle\u00a0\u00bb css=\u00a0\u00bb.vc_custom_1652361660051{padding-top: 20px !important;padding-bottom: 60px !important;}\u00a0\u00bb][vc_column width=\u00a0\u00bb2\/3&Prime;]<div id=\"ultimate-heading-608069f0e7c06f0de\" class=\"uvc-heading ult-adjust-bottom-margin ultimate-heading-608069f0e7c06f0de uvc-631  uvc-heading-default-font-sizes\" data-hspacer=\"line_only\"  data-halign=\"left\" style=\"text-align:left\"><div class=\"uvc-main-heading ult-responsive\"  data-ultimate-target='.uvc-heading.ultimate-heading-608069f0e7c06f0de h2'  data-responsive-json-new='{\"font-size\":\"\",\"line-height\":\"\"}' ><h2 style=\"--font-weight:theme;margin-bottom:10px;\">Excursions motoris\u00e9es \u00e0 Mont-Tremblant<\/h2><\/div><div class=\"uvc-heading-spacer line_only\" style=\"margin-bottom:15px;height:2px;\"><span class=\"uvc-headings-line\" style=\"border-style:solid;border-bottom-width:2px;border-color:#1e8449;width:70px;\"><\/span><\/div><div class=\"uvc-sub-heading ult-responsive\"  data-ultimate-target='.uvc-heading.ultimate-heading-608069f0e7c06f0de .uvc-sub-heading '  data-responsive-json-new='{\"font-size\":\"\",\"line-height\":\"\"}'  style=\"font-weight:normal;margin-bottom:15px;\"><br \/>\nExplorer Mont Tremblant en ski est ce qui vient \u00e0 l&rsquo;esprit en premier lieu. Mais il existe bien d&rsquo;autres fa\u00e7ons de le faire ! Dans cette section, vous trouverez des fa\u00e7ons int\u00e9ressantes et originales de survoler Mont Tremblant, que ce soit en avion ultra l\u00e9ger, en h\u00e9licopt\u00e8re, en moto ou m\u00eame en voiture de course !<\/p>\n<p>Official Mont Tremblant a s\u00e9lectionn\u00e9 pour vous les meilleures excursions motoris\u00e9es \u00e0 Mont Tremblant.<br \/>\n<\/div><\/div>[\/vc_column][vc_column width=\u00a0\u00bb1\/3&Prime;]<style type=\"text\/css\" data-type=\"the7_shortcodes-inline-css\">.shortcode-single-image-wrap.shortcode-single-image-3619ee39ac1c5d8cccbbeb93ffc4285c.enable-bg-rollover .rollover i,\n.shortcode-single-image-wrap.shortcode-single-image-3619ee39ac1c5d8cccbbeb93ffc4285c.enable-bg-rollover .rollover-video i {\n  background: -webkit-linear-gradient();\n  background: linear-gradient();\n}\n.shortcode-single-image-wrap.shortcode-single-image-3619ee39ac1c5d8cccbbeb93ffc4285c .rollover-icon {\n  font-size: 32px;\n  color: #ffffff;\n  min-width: 44px;\n  min-height: 44px;\n  line-height: 44px;\n  border-radius: 100px;\n  border-style: solid;\n  border-width: 0px;\n}\n.dt-icon-bg-on.shortcode-single-image-wrap.shortcode-single-image-3619ee39ac1c5d8cccbbeb93ffc4285c .rollover-icon {\n  background: rgba(255,255,255,0.3);\n  box-shadow: none;\n}\n<\/style><div class=\"shortcode-single-image-wrap shortcode-single-image-3619ee39ac1c5d8cccbbeb93ffc4285c alignnone  enable-bg-rollover dt-icon-bg-off\" style=\"margin-top:0px; margin-bottom:0px; margin-left:0px; margin-right:0px; width:500px;\"><div class=\"shortcode-single-image\"><div class=\"fancy-media-wrap  layzr-bg\" style=\"\"><img loading=\"lazy\" decoding=\"async\" class=\"preload-me lazy-load\" src=\"data:image\/svg+xml,%3Csvg%20xmlns%3D&#39;http%3A%2F%2Fwww.w3.org%2F2000%2Fsvg&#39;%20viewBox%3D&#39;0%200%20500%20333&#39;%2F%3E\" data-src=\"https:\/\/officialmonttremblant.com\/wp-content\/uploads\/2022\/07\/motorized-excursions-2-500x333.jpg\" data-srcset=\"https:\/\/officialmonttremblant.com\/wp-content\/uploads\/2022\/07\/motorized-excursions-2-500x333.jpg 500w, https:\/\/officialmonttremblant.com\/wp-content\/uploads\/2022\/07\/motorized-excursions-2-1000x666.jpg 1000w\" width=\"500\" height=\"333\"  data-dt-location=\"https:\/\/officialmonttremblant.com\/fr\/activities\/motorized-excursions\/motorized-excursions-2-2\/\" style=\"\" alt=\"\" \/><\/div><\/div><\/div>[\/vc_column][\/vc_row][vc_row full_width=\u00a0\u00bbstretch_row\u00a0\u00bb bg_type=\u00a0\u00bbbg_color\u00a0\u00bb bg_override=\u00a0\u00bbex-full\u00a0\u00bb css=\u00a0\u00bb.vc_custom_1652361701036{padding-top: 40px !important;padding-bottom: 20px !important;}\u00a0\u00bb bg_color_value=\u00a0\u00bb#f8f8f8&Prime;][vc_column]<div id=\"ultimate-heading-660369f0e7c070835\" class=\"uvc-heading ult-adjust-bottom-margin ultimate-heading-660369f0e7c070835 uvc-7568  uvc-heading-default-font-sizes\" data-hspacer=\"line_only\"  data-halign=\"left\" style=\"text-align:left\"><div class=\"uvc-main-heading ult-responsive\"  data-ultimate-target='.uvc-heading.ultimate-heading-660369f0e7c070835 h2'  data-responsive-json-new='{\"font-size\":\"\",\"line-height\":\"\"}' ><h2 style=\"--font-weight:theme;margin-bottom:10px;\">EXCURSIONS MOTORISEES<\/h2><\/div><div class=\"uvc-heading-spacer line_only\" style=\"margin-bottom:15px;height:2px;\"><span class=\"uvc-headings-line\" style=\"border-style:solid;border-bottom-width:2px;border-color:#1e8449;width:70px;\"><\/span><\/div><\/div>[\/vc_column][\/vc_row][vc_row gap=\u00a0\u00bb1&Prime; bg_type=\u00a0\u00bbbg_color\u00a0\u00bb bg_override=\u00a0\u00bbex-full\u00a0\u00bb css=\u00a0\u00bb.vc_custom_1652442016480{padding-bottom: 60px !important;}\u00a0\u00bb bg_color_value=\u00a0\u00bb#f8f8f8&Prime;][vc_column width=\u00a0\u00bb1\/2&Prime; css=\u00a0\u00bb.vc_custom_1652311337326{margin-top: 0px !important;margin-right: 0px !important;margin-bottom: 0px !important;margin-left: 0px !important;padding-top: 0px !important;padding-right: 0px !important;padding-bottom: 0px !important;padding-left: 0px !important;}\u00a0\u00bb]<div class=\"ult-new-ib ult-ib-effect-style14  ult-ib-resp   vc_custom_1667838390081\" data-min-width=\"768\" data-max-width=\"900\" style=\"background:rgba(0,0,0,0.85);\" data-opacity=\"0.7\" data-hover-opacity=\"1\" ><img data-recalc-dims=\"1\" decoding=\"async\" class=\"ult-new-ib-img\" style=\"opacity:0.7;\" alt=\"ATV in Mont-Tremblant\" src=\"https:\/\/i0.wp.com\/officialmonttremblant.com\/wp-content\/uploads\/2022\/09\/atv-buggy.png?w=1200&#038;ssl=1\"   \/><div id=\"interactive-banner-wrap-9529\" class=\"ult-new-ib-desc\" style=\"\"><h2 class=\"ult-new-ib-title ult-responsive\"  data-ultimate-target='#interactive-banner-wrap-9529 .ult-new-ib-title'  data-responsive-json-new='{\"font-size\":\"desktop:26px;\",\"line-height\":\"\"}'  style=\"font-family:&#039;Quicksand&#039;;font-weight:700;\">V\u00e9hicules tout-terrain<\/h2><\/div><a class=\"ult-new-ib-link\" href=\"https:\/\/officialmonttremblant.com\/fr\/activites\/activites-d-ete\/vehicules-tout-terrain\/\" title=\"V\u00e9hicules tout-terrain\" target=\"_blank\" rel=\"noopener\"  ><\/a><\/div><div class=\"ult-new-ib ult-ib-effect-style14  ult-ib-resp   vc_custom_1667838433247\" data-min-width=\"768\" data-max-width=\"900\" style=\"background:rgba(0,0,0,0.85);\" data-opacity=\"0.7\" data-hover-opacity=\"1\" ><img data-recalc-dims=\"1\" decoding=\"async\" class=\"ult-new-ib-img\" style=\"opacity:0.7;\" alt=\"null\" src=\"https:\/\/i0.wp.com\/officialmonttremblant.com\/wp-content\/uploads\/2022\/07\/Airplane.jpeg?w=1200&#038;ssl=1\"   \/><div id=\"interactive-banner-wrap-4107\" class=\"ult-new-ib-desc\" style=\"\"><h2 class=\"ult-new-ib-title ult-responsive\"  data-ultimate-target='#interactive-banner-wrap-4107 .ult-new-ib-title'  data-responsive-json-new='{\"font-size\":\"desktop:26px;\",\"line-height\":\"\"}'  style=\"font-family:&#039;Quicksand&#039;;font-weight:700;\">Tours en avion<\/h2><\/div><a class=\"ult-new-ib-link\" href=\"https:\/\/officialmonttremblant.com\/fr\/activites\/excursions-motorisees\/tours-en-avion\/\" title=\"Tours en avion\" target=\"_blank\" rel=\"noopener\"  ><\/a><\/div><div class=\"ult-new-ib ult-ib-effect-style14  ult-ib-resp   vc_custom_1667839847233\" data-min-width=\"768\" data-max-width=\"900\" style=\"background:rgba(0,0,0,0.85);\" data-opacity=\"0.7\" data-hover-opacity=\"1\" ><img data-recalc-dims=\"1\" decoding=\"async\" class=\"ult-new-ib-img\" style=\"opacity:0.7;\" alt=\"Driving schools in Mont-Tremblant\" src=\"https:\/\/i0.wp.com\/officialmonttremblant.com\/wp-content\/uploads\/2022\/10\/Driving-schools-in-Mont-Tremblant.jpeg?w=1200&#038;ssl=1\"   \/><div id=\"interactive-banner-wrap-2674\" class=\"ult-new-ib-desc\" style=\"\"><h2 class=\"ult-new-ib-title ult-responsive\"  data-ultimate-target='#interactive-banner-wrap-2674 .ult-new-ib-title'  data-responsive-json-new='{\"font-size\":\"desktop:26px;\",\"line-height\":\"\"}'  style=\"font-family:&#039;Quicksand&#039;;font-weight:700;\">Ecoles de pilotage<\/h2><\/div><a class=\"ult-new-ib-link\" href=\"https:\/\/officialmonttremblant.com\/fr\/activites\/excursions-motorisees\/ecoles-de-pilotage\/\" title=\"Ecoles de pilotage\" target=\"_blank\" rel=\"noopener\"  ><\/a><\/div><div class=\"ult-new-ib ult-ib-effect-style14  ult-ib-resp   vc_custom_1667839893436\" data-min-width=\"768\" data-max-width=\"900\" style=\"background:rgba(0,0,0,0.85);\" data-opacity=\"0.7\" data-hover-opacity=\"1\" ><img data-recalc-dims=\"1\" decoding=\"async\" class=\"ult-new-ib-img\" style=\"opacity:0.7;\" alt=\"null\" src=\"https:\/\/i0.wp.com\/officialmonttremblant.com\/wp-content\/uploads\/2022\/07\/Airplane.jpeg?w=1200&#038;ssl=1\"   \/><div id=\"interactive-banner-wrap-7173\" class=\"ult-new-ib-desc\" style=\"\"><h2 class=\"ult-new-ib-title ult-responsive\"  data-ultimate-target='#interactive-banner-wrap-7173 .ult-new-ib-title'  data-responsive-json-new='{\"font-size\":\"desktop:26px;\",\"line-height\":\"\"}'  style=\"font-family:&#039;Quicksand&#039;;font-weight:700;\">Tours en avion<\/h2><\/div><a class=\"ult-new-ib-link\" href=\"https:\/\/officialmonttremblant.com\/fr\/activites\/excursions-motorisees\/tours-en-avion\/\" title=\"Tours en avion\" target=\"_blank\" rel=\"noopener\"  ><\/a><\/div>[\/vc_column][vc_column width=\u00a0\u00bb1\/2&Prime; css=\u00a0\u00bb.vc_custom_1652311343828{margin-top: 0px !important;margin-right: 0px !important;margin-bottom: 0px !important;margin-left: 0px !important;padding-top: 0px !important;padding-right: 0px !important;padding-bottom: 0px !important;padding-left: 0px !important;}\u00a0\u00bb]<div class=\"ult-new-ib ult-ib-effect-style14  ult-ib-resp   vc_custom_1667838418955\" data-min-width=\"768\" data-max-width=\"900\" style=\"background:rgba(0,0,0,0.85);\" data-opacity=\"0.7\" data-hover-opacity=\"1\" ><img data-recalc-dims=\"1\" decoding=\"async\" class=\"ult-new-ib-img\" style=\"opacity:0.7;\" alt=\"null\" src=\"https:\/\/i0.wp.com\/officialmonttremblant.com\/wp-content\/uploads\/2022\/07\/Helipcopter.jpg?w=1200&#038;ssl=1\"   \/><div id=\"interactive-banner-wrap-8582\" class=\"ult-new-ib-desc\" style=\"\"><h2 class=\"ult-new-ib-title ult-responsive\"  data-ultimate-target='#interactive-banner-wrap-8582 .ult-new-ib-title'  data-responsive-json-new='{\"font-size\":\"desktop:26px;\",\"line-height\":\"\"}'  style=\"font-family:&#039;Quicksand&#039;;font-weight:700;\">Tours en H\u00e9licopt\u00e8re<\/h2><\/div><a class=\"ult-new-ib-link\" href=\"https:\/\/officialmonttremblant.com\/fr\/activites\/excursions-motorisees\/tours-en-helicoptere\/\" title=\"Tours en h\u00e9licopt\u00e8re\" target=\"_blank\" rel=\"noopener\"  ><\/a><\/div><div class=\"ult-new-ib ult-ib-effect-style14  ult-ib-resp   vc_custom_1667838464406\" data-min-width=\"768\" data-max-width=\"900\" style=\"background:rgba(0,0,0,0.85);\" data-opacity=\"0.7\" data-hover-opacity=\"1\" ><img data-recalc-dims=\"1\" decoding=\"async\" class=\"ult-new-ib-img\" style=\"opacity:0.7;\" alt=\"Mont-Tremblant boat rentals\" src=\"https:\/\/i0.wp.com\/officialmonttremblant.com\/wp-content\/uploads\/2022\/10\/boat-rental.jpeg?w=1200&#038;ssl=1\"   \/><div id=\"interactive-banner-wrap-2906\" class=\"ult-new-ib-desc\" style=\"\"><h2 class=\"ult-new-ib-title ult-responsive\"  data-ultimate-target='#interactive-banner-wrap-2906 .ult-new-ib-title'  data-responsive-json-new='{\"font-size\":\"desktop:26px;\",\"line-height\":\"\"}'  style=\"font-family:&#039;Quicksand&#039;;font-weight:700;\">Locations de bateaux<\/h2><\/div><a class=\"ult-new-ib-link\" href=\"https:\/\/officialmonttremblant.com\/fr\/activites\/activites-d-ete\/louer-un-bateau\/\" title=\"Locations de bateaux\" target=\"_blank\" rel=\"noopener\"  ><\/a><\/div><div class=\"ult-new-ib ult-ib-effect-style14  ult-ib-resp   vc_custom_1667839880250\" data-min-width=\"768\" data-max-width=\"900\" style=\"background:rgba(0,0,0,0.85);\" data-opacity=\"0.7\" data-hover-opacity=\"1\" ><img data-recalc-dims=\"1\" decoding=\"async\" class=\"ult-new-ib-img\" style=\"opacity:0.7;\" alt=\"Mont-Tremblant boat rentals\" src=\"https:\/\/i0.wp.com\/officialmonttremblant.com\/wp-content\/uploads\/2022\/10\/boat-rental.jpeg?w=1200&#038;ssl=1\"   \/><div id=\"interactive-banner-wrap-1320\" class=\"ult-new-ib-desc\" style=\"\"><h2 class=\"ult-new-ib-title ult-responsive\"  data-ultimate-target='#interactive-banner-wrap-1320 .ult-new-ib-title'  data-responsive-json-new='{\"font-size\":\"desktop:26px;\",\"line-height\":\"\"}'  style=\"font-family:&#039;Quicksand&#039;;font-weight:700;\">Locations de bateaux<\/h2><\/div><a class=\"ult-new-ib-link\" href=\"https:\/\/officialmonttremblant.com\/fr\/activites\/activites-d-ete\/louer-un-bateau\/\" title=\"Locations de bateaux\" target=\"_blank\" rel=\"noopener\"  ><\/a><\/div>[\/vc_column][\/vc_row]<\/p>\n","protected":false},"excerpt":{"rendered":"<p>[vc_row content_placement=\u00a0\u00bbmiddle\u00a0\u00bb css=\u00a0\u00bb.vc_custom_1652361660051{padding-top: 20px !important;padding-bottom: 60px !important;}\u00a0\u00bb][vc_column width=\u00a0\u00bb2\/3&Prime;][\/vc_column][vc_column width=\u00a0\u00bb1\/3&Prime;][\/vc_column][\/vc_row][vc_row full_width=\u00a0\u00bbstretch_row\u00a0\u00bb bg_type=\u00a0\u00bbbg_color\u00a0\u00bb bg_override=\u00a0\u00bbex-full\u00a0\u00bb css=\u00a0\u00bb.vc_custom_1652361701036{padding-top: 40px !important;padding-bottom: 20px !important;}\u00a0\u00bb bg_color_value=\u00a0\u00bb#f8f8f8&Prime;][vc_column][\/vc_column][\/vc_row][vc_row gap=\u00a0\u00bb1&Prime; bg_type=\u00a0\u00bbbg_color\u00a0\u00bb bg_override=\u00a0\u00bbex-full\u00a0\u00bb css=\u00a0\u00bb.vc_custom_1652442016480{padding-bottom: 60px !important;}\u00a0\u00bb bg_color_value=\u00a0\u00bb#f8f8f8&Prime;][vc_column width=\u00a0\u00bb1\/2&Prime; css=\u00a0\u00bb.vc_custom_1652311337326{margin-top: 0px !important;margin-right: 0px !important;margin-bottom: 0px !important;margin-left: 0px !important;padding-top: 0px !important;padding-right: 0px !important;padding-bottom: 0px !important;padding-left: 0px !important;}\u00a0\u00bb][\/vc_column][vc_column width=\u00a0\u00bb1\/2&Prime; css=\u00a0\u00bb.vc_custom_1652311343828{margin-top: 0px !important;margin-right: 0px !important;margin-bottom: 0px !important;margin-left: 0px !important;padding-top: 0px !important;padding-right:&hellip;<\/p>\n","protected":false},"author":1,"featured_media":25165,"parent":21143,"menu_order":0,"comment_status":"closed","ping_status":"closed","template":"","meta":{"footnotes":""},"class_list":["post-21146","page","type-page","status-publish","has-post-thumbnail","hentry","description-off"],"yoast_head":"<!-- This site is optimized with the Yoast SEO Premium plugin v26.5 (Yoast SEO v26.5) - https:\/\/yoast.com\/wordpress\/plugins\/seo\/ -->\n<title>Excursions motoris\u00e9es \u00e0 Mont-Tremblant, Activit\u00e9s \u00e0 Tremblant<\/title>\n<meta name=\"description\" content=\"Official Mont-Tremblant vous donne plus d&#039;informations sur les activit\u00e9s \u00e0 Tremblant dont les excursions motoris\u00e9es \u00e0 Mont-Tremblant.\" \/>\n<meta name=\"robots\" content=\"index, follow, max-snippet:-1, max-image-preview:large, max-video-preview:-1\" \/>\n<link rel=\"canonical\" href=\"https:\/\/officialmonttremblant.com\/fr\/activites\/excursions-motorisees\/\" \/>\n<meta property=\"og:locale\" content=\"fr_FR\" \/>\n<meta property=\"og:type\" content=\"article\" \/>\n<meta property=\"og:title\" content=\"Excursions Motoris\u00e9es\" \/>\n<meta property=\"og:description\" content=\"Official Mont-Tremblant vous donne plus d&#039;informations sur les activit\u00e9s \u00e0 Tremblant dont les excursions motoris\u00e9es \u00e0 Mont-Tremblant.\" \/>\n<meta property=\"og:url\" content=\"https:\/\/officialmonttremblant.com\/fr\/activites\/excursions-motorisees\/\" \/>\n<meta property=\"og:site_name\" content=\"Official Mont Tremblant\" \/>\n<meta property=\"article:modified_time\" content=\"2025-07-29T15:30:49+00:00\" \/>\n<meta property=\"og:image\" content=\"https:\/\/officialmonttremblant.com\/wp-content\/uploads\/2022\/10\/Ultralight-aircrafts-in-Mont-Tremblant.jpeg\" \/>\n\t<meta property=\"og:image:width\" content=\"1024\" \/>\n\t<meta property=\"og:image:height\" content=\"549\" \/>\n\t<meta property=\"og:image:type\" content=\"image\/jpeg\" \/>\n<meta name=\"twitter:card\" content=\"summary_large_image\" \/>\n<meta name=\"twitter:label1\" content=\"Dur\u00e9e de lecture estim\u00e9e\" \/>\n\t<meta name=\"twitter:data1\" content=\"2 minutes\" \/>\n<script type=\"application\/ld+json\" class=\"yoast-schema-graph\">{\"@context\":\"https:\/\/schema.org\",\"@graph\":[{\"@type\":\"WebPage\",\"@id\":\"https:\/\/officialmonttremblant.com\/fr\/activites\/excursions-motorisees\/\",\"url\":\"https:\/\/officialmonttremblant.com\/fr\/activites\/excursions-motorisees\/\",\"name\":\"Excursions motoris\u00e9es \u00e0 Mont-Tremblant, Activit\u00e9s \u00e0 Tremblant\",\"isPartOf\":{\"@id\":\"https:\/\/officialmonttremblant.com\/fr\/#website\"},\"primaryImageOfPage\":{\"@id\":\"https:\/\/officialmonttremblant.com\/fr\/activites\/excursions-motorisees\/#primaryimage\"},\"image\":{\"@id\":\"https:\/\/officialmonttremblant.com\/fr\/activites\/excursions-motorisees\/#primaryimage\"},\"thumbnailUrl\":\"https:\/\/officialmonttremblant.com\/wp-content\/uploads\/2022\/10\/Ultralight-aircrafts-in-Mont-Tremblant.jpeg\",\"datePublished\":\"2022-07-18T20:06:45+00:00\",\"dateModified\":\"2025-07-29T15:30:49+00:00\",\"description\":\"Official Mont-Tremblant vous donne plus d'informations sur les activit\u00e9s \u00e0 Tremblant dont les excursions motoris\u00e9es \u00e0 Mont-Tremblant.\",\"breadcrumb\":{\"@id\":\"https:\/\/officialmonttremblant.com\/fr\/activites\/excursions-motorisees\/#breadcrumb\"},\"inLanguage\":\"fr-FR\",\"potentialAction\":[{\"@type\":\"ReadAction\",\"target\":[\"https:\/\/officialmonttremblant.com\/fr\/activites\/excursions-motorisees\/\"]}]},{\"@type\":\"ImageObject\",\"inLanguage\":\"fr-FR\",\"@id\":\"https:\/\/officialmonttremblant.com\/fr\/activites\/excursions-motorisees\/#primaryimage\",\"url\":\"https:\/\/officialmonttremblant.com\/wp-content\/uploads\/2022\/10\/Ultralight-aircrafts-in-Mont-Tremblant.jpeg\",\"contentUrl\":\"https:\/\/officialmonttremblant.com\/wp-content\/uploads\/2022\/10\/Ultralight-aircrafts-in-Mont-Tremblant.jpeg\",\"width\":1024,\"height\":549,\"caption\":\"Ultralight Aircrafts in Mont-Tremblant\"},{\"@type\":\"BreadcrumbList\",\"@id\":\"https:\/\/officialmonttremblant.com\/fr\/activites\/excursions-motorisees\/#breadcrumb\",\"itemListElement\":[{\"@type\":\"ListItem\",\"position\":1,\"name\":\"Home\",\"item\":\"https:\/\/officialmonttremblant.com\/fr\/\"},{\"@type\":\"ListItem\",\"position\":2,\"name\":\"Activit\u00e9s\",\"item\":\"https:\/\/officialmonttremblant.com\/fr\/activites\/\"},{\"@type\":\"ListItem\",\"position\":3,\"name\":\"Excursions Motoris\u00e9es\"}]},{\"@type\":\"WebSite\",\"@id\":\"https:\/\/officialmonttremblant.com\/fr\/#website\",\"url\":\"https:\/\/officialmonttremblant.com\/fr\/\",\"name\":\"Official Mont Tremblant\",\"description\":\"Vacation &amp; tourist guide in Mont Tremblant\",\"potentialAction\":[{\"@type\":\"SearchAction\",\"target\":{\"@type\":\"EntryPoint\",\"urlTemplate\":\"https:\/\/officialmonttremblant.com\/fr\/?s={search_term_string}\"},\"query-input\":{\"@type\":\"PropertyValueSpecification\",\"valueRequired\":true,\"valueName\":\"search_term_string\"}}],\"inLanguage\":\"fr-FR\"}]}<\/script>\n<!-- \/ Yoast SEO Premium plugin. -->","yoast_head_json":{"title":"Excursions motoris\u00e9es \u00e0 Mont-Tremblant, Activit\u00e9s \u00e0 Tremblant","description":"Official Mont-Tremblant vous donne plus d'informations sur les activit\u00e9s \u00e0 Tremblant dont les excursions motoris\u00e9es \u00e0 Mont-Tremblant.","robots":{"index":"index","follow":"follow","max-snippet":"max-snippet:-1","max-image-preview":"max-image-preview:large","max-video-preview":"max-video-preview:-1"},"canonical":"https:\/\/officialmonttremblant.com\/fr\/activites\/excursions-motorisees\/","og_locale":"fr_FR","og_type":"article","og_title":"Excursions Motoris\u00e9es","og_description":"Official Mont-Tremblant vous donne plus d'informations sur les activit\u00e9s \u00e0 Tremblant dont les excursions motoris\u00e9es \u00e0 Mont-Tremblant.","og_url":"https:\/\/officialmonttremblant.com\/fr\/activites\/excursions-motorisees\/","og_site_name":"Official Mont Tremblant","article_modified_time":"2025-07-29T15:30:49+00:00","og_image":[{"width":1024,"height":549,"url":"https:\/\/officialmonttremblant.com\/wp-content\/uploads\/2022\/10\/Ultralight-aircrafts-in-Mont-Tremblant.jpeg","type":"image\/jpeg"}],"twitter_card":"summary_large_image","twitter_misc":{"Dur\u00e9e de lecture estim\u00e9e":"2 minutes"},"schema":{"@context":"https:\/\/schema.org","@graph":[{"@type":"WebPage","@id":"https:\/\/officialmonttremblant.com\/fr\/activites\/excursions-motorisees\/","url":"https:\/\/officialmonttremblant.com\/fr\/activites\/excursions-motorisees\/","name":"Excursions motoris\u00e9es \u00e0 Mont-Tremblant, Activit\u00e9s \u00e0 Tremblant","isPartOf":{"@id":"https:\/\/officialmonttremblant.com\/fr\/#website"},"primaryImageOfPage":{"@id":"https:\/\/officialmonttremblant.com\/fr\/activites\/excursions-motorisees\/#primaryimage"},"image":{"@id":"https:\/\/officialmonttremblant.com\/fr\/activites\/excursions-motorisees\/#primaryimage"},"thumbnailUrl":"https:\/\/officialmonttremblant.com\/wp-content\/uploads\/2022\/10\/Ultralight-aircrafts-in-Mont-Tremblant.jpeg","datePublished":"2022-07-18T20:06:45+00:00","dateModified":"2025-07-29T15:30:49+00:00","description":"Official Mont-Tremblant vous donne plus d'informations sur les activit\u00e9s \u00e0 Tremblant dont les excursions motoris\u00e9es \u00e0 Mont-Tremblant.","breadcrumb":{"@id":"https:\/\/officialmonttremblant.com\/fr\/activites\/excursions-motorisees\/#breadcrumb"},"inLanguage":"fr-FR","potentialAction":[{"@type":"ReadAction","target":["https:\/\/officialmonttremblant.com\/fr\/activites\/excursions-motorisees\/"]}]},{"@type":"ImageObject","inLanguage":"fr-FR","@id":"https:\/\/officialmonttremblant.com\/fr\/activites\/excursions-motorisees\/#primaryimage","url":"https:\/\/officialmonttremblant.com\/wp-content\/uploads\/2022\/10\/Ultralight-aircrafts-in-Mont-Tremblant.jpeg","contentUrl":"https:\/\/officialmonttremblant.com\/wp-content\/uploads\/2022\/10\/Ultralight-aircrafts-in-Mont-Tremblant.jpeg","width":1024,"height":549,"caption":"Ultralight Aircrafts in Mont-Tremblant"},{"@type":"BreadcrumbList","@id":"https:\/\/officialmonttremblant.com\/fr\/activites\/excursions-motorisees\/#breadcrumb","itemListElement":[{"@type":"ListItem","position":1,"name":"Home","item":"https:\/\/officialmonttremblant.com\/fr\/"},{"@type":"ListItem","position":2,"name":"Activit\u00e9s","item":"https:\/\/officialmonttremblant.com\/fr\/activites\/"},{"@type":"ListItem","position":3,"name":"Excursions Motoris\u00e9es"}]},{"@type":"WebSite","@id":"https:\/\/officialmonttremblant.com\/fr\/#website","url":"https:\/\/officialmonttremblant.com\/fr\/","name":"Official Mont Tremblant","description":"Vacation &amp; tourist guide in Mont Tremblant","potentialAction":[{"@type":"SearchAction","target":{"@type":"EntryPoint","urlTemplate":"https:\/\/officialmonttremblant.com\/fr\/?s={search_term_string}"},"query-input":{"@type":"PropertyValueSpecification","valueRequired":true,"valueName":"search_term_string"}}],"inLanguage":"fr-FR"}]}},"jetpack_sharing_enabled":true,"_links":{"self":[{"href":"https:\/\/officialmonttremblant.com\/fr\/wp-json\/wp\/v2\/pages\/21146","targetHints":{"allow":["GET"]}}],"collection":[{"href":"https:\/\/officialmonttremblant.com\/fr\/wp-json\/wp\/v2\/pages"}],"about":[{"href":"https:\/\/officialmonttremblant.com\/fr\/wp-json\/wp\/v2\/types\/page"}],"author":[{"embeddable":true,"href":"https:\/\/officialmonttremblant.com\/fr\/wp-json\/wp\/v2\/users\/1"}],"replies":[{"embeddable":true,"href":"https:\/\/officialmonttremblant.com\/fr\/wp-json\/wp\/v2\/comments?post=21146"}],"version-history":[{"count":11,"href":"https:\/\/officialmonttremblant.com\/fr\/wp-json\/wp\/v2\/pages\/21146\/revisions"}],"predecessor-version":[{"id":26679,"href":"https:\/\/officialmonttremblant.com\/fr\/wp-json\/wp\/v2\/pages\/21146\/revisions\/26679"}],"up":[{"embeddable":true,"href":"https:\/\/officialmonttremblant.com\/fr\/wp-json\/wp\/v2\/pages\/21143"}],"wp:featuredmedia":[{"embeddable":true,"href":"https:\/\/officialmonttremblant.com\/fr\/wp-json\/wp\/v2\/media\/25165"}],"wp:attachment":[{"href":"https:\/\/officialmonttremblant.com\/fr\/wp-json\/wp\/v2\/media?parent=21146"}],"curies":[{"name":"wp","href":"https:\/\/api.w.org\/{rel}","templated":true}]}}