{"id":21152,"date":"2022-07-20T10:47:41","date_gmt":"2022-07-20T14:47:41","guid":{"rendered":"https:\/\/officialmonttremblant.com\/eat-drink-nightlife-casino\/casino\/"},"modified":"2025-07-29T12:12:38","modified_gmt":"2025-07-29T16:12:38","slug":"casino","status":"publish","type":"page","link":"https:\/\/officialmonttremblant.com\/fr\/manger-boire-sortir\/casino\/","title":{"rendered":"Casino"},"content":{"rendered":"<p>[vc_row][vc_column]<div id=\"ultimate-heading-551469d4ac173c508\" class=\"uvc-heading ult-adjust-bottom-margin ultimate-heading-551469d4ac173c508 uvc-6168  uvc-heading-default-font-sizes\" data-hspacer=\"no_spacer\"  data-halign=\"left\" style=\"text-align:left\"><div class=\"uvc-heading-spacer no_spacer\" style=\"top\"><\/div><div class=\"uvc-main-heading ult-responsive\"  data-ultimate-target='.uvc-heading.ultimate-heading-551469d4ac173c508 h2'  data-responsive-json-new='{\"font-size\":\"\",\"line-height\":\"\"}' ><h2 style=\"--font-weight:theme;\">Mont Tremblant Casino<\/h2><\/div><\/div>[vc_column_text css=\u00a0\u00bb.vc_custom_1666292936974{padding-bottom: 25px !important;}\u00a0\u00bb]Vivez une exp\u00e9rience de divertissement incomparable : jeux, spectacles, restaurants, tournois, bars et bien plus vous attendent au Casino de Mont-Tremblant Loto-Qu\u00e9bec.<\/p>\n<p>En novembre 2010, le Casino a re\u00e7u la <a href=\"http:\/\/bomacanada.ca\/bomabest\/\" target=\"_blank\" rel=\"noopener\">certification BOMA BEST<\/a> de niveau 3 reconnaissant l&rsquo;excellence en mati\u00e8re de performance \u00e9nerg\u00e9tique et environnementale. Plus de 400 machines \u00e0 sous, un vaste choix de tables et d&rsquo;appareils de jeux \u00e9lectroniques ainsi que plusieurs tournois; tout est l\u00e0 pour vous divertir ! Il y a aussi une grande section high-rollers, un bar de 29 places, deux salons priv\u00e9s et le restaurant Altitude, un excellent grill de fruits de mer. Le week-end, le casino propose des spectacles de musique live.[\/vc_column_text][\/vc_column][\/vc_row][vc_row][vc_column][vc_separator css=\u00a0\u00bb.vc_custom_1664465627518{padding-top: 15px !important;padding-bottom: 30px !important;}\u00a0\u00bb][\/vc_column][\/vc_row][vc_row][vc_column width=\u00a0\u00bb1\/3&Prime;]<div id=\"ultimate-heading-774869d4ac173c59e\" class=\"uvc-heading ult-adjust-bottom-margin ultimate-heading-774869d4ac173c59e uvc-1453  uvc-heading-default-font-sizes\" data-hspacer=\"no_spacer\"  data-halign=\"left\" style=\"text-align:left\"><div class=\"uvc-heading-spacer no_spacer\" style=\"top\"><\/div><div class=\"uvc-main-heading ult-responsive\"  data-ultimate-target='.uvc-heading.ultimate-heading-774869d4ac173c59e h4'  data-responsive-json-new='{\"font-size\":\"\",\"line-height\":\"\"}' ><h4 style=\"--font-weight:theme;\">Adresse:<\/h4><\/div><div class=\"uvc-sub-heading ult-responsive\"  data-ultimate-target='.uvc-heading.ultimate-heading-774869d4ac173c59e .uvc-sub-heading '  data-responsive-json-new='{\"font-size\":\"\",\"line-height\":\"\"}'  style=\"font-weight:normal;\">300 chemin des Pl\u00e9iades<br \/>\nMont-Tremblant, QC J8E 0A7<br \/>\n1 819-429-4150<br \/>\n<strong>WEB:<\/strong> <a href=\"https:\/\/casinos.lotoquebec.com\/en\/monttremblant\/home\" target=\"_blank\" rel=\"noopener\">casinosduquebec.com<\/a><\/div><\/div>[\/vc_column][vc_column width=\u00a0\u00bb1\/3&Prime;]<div id=\"ultimate-heading-326469d4ac173c60a\" class=\"uvc-heading ult-adjust-bottom-margin ultimate-heading-326469d4ac173c60a uvc-1261  uvc-heading-default-font-sizes\" data-hspacer=\"no_spacer\"  data-halign=\"left\" style=\"text-align:left\"><div class=\"uvc-heading-spacer no_spacer\" style=\"top\"><\/div><div class=\"uvc-main-heading ult-responsive\"  data-ultimate-target='.uvc-heading.ultimate-heading-326469d4ac173c60a h4'  data-responsive-json-new='{\"font-size\":\"\",\"line-height\":\"\"}' ><h4 style=\"--font-weight:theme;\">Horaires du Casino:<\/h4><\/div><div class=\"uvc-sub-heading ult-responsive\"  data-ultimate-target='.uvc-heading.ultimate-heading-326469d4ac173c60a .uvc-sub-heading '  data-responsive-json-new='{\"font-size\":\"\",\"line-height\":\"\"}'  style=\"font-weight:normal;\"><strong>Lundi \u00e0 mercredi:<\/strong> 11h \u00e0 1 heure du matin<br \/>\n<strong>Jeudi:<\/strong> de midi \u00e0 minuit<br \/>\n<strong>Vendredi:<\/strong> midi \u00e0 3h du matin<br \/>\n<strong>Samedi:<\/strong> 11h\u00a0 \u00e0 15h<br \/>\n<strong>Dimanche:<\/strong> 11h \u00e0 minuit<\/div><\/div>[\/vc_column][vc_column width=\u00a0\u00bb1\/3&Prime;]<div id=\"ultimate-heading-781269d4ac173c674\" class=\"uvc-heading ult-adjust-bottom-margin ultimate-heading-781269d4ac173c674 uvc-4194  uvc-heading-default-font-sizes\" data-hspacer=\"no_spacer\"  data-halign=\"left\" style=\"text-align:left\"><div class=\"uvc-heading-spacer no_spacer\" style=\"top\"><\/div><div class=\"uvc-main-heading ult-responsive\"  data-ultimate-target='.uvc-heading.ultimate-heading-781269d4ac173c674 h4'  data-responsive-json-new='{\"font-size\":\"\",\"line-height\":\"\"}' ><h4 style=\"--font-weight:theme;\">R\u00e8gles de conduite du Casino:<\/h4><\/div><div class=\"uvc-sub-heading ult-responsive\"  data-ultimate-target='.uvc-heading.ultimate-heading-781269d4ac173c674 .uvc-sub-heading '  data-responsive-json-new='{\"font-size\":\"\",\"line-height\":\"\"}'  style=\"font-weight:normal;\"><\/p>\n<ul>\n<li>R\u00e9serv\u00e9 aux personnes de 18 ans et plus<\/li>\n<li>Environnement non fumeur<\/li>\n<li>Tous les sacs et valises doivent \u00eatre laiss\u00e9s au vestiaire<\/li>\n<li>Photos ou enregistrements vid\u00e9o autoris\u00e9s<\/li>\n<li>Les clients doivent \u00eatre habill\u00e9s convenablement<\/li>\n<\/ul>\n<p><\/div><\/div>[\/vc_column][\/vc_row][vc_row][vc_column][vc_separator css=\u00a0\u00bb.vc_custom_1664465800319{padding-top: 20px !important;padding-bottom: 10px !important;}\u00a0\u00bb][\/vc_column][\/vc_row][vc_row css=\u00a0\u00bb.vc_custom_1658434279036{padding-top: 50px !important;padding-bottom: 30px !important;}\u00a0\u00bb][vc_column width=\u00a0\u00bb7\/12&Prime;]<div id=\"ultimate-heading-473769d4ac173c6e1\" class=\"uvc-heading ult-adjust-bottom-margin ultimate-heading-473769d4ac173c6e1 uvc-6019  uvc-heading-default-font-sizes\" data-hspacer=\"no_spacer\"  data-halign=\"left\" style=\"text-align:left\"><div class=\"uvc-heading-spacer no_spacer\" style=\"top\"><\/div><div class=\"uvc-main-heading ult-responsive\"  data-ultimate-target='.uvc-heading.ultimate-heading-473769d4ac173c6e1 h4'  data-responsive-json-new='{\"font-size\":\"\",\"line-height\":\"\"}' ><h4 style=\"--font-weight:theme;\">S\u2019y rendre<\/h4><\/div><div class=\"uvc-sub-heading ult-responsive\"  data-ultimate-target='.uvc-heading.ultimate-heading-473769d4ac173c6e1 .uvc-sub-heading '  data-responsive-json-new='{\"font-size\":\"\",\"line-height\":\"\"}'  style=\"font-weight:normal;\">Une navette gratuite vous am\u00e8nera vers et depuis le <a href=\"https:\/\/officialmonttremblant.com\/fr\/visiter\/village-pietonnier\/\" target=\"_blank\" rel=\"noopener\">Pedestrian Village<\/a> jusqu&rsquo;au Casino Mont Tremblant. Cette navette part du Chalet des Voyageurs (\u00e0 c\u00f4t\u00e9 du Cabriolet) toutes les 30 minutes et fait des arr\u00eats \u00e0 diff\u00e9rents endroits tels que Sommet des Neiges et h\u00f4tels sur demande. La nouvelle t\u00e9l\u00e9cabine express 8 passagers de la Station de ski Tremblant vous conduira \u00e9galement au casino. Un service de voiturier gratuit est \u00e9galement disponible toute l&rsquo;ann\u00e9e pendant les heures d&rsquo;ouverture du Casino.<\/div><\/div>[vc_separator css=\u00a0\u00bb.vc_custom_1664465562100{padding-top: 20px !important;padding-bottom: 20px !important;}\u00a0\u00bb]<div id=\"ultimate-heading-267669d4ac173c746\" class=\"uvc-heading ult-adjust-bottom-margin ultimate-heading-267669d4ac173c746 uvc-2650  uvc-heading-default-font-sizes\" data-hspacer=\"no_spacer\"  data-halign=\"left\" style=\"text-align:left\"><div class=\"uvc-heading-spacer no_spacer\" style=\"top\"><\/div><div class=\"uvc-main-heading ult-responsive\"  data-ultimate-target='.uvc-heading.ultimate-heading-267669d4ac173c746 h4'  data-responsive-json-new='{\"font-size\":\"\",\"line-height\":\"\"}' ><h4 style=\"--font-weight:theme;\">Jeux en vedette:<\/h4><\/div><div class=\"uvc-sub-heading ult-responsive\"  data-ultimate-target='.uvc-heading.ultimate-heading-267669d4ac173c746 .uvc-sub-heading '  data-responsive-json-new='{\"font-size\":\"\",\"line-height\":\"\"}'  style=\"font-weight:normal;\"><\/p>\n<ul>\n<li>Plus de 400 machines \u00e0 sous<\/li>\n<li>16 tables de jeu avec des croupiers<\/li>\n<li>3 tables de poker Texas Hold\u2019em<\/li>\n<li>Tournois Texas Hold\u2019em<\/li>\n<li>Bacarrat<\/li>\n<li>Roulette<\/li>\n<li>Cartes de poker 3<\/li>\n<li>Poker Grand Prix<\/li>\n<li>Bataille<\/li>\n<li>Black Jack<\/li>\n<li>Blackjack Interactive<\/li>\n<li>Commutateur de blackjack<\/li>\n<\/ul>\n<p><\/div><\/div>[\/vc_column][vc_column width=\u00a0\u00bb5\/12&Prime; css=\u00a0\u00bb.vc_custom_1658434969574{padding-top: 40px !important;}\u00a0\u00bb]<style type=\"text\/css\" data-type=\"the7_shortcodes-inline-css\">.shortcode-single-image-wrap.shortcode-single-image-075370ed99e288448c4edf519ae29e9b.enable-bg-rollover .rollover i,\n.shortcode-single-image-wrap.shortcode-single-image-075370ed99e288448c4edf519ae29e9b.enable-bg-rollover .rollover-video i {\n  background: -webkit-linear-gradient();\n  background: linear-gradient();\n}\n.shortcode-single-image-wrap.shortcode-single-image-075370ed99e288448c4edf519ae29e9b .rollover-icon {\n  font-size: 32px;\n  color: #ffffff;\n  min-width: 44px;\n  min-height: 44px;\n  line-height: 44px;\n  border-radius: 100px;\n  border-style: solid;\n  border-width: 0px;\n}\n.dt-icon-bg-on.shortcode-single-image-wrap.shortcode-single-image-075370ed99e288448c4edf519ae29e9b .rollover-icon {\n  background: rgba(255,255,255,0.3);\n  box-shadow: none;\n}\n<\/style><div class=\"shortcode-single-image-wrap shortcode-single-image-075370ed99e288448c4edf519ae29e9b alignnone  vc_custom_1664465569448 enable-bg-rollover dt-icon-bg-off\" ><div class=\"shortcode-single-image\"><div class=\"fancy-media-wrap  layzr-bg\" style=\"\"><img loading=\"lazy\" decoding=\"async\" class=\"preload-me lazy-load\" src=\"data:image\/svg+xml,%3Csvg%20xmlns%3D&#39;http%3A%2F%2Fwww.w3.org%2F2000%2Fsvg&#39;%20viewBox%3D&#39;0%200%20600%20400&#39;%2F%3E\" data-src=\"https:\/\/officialmonttremblant.com\/wp-content\/uploads\/2022\/09\/MTB-Casino_ete_montagne_header_1920x1080-600x400.jpg\" data-srcset=\"https:\/\/officialmonttremblant.com\/wp-content\/uploads\/2022\/09\/MTB-Casino_ete_montagne_header_1920x1080-600x400.jpg 600w, https:\/\/officialmonttremblant.com\/wp-content\/uploads\/2022\/09\/MTB-Casino_ete_montagne_header_1920x1080-1200x800.jpg 1200w\" width=\"600\" height=\"400\"  data-dt-location=\"https:\/\/officialmonttremblant.com\/fr\/eat-drink-nightlife\/casino\/mtb-casino_ete_montagne_header_1920x1080\/\" style=\"\" alt=\"\" \/><\/div><\/div><\/div><style type=\"text\/css\" data-type=\"the7_shortcodes-inline-css\">.shortcode-single-image-wrap.shortcode-single-image-94ef343e8e2ba7b64b3d5c92db32a613.enable-bg-rollover .rollover i,\n.shortcode-single-image-wrap.shortcode-single-image-94ef343e8e2ba7b64b3d5c92db32a613.enable-bg-rollover .rollover-video i {\n  background: -webkit-linear-gradient();\n  background: linear-gradient();\n}\n.shortcode-single-image-wrap.shortcode-single-image-94ef343e8e2ba7b64b3d5c92db32a613 .rollover-icon {\n  font-size: 32px;\n  color: #ffffff;\n  min-width: 44px;\n  min-height: 44px;\n  line-height: 44px;\n  border-radius: 100px;\n  border-style: solid;\n  border-width: 0px;\n}\n.dt-icon-bg-on.shortcode-single-image-wrap.shortcode-single-image-94ef343e8e2ba7b64b3d5c92db32a613 .rollover-icon {\n  background: rgba(255,255,255,0.3);\n  box-shadow: none;\n}\n<\/style><div class=\"shortcode-single-image-wrap shortcode-single-image-94ef343e8e2ba7b64b3d5c92db32a613 alignnone  enable-bg-rollover dt-icon-bg-off\" style=\"margin-top:0px; margin-bottom:0px; margin-left:0px; margin-right:0px; width:600px;\"><div class=\"shortcode-single-image\"><div class=\"fancy-media-wrap  layzr-bg\" style=\"\"><img loading=\"lazy\" decoding=\"async\" class=\"preload-me lazy-load\" src=\"data:image\/svg+xml,%3Csvg%20xmlns%3D&#39;http%3A%2F%2Fwww.w3.org%2F2000%2Fsvg&#39;%20viewBox%3D&#39;0%200%20600%20400&#39;%2F%3E\" data-src=\"https:\/\/officialmonttremblant.com\/wp-content\/uploads\/2022\/07\/Casino_de_Mont-Tremblant-2-600x400.jpg\" data-srcset=\"https:\/\/officialmonttremblant.com\/wp-content\/uploads\/2022\/07\/Casino_de_Mont-Tremblant-2-600x400.jpg 600w, https:\/\/officialmonttremblant.com\/wp-content\/uploads\/2022\/07\/Casino_de_Mont-Tremblant-2-900x600.jpg 900w\" width=\"600\" height=\"400\"  data-dt-location=\"https:\/\/officialmonttremblant.com\/fr\/eat-drink-nightlife\/casino\/casino_de_mont-tremblant-2\/\" style=\"\" alt=\"\" \/><\/div><\/div><\/div>[\/vc_column][\/vc_row]<\/p>\n","protected":false},"excerpt":{"rendered":"<p>[vc_row][vc_column][vc_column_text css=\u00a0\u00bb.vc_custom_1666292936974{padding-bottom: 25px !important;}\u00a0\u00bb]Vivez une exp\u00e9rience de divertissement incomparable : jeux, spectacles, restaurants, tournois, bars et bien plus vous attendent au Casino de Mont-Tremblant Loto-Qu\u00e9bec. En novembre 2010, le Casino a re\u00e7u la certification BOMA BEST de niveau 3 reconnaissant l&rsquo;excellence en mati\u00e8re de performance \u00e9nerg\u00e9tique et environnementale. Plus de 400 machines \u00e0 sous, un&hellip;<\/p>\n","protected":false},"author":1,"featured_media":0,"parent":22040,"menu_order":0,"comment_status":"closed","ping_status":"closed","template":"","meta":{"footnotes":""},"class_list":["post-21152","page","type-page","status-publish","hentry","description-off"],"yoast_head":"<!-- This site is optimized with the Yoast SEO Premium plugin v26.5 (Yoast SEO v26.5) - https:\/\/yoast.com\/wordpress\/plugins\/seo\/ -->\n<title>Casino - Official Mont Tremblant<\/title>\n<meta name=\"description\" content=\"Official Mont Tremblant vous donne des informations sur le Casino. Jeux, spectacles, restaurants, bars et bien plus vous attendent.\" \/>\n<meta name=\"robots\" content=\"index, follow, max-snippet:-1, max-image-preview:large, max-video-preview:-1\" \/>\n<link rel=\"canonical\" href=\"https:\/\/officialmonttremblant.com\/fr\/manger-boire-sortir\/casino\/\" \/>\n<meta property=\"og:locale\" content=\"fr_FR\" \/>\n<meta property=\"og:type\" content=\"article\" \/>\n<meta property=\"og:title\" content=\"Casino\" \/>\n<meta property=\"og:description\" content=\"Official Mont Tremblant vous donne des informations sur le Casino. Jeux, spectacles, restaurants, bars et bien plus vous attendent.\" \/>\n<meta property=\"og:url\" content=\"https:\/\/officialmonttremblant.com\/fr\/manger-boire-sortir\/casino\/\" \/>\n<meta property=\"og:site_name\" content=\"Official Mont Tremblant\" \/>\n<meta property=\"article:modified_time\" content=\"2025-07-29T16:12:38+00:00\" \/>\n<meta name=\"twitter:card\" content=\"summary_large_image\" \/>\n<meta name=\"twitter:label1\" content=\"Dur\u00e9e de lecture estim\u00e9e\" \/>\n\t<meta name=\"twitter:data1\" content=\"2 minutes\" \/>\n<script type=\"application\/ld+json\" class=\"yoast-schema-graph\">{\"@context\":\"https:\/\/schema.org\",\"@graph\":[{\"@type\":\"WebPage\",\"@id\":\"https:\/\/officialmonttremblant.com\/fr\/manger-boire-sortir\/casino\/\",\"url\":\"https:\/\/officialmonttremblant.com\/fr\/manger-boire-sortir\/casino\/\",\"name\":\"Casino - Official Mont Tremblant\",\"isPartOf\":{\"@id\":\"https:\/\/officialmonttremblant.com\/fr\/#website\"},\"datePublished\":\"2022-07-20T14:47:41+00:00\",\"dateModified\":\"2025-07-29T16:12:38+00:00\",\"description\":\"Official Mont Tremblant vous donne des informations sur le Casino. Jeux, spectacles, restaurants, bars et bien plus vous attendent.\",\"breadcrumb\":{\"@id\":\"https:\/\/officialmonttremblant.com\/fr\/manger-boire-sortir\/casino\/#breadcrumb\"},\"inLanguage\":\"fr-FR\",\"potentialAction\":[{\"@type\":\"ReadAction\",\"target\":[\"https:\/\/officialmonttremblant.com\/fr\/manger-boire-sortir\/casino\/\"]}]},{\"@type\":\"BreadcrumbList\",\"@id\":\"https:\/\/officialmonttremblant.com\/fr\/manger-boire-sortir\/casino\/#breadcrumb\",\"itemListElement\":[{\"@type\":\"ListItem\",\"position\":1,\"name\":\"Home\",\"item\":\"https:\/\/officialmonttremblant.com\/fr\/\"},{\"@type\":\"ListItem\",\"position\":2,\"name\":\"Manger-Boire-Sortir\",\"item\":\"https:\/\/officialmonttremblant.com\/fr\/manger-boire-sortir\/\"},{\"@type\":\"ListItem\",\"position\":3,\"name\":\"Casino\"}]},{\"@type\":\"WebSite\",\"@id\":\"https:\/\/officialmonttremblant.com\/fr\/#website\",\"url\":\"https:\/\/officialmonttremblant.com\/fr\/\",\"name\":\"Official Mont Tremblant\",\"description\":\"Vacation &amp; tourist guide in Mont Tremblant\",\"potentialAction\":[{\"@type\":\"SearchAction\",\"target\":{\"@type\":\"EntryPoint\",\"urlTemplate\":\"https:\/\/officialmonttremblant.com\/fr\/?s={search_term_string}\"},\"query-input\":{\"@type\":\"PropertyValueSpecification\",\"valueRequired\":true,\"valueName\":\"search_term_string\"}}],\"inLanguage\":\"fr-FR\"}]}<\/script>\n<!-- \/ Yoast SEO Premium plugin. -->","yoast_head_json":{"title":"Casino - Official Mont Tremblant","description":"Official Mont Tremblant vous donne des informations sur le Casino. Jeux, spectacles, restaurants, bars et bien plus vous attendent.","robots":{"index":"index","follow":"follow","max-snippet":"max-snippet:-1","max-image-preview":"max-image-preview:large","max-video-preview":"max-video-preview:-1"},"canonical":"https:\/\/officialmonttremblant.com\/fr\/manger-boire-sortir\/casino\/","og_locale":"fr_FR","og_type":"article","og_title":"Casino","og_description":"Official Mont Tremblant vous donne des informations sur le Casino. Jeux, spectacles, restaurants, bars et bien plus vous attendent.","og_url":"https:\/\/officialmonttremblant.com\/fr\/manger-boire-sortir\/casino\/","og_site_name":"Official Mont Tremblant","article_modified_time":"2025-07-29T16:12:38+00:00","twitter_card":"summary_large_image","twitter_misc":{"Dur\u00e9e de lecture estim\u00e9e":"2 minutes"},"schema":{"@context":"https:\/\/schema.org","@graph":[{"@type":"WebPage","@id":"https:\/\/officialmonttremblant.com\/fr\/manger-boire-sortir\/casino\/","url":"https:\/\/officialmonttremblant.com\/fr\/manger-boire-sortir\/casino\/","name":"Casino - Official Mont Tremblant","isPartOf":{"@id":"https:\/\/officialmonttremblant.com\/fr\/#website"},"datePublished":"2022-07-20T14:47:41+00:00","dateModified":"2025-07-29T16:12:38+00:00","description":"Official Mont Tremblant vous donne des informations sur le Casino. Jeux, spectacles, restaurants, bars et bien plus vous attendent.","breadcrumb":{"@id":"https:\/\/officialmonttremblant.com\/fr\/manger-boire-sortir\/casino\/#breadcrumb"},"inLanguage":"fr-FR","potentialAction":[{"@type":"ReadAction","target":["https:\/\/officialmonttremblant.com\/fr\/manger-boire-sortir\/casino\/"]}]},{"@type":"BreadcrumbList","@id":"https:\/\/officialmonttremblant.com\/fr\/manger-boire-sortir\/casino\/#breadcrumb","itemListElement":[{"@type":"ListItem","position":1,"name":"Home","item":"https:\/\/officialmonttremblant.com\/fr\/"},{"@type":"ListItem","position":2,"name":"Manger-Boire-Sortir","item":"https:\/\/officialmonttremblant.com\/fr\/manger-boire-sortir\/"},{"@type":"ListItem","position":3,"name":"Casino"}]},{"@type":"WebSite","@id":"https:\/\/officialmonttremblant.com\/fr\/#website","url":"https:\/\/officialmonttremblant.com\/fr\/","name":"Official Mont Tremblant","description":"Vacation &amp; tourist guide in Mont Tremblant","potentialAction":[{"@type":"SearchAction","target":{"@type":"EntryPoint","urlTemplate":"https:\/\/officialmonttremblant.com\/fr\/?s={search_term_string}"},"query-input":{"@type":"PropertyValueSpecification","valueRequired":true,"valueName":"search_term_string"}}],"inLanguage":"fr-FR"}]}},"jetpack_sharing_enabled":true,"_links":{"self":[{"href":"https:\/\/officialmonttremblant.com\/fr\/wp-json\/wp\/v2\/pages\/21152","targetHints":{"allow":["GET"]}}],"collection":[{"href":"https:\/\/officialmonttremblant.com\/fr\/wp-json\/wp\/v2\/pages"}],"about":[{"href":"https:\/\/officialmonttremblant.com\/fr\/wp-json\/wp\/v2\/types\/page"}],"author":[{"embeddable":true,"href":"https:\/\/officialmonttremblant.com\/fr\/wp-json\/wp\/v2\/users\/1"}],"replies":[{"embeddable":true,"href":"https:\/\/officialmonttremblant.com\/fr\/wp-json\/wp\/v2\/comments?post=21152"}],"version-history":[{"count":12,"href":"https:\/\/officialmonttremblant.com\/fr\/wp-json\/wp\/v2\/pages\/21152\/revisions"}],"predecessor-version":[{"id":26100,"href":"https:\/\/officialmonttremblant.com\/fr\/wp-json\/wp\/v2\/pages\/21152\/revisions\/26100"}],"up":[{"embeddable":true,"href":"https:\/\/officialmonttremblant.com\/fr\/wp-json\/wp\/v2\/pages\/22040"}],"wp:attachment":[{"href":"https:\/\/officialmonttremblant.com\/fr\/wp-json\/wp\/v2\/media?parent=21152"}],"curies":[{"name":"wp","href":"https:\/\/api.w.org\/{rel}","templated":true}]}}