{"id":22475,"date":"2022-09-01T12:28:54","date_gmt":"2022-09-01T16:28:54","guid":{"rendered":"https:\/\/officialmonttremblant.com\/ironman-monttremblant\/"},"modified":"2025-07-29T12:25:37","modified_gmt":"2025-07-29T16:25:37","slug":"ironman-monttremblant","status":"publish","type":"page","link":"https:\/\/officialmonttremblant.com\/fr\/evenements\/evenements-sportifs\/ironman-monttremblant\/","title":{"rendered":"Ironman Mont-Tremblant"},"content":{"rendered":"<p>[vc_row][vc_column][vc_empty_space][\/vc_column][\/vc_row][vc_row][vc_column][vc_column_text]<\/p>\n<p style=\"text-align: left;\">Official Mont-Tremblant vous offre plus d&rsquo;informations sur les \u00e9v\u00e9nements sportifs \u00e0 Tremblant dont Ironman Mont-Tremblant.<\/p>\n<p style=\"text-align: left;\"><span style=\"font-weight: 400;\">Depuis 2011 Mont Tremblant accueille cette comp\u00e9tition internationale de renom qu\u201dest Ironman.Situ\u00e9 au c\u0153ur des Laurentides, Mont-Tremblant a \u00e9t\u00e9 choisi pour sa qualit\u00e9 de son environnement et de ses parfaites conditions. Mont Tremblant est l\u2019endroit id\u00e9al pour l\u2019\u00e9v\u00e9nement Ironman gr\u00e2ce \u00e0 ses lacs et son cadre magnifique. Des milliers d\u2019 athl\u00e8tes du monde entier participent chaque \u00e9t\u00e9\u00a0 \u00e0 ce<\/span><a href=\"https:\/\/www.ironman.com\/im-mont-tremblant\" target=\"_blank\" rel=\"noopener\"><span style=\"font-weight: 400;\"> triathlon \u00e0 Mont-Tremblant<\/span><\/a><span style=\"font-weight: 400;\"> , qui en quelques ann\u00e9es est devenu un rendez vous incontournable.\u00a0<\/span><span style=\"font-weight: 400;\">La comp\u00e9tition Ironman\u00a0 se d\u00e9roule en 3 \u00e9tapes, que sont la natation, le cyclisme et la course.<\/span><\/p>\n<h3 style=\"text-align: left;\"><span style=\"font-weight: 400;\">Comp\u00e9tition de natation<\/span><\/h3>\n<p style=\"text-align: left;\"><span style=\"font-weight: 400;\">La premi\u00e8re partie d\u2019Ironman commence t\u00f4t le matin avec une comp\u00e9tition de natation au Club Tennis Plage situ\u00e9e sur le lac Tremblant. Les participants doivent parcourir 3,8 km (2,4 mile) de natation dans les eaux du lac Tremblant avec une temp\u00e9rature moyenne de 22 \u00b0 C (71\u00b0F) durant l\u2019\u00e9t\u00e9.<\/span><\/p>\n<h3 style=\"text-align: left;\"><span style=\"font-weight: 400;\">Comp\u00e9tition cycliste<\/span><\/h3>\n<p style=\"text-align: left;\"><span style=\"font-weight: 400;\">La deuxi\u00e8me partie est un v\u00e9ritable challenge. Parcourir 180 km (112 mile) \u00e0 v\u00e9lo en traversant les for\u00eats et <\/span><a href=\"https:\/\/officialmonttremblant.com\/fr\/decouvrir-tremblant\/les-laurentides\/\"><span style=\"font-weight: 400;\">les montagnes de Mont-Tremblant<\/span><\/a><span style=\"font-weight: 400;\">. Cette cat\u00e9gorie est de niveau \u00e9lev\u00e9e car les participants doivent emprunter le col \u00ab La Mont\u00e9e Ryan \u00bb, le chemin des voyageurs, puis revenir sur la station Tremblant..<\/span><\/p>\n<h3 style=\"text-align: left;\"><span style=\"font-weight: 400;\">Comp\u00e9tition de course<\/span><\/h3>\n<p style=\"text-align: left;\"><span style=\"font-weight: 400;\">La derni\u00e8re partie d\u2019Ironman Mont-Tremblant est la plus difficile des \u00e9tapes : La course \u00e0 pied de 42,2 km (26,2 mile). Les athl\u00e8tes d\u00e9couvrent les plus beaux paysages, traversent la piste c\u00e9l\u00e8bre du \u00ab P\u2019tit Train du Nord \u00bb,le lac p\u00e9tillant de Tremblant et la comp\u00e9tition vient s\u2019achever sur la station de Tremblant.<\/span><\/p>\n<p>[\/vc_column_text][\/vc_column][\/vc_row][vc_row][vc_column][vc_empty_space][\/vc_column][\/vc_row][vc_row][vc_column][vc_single_image image=\u00a0\u00bb22405&Prime; img_size=\u00a0\u00bb800&#215;500&Prime; alignment=\u00a0\u00bbcenter\u00a0\u00bb][\/vc_column][\/vc_row]<\/p>\n","protected":false},"excerpt":{"rendered":"<p>[vc_row][vc_column][vc_empty_space][\/vc_column][\/vc_row][vc_row][vc_column][vc_column_text] Official Mont-Tremblant vous offre plus d&rsquo;informations sur les \u00e9v\u00e9nements sportifs \u00e0 Tremblant dont Ironman Mont-Tremblant. Depuis 2011 Mont Tremblant accueille cette comp\u00e9tition internationale de renom qu\u201dest Ironman.Situ\u00e9 au c\u0153ur des Laurentides, Mont-Tremblant a \u00e9t\u00e9 choisi pour sa qualit\u00e9 de son environnement et de ses parfaites conditions. Mont Tremblant est l\u2019endroit id\u00e9al pour l\u2019\u00e9v\u00e9nement Ironman&hellip;<\/p>\n","protected":false},"author":5,"featured_media":22406,"parent":22500,"menu_order":0,"comment_status":"closed","ping_status":"closed","template":"","meta":{"footnotes":""},"class_list":["post-22475","page","type-page","status-publish","has-post-thumbnail","hentry","description-off"],"yoast_head":"<!-- This site is optimized with the Yoast SEO Premium plugin v26.5 (Yoast SEO v26.5) - https:\/\/yoast.com\/wordpress\/plugins\/seo\/ -->\n<title>Ironman Mont-Tremblant, Ev\u00e9nements sportifs \u00e0 Tremblant<\/title>\n<meta name=\"description\" content=\"Official Mont-Tremblant vous offre plus d&#039;informations sur les \u00e9v\u00e9nements sportifs \u00e0 Tremblant dont Ironman Mont-Tremblant.\" \/>\n<meta name=\"robots\" content=\"index, follow, max-snippet:-1, max-image-preview:large, max-video-preview:-1\" \/>\n<link rel=\"canonical\" href=\"https:\/\/officialmonttremblant.com\/fr\/evenements\/evenements-sportifs\/ironman-monttremblant\/\" \/>\n<meta property=\"og:locale\" content=\"fr_FR\" \/>\n<meta property=\"og:type\" content=\"article\" \/>\n<meta property=\"og:title\" content=\"Ironman Mont-Tremblant\" \/>\n<meta property=\"og:description\" content=\"Official Mont-Tremblant vous offre plus d&#039;informations sur les \u00e9v\u00e9nements sportifs \u00e0 Tremblant dont Ironman Mont-Tremblant.\" \/>\n<meta property=\"og:url\" content=\"https:\/\/officialmonttremblant.com\/fr\/evenements\/evenements-sportifs\/ironman-monttremblant\/\" \/>\n<meta property=\"og:site_name\" content=\"Official Mont Tremblant\" \/>\n<meta property=\"article:modified_time\" content=\"2025-07-29T16:25:37+00:00\" \/>\n<meta property=\"og:image\" content=\"https:\/\/officialmonttremblant.com\/wp-content\/uploads\/2022\/08\/ironman.jpg\" \/>\n\t<meta property=\"og:image:width\" content=\"555\" \/>\n\t<meta property=\"og:image:height\" content=\"345\" \/>\n\t<meta property=\"og:image:type\" content=\"image\/jpeg\" \/>\n<meta name=\"twitter:card\" content=\"summary_large_image\" \/>\n<meta name=\"twitter:label1\" content=\"Dur\u00e9e de lecture estim\u00e9e\" \/>\n\t<meta name=\"twitter:data1\" content=\"2 minutes\" \/>\n<script type=\"application\/ld+json\" class=\"yoast-schema-graph\">{\"@context\":\"https:\/\/schema.org\",\"@graph\":[{\"@type\":\"WebPage\",\"@id\":\"https:\/\/officialmonttremblant.com\/fr\/evenements\/evenements-sportifs\/ironman-monttremblant\/\",\"url\":\"https:\/\/officialmonttremblant.com\/fr\/evenements\/evenements-sportifs\/ironman-monttremblant\/\",\"name\":\"Ironman Mont-Tremblant, Ev\u00e9nements sportifs \u00e0 Tremblant\",\"isPartOf\":{\"@id\":\"https:\/\/officialmonttremblant.com\/fr\/#website\"},\"primaryImageOfPage\":{\"@id\":\"https:\/\/officialmonttremblant.com\/fr\/evenements\/evenements-sportifs\/ironman-monttremblant\/#primaryimage\"},\"image\":{\"@id\":\"https:\/\/officialmonttremblant.com\/fr\/evenements\/evenements-sportifs\/ironman-monttremblant\/#primaryimage\"},\"thumbnailUrl\":\"https:\/\/officialmonttremblant.com\/wp-content\/uploads\/2022\/08\/ironman.jpg\",\"datePublished\":\"2022-09-01T16:28:54+00:00\",\"dateModified\":\"2025-07-29T16:25:37+00:00\",\"description\":\"Official Mont-Tremblant vous offre plus d'informations sur les \u00e9v\u00e9nements sportifs \u00e0 Tremblant dont Ironman Mont-Tremblant.\",\"breadcrumb\":{\"@id\":\"https:\/\/officialmonttremblant.com\/fr\/evenements\/evenements-sportifs\/ironman-monttremblant\/#breadcrumb\"},\"inLanguage\":\"fr-FR\",\"potentialAction\":[{\"@type\":\"ReadAction\",\"target\":[\"https:\/\/officialmonttremblant.com\/fr\/evenements\/evenements-sportifs\/ironman-monttremblant\/\"]}]},{\"@type\":\"ImageObject\",\"inLanguage\":\"fr-FR\",\"@id\":\"https:\/\/officialmonttremblant.com\/fr\/evenements\/evenements-sportifs\/ironman-monttremblant\/#primaryimage\",\"url\":\"https:\/\/officialmonttremblant.com\/wp-content\/uploads\/2022\/08\/ironman.jpg\",\"contentUrl\":\"https:\/\/officialmonttremblant.com\/wp-content\/uploads\/2022\/08\/ironman.jpg\",\"width\":555,\"height\":345,\"caption\":\"Ironman Mont-Tremblant\"},{\"@type\":\"BreadcrumbList\",\"@id\":\"https:\/\/officialmonttremblant.com\/fr\/evenements\/evenements-sportifs\/ironman-monttremblant\/#breadcrumb\",\"itemListElement\":[{\"@type\":\"ListItem\",\"position\":1,\"name\":\"Home\",\"item\":\"https:\/\/officialmonttremblant.com\/fr\/\"},{\"@type\":\"ListItem\",\"position\":2,\"name\":\"Ev\u00e9nements \u00e0 Mont-Tremblant\",\"item\":\"https:\/\/officialmonttremblant.com\/fr\/evenements\/\"},{\"@type\":\"ListItem\",\"position\":3,\"name\":\"Ev\u00e9nements sportifs\",\"item\":\"https:\/\/officialmonttremblant.com\/fr\/evenements\/evenements-sportifs\/\"},{\"@type\":\"ListItem\",\"position\":4,\"name\":\"Ironman Mont-Tremblant\"}]},{\"@type\":\"WebSite\",\"@id\":\"https:\/\/officialmonttremblant.com\/fr\/#website\",\"url\":\"https:\/\/officialmonttremblant.com\/fr\/\",\"name\":\"Official Mont Tremblant\",\"description\":\"Vacation &amp; tourist guide in Mont Tremblant\",\"potentialAction\":[{\"@type\":\"SearchAction\",\"target\":{\"@type\":\"EntryPoint\",\"urlTemplate\":\"https:\/\/officialmonttremblant.com\/fr\/?s={search_term_string}\"},\"query-input\":{\"@type\":\"PropertyValueSpecification\",\"valueRequired\":true,\"valueName\":\"search_term_string\"}}],\"inLanguage\":\"fr-FR\"}]}<\/script>\n<!-- \/ Yoast SEO Premium plugin. -->","yoast_head_json":{"title":"Ironman Mont-Tremblant, Ev\u00e9nements sportifs \u00e0 Tremblant","description":"Official Mont-Tremblant vous offre plus d'informations sur les \u00e9v\u00e9nements sportifs \u00e0 Tremblant dont Ironman Mont-Tremblant.","robots":{"index":"index","follow":"follow","max-snippet":"max-snippet:-1","max-image-preview":"max-image-preview:large","max-video-preview":"max-video-preview:-1"},"canonical":"https:\/\/officialmonttremblant.com\/fr\/evenements\/evenements-sportifs\/ironman-monttremblant\/","og_locale":"fr_FR","og_type":"article","og_title":"Ironman Mont-Tremblant","og_description":"Official Mont-Tremblant vous offre plus d'informations sur les \u00e9v\u00e9nements sportifs \u00e0 Tremblant dont Ironman Mont-Tremblant.","og_url":"https:\/\/officialmonttremblant.com\/fr\/evenements\/evenements-sportifs\/ironman-monttremblant\/","og_site_name":"Official Mont Tremblant","article_modified_time":"2025-07-29T16:25:37+00:00","og_image":[{"width":555,"height":345,"url":"https:\/\/officialmonttremblant.com\/wp-content\/uploads\/2022\/08\/ironman.jpg","type":"image\/jpeg"}],"twitter_card":"summary_large_image","twitter_misc":{"Dur\u00e9e de lecture estim\u00e9e":"2 minutes"},"schema":{"@context":"https:\/\/schema.org","@graph":[{"@type":"WebPage","@id":"https:\/\/officialmonttremblant.com\/fr\/evenements\/evenements-sportifs\/ironman-monttremblant\/","url":"https:\/\/officialmonttremblant.com\/fr\/evenements\/evenements-sportifs\/ironman-monttremblant\/","name":"Ironman Mont-Tremblant, Ev\u00e9nements sportifs \u00e0 Tremblant","isPartOf":{"@id":"https:\/\/officialmonttremblant.com\/fr\/#website"},"primaryImageOfPage":{"@id":"https:\/\/officialmonttremblant.com\/fr\/evenements\/evenements-sportifs\/ironman-monttremblant\/#primaryimage"},"image":{"@id":"https:\/\/officialmonttremblant.com\/fr\/evenements\/evenements-sportifs\/ironman-monttremblant\/#primaryimage"},"thumbnailUrl":"https:\/\/officialmonttremblant.com\/wp-content\/uploads\/2022\/08\/ironman.jpg","datePublished":"2022-09-01T16:28:54+00:00","dateModified":"2025-07-29T16:25:37+00:00","description":"Official Mont-Tremblant vous offre plus d'informations sur les \u00e9v\u00e9nements sportifs \u00e0 Tremblant dont Ironman Mont-Tremblant.","breadcrumb":{"@id":"https:\/\/officialmonttremblant.com\/fr\/evenements\/evenements-sportifs\/ironman-monttremblant\/#breadcrumb"},"inLanguage":"fr-FR","potentialAction":[{"@type":"ReadAction","target":["https:\/\/officialmonttremblant.com\/fr\/evenements\/evenements-sportifs\/ironman-monttremblant\/"]}]},{"@type":"ImageObject","inLanguage":"fr-FR","@id":"https:\/\/officialmonttremblant.com\/fr\/evenements\/evenements-sportifs\/ironman-monttremblant\/#primaryimage","url":"https:\/\/officialmonttremblant.com\/wp-content\/uploads\/2022\/08\/ironman.jpg","contentUrl":"https:\/\/officialmonttremblant.com\/wp-content\/uploads\/2022\/08\/ironman.jpg","width":555,"height":345,"caption":"Ironman Mont-Tremblant"},{"@type":"BreadcrumbList","@id":"https:\/\/officialmonttremblant.com\/fr\/evenements\/evenements-sportifs\/ironman-monttremblant\/#breadcrumb","itemListElement":[{"@type":"ListItem","position":1,"name":"Home","item":"https:\/\/officialmonttremblant.com\/fr\/"},{"@type":"ListItem","position":2,"name":"Ev\u00e9nements \u00e0 Mont-Tremblant","item":"https:\/\/officialmonttremblant.com\/fr\/evenements\/"},{"@type":"ListItem","position":3,"name":"Ev\u00e9nements sportifs","item":"https:\/\/officialmonttremblant.com\/fr\/evenements\/evenements-sportifs\/"},{"@type":"ListItem","position":4,"name":"Ironman Mont-Tremblant"}]},{"@type":"WebSite","@id":"https:\/\/officialmonttremblant.com\/fr\/#website","url":"https:\/\/officialmonttremblant.com\/fr\/","name":"Official Mont Tremblant","description":"Vacation &amp; tourist guide in Mont Tremblant","potentialAction":[{"@type":"SearchAction","target":{"@type":"EntryPoint","urlTemplate":"https:\/\/officialmonttremblant.com\/fr\/?s={search_term_string}"},"query-input":{"@type":"PropertyValueSpecification","valueRequired":true,"valueName":"search_term_string"}}],"inLanguage":"fr-FR"}]}},"jetpack_sharing_enabled":true,"_links":{"self":[{"href":"https:\/\/officialmonttremblant.com\/fr\/wp-json\/wp\/v2\/pages\/22475","targetHints":{"allow":["GET"]}}],"collection":[{"href":"https:\/\/officialmonttremblant.com\/fr\/wp-json\/wp\/v2\/pages"}],"about":[{"href":"https:\/\/officialmonttremblant.com\/fr\/wp-json\/wp\/v2\/types\/page"}],"author":[{"embeddable":true,"href":"https:\/\/officialmonttremblant.com\/fr\/wp-json\/wp\/v2\/users\/5"}],"replies":[{"embeddable":true,"href":"https:\/\/officialmonttremblant.com\/fr\/wp-json\/wp\/v2\/comments?post=22475"}],"version-history":[{"count":4,"href":"https:\/\/officialmonttremblant.com\/fr\/wp-json\/wp\/v2\/pages\/22475\/revisions"}],"predecessor-version":[{"id":26697,"href":"https:\/\/officialmonttremblant.com\/fr\/wp-json\/wp\/v2\/pages\/22475\/revisions\/26697"}],"up":[{"embeddable":true,"href":"https:\/\/officialmonttremblant.com\/fr\/wp-json\/wp\/v2\/pages\/22500"}],"wp:featuredmedia":[{"embeddable":true,"href":"https:\/\/officialmonttremblant.com\/fr\/wp-json\/wp\/v2\/media\/22406"}],"wp:attachment":[{"href":"https:\/\/officialmonttremblant.com\/fr\/wp-json\/wp\/v2\/media?parent=22475"}],"curies":[{"name":"wp","href":"https:\/\/api.w.org\/{rel}","templated":true}]}}