{"id":22476,"date":"2022-09-01T12:47:11","date_gmt":"2022-09-01T16:47:11","guid":{"rendered":"https:\/\/officialmonttremblant.com\/24-h-tremblant\/"},"modified":"2025-07-29T12:25:22","modified_gmt":"2025-07-29T16:25:22","slug":"24-h-tremblant","status":"publish","type":"page","link":"https:\/\/officialmonttremblant.com\/fr\/evenements\/evenements-sportifs\/24-h-tremblant\/","title":{"rendered":"24 H Tremblant"},"content":{"rendered":"<p>[vc_row][vc_column][vc_empty_space][\/vc_column][\/vc_row][vc_row][vc_column][vc_column_text]<\/p>\n<p style=\"text-align: center;\"><strong>24\u00a0HEURES<\/strong><\/p>\n<p style=\"text-align: center;\"><strong>1440\u00a0MINUTES<\/strong><\/p>\n<p style=\"text-align: center;\"><strong>864000\u00a0SECONDES<\/strong><\/p>\n<p>&nbsp;<\/p>\n<p>Official Mont-Tremblant vous donne plus d&rsquo;informations sur les \u00e9v\u00e9nements sportifs \u00e0 Mont-Tremblant dont 24H Tremblant.\u00a0<span style=\"font-weight: 400;\">Le 24h Tremblant c\u2019est LE d\u00e9fi sportif hivernal au Qu\u00e9bec. Pendant 24 h (de samedi midi \u00e0 dimanche midi)\u00a0 des \u00e9quipes de 6 \u00e0 12 participants se relaient jour et nuit en ski alpin, en snowboard, en randonn\u00e9e alpine, \u00e0 la marche, course.<\/span><\/p>\n<p><span style=\"font-weight: 400;\">En amont de l\u2019\u00e9v\u00e8nement les participants effectuent une lev\u00e9e de fonds et tous les profits sont revers\u00e9s \u00e0 la cause des enfants. <\/span><span style=\"font-weight: 400;\">Depuis son lancement en 2001, cet \u00e9v\u00e9nement a r\u00e9colt\u00e9 plus de 32 millions de dollars pour la cause des enfants. <\/span><span style=\"font-weight: 400;\">Pendant cet \u00e9v\u00e8nement sportif , les participants rivalisent dans une course effr\u00e9n\u00e9e pour couvrir la plupart du terrain et lever la plus grande somme d\u2019argent possible pour la cause des enfants.\u00a0<\/span><span style=\"font-weight: 400;\">Ce d\u00e9fi sportif est consid\u00e9r\u00e9 comme l\u2019un des plus grands \u00e9v\u00e9nements \u00e0 Mont-Tremblant r\u00e9unissant des sportifs enthousiastes, des philanthropes et des c\u00e9l\u00e9brit\u00e9s du monde entier. Durant une p\u00e9riode de 3 jours, des personnes de tous \u00e2ges vont vivre\u00a0 plusieurs \u00e9v\u00e9nements et festivit\u00e9s incluant des concerts gratuits et tout cela pour la bonne cause.<\/span><\/p>\n<p><span style=\"font-weight: 400;\">Le 24h Tremblant est accessible pour les skieurs et snowboarders de tous niveaux. La course commence le samedi \u00e0 midi suivant la parade d\u2019inauguration commen\u00e7ant au pied\u00a0 du Cabriolet lift (Place des Voyageurs) et elle finit \u00e0 midi le jour suivant.<\/span><\/p>\n<p><span style=\"font-weight: 400;\">De nombreux <\/span><span style=\"font-weight: 400;\">\u00e9v\u00e9nements \u00e0 Mont-Tremblant<\/span><span style=\"font-weight: 400;\"> rythment la station tout au long de l\u2019ann\u00e9e pour le plus grand plaisir des habitants et des voyageurs.<\/span>[\/vc_column_text][\/vc_column][\/vc_row][vc_row][vc_column][vc_empty_space][\/vc_column][\/vc_row][vc_row][vc_column][vc_single_image image=\u00a0\u00bb22447&Prime; img_size=\u00a0\u00bb900&#215;700&Prime; alignment=\u00a0\u00bbcenter\u00a0\u00bb][\/vc_column][\/vc_row]<\/p>\n","protected":false},"excerpt":{"rendered":"<p>[vc_row][vc_column][vc_empty_space][\/vc_column][\/vc_row][vc_row][vc_column][vc_column_text] 24\u00a0HEURES 1440\u00a0MINUTES 864000\u00a0SECONDES &nbsp; Official Mont-Tremblant vous donne plus d&rsquo;informations sur les \u00e9v\u00e9nements sportifs \u00e0 Mont-Tremblant dont 24H Tremblant.\u00a0Le 24h Tremblant c\u2019est LE d\u00e9fi sportif hivernal au Qu\u00e9bec. Pendant 24 h (de samedi midi \u00e0 dimanche midi)\u00a0 des \u00e9quipes de 6 \u00e0 12 participants se relaient jour et nuit en ski alpin, en snowboard,&hellip;<\/p>\n","protected":false},"author":5,"featured_media":22448,"parent":22500,"menu_order":0,"comment_status":"closed","ping_status":"closed","template":"","meta":{"footnotes":""},"class_list":["post-22476","page","type-page","status-publish","has-post-thumbnail","hentry","description-off"],"yoast_head":"<!-- This site is optimized with the Yoast SEO Premium plugin v26.5 (Yoast SEO v26.5) - https:\/\/yoast.com\/wordpress\/plugins\/seo\/ -->\n<title>24H Tremblant, \u00e9v\u00e9nements sportifs \u00e0 Mont-Tremblant<\/title>\n<meta name=\"description\" content=\"Official Mont-Tremblant vous donne plus d&#039;informations sur les \u00e9v\u00e9nements sportifs \u00e0 Mont-Tremblant dont 24H Tremblant.\" \/>\n<meta name=\"robots\" content=\"index, follow, max-snippet:-1, max-image-preview:large, max-video-preview:-1\" \/>\n<link rel=\"canonical\" href=\"https:\/\/officialmonttremblant.com\/fr\/evenements\/evenements-sportifs\/24-h-tremblant\/\" \/>\n<meta property=\"og:locale\" content=\"fr_FR\" \/>\n<meta property=\"og:type\" content=\"article\" \/>\n<meta property=\"og:title\" content=\"24 H Tremblant\" \/>\n<meta property=\"og:description\" content=\"Official Mont-Tremblant vous donne plus d&#039;informations sur les \u00e9v\u00e9nements sportifs \u00e0 Mont-Tremblant dont 24H Tremblant.\" \/>\n<meta property=\"og:url\" content=\"https:\/\/officialmonttremblant.com\/fr\/evenements\/evenements-sportifs\/24-h-tremblant\/\" \/>\n<meta property=\"og:site_name\" content=\"Official Mont Tremblant\" \/>\n<meta property=\"article:modified_time\" content=\"2025-07-29T16:25:22+00:00\" \/>\n<meta property=\"og:image\" content=\"https:\/\/officialmonttremblant.com\/wp-content\/uploads\/2022\/09\/24h.jpeg\" \/>\n\t<meta property=\"og:image:width\" content=\"275\" \/>\n\t<meta property=\"og:image:height\" content=\"183\" \/>\n\t<meta property=\"og:image:type\" content=\"image\/jpeg\" \/>\n<meta name=\"twitter:card\" content=\"summary_large_image\" \/>\n<meta name=\"twitter:label1\" content=\"Dur\u00e9e de lecture estim\u00e9e\" \/>\n\t<meta name=\"twitter:data1\" content=\"2 minutes\" \/>\n<script type=\"application\/ld+json\" class=\"yoast-schema-graph\">{\"@context\":\"https:\/\/schema.org\",\"@graph\":[{\"@type\":\"WebPage\",\"@id\":\"https:\/\/officialmonttremblant.com\/fr\/evenements\/evenements-sportifs\/24-h-tremblant\/\",\"url\":\"https:\/\/officialmonttremblant.com\/fr\/evenements\/evenements-sportifs\/24-h-tremblant\/\",\"name\":\"24H Tremblant, \u00e9v\u00e9nements sportifs \u00e0 Mont-Tremblant\",\"isPartOf\":{\"@id\":\"https:\/\/officialmonttremblant.com\/fr\/#website\"},\"primaryImageOfPage\":{\"@id\":\"https:\/\/officialmonttremblant.com\/fr\/evenements\/evenements-sportifs\/24-h-tremblant\/#primaryimage\"},\"image\":{\"@id\":\"https:\/\/officialmonttremblant.com\/fr\/evenements\/evenements-sportifs\/24-h-tremblant\/#primaryimage\"},\"thumbnailUrl\":\"https:\/\/officialmonttremblant.com\/wp-content\/uploads\/2022\/09\/24h.jpeg\",\"datePublished\":\"2022-09-01T16:47:11+00:00\",\"dateModified\":\"2025-07-29T16:25:22+00:00\",\"description\":\"Official Mont-Tremblant vous donne plus d'informations sur les \u00e9v\u00e9nements sportifs \u00e0 Mont-Tremblant dont 24H Tremblant.\",\"breadcrumb\":{\"@id\":\"https:\/\/officialmonttremblant.com\/fr\/evenements\/evenements-sportifs\/24-h-tremblant\/#breadcrumb\"},\"inLanguage\":\"fr-FR\",\"potentialAction\":[{\"@type\":\"ReadAction\",\"target\":[\"https:\/\/officialmonttremblant.com\/fr\/evenements\/evenements-sportifs\/24-h-tremblant\/\"]}]},{\"@type\":\"ImageObject\",\"inLanguage\":\"fr-FR\",\"@id\":\"https:\/\/officialmonttremblant.com\/fr\/evenements\/evenements-sportifs\/24-h-tremblant\/#primaryimage\",\"url\":\"https:\/\/officialmonttremblant.com\/wp-content\/uploads\/2022\/09\/24h.jpeg\",\"contentUrl\":\"https:\/\/officialmonttremblant.com\/wp-content\/uploads\/2022\/09\/24h.jpeg\",\"width\":275,\"height\":183,\"caption\":\"24H Tremblant\"},{\"@type\":\"BreadcrumbList\",\"@id\":\"https:\/\/officialmonttremblant.com\/fr\/evenements\/evenements-sportifs\/24-h-tremblant\/#breadcrumb\",\"itemListElement\":[{\"@type\":\"ListItem\",\"position\":1,\"name\":\"Home\",\"item\":\"https:\/\/officialmonttremblant.com\/fr\/\"},{\"@type\":\"ListItem\",\"position\":2,\"name\":\"Ev\u00e9nements \u00e0 Mont-Tremblant\",\"item\":\"https:\/\/officialmonttremblant.com\/fr\/evenements\/\"},{\"@type\":\"ListItem\",\"position\":3,\"name\":\"Ev\u00e9nements sportifs\",\"item\":\"https:\/\/officialmonttremblant.com\/fr\/evenements\/evenements-sportifs\/\"},{\"@type\":\"ListItem\",\"position\":4,\"name\":\"24 H Tremblant\"}]},{\"@type\":\"WebSite\",\"@id\":\"https:\/\/officialmonttremblant.com\/fr\/#website\",\"url\":\"https:\/\/officialmonttremblant.com\/fr\/\",\"name\":\"Official Mont Tremblant\",\"description\":\"Vacation &amp; tourist guide in Mont Tremblant\",\"potentialAction\":[{\"@type\":\"SearchAction\",\"target\":{\"@type\":\"EntryPoint\",\"urlTemplate\":\"https:\/\/officialmonttremblant.com\/fr\/?s={search_term_string}\"},\"query-input\":{\"@type\":\"PropertyValueSpecification\",\"valueRequired\":true,\"valueName\":\"search_term_string\"}}],\"inLanguage\":\"fr-FR\"}]}<\/script>\n<!-- \/ Yoast SEO Premium plugin. -->","yoast_head_json":{"title":"24H Tremblant, \u00e9v\u00e9nements sportifs \u00e0 Mont-Tremblant","description":"Official Mont-Tremblant vous donne plus d'informations sur les \u00e9v\u00e9nements sportifs \u00e0 Mont-Tremblant dont 24H Tremblant.","robots":{"index":"index","follow":"follow","max-snippet":"max-snippet:-1","max-image-preview":"max-image-preview:large","max-video-preview":"max-video-preview:-1"},"canonical":"https:\/\/officialmonttremblant.com\/fr\/evenements\/evenements-sportifs\/24-h-tremblant\/","og_locale":"fr_FR","og_type":"article","og_title":"24 H Tremblant","og_description":"Official Mont-Tremblant vous donne plus d'informations sur les \u00e9v\u00e9nements sportifs \u00e0 Mont-Tremblant dont 24H Tremblant.","og_url":"https:\/\/officialmonttremblant.com\/fr\/evenements\/evenements-sportifs\/24-h-tremblant\/","og_site_name":"Official Mont Tremblant","article_modified_time":"2025-07-29T16:25:22+00:00","og_image":[{"width":275,"height":183,"url":"https:\/\/officialmonttremblant.com\/wp-content\/uploads\/2022\/09\/24h.jpeg","type":"image\/jpeg"}],"twitter_card":"summary_large_image","twitter_misc":{"Dur\u00e9e de lecture estim\u00e9e":"2 minutes"},"schema":{"@context":"https:\/\/schema.org","@graph":[{"@type":"WebPage","@id":"https:\/\/officialmonttremblant.com\/fr\/evenements\/evenements-sportifs\/24-h-tremblant\/","url":"https:\/\/officialmonttremblant.com\/fr\/evenements\/evenements-sportifs\/24-h-tremblant\/","name":"24H Tremblant, \u00e9v\u00e9nements sportifs \u00e0 Mont-Tremblant","isPartOf":{"@id":"https:\/\/officialmonttremblant.com\/fr\/#website"},"primaryImageOfPage":{"@id":"https:\/\/officialmonttremblant.com\/fr\/evenements\/evenements-sportifs\/24-h-tremblant\/#primaryimage"},"image":{"@id":"https:\/\/officialmonttremblant.com\/fr\/evenements\/evenements-sportifs\/24-h-tremblant\/#primaryimage"},"thumbnailUrl":"https:\/\/officialmonttremblant.com\/wp-content\/uploads\/2022\/09\/24h.jpeg","datePublished":"2022-09-01T16:47:11+00:00","dateModified":"2025-07-29T16:25:22+00:00","description":"Official Mont-Tremblant vous donne plus d'informations sur les \u00e9v\u00e9nements sportifs \u00e0 Mont-Tremblant dont 24H Tremblant.","breadcrumb":{"@id":"https:\/\/officialmonttremblant.com\/fr\/evenements\/evenements-sportifs\/24-h-tremblant\/#breadcrumb"},"inLanguage":"fr-FR","potentialAction":[{"@type":"ReadAction","target":["https:\/\/officialmonttremblant.com\/fr\/evenements\/evenements-sportifs\/24-h-tremblant\/"]}]},{"@type":"ImageObject","inLanguage":"fr-FR","@id":"https:\/\/officialmonttremblant.com\/fr\/evenements\/evenements-sportifs\/24-h-tremblant\/#primaryimage","url":"https:\/\/officialmonttremblant.com\/wp-content\/uploads\/2022\/09\/24h.jpeg","contentUrl":"https:\/\/officialmonttremblant.com\/wp-content\/uploads\/2022\/09\/24h.jpeg","width":275,"height":183,"caption":"24H Tremblant"},{"@type":"BreadcrumbList","@id":"https:\/\/officialmonttremblant.com\/fr\/evenements\/evenements-sportifs\/24-h-tremblant\/#breadcrumb","itemListElement":[{"@type":"ListItem","position":1,"name":"Home","item":"https:\/\/officialmonttremblant.com\/fr\/"},{"@type":"ListItem","position":2,"name":"Ev\u00e9nements \u00e0 Mont-Tremblant","item":"https:\/\/officialmonttremblant.com\/fr\/evenements\/"},{"@type":"ListItem","position":3,"name":"Ev\u00e9nements sportifs","item":"https:\/\/officialmonttremblant.com\/fr\/evenements\/evenements-sportifs\/"},{"@type":"ListItem","position":4,"name":"24 H Tremblant"}]},{"@type":"WebSite","@id":"https:\/\/officialmonttremblant.com\/fr\/#website","url":"https:\/\/officialmonttremblant.com\/fr\/","name":"Official Mont Tremblant","description":"Vacation &amp; tourist guide in Mont Tremblant","potentialAction":[{"@type":"SearchAction","target":{"@type":"EntryPoint","urlTemplate":"https:\/\/officialmonttremblant.com\/fr\/?s={search_term_string}"},"query-input":{"@type":"PropertyValueSpecification","valueRequired":true,"valueName":"search_term_string"}}],"inLanguage":"fr-FR"}]}},"jetpack_sharing_enabled":true,"_links":{"self":[{"href":"https:\/\/officialmonttremblant.com\/fr\/wp-json\/wp\/v2\/pages\/22476","targetHints":{"allow":["GET"]}}],"collection":[{"href":"https:\/\/officialmonttremblant.com\/fr\/wp-json\/wp\/v2\/pages"}],"about":[{"href":"https:\/\/officialmonttremblant.com\/fr\/wp-json\/wp\/v2\/types\/page"}],"author":[{"embeddable":true,"href":"https:\/\/officialmonttremblant.com\/fr\/wp-json\/wp\/v2\/users\/5"}],"replies":[{"embeddable":true,"href":"https:\/\/officialmonttremblant.com\/fr\/wp-json\/wp\/v2\/comments?post=22476"}],"version-history":[{"count":7,"href":"https:\/\/officialmonttremblant.com\/fr\/wp-json\/wp\/v2\/pages\/22476\/revisions"}],"predecessor-version":[{"id":26728,"href":"https:\/\/officialmonttremblant.com\/fr\/wp-json\/wp\/v2\/pages\/22476\/revisions\/26728"}],"up":[{"embeddable":true,"href":"https:\/\/officialmonttremblant.com\/fr\/wp-json\/wp\/v2\/pages\/22500"}],"wp:featuredmedia":[{"embeddable":true,"href":"https:\/\/officialmonttremblant.com\/fr\/wp-json\/wp\/v2\/media\/22448"}],"wp:attachment":[{"href":"https:\/\/officialmonttremblant.com\/fr\/wp-json\/wp\/v2\/media?parent=22476"}],"curies":[{"name":"wp","href":"https:\/\/api.w.org\/{rel}","templated":true}]}}