{"id":22477,"date":"2022-09-01T13:11:35","date_gmt":"2022-09-01T17:11:35","guid":{"rendered":"https:\/\/officialmonttremblant.com\/cycling-festival-crossroads-tremblant\/"},"modified":"2025-07-29T12:25:29","modified_gmt":"2025-07-29T16:25:29","slug":"festival-de-velo-crossroads-tremblant","status":"publish","type":"page","link":"https:\/\/officialmonttremblant.com\/fr\/evenements\/evenements-sportifs\/festival-de-velo-crossroads-tremblant\/","title":{"rendered":"Festival de v\u00e9lo Crossroads Tremblant"},"content":{"rendered":"<p>[vc_row][vc_column][vc_empty_space][\/vc_column][\/vc_row][vc_row][vc_column][vc_column_text]<\/p>\n<p style=\"text-align: left;\">Official Mont-Tremblant vous donne plus d&rsquo;informations sur les \u00e9v\u00e9nements \u00e0 Tremblant dont le festival de v\u00e9lo Crossroads Tremblant.\u00a0<span style=\"font-weight: 400;\">Le Festival Crossroads Tremblant, a lieu chaque ann\u00e9e au printemps. Ce rassemblement de cyclistes fait partie des festivals et \u00e9v\u00e9nements originaux qui contribuent au dynamisme de la r\u00e9gion. <\/span><span style=\"font-weight: 400;\">Le festival de ve\u0301lo, inclue les Coupes Canada et Que\u0301bec de ve\u0301lo de montagne, le Gravel Fondo ainsi que le Gran Fondo Mont-Tremblant et a\u00a0 lieu au centre de Vill\u00e9giature Tremblant<\/span><\/p>\n<p style=\"text-align: left;\"><span style=\"font-weight: 400;\">Des athl\u00e8tes du Canada et\u00a0 du monde entier s\u2019affrontent dans des \u00e9preuves de cross-country sur les sentiers officiels de la Station Mont Tremblant.\u00a0<\/span><span style=\"font-weight: 400;\">Mais pas uniquement ! Ce festival convie \u00e9galement les amateurs de v\u00e9lo \u00e0 des moments de d\u00e9passement forts en \u00e9motions tout en faisant de l\u2019activit\u00e9 physique.\u00a0<\/span><\/p>\n<p style=\"text-align: left;\"><span style=\"font-weight: 400;\">Crossroads Tremblant, c\u2019est un \u00e9v\u00e9nement d\u2019envergure en plein c\u0153ur de Mont-Tremblant, o\u00f9 cyclistes de montagne et de route s\u2019unissent pour passer du bon temps et partager leur passion pour le sport. De la boue, de l\u2019asphalte, des kilom\u00e8tres \u00e0 parcourir en sentiers et sur route, du d\u00e9nivel\u00e9 en mont\u00e9es et en descentes. C\u2019est LE rendez-vous annuel pour lancer la saison et d\u00e9couvrir la r\u00e9gion sur deux roues.\u00a0<\/span><span style=\"font-weight: 400;\">Les festivaliers se laissent charmer par le village de Mont-Tremblant et ses environs et savent\u00a0 appr\u00e9cier l\u2019accueil chaleureux de la population locale.<\/span><\/p>\n<p style=\"text-align: left;\"><span style=\"font-weight: 400;\"><strong>Adresse :<\/strong> <\/span><span style=\"font-weight: 400;\">\u00a0Resort Tremblant, 1000 Chemin des Voyageurs, Mont-Tremblant, QC J8E 1T1<\/span><\/p>\n<p>[\/vc_column_text][\/vc_column][\/vc_row][vc_row][vc_column][vc_empty_space][\/vc_column][\/vc_row][vc_row][vc_column][vc_single_image image=\u00a0\u00bb22452&Prime; img_size=\u00a0\u00bb800&#215;500&Prime; alignment=\u00a0\u00bbcenter\u00a0\u00bb][\/vc_column][\/vc_row]<\/p>\n","protected":false},"excerpt":{"rendered":"<p>[vc_row][vc_column][vc_empty_space][\/vc_column][\/vc_row][vc_row][vc_column][vc_column_text] Official Mont-Tremblant vous donne plus d&rsquo;informations sur les \u00e9v\u00e9nements \u00e0 Tremblant dont le festival de v\u00e9lo Crossroads Tremblant.\u00a0Le Festival Crossroads Tremblant, a lieu chaque ann\u00e9e au printemps. Ce rassemblement de cyclistes fait partie des festivals et \u00e9v\u00e9nements originaux qui contribuent au dynamisme de la r\u00e9gion. Le festival de ve\u0301lo, inclue les Coupes Canada et&hellip;<\/p>\n","protected":false},"author":5,"featured_media":0,"parent":22500,"menu_order":0,"comment_status":"closed","ping_status":"closed","template":"","meta":{"footnotes":""},"class_list":["post-22477","page","type-page","status-publish","hentry","description-off"],"yoast_head":"<!-- This site is optimized with the Yoast SEO Premium plugin v26.5 (Yoast SEO v26.5) - https:\/\/yoast.com\/wordpress\/plugins\/seo\/ -->\n<title>Festival de v\u00e9lo Crossroads Tremblant, \u00e9v\u00e9nements \u00e0 Tremblant<\/title>\n<meta name=\"description\" content=\"Official Mont-Tremblant vous donne plus d&#039;informations sur les \u00e9v\u00e9nements \u00e0 Tremblant dont le festival de v\u00e9lo Crossroads Tremblant.\" \/>\n<meta name=\"robots\" content=\"index, follow, max-snippet:-1, max-image-preview:large, max-video-preview:-1\" \/>\n<link rel=\"canonical\" href=\"https:\/\/officialmonttremblant.com\/fr\/evenements\/evenements-sportifs\/festival-de-velo-crossroads-tremblant\/\" \/>\n<meta property=\"og:locale\" content=\"fr_FR\" \/>\n<meta property=\"og:type\" content=\"article\" \/>\n<meta property=\"og:title\" content=\"Festival de v\u00e9lo Crossroads Tremblant\" \/>\n<meta property=\"og:description\" content=\"Official Mont-Tremblant vous donne plus d&#039;informations sur les \u00e9v\u00e9nements \u00e0 Tremblant dont le festival de v\u00e9lo Crossroads Tremblant.\" \/>\n<meta property=\"og:url\" content=\"https:\/\/officialmonttremblant.com\/fr\/evenements\/evenements-sportifs\/festival-de-velo-crossroads-tremblant\/\" \/>\n<meta property=\"og:site_name\" content=\"Official Mont Tremblant\" \/>\n<meta property=\"article:modified_time\" content=\"2025-07-29T16:25:29+00:00\" \/>\n<meta name=\"twitter:card\" content=\"summary_large_image\" \/>\n<meta name=\"twitter:label1\" content=\"Dur\u00e9e de lecture estim\u00e9e\" \/>\n\t<meta name=\"twitter:data1\" content=\"2 minutes\" \/>\n<script type=\"application\/ld+json\" class=\"yoast-schema-graph\">{\"@context\":\"https:\/\/schema.org\",\"@graph\":[{\"@type\":\"WebPage\",\"@id\":\"https:\/\/officialmonttremblant.com\/fr\/evenements\/evenements-sportifs\/festival-de-velo-crossroads-tremblant\/\",\"url\":\"https:\/\/officialmonttremblant.com\/fr\/evenements\/evenements-sportifs\/festival-de-velo-crossroads-tremblant\/\",\"name\":\"Festival de v\u00e9lo Crossroads Tremblant, \u00e9v\u00e9nements \u00e0 Tremblant\",\"isPartOf\":{\"@id\":\"https:\/\/officialmonttremblant.com\/fr\/#website\"},\"datePublished\":\"2022-09-01T17:11:35+00:00\",\"dateModified\":\"2025-07-29T16:25:29+00:00\",\"description\":\"Official Mont-Tremblant vous donne plus d'informations sur les \u00e9v\u00e9nements \u00e0 Tremblant dont le festival de v\u00e9lo Crossroads Tremblant.\",\"breadcrumb\":{\"@id\":\"https:\/\/officialmonttremblant.com\/fr\/evenements\/evenements-sportifs\/festival-de-velo-crossroads-tremblant\/#breadcrumb\"},\"inLanguage\":\"fr-FR\",\"potentialAction\":[{\"@type\":\"ReadAction\",\"target\":[\"https:\/\/officialmonttremblant.com\/fr\/evenements\/evenements-sportifs\/festival-de-velo-crossroads-tremblant\/\"]}]},{\"@type\":\"BreadcrumbList\",\"@id\":\"https:\/\/officialmonttremblant.com\/fr\/evenements\/evenements-sportifs\/festival-de-velo-crossroads-tremblant\/#breadcrumb\",\"itemListElement\":[{\"@type\":\"ListItem\",\"position\":1,\"name\":\"Home\",\"item\":\"https:\/\/officialmonttremblant.com\/fr\/\"},{\"@type\":\"ListItem\",\"position\":2,\"name\":\"Ev\u00e9nements \u00e0 Mont-Tremblant\",\"item\":\"https:\/\/officialmonttremblant.com\/fr\/evenements\/\"},{\"@type\":\"ListItem\",\"position\":3,\"name\":\"Ev\u00e9nements sportifs\",\"item\":\"https:\/\/officialmonttremblant.com\/fr\/evenements\/evenements-sportifs\/\"},{\"@type\":\"ListItem\",\"position\":4,\"name\":\"Festival de v\u00e9lo Crossroads Tremblant\"}]},{\"@type\":\"WebSite\",\"@id\":\"https:\/\/officialmonttremblant.com\/fr\/#website\",\"url\":\"https:\/\/officialmonttremblant.com\/fr\/\",\"name\":\"Official Mont Tremblant\",\"description\":\"Vacation &amp; tourist guide in Mont Tremblant\",\"potentialAction\":[{\"@type\":\"SearchAction\",\"target\":{\"@type\":\"EntryPoint\",\"urlTemplate\":\"https:\/\/officialmonttremblant.com\/fr\/?s={search_term_string}\"},\"query-input\":{\"@type\":\"PropertyValueSpecification\",\"valueRequired\":true,\"valueName\":\"search_term_string\"}}],\"inLanguage\":\"fr-FR\"}]}<\/script>\n<!-- \/ Yoast SEO Premium plugin. -->","yoast_head_json":{"title":"Festival de v\u00e9lo Crossroads Tremblant, \u00e9v\u00e9nements \u00e0 Tremblant","description":"Official Mont-Tremblant vous donne plus d'informations sur les \u00e9v\u00e9nements \u00e0 Tremblant dont le festival de v\u00e9lo Crossroads Tremblant.","robots":{"index":"index","follow":"follow","max-snippet":"max-snippet:-1","max-image-preview":"max-image-preview:large","max-video-preview":"max-video-preview:-1"},"canonical":"https:\/\/officialmonttremblant.com\/fr\/evenements\/evenements-sportifs\/festival-de-velo-crossroads-tremblant\/","og_locale":"fr_FR","og_type":"article","og_title":"Festival de v\u00e9lo Crossroads Tremblant","og_description":"Official Mont-Tremblant vous donne plus d'informations sur les \u00e9v\u00e9nements \u00e0 Tremblant dont le festival de v\u00e9lo Crossroads Tremblant.","og_url":"https:\/\/officialmonttremblant.com\/fr\/evenements\/evenements-sportifs\/festival-de-velo-crossroads-tremblant\/","og_site_name":"Official Mont Tremblant","article_modified_time":"2025-07-29T16:25:29+00:00","twitter_card":"summary_large_image","twitter_misc":{"Dur\u00e9e de lecture estim\u00e9e":"2 minutes"},"schema":{"@context":"https:\/\/schema.org","@graph":[{"@type":"WebPage","@id":"https:\/\/officialmonttremblant.com\/fr\/evenements\/evenements-sportifs\/festival-de-velo-crossroads-tremblant\/","url":"https:\/\/officialmonttremblant.com\/fr\/evenements\/evenements-sportifs\/festival-de-velo-crossroads-tremblant\/","name":"Festival de v\u00e9lo Crossroads Tremblant, \u00e9v\u00e9nements \u00e0 Tremblant","isPartOf":{"@id":"https:\/\/officialmonttremblant.com\/fr\/#website"},"datePublished":"2022-09-01T17:11:35+00:00","dateModified":"2025-07-29T16:25:29+00:00","description":"Official Mont-Tremblant vous donne plus d'informations sur les \u00e9v\u00e9nements \u00e0 Tremblant dont le festival de v\u00e9lo Crossroads Tremblant.","breadcrumb":{"@id":"https:\/\/officialmonttremblant.com\/fr\/evenements\/evenements-sportifs\/festival-de-velo-crossroads-tremblant\/#breadcrumb"},"inLanguage":"fr-FR","potentialAction":[{"@type":"ReadAction","target":["https:\/\/officialmonttremblant.com\/fr\/evenements\/evenements-sportifs\/festival-de-velo-crossroads-tremblant\/"]}]},{"@type":"BreadcrumbList","@id":"https:\/\/officialmonttremblant.com\/fr\/evenements\/evenements-sportifs\/festival-de-velo-crossroads-tremblant\/#breadcrumb","itemListElement":[{"@type":"ListItem","position":1,"name":"Home","item":"https:\/\/officialmonttremblant.com\/fr\/"},{"@type":"ListItem","position":2,"name":"Ev\u00e9nements \u00e0 Mont-Tremblant","item":"https:\/\/officialmonttremblant.com\/fr\/evenements\/"},{"@type":"ListItem","position":3,"name":"Ev\u00e9nements sportifs","item":"https:\/\/officialmonttremblant.com\/fr\/evenements\/evenements-sportifs\/"},{"@type":"ListItem","position":4,"name":"Festival de v\u00e9lo Crossroads Tremblant"}]},{"@type":"WebSite","@id":"https:\/\/officialmonttremblant.com\/fr\/#website","url":"https:\/\/officialmonttremblant.com\/fr\/","name":"Official Mont Tremblant","description":"Vacation &amp; tourist guide in Mont Tremblant","potentialAction":[{"@type":"SearchAction","target":{"@type":"EntryPoint","urlTemplate":"https:\/\/officialmonttremblant.com\/fr\/?s={search_term_string}"},"query-input":{"@type":"PropertyValueSpecification","valueRequired":true,"valueName":"search_term_string"}}],"inLanguage":"fr-FR"}]}},"jetpack_sharing_enabled":true,"_links":{"self":[{"href":"https:\/\/officialmonttremblant.com\/fr\/wp-json\/wp\/v2\/pages\/22477","targetHints":{"allow":["GET"]}}],"collection":[{"href":"https:\/\/officialmonttremblant.com\/fr\/wp-json\/wp\/v2\/pages"}],"about":[{"href":"https:\/\/officialmonttremblant.com\/fr\/wp-json\/wp\/v2\/types\/page"}],"author":[{"embeddable":true,"href":"https:\/\/officialmonttremblant.com\/fr\/wp-json\/wp\/v2\/users\/5"}],"replies":[{"embeddable":true,"href":"https:\/\/officialmonttremblant.com\/fr\/wp-json\/wp\/v2\/comments?post=22477"}],"version-history":[{"count":4,"href":"https:\/\/officialmonttremblant.com\/fr\/wp-json\/wp\/v2\/pages\/22477\/revisions"}],"predecessor-version":[{"id":26710,"href":"https:\/\/officialmonttremblant.com\/fr\/wp-json\/wp\/v2\/pages\/22477\/revisions\/26710"}],"up":[{"embeddable":true,"href":"https:\/\/officialmonttremblant.com\/fr\/wp-json\/wp\/v2\/pages\/22500"}],"wp:attachment":[{"href":"https:\/\/officialmonttremblant.com\/fr\/wp-json\/wp\/v2\/media?parent=22477"}],"curies":[{"name":"wp","href":"https:\/\/api.w.org\/{rel}","templated":true}]}}