{"id":22478,"date":"2022-09-01T13:18:12","date_gmt":"2022-09-01T17:18:12","guid":{"rendered":"https:\/\/officialmonttremblant.com\/half-marathon-tremblant\/"},"modified":"2025-07-29T12:25:34","modified_gmt":"2025-07-29T16:25:34","slug":"demi-marathon-tremblant","status":"publish","type":"page","link":"https:\/\/officialmonttremblant.com\/fr\/evenements\/evenements-sportifs\/demi-marathon-tremblant\/","title":{"rendered":"Demi-Marathon Tremblant"},"content":{"rendered":"<p>[vc_row][vc_column][vc_empty_space][\/vc_column][\/vc_row][vc_row][vc_column][vc_column_text]<\/p>\n<p style=\"text-align: left;\">Official Mont-Tremblant vous donne plus d&rsquo;informations sur les \u00e9v\u00e9nements \u00e0 Mont-Tremblant dont le Demi-Marathon Tremblant.\u00a0<span style=\"font-weight: 400;\">Pour les amateurs de course quoi de plus merveilleux que de courir \u00e0 Mont-Tremblant ? Le Demi-Marathon Mont-Tremblant saura combler tant le coureur exp\u00e9riment\u00e9 que le coureur occasionnel en qu\u00eate de d\u00e9fis. Parcours avec vues splendides de 21,1 km, 10 km, 5 km ainsi qu\u2019une course de 1 km pour les enfants!<\/span><\/p>\n<p style=\"text-align: left;\"><span style=\"font-weight: 400;\">Chaque ann\u00e9e, les participants viennent au Mont-Tremblant pour la nature majestueuse ,\u00a0 pour une magnifique exp\u00e9rience, et pour l&rsquo;accueil que seule une ville \u00e0 flanc de montagne sait offrir.\u00a0<\/span><span style=\"font-weight: 400;\">Et cerise sur le gateau, le Demi-Marathon Mont-Tremblant est l\u2019un \u00e9v\u00e9nements qu\u00e9b\u00e9cois qui applique\u202fun plan d\u2019actions\u202f\u00e9coresponsable.<\/span><\/p>\n<p style=\"text-align: left;\"><span style=\"font-weight: 400;\">Les objectifs ont \u00e9t\u00e9 atteints avec succ\u00e8s au cours des ann\u00e9es pr\u00e9c\u00e9dentes :\u00a0 saine gestion des mati\u00e8res r\u00e9siduelles, diminution de l&#8217;empreinte, r\u00e9duction de\u00a0 l\u2019utilisation de papeterie dans la planification et le d\u00e9roulement.\u00a0<\/span><span style=\"font-weight: 400;\">Ne soyez pas surpris de retrouver l\u2019\u00c9quipe Verte sur le site afin que les g\u00e9n\u00e9rations futures de marathoniens puissent eux aussi courir dans l\u2019environnement merveilleux, sain et agr\u00e9able qu\u2019est la ville de Mont-Tremblant.<\/span><\/p>\n<p style=\"text-align: left;\"><strong>Pour plus d\u2019informations<\/strong><\/p>\n<p style=\"text-align: left;\"><a href=\"https:\/\/www.demimarathontremblant.com\/\"><span style=\"font-weight: 400;\">https:\/\/www.demimarathontremblant.com\/<\/span><\/a><\/p>\n<p>[\/vc_column_text][\/vc_column][\/vc_row][vc_row][vc_column][vc_empty_space][\/vc_column][\/vc_row][vc_row][vc_column][vc_single_image image=\u00a0\u00bb22456&Prime; img_size=\u00a0\u00bb800&#215;500&Prime; alignment=\u00a0\u00bbcenter\u00a0\u00bb][\/vc_column][\/vc_row]<\/p>\n","protected":false},"excerpt":{"rendered":"<p>[vc_row][vc_column][vc_empty_space][\/vc_column][\/vc_row][vc_row][vc_column][vc_column_text] Official Mont-Tremblant vous donne plus d&rsquo;informations sur les \u00e9v\u00e9nements \u00e0 Mont-Tremblant dont le Demi-Marathon Tremblant.\u00a0Pour les amateurs de course quoi de plus merveilleux que de courir \u00e0 Mont-Tremblant ? Le Demi-Marathon Mont-Tremblant saura combler tant le coureur exp\u00e9riment\u00e9 que le coureur occasionnel en qu\u00eate de d\u00e9fis. Parcours avec vues splendides de 21,1 km, 10&hellip;<\/p>\n","protected":false},"author":5,"featured_media":22457,"parent":22500,"menu_order":0,"comment_status":"closed","ping_status":"closed","template":"","meta":{"footnotes":""},"class_list":["post-22478","page","type-page","status-publish","has-post-thumbnail","hentry","description-off"],"yoast_head":"<!-- This site is optimized with the Yoast SEO Premium plugin v26.5 (Yoast SEO v26.5) - https:\/\/yoast.com\/wordpress\/plugins\/seo\/ -->\n<title>Demi-Marathon Tremblant - Official Mont Tremblant<\/title>\n<meta name=\"description\" content=\"Official Mont-Tremblant vous donne plus d&#039;informations sur les \u00e9v\u00e9nements \u00e0 Mont-Tremblant dont le Demi-Marathon Tremblant.\" \/>\n<meta name=\"robots\" content=\"index, follow, max-snippet:-1, max-image-preview:large, max-video-preview:-1\" \/>\n<link rel=\"canonical\" href=\"https:\/\/officialmonttremblant.com\/fr\/evenements\/evenements-sportifs\/demi-marathon-tremblant\/\" \/>\n<meta property=\"og:locale\" content=\"fr_FR\" \/>\n<meta property=\"og:type\" content=\"article\" \/>\n<meta property=\"og:title\" content=\"Demi-Marathon Tremblant\" \/>\n<meta property=\"og:description\" content=\"Official Mont-Tremblant vous donne plus d&#039;informations sur les \u00e9v\u00e9nements \u00e0 Mont-Tremblant dont le Demi-Marathon Tremblant.\" \/>\n<meta property=\"og:url\" content=\"https:\/\/officialmonttremblant.com\/fr\/evenements\/evenements-sportifs\/demi-marathon-tremblant\/\" \/>\n<meta property=\"og:site_name\" content=\"Official Mont Tremblant\" \/>\n<meta property=\"article:modified_time\" content=\"2025-07-29T16:25:34+00:00\" \/>\n<meta property=\"og:image\" content=\"https:\/\/officialmonttremblant.com\/wp-content\/uploads\/2022\/09\/marathon.jpeg\" \/>\n\t<meta property=\"og:image:width\" content=\"1024\" \/>\n\t<meta property=\"og:image:height\" content=\"683\" \/>\n\t<meta property=\"og:image:type\" content=\"image\/jpeg\" \/>\n<meta name=\"twitter:card\" content=\"summary_large_image\" \/>\n<meta name=\"twitter:label1\" content=\"Dur\u00e9e de lecture estim\u00e9e\" \/>\n\t<meta name=\"twitter:data1\" content=\"2 minutes\" \/>\n<script type=\"application\/ld+json\" class=\"yoast-schema-graph\">{\"@context\":\"https:\/\/schema.org\",\"@graph\":[{\"@type\":\"WebPage\",\"@id\":\"https:\/\/officialmonttremblant.com\/fr\/evenements\/evenements-sportifs\/demi-marathon-tremblant\/\",\"url\":\"https:\/\/officialmonttremblant.com\/fr\/evenements\/evenements-sportifs\/demi-marathon-tremblant\/\",\"name\":\"Demi-Marathon Tremblant - Official Mont Tremblant\",\"isPartOf\":{\"@id\":\"https:\/\/officialmonttremblant.com\/fr\/#website\"},\"primaryImageOfPage\":{\"@id\":\"https:\/\/officialmonttremblant.com\/fr\/evenements\/evenements-sportifs\/demi-marathon-tremblant\/#primaryimage\"},\"image\":{\"@id\":\"https:\/\/officialmonttremblant.com\/fr\/evenements\/evenements-sportifs\/demi-marathon-tremblant\/#primaryimage\"},\"thumbnailUrl\":\"https:\/\/officialmonttremblant.com\/wp-content\/uploads\/2022\/09\/marathon.jpeg\",\"datePublished\":\"2022-09-01T17:18:12+00:00\",\"dateModified\":\"2025-07-29T16:25:34+00:00\",\"description\":\"Official Mont-Tremblant vous donne plus d'informations sur les \u00e9v\u00e9nements \u00e0 Mont-Tremblant dont le Demi-Marathon Tremblant.\",\"breadcrumb\":{\"@id\":\"https:\/\/officialmonttremblant.com\/fr\/evenements\/evenements-sportifs\/demi-marathon-tremblant\/#breadcrumb\"},\"inLanguage\":\"fr-FR\",\"potentialAction\":[{\"@type\":\"ReadAction\",\"target\":[\"https:\/\/officialmonttremblant.com\/fr\/evenements\/evenements-sportifs\/demi-marathon-tremblant\/\"]}]},{\"@type\":\"ImageObject\",\"inLanguage\":\"fr-FR\",\"@id\":\"https:\/\/officialmonttremblant.com\/fr\/evenements\/evenements-sportifs\/demi-marathon-tremblant\/#primaryimage\",\"url\":\"https:\/\/officialmonttremblant.com\/wp-content\/uploads\/2022\/09\/marathon.jpeg\",\"contentUrl\":\"https:\/\/officialmonttremblant.com\/wp-content\/uploads\/2022\/09\/marathon.jpeg\",\"width\":1024,\"height\":683,\"caption\":\"Half-Marathon Tremblant\"},{\"@type\":\"BreadcrumbList\",\"@id\":\"https:\/\/officialmonttremblant.com\/fr\/evenements\/evenements-sportifs\/demi-marathon-tremblant\/#breadcrumb\",\"itemListElement\":[{\"@type\":\"ListItem\",\"position\":1,\"name\":\"Home\",\"item\":\"https:\/\/officialmonttremblant.com\/fr\/\"},{\"@type\":\"ListItem\",\"position\":2,\"name\":\"Ev\u00e9nements \u00e0 Mont-Tremblant\",\"item\":\"https:\/\/officialmonttremblant.com\/fr\/evenements\/\"},{\"@type\":\"ListItem\",\"position\":3,\"name\":\"Ev\u00e9nements sportifs\",\"item\":\"https:\/\/officialmonttremblant.com\/fr\/evenements\/evenements-sportifs\/\"},{\"@type\":\"ListItem\",\"position\":4,\"name\":\"Demi-Marathon Tremblant\"}]},{\"@type\":\"WebSite\",\"@id\":\"https:\/\/officialmonttremblant.com\/fr\/#website\",\"url\":\"https:\/\/officialmonttremblant.com\/fr\/\",\"name\":\"Official Mont Tremblant\",\"description\":\"Vacation &amp; tourist guide in Mont Tremblant\",\"potentialAction\":[{\"@type\":\"SearchAction\",\"target\":{\"@type\":\"EntryPoint\",\"urlTemplate\":\"https:\/\/officialmonttremblant.com\/fr\/?s={search_term_string}\"},\"query-input\":{\"@type\":\"PropertyValueSpecification\",\"valueRequired\":true,\"valueName\":\"search_term_string\"}}],\"inLanguage\":\"fr-FR\"}]}<\/script>\n<!-- \/ Yoast SEO Premium plugin. -->","yoast_head_json":{"title":"Demi-Marathon Tremblant - Official Mont Tremblant","description":"Official Mont-Tremblant vous donne plus d'informations sur les \u00e9v\u00e9nements \u00e0 Mont-Tremblant dont le Demi-Marathon Tremblant.","robots":{"index":"index","follow":"follow","max-snippet":"max-snippet:-1","max-image-preview":"max-image-preview:large","max-video-preview":"max-video-preview:-1"},"canonical":"https:\/\/officialmonttremblant.com\/fr\/evenements\/evenements-sportifs\/demi-marathon-tremblant\/","og_locale":"fr_FR","og_type":"article","og_title":"Demi-Marathon Tremblant","og_description":"Official Mont-Tremblant vous donne plus d'informations sur les \u00e9v\u00e9nements \u00e0 Mont-Tremblant dont le Demi-Marathon Tremblant.","og_url":"https:\/\/officialmonttremblant.com\/fr\/evenements\/evenements-sportifs\/demi-marathon-tremblant\/","og_site_name":"Official Mont Tremblant","article_modified_time":"2025-07-29T16:25:34+00:00","og_image":[{"width":1024,"height":683,"url":"https:\/\/officialmonttremblant.com\/wp-content\/uploads\/2022\/09\/marathon.jpeg","type":"image\/jpeg"}],"twitter_card":"summary_large_image","twitter_misc":{"Dur\u00e9e de lecture estim\u00e9e":"2 minutes"},"schema":{"@context":"https:\/\/schema.org","@graph":[{"@type":"WebPage","@id":"https:\/\/officialmonttremblant.com\/fr\/evenements\/evenements-sportifs\/demi-marathon-tremblant\/","url":"https:\/\/officialmonttremblant.com\/fr\/evenements\/evenements-sportifs\/demi-marathon-tremblant\/","name":"Demi-Marathon Tremblant - Official Mont Tremblant","isPartOf":{"@id":"https:\/\/officialmonttremblant.com\/fr\/#website"},"primaryImageOfPage":{"@id":"https:\/\/officialmonttremblant.com\/fr\/evenements\/evenements-sportifs\/demi-marathon-tremblant\/#primaryimage"},"image":{"@id":"https:\/\/officialmonttremblant.com\/fr\/evenements\/evenements-sportifs\/demi-marathon-tremblant\/#primaryimage"},"thumbnailUrl":"https:\/\/officialmonttremblant.com\/wp-content\/uploads\/2022\/09\/marathon.jpeg","datePublished":"2022-09-01T17:18:12+00:00","dateModified":"2025-07-29T16:25:34+00:00","description":"Official Mont-Tremblant vous donne plus d'informations sur les \u00e9v\u00e9nements \u00e0 Mont-Tremblant dont le Demi-Marathon Tremblant.","breadcrumb":{"@id":"https:\/\/officialmonttremblant.com\/fr\/evenements\/evenements-sportifs\/demi-marathon-tremblant\/#breadcrumb"},"inLanguage":"fr-FR","potentialAction":[{"@type":"ReadAction","target":["https:\/\/officialmonttremblant.com\/fr\/evenements\/evenements-sportifs\/demi-marathon-tremblant\/"]}]},{"@type":"ImageObject","inLanguage":"fr-FR","@id":"https:\/\/officialmonttremblant.com\/fr\/evenements\/evenements-sportifs\/demi-marathon-tremblant\/#primaryimage","url":"https:\/\/officialmonttremblant.com\/wp-content\/uploads\/2022\/09\/marathon.jpeg","contentUrl":"https:\/\/officialmonttremblant.com\/wp-content\/uploads\/2022\/09\/marathon.jpeg","width":1024,"height":683,"caption":"Half-Marathon Tremblant"},{"@type":"BreadcrumbList","@id":"https:\/\/officialmonttremblant.com\/fr\/evenements\/evenements-sportifs\/demi-marathon-tremblant\/#breadcrumb","itemListElement":[{"@type":"ListItem","position":1,"name":"Home","item":"https:\/\/officialmonttremblant.com\/fr\/"},{"@type":"ListItem","position":2,"name":"Ev\u00e9nements \u00e0 Mont-Tremblant","item":"https:\/\/officialmonttremblant.com\/fr\/evenements\/"},{"@type":"ListItem","position":3,"name":"Ev\u00e9nements sportifs","item":"https:\/\/officialmonttremblant.com\/fr\/evenements\/evenements-sportifs\/"},{"@type":"ListItem","position":4,"name":"Demi-Marathon Tremblant"}]},{"@type":"WebSite","@id":"https:\/\/officialmonttremblant.com\/fr\/#website","url":"https:\/\/officialmonttremblant.com\/fr\/","name":"Official Mont Tremblant","description":"Vacation &amp; tourist guide in Mont Tremblant","potentialAction":[{"@type":"SearchAction","target":{"@type":"EntryPoint","urlTemplate":"https:\/\/officialmonttremblant.com\/fr\/?s={search_term_string}"},"query-input":{"@type":"PropertyValueSpecification","valueRequired":true,"valueName":"search_term_string"}}],"inLanguage":"fr-FR"}]}},"jetpack_sharing_enabled":true,"_links":{"self":[{"href":"https:\/\/officialmonttremblant.com\/fr\/wp-json\/wp\/v2\/pages\/22478","targetHints":{"allow":["GET"]}}],"collection":[{"href":"https:\/\/officialmonttremblant.com\/fr\/wp-json\/wp\/v2\/pages"}],"about":[{"href":"https:\/\/officialmonttremblant.com\/fr\/wp-json\/wp\/v2\/types\/page"}],"author":[{"embeddable":true,"href":"https:\/\/officialmonttremblant.com\/fr\/wp-json\/wp\/v2\/users\/5"}],"replies":[{"embeddable":true,"href":"https:\/\/officialmonttremblant.com\/fr\/wp-json\/wp\/v2\/comments?post=22478"}],"version-history":[{"count":4,"href":"https:\/\/officialmonttremblant.com\/fr\/wp-json\/wp\/v2\/pages\/22478\/revisions"}],"predecessor-version":[{"id":26711,"href":"https:\/\/officialmonttremblant.com\/fr\/wp-json\/wp\/v2\/pages\/22478\/revisions\/26711"}],"up":[{"embeddable":true,"href":"https:\/\/officialmonttremblant.com\/fr\/wp-json\/wp\/v2\/pages\/22500"}],"wp:featuredmedia":[{"embeddable":true,"href":"https:\/\/officialmonttremblant.com\/fr\/wp-json\/wp\/v2\/media\/22457"}],"wp:attachment":[{"href":"https:\/\/officialmonttremblant.com\/fr\/wp-json\/wp\/v2\/media?parent=22478"}],"curies":[{"name":"wp","href":"https:\/\/api.w.org\/{rel}","templated":true}]}}