{"id":22479,"date":"2022-09-01T13:33:29","date_gmt":"2022-09-01T17:33:29","guid":{"rendered":"https:\/\/officialmonttremblant.com\/the-salomon-tremblant-classic-trail-running\/"},"modified":"2025-07-29T12:25:40","modified_gmt":"2025-07-29T16:25:40","slug":"la-classique-salomon-tremblant","status":"publish","type":"page","link":"https:\/\/officialmonttremblant.com\/fr\/evenements\/evenements-sportifs\/la-classique-salomon-tremblant\/","title":{"rendered":"La Classique Salomon Tremblant"},"content":{"rendered":"<p>[vc_row][vc_column][vc_empty_space][\/vc_column][\/vc_row][vc_row][vc_column][vc_column_text]<\/p>\n<p style=\"text-align: left;\">Official Mont-Tremblant vous donne plus d&rsquo;informations sur les \u00e9v\u00e9nements \u00e0 Tremblant dont la Classique Salomon Tremblant.\u00a0<span style=\"font-weight: 400;\">Depuis sa premi\u00e8re \u00e9dition en 2014, La Classique Salomon Tremblant se positionne comme une course en sentier phare dans les Laurentides.\u00a0<\/span><span style=\"font-weight: 400;\">Coureurs du dimanche, familles ou professionnels, tout le monde y trouve son compte avec plusieurs parcours en for\u00eat de 1,3, 5, 10, 20, et 30 kilom\u00e8tres.<\/span><\/p>\n<p style=\"text-align: left;\"><strong>Website: <\/strong><a href=\"https:\/\/www.facebook.com\/LaClassiqueSalomonTremblant\/\" target=\"_blank\" rel=\"noopener\"><span style=\"font-weight: 400;\">https:\/\/www.facebook.com\/LaClassiqueSalomonTremblant\/<\/span><\/a><\/p>\n<p style=\"text-align: left;\"><strong>Pour renseignements et inscriptions: <\/strong><a href=\"https:\/\/www.tremblant.ca\/quoi-faire\/evenements\/la-classique-salomon-tremblant?fbclid=IwAR00IB7ZJgxMmXvo_IT6B-TmZqZ2x8ZzDe7_eMfYthy3YaTQ8HCPk6mDTvA\" target=\"_blank\" rel=\"noopener\"><span style=\"font-weight: 400;\">https:\/\/www.tremblant.ca\/quoi-faire\/evenements\/la-classique-salomon-tremblant?fbclid=IwAR00IB7ZJgxMmXvo_IT6B-TmZqZ2x8ZzDe7_eMfYthy3YaTQ8HCPk6mDTvA<\/span><\/a><\/p>\n<p>[\/vc_column_text][\/vc_column][\/vc_row][vc_row][vc_column][vc_empty_space][\/vc_column][\/vc_row][vc_row][vc_column][vc_single_image image=\u00a0\u00bb22468&Prime; img_size=\u00a0\u00bb800&#215;500&Prime; alignment=\u00a0\u00bbcenter\u00a0\u00bb][\/vc_column][\/vc_row]<\/p>\n","protected":false},"excerpt":{"rendered":"<p>[vc_row][vc_column][vc_empty_space][\/vc_column][\/vc_row][vc_row][vc_column][vc_column_text] Official Mont-Tremblant vous donne plus d&rsquo;informations sur les \u00e9v\u00e9nements \u00e0 Tremblant dont la Classique Salomon Tremblant.\u00a0Depuis sa premi\u00e8re \u00e9dition en 2014, La Classique Salomon Tremblant se positionne comme une course en sentier phare dans les Laurentides.\u00a0Coureurs du dimanche, familles ou professionnels, tout le monde y trouve son compte avec plusieurs parcours en for\u00eat de&hellip;<\/p>\n","protected":false},"author":5,"featured_media":0,"parent":22500,"menu_order":0,"comment_status":"closed","ping_status":"closed","template":"","meta":{"footnotes":""},"class_list":["post-22479","page","type-page","status-publish","hentry","description-off"],"yoast_head":"<!-- This site is optimized with the Yoast SEO Premium plugin v26.5 (Yoast SEO v26.5) - https:\/\/yoast.com\/wordpress\/plugins\/seo\/ -->\n<title>La Classique Salomon Tremblant, \u00e9v\u00e9nements \u00e0 Tremblant<\/title>\n<meta name=\"description\" content=\"Official Mont-Tremblant vous donne plus d&#039;informations sur les \u00e9v\u00e9nements \u00e0 Tremblant dont la Classique Salomon Tremblant.\" \/>\n<meta name=\"robots\" content=\"index, follow, max-snippet:-1, max-image-preview:large, max-video-preview:-1\" \/>\n<link rel=\"canonical\" href=\"https:\/\/officialmonttremblant.com\/fr\/evenements\/evenements-sportifs\/la-classique-salomon-tremblant\/\" \/>\n<meta property=\"og:locale\" content=\"fr_FR\" \/>\n<meta property=\"og:type\" content=\"article\" \/>\n<meta property=\"og:title\" content=\"La Classique Salomon Tremblant\" \/>\n<meta property=\"og:description\" content=\"Official Mont-Tremblant vous donne plus d&#039;informations sur les \u00e9v\u00e9nements \u00e0 Tremblant dont la Classique Salomon Tremblant.\" \/>\n<meta property=\"og:url\" content=\"https:\/\/officialmonttremblant.com\/fr\/evenements\/evenements-sportifs\/la-classique-salomon-tremblant\/\" \/>\n<meta property=\"og:site_name\" content=\"Official Mont Tremblant\" \/>\n<meta property=\"article:modified_time\" content=\"2025-07-29T16:25:40+00:00\" \/>\n<meta name=\"twitter:card\" content=\"summary_large_image\" \/>\n<meta name=\"twitter:label1\" content=\"Dur\u00e9e de lecture estim\u00e9e\" \/>\n\t<meta name=\"twitter:data1\" content=\"1 minute\" \/>\n<script type=\"application\/ld+json\" class=\"yoast-schema-graph\">{\"@context\":\"https:\/\/schema.org\",\"@graph\":[{\"@type\":\"WebPage\",\"@id\":\"https:\/\/officialmonttremblant.com\/fr\/evenements\/evenements-sportifs\/la-classique-salomon-tremblant\/\",\"url\":\"https:\/\/officialmonttremblant.com\/fr\/evenements\/evenements-sportifs\/la-classique-salomon-tremblant\/\",\"name\":\"La Classique Salomon Tremblant, \u00e9v\u00e9nements \u00e0 Tremblant\",\"isPartOf\":{\"@id\":\"https:\/\/officialmonttremblant.com\/fr\/#website\"},\"datePublished\":\"2022-09-01T17:33:29+00:00\",\"dateModified\":\"2025-07-29T16:25:40+00:00\",\"description\":\"Official Mont-Tremblant vous donne plus d'informations sur les \u00e9v\u00e9nements \u00e0 Tremblant dont la Classique Salomon Tremblant.\",\"breadcrumb\":{\"@id\":\"https:\/\/officialmonttremblant.com\/fr\/evenements\/evenements-sportifs\/la-classique-salomon-tremblant\/#breadcrumb\"},\"inLanguage\":\"fr-FR\",\"potentialAction\":[{\"@type\":\"ReadAction\",\"target\":[\"https:\/\/officialmonttremblant.com\/fr\/evenements\/evenements-sportifs\/la-classique-salomon-tremblant\/\"]}]},{\"@type\":\"BreadcrumbList\",\"@id\":\"https:\/\/officialmonttremblant.com\/fr\/evenements\/evenements-sportifs\/la-classique-salomon-tremblant\/#breadcrumb\",\"itemListElement\":[{\"@type\":\"ListItem\",\"position\":1,\"name\":\"Home\",\"item\":\"https:\/\/officialmonttremblant.com\/fr\/\"},{\"@type\":\"ListItem\",\"position\":2,\"name\":\"Ev\u00e9nements \u00e0 Mont-Tremblant\",\"item\":\"https:\/\/officialmonttremblant.com\/fr\/evenements\/\"},{\"@type\":\"ListItem\",\"position\":3,\"name\":\"Ev\u00e9nements sportifs\",\"item\":\"https:\/\/officialmonttremblant.com\/fr\/evenements\/evenements-sportifs\/\"},{\"@type\":\"ListItem\",\"position\":4,\"name\":\"La Classique Salomon Tremblant\"}]},{\"@type\":\"WebSite\",\"@id\":\"https:\/\/officialmonttremblant.com\/fr\/#website\",\"url\":\"https:\/\/officialmonttremblant.com\/fr\/\",\"name\":\"Official Mont Tremblant\",\"description\":\"Vacation &amp; tourist guide in Mont Tremblant\",\"potentialAction\":[{\"@type\":\"SearchAction\",\"target\":{\"@type\":\"EntryPoint\",\"urlTemplate\":\"https:\/\/officialmonttremblant.com\/fr\/?s={search_term_string}\"},\"query-input\":{\"@type\":\"PropertyValueSpecification\",\"valueRequired\":true,\"valueName\":\"search_term_string\"}}],\"inLanguage\":\"fr-FR\"}]}<\/script>\n<!-- \/ Yoast SEO Premium plugin. -->","yoast_head_json":{"title":"La Classique Salomon Tremblant, \u00e9v\u00e9nements \u00e0 Tremblant","description":"Official Mont-Tremblant vous donne plus d'informations sur les \u00e9v\u00e9nements \u00e0 Tremblant dont la Classique Salomon Tremblant.","robots":{"index":"index","follow":"follow","max-snippet":"max-snippet:-1","max-image-preview":"max-image-preview:large","max-video-preview":"max-video-preview:-1"},"canonical":"https:\/\/officialmonttremblant.com\/fr\/evenements\/evenements-sportifs\/la-classique-salomon-tremblant\/","og_locale":"fr_FR","og_type":"article","og_title":"La Classique Salomon Tremblant","og_description":"Official Mont-Tremblant vous donne plus d'informations sur les \u00e9v\u00e9nements \u00e0 Tremblant dont la Classique Salomon Tremblant.","og_url":"https:\/\/officialmonttremblant.com\/fr\/evenements\/evenements-sportifs\/la-classique-salomon-tremblant\/","og_site_name":"Official Mont Tremblant","article_modified_time":"2025-07-29T16:25:40+00:00","twitter_card":"summary_large_image","twitter_misc":{"Dur\u00e9e de lecture estim\u00e9e":"1 minute"},"schema":{"@context":"https:\/\/schema.org","@graph":[{"@type":"WebPage","@id":"https:\/\/officialmonttremblant.com\/fr\/evenements\/evenements-sportifs\/la-classique-salomon-tremblant\/","url":"https:\/\/officialmonttremblant.com\/fr\/evenements\/evenements-sportifs\/la-classique-salomon-tremblant\/","name":"La Classique Salomon Tremblant, \u00e9v\u00e9nements \u00e0 Tremblant","isPartOf":{"@id":"https:\/\/officialmonttremblant.com\/fr\/#website"},"datePublished":"2022-09-01T17:33:29+00:00","dateModified":"2025-07-29T16:25:40+00:00","description":"Official Mont-Tremblant vous donne plus d'informations sur les \u00e9v\u00e9nements \u00e0 Tremblant dont la Classique Salomon Tremblant.","breadcrumb":{"@id":"https:\/\/officialmonttremblant.com\/fr\/evenements\/evenements-sportifs\/la-classique-salomon-tremblant\/#breadcrumb"},"inLanguage":"fr-FR","potentialAction":[{"@type":"ReadAction","target":["https:\/\/officialmonttremblant.com\/fr\/evenements\/evenements-sportifs\/la-classique-salomon-tremblant\/"]}]},{"@type":"BreadcrumbList","@id":"https:\/\/officialmonttremblant.com\/fr\/evenements\/evenements-sportifs\/la-classique-salomon-tremblant\/#breadcrumb","itemListElement":[{"@type":"ListItem","position":1,"name":"Home","item":"https:\/\/officialmonttremblant.com\/fr\/"},{"@type":"ListItem","position":2,"name":"Ev\u00e9nements \u00e0 Mont-Tremblant","item":"https:\/\/officialmonttremblant.com\/fr\/evenements\/"},{"@type":"ListItem","position":3,"name":"Ev\u00e9nements sportifs","item":"https:\/\/officialmonttremblant.com\/fr\/evenements\/evenements-sportifs\/"},{"@type":"ListItem","position":4,"name":"La Classique Salomon Tremblant"}]},{"@type":"WebSite","@id":"https:\/\/officialmonttremblant.com\/fr\/#website","url":"https:\/\/officialmonttremblant.com\/fr\/","name":"Official Mont Tremblant","description":"Vacation &amp; tourist guide in Mont Tremblant","potentialAction":[{"@type":"SearchAction","target":{"@type":"EntryPoint","urlTemplate":"https:\/\/officialmonttremblant.com\/fr\/?s={search_term_string}"},"query-input":{"@type":"PropertyValueSpecification","valueRequired":true,"valueName":"search_term_string"}}],"inLanguage":"fr-FR"}]}},"jetpack_sharing_enabled":true,"_links":{"self":[{"href":"https:\/\/officialmonttremblant.com\/fr\/wp-json\/wp\/v2\/pages\/22479","targetHints":{"allow":["GET"]}}],"collection":[{"href":"https:\/\/officialmonttremblant.com\/fr\/wp-json\/wp\/v2\/pages"}],"about":[{"href":"https:\/\/officialmonttremblant.com\/fr\/wp-json\/wp\/v2\/types\/page"}],"author":[{"embeddable":true,"href":"https:\/\/officialmonttremblant.com\/fr\/wp-json\/wp\/v2\/users\/5"}],"replies":[{"embeddable":true,"href":"https:\/\/officialmonttremblant.com\/fr\/wp-json\/wp\/v2\/comments?post=22479"}],"version-history":[{"count":4,"href":"https:\/\/officialmonttremblant.com\/fr\/wp-json\/wp\/v2\/pages\/22479\/revisions"}],"predecessor-version":[{"id":26722,"href":"https:\/\/officialmonttremblant.com\/fr\/wp-json\/wp\/v2\/pages\/22479\/revisions\/26722"}],"up":[{"embeddable":true,"href":"https:\/\/officialmonttremblant.com\/fr\/wp-json\/wp\/v2\/pages\/22500"}],"wp:attachment":[{"href":"https:\/\/officialmonttremblant.com\/fr\/wp-json\/wp\/v2\/media?parent=22479"}],"curies":[{"name":"wp","href":"https:\/\/api.w.org\/{rel}","templated":true}]}}