{"id":22480,"date":"2022-09-01T13:37:46","date_gmt":"2022-09-01T17:37:46","guid":{"rendered":"https:\/\/officialmonttremblant.com\/crossing-lake-tremblant\/"},"modified":"2025-07-29T12:25:25","modified_gmt":"2025-07-29T16:25:25","slug":"traversee-du-lac-tremblant","status":"publish","type":"page","link":"https:\/\/officialmonttremblant.com\/fr\/evenements\/evenements-sportifs\/traversee-du-lac-tremblant\/","title":{"rendered":"La travers\u00e9e du lac Tremblant"},"content":{"rendered":"<p>[vc_row][vc_column][\/vc_column][\/vc_row][vc_row][vc_column][vc_empty_space][\/vc_column][\/vc_row][vc_row][vc_column][vc_column_text]<\/p>\n<p style=\"text-align: left;\">Official Mont-Tremblant vous apporte plus d&rsquo;informations sur les \u00e9v\u00e9nements \u00e0 Mont-Tremblant dont la travers\u00e9e du lac Tremblant.<\/p>\n<h5 style=\"text-align: left;\"><em><strong>La Traverse\u0301e du Lac Tremblant est l\u2019e\u0301preuve du championnat nord-ame\u0301ricain du Global Swim Series<\/strong><\/em><\/h5>\n<p style=\"text-align: left;\"><span style=\"font-weight: 400;\">Le 5 km et le 12 km individuel de la Traverse\u0301e du Lac Tremblant sont les e\u0301preuves officielles du Championnat nord-ame\u0301ricain du <\/span><a href=\"https:\/\/globalswimseries.com\/\"><span style=\"font-weight: 400;\">Global Swim Series<\/span><\/a><span style=\"font-weight: 400;\">. Le circuit du Global Swim Series a pour objectif de promouvoir la nage en eau libre et un mode de vie actif et sain , rempli d\u2019aventures \u00e0 travers le monde. Il compte plus de 100 000 nageurs re\u0301partis en 200 compe\u0301titions, dans plus de 35 pays.<\/span><\/p>\n<p style=\"text-align: left;\"><span style=\"font-weight: 400;\">Plus de 1000 nageurs, 170 kayakistes et un magnifique lac. Quel que soit leur\u00a0 niveau, il y a une distance ad\u00e9quate pour tous les participants qu\u2019ils nagent pour le plaisir ou la comp\u00e9tition : <\/span><a href=\"https:\/\/www.traverseelactremblant.ca\/les-epreuves\/\"><span style=\"font-weight: 400;\">1km Desjardins<\/span><\/a><span style=\"font-weight: 400;\">, <\/span><a href=\"https:\/\/www.traverseelactremblant.ca\/les-epreuves\/#3-km\"><span style=\"font-weight: 400;\">3km<\/span><\/a><span style=\"font-weight: 400;\">, <\/span><a href=\"https:\/\/www.traverseelactremblant.ca\/les-epreuves\/#5-km\"><span style=\"font-weight: 400;\">5km<\/span><\/a><span style=\"font-weight: 400;\">, <\/span><a href=\"https:\/\/www.traverseelactremblant.ca\/les-epreuves\/#12-km-quipe\"><span style=\"font-weight: 400;\">12km en \u00e9quipe<\/span><\/a><span style=\"font-weight: 400;\"> et l\u2019ultime travers\u00e9e de <\/span><a href=\"https:\/\/www.traverseelactremblant.ca\/les-epreuves\/#12-km-individuel\"><span style=\"font-weight: 400;\">12km individuel<\/span><\/a><span style=\"font-weight: 400;\">. Le 5 km et le 12 km individuel de la Traverse\u0301e du Lac Tremblant sont les e\u0301preuves officielles du Championnat nord-ame\u0301ricain du Global Swim Series. C\u2019est une aventure \u00e9pique. C\u2019est la nage de toute une vie. C\u2019est la Travers\u00e9e du Lac Tremblant.<\/span><\/p>\n<p style=\"text-align: left;\"><span style=\"font-weight: 400;\">Pour plus d\u2019information: <\/span><a href=\"https:\/\/www.traverseelactremblant.ca\/\"><span style=\"font-weight: 400;\">https:\/\/www.traverseelactremblant.ca\/<\/span><\/a><\/p>\n<p>[\/vc_column_text][\/vc_column][\/vc_row][vc_row][vc_column][vc_empty_space][\/vc_column][\/vc_row][vc_row][vc_column][vc_single_image image=\u00a0\u00bb22472&Prime; img_size=\u00a0\u00bb800&#215;500&Prime; alignment=\u00a0\u00bbcenter\u00a0\u00bb][\/vc_column][\/vc_row]<\/p>\n","protected":false},"excerpt":{"rendered":"<p>[vc_row][vc_column][\/vc_column][\/vc_row][vc_row][vc_column][vc_empty_space][\/vc_column][\/vc_row][vc_row][vc_column][vc_column_text] Official Mont-Tremblant vous apporte plus d&rsquo;informations sur les \u00e9v\u00e9nements \u00e0 Mont-Tremblant dont la travers\u00e9e du lac Tremblant. La Traverse\u0301e du Lac Tremblant est l\u2019e\u0301preuve du championnat nord-ame\u0301ricain du Global Swim Series Le 5 km et le 12 km individuel de la Traverse\u0301e du Lac Tremblant sont les e\u0301preuves officielles du Championnat nord-ame\u0301ricain du Global&hellip;<\/p>\n","protected":false},"author":5,"featured_media":0,"parent":22500,"menu_order":0,"comment_status":"closed","ping_status":"closed","template":"","meta":{"footnotes":""},"class_list":["post-22480","page","type-page","status-publish","hentry","description-off"],"yoast_head":"<!-- This site is optimized with the Yoast SEO Premium plugin v26.5 (Yoast SEO v26.5) - https:\/\/yoast.com\/wordpress\/plugins\/seo\/ -->\n<title>La travers\u00e9e du lac Tremblant, \u00e9v\u00e9nements \u00e0 Mont-Tremblant<\/title>\n<meta name=\"description\" content=\"Official Mont-Tremblant vous apporte plus d&#039;informations sur les \u00e9v\u00e9nements \u00e0 Mont-Tremblant dont la travers\u00e9e du lac Tremblant.\" \/>\n<meta name=\"robots\" content=\"index, follow, max-snippet:-1, max-image-preview:large, max-video-preview:-1\" \/>\n<link rel=\"canonical\" href=\"https:\/\/officialmonttremblant.com\/fr\/evenements\/evenements-sportifs\/traversee-du-lac-tremblant\/\" \/>\n<meta property=\"og:locale\" content=\"fr_FR\" \/>\n<meta property=\"og:type\" content=\"article\" \/>\n<meta property=\"og:title\" content=\"La travers\u00e9e du lac Tremblant\" \/>\n<meta property=\"og:description\" content=\"Official Mont-Tremblant vous apporte plus d&#039;informations sur les \u00e9v\u00e9nements \u00e0 Mont-Tremblant dont la travers\u00e9e du lac Tremblant.\" \/>\n<meta property=\"og:url\" content=\"https:\/\/officialmonttremblant.com\/fr\/evenements\/evenements-sportifs\/traversee-du-lac-tremblant\/\" \/>\n<meta property=\"og:site_name\" content=\"Official Mont Tremblant\" \/>\n<meta property=\"article:modified_time\" content=\"2025-07-29T16:25:25+00:00\" \/>\n<meta name=\"twitter:card\" content=\"summary_large_image\" \/>\n<meta name=\"twitter:label1\" content=\"Dur\u00e9e de lecture estim\u00e9e\" \/>\n\t<meta name=\"twitter:data1\" content=\"2 minutes\" \/>\n<script type=\"application\/ld+json\" class=\"yoast-schema-graph\">{\"@context\":\"https:\/\/schema.org\",\"@graph\":[{\"@type\":\"WebPage\",\"@id\":\"https:\/\/officialmonttremblant.com\/fr\/evenements\/evenements-sportifs\/traversee-du-lac-tremblant\/\",\"url\":\"https:\/\/officialmonttremblant.com\/fr\/evenements\/evenements-sportifs\/traversee-du-lac-tremblant\/\",\"name\":\"La travers\u00e9e du lac Tremblant, \u00e9v\u00e9nements \u00e0 Mont-Tremblant\",\"isPartOf\":{\"@id\":\"https:\/\/officialmonttremblant.com\/fr\/#website\"},\"datePublished\":\"2022-09-01T17:37:46+00:00\",\"dateModified\":\"2025-07-29T16:25:25+00:00\",\"description\":\"Official Mont-Tremblant vous apporte plus d'informations sur les \u00e9v\u00e9nements \u00e0 Mont-Tremblant dont la travers\u00e9e du lac Tremblant.\",\"breadcrumb\":{\"@id\":\"https:\/\/officialmonttremblant.com\/fr\/evenements\/evenements-sportifs\/traversee-du-lac-tremblant\/#breadcrumb\"},\"inLanguage\":\"fr-FR\",\"potentialAction\":[{\"@type\":\"ReadAction\",\"target\":[\"https:\/\/officialmonttremblant.com\/fr\/evenements\/evenements-sportifs\/traversee-du-lac-tremblant\/\"]}]},{\"@type\":\"BreadcrumbList\",\"@id\":\"https:\/\/officialmonttremblant.com\/fr\/evenements\/evenements-sportifs\/traversee-du-lac-tremblant\/#breadcrumb\",\"itemListElement\":[{\"@type\":\"ListItem\",\"position\":1,\"name\":\"Home\",\"item\":\"https:\/\/officialmonttremblant.com\/fr\/\"},{\"@type\":\"ListItem\",\"position\":2,\"name\":\"Ev\u00e9nements \u00e0 Mont-Tremblant\",\"item\":\"https:\/\/officialmonttremblant.com\/fr\/evenements\/\"},{\"@type\":\"ListItem\",\"position\":3,\"name\":\"Ev\u00e9nements sportifs\",\"item\":\"https:\/\/officialmonttremblant.com\/fr\/evenements\/evenements-sportifs\/\"},{\"@type\":\"ListItem\",\"position\":4,\"name\":\"La travers\u00e9e du lac Tremblant\"}]},{\"@type\":\"WebSite\",\"@id\":\"https:\/\/officialmonttremblant.com\/fr\/#website\",\"url\":\"https:\/\/officialmonttremblant.com\/fr\/\",\"name\":\"Official Mont Tremblant\",\"description\":\"Vacation &amp; tourist guide in Mont Tremblant\",\"potentialAction\":[{\"@type\":\"SearchAction\",\"target\":{\"@type\":\"EntryPoint\",\"urlTemplate\":\"https:\/\/officialmonttremblant.com\/fr\/?s={search_term_string}\"},\"query-input\":{\"@type\":\"PropertyValueSpecification\",\"valueRequired\":true,\"valueName\":\"search_term_string\"}}],\"inLanguage\":\"fr-FR\"}]}<\/script>\n<!-- \/ Yoast SEO Premium plugin. -->","yoast_head_json":{"title":"La travers\u00e9e du lac Tremblant, \u00e9v\u00e9nements \u00e0 Mont-Tremblant","description":"Official Mont-Tremblant vous apporte plus d'informations sur les \u00e9v\u00e9nements \u00e0 Mont-Tremblant dont la travers\u00e9e du lac Tremblant.","robots":{"index":"index","follow":"follow","max-snippet":"max-snippet:-1","max-image-preview":"max-image-preview:large","max-video-preview":"max-video-preview:-1"},"canonical":"https:\/\/officialmonttremblant.com\/fr\/evenements\/evenements-sportifs\/traversee-du-lac-tremblant\/","og_locale":"fr_FR","og_type":"article","og_title":"La travers\u00e9e du lac Tremblant","og_description":"Official Mont-Tremblant vous apporte plus d'informations sur les \u00e9v\u00e9nements \u00e0 Mont-Tremblant dont la travers\u00e9e du lac Tremblant.","og_url":"https:\/\/officialmonttremblant.com\/fr\/evenements\/evenements-sportifs\/traversee-du-lac-tremblant\/","og_site_name":"Official Mont Tremblant","article_modified_time":"2025-07-29T16:25:25+00:00","twitter_card":"summary_large_image","twitter_misc":{"Dur\u00e9e de lecture estim\u00e9e":"2 minutes"},"schema":{"@context":"https:\/\/schema.org","@graph":[{"@type":"WebPage","@id":"https:\/\/officialmonttremblant.com\/fr\/evenements\/evenements-sportifs\/traversee-du-lac-tremblant\/","url":"https:\/\/officialmonttremblant.com\/fr\/evenements\/evenements-sportifs\/traversee-du-lac-tremblant\/","name":"La travers\u00e9e du lac Tremblant, \u00e9v\u00e9nements \u00e0 Mont-Tremblant","isPartOf":{"@id":"https:\/\/officialmonttremblant.com\/fr\/#website"},"datePublished":"2022-09-01T17:37:46+00:00","dateModified":"2025-07-29T16:25:25+00:00","description":"Official Mont-Tremblant vous apporte plus d'informations sur les \u00e9v\u00e9nements \u00e0 Mont-Tremblant dont la travers\u00e9e du lac Tremblant.","breadcrumb":{"@id":"https:\/\/officialmonttremblant.com\/fr\/evenements\/evenements-sportifs\/traversee-du-lac-tremblant\/#breadcrumb"},"inLanguage":"fr-FR","potentialAction":[{"@type":"ReadAction","target":["https:\/\/officialmonttremblant.com\/fr\/evenements\/evenements-sportifs\/traversee-du-lac-tremblant\/"]}]},{"@type":"BreadcrumbList","@id":"https:\/\/officialmonttremblant.com\/fr\/evenements\/evenements-sportifs\/traversee-du-lac-tremblant\/#breadcrumb","itemListElement":[{"@type":"ListItem","position":1,"name":"Home","item":"https:\/\/officialmonttremblant.com\/fr\/"},{"@type":"ListItem","position":2,"name":"Ev\u00e9nements \u00e0 Mont-Tremblant","item":"https:\/\/officialmonttremblant.com\/fr\/evenements\/"},{"@type":"ListItem","position":3,"name":"Ev\u00e9nements sportifs","item":"https:\/\/officialmonttremblant.com\/fr\/evenements\/evenements-sportifs\/"},{"@type":"ListItem","position":4,"name":"La travers\u00e9e du lac Tremblant"}]},{"@type":"WebSite","@id":"https:\/\/officialmonttremblant.com\/fr\/#website","url":"https:\/\/officialmonttremblant.com\/fr\/","name":"Official Mont Tremblant","description":"Vacation &amp; tourist guide in Mont Tremblant","potentialAction":[{"@type":"SearchAction","target":{"@type":"EntryPoint","urlTemplate":"https:\/\/officialmonttremblant.com\/fr\/?s={search_term_string}"},"query-input":{"@type":"PropertyValueSpecification","valueRequired":true,"valueName":"search_term_string"}}],"inLanguage":"fr-FR"}]}},"jetpack_sharing_enabled":true,"_links":{"self":[{"href":"https:\/\/officialmonttremblant.com\/fr\/wp-json\/wp\/v2\/pages\/22480","targetHints":{"allow":["GET"]}}],"collection":[{"href":"https:\/\/officialmonttremblant.com\/fr\/wp-json\/wp\/v2\/pages"}],"about":[{"href":"https:\/\/officialmonttremblant.com\/fr\/wp-json\/wp\/v2\/types\/page"}],"author":[{"embeddable":true,"href":"https:\/\/officialmonttremblant.com\/fr\/wp-json\/wp\/v2\/users\/5"}],"replies":[{"embeddable":true,"href":"https:\/\/officialmonttremblant.com\/fr\/wp-json\/wp\/v2\/comments?post=22480"}],"version-history":[{"count":6,"href":"https:\/\/officialmonttremblant.com\/fr\/wp-json\/wp\/v2\/pages\/22480\/revisions"}],"predecessor-version":[{"id":26724,"href":"https:\/\/officialmonttremblant.com\/fr\/wp-json\/wp\/v2\/pages\/22480\/revisions\/26724"}],"up":[{"embeddable":true,"href":"https:\/\/officialmonttremblant.com\/fr\/wp-json\/wp\/v2\/pages\/22500"}],"wp:attachment":[{"href":"https:\/\/officialmonttremblant.com\/fr\/wp-json\/wp\/v2\/media?parent=22480"}],"curies":[{"name":"wp","href":"https:\/\/api.w.org\/{rel}","templated":true}]}}