{"id":22500,"date":"2022-08-29T12:01:47","date_gmt":"2022-08-29T16:01:47","guid":{"rendered":"https:\/\/officialmonttremblant.com\/sporting-events\/"},"modified":"2025-07-29T12:25:19","modified_gmt":"2025-07-29T16:25:19","slug":"evenements-sportifs","status":"publish","type":"page","link":"https:\/\/officialmonttremblant.com\/fr\/evenements\/evenements-sportifs\/","title":{"rendered":"Ev\u00e9nements sportifs"},"content":{"rendered":"<p>[vc_row content_placement=\u00a0\u00bbmiddle\u00a0\u00bb css=\u00a0\u00bb.vc_custom_1652361660051{padding-top: 20px !important;padding-bottom: 60px !important;}\u00a0\u00bb][vc_column width=\u00a0\u00bb2\/3&Prime;]<div id=\"ultimate-heading-337469d06bbabb7a4\" class=\"uvc-heading ult-adjust-bottom-margin ultimate-heading-337469d06bbabb7a4 uvc-6466  uvc-heading-default-font-sizes\" data-hspacer=\"line_only\"  data-halign=\"left\" style=\"text-align:left\"><div class=\"uvc-main-heading ult-responsive\"  data-ultimate-target='.uvc-heading.ultimate-heading-337469d06bbabb7a4 h2'  data-responsive-json-new='{\"font-size\":\"\",\"line-height\":\"\"}' ><h2 style=\"--font-weight:theme;margin-bottom:10px;\">Ev\u00e9nements sportifs<\/h2><\/div><div class=\"uvc-heading-spacer line_only\" style=\"margin-bottom:15px;height:2px;\"><span class=\"uvc-headings-line\" style=\"border-style:solid;border-bottom-width:2px;border-color:#1e8449;width:70px;\"><\/span><\/div><div class=\"uvc-sub-heading ult-responsive\"  data-ultimate-target='.uvc-heading.ultimate-heading-337469d06bbabb7a4 .uvc-sub-heading '  data-responsive-json-new='{\"font-size\":\"\",\"line-height\":\"\"}'  style=\"font-weight:normal;margin-bottom:15px;\"><span style=\"font-weight: 400;\">Official Mont-Tremblant vous donne plus d&rsquo;informations sur les \u00e9v\u00e9nements \u00e0 Tremblant dont les \u00e9v\u00e9nements sportifs \u00e0 Mont-Tremblant. Le superbe lac Tremblant, les belles for\u00eats de Mont Tremblant et son village pi\u00e9tonnier \u00e0 la base de la montagne se pr\u00eatent parfaitement \u00e0 l\u2019organisation de manifestations sportives.<\/span><\/p>\n<p><span style=\"font-weight: 400;\">Tout au long de l\u2019ann\u00e9e, Mont Tremblant accueille ainsi de multiples \u00e9v\u00e8nements ou comp\u00e9titions , \u00e0 renomm\u00e9e internationale pour certains tels que le c\u00e9l\u00e8bre IRONMAN ,\u00a0 la Coupe de v\u00e9lo de montagne du Canada ou la travers\u00e9e du Lac Tremblant. <\/span><span style=\"font-weight: 400;\">On p\u00e9dale, on grimpe, on marche, on glisse, on nage. Bref, on fait du sport et on s\u2019amuse dans un merveilleux paysage de montagnes ou\u00a0 le plein air est \u00e0 l\u2019honneur .<\/span><\/p>\n<p><span style=\"font-weight: 400;\">Peu importe la saison, l\u2019accueil est toujours, chaleureux et vous trouverez de nombreuses locations de vacances \u00e0 Tremblant pour rendre votre s\u00e9jour des plus agr\u00e9ables.<\/span><\/div><\/div>[\/vc_column][vc_column width=\u00a0\u00bb1\/3&Prime;]<style type=\"text\/css\" data-type=\"the7_shortcodes-inline-css\">.shortcode-single-image-wrap.shortcode-single-image-c9963e7d2225d9c58459a8988c9b6d1f.enable-bg-rollover .rollover i,\n.shortcode-single-image-wrap.shortcode-single-image-c9963e7d2225d9c58459a8988c9b6d1f.enable-bg-rollover .rollover-video i {\n  background: -webkit-linear-gradient();\n  background: linear-gradient();\n}\n.shortcode-single-image-wrap.shortcode-single-image-c9963e7d2225d9c58459a8988c9b6d1f .rollover-icon {\n  font-size: 32px;\n  color: #ffffff;\n  min-width: 44px;\n  min-height: 44px;\n  line-height: 44px;\n  border-radius: 100px;\n  border-style: solid;\n  border-width: 0px;\n}\n.dt-icon-bg-on.shortcode-single-image-wrap.shortcode-single-image-c9963e7d2225d9c58459a8988c9b6d1f .rollover-icon {\n  background: rgba(255,255,255,0.3);\n  box-shadow: none;\n}\n<\/style><div class=\"shortcode-single-image-wrap shortcode-single-image-c9963e7d2225d9c58459a8988c9b6d1f alignnone  enable-bg-rollover dt-icon-bg-off\" style=\"margin-top:0px; margin-bottom:0px; margin-left:0px; margin-right:0px; width:500px;\"><div class=\"shortcode-single-image\"><div class=\"fancy-media-wrap  layzr-bg\" style=\"\"><img loading=\"lazy\" decoding=\"async\" class=\"preload-me lazy-load\" src=\"data:image\/svg+xml,%3Csvg%20xmlns%3D&#39;http%3A%2F%2Fwww.w3.org%2F2000%2Fsvg&#39;%20viewBox%3D&#39;0%200%20500%20375&#39;%2F%3E\" data-src=\"https:\/\/officialmonttremblant.com\/wp-content\/uploads\/2022\/08\/home-sporting-events-500x375.jpg\" data-srcset=\"https:\/\/officialmonttremblant.com\/wp-content\/uploads\/2022\/08\/home-sporting-events-500x375.jpg 500w, https:\/\/officialmonttremblant.com\/wp-content\/uploads\/2022\/08\/home-sporting-events.jpg 800w\" width=\"500\" height=\"375\"  data-dt-location=\"https:\/\/officialmonttremblant.com\/fr\/events\/sporting-events\/home-sporting-events\/\" style=\"\" alt=\"\" \/><\/div><\/div><\/div>[\/vc_column][\/vc_row][vc_row gap=\u00a0\u00bb1&Prime; bg_type=\u00a0\u00bbbg_color\u00a0\u00bb bg_override=\u00a0\u00bbex-full\u00a0\u00bb css=\u00a0\u00bb.vc_custom_1661793011444{padding-top: 60px !important;padding-bottom: 60px !important;}\u00a0\u00bb bg_color_value=\u00a0\u00bb#f8f8f8&Prime;][vc_column width=\u00a0\u00bb1\/3&Prime; css=\u00a0\u00bb.vc_custom_1652311337326{margin-top: 0px !important;margin-right: 0px !important;margin-bottom: 0px !important;margin-left: 0px !important;padding-top: 0px !important;padding-right: 0px !important;padding-bottom: 0px !important;padding-left: 0px !important;}\u00a0\u00bb]<div class=\"ult-new-ib ult-ib-effect-style14  ult-ib-resp   vc_custom_1667845785065\" data-min-width=\"768\" data-max-width=\"900\" style=\"background:rgba(0,0,0,0.85);\" data-opacity=\"0.7\" data-hover-opacity=\"1\" ><img data-recalc-dims=\"1\" decoding=\"async\" class=\"ult-new-ib-img\" style=\"opacity:0.7;\" alt=\"null\" src=\"https:\/\/i0.wp.com\/officialmonttremblant.com\/wp-content\/uploads\/2022\/08\/ironman.jpeg?w=1200&#038;ssl=1\"   \/><div id=\"interactive-banner-wrap-1769\" class=\"ult-new-ib-desc\" style=\"\"><h2 class=\"ult-new-ib-title ult-responsive\"  data-ultimate-target='#interactive-banner-wrap-1769 .ult-new-ib-title'  data-responsive-json-new='{\"font-size\":\"desktop:26px;\",\"line-height\":\"\"}'  style=\"font-family:&#039;Quicksand&#039;;font-weight:700;\">Ironman Mont-Tremblant<\/h2><\/div><a class=\"ult-new-ib-link\" href=\"https:\/\/officialmonttremblant.com\/fr\/evenements-a-mont-tremblant-guide-de-voyage-de-mont-tremblant\/evenements-sportifs\/ironman-monttremblant\/\" title=\"Ironman Mont-Tremblant\" target=\"_blank\" rel=\"noopener\"  ><\/a><\/div>[\/vc_column][vc_column width=\u00a0\u00bb1\/3&Prime; css=\u00a0\u00bb.vc_custom_1652311343828{margin-top: 0px !important;margin-right: 0px !important;margin-bottom: 0px !important;margin-left: 0px !important;padding-top: 0px !important;padding-right: 0px !important;padding-bottom: 0px !important;padding-left: 0px !important;}\u00a0\u00bb]<div class=\"ult-new-ib ult-ib-effect-style14  ult-ib-resp   vc_custom_1667868712071\" data-min-width=\"768\" data-max-width=\"900\" style=\"background:rgba(0,0,0,0.85);\" data-opacity=\"0.7\" data-hover-opacity=\"1\" ><img data-recalc-dims=\"1\" decoding=\"async\" class=\"ult-new-ib-img\" style=\"opacity:0.7;\" alt=\"null\" src=\"https:\/\/i0.wp.com\/officialmonttremblant.com\/wp-content\/uploads\/2022\/08\/sky-realay.jpeg?w=1200&#038;ssl=1\"   \/><div id=\"interactive-banner-wrap-1839\" class=\"ult-new-ib-desc\" style=\"\"><h2 class=\"ult-new-ib-title ult-responsive\"  data-ultimate-target='#interactive-banner-wrap-1839 .ult-new-ib-title'  data-responsive-json-new='{\"font-size\":\"desktop:26px;\",\"line-height\":\"\"}'  style=\"font-family:&#039;Quicksand&#039;;font-weight:700;\">Salomon Tremblant<\/h2><\/div><a class=\"ult-new-ib-link\" href=\"https:\/\/officialmonttremblant.com\/fr\/evenements-a-mont-tremblant-guide-de-voyage-de-mont-tremblant\/evenements-sportifs\/la-classique-salomon-tremblant\/\" title=\"Salomon Tremblant\" target=\"_blank\" rel=\"noopener\"  ><\/a><\/div>[\/vc_column][vc_column width=\u00a0\u00bb1\/3&Prime; css=\u00a0\u00bb.vc_custom_1652311351506{margin: 0px !important;padding: 0px !important;}\u00a0\u00bb]<div class=\"ult-new-ib ult-ib-effect-style14  ult-ib-resp   vc_custom_1667846179578\" data-min-width=\"768\" data-max-width=\"900\" style=\"background:rgba(0,0,0,0.85);\" data-opacity=\"0.7\" data-hover-opacity=\"1\" ><img data-recalc-dims=\"1\" decoding=\"async\" class=\"ult-new-ib-img\" style=\"opacity:0.7;\" alt=\"null\" src=\"https:\/\/i0.wp.com\/officialmonttremblant.com\/wp-content\/uploads\/2022\/08\/crossing-lac.jpg?w=1200&#038;ssl=1\"   \/><div id=\"interactive-banner-wrap-7517\" class=\"ult-new-ib-desc\" style=\"\"><h2 class=\"ult-new-ib-title ult-responsive\"  data-ultimate-target='#interactive-banner-wrap-7517 .ult-new-ib-title'  data-responsive-json-new='{\"font-size\":\"desktop:26px;\",\"line-height\":\"\"}'  style=\"font-family:&#039;Quicksand&#039;;font-weight:700;\">La Travers\u00e9e du lac Tremblant<\/h2><\/div><a class=\"ult-new-ib-link\" href=\"https:\/\/officialmonttremblant.com\/fr\/evenements-a-mont-tremblant-guide-de-voyage-de-mont-tremblant\/evenements-sportifs\/traversee-du-lac-tremblant\/\" title=\"La Travers\u00e9e du lac Tremblant\" target=\"_blank\" rel=\"noopener\"  ><\/a><\/div>[\/vc_column][vc_column width=\u00a0\u00bb1\/3&Prime; css=\u00a0\u00bb.vc_custom_1652311356749{margin: 0px !important;padding: 0px !important;}\u00a0\u00bb]<div class=\"ult-new-ib ult-ib-effect-style14  ult-ib-resp   vc_custom_1667854684035\" data-min-width=\"768\" data-max-width=\"900\" style=\"background:rgba(0,0,0,0.85);\" data-opacity=\"0.7\" data-hover-opacity=\"1\" ><img data-recalc-dims=\"1\" decoding=\"async\" class=\"ult-new-ib-img\" style=\"opacity:0.7;\" alt=\"null\" src=\"https:\/\/i0.wp.com\/officialmonttremblant.com\/wp-content\/uploads\/2022\/09\/cycling.jpeg?w=1200&#038;ssl=1\"   \/><div id=\"interactive-banner-wrap-9111\" class=\"ult-new-ib-desc\" style=\"\"><h2 class=\"ult-new-ib-title ult-responsive\"  data-ultimate-target='#interactive-banner-wrap-9111 .ult-new-ib-title'  data-responsive-json-new='{\"font-size\":\"desktop:26px;\",\"line-height\":\"\"}'  style=\"font-family:&#039;Quicksand&#039;;font-weight:700;\">Festival de v\u00e9lo Crossroads Tremblant<\/h2><\/div><a class=\"ult-new-ib-link\" href=\"https:\/\/officialmonttremblant.com\/fr\/evenements-a-mont-tremblant-guide-de-voyage-de-mont-tremblant\/evenements-sportifs\/festival-de-velo-crossroads-tremblant\/\" title=\"Festival de v\u00e9lo Crossroads Tremblant\" target=\"_blank\" rel=\"noopener\"  ><\/a><\/div>[\/vc_column][vc_column width=\u00a0\u00bb1\/3&Prime; css=\u00a0\u00bb.vc_custom_1652311362178{margin: 0px !important;padding: 0px !important;}\u00a0\u00bb]<div class=\"ult-new-ib ult-ib-effect-style14  ult-ib-resp   vc_custom_1667854883927\" data-min-width=\"768\" data-max-width=\"900\" style=\"background:rgba(0,0,0,0.85);\" data-opacity=\"0.7\" data-hover-opacity=\"1\" ><img data-recalc-dims=\"1\" decoding=\"async\" class=\"ult-new-ib-img\" style=\"opacity:0.7;\" alt=\"null\" src=\"https:\/\/i0.wp.com\/officialmonttremblant.com\/wp-content\/uploads\/2022\/08\/marathon.jpg?w=1200&#038;ssl=1\"   \/><div id=\"interactive-banner-wrap-4487\" class=\"ult-new-ib-desc\" style=\"\"><h2 class=\"ult-new-ib-title ult-responsive\"  data-ultimate-target='#interactive-banner-wrap-4487 .ult-new-ib-title'  data-responsive-json-new='{\"font-size\":\"desktop:26px;\",\"line-height\":\"\"}'  style=\"font-family:&#039;Quicksand&#039;;font-weight:700;\">Demi-Marathon Tremblant<\/h2><\/div><a class=\"ult-new-ib-link\" href=\"https:\/\/officialmonttremblant.com\/fr\/evenements-a-mont-tremblant-guide-de-voyage-de-mont-tremblant\/evenements-sportifs\/demi-marathon-tremblant\/\" title=\"Demi-Marathon Tremblant\" target=\"_blank\" rel=\"noopener\"  ><\/a><\/div>[\/vc_column][vc_column width=\u00a0\u00bb1\/3&Prime; css=\u00a0\u00bb.vc_custom_1662664303336{margin: 0px !important;padding: 0px !important;}\u00a0\u00bb]<div class=\"ult-new-ib ult-ib-effect-style14  ult-ib-resp   vc_custom_1667869117665\" data-min-width=\"768\" data-max-width=\"900\" style=\"background:rgba(0,0,0,0.85);\" data-opacity=\"0.7\" data-hover-opacity=\"1\" ><img data-recalc-dims=\"1\" decoding=\"async\" class=\"ult-new-ib-img\" style=\"opacity:0.7;\" alt=\"null\" src=\"https:\/\/i0.wp.com\/officialmonttremblant.com\/wp-content\/uploads\/2022\/08\/24hs.jpg?w=1200&#038;ssl=1\"   \/><div id=\"interactive-banner-wrap-8770\" class=\"ult-new-ib-desc\" style=\"\"><h2 class=\"ult-new-ib-title ult-responsive\"  data-ultimate-target='#interactive-banner-wrap-8770 .ult-new-ib-title'  data-responsive-json-new='{\"font-size\":\"desktop:26px;\",\"line-height\":\"\"}'  style=\"font-family:&#039;Quicksand&#039;;font-weight:700;\">24H Tremblant<\/h2><\/div><a class=\"ult-new-ib-link\" href=\"https:\/\/officialmonttremblant.com\/fr\/evenements-a-mont-tremblant-guide-de-voyage-de-mont-tremblant\/evenements-sportifs\/24-h-tremblant\/\" title=\"24H Tremblant\" target=\"_blank\" rel=\"noopener\"  ><\/a><\/div>[\/vc_column][\/vc_row]<\/p>\n","protected":false},"excerpt":{"rendered":"<p>[vc_row content_placement=\u00a0\u00bbmiddle\u00a0\u00bb css=\u00a0\u00bb.vc_custom_1652361660051{padding-top: 20px !important;padding-bottom: 60px !important;}\u00a0\u00bb][vc_column width=\u00a0\u00bb2\/3&Prime;][\/vc_column][vc_column width=\u00a0\u00bb1\/3&Prime;][\/vc_column][\/vc_row][vc_row gap=\u00a0\u00bb1&Prime; bg_type=\u00a0\u00bbbg_color\u00a0\u00bb bg_override=\u00a0\u00bbex-full\u00a0\u00bb css=\u00a0\u00bb.vc_custom_1661793011444{padding-top: 60px !important;padding-bottom: 60px !important;}\u00a0\u00bb bg_color_value=\u00a0\u00bb#f8f8f8&Prime;][vc_column width=\u00a0\u00bb1\/3&Prime; css=\u00a0\u00bb.vc_custom_1652311337326{margin-top: 0px !important;margin-right: 0px !important;margin-bottom: 0px !important;margin-left: 0px !important;padding-top: 0px !important;padding-right: 0px !important;padding-bottom: 0px !important;padding-left: 0px !important;}\u00a0\u00bb][\/vc_column][vc_column width=\u00a0\u00bb1\/3&Prime; css=\u00a0\u00bb.vc_custom_1652311343828{margin-top: 0px !important;margin-right: 0px !important;margin-bottom: 0px !important;margin-left: 0px !important;padding-top: 0px !important;padding-right: 0px !important;padding-bottom: 0px !important;padding-left: 0px !important;}\u00a0\u00bb][\/vc_column][vc_column width=\u00a0\u00bb1\/3&Prime;&hellip;<\/p>\n","protected":false},"author":1,"featured_media":0,"parent":22544,"menu_order":0,"comment_status":"closed","ping_status":"closed","template":"","meta":{"footnotes":""},"class_list":["post-22500","page","type-page","status-publish","hentry","description-off"],"yoast_head":"<!-- This site is optimized with the Yoast SEO Premium plugin v26.5 (Yoast SEO v26.5) - https:\/\/yoast.com\/wordpress\/plugins\/seo\/ -->\n<title>Ev\u00e9nements \u00e0 Tremblant, \u00e9v\u00e9nements sportifs \u00e0 Mont-Tremblant<\/title>\n<meta name=\"description\" content=\"Official Mont-Tremblant vous donne plus d&#039;informations sur les \u00e9v\u00e9nements \u00e0 Mont-Tremblant dont les \u00e9v\u00e9nements sportifs \u00e0 Mont-Tremblant.\" \/>\n<meta name=\"robots\" content=\"index, follow, max-snippet:-1, max-image-preview:large, max-video-preview:-1\" \/>\n<link rel=\"canonical\" href=\"https:\/\/officialmonttremblant.com\/fr\/evenements\/evenements-sportifs\/\" \/>\n<meta property=\"og:locale\" content=\"fr_FR\" \/>\n<meta property=\"og:type\" content=\"article\" \/>\n<meta property=\"og:title\" content=\"Ev\u00e9nements sportifs\" \/>\n<meta property=\"og:description\" content=\"Official Mont-Tremblant vous donne plus d&#039;informations sur les \u00e9v\u00e9nements \u00e0 Mont-Tremblant dont les \u00e9v\u00e9nements sportifs \u00e0 Mont-Tremblant.\" \/>\n<meta property=\"og:url\" content=\"https:\/\/officialmonttremblant.com\/fr\/evenements\/evenements-sportifs\/\" \/>\n<meta property=\"og:site_name\" content=\"Official Mont Tremblant\" \/>\n<meta property=\"article:modified_time\" content=\"2025-07-29T16:25:19+00:00\" \/>\n<meta name=\"twitter:card\" content=\"summary_large_image\" \/>\n<meta name=\"twitter:label1\" content=\"Dur\u00e9e de lecture estim\u00e9e\" \/>\n\t<meta name=\"twitter:data1\" content=\"2 minutes\" \/>\n<script type=\"application\/ld+json\" class=\"yoast-schema-graph\">{\"@context\":\"https:\/\/schema.org\",\"@graph\":[{\"@type\":\"WebPage\",\"@id\":\"https:\/\/officialmonttremblant.com\/fr\/evenements\/evenements-sportifs\/\",\"url\":\"https:\/\/officialmonttremblant.com\/fr\/evenements\/evenements-sportifs\/\",\"name\":\"Ev\u00e9nements \u00e0 Tremblant, \u00e9v\u00e9nements sportifs \u00e0 Mont-Tremblant\",\"isPartOf\":{\"@id\":\"https:\/\/officialmonttremblant.com\/fr\/#website\"},\"datePublished\":\"2022-08-29T16:01:47+00:00\",\"dateModified\":\"2025-07-29T16:25:19+00:00\",\"description\":\"Official Mont-Tremblant vous donne plus d'informations sur les \u00e9v\u00e9nements \u00e0 Mont-Tremblant dont les \u00e9v\u00e9nements sportifs \u00e0 Mont-Tremblant.\",\"breadcrumb\":{\"@id\":\"https:\/\/officialmonttremblant.com\/fr\/evenements\/evenements-sportifs\/#breadcrumb\"},\"inLanguage\":\"fr-FR\",\"potentialAction\":[{\"@type\":\"ReadAction\",\"target\":[\"https:\/\/officialmonttremblant.com\/fr\/evenements\/evenements-sportifs\/\"]}]},{\"@type\":\"BreadcrumbList\",\"@id\":\"https:\/\/officialmonttremblant.com\/fr\/evenements\/evenements-sportifs\/#breadcrumb\",\"itemListElement\":[{\"@type\":\"ListItem\",\"position\":1,\"name\":\"Home\",\"item\":\"https:\/\/officialmonttremblant.com\/fr\/\"},{\"@type\":\"ListItem\",\"position\":2,\"name\":\"Ev\u00e9nements \u00e0 Mont-Tremblant\",\"item\":\"https:\/\/officialmonttremblant.com\/fr\/evenements\/\"},{\"@type\":\"ListItem\",\"position\":3,\"name\":\"Ev\u00e9nements sportifs\"}]},{\"@type\":\"WebSite\",\"@id\":\"https:\/\/officialmonttremblant.com\/fr\/#website\",\"url\":\"https:\/\/officialmonttremblant.com\/fr\/\",\"name\":\"Official Mont Tremblant\",\"description\":\"Vacation &amp; tourist guide in Mont Tremblant\",\"potentialAction\":[{\"@type\":\"SearchAction\",\"target\":{\"@type\":\"EntryPoint\",\"urlTemplate\":\"https:\/\/officialmonttremblant.com\/fr\/?s={search_term_string}\"},\"query-input\":{\"@type\":\"PropertyValueSpecification\",\"valueRequired\":true,\"valueName\":\"search_term_string\"}}],\"inLanguage\":\"fr-FR\"}]}<\/script>\n<!-- \/ Yoast SEO Premium plugin. -->","yoast_head_json":{"title":"Ev\u00e9nements \u00e0 Tremblant, \u00e9v\u00e9nements sportifs \u00e0 Mont-Tremblant","description":"Official Mont-Tremblant vous donne plus d'informations sur les \u00e9v\u00e9nements \u00e0 Mont-Tremblant dont les \u00e9v\u00e9nements sportifs \u00e0 Mont-Tremblant.","robots":{"index":"index","follow":"follow","max-snippet":"max-snippet:-1","max-image-preview":"max-image-preview:large","max-video-preview":"max-video-preview:-1"},"canonical":"https:\/\/officialmonttremblant.com\/fr\/evenements\/evenements-sportifs\/","og_locale":"fr_FR","og_type":"article","og_title":"Ev\u00e9nements sportifs","og_description":"Official Mont-Tremblant vous donne plus d'informations sur les \u00e9v\u00e9nements \u00e0 Mont-Tremblant dont les \u00e9v\u00e9nements sportifs \u00e0 Mont-Tremblant.","og_url":"https:\/\/officialmonttremblant.com\/fr\/evenements\/evenements-sportifs\/","og_site_name":"Official Mont Tremblant","article_modified_time":"2025-07-29T16:25:19+00:00","twitter_card":"summary_large_image","twitter_misc":{"Dur\u00e9e de lecture estim\u00e9e":"2 minutes"},"schema":{"@context":"https:\/\/schema.org","@graph":[{"@type":"WebPage","@id":"https:\/\/officialmonttremblant.com\/fr\/evenements\/evenements-sportifs\/","url":"https:\/\/officialmonttremblant.com\/fr\/evenements\/evenements-sportifs\/","name":"Ev\u00e9nements \u00e0 Tremblant, \u00e9v\u00e9nements sportifs \u00e0 Mont-Tremblant","isPartOf":{"@id":"https:\/\/officialmonttremblant.com\/fr\/#website"},"datePublished":"2022-08-29T16:01:47+00:00","dateModified":"2025-07-29T16:25:19+00:00","description":"Official Mont-Tremblant vous donne plus d'informations sur les \u00e9v\u00e9nements \u00e0 Mont-Tremblant dont les \u00e9v\u00e9nements sportifs \u00e0 Mont-Tremblant.","breadcrumb":{"@id":"https:\/\/officialmonttremblant.com\/fr\/evenements\/evenements-sportifs\/#breadcrumb"},"inLanguage":"fr-FR","potentialAction":[{"@type":"ReadAction","target":["https:\/\/officialmonttremblant.com\/fr\/evenements\/evenements-sportifs\/"]}]},{"@type":"BreadcrumbList","@id":"https:\/\/officialmonttremblant.com\/fr\/evenements\/evenements-sportifs\/#breadcrumb","itemListElement":[{"@type":"ListItem","position":1,"name":"Home","item":"https:\/\/officialmonttremblant.com\/fr\/"},{"@type":"ListItem","position":2,"name":"Ev\u00e9nements \u00e0 Mont-Tremblant","item":"https:\/\/officialmonttremblant.com\/fr\/evenements\/"},{"@type":"ListItem","position":3,"name":"Ev\u00e9nements sportifs"}]},{"@type":"WebSite","@id":"https:\/\/officialmonttremblant.com\/fr\/#website","url":"https:\/\/officialmonttremblant.com\/fr\/","name":"Official Mont Tremblant","description":"Vacation &amp; tourist guide in Mont Tremblant","potentialAction":[{"@type":"SearchAction","target":{"@type":"EntryPoint","urlTemplate":"https:\/\/officialmonttremblant.com\/fr\/?s={search_term_string}"},"query-input":{"@type":"PropertyValueSpecification","valueRequired":true,"valueName":"search_term_string"}}],"inLanguage":"fr-FR"}]}},"jetpack_sharing_enabled":true,"_links":{"self":[{"href":"https:\/\/officialmonttremblant.com\/fr\/wp-json\/wp\/v2\/pages\/22500","targetHints":{"allow":["GET"]}}],"collection":[{"href":"https:\/\/officialmonttremblant.com\/fr\/wp-json\/wp\/v2\/pages"}],"about":[{"href":"https:\/\/officialmonttremblant.com\/fr\/wp-json\/wp\/v2\/types\/page"}],"author":[{"embeddable":true,"href":"https:\/\/officialmonttremblant.com\/fr\/wp-json\/wp\/v2\/users\/1"}],"replies":[{"embeddable":true,"href":"https:\/\/officialmonttremblant.com\/fr\/wp-json\/wp\/v2\/comments?post=22500"}],"version-history":[{"count":8,"href":"https:\/\/officialmonttremblant.com\/fr\/wp-json\/wp\/v2\/pages\/22500\/revisions"}],"predecessor-version":[{"id":26727,"href":"https:\/\/officialmonttremblant.com\/fr\/wp-json\/wp\/v2\/pages\/22500\/revisions\/26727"}],"up":[{"embeddable":true,"href":"https:\/\/officialmonttremblant.com\/fr\/wp-json\/wp\/v2\/pages\/22544"}],"wp:attachment":[{"href":"https:\/\/officialmonttremblant.com\/fr\/wp-json\/wp\/v2\/media?parent=22500"}],"curies":[{"name":"wp","href":"https:\/\/api.w.org\/{rel}","templated":true}]}}