{"id":22544,"date":"2022-08-29T12:00:34","date_gmt":"2022-08-29T16:00:34","guid":{"rendered":"https:\/\/officialmonttremblant.com\/?page_id=22544"},"modified":"2025-07-29T12:19:53","modified_gmt":"2025-07-29T16:19:53","slug":"evenements","status":"publish","type":"page","link":"https:\/\/officialmonttremblant.com\/fr\/evenements\/","title":{"rendered":"Ev\u00e9nements \u00e0 Mont-Tremblant"},"content":{"rendered":"<p>[vc_row css=\u00a0\u00bb.vc_custom_1664982739390{padding-bottom: 60px !important;}\u00a0\u00bb][vc_column width=\u00a0\u00bb2\/3&Prime;]<div id=\"ultimate-heading-443269dab32cecb2c\" class=\"uvc-heading ult-adjust-bottom-margin ultimate-heading-443269dab32cecb2c uvc-5381 \" data-hspacer=\"no_spacer\"  data-halign=\"center\" style=\"text-align:center\"><div class=\"uvc-heading-spacer no_spacer\" style=\"top\"><\/div><div class=\"uvc-sub-heading ult-responsive\"  data-ultimate-target='.uvc-heading.ultimate-heading-443269dab32cecb2c .uvc-sub-heading '  data-responsive-json-new='{\"font-size\":\"\",\"line-height\":\"\"}'  style=\"font-weight:normal;margin-bottom:10px;\"><\/p>\n<p style=\"text-align: left;\">Official Mont-Tremblant, votre guide de voyage de Mont-Tremblant, vous donne plus d&rsquo;informations sur les \u00e9v\u00e9nements \u00e0 Mont-Tremblant.<\/p>\n<p style=\"text-align: left;\">Planifiez votre voyage autour des nombreux \u00e9v\u00e9nements \u00e0 Mont Tremblant et assurez-vous de r\u00e9server vos locations de vacances \u00e0 Tremblant en avance. Les visiteurs se rendent dans la r\u00e9gion du monde entier, dont beaucoup coordonnent leurs visites en ligne avec certains des meilleurs rassemblements sportifs et de divertissement qui se d\u00e9roulent un peu partout!<\/p>\n<p style=\"text-align: left;\">Le superbe lac Tremblant, les belles for\u00eats de Mont Tremblant et son village pi\u00e9tonnier attirent des \u00e9v\u00e9nements sportifs de classe mondiale tels que le c\u00e9l\u00e8bre IRONMAN et la Coupe de v\u00e9lo de montagne du Canada. Le village de Mont-Tremblant est \u00e9galement le lieu de rassemblement id\u00e9al pour les vacanciers, qui pourront profiter tout au long de l\u2019\u00e9t\u00e9 des festivals de musique pr\u00e9sentant de nombreux concerts gratuits, mettant en sc\u00e8ne certains des plus grands noms du blues, jazz et autres genres musicaux. Mont-Tremblant devient un refuge pour les \u00e9picuriens et gourmands avec sa f\u00eate culinaire Tremblant Gourmand s\u2019\u00e9talant sur neuf jours lors de l\u2019un des \u00e9v\u00e9nements les plus d\u00e9licieux du monde.<\/p>\n<p style=\"text-align: left;\">Peu importe la saison, l\u2019accueil est toujours chaleureux et vous trouverez de nombreuses locations de vacances \u00e0 Tremblant pour rendre votre s\u00e9jour des plus agr\u00e9ables.<\/p>\n<p><\/div><\/div>[\/vc_column][vc_column width=\u00a0\u00bb1\/3&Prime;]<style type=\"text\/css\" data-type=\"the7_shortcodes-inline-css\">.shortcode-single-image-wrap.shortcode-single-image-cd60366265f6ce0112628aba35211adf.enable-bg-rollover .rollover i,\n.shortcode-single-image-wrap.shortcode-single-image-cd60366265f6ce0112628aba35211adf.enable-bg-rollover .rollover-video i {\n  background: -webkit-linear-gradient();\n  background: linear-gradient();\n}\n.shortcode-single-image-wrap.shortcode-single-image-cd60366265f6ce0112628aba35211adf .rollover-icon {\n  font-size: 32px;\n  color: #ffffff;\n  min-width: 44px;\n  min-height: 44px;\n  line-height: 44px;\n  border-radius: 100px;\n  border-style: solid;\n  border-width: 0px;\n}\n.dt-icon-bg-on.shortcode-single-image-wrap.shortcode-single-image-cd60366265f6ce0112628aba35211adf .rollover-icon {\n  background: rgba(255,255,255,0.3);\n  box-shadow: none;\n}\n<\/style><div class=\"shortcode-single-image-wrap shortcode-single-image-cd60366265f6ce0112628aba35211adf alignnone  enable-bg-rollover dt-icon-bg-off\" style=\"margin-top:0px; margin-bottom:0px; margin-left:0px; margin-right:0px; width:500px;\"><div class=\"shortcode-single-image\"><div class=\"fancy-media-wrap  layzr-bg\" style=\"\"><img loading=\"lazy\" decoding=\"async\" class=\"preload-me lazy-load\" src=\"data:image\/svg+xml,%3Csvg%20xmlns%3D&#39;http%3A%2F%2Fwww.w3.org%2F2000%2Fsvg&#39;%20viewBox%3D&#39;0%200%20500%20333&#39;%2F%3E\" data-src=\"https:\/\/officialmonttremblant.com\/wp-content\/uploads\/2022\/09\/Cycling-events-1-500x333.jpg\" data-srcset=\"https:\/\/officialmonttremblant.com\/wp-content\/uploads\/2022\/09\/Cycling-events-1-500x333.jpg 500w, https:\/\/officialmonttremblant.com\/wp-content\/uploads\/2022\/09\/Cycling-events-1-1000x666.jpg 1000w\" width=\"500\" height=\"333\"  data-dt-location=\"https:\/\/officialmonttremblant.com\/fr\/activities\/summer-activities\/cycling\/cycling-events-2\/\" style=\"\" alt=\"Cycling events\" \/><\/div><\/div><\/div>[\/vc_column][\/vc_row][vc_row gap=\u00a0\u00bb1&Prime; bg_type=\u00a0\u00bbbg_color\u00a0\u00bb bg_override=\u00a0\u00bbex-full\u00a0\u00bb css=\u00a0\u00bb.vc_custom_1662718730621{padding-top: 60px !important;padding-bottom: 60px !important;}\u00a0\u00bb bg_color_value=\u00a0\u00bb#f8f8f8&Prime;][vc_column width=\u00a0\u00bb1\/4&Prime; css=\u00a0\u00bb.vc_custom_1662717471216{margin: 0px !important;padding: 0px !important;}\u00a0\u00bb]<div class=\"ult-new-ib ult-ib-effect-style14  ult-ib-resp   vc_custom_1667869278916\" data-min-width=\"768\" data-max-width=\"900\" style=\"background:rgba(0,0,0,0.85);\" data-opacity=\"0.7\" data-hover-opacity=\"1\" ><img data-recalc-dims=\"1\" decoding=\"async\" class=\"ult-new-ib-img\" style=\"opacity:0.7;\" alt=\"Half-Marathon Tremblant\" src=\"https:\/\/i0.wp.com\/officialmonttremblant.com\/wp-content\/uploads\/2022\/09\/marathon.jpeg?w=1200&#038;ssl=1\"   \/><div id=\"interactive-banner-wrap-9348\" class=\"ult-new-ib-desc\" style=\"\"><h2 class=\"ult-new-ib-title ult-responsive\"  data-ultimate-target='#interactive-banner-wrap-9348 .ult-new-ib-title'  data-responsive-json-new='{\"font-size\":\"desktop:26px;\",\"line-height\":\"\"}'  style=\"font-weight:bold;\">Ev\u00e9nements sportifs<\/h2><\/div><a class=\"ult-new-ib-link\" href=\"https:\/\/officialmonttremblant.com\/fr\/evenements-a-mont-tremblant-guide-de-voyage-de-mont-tremblant\/evenements-sportifs\/\" title=\"Ev\u00e9nements sportifs\" target=\"_blank\" rel=\"noopener\"  ><\/a><\/div>[\/vc_column][vc_column width=\u00a0\u00bb1\/4&Prime; css=\u00a0\u00bb.vc_custom_1662717477688{margin: 0px !important;padding: 0px !important;}\u00a0\u00bb]<div class=\"ult-new-ib ult-ib-effect-style14  ult-ib-resp   vc_custom_1667870266638\" data-min-width=\"768\" data-max-width=\"900\" style=\"background:rgba(0,0,0,0.85);\" data-opacity=\"0.7\" data-hover-opacity=\"1\" ><img data-recalc-dims=\"1\" decoding=\"async\" class=\"ult-new-ib-img\" style=\"opacity:0.7;\" alt=\"null\" src=\"https:\/\/i0.wp.com\/officialmonttremblant.com\/wp-content\/uploads\/2022\/09\/events-music.jpg?w=1200&#038;ssl=1\"   \/><div id=\"interactive-banner-wrap-4492\" class=\"ult-new-ib-desc\" style=\"\"><h2 class=\"ult-new-ib-title ult-responsive\"  data-ultimate-target='#interactive-banner-wrap-4492 .ult-new-ib-title'  data-responsive-json-new='{\"font-size\":\"desktop:26px;\",\"line-height\":\"\"}'  style=\"font-weight:bold;\">Festivals de musique<\/h2><\/div><a class=\"ult-new-ib-link\" href=\"https:\/\/officialmonttremblant.com\/fr\/evenements-a-mont-tremblant-guide-de-voyage-de-mont-tremblant\/festivals-de-musique\/\" title=\"Festivals de musique\" target=\"_blank\" rel=\"noopener\"  ><\/a><\/div>[\/vc_column][vc_column width=\u00a0\u00bb1\/4&Prime; css=\u00a0\u00bb.vc_custom_1662717484021{margin: 0px !important;padding: 0px !important;}\u00a0\u00bb]<div class=\"ult-new-ib ult-ib-effect-style14  ult-ib-resp   vc_custom_1666723814863\" data-min-width=\"768\" data-max-width=\"900\" style=\"background:rgba(0,0,0,0.85);\" data-opacity=\"0.7\" data-hover-opacity=\"1\" ><img data-recalc-dims=\"1\" decoding=\"async\" class=\"ult-new-ib-img\" style=\"opacity:0.7;\" alt=\"null\" src=\"https:\/\/i0.wp.com\/officialmonttremblant.com\/wp-content\/uploads\/2022\/09\/events-hallo.jpg?w=1200&#038;ssl=1\"   \/><div id=\"interactive-banner-wrap-9977\" class=\"ult-new-ib-desc\" style=\"\"><h2 class=\"ult-new-ib-title ult-responsive\"  data-ultimate-target='#interactive-banner-wrap-9977 .ult-new-ib-title'  data-responsive-json-new='{\"font-size\":\"desktop:26px;\",\"line-height\":\"\"}'  style=\"font-weight:bold;\">Autres festivals culturels<\/h2><\/div><a class=\"ult-new-ib-link\" href=\"https:\/\/officialmonttremblant.com\/fr\/evenements\/autres-festivals-culturels\/\" title=\"Other Arts festivals\"  ><\/a><\/div>[\/vc_column][vc_column width=\u00a0\u00bb1\/4&Prime;]<div class=\"ult-new-ib ult-ib-effect-style14  ult-ib-resp   vc_custom_1667877547282\" data-min-width=\"768\" data-max-width=\"900\" style=\"background:rgba(0,0,0,0.85);\" data-opacity=\"0.7\" data-hover-opacity=\"1\" ><img data-recalc-dims=\"1\" decoding=\"async\" class=\"ult-new-ib-img\" style=\"opacity:0.7;\" alt=\"null\" src=\"https:\/\/i0.wp.com\/officialmonttremblant.com\/wp-content\/uploads\/2022\/09\/events-hallo.jpg?w=1200&#038;ssl=1\"   \/><div id=\"interactive-banner-wrap-3710\" class=\"ult-new-ib-desc\" style=\"\"><h2 class=\"ult-new-ib-title ult-responsive\"  data-ultimate-target='#interactive-banner-wrap-3710 .ult-new-ib-title'  data-responsive-json-new='{\"font-size\":\"desktop:26px;\",\"line-height\":\"\"}'  style=\"font-weight:bold;\">Ev\u00e9nements annuels<\/h2><\/div><a class=\"ult-new-ib-link\" href=\"https:\/\/officialmonttremblant.com\/fr\/evenements-a-mont-tremblant-guide-de-voyage-de-mont-tremblant\/evenements-annuels\/\" title=\"Ev\u00e9nements annuels\" target=\"_blank\" rel=\"noopener\"  ><\/a><\/div>[\/vc_column][\/vc_row]<\/p>\n","protected":false},"excerpt":{"rendered":"<p>[vc_row css=\u00a0\u00bb.vc_custom_1664982739390{padding-bottom: 60px !important;}\u00a0\u00bb][vc_column width=\u00a0\u00bb2\/3&Prime;][\/vc_column][vc_column width=\u00a0\u00bb1\/3&Prime;][\/vc_column][\/vc_row][vc_row gap=\u00a0\u00bb1&Prime; bg_type=\u00a0\u00bbbg_color\u00a0\u00bb bg_override=\u00a0\u00bbex-full\u00a0\u00bb css=\u00a0\u00bb.vc_custom_1662718730621{padding-top: 60px !important;padding-bottom: 60px !important;}\u00a0\u00bb bg_color_value=\u00a0\u00bb#f8f8f8&Prime;][vc_column width=\u00a0\u00bb1\/4&Prime; css=\u00a0\u00bb.vc_custom_1662717471216{margin: 0px !important;padding: 0px !important;}\u00a0\u00bb][\/vc_column][vc_column width=\u00a0\u00bb1\/4&Prime; css=\u00a0\u00bb.vc_custom_1662717477688{margin: 0px !important;padding: 0px !important;}\u00a0\u00bb][\/vc_column][vc_column width=\u00a0\u00bb1\/4&Prime; css=\u00a0\u00bb.vc_custom_1662717484021{margin: 0px !important;padding: 0px !important;}\u00a0\u00bb][\/vc_column][vc_column width=\u00a0\u00bb1\/4&Prime;][\/vc_column][\/vc_row]<\/p>\n","protected":false},"author":1,"featured_media":27677,"parent":0,"menu_order":0,"comment_status":"closed","ping_status":"closed","template":"","meta":{"footnotes":""},"class_list":["post-22544","page","type-page","status-publish","has-post-thumbnail","hentry","description-off"],"yoast_head":"<!-- This site is optimized with the Yoast SEO Premium plugin v26.5 (Yoast SEO v26.5) - https:\/\/yoast.com\/wordpress\/plugins\/seo\/ -->\n<title>Ev\u00e9nements \u00e0 Mont-Tremblant - Official Mont Tremblant<\/title>\n<meta name=\"description\" content=\"Official Mont-Tremblant, votre guide de voyage de Mont-Tremblant, vous donne plus d&#039;informations sur les \u00e9v\u00e9nements \u00e0 Mont-Tremblant.\" \/>\n<meta name=\"robots\" content=\"index, follow, max-snippet:-1, max-image-preview:large, max-video-preview:-1\" \/>\n<link rel=\"canonical\" href=\"https:\/\/officialmonttremblant.com\/fr\/evenements\/\" \/>\n<meta property=\"og:locale\" content=\"fr_FR\" \/>\n<meta property=\"og:type\" content=\"article\" \/>\n<meta property=\"og:title\" content=\"Ev\u00e9nements \u00e0 Mont-Tremblant\" \/>\n<meta property=\"og:description\" content=\"Official Mont-Tremblant, votre guide de voyage de Mont-Tremblant, vous donne plus d&#039;informations sur les \u00e9v\u00e9nements \u00e0 Mont-Tremblant.\" \/>\n<meta property=\"og:url\" content=\"https:\/\/officialmonttremblant.com\/fr\/evenements\/\" \/>\n<meta property=\"og:site_name\" content=\"Official Mont Tremblant\" \/>\n<meta property=\"article:modified_time\" content=\"2025-07-29T16:19:53+00:00\" \/>\n<meta property=\"og:image\" content=\"https:\/\/officialmonttremblant.com\/wp-content\/uploads\/2025\/07\/MONT-TREMBLANT-EVENTS.jpeg\" \/>\n\t<meta property=\"og:image:width\" content=\"2048\" \/>\n\t<meta property=\"og:image:height\" content=\"1365\" \/>\n\t<meta property=\"og:image:type\" content=\"image\/jpeg\" \/>\n<meta name=\"twitter:card\" content=\"summary_large_image\" \/>\n<meta name=\"twitter:label1\" content=\"Dur\u00e9e de lecture estim\u00e9e\" \/>\n\t<meta name=\"twitter:data1\" content=\"2 minutes\" \/>\n<script type=\"application\/ld+json\" class=\"yoast-schema-graph\">{\"@context\":\"https:\/\/schema.org\",\"@graph\":[{\"@type\":\"WebPage\",\"@id\":\"https:\/\/officialmonttremblant.com\/fr\/evenements\/\",\"url\":\"https:\/\/officialmonttremblant.com\/fr\/evenements\/\",\"name\":\"Ev\u00e9nements \u00e0 Mont-Tremblant - Official Mont Tremblant\",\"isPartOf\":{\"@id\":\"https:\/\/officialmonttremblant.com\/fr\/#website\"},\"primaryImageOfPage\":{\"@id\":\"https:\/\/officialmonttremblant.com\/fr\/evenements\/#primaryimage\"},\"image\":{\"@id\":\"https:\/\/officialmonttremblant.com\/fr\/evenements\/#primaryimage\"},\"thumbnailUrl\":\"https:\/\/officialmonttremblant.com\/wp-content\/uploads\/2025\/07\/MONT-TREMBLANT-EVENTS.jpeg\",\"datePublished\":\"2022-08-29T16:00:34+00:00\",\"dateModified\":\"2025-07-29T16:19:53+00:00\",\"description\":\"Official Mont-Tremblant, votre guide de voyage de Mont-Tremblant, vous donne plus d'informations sur les \u00e9v\u00e9nements \u00e0 Mont-Tremblant.\",\"breadcrumb\":{\"@id\":\"https:\/\/officialmonttremblant.com\/fr\/evenements\/#breadcrumb\"},\"inLanguage\":\"fr-FR\",\"potentialAction\":[{\"@type\":\"ReadAction\",\"target\":[\"https:\/\/officialmonttremblant.com\/fr\/evenements\/\"]}]},{\"@type\":\"ImageObject\",\"inLanguage\":\"fr-FR\",\"@id\":\"https:\/\/officialmonttremblant.com\/fr\/evenements\/#primaryimage\",\"url\":\"https:\/\/officialmonttremblant.com\/wp-content\/uploads\/2025\/07\/MONT-TREMBLANT-EVENTS.jpeg\",\"contentUrl\":\"https:\/\/officialmonttremblant.com\/wp-content\/uploads\/2025\/07\/MONT-TREMBLANT-EVENTS.jpeg\",\"width\":2048,\"height\":1365,\"caption\":\"Mont-Tremblant, QC, Canada July 6 2023 - Rythmes Tremblant at Tremblant featuring Fredy V &amp; The Foundation Photo: Gary Yee (garyphoto.ca)\"},{\"@type\":\"BreadcrumbList\",\"@id\":\"https:\/\/officialmonttremblant.com\/fr\/evenements\/#breadcrumb\",\"itemListElement\":[{\"@type\":\"ListItem\",\"position\":1,\"name\":\"Home\",\"item\":\"https:\/\/officialmonttremblant.com\/fr\/\"},{\"@type\":\"ListItem\",\"position\":2,\"name\":\"Ev\u00e9nements \u00e0 Mont-Tremblant\"}]},{\"@type\":\"WebSite\",\"@id\":\"https:\/\/officialmonttremblant.com\/fr\/#website\",\"url\":\"https:\/\/officialmonttremblant.com\/fr\/\",\"name\":\"Official Mont Tremblant\",\"description\":\"Vacation &amp; tourist guide in Mont Tremblant\",\"potentialAction\":[{\"@type\":\"SearchAction\",\"target\":{\"@type\":\"EntryPoint\",\"urlTemplate\":\"https:\/\/officialmonttremblant.com\/fr\/?s={search_term_string}\"},\"query-input\":{\"@type\":\"PropertyValueSpecification\",\"valueRequired\":true,\"valueName\":\"search_term_string\"}}],\"inLanguage\":\"fr-FR\"}]}<\/script>\n<!-- \/ Yoast SEO Premium plugin. -->","yoast_head_json":{"title":"Ev\u00e9nements \u00e0 Mont-Tremblant - Official Mont Tremblant","description":"Official Mont-Tremblant, votre guide de voyage de Mont-Tremblant, vous donne plus d'informations sur les \u00e9v\u00e9nements \u00e0 Mont-Tremblant.","robots":{"index":"index","follow":"follow","max-snippet":"max-snippet:-1","max-image-preview":"max-image-preview:large","max-video-preview":"max-video-preview:-1"},"canonical":"https:\/\/officialmonttremblant.com\/fr\/evenements\/","og_locale":"fr_FR","og_type":"article","og_title":"Ev\u00e9nements \u00e0 Mont-Tremblant","og_description":"Official Mont-Tremblant, votre guide de voyage de Mont-Tremblant, vous donne plus d'informations sur les \u00e9v\u00e9nements \u00e0 Mont-Tremblant.","og_url":"https:\/\/officialmonttremblant.com\/fr\/evenements\/","og_site_name":"Official Mont Tremblant","article_modified_time":"2025-07-29T16:19:53+00:00","og_image":[{"width":2048,"height":1365,"url":"https:\/\/officialmonttremblant.com\/wp-content\/uploads\/2025\/07\/MONT-TREMBLANT-EVENTS.jpeg","type":"image\/jpeg"}],"twitter_card":"summary_large_image","twitter_misc":{"Dur\u00e9e de lecture estim\u00e9e":"2 minutes"},"schema":{"@context":"https:\/\/schema.org","@graph":[{"@type":"WebPage","@id":"https:\/\/officialmonttremblant.com\/fr\/evenements\/","url":"https:\/\/officialmonttremblant.com\/fr\/evenements\/","name":"Ev\u00e9nements \u00e0 Mont-Tremblant - Official Mont Tremblant","isPartOf":{"@id":"https:\/\/officialmonttremblant.com\/fr\/#website"},"primaryImageOfPage":{"@id":"https:\/\/officialmonttremblant.com\/fr\/evenements\/#primaryimage"},"image":{"@id":"https:\/\/officialmonttremblant.com\/fr\/evenements\/#primaryimage"},"thumbnailUrl":"https:\/\/officialmonttremblant.com\/wp-content\/uploads\/2025\/07\/MONT-TREMBLANT-EVENTS.jpeg","datePublished":"2022-08-29T16:00:34+00:00","dateModified":"2025-07-29T16:19:53+00:00","description":"Official Mont-Tremblant, votre guide de voyage de Mont-Tremblant, vous donne plus d'informations sur les \u00e9v\u00e9nements \u00e0 Mont-Tremblant.","breadcrumb":{"@id":"https:\/\/officialmonttremblant.com\/fr\/evenements\/#breadcrumb"},"inLanguage":"fr-FR","potentialAction":[{"@type":"ReadAction","target":["https:\/\/officialmonttremblant.com\/fr\/evenements\/"]}]},{"@type":"ImageObject","inLanguage":"fr-FR","@id":"https:\/\/officialmonttremblant.com\/fr\/evenements\/#primaryimage","url":"https:\/\/officialmonttremblant.com\/wp-content\/uploads\/2025\/07\/MONT-TREMBLANT-EVENTS.jpeg","contentUrl":"https:\/\/officialmonttremblant.com\/wp-content\/uploads\/2025\/07\/MONT-TREMBLANT-EVENTS.jpeg","width":2048,"height":1365,"caption":"Mont-Tremblant, QC, Canada July 6 2023 - Rythmes Tremblant at Tremblant featuring Fredy V &amp; The Foundation Photo: Gary Yee (garyphoto.ca)"},{"@type":"BreadcrumbList","@id":"https:\/\/officialmonttremblant.com\/fr\/evenements\/#breadcrumb","itemListElement":[{"@type":"ListItem","position":1,"name":"Home","item":"https:\/\/officialmonttremblant.com\/fr\/"},{"@type":"ListItem","position":2,"name":"Ev\u00e9nements \u00e0 Mont-Tremblant"}]},{"@type":"WebSite","@id":"https:\/\/officialmonttremblant.com\/fr\/#website","url":"https:\/\/officialmonttremblant.com\/fr\/","name":"Official Mont Tremblant","description":"Vacation &amp; tourist guide in Mont Tremblant","potentialAction":[{"@type":"SearchAction","target":{"@type":"EntryPoint","urlTemplate":"https:\/\/officialmonttremblant.com\/fr\/?s={search_term_string}"},"query-input":{"@type":"PropertyValueSpecification","valueRequired":true,"valueName":"search_term_string"}}],"inLanguage":"fr-FR"}]}},"jetpack_sharing_enabled":true,"_links":{"self":[{"href":"https:\/\/officialmonttremblant.com\/fr\/wp-json\/wp\/v2\/pages\/22544","targetHints":{"allow":["GET"]}}],"collection":[{"href":"https:\/\/officialmonttremblant.com\/fr\/wp-json\/wp\/v2\/pages"}],"about":[{"href":"https:\/\/officialmonttremblant.com\/fr\/wp-json\/wp\/v2\/types\/page"}],"author":[{"embeddable":true,"href":"https:\/\/officialmonttremblant.com\/fr\/wp-json\/wp\/v2\/users\/1"}],"replies":[{"embeddable":true,"href":"https:\/\/officialmonttremblant.com\/fr\/wp-json\/wp\/v2\/comments?post=22544"}],"version-history":[{"count":10,"href":"https:\/\/officialmonttremblant.com\/fr\/wp-json\/wp\/v2\/pages\/22544\/revisions"}],"predecessor-version":[{"id":26746,"href":"https:\/\/officialmonttremblant.com\/fr\/wp-json\/wp\/v2\/pages\/22544\/revisions\/26746"}],"wp:featuredmedia":[{"embeddable":true,"href":"https:\/\/officialmonttremblant.com\/fr\/wp-json\/wp\/v2\/media\/27677"}],"wp:attachment":[{"href":"https:\/\/officialmonttremblant.com\/fr\/wp-json\/wp\/v2\/media?parent=22544"}],"curies":[{"name":"wp","href":"https:\/\/api.w.org\/{rel}","templated":true}]}}