{"id":22587,"date":"2022-08-29T15:41:23","date_gmt":"2022-08-29T19:41:23","guid":{"rendered":"https:\/\/officialmonttremblant.com\/jazz-festival-festijazz\/"},"modified":"2022-11-07T22:16:17","modified_gmt":"2022-11-08T01:16:17","slug":"festival-de-jazz-festijazz","status":"publish","type":"page","link":"https:\/\/officialmonttremblant.com\/fr\/evenements\/festivals-de-musique\/festival-de-jazz-festijazz\/","title":{"rendered":"FESTIVAL DE JAZZ FESTIJAZZ"},"content":{"rendered":"<p>[vc_row][vc_column][vc_empty_space][\/vc_column][\/vc_row][vc_row css=\u00a0\u00bb.vc_custom_1661798812073{padding-top: 30px !important;padding-bottom: 60px !important;}\u00a0\u00bb][vc_column]<style type=\"text\/css\" data-type=\"the7_shortcodes-inline-css\">.shortcode-single-image-wrap.shortcode-single-image-ab927c95f005f72d1849a5c9293138e0.enable-bg-rollover .rollover i,\n.shortcode-single-image-wrap.shortcode-single-image-ab927c95f005f72d1849a5c9293138e0.enable-bg-rollover .rollover-video i {\n  background: -webkit-linear-gradient();\n  background: linear-gradient();\n}\n.shortcode-single-image-wrap.shortcode-single-image-ab927c95f005f72d1849a5c9293138e0 .rollover-icon {\n  font-size: 32px;\n  color: #ffffff;\n  min-width: 44px;\n  min-height: 44px;\n  line-height: 44px;\n  border-radius: 100px;\n  border-style: solid;\n  border-width: 0px;\n}\n.dt-icon-bg-on.shortcode-single-image-wrap.shortcode-single-image-ab927c95f005f72d1849a5c9293138e0 .rollover-icon {\n  background: rgba(255,255,255,0.3);\n  box-shadow: none;\n}\n<\/style><div class=\"shortcode-single-image-wrap shortcode-single-image-ab927c95f005f72d1849a5c9293138e0 alignnone  enable-bg-rollover dt-icon-bg-off\" style=\"margin-top:0px; margin-bottom:0px; margin-left:0px; margin-right:0px; width:1100px;\"><div class=\"shortcode-single-image\"><div class=\"fancy-media-wrap  layzr-bg\" style=\"\"><img loading=\"lazy\" decoding=\"async\" class=\"preload-me lazy-load\" src=\"data:image\/svg+xml,%3Csvg%20xmlns%3D&#39;http%3A%2F%2Fwww.w3.org%2F2000%2Fsvg&#39;%20viewBox%3D&#39;0%200%201100%20307&#39;%2F%3E\" data-src=\"https:\/\/officialmonttremblant.com\/wp-content\/uploads\/2022\/09\/banner-jazz-1100x307.jpg\" data-srcset=\"https:\/\/officialmonttremblant.com\/wp-content\/uploads\/2022\/09\/banner-jazz-1100x307.jpg 1100w, https:\/\/officialmonttremblant.com\/wp-content\/uploads\/2022\/09\/banner-jazz.jpg 1970w\" width=\"1100\" height=\"307\"  data-dt-location=\"https:\/\/officialmonttremblant.com\/fr\/events\/music\/jazz-festival-festijazz\/banner-jazz\/\" style=\"\" alt=\"\" \/><\/div><\/div><\/div>[\/vc_column][\/vc_row][vc_row][vc_column][vc_column_text]<\/p>\n<p style=\"text-align: left;\"><span style=\"font-weight: 400;\">Official Mont-Tremblant vous offre plus d&rsquo;informations sur les \u00e9v\u00e9nements \u00e0 Tremblant dont le festival de jazz Festijazz Mont-Tremblant. Le festival annuel de jazz de Mont Tremblant pr\u00e9sente les meilleures formations jazz du Qu\u00e9bec et du Canada. C\u2019est un \u00e9v\u00e9nement annuel populaire organis\u00e9 dans le centre-ville (Saint-Jovite) et dans plusieurs endroits \u00e0\u00a0 Mont-Tremblant. Un \u00e9v\u00e9nement unique au centre-ville de Mont-Tremblant !<\/span><\/p>\n<p style=\"text-align: left;\"><span style=\"font-weight: 400;\">Organis\u00e9 depuis 2007, le tr\u00e8s attendu festival de jazz a conquis le public et c\u2019&rsquo;est l&rsquo;un des \u00e9v\u00e9nements les plus attendus \u00e0 Mont Tremblant.<\/span><span style=\"font-weight: 400;\">\u00a0<\/span><\/p>\n<p style=\"text-align: left;\"><span style=\"font-weight: 400;\">\u00c0 partir de la premi\u00e8re semaine d&rsquo;ao\u00fbt, pendant cinq jours cons\u00e9cutifs, les visiteurs et les r\u00e9sidents pourront profiter de la venue de 150 artistes jouant dans\u00a0 plus de 50 spectacles gratuits. Les concerts se d\u00e9roulent sur trois immenses sc\u00e8nes en plein air et sept autres lieux autour de Mont-Tremblant qui comprennent des restaurants, des h\u00f4tels et des bars situ\u00e9s dans et autour du centre-ville. L&rsquo;entr\u00e9e au Festival de Jazz de Mont Tremblant est gratuite pour tous.<\/span><\/p>\n<p>[\/vc_column_text][\/vc_column][\/vc_row][vc_row css=\u00a0\u00bb.vc_custom_1661798832600{padding-top: 30px !important;padding-bottom: 30px !important;}\u00a0\u00bb][vc_column][vc_column_text]<span style=\"font-weight: 400;\"><strong>Quand :<\/strong> 1\u00e8re semaine d&rsquo;ao\u00fbt<\/span><\/p>\n<p><span style=\"font-weight: 400;\"><strong>O\u00f9 :<\/strong> Centre-ville de Tremblant (St-Jovite)<\/span><\/p>\n<p><strong>Frais d&rsquo;admission<\/strong><\/p>\n<p><span style=\"font-weight: 400;\"><strong>Site Web :<\/strong> <a href=\"http:\/\/www.jazztremblant.com\">www.jazztremblant.com<\/a><\/span><\/p>\n<p><strong>Lieu de l\u2019\u00e9v\u00e8nement :\u00a0<\/strong><span style=\"font-weight: 400;\">950, rue de Saint-Jovite,\u00a0<\/span><span style=\"font-weight: 400;\">Mont-Tremblant, QCJ8E 3J8<\/span><\/p>\n<p>[\/vc_column_text][\/vc_column][\/vc_row]<\/p>\n","protected":false},"excerpt":{"rendered":"<p>[vc_row][vc_column][vc_empty_space][\/vc_column][\/vc_row][vc_row css=\u00a0\u00bb.vc_custom_1661798812073{padding-top: 30px !important;padding-bottom: 60px !important;}\u00a0\u00bb][vc_column][\/vc_column][\/vc_row][vc_row][vc_column][vc_column_text] Official Mont-Tremblant vous offre plus d&rsquo;informations sur les \u00e9v\u00e9nements \u00e0 Tremblant dont le festival de jazz Festijazz Mont-Tremblant. Le festival annuel de jazz de Mont Tremblant pr\u00e9sente les meilleures formations jazz du Qu\u00e9bec et du Canada. C\u2019est un \u00e9v\u00e9nement annuel populaire organis\u00e9 dans le centre-ville (Saint-Jovite) et dans plusieurs&hellip;<\/p>\n","protected":false},"author":1,"featured_media":22358,"parent":25575,"menu_order":0,"comment_status":"closed","ping_status":"closed","template":"","meta":{"footnotes":""},"class_list":["post-22587","page","type-page","status-publish","has-post-thumbnail","hentry","description-off"],"yoast_head":"<!-- This site is optimized with the Yoast SEO Premium plugin v26.5 (Yoast SEO v26.5) - https:\/\/yoast.com\/wordpress\/plugins\/seo\/ -->\n<title>Festival de jazz Festijazz Mont-Tremblant, \u00e9v\u00e9nements \u00e0 Tremblant<\/title>\n<meta name=\"description\" content=\"Official Mont-Tremblant vous offre plus d&#039;informations sur les \u00e9v\u00e9nements \u00e0 Tremblant dont le festival de jazz Festijazz Mont-Tremblant.\" \/>\n<meta name=\"robots\" content=\"index, follow, max-snippet:-1, max-image-preview:large, max-video-preview:-1\" \/>\n<link rel=\"canonical\" href=\"https:\/\/officialmonttremblant.com\/fr\/evenements\/festivals-de-musique\/festival-de-jazz-festijazz\/\" \/>\n<meta property=\"og:locale\" content=\"fr_FR\" \/>\n<meta property=\"og:type\" content=\"article\" \/>\n<meta property=\"og:title\" content=\"FESTIVAL DE JAZZ FESTIJAZZ\" \/>\n<meta property=\"og:description\" content=\"Official Mont-Tremblant vous offre plus d&#039;informations sur les \u00e9v\u00e9nements \u00e0 Tremblant dont le festival de jazz Festijazz Mont-Tremblant.\" \/>\n<meta property=\"og:url\" content=\"https:\/\/officialmonttremblant.com\/fr\/evenements\/festivals-de-musique\/festival-de-jazz-festijazz\/\" \/>\n<meta property=\"og:site_name\" content=\"Official Mont Tremblant\" \/>\n<meta property=\"article:modified_time\" content=\"2022-11-08T01:16:17+00:00\" \/>\n<meta property=\"og:image\" content=\"https:\/\/officialmonttremblant.com\/wp-content\/uploads\/2022\/08\/jazz-festival.jpg\" \/>\n\t<meta property=\"og:image:width\" content=\"960\" \/>\n\t<meta property=\"og:image:height\" content=\"640\" \/>\n\t<meta property=\"og:image:type\" content=\"image\/jpeg\" \/>\n<meta name=\"twitter:card\" content=\"summary_large_image\" \/>\n<meta name=\"twitter:label1\" content=\"Dur\u00e9e de lecture estim\u00e9e\" \/>\n\t<meta name=\"twitter:data1\" content=\"2 minutes\" \/>\n<script type=\"application\/ld+json\" class=\"yoast-schema-graph\">{\"@context\":\"https:\/\/schema.org\",\"@graph\":[{\"@type\":\"WebPage\",\"@id\":\"https:\/\/officialmonttremblant.com\/fr\/evenements\/festivals-de-musique\/festival-de-jazz-festijazz\/\",\"url\":\"https:\/\/officialmonttremblant.com\/fr\/evenements\/festivals-de-musique\/festival-de-jazz-festijazz\/\",\"name\":\"Festival de jazz Festijazz Mont-Tremblant, \u00e9v\u00e9nements \u00e0 Tremblant\",\"isPartOf\":{\"@id\":\"https:\/\/officialmonttremblant.com\/fr\/#website\"},\"primaryImageOfPage\":{\"@id\":\"https:\/\/officialmonttremblant.com\/fr\/evenements\/festivals-de-musique\/festival-de-jazz-festijazz\/#primaryimage\"},\"image\":{\"@id\":\"https:\/\/officialmonttremblant.com\/fr\/evenements\/festivals-de-musique\/festival-de-jazz-festijazz\/#primaryimage\"},\"thumbnailUrl\":\"https:\/\/officialmonttremblant.com\/wp-content\/uploads\/2022\/08\/jazz-festival.jpg\",\"datePublished\":\"2022-08-29T19:41:23+00:00\",\"dateModified\":\"2022-11-08T01:16:17+00:00\",\"description\":\"Official Mont-Tremblant vous offre plus d'informations sur les \u00e9v\u00e9nements \u00e0 Tremblant dont le festival de jazz Festijazz Mont-Tremblant.\",\"breadcrumb\":{\"@id\":\"https:\/\/officialmonttremblant.com\/fr\/evenements\/festivals-de-musique\/festival-de-jazz-festijazz\/#breadcrumb\"},\"inLanguage\":\"fr-FR\",\"potentialAction\":[{\"@type\":\"ReadAction\",\"target\":[\"https:\/\/officialmonttremblant.com\/fr\/evenements\/festivals-de-musique\/festival-de-jazz-festijazz\/\"]}]},{\"@type\":\"ImageObject\",\"inLanguage\":\"fr-FR\",\"@id\":\"https:\/\/officialmonttremblant.com\/fr\/evenements\/festivals-de-musique\/festival-de-jazz-festijazz\/#primaryimage\",\"url\":\"https:\/\/officialmonttremblant.com\/wp-content\/uploads\/2022\/08\/jazz-festival.jpg\",\"contentUrl\":\"https:\/\/officialmonttremblant.com\/wp-content\/uploads\/2022\/08\/jazz-festival.jpg\",\"width\":960,\"height\":640,\"caption\":\"jazz-festival\"},{\"@type\":\"BreadcrumbList\",\"@id\":\"https:\/\/officialmonttremblant.com\/fr\/evenements\/festivals-de-musique\/festival-de-jazz-festijazz\/#breadcrumb\",\"itemListElement\":[{\"@type\":\"ListItem\",\"position\":1,\"name\":\"Home\",\"item\":\"https:\/\/officialmonttremblant.com\/fr\/\"},{\"@type\":\"ListItem\",\"position\":2,\"name\":\"Ev\u00e9nements \u00e0 Mont-Tremblant\",\"item\":\"https:\/\/officialmonttremblant.com\/fr\/evenements\/\"},{\"@type\":\"ListItem\",\"position\":3,\"name\":\"Festivals de musique\",\"item\":\"https:\/\/officialmonttremblant.com\/fr\/evenements\/festivals-de-musique\/\"},{\"@type\":\"ListItem\",\"position\":4,\"name\":\"FESTIVAL DE JAZZ FESTIJAZZ\"}]},{\"@type\":\"WebSite\",\"@id\":\"https:\/\/officialmonttremblant.com\/fr\/#website\",\"url\":\"https:\/\/officialmonttremblant.com\/fr\/\",\"name\":\"Official Mont Tremblant\",\"description\":\"Vacation &amp; tourist guide in Mont Tremblant\",\"potentialAction\":[{\"@type\":\"SearchAction\",\"target\":{\"@type\":\"EntryPoint\",\"urlTemplate\":\"https:\/\/officialmonttremblant.com\/fr\/?s={search_term_string}\"},\"query-input\":{\"@type\":\"PropertyValueSpecification\",\"valueRequired\":true,\"valueName\":\"search_term_string\"}}],\"inLanguage\":\"fr-FR\"}]}<\/script>\n<!-- \/ Yoast SEO Premium plugin. -->","yoast_head_json":{"title":"Festival de jazz Festijazz Mont-Tremblant, \u00e9v\u00e9nements \u00e0 Tremblant","description":"Official Mont-Tremblant vous offre plus d'informations sur les \u00e9v\u00e9nements \u00e0 Tremblant dont le festival de jazz Festijazz Mont-Tremblant.","robots":{"index":"index","follow":"follow","max-snippet":"max-snippet:-1","max-image-preview":"max-image-preview:large","max-video-preview":"max-video-preview:-1"},"canonical":"https:\/\/officialmonttremblant.com\/fr\/evenements\/festivals-de-musique\/festival-de-jazz-festijazz\/","og_locale":"fr_FR","og_type":"article","og_title":"FESTIVAL DE JAZZ FESTIJAZZ","og_description":"Official Mont-Tremblant vous offre plus d'informations sur les \u00e9v\u00e9nements \u00e0 Tremblant dont le festival de jazz Festijazz Mont-Tremblant.","og_url":"https:\/\/officialmonttremblant.com\/fr\/evenements\/festivals-de-musique\/festival-de-jazz-festijazz\/","og_site_name":"Official Mont Tremblant","article_modified_time":"2022-11-08T01:16:17+00:00","og_image":[{"width":960,"height":640,"url":"https:\/\/officialmonttremblant.com\/wp-content\/uploads\/2022\/08\/jazz-festival.jpg","type":"image\/jpeg"}],"twitter_card":"summary_large_image","twitter_misc":{"Dur\u00e9e de lecture estim\u00e9e":"2 minutes"},"schema":{"@context":"https:\/\/schema.org","@graph":[{"@type":"WebPage","@id":"https:\/\/officialmonttremblant.com\/fr\/evenements\/festivals-de-musique\/festival-de-jazz-festijazz\/","url":"https:\/\/officialmonttremblant.com\/fr\/evenements\/festivals-de-musique\/festival-de-jazz-festijazz\/","name":"Festival de jazz Festijazz Mont-Tremblant, \u00e9v\u00e9nements \u00e0 Tremblant","isPartOf":{"@id":"https:\/\/officialmonttremblant.com\/fr\/#website"},"primaryImageOfPage":{"@id":"https:\/\/officialmonttremblant.com\/fr\/evenements\/festivals-de-musique\/festival-de-jazz-festijazz\/#primaryimage"},"image":{"@id":"https:\/\/officialmonttremblant.com\/fr\/evenements\/festivals-de-musique\/festival-de-jazz-festijazz\/#primaryimage"},"thumbnailUrl":"https:\/\/officialmonttremblant.com\/wp-content\/uploads\/2022\/08\/jazz-festival.jpg","datePublished":"2022-08-29T19:41:23+00:00","dateModified":"2022-11-08T01:16:17+00:00","description":"Official Mont-Tremblant vous offre plus d'informations sur les \u00e9v\u00e9nements \u00e0 Tremblant dont le festival de jazz Festijazz Mont-Tremblant.","breadcrumb":{"@id":"https:\/\/officialmonttremblant.com\/fr\/evenements\/festivals-de-musique\/festival-de-jazz-festijazz\/#breadcrumb"},"inLanguage":"fr-FR","potentialAction":[{"@type":"ReadAction","target":["https:\/\/officialmonttremblant.com\/fr\/evenements\/festivals-de-musique\/festival-de-jazz-festijazz\/"]}]},{"@type":"ImageObject","inLanguage":"fr-FR","@id":"https:\/\/officialmonttremblant.com\/fr\/evenements\/festivals-de-musique\/festival-de-jazz-festijazz\/#primaryimage","url":"https:\/\/officialmonttremblant.com\/wp-content\/uploads\/2022\/08\/jazz-festival.jpg","contentUrl":"https:\/\/officialmonttremblant.com\/wp-content\/uploads\/2022\/08\/jazz-festival.jpg","width":960,"height":640,"caption":"jazz-festival"},{"@type":"BreadcrumbList","@id":"https:\/\/officialmonttremblant.com\/fr\/evenements\/festivals-de-musique\/festival-de-jazz-festijazz\/#breadcrumb","itemListElement":[{"@type":"ListItem","position":1,"name":"Home","item":"https:\/\/officialmonttremblant.com\/fr\/"},{"@type":"ListItem","position":2,"name":"Ev\u00e9nements \u00e0 Mont-Tremblant","item":"https:\/\/officialmonttremblant.com\/fr\/evenements\/"},{"@type":"ListItem","position":3,"name":"Festivals de musique","item":"https:\/\/officialmonttremblant.com\/fr\/evenements\/festivals-de-musique\/"},{"@type":"ListItem","position":4,"name":"FESTIVAL DE JAZZ FESTIJAZZ"}]},{"@type":"WebSite","@id":"https:\/\/officialmonttremblant.com\/fr\/#website","url":"https:\/\/officialmonttremblant.com\/fr\/","name":"Official Mont Tremblant","description":"Vacation &amp; tourist guide in Mont Tremblant","potentialAction":[{"@type":"SearchAction","target":{"@type":"EntryPoint","urlTemplate":"https:\/\/officialmonttremblant.com\/fr\/?s={search_term_string}"},"query-input":{"@type":"PropertyValueSpecification","valueRequired":true,"valueName":"search_term_string"}}],"inLanguage":"fr-FR"}]}},"jetpack_sharing_enabled":true,"_links":{"self":[{"href":"https:\/\/officialmonttremblant.com\/fr\/wp-json\/wp\/v2\/pages\/22587","targetHints":{"allow":["GET"]}}],"collection":[{"href":"https:\/\/officialmonttremblant.com\/fr\/wp-json\/wp\/v2\/pages"}],"about":[{"href":"https:\/\/officialmonttremblant.com\/fr\/wp-json\/wp\/v2\/types\/page"}],"author":[{"embeddable":true,"href":"https:\/\/officialmonttremblant.com\/fr\/wp-json\/wp\/v2\/users\/1"}],"replies":[{"embeddable":true,"href":"https:\/\/officialmonttremblant.com\/fr\/wp-json\/wp\/v2\/comments?post=22587"}],"version-history":[{"count":4,"href":"https:\/\/officialmonttremblant.com\/fr\/wp-json\/wp\/v2\/pages\/22587\/revisions"}],"predecessor-version":[{"id":26732,"href":"https:\/\/officialmonttremblant.com\/fr\/wp-json\/wp\/v2\/pages\/22587\/revisions\/26732"}],"up":[{"embeddable":true,"href":"https:\/\/officialmonttremblant.com\/fr\/wp-json\/wp\/v2\/pages\/25575"}],"wp:featuredmedia":[{"embeddable":true,"href":"https:\/\/officialmonttremblant.com\/fr\/wp-json\/wp\/v2\/media\/22358"}],"wp:attachment":[{"href":"https:\/\/officialmonttremblant.com\/fr\/wp-json\/wp\/v2\/media?parent=22587"}],"curies":[{"name":"wp","href":"https:\/\/api.w.org\/{rel}","templated":true}]}}