{"id":22593,"date":"2022-09-01T10:58:03","date_gmt":"2022-09-01T14:58:03","guid":{"rendered":"https:\/\/officialmonttremblant.com\/the-tremblant-international-blues-festival-2\/"},"modified":"2025-07-29T12:23:46","modified_gmt":"2025-07-29T16:23:46","slug":"festival-international-de-blues-de-tremblant","status":"publish","type":"page","link":"https:\/\/officialmonttremblant.com\/fr\/evenements\/festivals-de-musique\/festival-international-de-blues-de-tremblant\/","title":{"rendered":"FESTIVAL INTERNATIONAL DE BLUES DE TREMBLANT"},"content":{"rendered":"<p>[vc_row][vc_column][vc_empty_space][\/vc_column][\/vc_row][vc_row css=\u00a0\u00bb.vc_custom_1661798812073{padding-top: 30px !important;padding-bottom: 60px !important;}\u00a0\u00bb][vc_column]<style type=\"text\/css\" data-type=\"the7_shortcodes-inline-css\">.shortcode-single-image-wrap.shortcode-single-image-30afa4b117ec0af52762935c3d4dfdd3.enable-bg-rollover .rollover i,\n.shortcode-single-image-wrap.shortcode-single-image-30afa4b117ec0af52762935c3d4dfdd3.enable-bg-rollover .rollover-video i {\n  background: -webkit-linear-gradient();\n  background: linear-gradient();\n}\n.shortcode-single-image-wrap.shortcode-single-image-30afa4b117ec0af52762935c3d4dfdd3 .rollover-icon {\n  font-size: 32px;\n  color: #ffffff;\n  min-width: 44px;\n  min-height: 44px;\n  line-height: 44px;\n  border-radius: 100px;\n  border-style: solid;\n  border-width: 0px;\n}\n.dt-icon-bg-on.shortcode-single-image-wrap.shortcode-single-image-30afa4b117ec0af52762935c3d4dfdd3 .rollover-icon {\n  background: rgba(255,255,255,0.3);\n  box-shadow: none;\n}\n<\/style><div class=\"shortcode-single-image-wrap shortcode-single-image-30afa4b117ec0af52762935c3d4dfdd3 alignnone  enable-bg-rollover dt-icon-bg-off\" style=\"margin-top:0px; margin-bottom:0px; margin-left:0px; margin-right:0px; width:1100px;\"><div class=\"shortcode-single-image\"><div class=\"fancy-media-wrap  layzr-bg\" style=\"\"><img loading=\"lazy\" decoding=\"async\" class=\"preload-me lazy-load\" src=\"data:image\/svg+xml,%3Csvg%20xmlns%3D&#39;http%3A%2F%2Fwww.w3.org%2F2000%2Fsvg&#39;%20viewBox%3D&#39;0%200%20960%20639&#39;%2F%3E\" data-src=\"https:\/\/officialmonttremblant.com\/wp-content\/uploads\/2022\/08\/International-Festival-of-Blues.jpg\" data-srcset=\"https:\/\/officialmonttremblant.com\/wp-content\/uploads\/2022\/08\/International-Festival-of-Blues.jpg 960w\" width=\"960\" height=\"639\"  data-dt-location=\"https:\/\/officialmonttremblant.com\/fr\/events\/music\/international-festival-of-blues\/\" style=\"\" alt=\"International Festival of Blues\" \/><\/div><\/div><\/div>[\/vc_column][\/vc_row][vc_row][vc_column][vc_column_text]<\/p>\n<p>Official Mont-Tremblant vous donne plus d&rsquo;informations sur le tourisme \u00e0 Tremblant dont le Festival International de Blues \u00e0 Tremblant.<\/p>\n<p><span style=\"font-weight: 400;\">Venez \u00e0 Mont Tremblant pour assister au c\u00e9l\u00e8bre Festival International du Blues de Tremblant ! <\/span><span style=\"font-weight: 400;\">De jour comme de soir, des rues pav\u00e9es aux sc\u00e8nes en pleine nature, votre c\u0153ur battra la mesure \u00e0 un tout nouveau tempo. Pendant 3 jours, profitez de nombreux concerts gratuits dans l\u2019esprit envo\u00fbtant du village pi\u00e9tonnier.\u00a0<\/span><span style=\"font-weight: 400;\">Vibrez au rythme de la destination Tremblant lors de cette \u00e9v\u00e8nement o\u00f9 se c\u00f4toient la musique de rue et des activit\u00e9s familiales.<\/span><\/p>\n<p><span style=\"font-weight: 400;\">Au fil des ans, le Festival a accueilli de nombreuses l\u00e9gendes internationales du blues, du rock et du rhythm and blues et a re\u00e7u en 2013 le prix de la cat\u00e9gorie \u00ab Festival international \u00bb \u00e0 la c\u00e9r\u00e9monie \u00ab Keeping the Blues Alive Awards \u00bb de l\u2019organisme The Blues Foundation en guise de reconnaissance pour sa contribution significative \u00e0 la musique blues.\u00a0<\/span><span style=\"font-weight: 400;\">Le Festival International du Blues de Tremblant est reconnu comme l\u2019un des plus importants \u00e9v\u00e9nements musicaux au Canada.<\/span><\/p>\n<p><span style=\"font-weight: 400;\">Bon an, mal an, le Festival attire au-del\u00e0 de 100 000 festivaliers.<\/span>[\/vc_column_text][\/vc_column][\/vc_row][vc_row css=\u00a0\u00bb.vc_custom_1661798832600{padding-top: 30px !important;padding-bottom: 30px !important;}\u00a0\u00bb][vc_column][vc_column_text]<strong>Pour plus de renseignements: <\/strong><a href=\"https:\/\/blues.tremblant.ca\/\"><span style=\"font-weight: 400;\">https:\/\/blues.tremblant.ca\/<\/span><\/a><\/p>\n<p><span style=\"font-weight: 400;\"><strong>Email:\u00a0<\/strong>information@avtremblant.com\u00a0\u00a0\u00a0<\/span><\/p>\n<p><span style=\"font-weight: 400;\"><strong>Tel<\/strong>:\u00a0 819-681-3000#46643<\/span><\/p>\n<p>[\/vc_column_text][\/vc_column][\/vc_row]<\/p>\n","protected":false},"excerpt":{"rendered":"<p>[vc_row][vc_column][vc_empty_space][\/vc_column][\/vc_row][vc_row css=\u00a0\u00bb.vc_custom_1661798812073{padding-top: 30px !important;padding-bottom: 60px !important;}\u00a0\u00bb][vc_column][\/vc_column][\/vc_row][vc_row][vc_column][vc_column_text] Official Mont-Tremblant vous donne plus d&rsquo;informations sur le tourisme \u00e0 Tremblant dont le Festival International de Blues \u00e0 Tremblant. Venez \u00e0 Mont Tremblant pour assister au c\u00e9l\u00e8bre Festival International du Blues de Tremblant ! De jour comme de soir, des rues pav\u00e9es aux sc\u00e8nes en pleine nature, votre c\u0153ur&hellip;<\/p>\n","protected":false},"author":1,"featured_media":22356,"parent":25575,"menu_order":0,"comment_status":"closed","ping_status":"closed","template":"","meta":{"footnotes":""},"class_list":["post-22593","page","type-page","status-publish","has-post-thumbnail","hentry","description-off"],"yoast_head":"<!-- This site is optimized with the Yoast SEO Premium plugin v26.5 (Yoast SEO v26.5) - https:\/\/yoast.com\/wordpress\/plugins\/seo\/ -->\n<title>Festival International de Blues \u00e0 Tremblant, Tourisme \u00e0 Tremblant<\/title>\n<meta name=\"description\" content=\"Official Mont-Tremblant vous donne plus d&#039;informations sur le tourisme \u00e0 Tremblant dont le Festival International de Blues \u00e0 Tremblant.\" \/>\n<meta name=\"robots\" content=\"index, follow, max-snippet:-1, max-image-preview:large, max-video-preview:-1\" \/>\n<link rel=\"canonical\" href=\"https:\/\/officialmonttremblant.com\/fr\/evenements\/festivals-de-musique\/festival-international-de-blues-de-tremblant\/\" \/>\n<meta property=\"og:locale\" content=\"fr_FR\" \/>\n<meta property=\"og:type\" content=\"article\" \/>\n<meta property=\"og:title\" content=\"FESTIVAL INTERNATIONAL DE BLUES DE TREMBLANT\" \/>\n<meta property=\"og:description\" content=\"Official Mont-Tremblant vous donne plus d&#039;informations sur le tourisme \u00e0 Tremblant dont le Festival International de Blues \u00e0 Tremblant.\" \/>\n<meta property=\"og:url\" content=\"https:\/\/officialmonttremblant.com\/fr\/evenements\/festivals-de-musique\/festival-international-de-blues-de-tremblant\/\" \/>\n<meta property=\"og:site_name\" content=\"Official Mont Tremblant\" \/>\n<meta property=\"article:modified_time\" content=\"2025-07-29T16:23:46+00:00\" \/>\n<meta property=\"og:image\" content=\"https:\/\/officialmonttremblant.com\/wp-content\/uploads\/2022\/08\/International-Festival-of-Blues.jpg\" \/>\n\t<meta property=\"og:image:width\" content=\"960\" \/>\n\t<meta property=\"og:image:height\" content=\"640\" \/>\n\t<meta property=\"og:image:type\" content=\"image\/jpeg\" \/>\n<meta name=\"twitter:card\" content=\"summary_large_image\" \/>\n<meta name=\"twitter:label1\" content=\"Dur\u00e9e de lecture estim\u00e9e\" \/>\n\t<meta name=\"twitter:data1\" content=\"2 minutes\" \/>\n<script type=\"application\/ld+json\" class=\"yoast-schema-graph\">{\"@context\":\"https:\/\/schema.org\",\"@graph\":[{\"@type\":\"WebPage\",\"@id\":\"https:\/\/officialmonttremblant.com\/fr\/evenements\/festivals-de-musique\/festival-international-de-blues-de-tremblant\/\",\"url\":\"https:\/\/officialmonttremblant.com\/fr\/evenements\/festivals-de-musique\/festival-international-de-blues-de-tremblant\/\",\"name\":\"Festival International de Blues \u00e0 Tremblant, Tourisme \u00e0 Tremblant\",\"isPartOf\":{\"@id\":\"https:\/\/officialmonttremblant.com\/fr\/#website\"},\"primaryImageOfPage\":{\"@id\":\"https:\/\/officialmonttremblant.com\/fr\/evenements\/festivals-de-musique\/festival-international-de-blues-de-tremblant\/#primaryimage\"},\"image\":{\"@id\":\"https:\/\/officialmonttremblant.com\/fr\/evenements\/festivals-de-musique\/festival-international-de-blues-de-tremblant\/#primaryimage\"},\"thumbnailUrl\":\"https:\/\/officialmonttremblant.com\/wp-content\/uploads\/2022\/08\/International-Festival-of-Blues.jpg\",\"datePublished\":\"2022-09-01T14:58:03+00:00\",\"dateModified\":\"2025-07-29T16:23:46+00:00\",\"description\":\"Official Mont-Tremblant vous donne plus d'informations sur le tourisme \u00e0 Tremblant dont le Festival International de Blues \u00e0 Tremblant.\",\"breadcrumb\":{\"@id\":\"https:\/\/officialmonttremblant.com\/fr\/evenements\/festivals-de-musique\/festival-international-de-blues-de-tremblant\/#breadcrumb\"},\"inLanguage\":\"fr-FR\",\"potentialAction\":[{\"@type\":\"ReadAction\",\"target\":[\"https:\/\/officialmonttremblant.com\/fr\/evenements\/festivals-de-musique\/festival-international-de-blues-de-tremblant\/\"]}]},{\"@type\":\"ImageObject\",\"inLanguage\":\"fr-FR\",\"@id\":\"https:\/\/officialmonttremblant.com\/fr\/evenements\/festivals-de-musique\/festival-international-de-blues-de-tremblant\/#primaryimage\",\"url\":\"https:\/\/officialmonttremblant.com\/wp-content\/uploads\/2022\/08\/International-Festival-of-Blues.jpg\",\"contentUrl\":\"https:\/\/officialmonttremblant.com\/wp-content\/uploads\/2022\/08\/International-Festival-of-Blues.jpg\",\"width\":960,\"height\":640,\"caption\":\"International Festival of Blues\"},{\"@type\":\"BreadcrumbList\",\"@id\":\"https:\/\/officialmonttremblant.com\/fr\/evenements\/festivals-de-musique\/festival-international-de-blues-de-tremblant\/#breadcrumb\",\"itemListElement\":[{\"@type\":\"ListItem\",\"position\":1,\"name\":\"Home\",\"item\":\"https:\/\/officialmonttremblant.com\/fr\/\"},{\"@type\":\"ListItem\",\"position\":2,\"name\":\"Ev\u00e9nements \u00e0 Mont-Tremblant\",\"item\":\"https:\/\/officialmonttremblant.com\/fr\/evenements\/\"},{\"@type\":\"ListItem\",\"position\":3,\"name\":\"Festivals de musique\",\"item\":\"https:\/\/officialmonttremblant.com\/fr\/evenements\/festivals-de-musique\/\"},{\"@type\":\"ListItem\",\"position\":4,\"name\":\"FESTIVAL INTERNATIONAL DE BLUES DE TREMBLANT\"}]},{\"@type\":\"WebSite\",\"@id\":\"https:\/\/officialmonttremblant.com\/fr\/#website\",\"url\":\"https:\/\/officialmonttremblant.com\/fr\/\",\"name\":\"Official Mont Tremblant\",\"description\":\"Vacation &amp; tourist guide in Mont Tremblant\",\"potentialAction\":[{\"@type\":\"SearchAction\",\"target\":{\"@type\":\"EntryPoint\",\"urlTemplate\":\"https:\/\/officialmonttremblant.com\/fr\/?s={search_term_string}\"},\"query-input\":{\"@type\":\"PropertyValueSpecification\",\"valueRequired\":true,\"valueName\":\"search_term_string\"}}],\"inLanguage\":\"fr-FR\"}]}<\/script>\n<!-- \/ Yoast SEO Premium plugin. -->","yoast_head_json":{"title":"Festival International de Blues \u00e0 Tremblant, Tourisme \u00e0 Tremblant","description":"Official Mont-Tremblant vous donne plus d'informations sur le tourisme \u00e0 Tremblant dont le Festival International de Blues \u00e0 Tremblant.","robots":{"index":"index","follow":"follow","max-snippet":"max-snippet:-1","max-image-preview":"max-image-preview:large","max-video-preview":"max-video-preview:-1"},"canonical":"https:\/\/officialmonttremblant.com\/fr\/evenements\/festivals-de-musique\/festival-international-de-blues-de-tremblant\/","og_locale":"fr_FR","og_type":"article","og_title":"FESTIVAL INTERNATIONAL DE BLUES DE TREMBLANT","og_description":"Official Mont-Tremblant vous donne plus d'informations sur le tourisme \u00e0 Tremblant dont le Festival International de Blues \u00e0 Tremblant.","og_url":"https:\/\/officialmonttremblant.com\/fr\/evenements\/festivals-de-musique\/festival-international-de-blues-de-tremblant\/","og_site_name":"Official Mont Tremblant","article_modified_time":"2025-07-29T16:23:46+00:00","og_image":[{"width":960,"height":640,"url":"https:\/\/officialmonttremblant.com\/wp-content\/uploads\/2022\/08\/International-Festival-of-Blues.jpg","type":"image\/jpeg"}],"twitter_card":"summary_large_image","twitter_misc":{"Dur\u00e9e de lecture estim\u00e9e":"2 minutes"},"schema":{"@context":"https:\/\/schema.org","@graph":[{"@type":"WebPage","@id":"https:\/\/officialmonttremblant.com\/fr\/evenements\/festivals-de-musique\/festival-international-de-blues-de-tremblant\/","url":"https:\/\/officialmonttremblant.com\/fr\/evenements\/festivals-de-musique\/festival-international-de-blues-de-tremblant\/","name":"Festival International de Blues \u00e0 Tremblant, Tourisme \u00e0 Tremblant","isPartOf":{"@id":"https:\/\/officialmonttremblant.com\/fr\/#website"},"primaryImageOfPage":{"@id":"https:\/\/officialmonttremblant.com\/fr\/evenements\/festivals-de-musique\/festival-international-de-blues-de-tremblant\/#primaryimage"},"image":{"@id":"https:\/\/officialmonttremblant.com\/fr\/evenements\/festivals-de-musique\/festival-international-de-blues-de-tremblant\/#primaryimage"},"thumbnailUrl":"https:\/\/officialmonttremblant.com\/wp-content\/uploads\/2022\/08\/International-Festival-of-Blues.jpg","datePublished":"2022-09-01T14:58:03+00:00","dateModified":"2025-07-29T16:23:46+00:00","description":"Official Mont-Tremblant vous donne plus d'informations sur le tourisme \u00e0 Tremblant dont le Festival International de Blues \u00e0 Tremblant.","breadcrumb":{"@id":"https:\/\/officialmonttremblant.com\/fr\/evenements\/festivals-de-musique\/festival-international-de-blues-de-tremblant\/#breadcrumb"},"inLanguage":"fr-FR","potentialAction":[{"@type":"ReadAction","target":["https:\/\/officialmonttremblant.com\/fr\/evenements\/festivals-de-musique\/festival-international-de-blues-de-tremblant\/"]}]},{"@type":"ImageObject","inLanguage":"fr-FR","@id":"https:\/\/officialmonttremblant.com\/fr\/evenements\/festivals-de-musique\/festival-international-de-blues-de-tremblant\/#primaryimage","url":"https:\/\/officialmonttremblant.com\/wp-content\/uploads\/2022\/08\/International-Festival-of-Blues.jpg","contentUrl":"https:\/\/officialmonttremblant.com\/wp-content\/uploads\/2022\/08\/International-Festival-of-Blues.jpg","width":960,"height":640,"caption":"International Festival of Blues"},{"@type":"BreadcrumbList","@id":"https:\/\/officialmonttremblant.com\/fr\/evenements\/festivals-de-musique\/festival-international-de-blues-de-tremblant\/#breadcrumb","itemListElement":[{"@type":"ListItem","position":1,"name":"Home","item":"https:\/\/officialmonttremblant.com\/fr\/"},{"@type":"ListItem","position":2,"name":"Ev\u00e9nements \u00e0 Mont-Tremblant","item":"https:\/\/officialmonttremblant.com\/fr\/evenements\/"},{"@type":"ListItem","position":3,"name":"Festivals de musique","item":"https:\/\/officialmonttremblant.com\/fr\/evenements\/festivals-de-musique\/"},{"@type":"ListItem","position":4,"name":"FESTIVAL INTERNATIONAL DE BLUES DE TREMBLANT"}]},{"@type":"WebSite","@id":"https:\/\/officialmonttremblant.com\/fr\/#website","url":"https:\/\/officialmonttremblant.com\/fr\/","name":"Official Mont Tremblant","description":"Vacation &amp; tourist guide in Mont Tremblant","potentialAction":[{"@type":"SearchAction","target":{"@type":"EntryPoint","urlTemplate":"https:\/\/officialmonttremblant.com\/fr\/?s={search_term_string}"},"query-input":{"@type":"PropertyValueSpecification","valueRequired":true,"valueName":"search_term_string"}}],"inLanguage":"fr-FR"}]}},"jetpack_sharing_enabled":true,"_links":{"self":[{"href":"https:\/\/officialmonttremblant.com\/fr\/wp-json\/wp\/v2\/pages\/22593","targetHints":{"allow":["GET"]}}],"collection":[{"href":"https:\/\/officialmonttremblant.com\/fr\/wp-json\/wp\/v2\/pages"}],"about":[{"href":"https:\/\/officialmonttremblant.com\/fr\/wp-json\/wp\/v2\/types\/page"}],"author":[{"embeddable":true,"href":"https:\/\/officialmonttremblant.com\/fr\/wp-json\/wp\/v2\/users\/1"}],"replies":[{"embeddable":true,"href":"https:\/\/officialmonttremblant.com\/fr\/wp-json\/wp\/v2\/comments?post=22593"}],"version-history":[{"count":5,"href":"https:\/\/officialmonttremblant.com\/fr\/wp-json\/wp\/v2\/pages\/22593\/revisions"}],"predecessor-version":[{"id":26731,"href":"https:\/\/officialmonttremblant.com\/fr\/wp-json\/wp\/v2\/pages\/22593\/revisions\/26731"}],"up":[{"embeddable":true,"href":"https:\/\/officialmonttremblant.com\/fr\/wp-json\/wp\/v2\/pages\/25575"}],"wp:featuredmedia":[{"embeddable":true,"href":"https:\/\/officialmonttremblant.com\/fr\/wp-json\/wp\/v2\/media\/22356"}],"wp:attachment":[{"href":"https:\/\/officialmonttremblant.com\/fr\/wp-json\/wp\/v2\/media?parent=22593"}],"curies":[{"name":"wp","href":"https:\/\/api.w.org\/{rel}","templated":true}]}}