{"id":23544,"date":"2022-09-22T10:51:13","date_gmt":"2022-09-22T14:51:13","guid":{"rendered":"https:\/\/officialmonttremblant.com\/?page_id=23544"},"modified":"2025-07-29T14:18:00","modified_gmt":"2025-07-29T18:18:00","slug":"motels","status":"publish","type":"page","link":"https:\/\/officialmonttremblant.com\/fr\/ou-sejourner\/motels\/","title":{"rendered":"Motels \u00e0 Mont-Tremblant"},"content":{"rendered":"<p>[vc_row equal_height=\u00a0\u00bbyes\u00a0\u00bb content_placement=\u00a0\u00bbmiddle\u00a0\u00bb css=\u00a0\u00bb.vc_custom_1652473523430{padding-bottom: 50px !important;}\u00a0\u00bb][vc_column width=\u00a0\u00bb2\/3&Prime;][vc_column_text]Si vous \u00eates \u00e0 la recherche d&rsquo;un h\u00e9bergement abordable \u00e0 Mont Tremblant qui correspond \u00e0 votre budget, Official Mont Tremblant a une solution pour vous.<\/p>\n<p>Les motels offrent des services similaires \u00e0 ceux d&rsquo;un \u00abh\u00f4tel\u00bb, mais s&rsquo;adressent principalement au public circulant en voiture, en lui fournissant des installations de stationnement \u00e0 c\u00f4t\u00e9 de la chambre ou de la cabine lou\u00e9e. De plus, les motels peuvent avoir g\u00e9n\u00e9ralement moins de chambres , et un ou deux \u00e9tages avec des couloirs internes, des escaliers et des ascenseurs. [\/vc_column_text][\/vc_column][vc_column width=\u00a0\u00bb1\/3&Prime;]<style type=\"text\/css\" data-type=\"the7_shortcodes-inline-css\">.shortcode-single-image-wrap.shortcode-single-image-43e3ca9e17ea0e2489304ddee68a9c6f.enable-bg-rollover .rollover i,\n.shortcode-single-image-wrap.shortcode-single-image-43e3ca9e17ea0e2489304ddee68a9c6f.enable-bg-rollover .rollover-video i {\n  background: -webkit-linear-gradient();\n  background: linear-gradient();\n}\n.shortcode-single-image-wrap.shortcode-single-image-43e3ca9e17ea0e2489304ddee68a9c6f .rollover-icon {\n  font-size: 32px;\n  color: #ffffff;\n  min-width: 44px;\n  min-height: 44px;\n  line-height: 44px;\n  border-radius: 100px;\n  border-style: solid;\n  border-width: 0px;\n}\n.dt-icon-bg-on.shortcode-single-image-wrap.shortcode-single-image-43e3ca9e17ea0e2489304ddee68a9c6f .rollover-icon {\n  background: rgba(255,255,255,0.3);\n  box-shadow: none;\n}\n<\/style><div class=\"shortcode-single-image-wrap shortcode-single-image-43e3ca9e17ea0e2489304ddee68a9c6f alignnone  enable-bg-rollover dt-icon-bg-off\" style=\"margin-top:0px; margin-bottom:0px; margin-left:0px; margin-right:0px; width:600px;\"><div class=\"shortcode-single-image\"><div class=\"fancy-media-wrap  layzr-bg\" style=\"\"><img loading=\"lazy\" decoding=\"async\" class=\"preload-me lazy-load\" src=\"data:image\/svg+xml,%3Csvg%20xmlns%3D&#39;http%3A%2F%2Fwww.w3.org%2F2000%2Fsvg&#39;%20viewBox%3D&#39;0%200%20600%20406&#39;%2F%3E\" data-src=\"https:\/\/officialmonttremblant.com\/wp-content\/uploads\/2022\/09\/motel-600x406.jpg\" data-srcset=\"https:\/\/officialmonttremblant.com\/wp-content\/uploads\/2022\/09\/motel-600x406.jpg 600w, https:\/\/officialmonttremblant.com\/wp-content\/uploads\/2022\/09\/motel-1200x812.jpg 1200w\" width=\"600\" height=\"406\"  data-dt-location=\"https:\/\/officialmonttremblant.com\/fr\/where-to-stay\/motels\/motel\/\" style=\"\" alt=\"\" \/><\/div><\/div><\/div>[\/vc_column][\/vc_row][vc_row][vc_column]<div class=\"lsd-list-view-wrapper  lsd-style-style1 lsd-font-m\" id=\"lsd_skin23546\" data-next-page=\"1\">\r\n\r\n    \r\n    \r\n    \r\n    \r\n    <div class=\"lsd-list-view-listings-wrapper lsd-viewstyle-list\">\r\n        <div class=\"lsd-listing-wrapper\">\r\n            <div class=\"lsd-alert lsd-info\">No Listing Found!<\/div>        <\/div>\r\n    <\/div>\r\n\r\n    \r\n    <\/div>[\/vc_column][\/vc_row]<\/p>\n","protected":false},"excerpt":{"rendered":"<p>[vc_row equal_height=\u00a0\u00bbyes\u00a0\u00bb content_placement=\u00a0\u00bbmiddle\u00a0\u00bb css=\u00a0\u00bb.vc_custom_1652473523430{padding-bottom: 50px !important;}\u00a0\u00bb][vc_column width=\u00a0\u00bb2\/3&Prime;][vc_column_text]Si vous \u00eates \u00e0 la recherche d&rsquo;un h\u00e9bergement abordable \u00e0 Mont Tremblant qui correspond \u00e0 votre budget, Official Mont Tremblant a une solution pour vous. Les motels offrent des services similaires \u00e0 ceux d&rsquo;un \u00abh\u00f4tel\u00bb, mais s&rsquo;adressent principalement au public circulant en voiture, en lui fournissant des installations de&hellip;<\/p>\n","protected":false},"author":3,"featured_media":0,"parent":21130,"menu_order":0,"comment_status":"closed","ping_status":"closed","template":"","meta":{"footnotes":""},"class_list":["post-23544","page","type-page","status-publish","hentry","description-off"],"yoast_head":"<!-- This site is optimized with the Yoast SEO Premium plugin v26.5 (Yoast SEO v26.5) - https:\/\/yoast.com\/wordpress\/plugins\/seo\/ -->\n<title>Motels \u00e0 Mont-Tremblant - Official Mont Tremblant<\/title>\n<meta name=\"description\" content=\"Official Mont Tremblant vous propose une liste de motels d&#039;h\u00e9bergement abordables \u00e0 Mont Tremblant qui s&#039;adapte \u00e0 votre budget.\" \/>\n<meta name=\"robots\" content=\"index, follow, max-snippet:-1, max-image-preview:large, max-video-preview:-1\" \/>\n<link rel=\"canonical\" href=\"https:\/\/officialmonttremblant.com\/fr\/ou-sejourner\/motels\/\" \/>\n<meta property=\"og:locale\" content=\"fr_FR\" \/>\n<meta property=\"og:type\" content=\"article\" \/>\n<meta property=\"og:title\" content=\"Motels \u00e0 Mont-Tremblant\" \/>\n<meta property=\"og:description\" content=\"Official Mont Tremblant vous propose une liste de motels d&#039;h\u00e9bergement abordables \u00e0 Mont Tremblant qui s&#039;adapte \u00e0 votre budget.\" \/>\n<meta property=\"og:url\" content=\"https:\/\/officialmonttremblant.com\/fr\/ou-sejourner\/motels\/\" \/>\n<meta property=\"og:site_name\" content=\"Official Mont Tremblant\" \/>\n<meta property=\"article:modified_time\" content=\"2025-07-29T18:18:00+00:00\" \/>\n<meta name=\"twitter:card\" content=\"summary_large_image\" \/>\n<meta name=\"twitter:label1\" content=\"Dur\u00e9e de lecture estim\u00e9e\" \/>\n\t<meta name=\"twitter:data1\" content=\"1 minute\" \/>\n<script type=\"application\/ld+json\" class=\"yoast-schema-graph\">{\"@context\":\"https:\/\/schema.org\",\"@graph\":[{\"@type\":\"WebPage\",\"@id\":\"https:\/\/officialmonttremblant.com\/fr\/ou-sejourner\/motels\/\",\"url\":\"https:\/\/officialmonttremblant.com\/fr\/ou-sejourner\/motels\/\",\"name\":\"Motels \u00e0 Mont-Tremblant - Official Mont Tremblant\",\"isPartOf\":{\"@id\":\"https:\/\/officialmonttremblant.com\/fr\/#website\"},\"datePublished\":\"2022-09-22T14:51:13+00:00\",\"dateModified\":\"2025-07-29T18:18:00+00:00\",\"description\":\"Official Mont Tremblant vous propose une liste de motels d'h\u00e9bergement abordables \u00e0 Mont Tremblant qui s'adapte \u00e0 votre budget.\",\"breadcrumb\":{\"@id\":\"https:\/\/officialmonttremblant.com\/fr\/ou-sejourner\/motels\/#breadcrumb\"},\"inLanguage\":\"fr-FR\",\"potentialAction\":[{\"@type\":\"ReadAction\",\"target\":[\"https:\/\/officialmonttremblant.com\/fr\/ou-sejourner\/motels\/\"]}]},{\"@type\":\"BreadcrumbList\",\"@id\":\"https:\/\/officialmonttremblant.com\/fr\/ou-sejourner\/motels\/#breadcrumb\",\"itemListElement\":[{\"@type\":\"ListItem\",\"position\":1,\"name\":\"Home\",\"item\":\"https:\/\/officialmonttremblant.com\/fr\/\"},{\"@type\":\"ListItem\",\"position\":2,\"name\":\"O\u00f9 dormir \u00e0 Mont-Tremblant\",\"item\":\"https:\/\/officialmonttremblant.com\/fr\/ou-sejourner\/\"},{\"@type\":\"ListItem\",\"position\":3,\"name\":\"Motels \u00e0 Mont-Tremblant\"}]},{\"@type\":\"WebSite\",\"@id\":\"https:\/\/officialmonttremblant.com\/fr\/#website\",\"url\":\"https:\/\/officialmonttremblant.com\/fr\/\",\"name\":\"Official Mont Tremblant\",\"description\":\"Vacation &amp; tourist guide in Mont Tremblant\",\"potentialAction\":[{\"@type\":\"SearchAction\",\"target\":{\"@type\":\"EntryPoint\",\"urlTemplate\":\"https:\/\/officialmonttremblant.com\/fr\/?s={search_term_string}\"},\"query-input\":{\"@type\":\"PropertyValueSpecification\",\"valueRequired\":true,\"valueName\":\"search_term_string\"}}],\"inLanguage\":\"fr-FR\"}]}<\/script>\n<!-- \/ Yoast SEO Premium plugin. -->","yoast_head_json":{"title":"Motels \u00e0 Mont-Tremblant - Official Mont Tremblant","description":"Official Mont Tremblant vous propose une liste de motels d'h\u00e9bergement abordables \u00e0 Mont Tremblant qui s'adapte \u00e0 votre budget.","robots":{"index":"index","follow":"follow","max-snippet":"max-snippet:-1","max-image-preview":"max-image-preview:large","max-video-preview":"max-video-preview:-1"},"canonical":"https:\/\/officialmonttremblant.com\/fr\/ou-sejourner\/motels\/","og_locale":"fr_FR","og_type":"article","og_title":"Motels \u00e0 Mont-Tremblant","og_description":"Official Mont Tremblant vous propose une liste de motels d'h\u00e9bergement abordables \u00e0 Mont Tremblant qui s'adapte \u00e0 votre budget.","og_url":"https:\/\/officialmonttremblant.com\/fr\/ou-sejourner\/motels\/","og_site_name":"Official Mont Tremblant","article_modified_time":"2025-07-29T18:18:00+00:00","twitter_card":"summary_large_image","twitter_misc":{"Dur\u00e9e de lecture estim\u00e9e":"1 minute"},"schema":{"@context":"https:\/\/schema.org","@graph":[{"@type":"WebPage","@id":"https:\/\/officialmonttremblant.com\/fr\/ou-sejourner\/motels\/","url":"https:\/\/officialmonttremblant.com\/fr\/ou-sejourner\/motels\/","name":"Motels \u00e0 Mont-Tremblant - Official Mont Tremblant","isPartOf":{"@id":"https:\/\/officialmonttremblant.com\/fr\/#website"},"datePublished":"2022-09-22T14:51:13+00:00","dateModified":"2025-07-29T18:18:00+00:00","description":"Official Mont Tremblant vous propose une liste de motels d'h\u00e9bergement abordables \u00e0 Mont Tremblant qui s'adapte \u00e0 votre budget.","breadcrumb":{"@id":"https:\/\/officialmonttremblant.com\/fr\/ou-sejourner\/motels\/#breadcrumb"},"inLanguage":"fr-FR","potentialAction":[{"@type":"ReadAction","target":["https:\/\/officialmonttremblant.com\/fr\/ou-sejourner\/motels\/"]}]},{"@type":"BreadcrumbList","@id":"https:\/\/officialmonttremblant.com\/fr\/ou-sejourner\/motels\/#breadcrumb","itemListElement":[{"@type":"ListItem","position":1,"name":"Home","item":"https:\/\/officialmonttremblant.com\/fr\/"},{"@type":"ListItem","position":2,"name":"O\u00f9 dormir \u00e0 Mont-Tremblant","item":"https:\/\/officialmonttremblant.com\/fr\/ou-sejourner\/"},{"@type":"ListItem","position":3,"name":"Motels \u00e0 Mont-Tremblant"}]},{"@type":"WebSite","@id":"https:\/\/officialmonttremblant.com\/fr\/#website","url":"https:\/\/officialmonttremblant.com\/fr\/","name":"Official Mont Tremblant","description":"Vacation &amp; tourist guide in Mont Tremblant","potentialAction":[{"@type":"SearchAction","target":{"@type":"EntryPoint","urlTemplate":"https:\/\/officialmonttremblant.com\/fr\/?s={search_term_string}"},"query-input":{"@type":"PropertyValueSpecification","valueRequired":true,"valueName":"search_term_string"}}],"inLanguage":"fr-FR"}]}},"jetpack_sharing_enabled":true,"_links":{"self":[{"href":"https:\/\/officialmonttremblant.com\/fr\/wp-json\/wp\/v2\/pages\/23544","targetHints":{"allow":["GET"]}}],"collection":[{"href":"https:\/\/officialmonttremblant.com\/fr\/wp-json\/wp\/v2\/pages"}],"about":[{"href":"https:\/\/officialmonttremblant.com\/fr\/wp-json\/wp\/v2\/types\/page"}],"author":[{"embeddable":true,"href":"https:\/\/officialmonttremblant.com\/fr\/wp-json\/wp\/v2\/users\/3"}],"replies":[{"embeddable":true,"href":"https:\/\/officialmonttremblant.com\/fr\/wp-json\/wp\/v2\/comments?post=23544"}],"version-history":[{"count":3,"href":"https:\/\/officialmonttremblant.com\/fr\/wp-json\/wp\/v2\/pages\/23544\/revisions"}],"predecessor-version":[{"id":26278,"href":"https:\/\/officialmonttremblant.com\/fr\/wp-json\/wp\/v2\/pages\/23544\/revisions\/26278"}],"up":[{"embeddable":true,"href":"https:\/\/officialmonttremblant.com\/fr\/wp-json\/wp\/v2\/pages\/21130"}],"wp:attachment":[{"href":"https:\/\/officialmonttremblant.com\/fr\/wp-json\/wp\/v2\/media?parent=23544"}],"curies":[{"name":"wp","href":"https:\/\/api.w.org\/{rel}","templated":true}]}}