{"id":24538,"date":"2022-10-06T08:31:36","date_gmt":"2022-10-06T12:31:36","guid":{"rendered":"https:\/\/officialmonttremblant.com\/?page_id=24538"},"modified":"2025-07-29T12:19:58","modified_gmt":"2025-07-29T16:19:58","slug":"evenements-annuels","status":"publish","type":"page","link":"https:\/\/officialmonttremblant.com\/fr\/evenements\/evenements-annuels\/","title":{"rendered":"Ev\u00e9nements annuels"},"content":{"rendered":"<p>[vc_row content_placement=\u00a0\u00bbmiddle\u00a0\u00bb css=\u00a0\u00bb.vc_custom_1652361660051{padding-top: 20px !important;padding-bottom: 60px !important;}\u00a0\u00bb][vc_column width=\u00a0\u00bb2\/3&Prime;]<div id=\"ultimate-heading-404369daca8ab8811\" class=\"uvc-heading ult-adjust-bottom-margin ultimate-heading-404369daca8ab8811 uvc-2687  uvc-heading-default-font-sizes\" data-hspacer=\"line_only\"  data-halign=\"left\" style=\"text-align:left\"><div class=\"uvc-main-heading ult-responsive\"  data-ultimate-target='.uvc-heading.ultimate-heading-404369daca8ab8811 h2'  data-responsive-json-new='{\"font-size\":\"\",\"line-height\":\"\"}' ><h2 style=\"--font-weight:theme;margin-bottom:10px;\">Ev\u00e9nements annuels \u00e0 Mont-Tremblant<\/h2><\/div><div class=\"uvc-heading-spacer line_only\" style=\"margin-bottom:15px;height:2px;\"><span class=\"uvc-headings-line\" style=\"border-style:solid;border-bottom-width:2px;border-color:#1e8449;width:70px;\"><\/span><\/div><div class=\"uvc-sub-heading ult-responsive\"  data-ultimate-target='.uvc-heading.ultimate-heading-404369daca8ab8811 .uvc-sub-heading '  data-responsive-json-new='{\"font-size\":\"\",\"line-height\":\"\"}'  style=\"font-weight:normal;margin-bottom:15px;\"><\/p>\n<p style=\"text-align: left;\">Official Mont-Tremblant, votre guide de Mont-Tremblant, vous donne plus d&rsquo;informations sur les \u00e9v\u00e9nements annuels \u00e0 Mont-Tremblant.<\/p>\n<p><\/div><\/div>[\/vc_column][vc_column width=\u00a0\u00bb1\/3&Prime;]<style type=\"text\/css\" data-type=\"the7_shortcodes-inline-css\">.shortcode-single-image-wrap.shortcode-single-image-6fbb2e8b8d657e020413ceda29d1681a.enable-bg-rollover .rollover i,\n.shortcode-single-image-wrap.shortcode-single-image-6fbb2e8b8d657e020413ceda29d1681a.enable-bg-rollover .rollover-video i {\n  background: -webkit-linear-gradient();\n  background: linear-gradient();\n}\n.shortcode-single-image-wrap.shortcode-single-image-6fbb2e8b8d657e020413ceda29d1681a .rollover-icon {\n  font-size: 32px;\n  color: #ffffff;\n  min-width: 44px;\n  min-height: 44px;\n  line-height: 44px;\n  border-radius: 100px;\n  border-style: solid;\n  border-width: 0px;\n}\n.dt-icon-bg-on.shortcode-single-image-wrap.shortcode-single-image-6fbb2e8b8d657e020413ceda29d1681a .rollover-icon {\n  background: rgba(255,255,255,0.3);\n  box-shadow: none;\n}\n<\/style><div class=\"shortcode-single-image-wrap shortcode-single-image-6fbb2e8b8d657e020413ceda29d1681a alignnone  enable-bg-rollover dt-icon-bg-off\" style=\"margin-top:0px; margin-bottom:0px; margin-left:0px; margin-right:0px; width:500px;\"><div class=\"shortcode-single-image\"><div class=\"fancy-media-wrap  layzr-bg\" style=\"\"><img loading=\"lazy\" decoding=\"async\" class=\"preload-me lazy-load\" src=\"data:image\/svg+xml,%3Csvg%20xmlns%3D&#39;http%3A%2F%2Fwww.w3.org%2F2000%2Fsvg&#39;%20viewBox%3D&#39;0%200%20500%20288&#39;%2F%3E\" data-src=\"https:\/\/officialmonttremblant.com\/wp-content\/uploads\/2022\/11\/AdobeStock_Marche-Noel-Mont-Tremblant-500x288.jpeg\" data-srcset=\"https:\/\/officialmonttremblant.com\/wp-content\/uploads\/2022\/11\/AdobeStock_Marche-Noel-Mont-Tremblant-500x288.jpeg 500w, https:\/\/officialmonttremblant.com\/wp-content\/uploads\/2022\/11\/AdobeStock_Marche-Noel-Mont-Tremblant-935x538.jpeg 935w\" width=\"500\" height=\"288\"  data-dt-location=\"https:\/\/officialmonttremblant.com\/fr\/evenements\/evenements-annuels\/family-shopping-christmas-presents\/\" style=\"\" alt=\"Christmas in Mont-Tremblant\" \/><\/div><\/div><\/div>[\/vc_column][\/vc_row][vc_row gap=\u00a0\u00bb1&Prime; bg_type=\u00a0\u00bbbg_color\u00a0\u00bb bg_override=\u00a0\u00bbex-full\u00a0\u00bb css=\u00a0\u00bb.vc_custom_1661793011444{padding-top: 60px !important;padding-bottom: 60px !important;}\u00a0\u00bb bg_color_value=\u00a0\u00bb#f8f8f8&Prime;][vc_column width=\u00a0\u00bb1\/2&Prime; css=\u00a0\u00bb.vc_custom_1652311337326{margin-top: 0px !important;margin-right: 0px !important;margin-bottom: 0px !important;margin-left: 0px !important;padding-top: 0px !important;padding-right: 0px !important;padding-bottom: 0px !important;padding-left: 0px !important;}\u00a0\u00bb]<div class=\"ult-new-ib ult-ib-effect-style14  ult-ib-resp   vc_custom_1669649392580\" data-min-width=\"768\" data-max-width=\"900\" style=\"background:rgba(0,0,0,0.85);\" data-opacity=\"0.7\" data-hover-opacity=\"1\" ><img data-recalc-dims=\"1\" decoding=\"async\" class=\"ult-new-ib-img\" style=\"opacity:0.7;\" alt=\"null\" src=\"https:\/\/i0.wp.com\/officialmonttremblant.com\/wp-content\/uploads\/2022\/10\/halloween.jpg?w=1200&#038;ssl=1\"   \/><div id=\"interactive-banner-wrap-1623\" class=\"ult-new-ib-desc\" style=\"\"><h2 class=\"ult-new-ib-title ult-responsive\"  data-ultimate-target='#interactive-banner-wrap-1623 .ult-new-ib-title'  data-responsive-json-new='{\"font-size\":\"desktop:26px;\",\"line-height\":\"\"}'  style=\"font-family:&#039;Quicksand&#039;;font-weight:700;\">Halloween \u00e0 Mont-Tremblant<\/h2><\/div><a class=\"ult-new-ib-link\" href=\"https:\/\/officialmonttremblant.com\/fr\/evenements-a-mont-tremblant-guide-de-voyage-de-mont-tremblant\/evenements-annuels\/halloween\/\" title=\"Halloween \u00e0 Mont-Tremblant\" target=\"_blank\" rel=\"noopener\"  ><\/a><\/div>[\/vc_column][vc_column width=\u00a0\u00bb1\/2&Prime;]<div class=\"ult-new-ib ult-ib-effect-style14  ult-ib-resp   vc_custom_1669650347401\" data-min-width=\"768\" data-max-width=\"900\" style=\"background:rgba(0,0,0,0.85);\" data-opacity=\"0.7\" data-hover-opacity=\"1\" ><img data-recalc-dims=\"1\" decoding=\"async\" class=\"ult-new-ib-img\" style=\"opacity:0.7;\" alt=\"null\" src=\"https:\/\/i0.wp.com\/officialmonttremblant.com\/wp-content\/uploads\/2022\/10\/christmas.jpg?w=1200&#038;ssl=1\"   \/><div id=\"interactive-banner-wrap-2898\" class=\"ult-new-ib-desc\" style=\"\"><h2 class=\"ult-new-ib-title ult-responsive\"  data-ultimate-target='#interactive-banner-wrap-2898 .ult-new-ib-title'  data-responsive-json-new='{\"font-size\":\"desktop:26px;\",\"line-height\":\"\"}'  style=\"font-family:&#039;Quicksand&#039;;font-weight:700;\">Noel \u00e0 Mont-Tremblant<\/h2><\/div><a class=\"ult-new-ib-link\" href=\"https:\/\/officialmonttremblant.com\/fr\/evenements-a-mont-tremblant-guide-de-voyage-de-mont-tremblant\/evenements-annuels\/noel-a-mont-tremblant\/\" title=\"Noel \u00e0 Mont-Tremblant\" target=\"_blank\" rel=\"noopener\"  ><\/a><\/div>[\/vc_column][\/vc_row]<\/p>\n","protected":false},"excerpt":{"rendered":"<p>[vc_row content_placement=\u00a0\u00bbmiddle\u00a0\u00bb css=\u00a0\u00bb.vc_custom_1652361660051{padding-top: 20px !important;padding-bottom: 60px !important;}\u00a0\u00bb][vc_column width=\u00a0\u00bb2\/3&Prime;][\/vc_column][vc_column width=\u00a0\u00bb1\/3&Prime;][\/vc_column][\/vc_row][vc_row gap=\u00a0\u00bb1&Prime; bg_type=\u00a0\u00bbbg_color\u00a0\u00bb bg_override=\u00a0\u00bbex-full\u00a0\u00bb css=\u00a0\u00bb.vc_custom_1661793011444{padding-top: 60px !important;padding-bottom: 60px !important;}\u00a0\u00bb bg_color_value=\u00a0\u00bb#f8f8f8&Prime;][vc_column width=\u00a0\u00bb1\/2&Prime; css=\u00a0\u00bb.vc_custom_1652311337326{margin-top: 0px !important;margin-right: 0px !important;margin-bottom: 0px !important;margin-left: 0px !important;padding-top: 0px !important;padding-right: 0px !important;padding-bottom: 0px !important;padding-left: 0px !important;}\u00a0\u00bb][\/vc_column][vc_column width=\u00a0\u00bb1\/2&Prime;][\/vc_column][\/vc_row]<\/p>\n","protected":false},"author":1,"featured_media":0,"parent":22544,"menu_order":0,"comment_status":"closed","ping_status":"closed","template":"","meta":{"footnotes":""},"class_list":["post-24538","page","type-page","status-publish","hentry","description-off"],"yoast_head":"<!-- This site is optimized with the Yoast SEO Premium plugin v26.5 (Yoast SEO v26.5) - https:\/\/yoast.com\/wordpress\/plugins\/seo\/ -->\n<title>Ev\u00e9nements annuels \u00e0 Mont-Tremblant, Guide de Mont-Tremblant<\/title>\n<meta name=\"description\" content=\"Official Mont-Tremblant, votre guide de Mont-Tremblant, vous donne plus d&#039;informations sur les \u00e9v\u00e9nements annuels \u00e0 Mont-Tremblant.\" \/>\n<meta name=\"robots\" content=\"index, follow, max-snippet:-1, max-image-preview:large, max-video-preview:-1\" \/>\n<link rel=\"canonical\" href=\"https:\/\/officialmonttremblant.com\/fr\/evenements\/evenements-annuels\/\" \/>\n<meta property=\"og:locale\" content=\"fr_FR\" \/>\n<meta property=\"og:type\" content=\"article\" \/>\n<meta property=\"og:title\" content=\"Ev\u00e9nements annuels\" \/>\n<meta property=\"og:description\" content=\"Official Mont-Tremblant, votre guide de Mont-Tremblant, vous donne plus d&#039;informations sur les \u00e9v\u00e9nements annuels \u00e0 Mont-Tremblant.\" \/>\n<meta property=\"og:url\" content=\"https:\/\/officialmonttremblant.com\/fr\/evenements\/evenements-annuels\/\" \/>\n<meta property=\"og:site_name\" content=\"Official Mont Tremblant\" \/>\n<meta property=\"article:modified_time\" content=\"2025-07-29T16:19:58+00:00\" \/>\n<meta name=\"twitter:card\" content=\"summary_large_image\" \/>\n<meta name=\"twitter:label1\" content=\"Dur\u00e9e de lecture estim\u00e9e\" \/>\n\t<meta name=\"twitter:data1\" content=\"1 minute\" \/>\n<script type=\"application\/ld+json\" class=\"yoast-schema-graph\">{\"@context\":\"https:\/\/schema.org\",\"@graph\":[{\"@type\":\"WebPage\",\"@id\":\"https:\/\/officialmonttremblant.com\/fr\/evenements\/evenements-annuels\/\",\"url\":\"https:\/\/officialmonttremblant.com\/fr\/evenements\/evenements-annuels\/\",\"name\":\"Ev\u00e9nements annuels \u00e0 Mont-Tremblant, Guide de Mont-Tremblant\",\"isPartOf\":{\"@id\":\"https:\/\/officialmonttremblant.com\/fr\/#website\"},\"datePublished\":\"2022-10-06T12:31:36+00:00\",\"dateModified\":\"2025-07-29T16:19:58+00:00\",\"description\":\"Official Mont-Tremblant, votre guide de Mont-Tremblant, vous donne plus d'informations sur les \u00e9v\u00e9nements annuels \u00e0 Mont-Tremblant.\",\"breadcrumb\":{\"@id\":\"https:\/\/officialmonttremblant.com\/fr\/evenements\/evenements-annuels\/#breadcrumb\"},\"inLanguage\":\"fr-FR\",\"potentialAction\":[{\"@type\":\"ReadAction\",\"target\":[\"https:\/\/officialmonttremblant.com\/fr\/evenements\/evenements-annuels\/\"]}]},{\"@type\":\"BreadcrumbList\",\"@id\":\"https:\/\/officialmonttremblant.com\/fr\/evenements\/evenements-annuels\/#breadcrumb\",\"itemListElement\":[{\"@type\":\"ListItem\",\"position\":1,\"name\":\"Home\",\"item\":\"https:\/\/officialmonttremblant.com\/fr\/\"},{\"@type\":\"ListItem\",\"position\":2,\"name\":\"Ev\u00e9nements \u00e0 Mont-Tremblant\",\"item\":\"https:\/\/officialmonttremblant.com\/fr\/evenements\/\"},{\"@type\":\"ListItem\",\"position\":3,\"name\":\"Ev\u00e9nements annuels\"}]},{\"@type\":\"WebSite\",\"@id\":\"https:\/\/officialmonttremblant.com\/fr\/#website\",\"url\":\"https:\/\/officialmonttremblant.com\/fr\/\",\"name\":\"Official Mont Tremblant\",\"description\":\"Vacation &amp; tourist guide in Mont Tremblant\",\"potentialAction\":[{\"@type\":\"SearchAction\",\"target\":{\"@type\":\"EntryPoint\",\"urlTemplate\":\"https:\/\/officialmonttremblant.com\/fr\/?s={search_term_string}\"},\"query-input\":{\"@type\":\"PropertyValueSpecification\",\"valueRequired\":true,\"valueName\":\"search_term_string\"}}],\"inLanguage\":\"fr-FR\"}]}<\/script>\n<!-- \/ Yoast SEO Premium plugin. -->","yoast_head_json":{"title":"Ev\u00e9nements annuels \u00e0 Mont-Tremblant, Guide de Mont-Tremblant","description":"Official Mont-Tremblant, votre guide de Mont-Tremblant, vous donne plus d'informations sur les \u00e9v\u00e9nements annuels \u00e0 Mont-Tremblant.","robots":{"index":"index","follow":"follow","max-snippet":"max-snippet:-1","max-image-preview":"max-image-preview:large","max-video-preview":"max-video-preview:-1"},"canonical":"https:\/\/officialmonttremblant.com\/fr\/evenements\/evenements-annuels\/","og_locale":"fr_FR","og_type":"article","og_title":"Ev\u00e9nements annuels","og_description":"Official Mont-Tremblant, votre guide de Mont-Tremblant, vous donne plus d'informations sur les \u00e9v\u00e9nements annuels \u00e0 Mont-Tremblant.","og_url":"https:\/\/officialmonttremblant.com\/fr\/evenements\/evenements-annuels\/","og_site_name":"Official Mont Tremblant","article_modified_time":"2025-07-29T16:19:58+00:00","twitter_card":"summary_large_image","twitter_misc":{"Dur\u00e9e de lecture estim\u00e9e":"1 minute"},"schema":{"@context":"https:\/\/schema.org","@graph":[{"@type":"WebPage","@id":"https:\/\/officialmonttremblant.com\/fr\/evenements\/evenements-annuels\/","url":"https:\/\/officialmonttremblant.com\/fr\/evenements\/evenements-annuels\/","name":"Ev\u00e9nements annuels \u00e0 Mont-Tremblant, Guide de Mont-Tremblant","isPartOf":{"@id":"https:\/\/officialmonttremblant.com\/fr\/#website"},"datePublished":"2022-10-06T12:31:36+00:00","dateModified":"2025-07-29T16:19:58+00:00","description":"Official Mont-Tremblant, votre guide de Mont-Tremblant, vous donne plus d'informations sur les \u00e9v\u00e9nements annuels \u00e0 Mont-Tremblant.","breadcrumb":{"@id":"https:\/\/officialmonttremblant.com\/fr\/evenements\/evenements-annuels\/#breadcrumb"},"inLanguage":"fr-FR","potentialAction":[{"@type":"ReadAction","target":["https:\/\/officialmonttremblant.com\/fr\/evenements\/evenements-annuels\/"]}]},{"@type":"BreadcrumbList","@id":"https:\/\/officialmonttremblant.com\/fr\/evenements\/evenements-annuels\/#breadcrumb","itemListElement":[{"@type":"ListItem","position":1,"name":"Home","item":"https:\/\/officialmonttremblant.com\/fr\/"},{"@type":"ListItem","position":2,"name":"Ev\u00e9nements \u00e0 Mont-Tremblant","item":"https:\/\/officialmonttremblant.com\/fr\/evenements\/"},{"@type":"ListItem","position":3,"name":"Ev\u00e9nements annuels"}]},{"@type":"WebSite","@id":"https:\/\/officialmonttremblant.com\/fr\/#website","url":"https:\/\/officialmonttremblant.com\/fr\/","name":"Official Mont Tremblant","description":"Vacation &amp; tourist guide in Mont Tremblant","potentialAction":[{"@type":"SearchAction","target":{"@type":"EntryPoint","urlTemplate":"https:\/\/officialmonttremblant.com\/fr\/?s={search_term_string}"},"query-input":{"@type":"PropertyValueSpecification","valueRequired":true,"valueName":"search_term_string"}}],"inLanguage":"fr-FR"}]}},"jetpack_sharing_enabled":true,"_links":{"self":[{"href":"https:\/\/officialmonttremblant.com\/fr\/wp-json\/wp\/v2\/pages\/24538","targetHints":{"allow":["GET"]}}],"collection":[{"href":"https:\/\/officialmonttremblant.com\/fr\/wp-json\/wp\/v2\/pages"}],"about":[{"href":"https:\/\/officialmonttremblant.com\/fr\/wp-json\/wp\/v2\/types\/page"}],"author":[{"embeddable":true,"href":"https:\/\/officialmonttremblant.com\/fr\/wp-json\/wp\/v2\/users\/1"}],"replies":[{"embeddable":true,"href":"https:\/\/officialmonttremblant.com\/fr\/wp-json\/wp\/v2\/comments?post=24538"}],"version-history":[{"count":8,"href":"https:\/\/officialmonttremblant.com\/fr\/wp-json\/wp\/v2\/pages\/24538\/revisions"}],"predecessor-version":[{"id":26816,"href":"https:\/\/officialmonttremblant.com\/fr\/wp-json\/wp\/v2\/pages\/24538\/revisions\/26816"}],"up":[{"embeddable":true,"href":"https:\/\/officialmonttremblant.com\/fr\/wp-json\/wp\/v2\/pages\/22544"}],"wp:attachment":[{"href":"https:\/\/officialmonttremblant.com\/fr\/wp-json\/wp\/v2\/media?parent=24538"}],"curies":[{"name":"wp","href":"https:\/\/api.w.org\/{rel}","templated":true}]}}