{"id":24641,"date":"2022-09-15T16:13:38","date_gmt":"2022-09-15T20:13:38","guid":{"rendered":"https:\/\/officialmonttremblant.com\/activities\/kids-activities\/camping\/"},"modified":"2025-07-29T11:28:35","modified_gmt":"2025-07-29T15:28:35","slug":"camping","status":"publish","type":"page","link":"https:\/\/officialmonttremblant.com\/fr\/activites\/activites-pour-enfants\/camping\/","title":{"rendered":"Camping"},"content":{"rendered":"<p>[vc_row][vc_column]<div id=\"ultimate-heading-424069e90f11b4ddd\" class=\"uvc-heading ult-adjust-bottom-margin ultimate-heading-424069e90f11b4ddd uvc-6414  uvc-heading-default-font-sizes\" data-hspacer=\"no_spacer\"  data-halign=\"left\" style=\"text-align:left\"><div class=\"uvc-heading-spacer no_spacer\" style=\"top\"><\/div><div class=\"uvc-main-heading ult-responsive\"  data-ultimate-target='.uvc-heading.ultimate-heading-424069e90f11b4ddd h2'  data-responsive-json-new='{\"font-size\":\"\",\"line-height\":\"\"}' ><h2 style=\"--font-weight:theme;\">Camping \u00e0 Tremblant<\/h2><\/div><\/div>[\/vc_column][\/vc_row][vc_row][vc_column][vc_empty_space height=\u00a0\u00bb60px\u00a0\u00bb][\/vc_column][\/vc_row][vc_row][vc_column][vc_column_text]<\/p>\n<p style=\"text-align: left;\">Official Mont-Tremblant vous offre des informations sur les activit\u00e9s pour enfants \u00e0 Tremblant dont le camping \u00e0 Tremblant.<\/p>\n<p style=\"text-align: left;\">Les amoureux de la nature et ceux qui veulent vivre une exp\u00e9rience incroyable doivent essayer le camping dans le parc national du Mont-Tremblant. Avec pr\u00e8s de 1 510 km2 (600 miles carr\u00e9s), six rivi\u00e8res et 400 lacs, vous allez adorer ces paysages luxuriants. Situ\u00e9 dans les Laurentides, le parc national de Tremblant est divis\u00e9 en trois sections offrant plus de 1 000 emplacements de camping.<\/p>\n<p>[\/vc_column_text][vc_empty_space height=\u00a0\u00bb60px\u00a0\u00bb][vc_single_image image=\u00a0\u00bb24451&Prime; img_size=\u00a0\u00bb500&#215;300&Prime; alignment=\u00a0\u00bbcenter\u00a0\u00bb][\/vc_column][\/vc_row][vc_row][vc_column][vc_empty_space height=\u00a0\u00bb60px\u00a0\u00bb][\/vc_column][\/vc_row][vc_row][vc_column][vc_btn title=\u00a0\u00bbR\u00e9servations en ligne\u00a0\u00bb align=\u00a0\u00bbcenter\u00a0\u00bb link=\u00a0\u00bburl:https%3A%2F%2Fwww.sepaq.com%2Freservation%2Findex.dot%3Flanguage_id%3D2|title:R%C3%A9server%20en%20ligne|target:_blank\u00a0\u00bb][\/vc_column][\/vc_row][vc_row][vc_column][vc_empty_space height=\u00a0\u00bb60px\u00a0\u00bb][\/vc_column][\/vc_row][vc_row][vc_column][vc_column_text]<strong>CANOE CAMPING<\/strong><br \/>\nPour un changement de rythme et pour explorer les recoins les plus profonds de la nature, essayez une sortie \u00e0 Canoe Camping pour un changement de rythme et pour explorer la nature de pr\u00e8s. Le Diable et l&rsquo;Assomption sont les deux principales rivi\u00e8res du parc national du Tremblant et sont toutes deux propices \u00e0 de longues ou courtes sorties.[\/vc_column_text][vc_btn title=\u00a0\u00bbPlus d&rsquo;informations\u00a0\u00bb align=\u00a0\u00bbleft\u00a0\u00bb link=\u00a0\u00bburl:https%3A%2F%2Fwww.sepaq.com%2Fcamping%2Femplacement%2Fcanot-camping.dot%3Flanguage_id%3D2|title:Plus%20d&rsquo;informations|target:_blank\u00a0\u00bb][\/vc_column][\/vc_row][vc_row][vc_column][vc_empty_space height=\u00a0\u00bb60px\u00a0\u00bb][\/vc_column][\/vc_row][vc_row][vc_column][vc_column_text]<strong>READY-TO-CAMPS <\/strong><br \/>\nProfitez du camping sans avoir \u00e0 apporter votre propre \u00e9quipement. Les campements pr\u00eats \u00e0 l&#8217;emploi \u00ab\u00a0Ready-to-camps\u00a0\u00bb sont destin\u00e9s \u00e0 ceux qui veulent profiter d&rsquo;un camping simple et sans tracas. Ils peuvent accueillir jusqu&rsquo;\u00e0 six adultes et sont \u00e9quip\u00e9s d&rsquo;un chauffage d&rsquo;appoint, d&rsquo;un petit r\u00e9frig\u00e9rateur et de tout ce dont vous avez besoin pour pr\u00e9parer un repas.[\/vc_column_text][vc_btn title=\u00a0\u00bbPlus d&rsquo;informations\u00a0\u00bb align=\u00a0\u00bbleft\u00a0\u00bb link=\u00a0\u00bburl:https%3A%2F%2Fwww.sepaq.com%2Fcamping%2Fpret-a-camper%2Findex.dot|title:Plus%20d&rsquo;informations|target:_blank\u00a0\u00bb][\/vc_column][\/vc_row][vc_row][vc_column][vc_empty_space height=\u00a0\u00bb60px\u00a0\u00bb][\/vc_column][\/vc_row][vc_row][vc_column][vc_column_text]<strong>\u00c9CHO CABIN<\/strong><br \/>\nLes cabanes Echo sont la toute nouvelle forme de camping au parc du Mont Tremblant. Ces petites cabanes modernes peuvent accueillir quatre personnes. Elles comprennent une cuisine bien \u00e9quip\u00e9e avec tout ce dont vous avez besoin pour pr\u00e9parer vos repas. Il y a \u00e9galement un salon avec un po\u00eale \u00e0 bois, des toilettes et une douche.[\/vc_column_text][vc_btn title=\u00a0\u00bbPlus d&rsquo;informations\u00a0\u00bb align=\u00a0\u00bbleft\u00a0\u00bb link=\u00a0\u00bburl:https%3A%2F%2Fwww.sepaq.com%2Fannexes%2Fhebergement%2Fchalet-echo.dot%3Flanguage_id%3D2|title:Plus%20d&rsquo;informations|target:_blank\u00a0\u00bb][\/vc_column][\/vc_row][vc_row][vc_column][vc_empty_space height=\u00a0\u00bb60px\u00a0\u00bb][\/vc_column][\/vc_row][vc_row][vc_column][vc_column_text]<strong>EXPs<\/strong><br \/>\nLes amoureux de la nature vont adorer les cabanes EXP con\u00e7ues avec de grandes fen\u00eatres qui am\u00e8nent la nature \u00e0 l&rsquo;int\u00e9rieur. Chaque cabine est enti\u00e8rement \u00e9quip\u00e9e d&rsquo;une cuisini\u00e8re \u00e9lectrique, d&rsquo;un r\u00e9frig\u00e9rateur, de toilettes, d&rsquo;une douche et de tout le mat\u00e9riel n\u00e9cessaire pour pr\u00e9parer et servir les repas. Les cabines EXP peuvent accueillir deux personnes.[\/vc_column_text][vc_btn title=\u00a0\u00bbPlus d&rsquo;informations\u00a0\u00bb align=\u00a0\u00bbleft\u00a0\u00bb link=\u00a0\u00bburl:https%3A%2F%2Fwww.sepaq.com%2Fannexes%2Fhebergement%2Fchalet-exp.dot%3Flanguage_id%3D2|title:Plus%20d&rsquo;informations|target:_blank\u00a0\u00bb][\/vc_column][\/vc_row][vc_row][vc_column][vc_empty_space height=\u00a0\u00bb60px\u00a0\u00bb][\/vc_column][\/vc_row][vc_row][vc_column][vc_column_text]<strong>NATURE CABIN<\/strong><br \/>\nS\u00e9journez dans l&rsquo;une de nos 10 cabanes Nature. Ces cabanes confortables et enti\u00e8rement \u00e9quip\u00e9es peuvent accueillir jusqu&rsquo;\u00e0 4 personnes. Situ\u00e9es au c\u0153ur de la zone d&rsquo;activit\u00e9s, elles constituent des camps de base parfaits pour vos excursions.[\/vc_column_text][vc_btn title=\u00a0\u00bbPlus d&rsquo;informations\u00a0\u00bb align=\u00a0\u00bbleft\u00a0\u00bb link=\u00a0\u00bburl:https%3A%2F%2Fwww.sepaq.com%2Fhebergement%2Fchalet.dot%3Flanguage_id%3D2|title:Plus%20d&rsquo;informations|target:_blank\u00a0\u00bb][\/vc_column][\/vc_row][vc_row][vc_column][vc_empty_space height=\u00a0\u00bb60px\u00a0\u00bb][\/vc_column][\/vc_row][vc_row][vc_column][vc_column_text]<strong>YURT<\/strong><br \/>\nUne yourte est une tente circulaire portable faite de feutre ou de peaux, traditionnellement utilis\u00e9e par les nomades d&rsquo;Asie centrale. Une yourte peut accueillir jusqu&rsquo;\u00e0 quatre personnes et est enti\u00e8rement \u00e9quip\u00e9e d&rsquo;une cuisini\u00e8re, d&rsquo;un r\u00e9frig\u00e9rateur, de l&rsquo;eau chaude et d&rsquo;une douche, d&rsquo;une chemin\u00e9e ou d&rsquo;un po\u00eale \u00e0 bois, ainsi que de tout le mat\u00e9riel n\u00e9cessaire pour pr\u00e9parer et servir les repas.[\/vc_column_text][vc_btn title=\u00a0\u00bbPlus d&rsquo;informations\u00a0\u00bb align=\u00a0\u00bbleft\u00a0\u00bb link=\u00a0\u00bburl:https%3A%2F%2Fwww.sepaq.com%2Fhebergement%2Fyourte.dot%3Flanguage_id%3D2|title:Plus%20d&rsquo;informations|target:_blank\u00a0\u00bb][\/vc_column][\/vc_row]<\/p>\n","protected":false},"excerpt":{"rendered":"<p>[vc_row][vc_column][\/vc_column][\/vc_row][vc_row][vc_column][vc_empty_space height=\u00a0\u00bb60px\u00a0\u00bb][\/vc_column][\/vc_row][vc_row][vc_column][vc_column_text] Official Mont-Tremblant vous offre des informations sur les activit\u00e9s pour enfants \u00e0 Tremblant dont le camping \u00e0 Tremblant. Les amoureux de la nature et ceux qui veulent vivre une exp\u00e9rience incroyable doivent essayer le camping dans le parc national du Mont-Tremblant. Avec pr\u00e8s de 1 510 km2 (600 miles carr\u00e9s), six rivi\u00e8res et&hellip;<\/p>\n","protected":false},"author":5,"featured_media":22901,"parent":21145,"menu_order":0,"comment_status":"closed","ping_status":"closed","template":"","meta":{"footnotes":""},"class_list":["post-24641","page","type-page","status-publish","has-post-thumbnail","hentry","description-off"],"yoast_head":"<!-- This site is optimized with the Yoast SEO Premium plugin v26.5 (Yoast SEO v26.5) - https:\/\/yoast.com\/wordpress\/plugins\/seo\/ -->\n<title>Camping \u00e0 Tremblant, activit\u00e9s pour enfants \u00e0 Tremblant<\/title>\n<meta name=\"description\" content=\"Official Mont-Tremblant vous offre des informations sur les activit\u00e9s pour enfants \u00e0 Tremblant dont le camping \u00e0 Tremblant.\" \/>\n<meta name=\"robots\" content=\"index, follow, max-snippet:-1, max-image-preview:large, max-video-preview:-1\" \/>\n<link rel=\"canonical\" href=\"https:\/\/officialmonttremblant.com\/fr\/activites\/activites-pour-enfants\/camping\/\" \/>\n<meta property=\"og:locale\" content=\"fr_FR\" \/>\n<meta property=\"og:type\" content=\"article\" \/>\n<meta property=\"og:title\" content=\"Camping\" \/>\n<meta property=\"og:description\" content=\"Official Mont-Tremblant vous offre des informations sur les activit\u00e9s pour enfants \u00e0 Tremblant dont le camping \u00e0 Tremblant.\" \/>\n<meta property=\"og:url\" content=\"https:\/\/officialmonttremblant.com\/fr\/activites\/activites-pour-enfants\/camping\/\" \/>\n<meta property=\"og:site_name\" content=\"Official Mont Tremblant\" \/>\n<meta property=\"article:modified_time\" content=\"2025-07-29T15:28:35+00:00\" \/>\n<meta property=\"og:image\" content=\"https:\/\/officialmonttremblant.com\/wp-content\/uploads\/2022\/09\/camping-gc6ee32db4_1920-e1663345040947.jpg\" \/>\n\t<meta property=\"og:image:width\" content=\"1356\" \/>\n\t<meta property=\"og:image:height\" content=\"1063\" \/>\n\t<meta property=\"og:image:type\" content=\"image\/jpeg\" \/>\n<meta name=\"twitter:card\" content=\"summary_large_image\" \/>\n<meta name=\"twitter:label1\" content=\"Dur\u00e9e de lecture estim\u00e9e\" \/>\n\t<meta name=\"twitter:data1\" content=\"3 minutes\" \/>\n<script type=\"application\/ld+json\" class=\"yoast-schema-graph\">{\"@context\":\"https:\/\/schema.org\",\"@graph\":[{\"@type\":\"WebPage\",\"@id\":\"https:\/\/officialmonttremblant.com\/fr\/activites\/activites-pour-enfants\/camping\/\",\"url\":\"https:\/\/officialmonttremblant.com\/fr\/activites\/activites-pour-enfants\/camping\/\",\"name\":\"Camping \u00e0 Tremblant, activit\u00e9s pour enfants \u00e0 Tremblant\",\"isPartOf\":{\"@id\":\"https:\/\/officialmonttremblant.com\/fr\/#website\"},\"primaryImageOfPage\":{\"@id\":\"https:\/\/officialmonttremblant.com\/fr\/activites\/activites-pour-enfants\/camping\/#primaryimage\"},\"image\":{\"@id\":\"https:\/\/officialmonttremblant.com\/fr\/activites\/activites-pour-enfants\/camping\/#primaryimage\"},\"thumbnailUrl\":\"https:\/\/officialmonttremblant.com\/wp-content\/uploads\/2022\/09\/camping-gc6ee32db4_1920-e1663345040947.jpg\",\"datePublished\":\"2022-09-15T20:13:38+00:00\",\"dateModified\":\"2025-07-29T15:28:35+00:00\",\"description\":\"Official Mont-Tremblant vous offre des informations sur les activit\u00e9s pour enfants \u00e0 Tremblant dont le camping \u00e0 Tremblant.\",\"breadcrumb\":{\"@id\":\"https:\/\/officialmonttremblant.com\/fr\/activites\/activites-pour-enfants\/camping\/#breadcrumb\"},\"inLanguage\":\"fr-FR\",\"potentialAction\":[{\"@type\":\"ReadAction\",\"target\":[\"https:\/\/officialmonttremblant.com\/fr\/activites\/activites-pour-enfants\/camping\/\"]}]},{\"@type\":\"ImageObject\",\"inLanguage\":\"fr-FR\",\"@id\":\"https:\/\/officialmonttremblant.com\/fr\/activites\/activites-pour-enfants\/camping\/#primaryimage\",\"url\":\"https:\/\/officialmonttremblant.com\/wp-content\/uploads\/2022\/09\/camping-gc6ee32db4_1920-e1663345040947.jpg\",\"contentUrl\":\"https:\/\/officialmonttremblant.com\/wp-content\/uploads\/2022\/09\/camping-gc6ee32db4_1920-e1663345040947.jpg\",\"width\":1356,\"height\":1063,\"caption\":\"Kids activities - Camping\"},{\"@type\":\"BreadcrumbList\",\"@id\":\"https:\/\/officialmonttremblant.com\/fr\/activites\/activites-pour-enfants\/camping\/#breadcrumb\",\"itemListElement\":[{\"@type\":\"ListItem\",\"position\":1,\"name\":\"Home\",\"item\":\"https:\/\/officialmonttremblant.com\/fr\/\"},{\"@type\":\"ListItem\",\"position\":2,\"name\":\"Activit\u00e9s\",\"item\":\"https:\/\/officialmonttremblant.com\/fr\/activites\/\"},{\"@type\":\"ListItem\",\"position\":3,\"name\":\"Activit\u00e9s pour enfants\",\"item\":\"https:\/\/officialmonttremblant.com\/fr\/activites\/activites-pour-enfants\/\"},{\"@type\":\"ListItem\",\"position\":4,\"name\":\"Camping\"}]},{\"@type\":\"WebSite\",\"@id\":\"https:\/\/officialmonttremblant.com\/fr\/#website\",\"url\":\"https:\/\/officialmonttremblant.com\/fr\/\",\"name\":\"Official Mont Tremblant\",\"description\":\"Vacation &amp; tourist guide in Mont Tremblant\",\"potentialAction\":[{\"@type\":\"SearchAction\",\"target\":{\"@type\":\"EntryPoint\",\"urlTemplate\":\"https:\/\/officialmonttremblant.com\/fr\/?s={search_term_string}\"},\"query-input\":{\"@type\":\"PropertyValueSpecification\",\"valueRequired\":true,\"valueName\":\"search_term_string\"}}],\"inLanguage\":\"fr-FR\"}]}<\/script>\n<!-- \/ Yoast SEO Premium plugin. -->","yoast_head_json":{"title":"Camping \u00e0 Tremblant, activit\u00e9s pour enfants \u00e0 Tremblant","description":"Official Mont-Tremblant vous offre des informations sur les activit\u00e9s pour enfants \u00e0 Tremblant dont le camping \u00e0 Tremblant.","robots":{"index":"index","follow":"follow","max-snippet":"max-snippet:-1","max-image-preview":"max-image-preview:large","max-video-preview":"max-video-preview:-1"},"canonical":"https:\/\/officialmonttremblant.com\/fr\/activites\/activites-pour-enfants\/camping\/","og_locale":"fr_FR","og_type":"article","og_title":"Camping","og_description":"Official Mont-Tremblant vous offre des informations sur les activit\u00e9s pour enfants \u00e0 Tremblant dont le camping \u00e0 Tremblant.","og_url":"https:\/\/officialmonttremblant.com\/fr\/activites\/activites-pour-enfants\/camping\/","og_site_name":"Official Mont Tremblant","article_modified_time":"2025-07-29T15:28:35+00:00","og_image":[{"width":1356,"height":1063,"url":"https:\/\/officialmonttremblant.com\/wp-content\/uploads\/2022\/09\/camping-gc6ee32db4_1920-e1663345040947.jpg","type":"image\/jpeg"}],"twitter_card":"summary_large_image","twitter_misc":{"Dur\u00e9e de lecture estim\u00e9e":"3 minutes"},"schema":{"@context":"https:\/\/schema.org","@graph":[{"@type":"WebPage","@id":"https:\/\/officialmonttremblant.com\/fr\/activites\/activites-pour-enfants\/camping\/","url":"https:\/\/officialmonttremblant.com\/fr\/activites\/activites-pour-enfants\/camping\/","name":"Camping \u00e0 Tremblant, activit\u00e9s pour enfants \u00e0 Tremblant","isPartOf":{"@id":"https:\/\/officialmonttremblant.com\/fr\/#website"},"primaryImageOfPage":{"@id":"https:\/\/officialmonttremblant.com\/fr\/activites\/activites-pour-enfants\/camping\/#primaryimage"},"image":{"@id":"https:\/\/officialmonttremblant.com\/fr\/activites\/activites-pour-enfants\/camping\/#primaryimage"},"thumbnailUrl":"https:\/\/officialmonttremblant.com\/wp-content\/uploads\/2022\/09\/camping-gc6ee32db4_1920-e1663345040947.jpg","datePublished":"2022-09-15T20:13:38+00:00","dateModified":"2025-07-29T15:28:35+00:00","description":"Official Mont-Tremblant vous offre des informations sur les activit\u00e9s pour enfants \u00e0 Tremblant dont le camping \u00e0 Tremblant.","breadcrumb":{"@id":"https:\/\/officialmonttremblant.com\/fr\/activites\/activites-pour-enfants\/camping\/#breadcrumb"},"inLanguage":"fr-FR","potentialAction":[{"@type":"ReadAction","target":["https:\/\/officialmonttremblant.com\/fr\/activites\/activites-pour-enfants\/camping\/"]}]},{"@type":"ImageObject","inLanguage":"fr-FR","@id":"https:\/\/officialmonttremblant.com\/fr\/activites\/activites-pour-enfants\/camping\/#primaryimage","url":"https:\/\/officialmonttremblant.com\/wp-content\/uploads\/2022\/09\/camping-gc6ee32db4_1920-e1663345040947.jpg","contentUrl":"https:\/\/officialmonttremblant.com\/wp-content\/uploads\/2022\/09\/camping-gc6ee32db4_1920-e1663345040947.jpg","width":1356,"height":1063,"caption":"Kids activities - Camping"},{"@type":"BreadcrumbList","@id":"https:\/\/officialmonttremblant.com\/fr\/activites\/activites-pour-enfants\/camping\/#breadcrumb","itemListElement":[{"@type":"ListItem","position":1,"name":"Home","item":"https:\/\/officialmonttremblant.com\/fr\/"},{"@type":"ListItem","position":2,"name":"Activit\u00e9s","item":"https:\/\/officialmonttremblant.com\/fr\/activites\/"},{"@type":"ListItem","position":3,"name":"Activit\u00e9s pour enfants","item":"https:\/\/officialmonttremblant.com\/fr\/activites\/activites-pour-enfants\/"},{"@type":"ListItem","position":4,"name":"Camping"}]},{"@type":"WebSite","@id":"https:\/\/officialmonttremblant.com\/fr\/#website","url":"https:\/\/officialmonttremblant.com\/fr\/","name":"Official Mont Tremblant","description":"Vacation &amp; tourist guide in Mont Tremblant","potentialAction":[{"@type":"SearchAction","target":{"@type":"EntryPoint","urlTemplate":"https:\/\/officialmonttremblant.com\/fr\/?s={search_term_string}"},"query-input":{"@type":"PropertyValueSpecification","valueRequired":true,"valueName":"search_term_string"}}],"inLanguage":"fr-FR"}]}},"jetpack_sharing_enabled":true,"_links":{"self":[{"href":"https:\/\/officialmonttremblant.com\/fr\/wp-json\/wp\/v2\/pages\/24641","targetHints":{"allow":["GET"]}}],"collection":[{"href":"https:\/\/officialmonttremblant.com\/fr\/wp-json\/wp\/v2\/pages"}],"about":[{"href":"https:\/\/officialmonttremblant.com\/fr\/wp-json\/wp\/v2\/types\/page"}],"author":[{"embeddable":true,"href":"https:\/\/officialmonttremblant.com\/fr\/wp-json\/wp\/v2\/users\/5"}],"replies":[{"embeddable":true,"href":"https:\/\/officialmonttremblant.com\/fr\/wp-json\/wp\/v2\/comments?post=24641"}],"version-history":[{"count":3,"href":"https:\/\/officialmonttremblant.com\/fr\/wp-json\/wp\/v2\/pages\/24641\/revisions"}],"predecessor-version":[{"id":26582,"href":"https:\/\/officialmonttremblant.com\/fr\/wp-json\/wp\/v2\/pages\/24641\/revisions\/26582"}],"up":[{"embeddable":true,"href":"https:\/\/officialmonttremblant.com\/fr\/wp-json\/wp\/v2\/pages\/21145"}],"wp:featuredmedia":[{"embeddable":true,"href":"https:\/\/officialmonttremblant.com\/fr\/wp-json\/wp\/v2\/media\/22901"}],"wp:attachment":[{"href":"https:\/\/officialmonttremblant.com\/fr\/wp-json\/wp\/v2\/media?parent=24641"}],"curies":[{"name":"wp","href":"https:\/\/api.w.org\/{rel}","templated":true}]}}