{"id":24643,"date":"2022-09-16T12:13:19","date_gmt":"2022-09-16T16:13:19","guid":{"rendered":"https:\/\/officialmonttremblant.com\/activities\/kids-activities\/lake-activities\/"},"modified":"2025-07-29T11:28:45","modified_gmt":"2025-07-29T15:28:45","slug":"activites-au-lac","status":"publish","type":"page","link":"https:\/\/officialmonttremblant.com\/fr\/activites\/activites-pour-enfants\/activites-au-lac\/","title":{"rendered":"Activit\u00e9s au lac"},"content":{"rendered":"<p>[vc_row][vc_column]<div id=\"ultimate-heading-317269e049ffcf7c2\" class=\"uvc-heading ult-adjust-bottom-margin ultimate-heading-317269e049ffcf7c2 uvc-6332  uvc-heading-default-font-sizes\" data-hspacer=\"no_spacer\"  data-halign=\"left\" style=\"text-align:left\"><div class=\"uvc-heading-spacer no_spacer\" style=\"top\"><\/div><div class=\"uvc-main-heading ult-responsive\"  data-ultimate-target='.uvc-heading.ultimate-heading-317269e049ffcf7c2 h2'  data-responsive-json-new='{\"font-size\":\"\",\"line-height\":\"\"}' ><h2 style=\"--font-weight:theme;\">Activit\u00e9s au lac \u00e0 Tremblant<\/h2><\/div><\/div>[\/vc_column][\/vc_row][vc_row][vc_column][vc_empty_space height=\u00a0\u00bb60px\u00a0\u00bb][\/vc_column][\/vc_row][vc_row][vc_column][vc_column_text]<\/p>\n<div class=\"wpb_text_column wpb_content_element \">\n<div class=\"wpb_wrapper\">\n<p style=\"text-align: left;\">Official Mont-Tremblant vous offre des informations sur les activit\u00e9s pour enfants \u00e0 Tremblant dont les activit\u00e9s au lac \u00e0 Tremblant.<\/p>\n<p style=\"text-align: left;\">Faites une croisi\u00e8re panoramique sur les rives du lac Tremblant \u00e0 bord du Grand Manitou II de 52 pieds pour un souvenir inoubliable. \u00c0 deux minutes des pistes de la station de ski de Mont-Tremblant, ces croisi\u00e8res couvrent plus de la moiti\u00e9 du lac Tremblant et l&rsquo;histoire de la r\u00e9gion et du lac vous sera cont\u00e9e. Les croisi\u00e8res \u00e0 Mont-Tremblant sont \u00e0 moins de 2 heures de route de Montr\u00e9al et d&rsquo;Ottawa.<\/p>\n<p style=\"text-align: left;\">Plusieurs forfaits sont offerts par Les Croisi\u00e8res Mont-Tremblant lors des d\u00e9parts publics : Croisi\u00e8re de 60 minutes, d\u00e9jeuner-croisi\u00e8re les fins de semaine. Il est \u00e9galement possible de r\u00e9server ce bateau de croisi\u00e8re pour un d\u00e9part priv\u00e9.<\/p>\n<p style=\"text-align: left;\">C&rsquo;est dans un cadre magique que Les Croisi\u00e8res Mont-Tremblant vous invite \u00e0 d\u00e9couvrir les paysages \u00e9poustouflants des Laurentides. Avec plusieurs d\u00e9parts par jour, le capitaine du navire et son \u00e9quipage vous racontent des histoires et des l\u00e9gendes de la r\u00e9gion. En famille ou entre amis, le Grand Manitou II vous invite \u00e0 d\u00e9couvrir un panorama exceptionnel lors de ses croisi\u00e8res publiques, d&rsquo;\u00e9v\u00e9nements sp\u00e9ciaux, d&rsquo;un d\u00eener-croisi\u00e8re au coucher du soleil, ou d&rsquo;un brunch le dimanche matin.\u00a0 Ne manquez pas l&#8217;embarquement !<\/p>\n<\/div>\n<\/div>\n<p>&nbsp;<\/p>\n<p style=\"text-align: left;\"><strong>Croisi\u00e8res Mont-Tremblant<\/strong><br \/>\n2810 Chemin du Village<br \/>\n1 819-425-1045<br \/>\n<a href=\"mailto:info@croisierestremblant.com\">info@croisierestremblant.com<\/a><\/p>\n<div class=\"vc_row wpb_row section vc_row-fluid vc_inner vc_custom_1566079967324\">\n<div class=\" full_section_inner clearfix\">\n<div class=\"wpb_column vc_column_container vc_col-sm-6\">\n<div class=\"vc_column-inner\">\n<div class=\"wpb_wrapper\">\n<p style=\"text-align: left;\">\n<\/div>\n<\/div>\n<\/div>\n<\/div>\n<\/div>\n<p>[\/vc_column_text][\/vc_column][\/vc_row][vc_row][vc_column][vc_empty_space height=\u00a0\u00bb60px\u00a0\u00bb][\/vc_column][\/vc_row][vc_row][vc_column][vc_single_image image=\u00a0\u00bb23020&Prime; img_size=\u00a0\u00bb600&#215;400&Prime; alignment=\u00a0\u00bbcenter\u00a0\u00bb][\/vc_column][\/vc_row]<\/p>\n","protected":false},"excerpt":{"rendered":"<p>[vc_row][vc_column][\/vc_column][\/vc_row][vc_row][vc_column][vc_empty_space height=\u00a0\u00bb60px\u00a0\u00bb][\/vc_column][\/vc_row][vc_row][vc_column][vc_column_text] Official Mont-Tremblant vous offre des informations sur les activit\u00e9s pour enfants \u00e0 Tremblant dont les activit\u00e9s au lac \u00e0 Tremblant. Faites une croisi\u00e8re panoramique sur les rives du lac Tremblant \u00e0 bord du Grand Manitou II de 52 pieds pour un souvenir inoubliable. \u00c0 deux minutes des pistes de la station de ski&hellip;<\/p>\n","protected":false},"author":5,"featured_media":23021,"parent":21145,"menu_order":0,"comment_status":"closed","ping_status":"closed","template":"","meta":{"footnotes":""},"class_list":["post-24643","page","type-page","status-publish","has-post-thumbnail","hentry","description-off"],"yoast_head":"<!-- This site is optimized with the Yoast SEO Premium plugin v26.5 (Yoast SEO v26.5) - https:\/\/yoast.com\/wordpress\/plugins\/seo\/ -->\n<title>Activit\u00e9s au lac \u00e0 Tremblant, activit\u00e9s pour enfants \u00e0 Tremblant<\/title>\n<meta name=\"description\" content=\"Official Mont-Tremblant vous offre des informations sur les activit\u00e9s pour enfants \u00e0 Tremblant dont les activit\u00e9s au lac \u00e0 Tremblant.\" \/>\n<meta name=\"robots\" content=\"index, follow, max-snippet:-1, max-image-preview:large, max-video-preview:-1\" \/>\n<link rel=\"canonical\" href=\"https:\/\/officialmonttremblant.com\/fr\/activites\/activites-pour-enfants\/activites-au-lac\/\" \/>\n<meta property=\"og:locale\" content=\"fr_FR\" \/>\n<meta property=\"og:type\" content=\"article\" \/>\n<meta property=\"og:title\" content=\"Activit\u00e9s au lac\" \/>\n<meta property=\"og:description\" content=\"Official Mont-Tremblant vous offre des informations sur les activit\u00e9s pour enfants \u00e0 Tremblant dont les activit\u00e9s au lac \u00e0 Tremblant.\" \/>\n<meta property=\"og:url\" content=\"https:\/\/officialmonttremblant.com\/fr\/activites\/activites-pour-enfants\/activites-au-lac\/\" \/>\n<meta property=\"og:site_name\" content=\"Official Mont Tremblant\" \/>\n<meta property=\"article:modified_time\" content=\"2025-07-29T15:28:45+00:00\" \/>\n<meta property=\"og:image\" content=\"https:\/\/officialmonttremblant.com\/wp-content\/uploads\/2022\/09\/lake-cruise.jpeg\" \/>\n\t<meta property=\"og:image:width\" content=\"1170\" \/>\n\t<meta property=\"og:image:height\" content=\"570\" \/>\n\t<meta property=\"og:image:type\" content=\"image\/jpeg\" \/>\n<meta name=\"twitter:card\" content=\"summary_large_image\" \/>\n<meta name=\"twitter:label1\" content=\"Dur\u00e9e de lecture estim\u00e9e\" \/>\n\t<meta name=\"twitter:data1\" content=\"2 minutes\" \/>\n<script type=\"application\/ld+json\" class=\"yoast-schema-graph\">{\"@context\":\"https:\/\/schema.org\",\"@graph\":[{\"@type\":\"WebPage\",\"@id\":\"https:\/\/officialmonttremblant.com\/fr\/activites\/activites-pour-enfants\/activites-au-lac\/\",\"url\":\"https:\/\/officialmonttremblant.com\/fr\/activites\/activites-pour-enfants\/activites-au-lac\/\",\"name\":\"Activit\u00e9s au lac \u00e0 Tremblant, activit\u00e9s pour enfants \u00e0 Tremblant\",\"isPartOf\":{\"@id\":\"https:\/\/officialmonttremblant.com\/fr\/#website\"},\"primaryImageOfPage\":{\"@id\":\"https:\/\/officialmonttremblant.com\/fr\/activites\/activites-pour-enfants\/activites-au-lac\/#primaryimage\"},\"image\":{\"@id\":\"https:\/\/officialmonttremblant.com\/fr\/activites\/activites-pour-enfants\/activites-au-lac\/#primaryimage\"},\"thumbnailUrl\":\"https:\/\/officialmonttremblant.com\/wp-content\/uploads\/2022\/09\/lake-cruise.jpeg\",\"datePublished\":\"2022-09-16T16:13:19+00:00\",\"dateModified\":\"2025-07-29T15:28:45+00:00\",\"description\":\"Official Mont-Tremblant vous offre des informations sur les activit\u00e9s pour enfants \u00e0 Tremblant dont les activit\u00e9s au lac \u00e0 Tremblant.\",\"breadcrumb\":{\"@id\":\"https:\/\/officialmonttremblant.com\/fr\/activites\/activites-pour-enfants\/activites-au-lac\/#breadcrumb\"},\"inLanguage\":\"fr-FR\",\"potentialAction\":[{\"@type\":\"ReadAction\",\"target\":[\"https:\/\/officialmonttremblant.com\/fr\/activites\/activites-pour-enfants\/activites-au-lac\/\"]}]},{\"@type\":\"ImageObject\",\"inLanguage\":\"fr-FR\",\"@id\":\"https:\/\/officialmonttremblant.com\/fr\/activites\/activites-pour-enfants\/activites-au-lac\/#primaryimage\",\"url\":\"https:\/\/officialmonttremblant.com\/wp-content\/uploads\/2022\/09\/lake-cruise.jpeg\",\"contentUrl\":\"https:\/\/officialmonttremblant.com\/wp-content\/uploads\/2022\/09\/lake-cruise.jpeg\",\"width\":1170,\"height\":570,\"caption\":\"Lake cruise Tremblant\"},{\"@type\":\"BreadcrumbList\",\"@id\":\"https:\/\/officialmonttremblant.com\/fr\/activites\/activites-pour-enfants\/activites-au-lac\/#breadcrumb\",\"itemListElement\":[{\"@type\":\"ListItem\",\"position\":1,\"name\":\"Home\",\"item\":\"https:\/\/officialmonttremblant.com\/fr\/\"},{\"@type\":\"ListItem\",\"position\":2,\"name\":\"Activit\u00e9s\",\"item\":\"https:\/\/officialmonttremblant.com\/fr\/activites\/\"},{\"@type\":\"ListItem\",\"position\":3,\"name\":\"Activit\u00e9s pour enfants\",\"item\":\"https:\/\/officialmonttremblant.com\/fr\/activites\/activites-pour-enfants\/\"},{\"@type\":\"ListItem\",\"position\":4,\"name\":\"Activit\u00e9s au lac\"}]},{\"@type\":\"WebSite\",\"@id\":\"https:\/\/officialmonttremblant.com\/fr\/#website\",\"url\":\"https:\/\/officialmonttremblant.com\/fr\/\",\"name\":\"Official Mont Tremblant\",\"description\":\"Vacation &amp; tourist guide in Mont Tremblant\",\"potentialAction\":[{\"@type\":\"SearchAction\",\"target\":{\"@type\":\"EntryPoint\",\"urlTemplate\":\"https:\/\/officialmonttremblant.com\/fr\/?s={search_term_string}\"},\"query-input\":{\"@type\":\"PropertyValueSpecification\",\"valueRequired\":true,\"valueName\":\"search_term_string\"}}],\"inLanguage\":\"fr-FR\"}]}<\/script>\n<!-- \/ Yoast SEO Premium plugin. -->","yoast_head_json":{"title":"Activit\u00e9s au lac \u00e0 Tremblant, activit\u00e9s pour enfants \u00e0 Tremblant","description":"Official Mont-Tremblant vous offre des informations sur les activit\u00e9s pour enfants \u00e0 Tremblant dont les activit\u00e9s au lac \u00e0 Tremblant.","robots":{"index":"index","follow":"follow","max-snippet":"max-snippet:-1","max-image-preview":"max-image-preview:large","max-video-preview":"max-video-preview:-1"},"canonical":"https:\/\/officialmonttremblant.com\/fr\/activites\/activites-pour-enfants\/activites-au-lac\/","og_locale":"fr_FR","og_type":"article","og_title":"Activit\u00e9s au lac","og_description":"Official Mont-Tremblant vous offre des informations sur les activit\u00e9s pour enfants \u00e0 Tremblant dont les activit\u00e9s au lac \u00e0 Tremblant.","og_url":"https:\/\/officialmonttremblant.com\/fr\/activites\/activites-pour-enfants\/activites-au-lac\/","og_site_name":"Official Mont Tremblant","article_modified_time":"2025-07-29T15:28:45+00:00","og_image":[{"width":1170,"height":570,"url":"https:\/\/officialmonttremblant.com\/wp-content\/uploads\/2022\/09\/lake-cruise.jpeg","type":"image\/jpeg"}],"twitter_card":"summary_large_image","twitter_misc":{"Dur\u00e9e de lecture estim\u00e9e":"2 minutes"},"schema":{"@context":"https:\/\/schema.org","@graph":[{"@type":"WebPage","@id":"https:\/\/officialmonttremblant.com\/fr\/activites\/activites-pour-enfants\/activites-au-lac\/","url":"https:\/\/officialmonttremblant.com\/fr\/activites\/activites-pour-enfants\/activites-au-lac\/","name":"Activit\u00e9s au lac \u00e0 Tremblant, activit\u00e9s pour enfants \u00e0 Tremblant","isPartOf":{"@id":"https:\/\/officialmonttremblant.com\/fr\/#website"},"primaryImageOfPage":{"@id":"https:\/\/officialmonttremblant.com\/fr\/activites\/activites-pour-enfants\/activites-au-lac\/#primaryimage"},"image":{"@id":"https:\/\/officialmonttremblant.com\/fr\/activites\/activites-pour-enfants\/activites-au-lac\/#primaryimage"},"thumbnailUrl":"https:\/\/officialmonttremblant.com\/wp-content\/uploads\/2022\/09\/lake-cruise.jpeg","datePublished":"2022-09-16T16:13:19+00:00","dateModified":"2025-07-29T15:28:45+00:00","description":"Official Mont-Tremblant vous offre des informations sur les activit\u00e9s pour enfants \u00e0 Tremblant dont les activit\u00e9s au lac \u00e0 Tremblant.","breadcrumb":{"@id":"https:\/\/officialmonttremblant.com\/fr\/activites\/activites-pour-enfants\/activites-au-lac\/#breadcrumb"},"inLanguage":"fr-FR","potentialAction":[{"@type":"ReadAction","target":["https:\/\/officialmonttremblant.com\/fr\/activites\/activites-pour-enfants\/activites-au-lac\/"]}]},{"@type":"ImageObject","inLanguage":"fr-FR","@id":"https:\/\/officialmonttremblant.com\/fr\/activites\/activites-pour-enfants\/activites-au-lac\/#primaryimage","url":"https:\/\/officialmonttremblant.com\/wp-content\/uploads\/2022\/09\/lake-cruise.jpeg","contentUrl":"https:\/\/officialmonttremblant.com\/wp-content\/uploads\/2022\/09\/lake-cruise.jpeg","width":1170,"height":570,"caption":"Lake cruise Tremblant"},{"@type":"BreadcrumbList","@id":"https:\/\/officialmonttremblant.com\/fr\/activites\/activites-pour-enfants\/activites-au-lac\/#breadcrumb","itemListElement":[{"@type":"ListItem","position":1,"name":"Home","item":"https:\/\/officialmonttremblant.com\/fr\/"},{"@type":"ListItem","position":2,"name":"Activit\u00e9s","item":"https:\/\/officialmonttremblant.com\/fr\/activites\/"},{"@type":"ListItem","position":3,"name":"Activit\u00e9s pour enfants","item":"https:\/\/officialmonttremblant.com\/fr\/activites\/activites-pour-enfants\/"},{"@type":"ListItem","position":4,"name":"Activit\u00e9s au lac"}]},{"@type":"WebSite","@id":"https:\/\/officialmonttremblant.com\/fr\/#website","url":"https:\/\/officialmonttremblant.com\/fr\/","name":"Official Mont Tremblant","description":"Vacation &amp; tourist guide in Mont Tremblant","potentialAction":[{"@type":"SearchAction","target":{"@type":"EntryPoint","urlTemplate":"https:\/\/officialmonttremblant.com\/fr\/?s={search_term_string}"},"query-input":{"@type":"PropertyValueSpecification","valueRequired":true,"valueName":"search_term_string"}}],"inLanguage":"fr-FR"}]}},"jetpack_sharing_enabled":true,"_links":{"self":[{"href":"https:\/\/officialmonttremblant.com\/fr\/wp-json\/wp\/v2\/pages\/24643","targetHints":{"allow":["GET"]}}],"collection":[{"href":"https:\/\/officialmonttremblant.com\/fr\/wp-json\/wp\/v2\/pages"}],"about":[{"href":"https:\/\/officialmonttremblant.com\/fr\/wp-json\/wp\/v2\/types\/page"}],"author":[{"embeddable":true,"href":"https:\/\/officialmonttremblant.com\/fr\/wp-json\/wp\/v2\/users\/5"}],"replies":[{"embeddable":true,"href":"https:\/\/officialmonttremblant.com\/fr\/wp-json\/wp\/v2\/comments?post=24643"}],"version-history":[{"count":4,"href":"https:\/\/officialmonttremblant.com\/fr\/wp-json\/wp\/v2\/pages\/24643\/revisions"}],"predecessor-version":[{"id":26608,"href":"https:\/\/officialmonttremblant.com\/fr\/wp-json\/wp\/v2\/pages\/24643\/revisions\/26608"}],"up":[{"embeddable":true,"href":"https:\/\/officialmonttremblant.com\/fr\/wp-json\/wp\/v2\/pages\/21145"}],"wp:featuredmedia":[{"embeddable":true,"href":"https:\/\/officialmonttremblant.com\/fr\/wp-json\/wp\/v2\/media\/23021"}],"wp:attachment":[{"href":"https:\/\/officialmonttremblant.com\/fr\/wp-json\/wp\/v2\/media?parent=24643"}],"curies":[{"name":"wp","href":"https:\/\/api.w.org\/{rel}","templated":true}]}}