{"id":24644,"date":"2022-07-26T10:49:12","date_gmt":"2022-07-26T14:49:12","guid":{"rendered":"https:\/\/officialmonttremblant.com\/activities\/kids-activities\/mini-golf\/"},"modified":"2025-07-29T11:28:49","modified_gmt":"2025-07-29T15:28:49","slug":"mini-golf","status":"publish","type":"page","link":"https:\/\/officialmonttremblant.com\/fr\/activites\/activites-pour-enfants\/mini-golf\/","title":{"rendered":"Mini golf"},"content":{"rendered":"<p>[vc_row][vc_column]<div id=\"ultimate-heading-16069ddf2c95fc0c\" class=\"uvc-heading ult-adjust-bottom-margin ultimate-heading-16069ddf2c95fc0c uvc-2702  uvc-heading-default-font-sizes\" data-hspacer=\"no_spacer\"  data-halign=\"left\" style=\"text-align:left\"><div class=\"uvc-heading-spacer no_spacer\" style=\"top\"><\/div><div class=\"uvc-main-heading ult-responsive\"  data-ultimate-target='.uvc-heading.ultimate-heading-16069ddf2c95fc0c h2'  data-responsive-json-new='{\"font-size\":\"\",\"line-height\":\"\"}' ><h2 style=\"--font-weight:theme;\">Le Petit G\u00e9ant Mini Golf \u00e0 Tremblant<\/h2><\/div><\/div>[\/vc_column][\/vc_row][vc_row][vc_column][vc_empty_space][\/vc_column][\/vc_row][vc_row][vc_column][vc_column_text]<\/p>\n<p style=\"text-align: left;\">Official Mont-Tremblant vous apporte plus d&rsquo;informations sur les activit\u00e9s pour enfants \u00e0 Tremblant dont le mini golf \u00e0 Tremblant.<\/p>\n<p style=\"text-align: left;\">Le mini-golf Le Petit G\u00e9ant est l&rsquo;une des activit\u00e9s les plus populaires aupr\u00e8s des enfants \u00e0 Tremblant. Aussi appel\u00e9 le Petit G\u00e9ant, ce parcours de mini-golf est amusant pour les enfants et les adultes. Le mini-golf Le Petit G\u00e9ant est une petite r\u00e9plique du terrain de golf La G\u00e9ant, l&rsquo;un des cinq terrains de golf de renomm\u00e9e mondiale situ\u00e9s au Mont Tremblant.<\/p>\n<p style=\"text-align: left;\">Cette activit\u00e9 populaire pour les enfants \u00e0 Tremblant comprend 18 trous avec des trappes de sable et des mini fairways qui tournent et retournent. Jouez une partie de mini-golf avec vos amis et votre famille au Petit Geant \u00e0 Tremblant.<\/p>\n<p>&nbsp;<\/p>\n<div class=\"wpb_column vc_column_container vc_col-sm-6\">\n<div class=\"vc_column-inner\">\n<div class=\"wpb_wrapper\">\n<div class=\"wpb_text_column wpb_content_element \">\n<div class=\"wpb_wrapper\">\n<p><strong>Le Petit G\u00e9ant Mini-golf<\/strong><br \/>\n<i>Adresse:<\/i> 140, ch. au Pied de la Montagne,\u00a0Mont Tremblant, QC<\/p>\n<p><em>Horaires d&rsquo;ouverture:<\/em> Tous les jours de 11h \u00e0 18h<\/p>\n<p><em>T\u00e9l\u00e9phone:<\/em> 1 819-681-3000 ext. 46232<\/p>\n<\/div>\n<\/div>\n<\/div>\n<\/div>\n<\/div>\n<p>[\/vc_column_text][\/vc_column][\/vc_row][vc_row][vc_column][vc_empty_space][\/vc_column][\/vc_row][vc_row][vc_column][vc_single_image image=\u00a0\u00bb22928&Prime; img_size=\u00a0\u00bb600&#215;400&Prime; alignment=\u00a0\u00bbcenter\u00a0\u00bb][\/vc_column][\/vc_row]<\/p>\n","protected":false},"excerpt":{"rendered":"<p>[vc_row][vc_column][\/vc_column][\/vc_row][vc_row][vc_column][vc_empty_space][\/vc_column][\/vc_row][vc_row][vc_column][vc_column_text] Official Mont-Tremblant vous apporte plus d&rsquo;informations sur les activit\u00e9s pour enfants \u00e0 Tremblant dont le mini golf \u00e0 Tremblant. Le mini-golf Le Petit G\u00e9ant est l&rsquo;une des activit\u00e9s les plus populaires aupr\u00e8s des enfants \u00e0 Tremblant. Aussi appel\u00e9 le Petit G\u00e9ant, ce parcours de mini-golf est amusant pour les enfants et les adultes. Le&hellip;<\/p>\n","protected":false},"author":1,"featured_media":22929,"parent":21145,"menu_order":0,"comment_status":"closed","ping_status":"closed","template":"","meta":{"footnotes":""},"class_list":["post-24644","page","type-page","status-publish","has-post-thumbnail","hentry","description-off"],"yoast_head":"<!-- This site is optimized with the Yoast SEO Premium plugin v26.5 (Yoast SEO v26.5) - https:\/\/yoast.com\/wordpress\/plugins\/seo\/ -->\n<title>Mini golf \u00e0 Tremblant, Activit\u00e9s pour enfants \u00e0 Tremblant<\/title>\n<meta name=\"description\" content=\"Official Mont-Tremblant vous apporte plus d&#039;informations sur les activit\u00e9s pour enfants \u00e0 Tremblant dont le mini golf \u00e0 Tremblant.\" \/>\n<meta name=\"robots\" content=\"index, follow, max-snippet:-1, max-image-preview:large, max-video-preview:-1\" \/>\n<link rel=\"canonical\" href=\"https:\/\/officialmonttremblant.com\/fr\/activites\/activites-pour-enfants\/mini-golf\/\" \/>\n<meta property=\"og:locale\" content=\"fr_FR\" \/>\n<meta property=\"og:type\" content=\"article\" \/>\n<meta property=\"og:title\" content=\"Mini golf\" \/>\n<meta property=\"og:description\" content=\"Official Mont-Tremblant vous apporte plus d&#039;informations sur les activit\u00e9s pour enfants \u00e0 Tremblant dont le mini golf \u00e0 Tremblant.\" \/>\n<meta property=\"og:url\" content=\"https:\/\/officialmonttremblant.com\/fr\/activites\/activites-pour-enfants\/mini-golf\/\" \/>\n<meta property=\"og:site_name\" content=\"Official Mont Tremblant\" \/>\n<meta property=\"article:modified_time\" content=\"2025-07-29T15:28:49+00:00\" \/>\n<meta property=\"og:image\" content=\"https:\/\/officialmonttremblant.com\/wp-content\/uploads\/2022\/09\/mini-golf.webp\" \/>\n\t<meta property=\"og:image:width\" content=\"1200\" \/>\n\t<meta property=\"og:image:height\" content=\"830\" \/>\n\t<meta property=\"og:image:type\" content=\"image\/webp\" \/>\n<meta name=\"twitter:card\" content=\"summary_large_image\" \/>\n<meta name=\"twitter:label1\" content=\"Dur\u00e9e de lecture estim\u00e9e\" \/>\n\t<meta name=\"twitter:data1\" content=\"2 minutes\" \/>\n<script type=\"application\/ld+json\" class=\"yoast-schema-graph\">{\"@context\":\"https:\/\/schema.org\",\"@graph\":[{\"@type\":\"WebPage\",\"@id\":\"https:\/\/officialmonttremblant.com\/fr\/activites\/activites-pour-enfants\/mini-golf\/\",\"url\":\"https:\/\/officialmonttremblant.com\/fr\/activites\/activites-pour-enfants\/mini-golf\/\",\"name\":\"Mini golf \u00e0 Tremblant, Activit\u00e9s pour enfants \u00e0 Tremblant\",\"isPartOf\":{\"@id\":\"https:\/\/officialmonttremblant.com\/fr\/#website\"},\"primaryImageOfPage\":{\"@id\":\"https:\/\/officialmonttremblant.com\/fr\/activites\/activites-pour-enfants\/mini-golf\/#primaryimage\"},\"image\":{\"@id\":\"https:\/\/officialmonttremblant.com\/fr\/activites\/activites-pour-enfants\/mini-golf\/#primaryimage\"},\"thumbnailUrl\":\"https:\/\/officialmonttremblant.com\/wp-content\/uploads\/2022\/09\/mini-golf.webp\",\"datePublished\":\"2022-07-26T14:49:12+00:00\",\"dateModified\":\"2025-07-29T15:28:49+00:00\",\"description\":\"Official Mont-Tremblant vous apporte plus d'informations sur les activit\u00e9s pour enfants \u00e0 Tremblant dont le mini golf \u00e0 Tremblant.\",\"breadcrumb\":{\"@id\":\"https:\/\/officialmonttremblant.com\/fr\/activites\/activites-pour-enfants\/mini-golf\/#breadcrumb\"},\"inLanguage\":\"fr-FR\",\"potentialAction\":[{\"@type\":\"ReadAction\",\"target\":[\"https:\/\/officialmonttremblant.com\/fr\/activites\/activites-pour-enfants\/mini-golf\/\"]}]},{\"@type\":\"ImageObject\",\"inLanguage\":\"fr-FR\",\"@id\":\"https:\/\/officialmonttremblant.com\/fr\/activites\/activites-pour-enfants\/mini-golf\/#primaryimage\",\"url\":\"https:\/\/officialmonttremblant.com\/wp-content\/uploads\/2022\/09\/mini-golf.webp\",\"contentUrl\":\"https:\/\/officialmonttremblant.com\/wp-content\/uploads\/2022\/09\/mini-golf.webp\",\"width\":1200,\"height\":830,\"caption\":\"Le Petit G\u00e9ant Mini Golf\"},{\"@type\":\"BreadcrumbList\",\"@id\":\"https:\/\/officialmonttremblant.com\/fr\/activites\/activites-pour-enfants\/mini-golf\/#breadcrumb\",\"itemListElement\":[{\"@type\":\"ListItem\",\"position\":1,\"name\":\"Home\",\"item\":\"https:\/\/officialmonttremblant.com\/fr\/\"},{\"@type\":\"ListItem\",\"position\":2,\"name\":\"Activit\u00e9s\",\"item\":\"https:\/\/officialmonttremblant.com\/fr\/activites\/\"},{\"@type\":\"ListItem\",\"position\":3,\"name\":\"Activit\u00e9s pour enfants\",\"item\":\"https:\/\/officialmonttremblant.com\/fr\/activites\/activites-pour-enfants\/\"},{\"@type\":\"ListItem\",\"position\":4,\"name\":\"Mini golf\"}]},{\"@type\":\"WebSite\",\"@id\":\"https:\/\/officialmonttremblant.com\/fr\/#website\",\"url\":\"https:\/\/officialmonttremblant.com\/fr\/\",\"name\":\"Official Mont Tremblant\",\"description\":\"Vacation &amp; tourist guide in Mont Tremblant\",\"potentialAction\":[{\"@type\":\"SearchAction\",\"target\":{\"@type\":\"EntryPoint\",\"urlTemplate\":\"https:\/\/officialmonttremblant.com\/fr\/?s={search_term_string}\"},\"query-input\":{\"@type\":\"PropertyValueSpecification\",\"valueRequired\":true,\"valueName\":\"search_term_string\"}}],\"inLanguage\":\"fr-FR\"}]}<\/script>\n<!-- \/ Yoast SEO Premium plugin. -->","yoast_head_json":{"title":"Mini golf \u00e0 Tremblant, Activit\u00e9s pour enfants \u00e0 Tremblant","description":"Official Mont-Tremblant vous apporte plus d'informations sur les activit\u00e9s pour enfants \u00e0 Tremblant dont le mini golf \u00e0 Tremblant.","robots":{"index":"index","follow":"follow","max-snippet":"max-snippet:-1","max-image-preview":"max-image-preview:large","max-video-preview":"max-video-preview:-1"},"canonical":"https:\/\/officialmonttremblant.com\/fr\/activites\/activites-pour-enfants\/mini-golf\/","og_locale":"fr_FR","og_type":"article","og_title":"Mini golf","og_description":"Official Mont-Tremblant vous apporte plus d'informations sur les activit\u00e9s pour enfants \u00e0 Tremblant dont le mini golf \u00e0 Tremblant.","og_url":"https:\/\/officialmonttremblant.com\/fr\/activites\/activites-pour-enfants\/mini-golf\/","og_site_name":"Official Mont Tremblant","article_modified_time":"2025-07-29T15:28:49+00:00","og_image":[{"width":1200,"height":830,"url":"https:\/\/officialmonttremblant.com\/wp-content\/uploads\/2022\/09\/mini-golf.webp","type":"image\/webp"}],"twitter_card":"summary_large_image","twitter_misc":{"Dur\u00e9e de lecture estim\u00e9e":"2 minutes"},"schema":{"@context":"https:\/\/schema.org","@graph":[{"@type":"WebPage","@id":"https:\/\/officialmonttremblant.com\/fr\/activites\/activites-pour-enfants\/mini-golf\/","url":"https:\/\/officialmonttremblant.com\/fr\/activites\/activites-pour-enfants\/mini-golf\/","name":"Mini golf \u00e0 Tremblant, Activit\u00e9s pour enfants \u00e0 Tremblant","isPartOf":{"@id":"https:\/\/officialmonttremblant.com\/fr\/#website"},"primaryImageOfPage":{"@id":"https:\/\/officialmonttremblant.com\/fr\/activites\/activites-pour-enfants\/mini-golf\/#primaryimage"},"image":{"@id":"https:\/\/officialmonttremblant.com\/fr\/activites\/activites-pour-enfants\/mini-golf\/#primaryimage"},"thumbnailUrl":"https:\/\/officialmonttremblant.com\/wp-content\/uploads\/2022\/09\/mini-golf.webp","datePublished":"2022-07-26T14:49:12+00:00","dateModified":"2025-07-29T15:28:49+00:00","description":"Official Mont-Tremblant vous apporte plus d'informations sur les activit\u00e9s pour enfants \u00e0 Tremblant dont le mini golf \u00e0 Tremblant.","breadcrumb":{"@id":"https:\/\/officialmonttremblant.com\/fr\/activites\/activites-pour-enfants\/mini-golf\/#breadcrumb"},"inLanguage":"fr-FR","potentialAction":[{"@type":"ReadAction","target":["https:\/\/officialmonttremblant.com\/fr\/activites\/activites-pour-enfants\/mini-golf\/"]}]},{"@type":"ImageObject","inLanguage":"fr-FR","@id":"https:\/\/officialmonttremblant.com\/fr\/activites\/activites-pour-enfants\/mini-golf\/#primaryimage","url":"https:\/\/officialmonttremblant.com\/wp-content\/uploads\/2022\/09\/mini-golf.webp","contentUrl":"https:\/\/officialmonttremblant.com\/wp-content\/uploads\/2022\/09\/mini-golf.webp","width":1200,"height":830,"caption":"Le Petit G\u00e9ant Mini Golf"},{"@type":"BreadcrumbList","@id":"https:\/\/officialmonttremblant.com\/fr\/activites\/activites-pour-enfants\/mini-golf\/#breadcrumb","itemListElement":[{"@type":"ListItem","position":1,"name":"Home","item":"https:\/\/officialmonttremblant.com\/fr\/"},{"@type":"ListItem","position":2,"name":"Activit\u00e9s","item":"https:\/\/officialmonttremblant.com\/fr\/activites\/"},{"@type":"ListItem","position":3,"name":"Activit\u00e9s pour enfants","item":"https:\/\/officialmonttremblant.com\/fr\/activites\/activites-pour-enfants\/"},{"@type":"ListItem","position":4,"name":"Mini golf"}]},{"@type":"WebSite","@id":"https:\/\/officialmonttremblant.com\/fr\/#website","url":"https:\/\/officialmonttremblant.com\/fr\/","name":"Official Mont Tremblant","description":"Vacation &amp; tourist guide in Mont Tremblant","potentialAction":[{"@type":"SearchAction","target":{"@type":"EntryPoint","urlTemplate":"https:\/\/officialmonttremblant.com\/fr\/?s={search_term_string}"},"query-input":{"@type":"PropertyValueSpecification","valueRequired":true,"valueName":"search_term_string"}}],"inLanguage":"fr-FR"}]}},"jetpack_sharing_enabled":true,"_links":{"self":[{"href":"https:\/\/officialmonttremblant.com\/fr\/wp-json\/wp\/v2\/pages\/24644","targetHints":{"allow":["GET"]}}],"collection":[{"href":"https:\/\/officialmonttremblant.com\/fr\/wp-json\/wp\/v2\/pages"}],"about":[{"href":"https:\/\/officialmonttremblant.com\/fr\/wp-json\/wp\/v2\/types\/page"}],"author":[{"embeddable":true,"href":"https:\/\/officialmonttremblant.com\/fr\/wp-json\/wp\/v2\/users\/1"}],"replies":[{"embeddable":true,"href":"https:\/\/officialmonttremblant.com\/fr\/wp-json\/wp\/v2\/comments?post=24644"}],"version-history":[{"count":3,"href":"https:\/\/officialmonttremblant.com\/fr\/wp-json\/wp\/v2\/pages\/24644\/revisions"}],"predecessor-version":[{"id":26487,"href":"https:\/\/officialmonttremblant.com\/fr\/wp-json\/wp\/v2\/pages\/24644\/revisions\/26487"}],"up":[{"embeddable":true,"href":"https:\/\/officialmonttremblant.com\/fr\/wp-json\/wp\/v2\/pages\/21145"}],"wp:featuredmedia":[{"embeddable":true,"href":"https:\/\/officialmonttremblant.com\/fr\/wp-json\/wp\/v2\/media\/22929"}],"wp:attachment":[{"href":"https:\/\/officialmonttremblant.com\/fr\/wp-json\/wp\/v2\/media?parent=24644"}],"curies":[{"name":"wp","href":"https:\/\/api.w.org\/{rel}","templated":true}]}}