{"id":24645,"date":"2022-07-26T10:49:24","date_gmt":"2022-07-26T14:49:24","guid":{"rendered":"https:\/\/officialmonttremblant.com\/activities\/kids-activities\/mushroom-picking\/"},"modified":"2025-07-29T11:28:52","modified_gmt":"2025-07-29T15:28:52","slug":"chasse-aux-champignons","status":"publish","type":"page","link":"https:\/\/officialmonttremblant.com\/fr\/activites\/activites-pour-enfants\/chasse-aux-champignons\/","title":{"rendered":"Chasse aux champignons"},"content":{"rendered":"<p>[vc_row][vc_column]<div id=\"ultimate-heading-943369da53feeb45c\" class=\"uvc-heading ult-adjust-bottom-margin ultimate-heading-943369da53feeb45c uvc-1656  uvc-heading-default-font-sizes\" data-hspacer=\"no_spacer\"  data-halign=\"left\" style=\"text-align:left\"><div class=\"uvc-heading-spacer no_spacer\" style=\"top\"><\/div><div class=\"uvc-main-heading ult-responsive\"  data-ultimate-target='.uvc-heading.ultimate-heading-943369da53feeb45c h2'  data-responsive-json-new='{\"font-size\":\"\",\"line-height\":\"\"}' ><h2 style=\"--font-weight:theme;\">Chasse aux champignons \u00e0 Tremblant<\/h2><\/div><\/div>[\/vc_column][\/vc_row][vc_row][vc_column][vc_empty_space][\/vc_column][\/vc_row][vc_row][vc_column][vc_column_text]<\/p>\n<p style=\"text-align: left;\">Official Mont-Tremblant vous apporte plus d&rsquo;informations sur les activit\u00e9s \u00e0 Tremblant dont la chasse aux champignons \u00e0 Tremblant.<\/p>\n<p style=\"text-align: left;\">La cueillette de champignons ou la chasse aux champignons \u00e0 Mont-Tremblant est un passe-temps amusant pour toute la famille. Le sol humide et bois\u00e9 des collines entourant la station offre un environnement parfait pour la croissance d&rsquo;une vari\u00e9t\u00e9 de champignons au printemps, en \u00e9t\u00e9 et en automne. Il est conseill\u00e9 aux cueilleurs inexp\u00e9riment\u00e9s de ne pas toucher ni manger les champignons qu&rsquo;ils trouvent. Ils doivent d&rsquo;abord v\u00e9rifier les tr\u00e9sors cueillis aupr\u00e8s d&rsquo;un habitant bien inform\u00e9 de la r\u00e9gion. Les chefs de certains des meilleurs restaurants de la ville peuvent souvent \u00eatre vus t\u00f4t le matin en train de chercher les ingr\u00e9dients des plats les plus exquis du menu.<\/p>\n<p style=\"text-align: left;\">La plupart des \u00e9tablissements d&rsquo;h\u00e9bergement de Tremblant se trouvent \u00e0 proximit\u00e9 du parc national de Tremblant, avec ses grandes for\u00eats, ses lacs, ses rivi\u00e8res et ses ruisseaux. Bien que l&rsquo;on puisse trouver des centaines de champignons comestibles dans l&rsquo;enceinte du parc, les visiteurs doivent faire attention aux directives de r\u00e9servation qui interdisent d&rsquo;enlever tout \u00e9l\u00e9ment naturel.<\/p>\n<p style=\"text-align: left;\">La chasse aux champignons la plus prometteuse \u00e0 Mont Tremblant doit se faire t\u00f4t le matin apr\u00e8s une nuit pluvieuse. Souvent, les plats pr\u00e9par\u00e9s avec les d\u00e9lices trouv\u00e9s deviennent l&rsquo;un des points forts de l&rsquo;exp\u00e9rience des \u00e9tablissements d&rsquo;h\u00e9bergement de Tremblant.<\/p>\n<p style=\"text-align: left;\">Voici quelques-uns des champignons locaux les plus savoureux que l&rsquo;on peut trouver :<\/p>\n<p>[\/vc_column_text][\/vc_column][\/vc_row][vc_row][vc_column][vc_empty_space height=\u00a0\u00bb50px\u00a0\u00bb][\/vc_column][\/vc_row][vc_row][vc_column width=\u00a0\u00bb1\/4&Prime;][vc_single_image image=\u00a0\u00bb22938&Prime; img_size=\u00a0\u00bb300&#215;200&Prime; alignment=\u00a0\u00bbcenter\u00a0\u00bb][vc_column_text]<\/p>\n<p style=\"text-align: center;\">Polypore soufr\u00e9<\/p>\n<p>[\/vc_column_text][\/vc_column][vc_column width=\u00a0\u00bb1\/4&Prime;][vc_single_image image=\u00a0\u00bb22940&Prime; img_size=\u00a0\u00bb300&#215;200&Prime; add_caption=\u00a0\u00bbyes\u00a0\u00bb alignment=\u00a0\u00bbcenter\u00a0\u00bb][vc_column_text]<\/p>\n<p style=\"text-align: center;\">C\u00e8pe de Bordeaux<\/p>\n<p>[\/vc_column_text][\/vc_column][vc_column width=\u00a0\u00bb1\/4&Prime;][vc_single_image image=\u00a0\u00bb22962&Prime; img_size=\u00a0\u00bb300&#215;200&Prime; alignment=\u00a0\u00bbcenter\u00a0\u00bb][vc_column_text]<\/p>\n<p style=\"text-align: center;\">Girolle<\/p>\n<p>[\/vc_column_text][\/vc_column][vc_column width=\u00a0\u00bb1\/4&Prime;][vc_single_image image=\u00a0\u00bb22942&Prime; img_size=\u00a0\u00bb300&#215;200&Prime; alignment=\u00a0\u00bbcenter\u00a0\u00bb][vc_column_text]<\/p>\n<p style=\"text-align: center;\">Lactarius thyinos<\/p>\n<p>[\/vc_column_text][\/vc_column][\/vc_row]<\/p>\n","protected":false},"excerpt":{"rendered":"<p>[vc_row][vc_column][\/vc_column][\/vc_row][vc_row][vc_column][vc_empty_space][\/vc_column][\/vc_row][vc_row][vc_column][vc_column_text] Official Mont-Tremblant vous apporte plus d&rsquo;informations sur les activit\u00e9s \u00e0 Tremblant dont la chasse aux champignons \u00e0 Tremblant. La cueillette de champignons ou la chasse aux champignons \u00e0 Mont-Tremblant est un passe-temps amusant pour toute la famille. Le sol humide et bois\u00e9 des collines entourant la station offre un environnement parfait pour la croissance&hellip;<\/p>\n","protected":false},"author":1,"featured_media":22947,"parent":21145,"menu_order":0,"comment_status":"closed","ping_status":"closed","template":"","meta":{"footnotes":""},"class_list":["post-24645","page","type-page","status-publish","has-post-thumbnail","hentry","description-off"],"yoast_head":"<!-- This site is optimized with the Yoast SEO Premium plugin v26.5 (Yoast SEO v26.5) - https:\/\/yoast.com\/wordpress\/plugins\/seo\/ -->\n<title>Chasse aux champignons \u00e0 Tremblant, Activit\u00e9s \u00e0 Tremblant<\/title>\n<meta name=\"description\" content=\"Official Mont-Tremblant vous apporte plus d&#039;informations sur les activit\u00e9s \u00e0 Tremblant dont la chasse aux champignons \u00e0 Tremblant.\" \/>\n<meta name=\"robots\" content=\"index, follow, max-snippet:-1, max-image-preview:large, max-video-preview:-1\" \/>\n<link rel=\"canonical\" href=\"https:\/\/officialmonttremblant.com\/fr\/activites\/activites-pour-enfants\/chasse-aux-champignons\/\" \/>\n<meta property=\"og:locale\" content=\"fr_FR\" \/>\n<meta property=\"og:type\" content=\"article\" \/>\n<meta property=\"og:title\" content=\"Chasse aux champignons\" \/>\n<meta property=\"og:description\" content=\"Official Mont-Tremblant vous apporte plus d&#039;informations sur les activit\u00e9s \u00e0 Tremblant dont la chasse aux champignons \u00e0 Tremblant.\" \/>\n<meta property=\"og:url\" content=\"https:\/\/officialmonttremblant.com\/fr\/activites\/activites-pour-enfants\/chasse-aux-champignons\/\" \/>\n<meta property=\"og:site_name\" content=\"Official Mont Tremblant\" \/>\n<meta property=\"article:modified_time\" content=\"2025-07-29T15:28:52+00:00\" \/>\n<meta property=\"og:image\" content=\"https:\/\/officialmonttremblant.com\/wp-content\/uploads\/2022\/09\/mushrooms-g2061f44c5_1920.jpg\" \/>\n\t<meta property=\"og:image:width\" content=\"1920\" \/>\n\t<meta property=\"og:image:height\" content=\"1280\" \/>\n\t<meta property=\"og:image:type\" content=\"image\/jpeg\" \/>\n<meta name=\"twitter:card\" content=\"summary_large_image\" \/>\n<meta name=\"twitter:label1\" content=\"Dur\u00e9e de lecture estim\u00e9e\" \/>\n\t<meta name=\"twitter:data1\" content=\"2 minutes\" \/>\n<script type=\"application\/ld+json\" class=\"yoast-schema-graph\">{\"@context\":\"https:\/\/schema.org\",\"@graph\":[{\"@type\":\"WebPage\",\"@id\":\"https:\/\/officialmonttremblant.com\/fr\/activites\/activites-pour-enfants\/chasse-aux-champignons\/\",\"url\":\"https:\/\/officialmonttremblant.com\/fr\/activites\/activites-pour-enfants\/chasse-aux-champignons\/\",\"name\":\"Chasse aux champignons \u00e0 Tremblant, Activit\u00e9s \u00e0 Tremblant\",\"isPartOf\":{\"@id\":\"https:\/\/officialmonttremblant.com\/fr\/#website\"},\"primaryImageOfPage\":{\"@id\":\"https:\/\/officialmonttremblant.com\/fr\/activites\/activites-pour-enfants\/chasse-aux-champignons\/#primaryimage\"},\"image\":{\"@id\":\"https:\/\/officialmonttremblant.com\/fr\/activites\/activites-pour-enfants\/chasse-aux-champignons\/#primaryimage\"},\"thumbnailUrl\":\"https:\/\/officialmonttremblant.com\/wp-content\/uploads\/2022\/09\/mushrooms-g2061f44c5_1920.jpg\",\"datePublished\":\"2022-07-26T14:49:24+00:00\",\"dateModified\":\"2025-07-29T15:28:52+00:00\",\"description\":\"Official Mont-Tremblant vous apporte plus d'informations sur les activit\u00e9s \u00e0 Tremblant dont la chasse aux champignons \u00e0 Tremblant.\",\"breadcrumb\":{\"@id\":\"https:\/\/officialmonttremblant.com\/fr\/activites\/activites-pour-enfants\/chasse-aux-champignons\/#breadcrumb\"},\"inLanguage\":\"fr-FR\",\"potentialAction\":[{\"@type\":\"ReadAction\",\"target\":[\"https:\/\/officialmonttremblant.com\/fr\/activites\/activites-pour-enfants\/chasse-aux-champignons\/\"]}]},{\"@type\":\"ImageObject\",\"inLanguage\":\"fr-FR\",\"@id\":\"https:\/\/officialmonttremblant.com\/fr\/activites\/activites-pour-enfants\/chasse-aux-champignons\/#primaryimage\",\"url\":\"https:\/\/officialmonttremblant.com\/wp-content\/uploads\/2022\/09\/mushrooms-g2061f44c5_1920.jpg\",\"contentUrl\":\"https:\/\/officialmonttremblant.com\/wp-content\/uploads\/2022\/09\/mushrooms-g2061f44c5_1920.jpg\",\"width\":1920,\"height\":1280,\"caption\":\"Mushroom picking\"},{\"@type\":\"BreadcrumbList\",\"@id\":\"https:\/\/officialmonttremblant.com\/fr\/activites\/activites-pour-enfants\/chasse-aux-champignons\/#breadcrumb\",\"itemListElement\":[{\"@type\":\"ListItem\",\"position\":1,\"name\":\"Home\",\"item\":\"https:\/\/officialmonttremblant.com\/fr\/\"},{\"@type\":\"ListItem\",\"position\":2,\"name\":\"Activit\u00e9s\",\"item\":\"https:\/\/officialmonttremblant.com\/fr\/activites\/\"},{\"@type\":\"ListItem\",\"position\":3,\"name\":\"Activit\u00e9s pour enfants\",\"item\":\"https:\/\/officialmonttremblant.com\/fr\/activites\/activites-pour-enfants\/\"},{\"@type\":\"ListItem\",\"position\":4,\"name\":\"Chasse aux champignons\"}]},{\"@type\":\"WebSite\",\"@id\":\"https:\/\/officialmonttremblant.com\/fr\/#website\",\"url\":\"https:\/\/officialmonttremblant.com\/fr\/\",\"name\":\"Official Mont Tremblant\",\"description\":\"Vacation &amp; tourist guide in Mont Tremblant\",\"potentialAction\":[{\"@type\":\"SearchAction\",\"target\":{\"@type\":\"EntryPoint\",\"urlTemplate\":\"https:\/\/officialmonttremblant.com\/fr\/?s={search_term_string}\"},\"query-input\":{\"@type\":\"PropertyValueSpecification\",\"valueRequired\":true,\"valueName\":\"search_term_string\"}}],\"inLanguage\":\"fr-FR\"}]}<\/script>\n<!-- \/ Yoast SEO Premium plugin. -->","yoast_head_json":{"title":"Chasse aux champignons \u00e0 Tremblant, Activit\u00e9s \u00e0 Tremblant","description":"Official Mont-Tremblant vous apporte plus d'informations sur les activit\u00e9s \u00e0 Tremblant dont la chasse aux champignons \u00e0 Tremblant.","robots":{"index":"index","follow":"follow","max-snippet":"max-snippet:-1","max-image-preview":"max-image-preview:large","max-video-preview":"max-video-preview:-1"},"canonical":"https:\/\/officialmonttremblant.com\/fr\/activites\/activites-pour-enfants\/chasse-aux-champignons\/","og_locale":"fr_FR","og_type":"article","og_title":"Chasse aux champignons","og_description":"Official Mont-Tremblant vous apporte plus d'informations sur les activit\u00e9s \u00e0 Tremblant dont la chasse aux champignons \u00e0 Tremblant.","og_url":"https:\/\/officialmonttremblant.com\/fr\/activites\/activites-pour-enfants\/chasse-aux-champignons\/","og_site_name":"Official Mont Tremblant","article_modified_time":"2025-07-29T15:28:52+00:00","og_image":[{"width":1920,"height":1280,"url":"https:\/\/officialmonttremblant.com\/wp-content\/uploads\/2022\/09\/mushrooms-g2061f44c5_1920.jpg","type":"image\/jpeg"}],"twitter_card":"summary_large_image","twitter_misc":{"Dur\u00e9e de lecture estim\u00e9e":"2 minutes"},"schema":{"@context":"https:\/\/schema.org","@graph":[{"@type":"WebPage","@id":"https:\/\/officialmonttremblant.com\/fr\/activites\/activites-pour-enfants\/chasse-aux-champignons\/","url":"https:\/\/officialmonttremblant.com\/fr\/activites\/activites-pour-enfants\/chasse-aux-champignons\/","name":"Chasse aux champignons \u00e0 Tremblant, Activit\u00e9s \u00e0 Tremblant","isPartOf":{"@id":"https:\/\/officialmonttremblant.com\/fr\/#website"},"primaryImageOfPage":{"@id":"https:\/\/officialmonttremblant.com\/fr\/activites\/activites-pour-enfants\/chasse-aux-champignons\/#primaryimage"},"image":{"@id":"https:\/\/officialmonttremblant.com\/fr\/activites\/activites-pour-enfants\/chasse-aux-champignons\/#primaryimage"},"thumbnailUrl":"https:\/\/officialmonttremblant.com\/wp-content\/uploads\/2022\/09\/mushrooms-g2061f44c5_1920.jpg","datePublished":"2022-07-26T14:49:24+00:00","dateModified":"2025-07-29T15:28:52+00:00","description":"Official Mont-Tremblant vous apporte plus d'informations sur les activit\u00e9s \u00e0 Tremblant dont la chasse aux champignons \u00e0 Tremblant.","breadcrumb":{"@id":"https:\/\/officialmonttremblant.com\/fr\/activites\/activites-pour-enfants\/chasse-aux-champignons\/#breadcrumb"},"inLanguage":"fr-FR","potentialAction":[{"@type":"ReadAction","target":["https:\/\/officialmonttremblant.com\/fr\/activites\/activites-pour-enfants\/chasse-aux-champignons\/"]}]},{"@type":"ImageObject","inLanguage":"fr-FR","@id":"https:\/\/officialmonttremblant.com\/fr\/activites\/activites-pour-enfants\/chasse-aux-champignons\/#primaryimage","url":"https:\/\/officialmonttremblant.com\/wp-content\/uploads\/2022\/09\/mushrooms-g2061f44c5_1920.jpg","contentUrl":"https:\/\/officialmonttremblant.com\/wp-content\/uploads\/2022\/09\/mushrooms-g2061f44c5_1920.jpg","width":1920,"height":1280,"caption":"Mushroom picking"},{"@type":"BreadcrumbList","@id":"https:\/\/officialmonttremblant.com\/fr\/activites\/activites-pour-enfants\/chasse-aux-champignons\/#breadcrumb","itemListElement":[{"@type":"ListItem","position":1,"name":"Home","item":"https:\/\/officialmonttremblant.com\/fr\/"},{"@type":"ListItem","position":2,"name":"Activit\u00e9s","item":"https:\/\/officialmonttremblant.com\/fr\/activites\/"},{"@type":"ListItem","position":3,"name":"Activit\u00e9s pour enfants","item":"https:\/\/officialmonttremblant.com\/fr\/activites\/activites-pour-enfants\/"},{"@type":"ListItem","position":4,"name":"Chasse aux champignons"}]},{"@type":"WebSite","@id":"https:\/\/officialmonttremblant.com\/fr\/#website","url":"https:\/\/officialmonttremblant.com\/fr\/","name":"Official Mont Tremblant","description":"Vacation &amp; tourist guide in Mont Tremblant","potentialAction":[{"@type":"SearchAction","target":{"@type":"EntryPoint","urlTemplate":"https:\/\/officialmonttremblant.com\/fr\/?s={search_term_string}"},"query-input":{"@type":"PropertyValueSpecification","valueRequired":true,"valueName":"search_term_string"}}],"inLanguage":"fr-FR"}]}},"jetpack_sharing_enabled":true,"_links":{"self":[{"href":"https:\/\/officialmonttremblant.com\/fr\/wp-json\/wp\/v2\/pages\/24645","targetHints":{"allow":["GET"]}}],"collection":[{"href":"https:\/\/officialmonttremblant.com\/fr\/wp-json\/wp\/v2\/pages"}],"about":[{"href":"https:\/\/officialmonttremblant.com\/fr\/wp-json\/wp\/v2\/types\/page"}],"author":[{"embeddable":true,"href":"https:\/\/officialmonttremblant.com\/fr\/wp-json\/wp\/v2\/users\/1"}],"replies":[{"embeddable":true,"href":"https:\/\/officialmonttremblant.com\/fr\/wp-json\/wp\/v2\/comments?post=24645"}],"version-history":[{"count":3,"href":"https:\/\/officialmonttremblant.com\/fr\/wp-json\/wp\/v2\/pages\/24645\/revisions"}],"predecessor-version":[{"id":26490,"href":"https:\/\/officialmonttremblant.com\/fr\/wp-json\/wp\/v2\/pages\/24645\/revisions\/26490"}],"up":[{"embeddable":true,"href":"https:\/\/officialmonttremblant.com\/fr\/wp-json\/wp\/v2\/pages\/21145"}],"wp:featuredmedia":[{"embeddable":true,"href":"https:\/\/officialmonttremblant.com\/fr\/wp-json\/wp\/v2\/media\/22947"}],"wp:attachment":[{"href":"https:\/\/officialmonttremblant.com\/fr\/wp-json\/wp\/v2\/media?parent=24645"}],"curies":[{"name":"wp","href":"https:\/\/api.w.org\/{rel}","templated":true}]}}