{"id":24650,"date":"2022-07-26T10:56:45","date_gmt":"2022-07-26T14:56:45","guid":{"rendered":"https:\/\/officialmonttremblant.com\/activities\/excursions-motorisees\/helicopter\/"},"modified":"2025-07-29T11:32:40","modified_gmt":"2025-07-29T15:32:40","slug":"tours-en-helicoptere","status":"publish","type":"page","link":"https:\/\/officialmonttremblant.com\/fr\/activites\/excursions-motorisees\/tours-en-helicoptere\/","title":{"rendered":"Tours en h\u00e9licopt\u00e8re"},"content":{"rendered":"<p>[vc_row][vc_column]<div id=\"ultimate-heading-156569ecdf9573a28\" class=\"uvc-heading ult-adjust-bottom-margin ultimate-heading-156569ecdf9573a28 uvc-8622  uvc-heading-default-font-sizes\" data-hspacer=\"no_spacer\"  data-halign=\"left\" style=\"text-align:left\"><div class=\"uvc-heading-spacer no_spacer\" style=\"top\"><\/div><div class=\"uvc-main-heading ult-responsive\"  data-ultimate-target='.uvc-heading.ultimate-heading-156569ecdf9573a28 h2'  data-responsive-json-new='{\"font-size\":\"\",\"line-height\":\"\"}' ><h2 style=\"--font-weight:theme;\">Tours en h\u00e9licopt\u00e8re \u00e0 Tremblant<\/h2><\/div><div class=\"uvc-sub-heading ult-responsive\"  data-ultimate-target='.uvc-heading.ultimate-heading-156569ecdf9573a28 .uvc-sub-heading '  data-responsive-json-new='{\"font-size\":\"\",\"line-height\":\"\"}'  style=\"font-weight:normal;\"><\/p>\n<p style=\"text-align: left;\">Official Mont-Tremblant vous apporte plus d&rsquo;informations sur les activit\u00e9s \u00e0 Tremblant dont les tours en h\u00e9licopt\u00e8re \u00e0 Tremblant.<\/p>\n<div class=\"wpb_text_column wpb_content_element \">\n<div class=\"wpb_wrapper\">\n<p style=\"text-align: left;\"><span style=\"font-weight: 400;\">Les tours en h\u00e9licopt\u00e8re \u00e0 Mont-Tremblant sont le moyen id\u00e9al de voir la beaut\u00e9 du territoire et des montagnes des Laurentides tout en profitant du frisson de voler haut dans le ciel. C\u2019est l\u2019activit\u00e9 parfaite si vous recherchez une sortie romantique unique \u00e0 Tremblant. Les tours en h\u00e9licopt\u00e8re sont guid\u00e9s par des pilotes exp\u00e9riment\u00e9s comptabilisant plus de 3 000 heures de vol. Chaque passager a un si\u00e8ge de fen\u00eatre et un casque afin d\u2019entendre le pilote qui raconte la r\u00e9gion. Cette activit\u00e9 \u00e0 Tremblant vous permettra de d\u00e9couvrir avec une vue imprenables les magnifiques paysages des Laurentides.\u00a0<\/span><span style=\"font-weight: 400;\">Official Mont Tremblant a s\u00e9lectionn\u00e9 pour vous la meilleure soci\u00e9t\u00e9 \u00e0 Tremblant pour les tours en h\u00e9licopt\u00e8re.<\/span><\/p>\n<p style=\"text-align: left;\"><span style=\"font-weight: 400;\"><strong>HELI-TREMBLANT<\/strong> offre un choix de survols et d&rsquo;excursions spectaculaires et personnalis\u00e9s. Votre satisfaction est garantie, que ce soit pour un survol de Mont-Tremblant et de la r\u00e9gion, ou une excursion d&rsquo;une journ\u00e9e et plus !<\/span><\/p>\n<\/div>\n<\/div>\n<h2 style=\"text-align: left;\"><\/h2>\n<p>&nbsp;<\/p>\n<div class=\"wpb_text_column wpb_content_element \">\n<div class=\"wpb_wrapper\">\n<p style=\"text-align: left;\"><strong>Initiation<\/strong><\/p>\n<p style=\"text-align: left;\"><span style=\"font-weight: 400;\">D\u00e9collage au-dessus d&rsquo;une for\u00eat de pins rouges, direction la rivi\u00e8re du Diable et le village de ski Mont-Tremblant.\u00a0<\/span><span style=\"font-weight: 400;\">Apr\u00e8s un court survol du majestueux lac Tremblant, direction les pistes de course et les terrains de golf.\u00a0<\/span><span style=\"font-weight: 400;\">Au retour, profitez de la vue sur le village de St-Jovite et d&rsquo;un atterrissage en douceur.<\/span><\/p>\n<p style=\"text-align: left;\">D\u00e9tails<\/p>\n<p style=\"text-align: left;\"><span style=\"font-weight: 400;\">Distance<\/span> <span style=\"font-weight: 400;\">30km<\/span><\/p>\n<p style=\"text-align: left;\"><span style=\"font-weight: 400;\">Temps de vol<\/span> <span style=\"font-weight: 400;\">10 mn<\/span><\/p>\n<p style=\"text-align: left;\"><span style=\"font-weight: 400;\">Prix<\/span> <span style=\"font-weight: 400;\">119 $+tx \/pers (min 2 pers)<\/span><\/p>\n<p>&nbsp;<\/p>\n<p style=\"text-align: left;\"><strong>Survol<\/strong><\/p>\n<p style=\"text-align: left;\"><span style=\"font-weight: 400;\">En plus du trajet de 10 minutes, survolez l&rsquo;entr\u00e9e du parc national du Mont-Tremblant et son sommet pour un magnifique panorama!\u00a0<\/span><span style=\"font-weight: 400;\">Direction le lac Tremblant et ses charmes, avant de revenir vers la vall\u00e9e de la rivi\u00e8re Rouge.<\/span><\/p>\n<p>D\u00e9tails<\/p>\n<p style=\"text-align: left;\"><span style=\"font-weight: 400;\">Distance<\/span> <span style=\"font-weight: 400;\">60km<\/span><\/p>\n<p style=\"text-align: left;\"><span style=\"font-weight: 400;\">Temps de vol<\/span> <span style=\"font-weight: 400;\">20 mn<\/span><\/p>\n<p style=\"text-align: left;\"><span style=\"font-weight: 400;\">Prix<\/span> <span style=\"font-weight: 400;\">169$+tx\/pers (min 2 pers)<\/span><\/p>\n<p>&nbsp;<\/p>\n<p style=\"text-align: left;\"><strong>Tour<\/strong><\/p>\n<p style=\"text-align: left;\"><span style=\"font-weight: 400;\">Ce\u00a0 tour de 30 minutes vous offre un survol complet de la r\u00e9gion!\u00a0<\/span><span style=\"font-weight: 400;\">Explorez le parc national du Mont-Tremblant et admirez la nature \u00e0 l&rsquo;\u00e9tat pur.<\/span><\/p>\n<p style=\"text-align: left;\">D\u00e9tails<\/p>\n<p style=\"text-align: left;\"><span style=\"font-weight: 400;\">Distance<\/span>\u00a090<span style=\"font-weight: 400;\">km <\/span><\/p>\n<p style=\"text-align: left;\"><span style=\"font-weight: 400;\">Temps de\u00a0<\/span><span style=\"font-weight: 400;\">vol<\/span> <span style=\"font-weight: 400;\">30 mn<\/span><\/p>\n<p style=\"text-align: left;\"><span style=\"font-weight: 400;\">Prix<\/span> <span style=\"font-weight: 400;\">219 $+tx\/pers (min 2 pers)<\/span><\/p>\n<p>&nbsp;<\/p>\n<p style=\"text-align: left;\"><strong>Aventure<\/strong><\/p>\n<p style=\"text-align: left;\"><span style=\"font-weight: 400;\">D\u00e9couvrez Mont-Tremblant.\u00a0<\/span><span style=\"font-weight: 400;\">Un survol de 30 minutes et une escale de 30 minutes sur une montagne nature ! Vous admirerez le lac Tremblant et la vall\u00e9e de la rivi\u00e8re Rouge.\u00a0<\/span><span style=\"font-weight: 400;\">Un rafra\u00eechissement compl\u00e9mentaire vous sera offert.<\/span><\/p>\n<p style=\"text-align: left;\">D\u00e9tails<\/p>\n<p style=\"text-align: left;\"><span style=\"font-weight: 400;\">Distance<\/span> <span style=\"font-weight: 400;\">90km<\/span><\/p>\n<p style=\"text-align: left;\"><span style=\"font-weight: 400;\">Temps de vol<\/span> <span style=\"font-weight: 400;\">30 mn<\/span><\/p>\n<p style=\"text-align: left;\"><span style=\"font-weight: 400;\">Prix<\/span> <span style=\"font-weight: 400;\">269$+tx\/pers (min 2 pers)<\/span><\/p>\n<p>&nbsp;<\/p>\n<p style=\"text-align: left;\"><strong>Romantique<\/strong><\/p>\n<p style=\"text-align: left;\"><span style=\"font-weight: 400;\">Asseyez-vous et d\u00e9tendez-vous pendant le doux d\u00e9collage de 2 amoureux vers les cieux, flottez l\u00e9g\u00e8rement dans les nuages \u200b\u200bduveteux de Cupidon.\u00a0<\/span><span style=\"font-weight: 400;\">Au-del\u00e0 des montagnes, le panorama vous d\u00e9voilera une vue imprenable sur la vall\u00e9e !\u00a0<\/span><span style=\"font-weight: 400;\">Savourez le moment le plus romantique de votre journ\u00e9e et un atterrissage en douceur vous m\u00e8nera \u00e0 un d\u00eener aux chandelles.<\/span><\/p>\n<p style=\"text-align: left;\"><span style=\"font-weight: 400;\">Ce forfait comprend :<\/span><\/p>\n<p style=\"text-align: left;\"><span style=\"font-weight: 400;\">Survol panoramique, 20 minutes dans les airs.<\/span><\/p>\n<p style=\"text-align: left;\"><span style=\"font-weight: 400;\">Souper gastronomique au restaurant de votre choix :<\/span><\/p>\n<ul style=\"text-align: left;\">\n<li style=\"font-weight: 400;\" aria-level=\"1\"><a href=\"https:\/\/legrandlodge.com\/wp-content\/uploads\/2021\/05\/th-borivage-27-05-2021-anglais.pdf\"><span style=\"font-weight: 400;\">Chez Beaurivage<\/span><\/a><span style=\"font-weight: 400;\"> ( Le Grand Lodge Mont-Tremblant )<\/span><\/li>\n<li style=\"font-weight: 400;\" aria-level=\"1\"><a href=\"https:\/\/www.stonehavenlemanoir.com\/en\/restaurant\/stonehaven-restaurant\/#menus\"><span style=\"font-weight: 400;\">Stonehaven Le Manoir<\/span><\/a><span style=\"font-weight: 400;\"> ( Ste-Agathe des Monts )<\/span><\/li>\n<\/ul>\n<p style=\"text-align: left;\">D\u00e9tails<\/p>\n<p style=\"text-align: left;\"><span style=\"font-weight: 400;\">Distance<\/span> <span style=\"font-weight: 400;\">60km <\/span><\/p>\n<p style=\"text-align: left;\"><span style=\"font-weight: 400;\">Temps de\u00a0<\/span><span style=\"font-weight: 400;\">vol<\/span> <span style=\"font-weight: 400;\">20 mn<\/span><\/p>\n<p style=\"text-align: left;\"><span style=\"font-weight: 400;\">Prix<\/span> <span style=\"font-weight: 400;\">269 $+tx\/pers (min 2 pers)<\/span><\/p>\n<p>&nbsp;<\/p>\n<p style=\"text-align: center;\"><strong>HELI -TREMBLANT<\/strong><\/p>\n<p style=\"text-align: center;\"><strong>72 Route 117\u00a0Mont Tremblant<\/strong><\/p>\n<p style=\"text-align: center;\"><strong>819 425 56 62<\/strong><\/p>\n<p style=\"text-align: center;\"><strong><a href=\"https:\/\/www.heli-tremblant.com\/\">https:\/\/www.heli-tremblant.com\/<\/a><\/strong><\/p>\n<p>&nbsp;<\/p>\n<\/div>\n<\/div>\n<p><\/div><\/div>[\/vc_column][\/vc_row][vc_row][vc_column][vc_empty_space height=\u00a0\u00bb60px\u00a0\u00bb][\/vc_column][\/vc_row][vc_row][vc_column][vc_single_image image=\u00a0\u00bb24205&Prime; img_size=\u00a0\u00bb600&#215;400&Prime; alignment=\u00a0\u00bbcenter\u00a0\u00bb][\/vc_column][\/vc_row]<\/p>\n","protected":false},"excerpt":{"rendered":"<p>[vc_row][vc_column][\/vc_column][\/vc_row][vc_row][vc_column][vc_empty_space height=\u00a0\u00bb60px\u00a0\u00bb][\/vc_column][\/vc_row][vc_row][vc_column][vc_single_image image=\u00a0\u00bb24205&Prime; img_size=\u00a0\u00bb600&#215;400&Prime; alignment=\u00a0\u00bbcenter\u00a0\u00bb][\/vc_column][\/vc_row]<\/p>\n","protected":false},"author":1,"featured_media":24206,"parent":21146,"menu_order":0,"comment_status":"closed","ping_status":"closed","template":"","meta":{"footnotes":""},"class_list":["post-24650","page","type-page","status-publish","has-post-thumbnail","hentry","description-off"],"yoast_head":"<!-- This site is optimized with the Yoast SEO Premium plugin v26.5 (Yoast SEO v26.5) - https:\/\/yoast.com\/wordpress\/plugins\/seo\/ -->\n<title>Tours en h\u00e9licopt\u00e8re \u00e0 Tremblant, Activit\u00e9s \u00e0 Tremblant<\/title>\n<meta name=\"description\" content=\"Official Mont-Tremblant vous apporte plus d&#039;informations sur les activit\u00e9s \u00e0 Tremblant dont les tours en h\u00e9licopt\u00e8re \u00e0 Tremblant.\" \/>\n<meta name=\"robots\" content=\"index, follow, max-snippet:-1, max-image-preview:large, max-video-preview:-1\" \/>\n<link rel=\"canonical\" href=\"https:\/\/officialmonttremblant.com\/fr\/activites\/excursions-motorisees\/tours-en-helicoptere\/\" \/>\n<meta property=\"og:locale\" content=\"fr_FR\" \/>\n<meta property=\"og:type\" content=\"article\" \/>\n<meta property=\"og:title\" content=\"Tours en h\u00e9licopt\u00e8re\" \/>\n<meta property=\"og:description\" content=\"Official Mont-Tremblant vous apporte plus d&#039;informations sur les activit\u00e9s \u00e0 Tremblant dont les tours en h\u00e9licopt\u00e8re \u00e0 Tremblant.\" \/>\n<meta property=\"og:url\" content=\"https:\/\/officialmonttremblant.com\/fr\/activites\/excursions-motorisees\/tours-en-helicoptere\/\" \/>\n<meta property=\"og:site_name\" content=\"Official Mont Tremblant\" \/>\n<meta property=\"article:modified_time\" content=\"2025-07-29T15:32:40+00:00\" \/>\n<meta property=\"og:image\" content=\"https:\/\/officialmonttremblant.com\/wp-content\/uploads\/2022\/10\/Helicopter.jpeg\" \/>\n\t<meta property=\"og:image:width\" content=\"669\" \/>\n\t<meta property=\"og:image:height\" content=\"446\" \/>\n\t<meta property=\"og:image:type\" content=\"image\/jpeg\" \/>\n<meta name=\"twitter:card\" content=\"summary_large_image\" \/>\n<meta name=\"twitter:label1\" content=\"Dur\u00e9e de lecture estim\u00e9e\" \/>\n\t<meta name=\"twitter:data1\" content=\"3 minutes\" \/>\n<script type=\"application\/ld+json\" class=\"yoast-schema-graph\">{\"@context\":\"https:\/\/schema.org\",\"@graph\":[{\"@type\":\"WebPage\",\"@id\":\"https:\/\/officialmonttremblant.com\/fr\/activites\/excursions-motorisees\/tours-en-helicoptere\/\",\"url\":\"https:\/\/officialmonttremblant.com\/fr\/activites\/excursions-motorisees\/tours-en-helicoptere\/\",\"name\":\"Tours en h\u00e9licopt\u00e8re \u00e0 Tremblant, Activit\u00e9s \u00e0 Tremblant\",\"isPartOf\":{\"@id\":\"https:\/\/officialmonttremblant.com\/fr\/#website\"},\"primaryImageOfPage\":{\"@id\":\"https:\/\/officialmonttremblant.com\/fr\/activites\/excursions-motorisees\/tours-en-helicoptere\/#primaryimage\"},\"image\":{\"@id\":\"https:\/\/officialmonttremblant.com\/fr\/activites\/excursions-motorisees\/tours-en-helicoptere\/#primaryimage\"},\"thumbnailUrl\":\"https:\/\/officialmonttremblant.com\/wp-content\/uploads\/2022\/10\/Helicopter.jpeg\",\"datePublished\":\"2022-07-26T14:56:45+00:00\",\"dateModified\":\"2025-07-29T15:32:40+00:00\",\"description\":\"Official Mont-Tremblant vous apporte plus d'informations sur les activit\u00e9s \u00e0 Tremblant dont les tours en h\u00e9licopt\u00e8re \u00e0 Tremblant.\",\"breadcrumb\":{\"@id\":\"https:\/\/officialmonttremblant.com\/fr\/activites\/excursions-motorisees\/tours-en-helicoptere\/#breadcrumb\"},\"inLanguage\":\"fr-FR\",\"potentialAction\":[{\"@type\":\"ReadAction\",\"target\":[\"https:\/\/officialmonttremblant.com\/fr\/activites\/excursions-motorisees\/tours-en-helicoptere\/\"]}]},{\"@type\":\"ImageObject\",\"inLanguage\":\"fr-FR\",\"@id\":\"https:\/\/officialmonttremblant.com\/fr\/activites\/excursions-motorisees\/tours-en-helicoptere\/#primaryimage\",\"url\":\"https:\/\/officialmonttremblant.com\/wp-content\/uploads\/2022\/10\/Helicopter.jpeg\",\"contentUrl\":\"https:\/\/officialmonttremblant.com\/wp-content\/uploads\/2022\/10\/Helicopter.jpeg\",\"width\":669,\"height\":446,\"caption\":\"Helicopter Tours Mont-Tremblant\"},{\"@type\":\"BreadcrumbList\",\"@id\":\"https:\/\/officialmonttremblant.com\/fr\/activites\/excursions-motorisees\/tours-en-helicoptere\/#breadcrumb\",\"itemListElement\":[{\"@type\":\"ListItem\",\"position\":1,\"name\":\"Home\",\"item\":\"https:\/\/officialmonttremblant.com\/fr\/\"},{\"@type\":\"ListItem\",\"position\":2,\"name\":\"Activit\u00e9s\",\"item\":\"https:\/\/officialmonttremblant.com\/fr\/activites\/\"},{\"@type\":\"ListItem\",\"position\":3,\"name\":\"Excursions Motoris\u00e9es\",\"item\":\"https:\/\/officialmonttremblant.com\/fr\/activites\/excursions-motorisees\/\"},{\"@type\":\"ListItem\",\"position\":4,\"name\":\"Tours en h\u00e9licopt\u00e8re\"}]},{\"@type\":\"WebSite\",\"@id\":\"https:\/\/officialmonttremblant.com\/fr\/#website\",\"url\":\"https:\/\/officialmonttremblant.com\/fr\/\",\"name\":\"Official Mont Tremblant\",\"description\":\"Vacation &amp; tourist guide in Mont Tremblant\",\"potentialAction\":[{\"@type\":\"SearchAction\",\"target\":{\"@type\":\"EntryPoint\",\"urlTemplate\":\"https:\/\/officialmonttremblant.com\/fr\/?s={search_term_string}\"},\"query-input\":{\"@type\":\"PropertyValueSpecification\",\"valueRequired\":true,\"valueName\":\"search_term_string\"}}],\"inLanguage\":\"fr-FR\"}]}<\/script>\n<!-- \/ Yoast SEO Premium plugin. -->","yoast_head_json":{"title":"Tours en h\u00e9licopt\u00e8re \u00e0 Tremblant, Activit\u00e9s \u00e0 Tremblant","description":"Official Mont-Tremblant vous apporte plus d'informations sur les activit\u00e9s \u00e0 Tremblant dont les tours en h\u00e9licopt\u00e8re \u00e0 Tremblant.","robots":{"index":"index","follow":"follow","max-snippet":"max-snippet:-1","max-image-preview":"max-image-preview:large","max-video-preview":"max-video-preview:-1"},"canonical":"https:\/\/officialmonttremblant.com\/fr\/activites\/excursions-motorisees\/tours-en-helicoptere\/","og_locale":"fr_FR","og_type":"article","og_title":"Tours en h\u00e9licopt\u00e8re","og_description":"Official Mont-Tremblant vous apporte plus d'informations sur les activit\u00e9s \u00e0 Tremblant dont les tours en h\u00e9licopt\u00e8re \u00e0 Tremblant.","og_url":"https:\/\/officialmonttremblant.com\/fr\/activites\/excursions-motorisees\/tours-en-helicoptere\/","og_site_name":"Official Mont Tremblant","article_modified_time":"2025-07-29T15:32:40+00:00","og_image":[{"width":669,"height":446,"url":"https:\/\/officialmonttremblant.com\/wp-content\/uploads\/2022\/10\/Helicopter.jpeg","type":"image\/jpeg"}],"twitter_card":"summary_large_image","twitter_misc":{"Dur\u00e9e de lecture estim\u00e9e":"3 minutes"},"schema":{"@context":"https:\/\/schema.org","@graph":[{"@type":"WebPage","@id":"https:\/\/officialmonttremblant.com\/fr\/activites\/excursions-motorisees\/tours-en-helicoptere\/","url":"https:\/\/officialmonttremblant.com\/fr\/activites\/excursions-motorisees\/tours-en-helicoptere\/","name":"Tours en h\u00e9licopt\u00e8re \u00e0 Tremblant, Activit\u00e9s \u00e0 Tremblant","isPartOf":{"@id":"https:\/\/officialmonttremblant.com\/fr\/#website"},"primaryImageOfPage":{"@id":"https:\/\/officialmonttremblant.com\/fr\/activites\/excursions-motorisees\/tours-en-helicoptere\/#primaryimage"},"image":{"@id":"https:\/\/officialmonttremblant.com\/fr\/activites\/excursions-motorisees\/tours-en-helicoptere\/#primaryimage"},"thumbnailUrl":"https:\/\/officialmonttremblant.com\/wp-content\/uploads\/2022\/10\/Helicopter.jpeg","datePublished":"2022-07-26T14:56:45+00:00","dateModified":"2025-07-29T15:32:40+00:00","description":"Official Mont-Tremblant vous apporte plus d'informations sur les activit\u00e9s \u00e0 Tremblant dont les tours en h\u00e9licopt\u00e8re \u00e0 Tremblant.","breadcrumb":{"@id":"https:\/\/officialmonttremblant.com\/fr\/activites\/excursions-motorisees\/tours-en-helicoptere\/#breadcrumb"},"inLanguage":"fr-FR","potentialAction":[{"@type":"ReadAction","target":["https:\/\/officialmonttremblant.com\/fr\/activites\/excursions-motorisees\/tours-en-helicoptere\/"]}]},{"@type":"ImageObject","inLanguage":"fr-FR","@id":"https:\/\/officialmonttremblant.com\/fr\/activites\/excursions-motorisees\/tours-en-helicoptere\/#primaryimage","url":"https:\/\/officialmonttremblant.com\/wp-content\/uploads\/2022\/10\/Helicopter.jpeg","contentUrl":"https:\/\/officialmonttremblant.com\/wp-content\/uploads\/2022\/10\/Helicopter.jpeg","width":669,"height":446,"caption":"Helicopter Tours Mont-Tremblant"},{"@type":"BreadcrumbList","@id":"https:\/\/officialmonttremblant.com\/fr\/activites\/excursions-motorisees\/tours-en-helicoptere\/#breadcrumb","itemListElement":[{"@type":"ListItem","position":1,"name":"Home","item":"https:\/\/officialmonttremblant.com\/fr\/"},{"@type":"ListItem","position":2,"name":"Activit\u00e9s","item":"https:\/\/officialmonttremblant.com\/fr\/activites\/"},{"@type":"ListItem","position":3,"name":"Excursions Motoris\u00e9es","item":"https:\/\/officialmonttremblant.com\/fr\/activites\/excursions-motorisees\/"},{"@type":"ListItem","position":4,"name":"Tours en h\u00e9licopt\u00e8re"}]},{"@type":"WebSite","@id":"https:\/\/officialmonttremblant.com\/fr\/#website","url":"https:\/\/officialmonttremblant.com\/fr\/","name":"Official Mont Tremblant","description":"Vacation &amp; tourist guide in Mont Tremblant","potentialAction":[{"@type":"SearchAction","target":{"@type":"EntryPoint","urlTemplate":"https:\/\/officialmonttremblant.com\/fr\/?s={search_term_string}"},"query-input":{"@type":"PropertyValueSpecification","valueRequired":true,"valueName":"search_term_string"}}],"inLanguage":"fr-FR"}]}},"jetpack_sharing_enabled":true,"_links":{"self":[{"href":"https:\/\/officialmonttremblant.com\/fr\/wp-json\/wp\/v2\/pages\/24650","targetHints":{"allow":["GET"]}}],"collection":[{"href":"https:\/\/officialmonttremblant.com\/fr\/wp-json\/wp\/v2\/pages"}],"about":[{"href":"https:\/\/officialmonttremblant.com\/fr\/wp-json\/wp\/v2\/types\/page"}],"author":[{"embeddable":true,"href":"https:\/\/officialmonttremblant.com\/fr\/wp-json\/wp\/v2\/users\/1"}],"replies":[{"embeddable":true,"href":"https:\/\/officialmonttremblant.com\/fr\/wp-json\/wp\/v2\/comments?post=24650"}],"version-history":[{"count":8,"href":"https:\/\/officialmonttremblant.com\/fr\/wp-json\/wp\/v2\/pages\/24650\/revisions"}],"predecessor-version":[{"id":26670,"href":"https:\/\/officialmonttremblant.com\/fr\/wp-json\/wp\/v2\/pages\/24650\/revisions\/26670"}],"up":[{"embeddable":true,"href":"https:\/\/officialmonttremblant.com\/fr\/wp-json\/wp\/v2\/pages\/21146"}],"wp:featuredmedia":[{"embeddable":true,"href":"https:\/\/officialmonttremblant.com\/fr\/wp-json\/wp\/v2\/media\/24206"}],"wp:attachment":[{"href":"https:\/\/officialmonttremblant.com\/fr\/wp-json\/wp\/v2\/media?parent=24650"}],"curies":[{"name":"wp","href":"https:\/\/api.w.org\/{rel}","templated":true}]}}