{"id":24651,"date":"2022-09-21T14:17:34","date_gmt":"2022-09-21T18:17:34","guid":{"rendered":"https:\/\/officialmonttremblant.com\/activities\/activites-d-ete\/boat-rentals\/"},"modified":"2025-07-29T11:36:46","modified_gmt":"2025-07-29T15:36:46","slug":"louer-un-bateau","status":"publish","type":"page","link":"https:\/\/officialmonttremblant.com\/fr\/activites\/activites-d-ete\/louer-un-bateau\/","title":{"rendered":"Locations de bateaux"},"content":{"rendered":"<p>[vc_row][vc_column]<div id=\"ultimate-heading-34469e0563f19765\" class=\"uvc-heading ult-adjust-bottom-margin ultimate-heading-34469e0563f19765 uvc-4328  uvc-heading-default-font-sizes\" data-hspacer=\"no_spacer\"  data-halign=\"left\" style=\"text-align:left\"><div class=\"uvc-heading-spacer no_spacer\" style=\"top\"><\/div><div class=\"uvc-main-heading ult-responsive\"  data-ultimate-target='.uvc-heading.ultimate-heading-34469e0563f19765 h2'  data-responsive-json-new='{\"font-size\":\"\",\"line-height\":\"\"}' ><h2 style=\"--font-weight:theme;\">Locations de bateaux \u00e0 Mont-Tremblant<\/h2><\/div><div class=\"uvc-sub-heading ult-responsive\"  data-ultimate-target='.uvc-heading.ultimate-heading-34469e0563f19765 .uvc-sub-heading '  data-responsive-json-new='{\"font-size\":\"\",\"line-height\":\"\"}'  style=\"font-weight:normal;\"><\/p>\n<p style=\"text-align: left;\">Official Mont-Tremblant vous offre plus d&rsquo;informations sur les activit\u00e9s d&rsquo;\u00e9t\u00e9 \u00e0 Tremblant dont la location de bateaux \u00e0 Mont-Tremblant.<\/p>\n<p style=\"text-align: left;\">La location de bateaux \u00e0 Mont-Tremblant peut \u00eatre r\u00e9serv\u00e9e par l&rsquo;interm\u00e9diaire du Centre des sports nautiques, qui est situ\u00e9 au bord du lac Tremblant.\u00a0Pendant les mois d&rsquo;\u00e9t\u00e9, le ski est remplac\u00e9 par les sports nautiques et le lac Tremblant est en pleine effervescence.\u00a0Situ\u00e9 \u00e0 moins de cinq minutes de la station de montagne, le lac Tremblant s&rsquo;\u00e9tend sur 12 kilom\u00e8tres (7,5 miles) de long et constitue une attraction populaire pour les habitants et les touristes. Le centre de sports nautiques, situ\u00e9 au bord du lac Tremblant, propose plusieurs types de bateaux \u00e0 louer.<\/p>\n<p style=\"text-align: left;\">Que vous souhaitiez passer une journ\u00e9e tranquille sur l&rsquo;eau avec votre famille ou une journ\u00e9e amusante entre amis \u00e0 faire du ski nautique, le Centre des sports nautiques propose une vari\u00e9t\u00e9 de bateaux \u00e0 louer au Mont Tremblant, y compris des bateaux de p\u00eache \u00e0 quatre places, des bateaux \u00e0 moteur pour le ski nautique et des bateaux \u00e0 petit moteur pour la croisi\u00e8re et les visites. Vous pouvez m\u00eame louer un ponton de 24 pieds avec glaci\u00e8re int\u00e9gr\u00e9e, canap\u00e9s et m\u00eame une plateforme de baignade. Le centre de sports nautiques propose \u00e9galement la location de bateaux non motoris\u00e9s et gonflables, ainsi qu&rsquo;une longue liste d&rsquo;autres activit\u00e9s nautiques, dont le ski nautique, le wakeboard et le tubing.<\/p>\n<p><\/div><\/div>[\/vc_column][\/vc_row][vc_row][vc_column][vc_empty_space height=\u00a0\u00bb60px\u00a0\u00bb][\/vc_column][\/vc_row][vc_row][vc_column][vc_column_text]<\/p>\n<div class=\"wpb_column vc_column_container vc_col-sm-4\">\n<div class=\"vc_column-inner\">\n<div class=\"wpb_wrapper\">\n<div class=\"wpb_single_image wpb_content_element vc_align_left vc_custom_1561513413780\">\n<div class=\"wpb_wrapper\"><\/div>\n<\/div>\n<\/div>\n<\/div>\n<\/div>\n<div class=\"wpb_column vc_column_container vc_col-sm-8\">\n<div class=\"vc_column-inner\">\n<div class=\"wpb_wrapper\">\n<div class=\"wpb_text_column wpb_content_element \">\n<div class=\"wpb_wrapper\">\n<p>&nbsp;<\/p>\n<div id=\"supsystic-table-14_29753\" class=\"supsystic-tables-wrap \">\n<div id=\"supsystic-table-14_wrapper\" class=\"dataTables_wrapper no-footer\">\n<table id=\"supsystic-table-14\" class=\"supsystic-table compact border lightboxImg row-border dataTable no-footer\" role=\"grid\" data-id=\"14\" data-view-id=\"14_29753\" data-title=\"boat rentls\" data-currency-format=\"$1,000.00\" data-percent-format=\"10.00%\" data-date-format=\"DD.MM.YYYY\" data-time-format=\"HH:mm\" data-features=\"[&quot;after_table_loaded_script&quot;,&quot;auto_width&quot;]\" data-search-value=\"\" data-lightbox-img=\"\" data-head=\"on\" data-head-rows-count=\"1\" data-fixed-head=\"on\" data-fixed-height=\"400\" data-pagination-length=\"50,100,All\" data-auto-index=\"off\" data-searching-settings=\"{&quot;columnSearchPosition&quot;:&quot;bottom&quot;,&quot;minChars&quot;:&quot;0&quot;}\" data-lang=\"default\" data-override=\"{&quot;emptyTable&quot;:&quot;&quot;,&quot;info&quot;:&quot;&quot;,&quot;infoEmpty&quot;:&quot;&quot;,&quot;infoFiltered&quot;:&quot;&quot;,&quot;lengthMenu&quot;:&quot;&quot;,&quot;search&quot;:&quot;&quot;,&quot;zeroRecords&quot;:&quot;&quot;,&quot;exportLabel&quot;:&quot;&quot;,&quot;file&quot;:&quot;default&quot;}\" data-merged=\"[{&quot;row&quot;:8,&quot;col&quot;:1,&quot;rowspan&quot;:1,&quot;colspan&quot;:4}]\" data-responsive-mode=\"0\" data-from-history=\"0\">\n<thead>\n<tr role=\"row\">\n<th class=\"bg-022a69 color-ffffff htMiddle bold htCenter sorting_disabled\" colspan=\"1\" rowspan=\"1\" data-cell-id=\"A1\" data-x=\"0\" data-y=\"1\" data-db-index=\"1\" data-cell-type=\"text\" data-original-value=\"BOAT TYPE\" data-order=\"BOAT TYPE\">BATEAY<\/th>\n<th class=\"bg-022a69 color-ffffff htMiddle bold htCenter sorting_disabled\" colspan=\"1\" rowspan=\"1\" data-cell-id=\"B1\" data-x=\"1\" data-y=\"1\" data-db-index=\"1\" data-cell-type=\"text\" data-original-value=\"1 HOUR\" data-order=\"1 HOUR\">1 H<\/th>\n<th class=\"bg-022a69 color-ffffff htMiddle bold htCenter sorting_disabled\" colspan=\"1\" rowspan=\"1\" data-cell-id=\"C1\" data-x=\"2\" data-y=\"1\" data-db-index=\"1\" data-cell-type=\"text\" data-original-value=\"2 HOURS\" data-order=\"2 HOURS\">2 H<\/th>\n<th class=\"bg-022a69 color-ffffff htMiddle bold htCenter sorting_disabled\" colspan=\"1\" rowspan=\"1\" data-cell-id=\"D1\" data-x=\"3\" data-y=\"1\" data-db-index=\"1\" data-cell-type=\"text\" data-original-value=\"3 HOURS\" data-order=\"3 HOURS\">3 H<\/th>\n<th class=\"bg-022a69 color-ffffff htMiddle bold htCenter sorting_disabled\" colspan=\"1\" rowspan=\"1\" data-cell-id=\"E1\" data-x=\"4\" data-y=\"1\" data-db-index=\"1\" data-cell-type=\"text\" data-original-value=\"4 HOURS\" data-order=\"4 HOURS\">4 H<\/th>\n<\/tr>\n<\/thead>\n<tbody>\n<tr class=\"odd\">\n<td class=\"htMiddle htLeft\" data-cell-id=\"A2\" data-x=\"0\" data-y=\"2\" data-db-index=\"2\" data-cell-type=\"text\" data-original-value=\"PONTOON 8 passengers\" data-order=\"PONTOON 8 passengers\">PONTOON 8 passagers<\/td>\n<td class=\"htCenter htMiddle\" data-cell-id=\"B2\" data-x=\"1\" data-y=\"2\" data-db-index=\"2\" data-cell-type=\"text\" data-original-value=\"$121.50\" data-order=\"$121.50\">$121.50<\/td>\n<td class=\"htCenter htMiddle\" data-cell-id=\"C2\" data-x=\"2\" data-y=\"2\" data-db-index=\"2\" data-cell-type=\"text\" data-original-value=\"$224\" data-order=\"$224\">$224<\/td>\n<td class=\"htCenter htMiddle\" data-cell-id=\"D2\" data-x=\"3\" data-y=\"2\" data-db-index=\"2\" data-cell-type=\"text\" data-original-value=\"$327\" data-order=\"$327\">$327<\/td>\n<td class=\"htCenter htMiddle\" data-cell-id=\"E2\" data-x=\"4\" data-y=\"2\" data-db-index=\"2\" data-cell-type=\"text\" data-original-value=\"$430\" data-order=\"$430\">$430<\/td>\n<\/tr>\n<tr class=\"even\">\n<td class=\"htMiddle htLeft\" data-cell-id=\"A3\" data-x=\"0\" data-y=\"3\" data-db-index=\"3\" data-cell-type=\"text\" data-original-value=\"PONTOON 10 passengers\" data-order=\"PONTOON 10 passengers\">PONTOON 10 passagers<\/td>\n<td class=\"htCenter htMiddle\" data-cell-id=\"B3\" data-x=\"1\" data-y=\"3\" data-db-index=\"3\" data-cell-type=\"text\" data-original-value=\"$136\" data-order=\"$136\">$136<\/td>\n<td class=\"htCenter htMiddle\" data-cell-id=\"C3\" data-x=\"2\" data-y=\"3\" data-db-index=\"3\" data-cell-type=\"text\" data-original-value=\"$250.50\" data-order=\"$250.50\">$250.50<\/td>\n<td class=\"htCenter htMiddle\" data-cell-id=\"D3\" data-x=\"3\" data-y=\"3\" data-db-index=\"3\" data-cell-type=\"text\" data-original-value=\"$365.50\" data-order=\"$365.50\">$365.50<\/td>\n<td class=\"htCenter htMiddle\" data-cell-id=\"E3\" data-x=\"4\" data-y=\"3\" data-db-index=\"3\" data-cell-type=\"text\" data-original-value=\"$480.50\" data-order=\"$480.50\">$480.50<\/td>\n<\/tr>\n<tr class=\"odd\">\n<td class=\"htMiddle htLeft\" data-cell-id=\"A4\" data-x=\"0\" data-y=\"4\" data-db-index=\"4\" data-cell-type=\"text\" data-original-value=\"PONTOON 12 passengers\" data-order=\"PONTOON 12 passengers\">PONTOON 12 passagers<\/td>\n<td class=\"htCenter htMiddle\" data-cell-id=\"B4\" data-x=\"1\" data-y=\"4\" data-db-index=\"4\" data-cell-type=\"text\" data-original-value=\"$163\" data-order=\"$163\"><\/td>\n<td class=\"htCenter htMiddle\" data-cell-id=\"C4\" data-x=\"2\" data-y=\"4\" data-db-index=\"4\" data-cell-type=\"text\" data-original-value=\"$303\" data-order=\"$303\">$303<\/td>\n<td class=\"htCenter htMiddle\" data-cell-id=\"D4\" data-x=\"3\" data-y=\"4\" data-db-index=\"4\" data-cell-type=\"text\" data-original-value=\"$442\" data-order=\"$442\">$442<\/td>\n<td class=\"htCenter htMiddle\" data-cell-id=\"E4\" data-x=\"4\" data-y=\"4\" data-db-index=\"4\" data-cell-type=\"text\" data-original-value=\"$581.50\" data-order=\"$581.50\">$581.50<\/td>\n<\/tr>\n<tr class=\"even\">\n<td class=\"htMiddle htLeft\" data-cell-id=\"A5\" data-x=\"0\" data-y=\"5\" data-db-index=\"5\" data-cell-type=\"text\" data-original-value=\"PONTOON 14 passengers\" data-order=\"PONTOON 14 passengers\">PONTOON 14 passagers<\/td>\n<td class=\"htCenter htMiddle\" data-cell-id=\"B5\" data-x=\"1\" data-y=\"5\" data-db-index=\"5\" data-cell-type=\"text\" data-original-value=\"$189\" data-order=\"$189\">$189<\/td>\n<td class=\"htCenter htMiddle\" data-cell-id=\"C5\" data-x=\"2\" data-y=\"5\" data-db-index=\"5\" data-cell-type=\"text\" data-original-value=\"$189\" data-order=\"$189\">$189<\/td>\n<td class=\"htCenter htMiddle\" data-cell-id=\"D5\" data-x=\"3\" data-y=\"5\" data-db-index=\"5\" data-cell-type=\"text\" data-original-value=\"$515\" data-order=\"$515\">$515<\/td>\n<td class=\"htCenter htMiddle\" data-cell-id=\"E5\" data-x=\"4\" data-y=\"5\" data-db-index=\"5\" data-cell-type=\"text\" data-original-value=\"$678\" data-order=\"$678\">$678<\/td>\n<\/tr>\n<tr class=\"odd\">\n<td class=\"htMiddle htLeft\" data-cell-id=\"A6\" data-x=\"0\" data-y=\"6\" data-db-index=\"6\" data-cell-type=\"text\" data-original-value=\"AMAROK RUNABOUT\" data-order=\"AMAROK RUNABOUT\">AMAROK RUNABOUT<\/td>\n<td class=\"htCenter htMiddle\" data-cell-id=\"B6\" data-x=\"1\" data-y=\"6\" data-db-index=\"6\" data-cell-type=\"text\" data-original-value=\"$108\" data-order=\"$108\">$108<\/td>\n<td class=\"htCenter htMiddle\" data-cell-id=\"C6\" data-x=\"2\" data-y=\"6\" data-db-index=\"6\" data-cell-type=\"text\" data-original-value=\"$352\" data-order=\"$352\">$352<\/td>\n<td class=\"htCenter htMiddle\" data-cell-id=\"D6\" data-x=\"3\" data-y=\"6\" data-db-index=\"6\" data-cell-type=\"text\" data-original-value=\"$290\" data-order=\"$290\">$290<\/td>\n<td class=\"htCenter htMiddle\" data-cell-id=\"E6\" data-x=\"4\" data-y=\"6\" data-db-index=\"6\" data-cell-type=\"text\" data-original-value=\"-\" data-order=\"-\">&#8211;<\/td>\n<\/tr>\n<tr class=\"even\">\n<td class=\"htMiddle htLeft\" data-cell-id=\"A7\" data-x=\"0\" data-y=\"7\" data-db-index=\"7\" data-cell-type=\"text\" data-original-value=\"HOLIDAY BOAT\" data-order=\"HOLIDAY BOAT\">HOLIDAY BOAT<\/td>\n<td class=\"htCenter htMiddle\" data-cell-id=\"B7\" data-x=\"1\" data-y=\"7\" data-db-index=\"7\" data-cell-type=\"text\" data-original-value=\"$98\" data-order=\"$98\">$98<\/td>\n<td class=\"htCenter htMiddle\" data-cell-id=\"C7\" data-x=\"2\" data-y=\"7\" data-db-index=\"7\" data-cell-type=\"text\" data-original-value=\"$174\" data-order=\"$174\">$174<\/td>\n<td class=\"htCenter htMiddle\" data-cell-id=\"D7\" data-x=\"3\" data-y=\"7\" data-db-index=\"7\" data-cell-type=\"text\" data-original-value=\"$250.50\" data-order=\"$250.50\">$250.50<\/td>\n<td class=\"htCenter htMiddle\" data-cell-id=\"E7\" data-x=\"4\" data-y=\"7\" data-db-index=\"7\" data-cell-type=\"text\" data-original-value=\"-\" data-order=\"-\">&#8211;<\/td>\n<\/tr>\n<tr class=\"odd\">\n<td class=\"htMiddle htLeft\" data-cell-id=\"A8\" data-x=\"0\" data-y=\"8\" data-db-index=\"8\" data-cell-type=\"text\" data-original-value=\"GUIDED PONTOON (11 PPL)\" data-order=\"GUIDED PONTOON (11 PPL)\">GUIDE PONTOON (11 Personnes)<\/td>\n<td class=\"htCenter htMiddle\" data-cell-id=\"B8\" data-x=\"1\" data-y=\"8\" data-db-index=\"8\" data-cell-type=\"text\" data-original-value=\"-\" data-order=\"-\">&#8211;<\/td>\n<td class=\"htCenter htMiddle\" data-cell-id=\"C8\" data-x=\"2\" data-y=\"8\" data-db-index=\"8\" data-cell-type=\"text\" data-original-value=\"$507\" data-order=\"$507\">$507<\/td>\n<td class=\"htCenter htMiddle\" data-cell-id=\"D8\" data-x=\"3\" data-y=\"8\" data-db-index=\"8\" data-cell-type=\"text\" data-original-value=\"$750\" data-order=\"$750\">$750<\/td>\n<td class=\"htCenter htMiddle\" data-cell-id=\"E8\" data-x=\"4\" data-y=\"8\" data-db-index=\"8\" data-cell-type=\"text\" data-original-value=\"-\" data-order=\"-\">&#8211;<\/td>\n<\/tr>\n<tr class=\"even\">\n<td class=\"htMiddle htLeft\" data-cell-id=\"A9\" data-x=\"0\" data-y=\"9\" data-db-index=\"9\" data-cell-type=\"text\" data-original-value=\"PONTOON COCKTAIL CRUISE\" data-order=\"PONTOON COCKTAIL CRUISE\">PONTOON COCKTAIL CRUISE<\/td>\n<td class=\"htCenter htMiddle\" colspan=\"4\" data-cell-id=\"B9\" data-x=\"1\" data-y=\"9\" data-db-index=\"9\" data-cell-type=\"text\" data-original-value=\"$37.50 per person (18 yrs)\" data-order=\"$37.50 per person (18 yrs)\" data-colspan=\"4\" data-rowspan=\"1\">$37.50 par personne (18 ans)<\/td>\n<\/tr>\n<\/tbody>\n<\/table>\n<\/div>\n<\/div>\n<\/div>\n<\/div>\n<\/div>\n<\/div>\n<\/div>\n<p>[\/vc_column_text][\/vc_column][\/vc_row][vc_row][vc_column][vc_empty_space height=\u00a0\u00bb60px\u00a0\u00bb][\/vc_column][\/vc_row][vc_row][vc_column][vc_single_image image=\u00a0\u00bb26272&Prime; img_size=\u00a0\u00bb600&#215;400&Prime; alignment=\u00a0\u00bbcenter\u00a0\u00bb][\/vc_column][\/vc_row]<\/p>\n","protected":false},"excerpt":{"rendered":"<p>[vc_row][vc_column][\/vc_column][\/vc_row][vc_row][vc_column][vc_empty_space height=\u00a0\u00bb60px\u00a0\u00bb][\/vc_column][\/vc_row][vc_row][vc_column][vc_column_text] &nbsp; BATEAY 1 H 2 H 3 H 4 H PONTOON 8 passagers $121.50 $224 $327 $430 PONTOON 10 passagers $136 $250.50 $365.50 $480.50 PONTOON 12 passagers $303 $442 $581.50 PONTOON 14 passagers $189 $189 $515 $678 AMAROK RUNABOUT $108 $352 $290 &#8211; HOLIDAY BOAT $98 $174 $250.50 &#8211; GUIDE PONTOON (11 Personnes)&hellip;<\/p>\n","protected":false},"author":5,"featured_media":23427,"parent":21147,"menu_order":0,"comment_status":"closed","ping_status":"closed","template":"","meta":{"footnotes":""},"class_list":["post-24651","page","type-page","status-publish","has-post-thumbnail","hentry","description-off"],"yoast_head":"<!-- This site is optimized with the Yoast SEO Premium plugin v26.5 (Yoast SEO v26.5) - https:\/\/yoast.com\/wordpress\/plugins\/seo\/ -->\n<title>Location de bateaux \u00e0 Mont-Tremblant, activit\u00e9s d&#039;\u00e9t\u00e9 \u00e0 Tremblant<\/title>\n<meta name=\"description\" content=\"Official Mont-Tremblant vous offre plus d&#039;informations sur les activit\u00e9s d&#039;\u00e9t\u00e9 \u00e0 Tremblant dont la location de bateaux \u00e0 Mont-Tremblant.\" \/>\n<meta name=\"robots\" content=\"index, follow, max-snippet:-1, max-image-preview:large, max-video-preview:-1\" \/>\n<link rel=\"canonical\" href=\"https:\/\/officialmonttremblant.com\/fr\/activites\/activites-d-ete\/louer-un-bateau\/\" \/>\n<meta property=\"og:locale\" content=\"fr_FR\" \/>\n<meta property=\"og:type\" content=\"article\" \/>\n<meta property=\"og:title\" content=\"Locations de bateaux\" \/>\n<meta property=\"og:description\" content=\"Official Mont-Tremblant vous offre plus d&#039;informations sur les activit\u00e9s d&#039;\u00e9t\u00e9 \u00e0 Tremblant dont la location de bateaux \u00e0 Mont-Tremblant.\" \/>\n<meta property=\"og:url\" content=\"https:\/\/officialmonttremblant.com\/fr\/activites\/activites-d-ete\/louer-un-bateau\/\" \/>\n<meta property=\"og:site_name\" content=\"Official Mont Tremblant\" \/>\n<meta property=\"article:modified_time\" content=\"2025-07-29T15:36:46+00:00\" \/>\n<meta property=\"og:image\" content=\"https:\/\/officialmonttremblant.com\/wp-content\/uploads\/2022\/09\/boat-rental.jpeg\" \/>\n\t<meta property=\"og:image:width\" content=\"1000\" \/>\n\t<meta property=\"og:image:height\" content=\"491\" \/>\n\t<meta property=\"og:image:type\" content=\"image\/jpeg\" \/>\n<meta name=\"twitter:card\" content=\"summary_large_image\" \/>\n<meta name=\"twitter:label1\" content=\"Dur\u00e9e de lecture estim\u00e9e\" \/>\n\t<meta name=\"twitter:data1\" content=\"2 minutes\" \/>\n<script type=\"application\/ld+json\" class=\"yoast-schema-graph\">{\"@context\":\"https:\/\/schema.org\",\"@graph\":[{\"@type\":\"WebPage\",\"@id\":\"https:\/\/officialmonttremblant.com\/fr\/activites\/activites-d-ete\/louer-un-bateau\/\",\"url\":\"https:\/\/officialmonttremblant.com\/fr\/activites\/activites-d-ete\/louer-un-bateau\/\",\"name\":\"Location de bateaux \u00e0 Mont-Tremblant, activit\u00e9s d'\u00e9t\u00e9 \u00e0 Tremblant\",\"isPartOf\":{\"@id\":\"https:\/\/officialmonttremblant.com\/fr\/#website\"},\"primaryImageOfPage\":{\"@id\":\"https:\/\/officialmonttremblant.com\/fr\/activites\/activites-d-ete\/louer-un-bateau\/#primaryimage\"},\"image\":{\"@id\":\"https:\/\/officialmonttremblant.com\/fr\/activites\/activites-d-ete\/louer-un-bateau\/#primaryimage\"},\"thumbnailUrl\":\"https:\/\/officialmonttremblant.com\/wp-content\/uploads\/2022\/09\/boat-rental.jpeg\",\"datePublished\":\"2022-09-21T18:17:34+00:00\",\"dateModified\":\"2025-07-29T15:36:46+00:00\",\"description\":\"Official Mont-Tremblant vous offre plus d'informations sur les activit\u00e9s d'\u00e9t\u00e9 \u00e0 Tremblant dont la location de bateaux \u00e0 Mont-Tremblant.\",\"breadcrumb\":{\"@id\":\"https:\/\/officialmonttremblant.com\/fr\/activites\/activites-d-ete\/louer-un-bateau\/#breadcrumb\"},\"inLanguage\":\"fr-FR\",\"potentialAction\":[{\"@type\":\"ReadAction\",\"target\":[\"https:\/\/officialmonttremblant.com\/fr\/activites\/activites-d-ete\/louer-un-bateau\/\"]}]},{\"@type\":\"ImageObject\",\"inLanguage\":\"fr-FR\",\"@id\":\"https:\/\/officialmonttremblant.com\/fr\/activites\/activites-d-ete\/louer-un-bateau\/#primaryimage\",\"url\":\"https:\/\/officialmonttremblant.com\/wp-content\/uploads\/2022\/09\/boat-rental.jpeg\",\"contentUrl\":\"https:\/\/officialmonttremblant.com\/wp-content\/uploads\/2022\/09\/boat-rental.jpeg\",\"width\":1000,\"height\":491,\"caption\":\"Mont-Tremblant boat rentals\"},{\"@type\":\"BreadcrumbList\",\"@id\":\"https:\/\/officialmonttremblant.com\/fr\/activites\/activites-d-ete\/louer-un-bateau\/#breadcrumb\",\"itemListElement\":[{\"@type\":\"ListItem\",\"position\":1,\"name\":\"Home\",\"item\":\"https:\/\/officialmonttremblant.com\/fr\/\"},{\"@type\":\"ListItem\",\"position\":2,\"name\":\"Activit\u00e9s\",\"item\":\"https:\/\/officialmonttremblant.com\/fr\/activites\/\"},{\"@type\":\"ListItem\",\"position\":3,\"name\":\"Activit\u00e9s d&#8217;\u00e9t\u00e9\",\"item\":\"https:\/\/officialmonttremblant.com\/fr\/activites\/activites-d-ete\/\"},{\"@type\":\"ListItem\",\"position\":4,\"name\":\"Locations de bateaux\"}]},{\"@type\":\"WebSite\",\"@id\":\"https:\/\/officialmonttremblant.com\/fr\/#website\",\"url\":\"https:\/\/officialmonttremblant.com\/fr\/\",\"name\":\"Official Mont Tremblant\",\"description\":\"Vacation &amp; tourist guide in Mont Tremblant\",\"potentialAction\":[{\"@type\":\"SearchAction\",\"target\":{\"@type\":\"EntryPoint\",\"urlTemplate\":\"https:\/\/officialmonttremblant.com\/fr\/?s={search_term_string}\"},\"query-input\":{\"@type\":\"PropertyValueSpecification\",\"valueRequired\":true,\"valueName\":\"search_term_string\"}}],\"inLanguage\":\"fr-FR\"}]}<\/script>\n<!-- \/ Yoast SEO Premium plugin. -->","yoast_head_json":{"title":"Location de bateaux \u00e0 Mont-Tremblant, activit\u00e9s d'\u00e9t\u00e9 \u00e0 Tremblant","description":"Official Mont-Tremblant vous offre plus d'informations sur les activit\u00e9s d'\u00e9t\u00e9 \u00e0 Tremblant dont la location de bateaux \u00e0 Mont-Tremblant.","robots":{"index":"index","follow":"follow","max-snippet":"max-snippet:-1","max-image-preview":"max-image-preview:large","max-video-preview":"max-video-preview:-1"},"canonical":"https:\/\/officialmonttremblant.com\/fr\/activites\/activites-d-ete\/louer-un-bateau\/","og_locale":"fr_FR","og_type":"article","og_title":"Locations de bateaux","og_description":"Official Mont-Tremblant vous offre plus d'informations sur les activit\u00e9s d'\u00e9t\u00e9 \u00e0 Tremblant dont la location de bateaux \u00e0 Mont-Tremblant.","og_url":"https:\/\/officialmonttremblant.com\/fr\/activites\/activites-d-ete\/louer-un-bateau\/","og_site_name":"Official Mont Tremblant","article_modified_time":"2025-07-29T15:36:46+00:00","og_image":[{"width":1000,"height":491,"url":"https:\/\/officialmonttremblant.com\/wp-content\/uploads\/2022\/09\/boat-rental.jpeg","type":"image\/jpeg"}],"twitter_card":"summary_large_image","twitter_misc":{"Dur\u00e9e de lecture estim\u00e9e":"2 minutes"},"schema":{"@context":"https:\/\/schema.org","@graph":[{"@type":"WebPage","@id":"https:\/\/officialmonttremblant.com\/fr\/activites\/activites-d-ete\/louer-un-bateau\/","url":"https:\/\/officialmonttremblant.com\/fr\/activites\/activites-d-ete\/louer-un-bateau\/","name":"Location de bateaux \u00e0 Mont-Tremblant, activit\u00e9s d'\u00e9t\u00e9 \u00e0 Tremblant","isPartOf":{"@id":"https:\/\/officialmonttremblant.com\/fr\/#website"},"primaryImageOfPage":{"@id":"https:\/\/officialmonttremblant.com\/fr\/activites\/activites-d-ete\/louer-un-bateau\/#primaryimage"},"image":{"@id":"https:\/\/officialmonttremblant.com\/fr\/activites\/activites-d-ete\/louer-un-bateau\/#primaryimage"},"thumbnailUrl":"https:\/\/officialmonttremblant.com\/wp-content\/uploads\/2022\/09\/boat-rental.jpeg","datePublished":"2022-09-21T18:17:34+00:00","dateModified":"2025-07-29T15:36:46+00:00","description":"Official Mont-Tremblant vous offre plus d'informations sur les activit\u00e9s d'\u00e9t\u00e9 \u00e0 Tremblant dont la location de bateaux \u00e0 Mont-Tremblant.","breadcrumb":{"@id":"https:\/\/officialmonttremblant.com\/fr\/activites\/activites-d-ete\/louer-un-bateau\/#breadcrumb"},"inLanguage":"fr-FR","potentialAction":[{"@type":"ReadAction","target":["https:\/\/officialmonttremblant.com\/fr\/activites\/activites-d-ete\/louer-un-bateau\/"]}]},{"@type":"ImageObject","inLanguage":"fr-FR","@id":"https:\/\/officialmonttremblant.com\/fr\/activites\/activites-d-ete\/louer-un-bateau\/#primaryimage","url":"https:\/\/officialmonttremblant.com\/wp-content\/uploads\/2022\/09\/boat-rental.jpeg","contentUrl":"https:\/\/officialmonttremblant.com\/wp-content\/uploads\/2022\/09\/boat-rental.jpeg","width":1000,"height":491,"caption":"Mont-Tremblant boat rentals"},{"@type":"BreadcrumbList","@id":"https:\/\/officialmonttremblant.com\/fr\/activites\/activites-d-ete\/louer-un-bateau\/#breadcrumb","itemListElement":[{"@type":"ListItem","position":1,"name":"Home","item":"https:\/\/officialmonttremblant.com\/fr\/"},{"@type":"ListItem","position":2,"name":"Activit\u00e9s","item":"https:\/\/officialmonttremblant.com\/fr\/activites\/"},{"@type":"ListItem","position":3,"name":"Activit\u00e9s d&#8217;\u00e9t\u00e9","item":"https:\/\/officialmonttremblant.com\/fr\/activites\/activites-d-ete\/"},{"@type":"ListItem","position":4,"name":"Locations de bateaux"}]},{"@type":"WebSite","@id":"https:\/\/officialmonttremblant.com\/fr\/#website","url":"https:\/\/officialmonttremblant.com\/fr\/","name":"Official Mont Tremblant","description":"Vacation &amp; tourist guide in Mont Tremblant","potentialAction":[{"@type":"SearchAction","target":{"@type":"EntryPoint","urlTemplate":"https:\/\/officialmonttremblant.com\/fr\/?s={search_term_string}"},"query-input":{"@type":"PropertyValueSpecification","valueRequired":true,"valueName":"search_term_string"}}],"inLanguage":"fr-FR"}]}},"jetpack_sharing_enabled":true,"_links":{"self":[{"href":"https:\/\/officialmonttremblant.com\/fr\/wp-json\/wp\/v2\/pages\/24651","targetHints":{"allow":["GET"]}}],"collection":[{"href":"https:\/\/officialmonttremblant.com\/fr\/wp-json\/wp\/v2\/pages"}],"about":[{"href":"https:\/\/officialmonttremblant.com\/fr\/wp-json\/wp\/v2\/types\/page"}],"author":[{"embeddable":true,"href":"https:\/\/officialmonttremblant.com\/fr\/wp-json\/wp\/v2\/users\/5"}],"replies":[{"embeddable":true,"href":"https:\/\/officialmonttremblant.com\/fr\/wp-json\/wp\/v2\/comments?post=24651"}],"version-history":[{"count":4,"href":"https:\/\/officialmonttremblant.com\/fr\/wp-json\/wp\/v2\/pages\/24651\/revisions"}],"predecessor-version":[{"id":26653,"href":"https:\/\/officialmonttremblant.com\/fr\/wp-json\/wp\/v2\/pages\/24651\/revisions\/26653"}],"up":[{"embeddable":true,"href":"https:\/\/officialmonttremblant.com\/fr\/wp-json\/wp\/v2\/pages\/21147"}],"wp:featuredmedia":[{"embeddable":true,"href":"https:\/\/officialmonttremblant.com\/fr\/wp-json\/wp\/v2\/media\/23427"}],"wp:attachment":[{"href":"https:\/\/officialmonttremblant.com\/fr\/wp-json\/wp\/v2\/media?parent=24651"}],"curies":[{"name":"wp","href":"https:\/\/api.w.org\/{rel}","templated":true}]}}