{"id":24722,"date":"2022-09-19T18:09:08","date_gmt":"2022-09-19T21:09:08","guid":{"rendered":"https:\/\/officialmonttremblant.com\/activites\/activites-d-ete\/faire-du-velo\/bike-rentals\/"},"modified":"2022-10-18T14:06:13","modified_gmt":"2022-10-18T17:06:13","slug":"locations-de-velos","status":"publish","type":"page","link":"https:\/\/officialmonttremblant.com\/fr\/activites\/activites-d-ete\/faire-du-velo\/locations-de-velos\/","title":{"rendered":"Locations de v\u00e9los"},"content":{"rendered":"<p>[vc_row][vc_column]<div id=\"ultimate-heading-835869e1b40c416b2\" class=\"uvc-heading ult-adjust-bottom-margin ultimate-heading-835869e1b40c416b2 uvc-8624  uvc-heading-default-font-sizes\" data-hspacer=\"no_spacer\"  data-halign=\"left\" style=\"text-align:left\"><div class=\"uvc-heading-spacer no_spacer\" style=\"top\"><\/div><div class=\"uvc-main-heading ult-responsive\"  data-ultimate-target='.uvc-heading.ultimate-heading-835869e1b40c416b2 h2'  data-responsive-json-new='{\"font-size\":\"\",\"line-height\":\"\"}' ><h2 style=\"--font-weight:theme;\">Locations de v\u00e9los \u00e0 Mont-Tremblant<\/h2><\/div><\/div>[\/vc_column][\/vc_row][vc_row][vc_column][vc_empty_space height=\u00a0\u00bb60px\u00a0\u00bb][\/vc_column][\/vc_row][vc_row][vc_column][vc_column_text]<\/p>\n<p style=\"text-align: left;\">Official Mont-Tremblant vous apporte plus d&rsquo;informations sur les activit\u00e9s \u00e0 Mont-Tremblant notamment sur les locations de v\u00e9los \u00e0 Mont-Tremblant.<\/p>\n<p style=\"text-align: left;\">Le v\u00e9lo de route, le v\u00e9lo de montagne et le v\u00e9lo r\u00e9cr\u00e9atif sont les meilleures activit\u00e9s \u00e0 Mont-Tremblant pour ceux qui veulent vraiment d\u00e9couvrir la beaut\u00e9 des environs. La r\u00e9gion regorge de pistes de v\u00e9lo qui font le tour de Tremblant, montant, descendant et contournant les nombreuses collines. Il y a des sentiers pour tous les niveaux.<\/p>\n<p style=\"text-align: left;\">Si vous n&rsquo;avez pas votre propre v\u00e9lo, il y a plusieurs magasins de d\u00e9tail \u00e0 proximit\u00e9 qui proposent des locations de v\u00e9los \u00e0 Mont-Tremblant. Ils proposent une vari\u00e9t\u00e9 de v\u00e9los haut de gamme, mais les tarifs ont tendance \u00e0 \u00eatre un peu \u00e9lev\u00e9s. Vous pouvez \u00e9galement louer des v\u00e9los dans l&rsquo;un des magasins de sport g\u00e9n\u00e9ralistes. Ces magasins de sport offrent \u00e9galement un bel assortiment de v\u00e9los \u00e0 des prix plus abordables.<\/p>\n<p style=\"text-align: left;\">En tant que vacanciers \u00e0 Tremblant, nous vous sugg\u00e9rons de choisir un v\u00e9lo qui est compatible avec votre niveau d&rsquo;habilet\u00e9. Demandez \u00e0 un sp\u00e9cialiste du v\u00e9lo dans l&rsquo;un des magasins d&rsquo;\u00e9valuer vos capacit\u00e9s de conduite afin qu&rsquo;il puisse vous aider \u00e0 choisir la location de v\u00e9lo qui convient le mieux \u00e0 vos besoins. Vous trouverez ci-dessous trois endroits diff\u00e9rents qui proposent des locations de v\u00e9los \u00e0 Mont-Tremblant :<\/p>\n<p>[\/vc_column_text][\/vc_column][\/vc_row][vc_row][vc_column][vc_empty_space height=\u00a0\u00bb60px\u00a0\u00bb][\/vc_column][\/vc_row][vc_row][vc_column][vc_column_text]<\/p>\n<h3 class=\"vc_custom_heading vc_custom_1561686143591\">Mont Tremblant bike rentals<\/h3>\n<div class=\"vc_row wpb_row section vc_row-fluid vc_inner \">\n<div class=\" full_section_inner clearfix\">\n<div class=\"wpb_column vc_column_container vc_col-sm-6\">\n<div class=\"vc_column-inner\">\n<div class=\"wpb_wrapper\">\n<div class=\"wpb_single_image wpb_content_element vc_align_left\">\n<div class=\"wpb_wrapper\">\n<div class=\"vc_single_image-wrapper vc_box_border_grey\"><img loading=\"lazy\" decoding=\"async\" class=\"vc_single_image-img attachment-medium\" src=\"https:\/\/i0.wp.com\/officialmonttremblant.com\/wp-content\/uploads\/2019\/06\/logo2.png?fit=225%2C164&amp;ssl=1\" alt=\"mont tremblant bike shop\" width=\"225\" height=\"164\" data-pagespeed-url-hash=\"3592974819\" \/><\/div>\n<\/div>\n<\/div>\n<\/div>\n<\/div>\n<\/div>\n<div class=\"wpb_column vc_column_container vc_col-sm-6\">\n<div class=\"vc_column-inner\">\n<div class=\"wpb_wrapper\">\n<h3 class=\"vc_custom_heading vc_custom_1561681208500\">Cybercycle<\/h3>\n<div class=\"wpb_text_column wpb_content_element vc_custom_1561681196327\">\n<div class=\"wpb_wrapper\">\n<p>1908 Chemin du Village, Mont-Tremblant, QC J8E 1K4<\/p>\n<\/div>\n<\/div>\n<div class=\"wpb_text_column wpb_content_element vc_custom_1561686181143\">\n<div class=\"wpb_wrapper\">\n<p><i class=\"qode_icon_font_awesome fa fa-phone qode_icon_element\"><\/i>\u00a0 \u00a01 819-425-3308<\/p>\n<p><i class=\"qode_icon_font_awesome fa fa-envelope qode_icon_element\"><\/i>\u00a0 <a href=\"mailto:cybercycle@bellnet.ca\">cybercycle@bellnet.ca<\/a><\/p>\n<p><a href=\"https:\/\/www.cybercycletremblant.com\/\">www.cybercycletremblant.com<\/a><\/p>\n<\/div>\n<\/div>\n<\/div>\n<\/div>\n<\/div>\n<\/div>\n<\/div>\n<div class=\"wpb_text_column wpb_content_element vc_custom_1561686981875\">\n<div class=\"wpb_wrapper\">\n<p>&nbsp;<\/p>\n<p>Cybercycle propose des locations de v\u00e9los et dispose d&rsquo;un vaste choix de v\u00e9los \u00e0 vendre, des v\u00e9los de route haut de gamme aux v\u00e9los de triathlon. Le magasin vend \u00e9galement des v\u00eatements et des accessoires de v\u00e9lo et offre des services d&rsquo;entretien de v\u00e9lo. La direction et le personnel de Cybercycle sont tr\u00e8s professionnels, serviables et accueillants. Le magasin s&rsquo;adresse aux vacanciers de Tremblant et aux habitants de la r\u00e9gion et n&rsquo;est pas consid\u00e9r\u00e9 comme un pi\u00e8ge \u00e0 touristes. Cybercycle a m\u00eame un bar sant\u00e9 sur place avec des boissons et d&rsquo;excellents sandwichs.<\/p>\n<p>La location de v\u00e9los \u00e0 Tremblant chez Cybercycle est id\u00e9alement situ\u00e9e \u00e0 quelques secondes du sentier du Petit Train du Nord et \u00e0 15 minutes des montagnes. Les clients pourront sauter sur leur v\u00e9lo lou\u00e9 et prendre la route.<\/p>\n<\/div>\n<\/div>\n<p>[\/vc_column_text][\/vc_column][\/vc_row][vc_row][vc_column][vc_empty_space height=\u00a0\u00bb60px\u00a0\u00bb][\/vc_column][\/vc_row][vc_row][vc_column][vc_column_text]<\/p>\n<div class=\"vc_row wpb_row section vc_row-fluid vc_inner vc_custom_1561687901466\">\n<div class=\" full_section_inner clearfix\">\n<div class=\"wpb_column vc_column_container vc_col-sm-6\">\n<div class=\"vc_column-inner\">\n<div class=\"wpb_wrapper\">\n<div class=\"wpb_single_image wpb_content_element vc_align_left\">\n<div class=\"wpb_wrapper\">\n<div class=\"vc_single_image-wrapper vc_box_border_grey\"><img loading=\"lazy\" decoding=\"async\" class=\"vc_single_image-img attachment-medium\" src=\"https:\/\/i0.wp.com\/officialmonttremblant.com\/wp-content\/uploads\/2019\/06\/logo-2.png?fit=224%2C164&amp;ssl=1\" alt=\"mont tremblant bike shops, service, repairs\" width=\"224\" height=\"164\" data-pagespeed-url-hash=\"3756880755\" \/><\/div>\n<\/div>\n<\/div>\n<\/div>\n<\/div>\n<\/div>\n<div class=\"wpb_column vc_column_container vc_col-sm-6\">\n<div class=\"vc_column-inner\">\n<div class=\"wpb_wrapper\">\n<h3 class=\"vc_custom_heading vc_custom_1561687614973\">D-Tour<\/h3>\n<div class=\"wpb_text_column wpb_content_element vc_custom_1561687634479\">\n<div class=\"wpb_wrapper\">\n<p><strong>1944 Chemin du Village suite #1<\/strong>, Mont-Tremblant, QC <strong>J8E 1K4<\/strong><\/p>\n<\/div>\n<\/div>\n<div class=\"wpb_text_column wpb_content_element vc_custom_1561687692415\">\n<div class=\"wpb_wrapper\">\n<p><i class=\"qode_icon_font_awesome fa fa-phone qode_icon_element\"><\/i>\u00a0 \u00a01 819-430-8687<\/p>\n<p><i class=\"qode_icon_font_awesome fa fa-envelope qode_icon_element\"><\/i>\u00a0 <a href=\"mailto:info@dtourtremblant.com\">info@dtourtremblant.com<\/a><\/p>\n<p><a href=\"https:\/\/www.dtourtremblant.com\/\">www.dtourtremblant.com<\/a><\/p>\n<\/div>\n<\/div>\n<\/div>\n<\/div>\n<\/div>\n<\/div>\n<\/div>\n<div class=\"wpb_text_column wpb_content_element vc_custom_1561687815870\">\n<div class=\"wpb_wrapper\">\n<p>D\u00e9couvrez Mont-Tremblant \u00e0 votre fa\u00e7on et \u00e0 votre rythme avec notre service de location de v\u00e9los \u00e9lectriques. \u00c0 partir de nos bureaux, vous pouvez facilement acc\u00e9der au r\u00e9seau de pistes de v\u00e9lo de Mont-Tremblant, un terrain de jeu de pr\u00e8s de 50 km, de la Station Tremblant au parc lin\u00e9aire du P&rsquo;tit Train du Nord.\u00a0Le personnel vous conseillera sur un itin\u00e9raire adapt\u00e9 \u00e0 votre niveau et \u00e0 votre motivation&#8230;<\/p>\n<\/div>\n<\/div>\n<p>[\/vc_column_text][\/vc_column][\/vc_row]<\/p>\n","protected":false},"excerpt":{"rendered":"<p>[vc_row][vc_column][\/vc_column][\/vc_row][vc_row][vc_column][vc_empty_space height=\u00a0\u00bb60px\u00a0\u00bb][\/vc_column][\/vc_row][vc_row][vc_column][vc_column_text] Official Mont-Tremblant vous apporte plus d&rsquo;informations sur les activit\u00e9s \u00e0 Mont-Tremblant notamment sur les locations de v\u00e9los \u00e0 Mont-Tremblant. Le v\u00e9lo de route, le v\u00e9lo de montagne et le v\u00e9lo r\u00e9cr\u00e9atif sont les meilleures activit\u00e9s \u00e0 Mont-Tremblant pour ceux qui veulent vraiment d\u00e9couvrir la beaut\u00e9 des environs. La r\u00e9gion regorge de pistes de&hellip;<\/p>\n","protected":false},"author":5,"featured_media":23102,"parent":24716,"menu_order":0,"comment_status":"closed","ping_status":"closed","template":"","meta":{"footnotes":""},"class_list":["post-24722","page","type-page","status-publish","has-post-thumbnail","hentry","description-off"],"yoast_head":"<!-- This site is optimized with the Yoast SEO Premium plugin v26.5 (Yoast SEO v26.5) - https:\/\/yoast.com\/wordpress\/plugins\/seo\/ -->\n<title>Locations de v\u00e9los \u00e0 Mont-Tremblant, activit\u00e9s \u00e0 Mont-Tremblant<\/title>\n<meta name=\"description\" content=\"Official Mont-Tremblant vous offre plus d&#039;informations sur les activit\u00e9s \u00e0 Mont-Tremblant dont les locations de v\u00e9los \u00e0 Mont-Tremblant.\" \/>\n<meta name=\"robots\" content=\"index, follow, max-snippet:-1, max-image-preview:large, max-video-preview:-1\" \/>\n<link rel=\"canonical\" href=\"https:\/\/officialmonttremblant.com\/fr\/activites\/activites-d-ete\/faire-du-velo\/locations-de-velos\/\" \/>\n<meta property=\"og:locale\" content=\"fr_FR\" \/>\n<meta property=\"og:type\" content=\"article\" \/>\n<meta property=\"og:title\" content=\"Locations de v\u00e9los\" \/>\n<meta property=\"og:description\" content=\"Official Mont-Tremblant vous offre plus d&#039;informations sur les activit\u00e9s \u00e0 Mont-Tremblant dont les locations de v\u00e9los \u00e0 Mont-Tremblant.\" \/>\n<meta property=\"og:url\" content=\"https:\/\/officialmonttremblant.com\/fr\/activites\/activites-d-ete\/faire-du-velo\/locations-de-velos\/\" \/>\n<meta property=\"og:site_name\" content=\"Official Mont Tremblant\" \/>\n<meta property=\"article:modified_time\" content=\"2022-10-18T17:06:13+00:00\" \/>\n<meta property=\"og:image\" content=\"https:\/\/officialmonttremblant.com\/wp-content\/uploads\/2022\/09\/bicycle-g0f1d95f79_1920.jpg\" \/>\n\t<meta property=\"og:image:width\" content=\"1920\" \/>\n\t<meta property=\"og:image:height\" content=\"1280\" \/>\n\t<meta property=\"og:image:type\" content=\"image\/jpeg\" \/>\n<meta name=\"twitter:card\" content=\"summary_large_image\" \/>\n<meta name=\"twitter:label1\" content=\"Dur\u00e9e de lecture estim\u00e9e\" \/>\n\t<meta name=\"twitter:data1\" content=\"3 minutes\" \/>\n<script type=\"application\/ld+json\" class=\"yoast-schema-graph\">{\"@context\":\"https:\/\/schema.org\",\"@graph\":[{\"@type\":\"WebPage\",\"@id\":\"https:\/\/officialmonttremblant.com\/fr\/activites\/activites-d-ete\/faire-du-velo\/locations-de-velos\/\",\"url\":\"https:\/\/officialmonttremblant.com\/fr\/activites\/activites-d-ete\/faire-du-velo\/locations-de-velos\/\",\"name\":\"Locations de v\u00e9los \u00e0 Mont-Tremblant, activit\u00e9s \u00e0 Mont-Tremblant\",\"isPartOf\":{\"@id\":\"https:\/\/officialmonttremblant.com\/fr\/#website\"},\"primaryImageOfPage\":{\"@id\":\"https:\/\/officialmonttremblant.com\/fr\/activites\/activites-d-ete\/faire-du-velo\/locations-de-velos\/#primaryimage\"},\"image\":{\"@id\":\"https:\/\/officialmonttremblant.com\/fr\/activites\/activites-d-ete\/faire-du-velo\/locations-de-velos\/#primaryimage\"},\"thumbnailUrl\":\"https:\/\/officialmonttremblant.com\/wp-content\/uploads\/2022\/09\/bicycle-g0f1d95f79_1920.jpg\",\"datePublished\":\"2022-09-19T21:09:08+00:00\",\"dateModified\":\"2022-10-18T17:06:13+00:00\",\"description\":\"Official Mont-Tremblant vous offre plus d'informations sur les activit\u00e9s \u00e0 Mont-Tremblant dont les locations de v\u00e9los \u00e0 Mont-Tremblant.\",\"breadcrumb\":{\"@id\":\"https:\/\/officialmonttremblant.com\/fr\/activites\/activites-d-ete\/faire-du-velo\/locations-de-velos\/#breadcrumb\"},\"inLanguage\":\"fr-FR\",\"potentialAction\":[{\"@type\":\"ReadAction\",\"target\":[\"https:\/\/officialmonttremblant.com\/fr\/activites\/activites-d-ete\/faire-du-velo\/locations-de-velos\/\"]}]},{\"@type\":\"ImageObject\",\"inLanguage\":\"fr-FR\",\"@id\":\"https:\/\/officialmonttremblant.com\/fr\/activites\/activites-d-ete\/faire-du-velo\/locations-de-velos\/#primaryimage\",\"url\":\"https:\/\/officialmonttremblant.com\/wp-content\/uploads\/2022\/09\/bicycle-g0f1d95f79_1920.jpg\",\"contentUrl\":\"https:\/\/officialmonttremblant.com\/wp-content\/uploads\/2022\/09\/bicycle-g0f1d95f79_1920.jpg\",\"width\":1920,\"height\":1280,\"caption\":\"Bike rentals\"},{\"@type\":\"BreadcrumbList\",\"@id\":\"https:\/\/officialmonttremblant.com\/fr\/activites\/activites-d-ete\/faire-du-velo\/locations-de-velos\/#breadcrumb\",\"itemListElement\":[{\"@type\":\"ListItem\",\"position\":1,\"name\":\"Home\",\"item\":\"https:\/\/officialmonttremblant.com\/fr\/\"},{\"@type\":\"ListItem\",\"position\":2,\"name\":\"Activit\u00e9s\",\"item\":\"https:\/\/officialmonttremblant.com\/fr\/activites\/\"},{\"@type\":\"ListItem\",\"position\":3,\"name\":\"Activit\u00e9s d&#8217;\u00e9t\u00e9\",\"item\":\"https:\/\/officialmonttremblant.com\/fr\/activites\/activites-d-ete\/\"},{\"@type\":\"ListItem\",\"position\":4,\"name\":\"Faire du v\u00e9lo\",\"item\":\"https:\/\/officialmonttremblant.com\/fr\/activites\/activites-d-ete\/faire-du-velo\/\"},{\"@type\":\"ListItem\",\"position\":5,\"name\":\"Locations de v\u00e9los\"}]},{\"@type\":\"WebSite\",\"@id\":\"https:\/\/officialmonttremblant.com\/fr\/#website\",\"url\":\"https:\/\/officialmonttremblant.com\/fr\/\",\"name\":\"Official Mont Tremblant\",\"description\":\"Vacation &amp; tourist guide in Mont Tremblant\",\"potentialAction\":[{\"@type\":\"SearchAction\",\"target\":{\"@type\":\"EntryPoint\",\"urlTemplate\":\"https:\/\/officialmonttremblant.com\/fr\/?s={search_term_string}\"},\"query-input\":{\"@type\":\"PropertyValueSpecification\",\"valueRequired\":true,\"valueName\":\"search_term_string\"}}],\"inLanguage\":\"fr-FR\"}]}<\/script>\n<!-- \/ Yoast SEO Premium plugin. -->","yoast_head_json":{"title":"Locations de v\u00e9los \u00e0 Mont-Tremblant, activit\u00e9s \u00e0 Mont-Tremblant","description":"Official Mont-Tremblant vous offre plus d'informations sur les activit\u00e9s \u00e0 Mont-Tremblant dont les locations de v\u00e9los \u00e0 Mont-Tremblant.","robots":{"index":"index","follow":"follow","max-snippet":"max-snippet:-1","max-image-preview":"max-image-preview:large","max-video-preview":"max-video-preview:-1"},"canonical":"https:\/\/officialmonttremblant.com\/fr\/activites\/activites-d-ete\/faire-du-velo\/locations-de-velos\/","og_locale":"fr_FR","og_type":"article","og_title":"Locations de v\u00e9los","og_description":"Official Mont-Tremblant vous offre plus d'informations sur les activit\u00e9s \u00e0 Mont-Tremblant dont les locations de v\u00e9los \u00e0 Mont-Tremblant.","og_url":"https:\/\/officialmonttremblant.com\/fr\/activites\/activites-d-ete\/faire-du-velo\/locations-de-velos\/","og_site_name":"Official Mont Tremblant","article_modified_time":"2022-10-18T17:06:13+00:00","og_image":[{"width":1920,"height":1280,"url":"https:\/\/officialmonttremblant.com\/wp-content\/uploads\/2022\/09\/bicycle-g0f1d95f79_1920.jpg","type":"image\/jpeg"}],"twitter_card":"summary_large_image","twitter_misc":{"Dur\u00e9e de lecture estim\u00e9e":"3 minutes"},"schema":{"@context":"https:\/\/schema.org","@graph":[{"@type":"WebPage","@id":"https:\/\/officialmonttremblant.com\/fr\/activites\/activites-d-ete\/faire-du-velo\/locations-de-velos\/","url":"https:\/\/officialmonttremblant.com\/fr\/activites\/activites-d-ete\/faire-du-velo\/locations-de-velos\/","name":"Locations de v\u00e9los \u00e0 Mont-Tremblant, activit\u00e9s \u00e0 Mont-Tremblant","isPartOf":{"@id":"https:\/\/officialmonttremblant.com\/fr\/#website"},"primaryImageOfPage":{"@id":"https:\/\/officialmonttremblant.com\/fr\/activites\/activites-d-ete\/faire-du-velo\/locations-de-velos\/#primaryimage"},"image":{"@id":"https:\/\/officialmonttremblant.com\/fr\/activites\/activites-d-ete\/faire-du-velo\/locations-de-velos\/#primaryimage"},"thumbnailUrl":"https:\/\/officialmonttremblant.com\/wp-content\/uploads\/2022\/09\/bicycle-g0f1d95f79_1920.jpg","datePublished":"2022-09-19T21:09:08+00:00","dateModified":"2022-10-18T17:06:13+00:00","description":"Official Mont-Tremblant vous offre plus d'informations sur les activit\u00e9s \u00e0 Mont-Tremblant dont les locations de v\u00e9los \u00e0 Mont-Tremblant.","breadcrumb":{"@id":"https:\/\/officialmonttremblant.com\/fr\/activites\/activites-d-ete\/faire-du-velo\/locations-de-velos\/#breadcrumb"},"inLanguage":"fr-FR","potentialAction":[{"@type":"ReadAction","target":["https:\/\/officialmonttremblant.com\/fr\/activites\/activites-d-ete\/faire-du-velo\/locations-de-velos\/"]}]},{"@type":"ImageObject","inLanguage":"fr-FR","@id":"https:\/\/officialmonttremblant.com\/fr\/activites\/activites-d-ete\/faire-du-velo\/locations-de-velos\/#primaryimage","url":"https:\/\/officialmonttremblant.com\/wp-content\/uploads\/2022\/09\/bicycle-g0f1d95f79_1920.jpg","contentUrl":"https:\/\/officialmonttremblant.com\/wp-content\/uploads\/2022\/09\/bicycle-g0f1d95f79_1920.jpg","width":1920,"height":1280,"caption":"Bike rentals"},{"@type":"BreadcrumbList","@id":"https:\/\/officialmonttremblant.com\/fr\/activites\/activites-d-ete\/faire-du-velo\/locations-de-velos\/#breadcrumb","itemListElement":[{"@type":"ListItem","position":1,"name":"Home","item":"https:\/\/officialmonttremblant.com\/fr\/"},{"@type":"ListItem","position":2,"name":"Activit\u00e9s","item":"https:\/\/officialmonttremblant.com\/fr\/activites\/"},{"@type":"ListItem","position":3,"name":"Activit\u00e9s d&#8217;\u00e9t\u00e9","item":"https:\/\/officialmonttremblant.com\/fr\/activites\/activites-d-ete\/"},{"@type":"ListItem","position":4,"name":"Faire du v\u00e9lo","item":"https:\/\/officialmonttremblant.com\/fr\/activites\/activites-d-ete\/faire-du-velo\/"},{"@type":"ListItem","position":5,"name":"Locations de v\u00e9los"}]},{"@type":"WebSite","@id":"https:\/\/officialmonttremblant.com\/fr\/#website","url":"https:\/\/officialmonttremblant.com\/fr\/","name":"Official Mont Tremblant","description":"Vacation &amp; tourist guide in Mont Tremblant","potentialAction":[{"@type":"SearchAction","target":{"@type":"EntryPoint","urlTemplate":"https:\/\/officialmonttremblant.com\/fr\/?s={search_term_string}"},"query-input":{"@type":"PropertyValueSpecification","valueRequired":true,"valueName":"search_term_string"}}],"inLanguage":"fr-FR"}]}},"jetpack_sharing_enabled":true,"_links":{"self":[{"href":"https:\/\/officialmonttremblant.com\/fr\/wp-json\/wp\/v2\/pages\/24722","targetHints":{"allow":["GET"]}}],"collection":[{"href":"https:\/\/officialmonttremblant.com\/fr\/wp-json\/wp\/v2\/pages"}],"about":[{"href":"https:\/\/officialmonttremblant.com\/fr\/wp-json\/wp\/v2\/types\/page"}],"author":[{"embeddable":true,"href":"https:\/\/officialmonttremblant.com\/fr\/wp-json\/wp\/v2\/users\/5"}],"replies":[{"embeddable":true,"href":"https:\/\/officialmonttremblant.com\/fr\/wp-json\/wp\/v2\/comments?post=24722"}],"version-history":[{"count":3,"href":"https:\/\/officialmonttremblant.com\/fr\/wp-json\/wp\/v2\/pages\/24722\/revisions"}],"predecessor-version":[{"id":25929,"href":"https:\/\/officialmonttremblant.com\/fr\/wp-json\/wp\/v2\/pages\/24722\/revisions\/25929"}],"up":[{"embeddable":true,"href":"https:\/\/officialmonttremblant.com\/fr\/wp-json\/wp\/v2\/pages\/24716"}],"wp:featuredmedia":[{"embeddable":true,"href":"https:\/\/officialmonttremblant.com\/fr\/wp-json\/wp\/v2\/media\/23102"}],"wp:attachment":[{"href":"https:\/\/officialmonttremblant.com\/fr\/wp-json\/wp\/v2\/media?parent=24722"}],"curies":[{"name":"wp","href":"https:\/\/api.w.org\/{rel}","templated":true}]}}