{"id":24724,"date":"2022-09-19T17:56:59","date_gmt":"2022-09-19T21:56:59","guid":{"rendered":"https:\/\/officialmonttremblant.com\/activites\/activites-d-ete\/faire-du-velo\/bike-maintenance\/"},"modified":"2025-07-29T11:36:53","modified_gmt":"2025-07-29T15:36:53","slug":"reparation-de-velos","status":"publish","type":"page","link":"https:\/\/officialmonttremblant.com\/fr\/activites\/activites-d-ete\/faire-du-velo\/reparation-de-velos\/","title":{"rendered":"R\u00e9paration de v\u00e9los"},"content":{"rendered":"<p>[vc_row][vc_column]<div id=\"ultimate-heading-330769d6fa689341c\" class=\"uvc-heading ult-adjust-bottom-margin ultimate-heading-330769d6fa689341c uvc-7319  uvc-heading-default-font-sizes\" data-hspacer=\"no_spacer\"  data-halign=\"left\" style=\"text-align:left\"><div class=\"uvc-heading-spacer no_spacer\" style=\"top\"><\/div><div class=\"uvc-main-heading ult-responsive\"  data-ultimate-target='.uvc-heading.ultimate-heading-330769d6fa689341c h2'  data-responsive-json-new='{\"font-size\":\"\",\"line-height\":\"\"}' ><h2 style=\"--font-weight:theme;\">Magasins de r\u00e9paration de v\u00e9los \u00e0 Tremblant<\/h2><\/div><\/div>[\/vc_column][\/vc_row][vc_row][vc_column][vc_empty_space height=\u00a0\u00bb60px\u00a0\u00bb][\/vc_column][\/vc_row][vc_row][vc_column][vc_column_text]<\/p>\n<p style=\"text-align: left;\">Official Mont-Tremblant vous apporte plus d&rsquo;informations sur le v\u00e9lo \u00e0 Tremblant, notamment les magasins de r\u00e9paration de v\u00e9los \u00e0 Tremblant.<\/p>\n<p style=\"text-align: left;\">Avec un si grand nombre d&rsquo;amateurs de v\u00e9lo qui vivent et visitent la r\u00e9gion de Mont-Tremblant, il y a une grande demande de service de v\u00e9lo \u00e0 Tremblant. De nombreux cyclistes utilisent leur v\u00e9lo longtemps et durement pour se pr\u00e9parer \u00e0 l&rsquo;une ou l&rsquo;autre des grandes comp\u00e9titions qui ont lieu chaque ann\u00e9e \u00e0 Tremblant. Certains de ces cyclistes sont capables d&rsquo;effectuer de petites r\u00e9parations sur leur v\u00e9lo, mais ils sont rassur\u00e9s de savoir qu&rsquo;ils peuvent obtenir un excellent service de v\u00e9lo \u00e0 Tremblant dans plusieurs magasins de la r\u00e9gion. Les magasins de v\u00e9los de Mont-Tremblant ont g\u00e9n\u00e9ralement une structure tarifaire standard pour l&rsquo;entretien et la r\u00e9paration des v\u00e9los.<\/p>\n<p style=\"text-align: left;\">Vous trouverez ci-dessous une liste des magasins de v\u00e9los \u00e0 Mont Tremblant qui proposent des services et des r\u00e9parations. Ces magasins offrent \u00e9galement une belle s\u00e9lection de bicyclettes, d&rsquo;\u00e9quipement et de v\u00eatements \u00e0 vendre. Nous encourageons les vacanciers \u00e0 Tremblant \u00e0 demander un devis \u00e0 un ou plusieurs magasins locaux avant de faire r\u00e9viser ou r\u00e9parer leur v\u00e9lo. Veuillez noter que les quelques magasins de v\u00e9los \u00e0 Mont-Tremblant sont tr\u00e8s r\u00e9put\u00e9s parmi les cyclistes et offrent des prix comp\u00e9titifs pour la vente, l&rsquo;entretien et la r\u00e9paration de v\u00e9los.<\/p>\n<p>[\/vc_column_text][\/vc_column][\/vc_row][vc_row][vc_column][vc_empty_space height=\u00a0\u00bb60px\u00a0\u00bb][\/vc_column][\/vc_row][vc_row][vc_column][vc_column_text]<\/p>\n<h3 class=\"vc_custom_heading vc_custom_1561681273212\">Mont Tremblant bike shops &amp; repairs<\/h3>\n<div class=\"vc_row wpb_row section vc_row-fluid vc_inner \">\n<div class=\" full_section_inner clearfix\">\n<div class=\"wpb_column vc_column_container vc_col-sm-6\">\n<div class=\"vc_column-inner\">\n<div class=\"wpb_wrapper\">\n<div class=\"wpb_single_image wpb_content_element vc_align_left\">\n<div class=\"wpb_wrapper\">\n<div class=\"vc_single_image-wrapper vc_box_border_grey\"><img loading=\"lazy\" decoding=\"async\" class=\"vc_single_image-img attachment-medium\" src=\"https:\/\/i0.wp.com\/officialmonttremblant.com\/wp-content\/uploads\/2019\/06\/logo2.png?fit=225%2C164&amp;ssl=1\" alt=\"mont tremblant bike shop\" width=\"225\" height=\"164\" data-pagespeed-url-hash=\"3592974819\" \/><\/div>\n<\/div>\n<\/div>\n<\/div>\n<\/div>\n<\/div>\n<div class=\"wpb_column vc_column_container vc_col-sm-6\">\n<div class=\"vc_column-inner\">\n<div class=\"wpb_wrapper\">\n<h3 class=\"vc_custom_heading vc_custom_1561681208500\">Cybercycle<\/h3>\n<div class=\"wpb_text_column wpb_content_element vc_custom_1561681196327\">\n<div class=\"wpb_wrapper\">\n<p>1908 Chemin du Village, Mont-Tremblant, QC J8E 1K4<\/p>\n<\/div>\n<\/div>\n<div class=\"wpb_text_column wpb_content_element vc_custom_1561681168823\">\n<div class=\"wpb_wrapper\">\n<p><i class=\"qode_icon_font_awesome fa fa-phone qode_icon_element\"><\/i>\u00a0 \u00a01 819-425-3308<\/p>\n<p><i class=\"qode_icon_font_awesome fa fa-envelope qode_icon_element\"><\/i>\u00a0 <a href=\"mailto:cybercycle@bellnet.ca\">cybercycle@bellnet.ca<\/a><\/p>\n<p><a href=\"https:\/\/www.cybercycletremblant.com\/\">www.cybercycletremblant.com<\/a><\/p>\n<\/div>\n<\/div>\n<\/div>\n<\/div>\n<\/div>\n<\/div>\n<\/div>\n<div class=\"wpb_text_column wpb_content_element vc_custom_1561683967156\">\n<div class=\"wpb_wrapper\">\n<p>&nbsp;<\/p>\n<p>Cybercycle facture ses services \u00e0 65 dollars de l&rsquo;heure, avec un co\u00fbt minimal de 10 dollars pour les petites r\u00e9parations et les ajustements. Ils ont des prix fixes pour les services standards ; veuillez vous r\u00e9f\u00e9rer \u00e0 leur site web pour plus d&rsquo;informations.<\/p>\n<\/div>\n<\/div>\n<p>[\/vc_column_text][\/vc_column][\/vc_row][vc_row][vc_column][vc_empty_space height=\u00a0\u00bb60px\u00a0\u00bb][\/vc_column][\/vc_row][vc_row][vc_column][vc_column_text]<\/p>\n<div class=\"vc_row wpb_row section vc_row-fluid vc_inner vc_custom_1561683548106\">\n<div class=\" full_section_inner clearfix\">\n<div class=\"wpb_column vc_column_container vc_col-sm-6\">\n<div class=\"vc_column-inner\">\n<div class=\"wpb_wrapper\">\n<div class=\"wpb_single_image wpb_content_element vc_align_left\">\n<div class=\"wpb_wrapper\">\n<div class=\"vc_single_image-wrapper vc_box_border_grey\"><img loading=\"lazy\" decoding=\"async\" class=\"vc_single_image-img attachment-medium\" src=\"https:\/\/i0.wp.com\/officialmonttremblant.com\/wp-content\/uploads\/2019\/06\/Untitled-1-3.jpg?fit=225%2C164&amp;ssl=1\" alt=\"Mont Tremblant bike shops\" width=\"225\" height=\"164\" data-pagespeed-url-hash=\"2988967243\" \/><\/div>\n<\/div>\n<\/div>\n<\/div>\n<\/div>\n<\/div>\n<div class=\"wpb_column vc_column_container vc_col-sm-6\">\n<div class=\"vc_column-inner\">\n<div class=\"wpb_wrapper\">\n<h3 class=\"vc_custom_heading vc_custom_1561682663156\">Bicycles Quilicot<\/h3>\n<div class=\"wpb_text_column wpb_content_element vc_custom_1561682700643\">\n<div class=\"wpb_wrapper\">\n<p>2505 Rue De L\u2019Aulnaie, Mont-Tremblant, QC J8E 0E5<\/p>\n<\/div>\n<\/div>\n<div class=\"wpb_text_column wpb_content_element vc_custom_1561682800098\">\n<div class=\"wpb_wrapper\">\n<p><i class=\"qode_icon_font_awesome fa fa-phone qode_icon_element\"><\/i>\u00a0 \u00a01 819-425-3133<\/p>\n<p><i class=\"qode_icon_font_awesome fa fa-envelope qode_icon_element\"><\/i>\u00a0 <a href=\"mailto:info@bicyclesquilicot.com\">info@bicyclesquilicot.com<\/a><\/p>\n<p><a href=\"https:\/\/www.bicyclesquilicot.com\/\">www.bicyclesquilicot.com<\/a><\/p>\n<\/div>\n<\/div>\n<\/div>\n<\/div>\n<\/div>\n<\/div>\n<\/div>\n<div class=\"wpb_text_column wpb_content_element vc_custom_1561683953628\">\n<div class=\"wpb_wrapper\">\n<p>&nbsp;<\/p>\n<p>Bicycles Quilicot propose un service complet et personnalis\u00e9 de r\u00e9paration et d&rsquo;entretien assur\u00e9 par une \u00e9quipe hautement qualifi\u00e9e.\u00a0 Ils travaillent sur tous les types de v\u00e9los et les services incluent l&rsquo;assemblage de v\u00e9los, l&rsquo;alignement des roues et le service de suspension. Les tarifs de Bicycles Quilicot vont de 44,95 $ pour une simple inspection et un service \u00e0 599 $ pour les travaux.<\/p>\n<p>&nbsp;<\/p>\n<\/div>\n<\/div>\n<p>[\/vc_column_text][\/vc_column][\/vc_row]<\/p>\n","protected":false},"excerpt":{"rendered":"<p>[vc_row][vc_column][\/vc_column][\/vc_row][vc_row][vc_column][vc_empty_space height=\u00a0\u00bb60px\u00a0\u00bb][\/vc_column][\/vc_row][vc_row][vc_column][vc_column_text] Official Mont-Tremblant vous apporte plus d&rsquo;informations sur le v\u00e9lo \u00e0 Tremblant, notamment les magasins de r\u00e9paration de v\u00e9los \u00e0 Tremblant. Avec un si grand nombre d&rsquo;amateurs de v\u00e9lo qui vivent et visitent la r\u00e9gion de Mont-Tremblant, il y a une grande demande de service de v\u00e9lo \u00e0 Tremblant. De nombreux cyclistes utilisent leur&hellip;<\/p>\n","protected":false},"author":5,"featured_media":23104,"parent":24716,"menu_order":0,"comment_status":"closed","ping_status":"closed","template":"","meta":{"footnotes":""},"class_list":["post-24724","page","type-page","status-publish","has-post-thumbnail","hentry","description-off"],"yoast_head":"<!-- This site is optimized with the Yoast SEO Premium plugin v26.5 (Yoast SEO v26.5) - https:\/\/yoast.com\/wordpress\/plugins\/seo\/ -->\n<title>Magasins de r\u00e9paration de v\u00e9los \u00e0 Tremblant, v\u00e9lo \u00e0 Tremblant<\/title>\n<meta name=\"description\" content=\"Official Mont-Tremblant vous apporte plus d&#039;informations sur le v\u00e9lo \u00e0 Tremblant, notamment les magasins de r\u00e9paration de v\u00e9los \u00e0 Tremblant.\" \/>\n<meta name=\"robots\" content=\"index, follow, max-snippet:-1, max-image-preview:large, max-video-preview:-1\" \/>\n<link rel=\"canonical\" href=\"https:\/\/officialmonttremblant.com\/fr\/activites\/activites-d-ete\/faire-du-velo\/reparation-de-velos\/\" \/>\n<meta property=\"og:locale\" content=\"fr_FR\" \/>\n<meta property=\"og:type\" content=\"article\" \/>\n<meta property=\"og:title\" content=\"R\u00e9paration de v\u00e9los\" \/>\n<meta property=\"og:description\" content=\"Official Mont-Tremblant vous apporte plus d&#039;informations sur le v\u00e9lo \u00e0 Tremblant, notamment les magasins de r\u00e9paration de v\u00e9los \u00e0 Tremblant.\" \/>\n<meta property=\"og:url\" content=\"https:\/\/officialmonttremblant.com\/fr\/activites\/activites-d-ete\/faire-du-velo\/reparation-de-velos\/\" \/>\n<meta property=\"og:site_name\" content=\"Official Mont Tremblant\" \/>\n<meta property=\"article:modified_time\" content=\"2025-07-29T15:36:53+00:00\" \/>\n<meta property=\"og:image\" content=\"https:\/\/officialmonttremblant.com\/wp-content\/uploads\/2022\/09\/bike-maintenance.jpeg\" \/>\n\t<meta property=\"og:image:width\" content=\"900\" \/>\n\t<meta property=\"og:image:height\" content=\"506\" \/>\n\t<meta property=\"og:image:type\" content=\"image\/jpeg\" \/>\n<meta name=\"twitter:card\" content=\"summary_large_image\" \/>\n<meta name=\"twitter:label1\" content=\"Dur\u00e9e de lecture estim\u00e9e\" \/>\n\t<meta name=\"twitter:data1\" content=\"3 minutes\" \/>\n<script type=\"application\/ld+json\" class=\"yoast-schema-graph\">{\"@context\":\"https:\/\/schema.org\",\"@graph\":[{\"@type\":\"WebPage\",\"@id\":\"https:\/\/officialmonttremblant.com\/fr\/activites\/activites-d-ete\/faire-du-velo\/reparation-de-velos\/\",\"url\":\"https:\/\/officialmonttremblant.com\/fr\/activites\/activites-d-ete\/faire-du-velo\/reparation-de-velos\/\",\"name\":\"Magasins de r\u00e9paration de v\u00e9los \u00e0 Tremblant, v\u00e9lo \u00e0 Tremblant\",\"isPartOf\":{\"@id\":\"https:\/\/officialmonttremblant.com\/fr\/#website\"},\"primaryImageOfPage\":{\"@id\":\"https:\/\/officialmonttremblant.com\/fr\/activites\/activites-d-ete\/faire-du-velo\/reparation-de-velos\/#primaryimage\"},\"image\":{\"@id\":\"https:\/\/officialmonttremblant.com\/fr\/activites\/activites-d-ete\/faire-du-velo\/reparation-de-velos\/#primaryimage\"},\"thumbnailUrl\":\"https:\/\/officialmonttremblant.com\/wp-content\/uploads\/2022\/09\/bike-maintenance.jpeg\",\"datePublished\":\"2022-09-19T21:56:59+00:00\",\"dateModified\":\"2025-07-29T15:36:53+00:00\",\"description\":\"Official Mont-Tremblant vous apporte plus d'informations sur le v\u00e9lo \u00e0 Tremblant, notamment les magasins de r\u00e9paration de v\u00e9los \u00e0 Tremblant.\",\"breadcrumb\":{\"@id\":\"https:\/\/officialmonttremblant.com\/fr\/activites\/activites-d-ete\/faire-du-velo\/reparation-de-velos\/#breadcrumb\"},\"inLanguage\":\"fr-FR\",\"potentialAction\":[{\"@type\":\"ReadAction\",\"target\":[\"https:\/\/officialmonttremblant.com\/fr\/activites\/activites-d-ete\/faire-du-velo\/reparation-de-velos\/\"]}]},{\"@type\":\"ImageObject\",\"inLanguage\":\"fr-FR\",\"@id\":\"https:\/\/officialmonttremblant.com\/fr\/activites\/activites-d-ete\/faire-du-velo\/reparation-de-velos\/#primaryimage\",\"url\":\"https:\/\/officialmonttremblant.com\/wp-content\/uploads\/2022\/09\/bike-maintenance.jpeg\",\"contentUrl\":\"https:\/\/officialmonttremblant.com\/wp-content\/uploads\/2022\/09\/bike-maintenance.jpeg\",\"width\":900,\"height\":506,\"caption\":\"Bike maintenance\"},{\"@type\":\"BreadcrumbList\",\"@id\":\"https:\/\/officialmonttremblant.com\/fr\/activites\/activites-d-ete\/faire-du-velo\/reparation-de-velos\/#breadcrumb\",\"itemListElement\":[{\"@type\":\"ListItem\",\"position\":1,\"name\":\"Home\",\"item\":\"https:\/\/officialmonttremblant.com\/fr\/\"},{\"@type\":\"ListItem\",\"position\":2,\"name\":\"Activit\u00e9s\",\"item\":\"https:\/\/officialmonttremblant.com\/fr\/activites\/\"},{\"@type\":\"ListItem\",\"position\":3,\"name\":\"Activit\u00e9s d&#8217;\u00e9t\u00e9\",\"item\":\"https:\/\/officialmonttremblant.com\/fr\/activites\/activites-d-ete\/\"},{\"@type\":\"ListItem\",\"position\":4,\"name\":\"Faire du v\u00e9lo\",\"item\":\"https:\/\/officialmonttremblant.com\/fr\/activites\/activites-d-ete\/faire-du-velo\/\"},{\"@type\":\"ListItem\",\"position\":5,\"name\":\"R\u00e9paration de v\u00e9los\"}]},{\"@type\":\"WebSite\",\"@id\":\"https:\/\/officialmonttremblant.com\/fr\/#website\",\"url\":\"https:\/\/officialmonttremblant.com\/fr\/\",\"name\":\"Official Mont Tremblant\",\"description\":\"Vacation &amp; tourist guide in Mont Tremblant\",\"potentialAction\":[{\"@type\":\"SearchAction\",\"target\":{\"@type\":\"EntryPoint\",\"urlTemplate\":\"https:\/\/officialmonttremblant.com\/fr\/?s={search_term_string}\"},\"query-input\":{\"@type\":\"PropertyValueSpecification\",\"valueRequired\":true,\"valueName\":\"search_term_string\"}}],\"inLanguage\":\"fr-FR\"}]}<\/script>\n<!-- \/ Yoast SEO Premium plugin. -->","yoast_head_json":{"title":"Magasins de r\u00e9paration de v\u00e9los \u00e0 Tremblant, v\u00e9lo \u00e0 Tremblant","description":"Official Mont-Tremblant vous apporte plus d'informations sur le v\u00e9lo \u00e0 Tremblant, notamment les magasins de r\u00e9paration de v\u00e9los \u00e0 Tremblant.","robots":{"index":"index","follow":"follow","max-snippet":"max-snippet:-1","max-image-preview":"max-image-preview:large","max-video-preview":"max-video-preview:-1"},"canonical":"https:\/\/officialmonttremblant.com\/fr\/activites\/activites-d-ete\/faire-du-velo\/reparation-de-velos\/","og_locale":"fr_FR","og_type":"article","og_title":"R\u00e9paration de v\u00e9los","og_description":"Official Mont-Tremblant vous apporte plus d'informations sur le v\u00e9lo \u00e0 Tremblant, notamment les magasins de r\u00e9paration de v\u00e9los \u00e0 Tremblant.","og_url":"https:\/\/officialmonttremblant.com\/fr\/activites\/activites-d-ete\/faire-du-velo\/reparation-de-velos\/","og_site_name":"Official Mont Tremblant","article_modified_time":"2025-07-29T15:36:53+00:00","og_image":[{"width":900,"height":506,"url":"https:\/\/officialmonttremblant.com\/wp-content\/uploads\/2022\/09\/bike-maintenance.jpeg","type":"image\/jpeg"}],"twitter_card":"summary_large_image","twitter_misc":{"Dur\u00e9e de lecture estim\u00e9e":"3 minutes"},"schema":{"@context":"https:\/\/schema.org","@graph":[{"@type":"WebPage","@id":"https:\/\/officialmonttremblant.com\/fr\/activites\/activites-d-ete\/faire-du-velo\/reparation-de-velos\/","url":"https:\/\/officialmonttremblant.com\/fr\/activites\/activites-d-ete\/faire-du-velo\/reparation-de-velos\/","name":"Magasins de r\u00e9paration de v\u00e9los \u00e0 Tremblant, v\u00e9lo \u00e0 Tremblant","isPartOf":{"@id":"https:\/\/officialmonttremblant.com\/fr\/#website"},"primaryImageOfPage":{"@id":"https:\/\/officialmonttremblant.com\/fr\/activites\/activites-d-ete\/faire-du-velo\/reparation-de-velos\/#primaryimage"},"image":{"@id":"https:\/\/officialmonttremblant.com\/fr\/activites\/activites-d-ete\/faire-du-velo\/reparation-de-velos\/#primaryimage"},"thumbnailUrl":"https:\/\/officialmonttremblant.com\/wp-content\/uploads\/2022\/09\/bike-maintenance.jpeg","datePublished":"2022-09-19T21:56:59+00:00","dateModified":"2025-07-29T15:36:53+00:00","description":"Official Mont-Tremblant vous apporte plus d'informations sur le v\u00e9lo \u00e0 Tremblant, notamment les magasins de r\u00e9paration de v\u00e9los \u00e0 Tremblant.","breadcrumb":{"@id":"https:\/\/officialmonttremblant.com\/fr\/activites\/activites-d-ete\/faire-du-velo\/reparation-de-velos\/#breadcrumb"},"inLanguage":"fr-FR","potentialAction":[{"@type":"ReadAction","target":["https:\/\/officialmonttremblant.com\/fr\/activites\/activites-d-ete\/faire-du-velo\/reparation-de-velos\/"]}]},{"@type":"ImageObject","inLanguage":"fr-FR","@id":"https:\/\/officialmonttremblant.com\/fr\/activites\/activites-d-ete\/faire-du-velo\/reparation-de-velos\/#primaryimage","url":"https:\/\/officialmonttremblant.com\/wp-content\/uploads\/2022\/09\/bike-maintenance.jpeg","contentUrl":"https:\/\/officialmonttremblant.com\/wp-content\/uploads\/2022\/09\/bike-maintenance.jpeg","width":900,"height":506,"caption":"Bike maintenance"},{"@type":"BreadcrumbList","@id":"https:\/\/officialmonttremblant.com\/fr\/activites\/activites-d-ete\/faire-du-velo\/reparation-de-velos\/#breadcrumb","itemListElement":[{"@type":"ListItem","position":1,"name":"Home","item":"https:\/\/officialmonttremblant.com\/fr\/"},{"@type":"ListItem","position":2,"name":"Activit\u00e9s","item":"https:\/\/officialmonttremblant.com\/fr\/activites\/"},{"@type":"ListItem","position":3,"name":"Activit\u00e9s d&#8217;\u00e9t\u00e9","item":"https:\/\/officialmonttremblant.com\/fr\/activites\/activites-d-ete\/"},{"@type":"ListItem","position":4,"name":"Faire du v\u00e9lo","item":"https:\/\/officialmonttremblant.com\/fr\/activites\/activites-d-ete\/faire-du-velo\/"},{"@type":"ListItem","position":5,"name":"R\u00e9paration de v\u00e9los"}]},{"@type":"WebSite","@id":"https:\/\/officialmonttremblant.com\/fr\/#website","url":"https:\/\/officialmonttremblant.com\/fr\/","name":"Official Mont Tremblant","description":"Vacation &amp; tourist guide in Mont Tremblant","potentialAction":[{"@type":"SearchAction","target":{"@type":"EntryPoint","urlTemplate":"https:\/\/officialmonttremblant.com\/fr\/?s={search_term_string}"},"query-input":{"@type":"PropertyValueSpecification","valueRequired":true,"valueName":"search_term_string"}}],"inLanguage":"fr-FR"}]}},"jetpack_sharing_enabled":true,"_links":{"self":[{"href":"https:\/\/officialmonttremblant.com\/fr\/wp-json\/wp\/v2\/pages\/24724","targetHints":{"allow":["GET"]}}],"collection":[{"href":"https:\/\/officialmonttremblant.com\/fr\/wp-json\/wp\/v2\/pages"}],"about":[{"href":"https:\/\/officialmonttremblant.com\/fr\/wp-json\/wp\/v2\/types\/page"}],"author":[{"embeddable":true,"href":"https:\/\/officialmonttremblant.com\/fr\/wp-json\/wp\/v2\/users\/5"}],"replies":[{"embeddable":true,"href":"https:\/\/officialmonttremblant.com\/fr\/wp-json\/wp\/v2\/comments?post=24724"}],"version-history":[{"count":5,"href":"https:\/\/officialmonttremblant.com\/fr\/wp-json\/wp\/v2\/pages\/24724\/revisions"}],"predecessor-version":[{"id":25958,"href":"https:\/\/officialmonttremblant.com\/fr\/wp-json\/wp\/v2\/pages\/24724\/revisions\/25958"}],"up":[{"embeddable":true,"href":"https:\/\/officialmonttremblant.com\/fr\/wp-json\/wp\/v2\/pages\/24716"}],"wp:featuredmedia":[{"embeddable":true,"href":"https:\/\/officialmonttremblant.com\/fr\/wp-json\/wp\/v2\/media\/23104"}],"wp:attachment":[{"href":"https:\/\/officialmonttremblant.com\/fr\/wp-json\/wp\/v2\/media?parent=24724"}],"curies":[{"name":"wp","href":"https:\/\/api.w.org\/{rel}","templated":true}]}}