{"id":24731,"date":"2022-09-19T18:36:23","date_gmt":"2022-09-19T22:36:23","guid":{"rendered":"https:\/\/officialmonttremblant.com\/activites\/activites-d-ete\/faire-du-velo\/road-cycling\/"},"modified":"2025-07-29T11:40:46","modified_gmt":"2025-07-29T15:40:46","slug":"cyclisme-sur-route","status":"publish","type":"page","link":"https:\/\/officialmonttremblant.com\/fr\/activites\/activites-d-ete\/faire-du-velo\/cyclisme-sur-route\/","title":{"rendered":"Cyclisme"},"content":{"rendered":"<p>[vc_row][vc_column]<div id=\"ultimate-heading-98669d4c7992b500\" class=\"uvc-heading ult-adjust-bottom-margin ultimate-heading-98669d4c7992b500 uvc-2358  uvc-heading-default-font-sizes\" data-hspacer=\"no_spacer\"  data-halign=\"left\" style=\"text-align:left\"><div class=\"uvc-heading-spacer no_spacer\" style=\"top\"><\/div><div class=\"uvc-main-heading ult-responsive\"  data-ultimate-target='.uvc-heading.ultimate-heading-98669d4c7992b500 h2'  data-responsive-json-new='{\"font-size\":\"\",\"line-height\":\"\"}' ><h2 style=\"--font-weight:theme;\">Cyclisme sur route \u00e0 Tremblant<\/h2><\/div><\/div>[\/vc_column][\/vc_row][vc_row][vc_column][vc_empty_space height=\u00a0\u00bb60px\u00a0\u00bb][\/vc_column][\/vc_row][vc_row][vc_column][vc_column_text]Official Mont-Tremblant vous apporte plus d&rsquo;informations sur les activit\u00e9s \u00e0 Tremblant dont le cyclisme sur route \u00e0 Tremblant.<\/p>\n<p style=\"text-align: left;\"><span style=\"font-weight: 400;\">Si vous visitez la r\u00e9gion et cherchez des choses \u00e0 faire \u00e0 Tremblant, le cyclisme sur route est une excellente activit\u00e9 \u00e0 laquelle toute la famille peut participer. En raison des paysages extraordinaires, le cyclisme sur route a toujours \u00e9t\u00e9 une activit\u00e9 populaire aupr\u00e8s des Canadiens. Que ce soit en hiver, au printemps, en \u00e9t\u00e9 ou en automne, le cyclisme sur route est une exp\u00e9rience formidable et fait ind\u00e9niablement partie des choses \u00e0 faire \u00e0 Mont-Tremblant. Il constitue le meilleur moyen de voir de pr\u00e8s les paysages naturels spectaculaires de la r\u00e9gion de Mont-Tremblant.<\/span><\/p>\n<p style=\"text-align: left;\"><span style=\"font-weight: 400;\">Au cours des derni\u00e8res ann\u00e9es, Mont-Tremblant est devenue une destination majeure pour le cyclisme sur route. Outre le paysage, de nombreuses autres raisons contribuent grandement \u00e0 la popularit\u00e9 croissante du cyclisme sur route \u00e0 Mont-Tremblant.<\/span><\/p>\n<ul style=\"text-align: left;\">\n<li><span style=\"font-weight: 400;\">Comp\u00e9titions annuelles telles que Ironman, 24 heures Tremblant et le Gran Fondo.<\/span><\/li>\n<li>La ville a investi beaucoup d\u2019argent pour repaver ses routes pour Ironman, ce qui les rend \u00e9galement parfaites pour le cyclisme sur route.<\/li>\n<li>Avec les diff\u00e9rents niveaux de terrain, le cyclisme sur route \u00e0 Tremblant est id\u00e9al pour les cyclistes d\u00e9butants, interm\u00e9diaires et experts<\/li>\n<li>Le paysage est idyllique avec ses p\u00e2turages, ses vall\u00e9es, ses lacs et ses montagnes.<\/li>\n<li>Il n\u2019y a pas de circulation dense et peu de congestion routi\u00e8re \u00e0 Tremblant.<\/li>\n<li>Les conducteurs de Tremblant et des r\u00e9gions environnantes sont prudents et respectueux des cyclistes.<\/li>\n<li>Il existe de nombreux\u00a0 magasins o\u00f9 les habitants et les visiteurs peuvent acheter ou louer des v\u00e9los de toutes sortes.<\/li>\n<\/ul>\n<p>[\/vc_column_text][\/vc_column][\/vc_row][vc_row][vc_column][vc_empty_space height=\u00a0\u00bb60px\u00a0\u00bb][\/vc_column][\/vc_row][vc_row][vc_column][vc_single_image image=\u00a0\u00bb23091&Prime; img_size=\u00a0\u00bb600&#215;400&Prime; alignment=\u00a0\u00bbcenter\u00a0\u00bb][\/vc_column][\/vc_row]<\/p>\n","protected":false},"excerpt":{"rendered":"<p>[vc_row][vc_column][\/vc_column][\/vc_row][vc_row][vc_column][vc_empty_space height=\u00a0\u00bb60px\u00a0\u00bb][\/vc_column][\/vc_row][vc_row][vc_column][vc_column_text]Official Mont-Tremblant vous apporte plus d&rsquo;informations sur les activit\u00e9s \u00e0 Tremblant dont le cyclisme sur route \u00e0 Tremblant. Si vous visitez la r\u00e9gion et cherchez des choses \u00e0 faire \u00e0 Tremblant, le cyclisme sur route est une excellente activit\u00e9 \u00e0 laquelle toute la famille peut participer. En raison des paysages extraordinaires, le cyclisme sur&hellip;<\/p>\n","protected":false},"author":5,"featured_media":23092,"parent":24716,"menu_order":0,"comment_status":"closed","ping_status":"closed","template":"","meta":{"footnotes":""},"class_list":["post-24731","page","type-page","status-publish","has-post-thumbnail","hentry","description-off"],"yoast_head":"<!-- This site is optimized with the Yoast SEO Premium plugin v26.5 (Yoast SEO v26.5) - https:\/\/yoast.com\/wordpress\/plugins\/seo\/ -->\n<title>Cyclisme sur route \u00e0 Tremblant, activit\u00e9s \u00e0 Tremblant<\/title>\n<meta name=\"description\" content=\"Official Mont-Tremblant vous apporte plus d&#039;informations sur les activit\u00e9s \u00e0 Tremblant dont le cyclisme sur route \u00e0 Tremblant.\" \/>\n<meta name=\"robots\" content=\"index, follow, max-snippet:-1, max-image-preview:large, max-video-preview:-1\" \/>\n<link rel=\"canonical\" href=\"https:\/\/officialmonttremblant.com\/fr\/activites\/activites-d-ete\/faire-du-velo\/cyclisme-sur-route\/\" \/>\n<meta property=\"og:locale\" content=\"fr_FR\" \/>\n<meta property=\"og:type\" content=\"article\" \/>\n<meta property=\"og:title\" content=\"Cyclisme\" \/>\n<meta property=\"og:description\" content=\"Official Mont-Tremblant vous apporte plus d&#039;informations sur les activit\u00e9s \u00e0 Tremblant dont le cyclisme sur route \u00e0 Tremblant.\" \/>\n<meta property=\"og:url\" content=\"https:\/\/officialmonttremblant.com\/fr\/activites\/activites-d-ete\/faire-du-velo\/cyclisme-sur-route\/\" \/>\n<meta property=\"og:site_name\" content=\"Official Mont Tremblant\" \/>\n<meta property=\"article:modified_time\" content=\"2025-07-29T15:40:46+00:00\" \/>\n<meta property=\"og:image\" content=\"https:\/\/officialmonttremblant.com\/wp-content\/uploads\/2022\/09\/road-bike.jpeg\" \/>\n\t<meta property=\"og:image:width\" content=\"620\" \/>\n\t<meta property=\"og:image:height\" content=\"413\" \/>\n\t<meta property=\"og:image:type\" content=\"image\/jpeg\" \/>\n<meta name=\"twitter:card\" content=\"summary_large_image\" \/>\n<meta name=\"twitter:label1\" content=\"Dur\u00e9e de lecture estim\u00e9e\" \/>\n\t<meta name=\"twitter:data1\" content=\"2 minutes\" \/>\n<script type=\"application\/ld+json\" class=\"yoast-schema-graph\">{\"@context\":\"https:\/\/schema.org\",\"@graph\":[{\"@type\":\"WebPage\",\"@id\":\"https:\/\/officialmonttremblant.com\/fr\/activites\/activites-d-ete\/faire-du-velo\/cyclisme-sur-route\/\",\"url\":\"https:\/\/officialmonttremblant.com\/fr\/activites\/activites-d-ete\/faire-du-velo\/cyclisme-sur-route\/\",\"name\":\"Cyclisme sur route \u00e0 Tremblant, activit\u00e9s \u00e0 Tremblant\",\"isPartOf\":{\"@id\":\"https:\/\/officialmonttremblant.com\/fr\/#website\"},\"primaryImageOfPage\":{\"@id\":\"https:\/\/officialmonttremblant.com\/fr\/activites\/activites-d-ete\/faire-du-velo\/cyclisme-sur-route\/#primaryimage\"},\"image\":{\"@id\":\"https:\/\/officialmonttremblant.com\/fr\/activites\/activites-d-ete\/faire-du-velo\/cyclisme-sur-route\/#primaryimage\"},\"thumbnailUrl\":\"https:\/\/officialmonttremblant.com\/wp-content\/uploads\/2022\/09\/road-bike.jpeg\",\"datePublished\":\"2022-09-19T22:36:23+00:00\",\"dateModified\":\"2025-07-29T15:40:46+00:00\",\"description\":\"Official Mont-Tremblant vous apporte plus d'informations sur les activit\u00e9s \u00e0 Tremblant dont le cyclisme sur route \u00e0 Tremblant.\",\"breadcrumb\":{\"@id\":\"https:\/\/officialmonttremblant.com\/fr\/activites\/activites-d-ete\/faire-du-velo\/cyclisme-sur-route\/#breadcrumb\"},\"inLanguage\":\"fr-FR\",\"potentialAction\":[{\"@type\":\"ReadAction\",\"target\":[\"https:\/\/officialmonttremblant.com\/fr\/activites\/activites-d-ete\/faire-du-velo\/cyclisme-sur-route\/\"]}]},{\"@type\":\"ImageObject\",\"inLanguage\":\"fr-FR\",\"@id\":\"https:\/\/officialmonttremblant.com\/fr\/activites\/activites-d-ete\/faire-du-velo\/cyclisme-sur-route\/#primaryimage\",\"url\":\"https:\/\/officialmonttremblant.com\/wp-content\/uploads\/2022\/09\/road-bike.jpeg\",\"contentUrl\":\"https:\/\/officialmonttremblant.com\/wp-content\/uploads\/2022\/09\/road-bike.jpeg\",\"width\":620,\"height\":413,\"caption\":\"Road Bike\"},{\"@type\":\"BreadcrumbList\",\"@id\":\"https:\/\/officialmonttremblant.com\/fr\/activites\/activites-d-ete\/faire-du-velo\/cyclisme-sur-route\/#breadcrumb\",\"itemListElement\":[{\"@type\":\"ListItem\",\"position\":1,\"name\":\"Home\",\"item\":\"https:\/\/officialmonttremblant.com\/fr\/\"},{\"@type\":\"ListItem\",\"position\":2,\"name\":\"Activit\u00e9s\",\"item\":\"https:\/\/officialmonttremblant.com\/fr\/activites\/\"},{\"@type\":\"ListItem\",\"position\":3,\"name\":\"Activit\u00e9s d&#8217;\u00e9t\u00e9\",\"item\":\"https:\/\/officialmonttremblant.com\/fr\/activites\/activites-d-ete\/\"},{\"@type\":\"ListItem\",\"position\":4,\"name\":\"Faire du v\u00e9lo\",\"item\":\"https:\/\/officialmonttremblant.com\/fr\/activites\/activites-d-ete\/faire-du-velo\/\"},{\"@type\":\"ListItem\",\"position\":5,\"name\":\"Cyclisme\"}]},{\"@type\":\"WebSite\",\"@id\":\"https:\/\/officialmonttremblant.com\/fr\/#website\",\"url\":\"https:\/\/officialmonttremblant.com\/fr\/\",\"name\":\"Official Mont Tremblant\",\"description\":\"Vacation &amp; tourist guide in Mont Tremblant\",\"potentialAction\":[{\"@type\":\"SearchAction\",\"target\":{\"@type\":\"EntryPoint\",\"urlTemplate\":\"https:\/\/officialmonttremblant.com\/fr\/?s={search_term_string}\"},\"query-input\":{\"@type\":\"PropertyValueSpecification\",\"valueRequired\":true,\"valueName\":\"search_term_string\"}}],\"inLanguage\":\"fr-FR\"}]}<\/script>\n<!-- \/ Yoast SEO Premium plugin. -->","yoast_head_json":{"title":"Cyclisme sur route \u00e0 Tremblant, activit\u00e9s \u00e0 Tremblant","description":"Official Mont-Tremblant vous apporte plus d'informations sur les activit\u00e9s \u00e0 Tremblant dont le cyclisme sur route \u00e0 Tremblant.","robots":{"index":"index","follow":"follow","max-snippet":"max-snippet:-1","max-image-preview":"max-image-preview:large","max-video-preview":"max-video-preview:-1"},"canonical":"https:\/\/officialmonttremblant.com\/fr\/activites\/activites-d-ete\/faire-du-velo\/cyclisme-sur-route\/","og_locale":"fr_FR","og_type":"article","og_title":"Cyclisme","og_description":"Official Mont-Tremblant vous apporte plus d'informations sur les activit\u00e9s \u00e0 Tremblant dont le cyclisme sur route \u00e0 Tremblant.","og_url":"https:\/\/officialmonttremblant.com\/fr\/activites\/activites-d-ete\/faire-du-velo\/cyclisme-sur-route\/","og_site_name":"Official Mont Tremblant","article_modified_time":"2025-07-29T15:40:46+00:00","og_image":[{"width":620,"height":413,"url":"https:\/\/officialmonttremblant.com\/wp-content\/uploads\/2022\/09\/road-bike.jpeg","type":"image\/jpeg"}],"twitter_card":"summary_large_image","twitter_misc":{"Dur\u00e9e de lecture estim\u00e9e":"2 minutes"},"schema":{"@context":"https:\/\/schema.org","@graph":[{"@type":"WebPage","@id":"https:\/\/officialmonttremblant.com\/fr\/activites\/activites-d-ete\/faire-du-velo\/cyclisme-sur-route\/","url":"https:\/\/officialmonttremblant.com\/fr\/activites\/activites-d-ete\/faire-du-velo\/cyclisme-sur-route\/","name":"Cyclisme sur route \u00e0 Tremblant, activit\u00e9s \u00e0 Tremblant","isPartOf":{"@id":"https:\/\/officialmonttremblant.com\/fr\/#website"},"primaryImageOfPage":{"@id":"https:\/\/officialmonttremblant.com\/fr\/activites\/activites-d-ete\/faire-du-velo\/cyclisme-sur-route\/#primaryimage"},"image":{"@id":"https:\/\/officialmonttremblant.com\/fr\/activites\/activites-d-ete\/faire-du-velo\/cyclisme-sur-route\/#primaryimage"},"thumbnailUrl":"https:\/\/officialmonttremblant.com\/wp-content\/uploads\/2022\/09\/road-bike.jpeg","datePublished":"2022-09-19T22:36:23+00:00","dateModified":"2025-07-29T15:40:46+00:00","description":"Official Mont-Tremblant vous apporte plus d'informations sur les activit\u00e9s \u00e0 Tremblant dont le cyclisme sur route \u00e0 Tremblant.","breadcrumb":{"@id":"https:\/\/officialmonttremblant.com\/fr\/activites\/activites-d-ete\/faire-du-velo\/cyclisme-sur-route\/#breadcrumb"},"inLanguage":"fr-FR","potentialAction":[{"@type":"ReadAction","target":["https:\/\/officialmonttremblant.com\/fr\/activites\/activites-d-ete\/faire-du-velo\/cyclisme-sur-route\/"]}]},{"@type":"ImageObject","inLanguage":"fr-FR","@id":"https:\/\/officialmonttremblant.com\/fr\/activites\/activites-d-ete\/faire-du-velo\/cyclisme-sur-route\/#primaryimage","url":"https:\/\/officialmonttremblant.com\/wp-content\/uploads\/2022\/09\/road-bike.jpeg","contentUrl":"https:\/\/officialmonttremblant.com\/wp-content\/uploads\/2022\/09\/road-bike.jpeg","width":620,"height":413,"caption":"Road Bike"},{"@type":"BreadcrumbList","@id":"https:\/\/officialmonttremblant.com\/fr\/activites\/activites-d-ete\/faire-du-velo\/cyclisme-sur-route\/#breadcrumb","itemListElement":[{"@type":"ListItem","position":1,"name":"Home","item":"https:\/\/officialmonttremblant.com\/fr\/"},{"@type":"ListItem","position":2,"name":"Activit\u00e9s","item":"https:\/\/officialmonttremblant.com\/fr\/activites\/"},{"@type":"ListItem","position":3,"name":"Activit\u00e9s d&#8217;\u00e9t\u00e9","item":"https:\/\/officialmonttremblant.com\/fr\/activites\/activites-d-ete\/"},{"@type":"ListItem","position":4,"name":"Faire du v\u00e9lo","item":"https:\/\/officialmonttremblant.com\/fr\/activites\/activites-d-ete\/faire-du-velo\/"},{"@type":"ListItem","position":5,"name":"Cyclisme"}]},{"@type":"WebSite","@id":"https:\/\/officialmonttremblant.com\/fr\/#website","url":"https:\/\/officialmonttremblant.com\/fr\/","name":"Official Mont Tremblant","description":"Vacation &amp; tourist guide in Mont Tremblant","potentialAction":[{"@type":"SearchAction","target":{"@type":"EntryPoint","urlTemplate":"https:\/\/officialmonttremblant.com\/fr\/?s={search_term_string}"},"query-input":{"@type":"PropertyValueSpecification","valueRequired":true,"valueName":"search_term_string"}}],"inLanguage":"fr-FR"}]}},"jetpack_sharing_enabled":true,"_links":{"self":[{"href":"https:\/\/officialmonttremblant.com\/fr\/wp-json\/wp\/v2\/pages\/24731","targetHints":{"allow":["GET"]}}],"collection":[{"href":"https:\/\/officialmonttremblant.com\/fr\/wp-json\/wp\/v2\/pages"}],"about":[{"href":"https:\/\/officialmonttremblant.com\/fr\/wp-json\/wp\/v2\/types\/page"}],"author":[{"embeddable":true,"href":"https:\/\/officialmonttremblant.com\/fr\/wp-json\/wp\/v2\/users\/5"}],"replies":[{"embeddable":true,"href":"https:\/\/officialmonttremblant.com\/fr\/wp-json\/wp\/v2\/comments?post=24731"}],"version-history":[{"count":4,"href":"https:\/\/officialmonttremblant.com\/fr\/wp-json\/wp\/v2\/pages\/24731\/revisions"}],"predecessor-version":[{"id":25917,"href":"https:\/\/officialmonttremblant.com\/fr\/wp-json\/wp\/v2\/pages\/24731\/revisions\/25917"}],"up":[{"embeddable":true,"href":"https:\/\/officialmonttremblant.com\/fr\/wp-json\/wp\/v2\/pages\/24716"}],"wp:featuredmedia":[{"embeddable":true,"href":"https:\/\/officialmonttremblant.com\/fr\/wp-json\/wp\/v2\/media\/23092"}],"wp:attachment":[{"href":"https:\/\/officialmonttremblant.com\/fr\/wp-json\/wp\/v2\/media?parent=24731"}],"curies":[{"name":"wp","href":"https:\/\/api.w.org\/{rel}","templated":true}]}}