{"id":24749,"date":"2022-07-25T11:41:58","date_gmt":"2022-07-25T15:41:58","guid":{"rendered":"https:\/\/officialmonttremblant.com\/activites\/activites-d-ete\/fishing\/"},"modified":"2025-07-29T11:40:49","modified_gmt":"2025-07-29T15:40:49","slug":"peche","status":"publish","type":"page","link":"https:\/\/officialmonttremblant.com\/fr\/activites\/activites-d-ete\/peche\/","title":{"rendered":"P\u00eache"},"content":{"rendered":"<p>[vc_row][vc_column]<div id=\"ultimate-heading-62269d1217d9b230\" class=\"uvc-heading ult-adjust-bottom-margin ultimate-heading-62269d1217d9b230 uvc-7377  uvc-heading-default-font-sizes\" data-hspacer=\"no_spacer\"  data-halign=\"left\" style=\"text-align:left\"><div class=\"uvc-heading-spacer no_spacer\" style=\"top\"><\/div><div class=\"uvc-main-heading ult-responsive\"  data-ultimate-target='.uvc-heading.ultimate-heading-62269d1217d9b230 h2'  data-responsive-json-new='{\"font-size\":\"\",\"line-height\":\"\"}' ><h2 style=\"--font-weight:theme;\">La p\u00eache \u00e0 Mont-Tremblant<\/h2><\/div><div class=\"uvc-sub-heading ult-responsive\"  data-ultimate-target='.uvc-heading.ultimate-heading-62269d1217d9b230 .uvc-sub-heading '  data-responsive-json-new='{\"font-size\":\"\",\"line-height\":\"\"}'  style=\"font-weight:normal;\"><\/p>\n<p style=\"text-align: left;\">Official Mont-Tremblant vous donne plus d&rsquo;informations sur les activit\u00e9s \u00e0 Mont-Tremblant dont la p\u00eache \u00e0 Mont-Tremblant.<\/p>\n<p>La p\u00eache \u00e0 Mont-Tremblant est une activit\u00e9 populaire et un des passe-temps favoris des Canadiens, tant en hiver qu&rsquo;en \u00e9t\u00e9. Que vous soyez un p\u00eacheur expert ou un d\u00e9butant, la p\u00eache \u00e0 Tremblant est une exp\u00e9rience formidable et offre de nombreuses options, de la p\u00eache \u00e0 la mouche \u00e0 la p\u00eache en lac, en passant par la p\u00eache sur glace et m\u00eame des excursions de p\u00eache guid\u00e9es sur un lac. La p\u00eache est un excellent moyen de voir de pr\u00e8s le paysage et les paysages spectaculaires de la r\u00e9gion tout en prenant part \u00e0 une activit\u00e9 de Tremblant qui est amusante pour toute la famille.<\/p>\n<p><\/div><\/div>[\/vc_column][\/vc_row][vc_row][vc_column][vc_empty_space height=\u00a0\u00bb60px\u00a0\u00bb][\/vc_column][\/vc_row][vc_row][vc_column width=\u00a0\u00bb1\/2&Prime;][vc_column_text]<strong>PECHE AU LAC A TREMBLANT<\/strong><\/p>\n<p>Si vous avez envisag\u00e9 de vivre une exp\u00e9rience de p\u00eache en lac \u00e0 Mont-Tremblant, vous savez que le choix du bon endroit peut \u00eatre difficile. Official Mont Tremblant est l\u00e0 pour vous aider.\u00a0Le lac Tremblant est l&rsquo;un des nombreux magnifiques lacs du Qu\u00e9bec et un endroit id\u00e9al pour la p\u00eache. Son environnement est calme, ce qui en fait un endroit id\u00e9al pour renouer avec la nature.[\/vc_column_text][vc_btn title=\u00a0\u00bbPlus d&rsquo;informations\u00a0\u00bb link=\u00a0\u00bburl:https%3A%2F%2Fofficialmonttremblant.com%2Ffr%2Factivites%2Factivites-d-ete%2Fpeche%2Fpeche-au-lac%2F|title:Plus%20d&rsquo;informations|target:_blank\u00a0\u00bb][\/vc_column][vc_column width=\u00a0\u00bb1\/2&Prime;][vc_single_image image=\u00a0\u00bb23185&Prime; img_size=\u00a0\u00bb250&#215;150&Prime; alignment=\u00a0\u00bbcenter\u00a0\u00bb][\/vc_column][\/vc_row][vc_row][vc_column][vc_empty_space height=\u00a0\u00bb60px\u00a0\u00bb][\/vc_column][\/vc_row][vc_row][vc_column width=\u00a0\u00bb1\/2&Prime;][vc_column_text]<strong>PECHE EN RIVIERE A TREMBLANT<\/strong><\/p>\n<p>La p\u00eache en rivi\u00e8re est plus difficile que la p\u00eache en lac et exige souvent plus d&rsquo;habilet\u00e9 et de patience car vous devez trouver la position du poisson avec soin. En effet, le d\u00e9bit de l&rsquo;eau rend difficile l&rsquo;acc\u00e8s au bon endroit. Vous devez \u00e9galement lancer plus loin et mieux travailler votre app\u00e2t pour atteindre votre prise potentielle.[\/vc_column_text][vc_btn title=\u00a0\u00bbPlus d&rsquo;informations\u00a0\u00bb link=\u00a0\u00bburl:https%3A%2F%2Fofficialmonttremblant.com%2Ffr%2Factivites%2Factivites-d-ete%2Fpeche%2Fpeche-en-rivierre-a-tremblant%2F|title:Plus%20d&rsquo;informations|target:_blank\u00a0\u00bb][\/vc_column][vc_column width=\u00a0\u00bb1\/2&Prime;][vc_single_image image=\u00a0\u00bb23835&Prime; img_size=\u00a0\u00bb250&#215;150&Prime; alignment=\u00a0\u00bbcenter\u00a0\u00bb][\/vc_column][\/vc_row][vc_row][vc_column][vc_empty_space height=\u00a0\u00bb60px\u00a0\u00bb][\/vc_column][\/vc_row][vc_row][vc_column width=\u00a0\u00bb1\/2&Prime;][vc_column_text]<strong>EQUIPEMENTS DE PECHE A TREMBLANT<\/strong><\/p>\n<p>Si vous vous trouvez \u00e0 Mont Tremblant et que vous avez envie de p\u00eacher, vous voudrez peut-\u00eatre acheter ou simplement louer un bon \u00e9quipement de p\u00eache.\u00a0Official Mont Tremblant a s\u00e9lectionn\u00e9 pour vous le meilleur endroit pour acheter du mat\u00e9riel de p\u00eache.[\/vc_column_text][vc_btn title=\u00a0\u00bbPlus d&rsquo;informations\u00a0\u00bb link=\u00a0\u00bburl:https%3A%2F%2Fofficialmonttremblant.com%2Ffr%2Factivites%2Factivites-d-ete%2Fpeche%2Fequipements-de-peche%2F|title:Plus%20d&rsquo;informations|target:_blank\u00a0\u00bb][\/vc_column][vc_column width=\u00a0\u00bb1\/2&Prime;][vc_single_image image=\u00a0\u00bb23850&Prime; img_size=\u00a0\u00bb250&#215;150&Prime; alignment=\u00a0\u00bbcenter\u00a0\u00bb][\/vc_column][\/vc_row][vc_row][vc_column][vc_empty_space height=\u00a0\u00bb60px\u00a0\u00bb][\/vc_column][\/vc_row][vc_row][vc_column width=\u00a0\u00bb1\/2&Prime;][vc_column_text]<strong>COMMENT OBTENIR UN PERMIS DE PECHE AU QUEBEC<\/strong><\/p>\n<p>Les permis de p\u00eache pour les non-r\u00e9sidents sont disponibles pour 88,92 $ par personne pour une ann\u00e9e ou 26,40 $ par jour. Les r\u00e9sidents du Qu\u00e9bec ne paient que 30 $ par saison.[\/vc_column_text][vc_btn title=\u00a0\u00bbPlus d&rsquo;informations\u00a0\u00bb link=\u00a0\u00bburl:https%3A%2F%2Fofficialmonttremblant.com%2Ffr%2Factivites%2Factivites-d-ete%2Fpeche%2Fpermis-de-peche%2F|title:Plus%20d&rsquo;informations|target:_blank\u00a0\u00bb][\/vc_column][vc_column width=\u00a0\u00bb1\/2&Prime;][vc_single_image image=\u00a0\u00bb23198&Prime; img_size=\u00a0\u00bb250&#215;150&Prime; alignment=\u00a0\u00bbcenter\u00a0\u00bb][\/vc_column][\/vc_row][vc_row][vc_column][vc_empty_space height=\u00a0\u00bb60px\u00a0\u00bb][\/vc_column][\/vc_row][vc_row][vc_column width=\u00a0\u00bb1\/2&Prime;][vc_column_text]<strong>ACHETER DES APPATS A TREMBLANT<\/strong><\/p>\n<p>Si vous allez p\u00eacher \u00e0 Mont Tremblant, vous devrez peut-\u00eatre acheter des vers et des leurres, en fonction du poisson que vous souhaitez attraper.[\/vc_column_text][vc_btn title=\u00a0\u00bbPlus d&rsquo;informations\u00a0\u00bb link=\u00a0\u00bburl:https%3A%2F%2Fofficialmonttremblant.com%2Ffr%2Factivites%2Factivites-d-ete%2Fpeche%2Facheter-des-appats-a-tremblant%2F|title:Plus%20d&rsquo;informations|target:_blank\u00a0\u00bb][\/vc_column][vc_column width=\u00a0\u00bb1\/2&Prime;][vc_single_image image=\u00a0\u00bb23862&Prime; img_size=\u00a0\u00bb250&#215;150&Prime; alignment=\u00a0\u00bbcenter\u00a0\u00bb][\/vc_column][\/vc_row][vc_row][vc_column][vc_empty_space height=\u00a0\u00bb60px\u00a0\u00bb][\/vc_column][\/vc_row][vc_row][vc_column width=\u00a0\u00bb1\/2&Prime;][vc_column_text]<strong>ESPECES DE POISSON DANS LA REGION<\/strong><\/p>\n<p>Les esp\u00e8ces les plus populaires p\u00each\u00e9es dans le lac de Mont-Tremblant sont l&rsquo;achigan \u00e0 petite bouche, le maskinong\u00e9 et le touladi. D\u00e9couvrez-en plus sur les esp\u00e8ces de poissons de Mont-Tremblant dans l&rsquo;article suivant.[\/vc_column_text][vc_btn title=\u00a0\u00bbPlus d&rsquo;informations\u00a0\u00bb align=\u00a0\u00bbleft\u00a0\u00bb link=\u00a0\u00bburl:https%3A%2F%2Fofficialmonttremblant.com%2Ffr%2Factivites%2Factivites-d-ete%2Fpeche%2Fespeces-de-poissons-a-mont-tremblant%2F|title:Plus%20d&rsquo;informations|target:_blank\u00a0\u00bb][\/vc_column][vc_column width=\u00a0\u00bb1\/2&Prime;][vc_single_image image=\u00a0\u00bb24142&Prime; img_size=\u00a0\u00bb250&#215;150&Prime; alignment=\u00a0\u00bbcenter\u00a0\u00bb][\/vc_column][\/vc_row][vc_row][vc_column][vc_empty_space height=\u00a0\u00bb60px\u00a0\u00bb][\/vc_column][\/vc_row][vc_row][vc_column width=\u00a0\u00bb1\/2&Prime;][vc_column_text]<strong>SAISON POUR PECHER<\/strong><\/p>\n<p>Une saison de p\u00eache est la saison pendant laquelle il est l\u00e9gal de p\u00eacher du poisson. D\u00e9couvrez la r\u00e9glementation de la p\u00eache au Qu\u00e9bec sur l&rsquo;article ci-dessous.[\/vc_column_text][vc_btn title=\u00a0\u00bbPlus d&rsquo;informations\u00a0\u00bb align=\u00a0\u00bbleft\u00a0\u00bb link=\u00a0\u00bburl:https%3A%2F%2Fofficialmonttremblant.com%2Ffr%2Factivites%2Factivites-d-ete%2Fpeche%2Fsaison-pour-pecher-a-mont-tremblant%2F|title:Plus%20d&rsquo;informations|target:_blank\u00a0\u00bb][\/vc_column][vc_column width=\u00a0\u00bb1\/2&Prime;][vc_single_image image=\u00a0\u00bb24148&Prime; img_size=\u00a0\u00bb250&#215;150&Prime; alignment=\u00a0\u00bbcenter\u00a0\u00bb][\/vc_column][\/vc_row]<\/p>\n","protected":false},"excerpt":{"rendered":"<p>[vc_row][vc_column][\/vc_column][\/vc_row][vc_row][vc_column][vc_empty_space height=\u00a0\u00bb60px\u00a0\u00bb][\/vc_column][\/vc_row][vc_row][vc_column width=\u00a0\u00bb1\/2&Prime;][vc_column_text]PECHE AU LAC A TREMBLANT Si vous avez envisag\u00e9 de vivre une exp\u00e9rience de p\u00eache en lac \u00e0 Mont-Tremblant, vous savez que le choix du bon endroit peut \u00eatre difficile. Official Mont Tremblant est l\u00e0 pour vous aider.\u00a0Le lac Tremblant est l&rsquo;un des nombreux magnifiques lacs du Qu\u00e9bec et un endroit id\u00e9al pour&hellip;<\/p>\n","protected":false},"author":1,"featured_media":16616,"parent":21147,"menu_order":0,"comment_status":"closed","ping_status":"closed","template":"","meta":{"footnotes":""},"class_list":["post-24749","page","type-page","status-publish","has-post-thumbnail","hentry","description-off"],"yoast_head":"<!-- This site is optimized with the Yoast SEO Premium plugin v26.5 (Yoast SEO v26.5) - https:\/\/yoast.com\/wordpress\/plugins\/seo\/ -->\n<title>La p\u00eache \u00e0 Mont-Tremblant, activit\u00e9s \u00e0 Mont-Tremblant<\/title>\n<meta name=\"description\" content=\"Official Mont-Tremblant vous donne plus d&#039;informations sur les activit\u00e9s \u00e0 Mont-Tremblant dont la p\u00eache \u00e0 Mont-Tremblant.\" \/>\n<meta name=\"robots\" content=\"index, follow, max-snippet:-1, max-image-preview:large, max-video-preview:-1\" \/>\n<link rel=\"canonical\" href=\"https:\/\/officialmonttremblant.com\/fr\/activites\/activites-d-ete\/peche\/\" \/>\n<meta property=\"og:locale\" content=\"fr_FR\" \/>\n<meta property=\"og:type\" content=\"article\" \/>\n<meta property=\"og:title\" content=\"P\u00eache\" \/>\n<meta property=\"og:description\" content=\"Official Mont-Tremblant vous donne plus d&#039;informations sur les activit\u00e9s \u00e0 Mont-Tremblant dont la p\u00eache \u00e0 Mont-Tremblant.\" \/>\n<meta property=\"og:url\" content=\"https:\/\/officialmonttremblant.com\/fr\/activites\/activites-d-ete\/peche\/\" \/>\n<meta property=\"og:site_name\" content=\"Official Mont Tremblant\" \/>\n<meta property=\"article:modified_time\" content=\"2025-07-29T15:40:49+00:00\" \/>\n<meta property=\"og:image\" content=\"https:\/\/officialmonttremblant.com\/wp-content\/uploads\/2022\/05\/fishing.jpg\" \/>\n\t<meta property=\"og:image:width\" content=\"1920\" \/>\n\t<meta property=\"og:image:height\" content=\"1280\" \/>\n\t<meta property=\"og:image:type\" content=\"image\/jpeg\" \/>\n<meta name=\"twitter:card\" content=\"summary_large_image\" \/>\n<meta name=\"twitter:label1\" content=\"Dur\u00e9e de lecture estim\u00e9e\" \/>\n\t<meta name=\"twitter:data1\" content=\"3 minutes\" \/>\n<script type=\"application\/ld+json\" class=\"yoast-schema-graph\">{\"@context\":\"https:\/\/schema.org\",\"@graph\":[{\"@type\":\"WebPage\",\"@id\":\"https:\/\/officialmonttremblant.com\/fr\/activites\/activites-d-ete\/peche\/\",\"url\":\"https:\/\/officialmonttremblant.com\/fr\/activites\/activites-d-ete\/peche\/\",\"name\":\"La p\u00eache \u00e0 Mont-Tremblant, activit\u00e9s \u00e0 Mont-Tremblant\",\"isPartOf\":{\"@id\":\"https:\/\/officialmonttremblant.com\/fr\/#website\"},\"primaryImageOfPage\":{\"@id\":\"https:\/\/officialmonttremblant.com\/fr\/activites\/activites-d-ete\/peche\/#primaryimage\"},\"image\":{\"@id\":\"https:\/\/officialmonttremblant.com\/fr\/activites\/activites-d-ete\/peche\/#primaryimage\"},\"thumbnailUrl\":\"https:\/\/officialmonttremblant.com\/wp-content\/uploads\/2022\/05\/fishing.jpg\",\"datePublished\":\"2022-07-25T15:41:58+00:00\",\"dateModified\":\"2025-07-29T15:40:49+00:00\",\"description\":\"Official Mont-Tremblant vous donne plus d'informations sur les activit\u00e9s \u00e0 Mont-Tremblant dont la p\u00eache \u00e0 Mont-Tremblant.\",\"breadcrumb\":{\"@id\":\"https:\/\/officialmonttremblant.com\/fr\/activites\/activites-d-ete\/peche\/#breadcrumb\"},\"inLanguage\":\"fr-FR\",\"potentialAction\":[{\"@type\":\"ReadAction\",\"target\":[\"https:\/\/officialmonttremblant.com\/fr\/activites\/activites-d-ete\/peche\/\"]}]},{\"@type\":\"ImageObject\",\"inLanguage\":\"fr-FR\",\"@id\":\"https:\/\/officialmonttremblant.com\/fr\/activites\/activites-d-ete\/peche\/#primaryimage\",\"url\":\"https:\/\/officialmonttremblant.com\/wp-content\/uploads\/2022\/05\/fishing.jpg\",\"contentUrl\":\"https:\/\/officialmonttremblant.com\/wp-content\/uploads\/2022\/05\/fishing.jpg\",\"width\":1920,\"height\":1280},{\"@type\":\"BreadcrumbList\",\"@id\":\"https:\/\/officialmonttremblant.com\/fr\/activites\/activites-d-ete\/peche\/#breadcrumb\",\"itemListElement\":[{\"@type\":\"ListItem\",\"position\":1,\"name\":\"Home\",\"item\":\"https:\/\/officialmonttremblant.com\/fr\/\"},{\"@type\":\"ListItem\",\"position\":2,\"name\":\"Activit\u00e9s\",\"item\":\"https:\/\/officialmonttremblant.com\/fr\/activites\/\"},{\"@type\":\"ListItem\",\"position\":3,\"name\":\"Activit\u00e9s d&#8217;\u00e9t\u00e9\",\"item\":\"https:\/\/officialmonttremblant.com\/fr\/activites\/activites-d-ete\/\"},{\"@type\":\"ListItem\",\"position\":4,\"name\":\"P\u00eache\"}]},{\"@type\":\"WebSite\",\"@id\":\"https:\/\/officialmonttremblant.com\/fr\/#website\",\"url\":\"https:\/\/officialmonttremblant.com\/fr\/\",\"name\":\"Official Mont Tremblant\",\"description\":\"Vacation &amp; tourist guide in Mont Tremblant\",\"potentialAction\":[{\"@type\":\"SearchAction\",\"target\":{\"@type\":\"EntryPoint\",\"urlTemplate\":\"https:\/\/officialmonttremblant.com\/fr\/?s={search_term_string}\"},\"query-input\":{\"@type\":\"PropertyValueSpecification\",\"valueRequired\":true,\"valueName\":\"search_term_string\"}}],\"inLanguage\":\"fr-FR\"}]}<\/script>\n<!-- \/ Yoast SEO Premium plugin. -->","yoast_head_json":{"title":"La p\u00eache \u00e0 Mont-Tremblant, activit\u00e9s \u00e0 Mont-Tremblant","description":"Official Mont-Tremblant vous donne plus d'informations sur les activit\u00e9s \u00e0 Mont-Tremblant dont la p\u00eache \u00e0 Mont-Tremblant.","robots":{"index":"index","follow":"follow","max-snippet":"max-snippet:-1","max-image-preview":"max-image-preview:large","max-video-preview":"max-video-preview:-1"},"canonical":"https:\/\/officialmonttremblant.com\/fr\/activites\/activites-d-ete\/peche\/","og_locale":"fr_FR","og_type":"article","og_title":"P\u00eache","og_description":"Official Mont-Tremblant vous donne plus d'informations sur les activit\u00e9s \u00e0 Mont-Tremblant dont la p\u00eache \u00e0 Mont-Tremblant.","og_url":"https:\/\/officialmonttremblant.com\/fr\/activites\/activites-d-ete\/peche\/","og_site_name":"Official Mont Tremblant","article_modified_time":"2025-07-29T15:40:49+00:00","og_image":[{"width":1920,"height":1280,"url":"https:\/\/officialmonttremblant.com\/wp-content\/uploads\/2022\/05\/fishing.jpg","type":"image\/jpeg"}],"twitter_card":"summary_large_image","twitter_misc":{"Dur\u00e9e de lecture estim\u00e9e":"3 minutes"},"schema":{"@context":"https:\/\/schema.org","@graph":[{"@type":"WebPage","@id":"https:\/\/officialmonttremblant.com\/fr\/activites\/activites-d-ete\/peche\/","url":"https:\/\/officialmonttremblant.com\/fr\/activites\/activites-d-ete\/peche\/","name":"La p\u00eache \u00e0 Mont-Tremblant, activit\u00e9s \u00e0 Mont-Tremblant","isPartOf":{"@id":"https:\/\/officialmonttremblant.com\/fr\/#website"},"primaryImageOfPage":{"@id":"https:\/\/officialmonttremblant.com\/fr\/activites\/activites-d-ete\/peche\/#primaryimage"},"image":{"@id":"https:\/\/officialmonttremblant.com\/fr\/activites\/activites-d-ete\/peche\/#primaryimage"},"thumbnailUrl":"https:\/\/officialmonttremblant.com\/wp-content\/uploads\/2022\/05\/fishing.jpg","datePublished":"2022-07-25T15:41:58+00:00","dateModified":"2025-07-29T15:40:49+00:00","description":"Official Mont-Tremblant vous donne plus d'informations sur les activit\u00e9s \u00e0 Mont-Tremblant dont la p\u00eache \u00e0 Mont-Tremblant.","breadcrumb":{"@id":"https:\/\/officialmonttremblant.com\/fr\/activites\/activites-d-ete\/peche\/#breadcrumb"},"inLanguage":"fr-FR","potentialAction":[{"@type":"ReadAction","target":["https:\/\/officialmonttremblant.com\/fr\/activites\/activites-d-ete\/peche\/"]}]},{"@type":"ImageObject","inLanguage":"fr-FR","@id":"https:\/\/officialmonttremblant.com\/fr\/activites\/activites-d-ete\/peche\/#primaryimage","url":"https:\/\/officialmonttremblant.com\/wp-content\/uploads\/2022\/05\/fishing.jpg","contentUrl":"https:\/\/officialmonttremblant.com\/wp-content\/uploads\/2022\/05\/fishing.jpg","width":1920,"height":1280},{"@type":"BreadcrumbList","@id":"https:\/\/officialmonttremblant.com\/fr\/activites\/activites-d-ete\/peche\/#breadcrumb","itemListElement":[{"@type":"ListItem","position":1,"name":"Home","item":"https:\/\/officialmonttremblant.com\/fr\/"},{"@type":"ListItem","position":2,"name":"Activit\u00e9s","item":"https:\/\/officialmonttremblant.com\/fr\/activites\/"},{"@type":"ListItem","position":3,"name":"Activit\u00e9s d&#8217;\u00e9t\u00e9","item":"https:\/\/officialmonttremblant.com\/fr\/activites\/activites-d-ete\/"},{"@type":"ListItem","position":4,"name":"P\u00eache"}]},{"@type":"WebSite","@id":"https:\/\/officialmonttremblant.com\/fr\/#website","url":"https:\/\/officialmonttremblant.com\/fr\/","name":"Official Mont Tremblant","description":"Vacation &amp; tourist guide in Mont Tremblant","potentialAction":[{"@type":"SearchAction","target":{"@type":"EntryPoint","urlTemplate":"https:\/\/officialmonttremblant.com\/fr\/?s={search_term_string}"},"query-input":{"@type":"PropertyValueSpecification","valueRequired":true,"valueName":"search_term_string"}}],"inLanguage":"fr-FR"}]}},"jetpack_sharing_enabled":true,"_links":{"self":[{"href":"https:\/\/officialmonttremblant.com\/fr\/wp-json\/wp\/v2\/pages\/24749","targetHints":{"allow":["GET"]}}],"collection":[{"href":"https:\/\/officialmonttremblant.com\/fr\/wp-json\/wp\/v2\/pages"}],"about":[{"href":"https:\/\/officialmonttremblant.com\/fr\/wp-json\/wp\/v2\/types\/page"}],"author":[{"embeddable":true,"href":"https:\/\/officialmonttremblant.com\/fr\/wp-json\/wp\/v2\/users\/1"}],"replies":[{"embeddable":true,"href":"https:\/\/officialmonttremblant.com\/fr\/wp-json\/wp\/v2\/comments?post=24749"}],"version-history":[{"count":4,"href":"https:\/\/officialmonttremblant.com\/fr\/wp-json\/wp\/v2\/pages\/24749\/revisions"}],"predecessor-version":[{"id":26226,"href":"https:\/\/officialmonttremblant.com\/fr\/wp-json\/wp\/v2\/pages\/24749\/revisions\/26226"}],"up":[{"embeddable":true,"href":"https:\/\/officialmonttremblant.com\/fr\/wp-json\/wp\/v2\/pages\/21147"}],"wp:featuredmedia":[{"embeddable":true,"href":"https:\/\/officialmonttremblant.com\/fr\/wp-json\/wp\/v2\/media\/16616"}],"wp:attachment":[{"href":"https:\/\/officialmonttremblant.com\/fr\/wp-json\/wp\/v2\/media?parent=24749"}],"curies":[{"name":"wp","href":"https:\/\/api.w.org\/{rel}","templated":true}]}}