{"id":24752,"date":"2022-09-20T13:34:48","date_gmt":"2022-09-20T17:34:48","guid":{"rendered":"https:\/\/officialmonttremblant.com\/activites\/activites-d-ete\/peche\/lake-fishing-in-tremblant\/"},"modified":"2025-07-29T11:42:49","modified_gmt":"2025-07-29T15:42:49","slug":"peche-au-lac","status":"publish","type":"page","link":"https:\/\/officialmonttremblant.com\/fr\/activites\/activites-d-ete\/peche\/peche-au-lac\/","title":{"rendered":"P\u00eache au lac"},"content":{"rendered":"<p>[vc_row][vc_column]<div id=\"ultimate-heading-802569f1df6e36b77\" class=\"uvc-heading ult-adjust-bottom-margin ultimate-heading-802569f1df6e36b77 uvc-9962  uvc-heading-default-font-sizes\" data-hspacer=\"no_spacer\"  data-halign=\"left\" style=\"text-align:left\"><div class=\"uvc-heading-spacer no_spacer\" style=\"top\"><\/div><div class=\"uvc-main-heading ult-responsive\"  data-ultimate-target='.uvc-heading.ultimate-heading-802569f1df6e36b77 h2'  data-responsive-json-new='{\"font-size\":\"\",\"line-height\":\"\"}' ><h2 style=\"--font-weight:theme;\">P\u00eache au lac \u00e0 Mont-Tremblant<\/h2><\/div><div class=\"uvc-sub-heading ult-responsive\"  data-ultimate-target='.uvc-heading.ultimate-heading-802569f1df6e36b77 .uvc-sub-heading '  data-responsive-json-new='{\"font-size\":\"\",\"line-height\":\"\"}'  style=\"font-weight:normal;\"><\/p>\n<p style=\"text-align: left;\"><img loading=\"lazy\" decoding=\"async\" class=\"alignright wp-image-4401\" src=\"https:\/\/i0.wp.com\/officialmonttremblant.com\/wp-content\/uploads\/2019\/07\/DSC00716.jpg?resize=298%2C208&amp;ssl=1\" sizes=\"auto, (max-width: 298px) 100vw, 298px\" srcset=\"https:\/\/i0.wp.com\/officialmonttremblant.com\/wp-content\/uploads\/2019\/07\/DSC00716.jpg?resize=300%2C210&amp;ssl=1 300w, https:\/\/i0.wp.com\/officialmonttremblant.com\/wp-content\/uploads\/2019\/07\/DSC00716.jpg?w=481&amp;ssl=1 481w\" alt=\"fishing Lake Tremblant\" width=\"298\" height=\"208\" data-pagespeed-url-hash=\"2429982995\" \/>Official Mont-Tremblant vous donne plus d&rsquo;informations sur les activit\u00e9s \u00e0 Mont-Trembant dont la p\u00eache au lac \u00e0 Mont-Tremblant.<\/p>\n<p><span style=\"font-weight: 400;\">Nous allons vous confier un secret : le Canada poss\u00e8de certaines des meilleures p\u00eaches que vous puissiez trouver dans le monde.<\/span><\/p>\n<p><span style=\"font-weight: 400;\">Pourquoi? Eh bien, pour commencer, les options sont presque infinies. Le Canada est litt\u00e9ralement rempli de lacs. Consid\u00e9rez ceci : le Canada compte plus de <\/span><a href=\"https:\/\/www.thecanadianencyclopedia.ca\/en\/article\/lake\"><span style=\"font-weight: 400;\">deux millions de lacs<\/span><\/a><span style=\"font-weight: 400;\"> \u00e0 l&rsquo;int\u00e9rieur de ses fronti\u00e8res. Cela repr\u00e9sente environ 9 % de sa masse terrestre, ce qui fait du Canada le <\/span><a href=\"https:\/\/www.worldatlas.com\/articles\/which-country-has-the-most-lakes.html\"><span style=\"font-weight: 400;\">pays qui compte le plus de lacs au monde<\/span><\/a><span style=\"font-weight: 400;\">.\u00a0\u00a0<\/span><\/p>\n<p><span style=\"font-weight: 400;\">De toute \u00e9vidence, les options de p\u00eache au Qu\u00e9bec sont parmi les meilleures au monde, car la vaste gamme de lacs pr\u00e9sents dans la province offre aux p\u00eacheurs et aux p\u00eacheuses la possibilit\u00e9 de r\u00e9aliser quelques prises tr\u00e8s r\u00e9ussies.\u00a0<\/span><span style=\"font-weight: 400;\">Si vous envisagez une sortie de p\u00eache sur le\u00a0 lac Tremblant, vous savez que choisir le bon emplacement peut \u00eatre parfois difficile. Official Mont Tremblant est l\u00e0 pour vous aider.<\/span><\/p>\n<p><span style=\"font-weight: 400;\">Le lac Tremblant est l&rsquo;un des nombreux lacs magnifiques du Qu\u00e9bec et un lieu de p\u00eache id\u00e9al. Son environnement calme en fait un endroit parfait pour renouer avec la nature.\u00a0<\/span><span style=\"font-weight: 400;\">Le lac Tremblant est facilement accessible, surtout \u00e0 partir de Montr\u00e9al, ce qui en fait une excellente escapade de fin de semaine ou une excursion d&rsquo;une journ\u00e9e. Parfait pour la p\u00eache \u00e0 la mouche, le lac Tremblant est ouvert aux p\u00eacheurs de mai \u00e0 novembre afin de profiter au maximum de la grande quantit\u00e9 d&rsquo;achigans \u00e0 petite bouche, de touladis ou de maskinong\u00e9s.\u00a0<\/span><\/p>\n<p>&nbsp;<\/p>\n<p><span style=\"font-weight: 400;\">Pour la meilleure excursion de p\u00eache en lac sur le lac Tremblant nous vous recommandons le guide et instructeur Martin Savard: <\/span><a href=\"https:\/\/www.fishingtremblant.com\/\"><span style=\"font-weight: 400;\">https:\/\/www.fishingtremblant.com\/<\/span><\/a><\/p>\n<p><span style=\"font-weight: 400;\">Les sorties se font sur un ponton de p\u00eache de 5,5 m, ce qui est id\u00e9al pour toute la famille.Avec Martin, vous pouvez apprendre les meilleures techniques pour attraper l&rsquo;achigan \u00e0 petite bouche, le touladi, le musky ou le saumon\u00a0 avec un guide exp\u00e9riment\u00e9. Tout l&rsquo;\u00e9quipement est fourni. Le prix est celui d&rsquo;une sortie en mer et non un prix par personne.<\/span><\/p>\n<p><span style=\"font-weight: 400;\">Le bateau peut accueillir 4 p\u00eacheurs plus le guide Martin. Du d\u00e9butant \u00e0 l&rsquo;expert, les enfants et les familles sont les bienvenus !<\/span><\/p>\n<p><strong>Tarifs :<\/strong><\/p>\n<p><span style=\"font-weight: 400;\">Demi-journ\u00e9e 300 $ (4 heures)<\/span><\/p>\n<p><span style=\"font-weight: 400;\">Journ\u00e9e compl\u00e8te 400 $ (7 heures)<\/span><\/p>\n<p><strong>Pour r\u00e9server :\u00a0<\/strong><\/p>\n<p><span style=\"font-weight: 400;\">Lac Tremblant P\u00eache<\/span><\/p>\n<p><span style=\"font-weight: 400;\">Martin Savard\u00a0<\/span><\/p>\n<p><span style=\"font-weight: 400;\">T\u00e9l : 819-421-5122<\/span><\/p>\n<p><span style=\"font-weight: 400;\">Courriel : <\/span><span style=\"font-weight: 400;\">martynoriko@yahoo.com<\/span><\/p>\n<p><span style=\"font-weight: 400;\">Site Internet <\/span><a href=\"https:\/\/www.fishingtremblant.com\/\"><span style=\"font-weight: 400;\">https:\/\/www. pechetremblant.com\/<\/span><\/a><\/div><\/div>[\/vc_column][\/vc_row]<\/p>\n","protected":false},"excerpt":{"rendered":"<p>[vc_row][vc_column][\/vc_column][\/vc_row]<\/p>\n","protected":false},"author":5,"featured_media":23191,"parent":24749,"menu_order":0,"comment_status":"closed","ping_status":"closed","template":"","meta":{"footnotes":""},"class_list":["post-24752","page","type-page","status-publish","has-post-thumbnail","hentry","description-off"],"yoast_head":"<!-- This site is optimized with the Yoast SEO Premium plugin v26.5 (Yoast SEO v26.5) - https:\/\/yoast.com\/wordpress\/plugins\/seo\/ -->\n<title>P\u00eache au lac \u00e0 Mont-Tremblant, activit\u00e9s \u00e0 Mont-Tremblant<\/title>\n<meta name=\"description\" content=\"Official Mont-Tremblant vous donne plus d&#039;informations sur les activit\u00e9s \u00e0 Mont-Trembant dont la p\u00eache au lac \u00e0 Mont-Tremblant.\" \/>\n<meta name=\"robots\" content=\"index, follow, max-snippet:-1, max-image-preview:large, max-video-preview:-1\" \/>\n<link rel=\"canonical\" href=\"https:\/\/officialmonttremblant.com\/fr\/activites\/activites-d-ete\/peche\/peche-au-lac\/\" \/>\n<meta property=\"og:locale\" content=\"fr_FR\" \/>\n<meta property=\"og:type\" content=\"article\" \/>\n<meta property=\"og:title\" content=\"P\u00eache au lac\" \/>\n<meta property=\"og:description\" content=\"Official Mont-Tremblant vous donne plus d&#039;informations sur les activit\u00e9s \u00e0 Mont-Trembant dont la p\u00eache au lac \u00e0 Mont-Tremblant.\" \/>\n<meta property=\"og:url\" content=\"https:\/\/officialmonttremblant.com\/fr\/activites\/activites-d-ete\/peche\/peche-au-lac\/\" \/>\n<meta property=\"og:site_name\" content=\"Official Mont Tremblant\" \/>\n<meta property=\"article:modified_time\" content=\"2025-07-29T15:42:49+00:00\" \/>\n<meta property=\"og:image\" content=\"https:\/\/officialmonttremblant.com\/wp-content\/uploads\/2022\/09\/lake-tremblant-fishing.jpeg\" \/>\n\t<meta property=\"og:image:width\" content=\"550\" \/>\n\t<meta property=\"og:image:height\" content=\"413\" \/>\n\t<meta property=\"og:image:type\" content=\"image\/jpeg\" \/>\n<meta name=\"twitter:card\" content=\"summary_large_image\" \/>\n<meta name=\"twitter:label1\" content=\"Dur\u00e9e de lecture estim\u00e9e\" \/>\n\t<meta name=\"twitter:data1\" content=\"3 minutes\" \/>\n<script type=\"application\/ld+json\" class=\"yoast-schema-graph\">{\"@context\":\"https:\/\/schema.org\",\"@graph\":[{\"@type\":\"WebPage\",\"@id\":\"https:\/\/officialmonttremblant.com\/fr\/activites\/activites-d-ete\/peche\/peche-au-lac\/\",\"url\":\"https:\/\/officialmonttremblant.com\/fr\/activites\/activites-d-ete\/peche\/peche-au-lac\/\",\"name\":\"P\u00eache au lac \u00e0 Mont-Tremblant, activit\u00e9s \u00e0 Mont-Tremblant\",\"isPartOf\":{\"@id\":\"https:\/\/officialmonttremblant.com\/fr\/#website\"},\"primaryImageOfPage\":{\"@id\":\"https:\/\/officialmonttremblant.com\/fr\/activites\/activites-d-ete\/peche\/peche-au-lac\/#primaryimage\"},\"image\":{\"@id\":\"https:\/\/officialmonttremblant.com\/fr\/activites\/activites-d-ete\/peche\/peche-au-lac\/#primaryimage\"},\"thumbnailUrl\":\"https:\/\/officialmonttremblant.com\/wp-content\/uploads\/2022\/09\/lake-tremblant-fishing.jpeg\",\"datePublished\":\"2022-09-20T17:34:48+00:00\",\"dateModified\":\"2025-07-29T15:42:49+00:00\",\"description\":\"Official Mont-Tremblant vous donne plus d'informations sur les activit\u00e9s \u00e0 Mont-Trembant dont la p\u00eache au lac \u00e0 Mont-Tremblant.\",\"breadcrumb\":{\"@id\":\"https:\/\/officialmonttremblant.com\/fr\/activites\/activites-d-ete\/peche\/peche-au-lac\/#breadcrumb\"},\"inLanguage\":\"fr-FR\",\"potentialAction\":[{\"@type\":\"ReadAction\",\"target\":[\"https:\/\/officialmonttremblant.com\/fr\/activites\/activites-d-ete\/peche\/peche-au-lac\/\"]}]},{\"@type\":\"ImageObject\",\"inLanguage\":\"fr-FR\",\"@id\":\"https:\/\/officialmonttremblant.com\/fr\/activites\/activites-d-ete\/peche\/peche-au-lac\/#primaryimage\",\"url\":\"https:\/\/officialmonttremblant.com\/wp-content\/uploads\/2022\/09\/lake-tremblant-fishing.jpeg\",\"contentUrl\":\"https:\/\/officialmonttremblant.com\/wp-content\/uploads\/2022\/09\/lake-tremblant-fishing.jpeg\",\"width\":550,\"height\":413,\"caption\":\"Lake Tremblant fishing\"},{\"@type\":\"BreadcrumbList\",\"@id\":\"https:\/\/officialmonttremblant.com\/fr\/activites\/activites-d-ete\/peche\/peche-au-lac\/#breadcrumb\",\"itemListElement\":[{\"@type\":\"ListItem\",\"position\":1,\"name\":\"Home\",\"item\":\"https:\/\/officialmonttremblant.com\/fr\/\"},{\"@type\":\"ListItem\",\"position\":2,\"name\":\"Activit\u00e9s\",\"item\":\"https:\/\/officialmonttremblant.com\/fr\/activites\/\"},{\"@type\":\"ListItem\",\"position\":3,\"name\":\"Activit\u00e9s d&#8217;\u00e9t\u00e9\",\"item\":\"https:\/\/officialmonttremblant.com\/fr\/activites\/activites-d-ete\/\"},{\"@type\":\"ListItem\",\"position\":4,\"name\":\"P\u00eache\",\"item\":\"https:\/\/officialmonttremblant.com\/fr\/activites\/activites-d-ete\/peche\/\"},{\"@type\":\"ListItem\",\"position\":5,\"name\":\"P\u00eache au lac\"}]},{\"@type\":\"WebSite\",\"@id\":\"https:\/\/officialmonttremblant.com\/fr\/#website\",\"url\":\"https:\/\/officialmonttremblant.com\/fr\/\",\"name\":\"Official Mont Tremblant\",\"description\":\"Vacation &amp; tourist guide in Mont Tremblant\",\"potentialAction\":[{\"@type\":\"SearchAction\",\"target\":{\"@type\":\"EntryPoint\",\"urlTemplate\":\"https:\/\/officialmonttremblant.com\/fr\/?s={search_term_string}\"},\"query-input\":{\"@type\":\"PropertyValueSpecification\",\"valueRequired\":true,\"valueName\":\"search_term_string\"}}],\"inLanguage\":\"fr-FR\"}]}<\/script>\n<!-- \/ Yoast SEO Premium plugin. -->","yoast_head_json":{"title":"P\u00eache au lac \u00e0 Mont-Tremblant, activit\u00e9s \u00e0 Mont-Tremblant","description":"Official Mont-Tremblant vous donne plus d'informations sur les activit\u00e9s \u00e0 Mont-Trembant dont la p\u00eache au lac \u00e0 Mont-Tremblant.","robots":{"index":"index","follow":"follow","max-snippet":"max-snippet:-1","max-image-preview":"max-image-preview:large","max-video-preview":"max-video-preview:-1"},"canonical":"https:\/\/officialmonttremblant.com\/fr\/activites\/activites-d-ete\/peche\/peche-au-lac\/","og_locale":"fr_FR","og_type":"article","og_title":"P\u00eache au lac","og_description":"Official Mont-Tremblant vous donne plus d'informations sur les activit\u00e9s \u00e0 Mont-Trembant dont la p\u00eache au lac \u00e0 Mont-Tremblant.","og_url":"https:\/\/officialmonttremblant.com\/fr\/activites\/activites-d-ete\/peche\/peche-au-lac\/","og_site_name":"Official Mont Tremblant","article_modified_time":"2025-07-29T15:42:49+00:00","og_image":[{"width":550,"height":413,"url":"https:\/\/officialmonttremblant.com\/wp-content\/uploads\/2022\/09\/lake-tremblant-fishing.jpeg","type":"image\/jpeg"}],"twitter_card":"summary_large_image","twitter_misc":{"Dur\u00e9e de lecture estim\u00e9e":"3 minutes"},"schema":{"@context":"https:\/\/schema.org","@graph":[{"@type":"WebPage","@id":"https:\/\/officialmonttremblant.com\/fr\/activites\/activites-d-ete\/peche\/peche-au-lac\/","url":"https:\/\/officialmonttremblant.com\/fr\/activites\/activites-d-ete\/peche\/peche-au-lac\/","name":"P\u00eache au lac \u00e0 Mont-Tremblant, activit\u00e9s \u00e0 Mont-Tremblant","isPartOf":{"@id":"https:\/\/officialmonttremblant.com\/fr\/#website"},"primaryImageOfPage":{"@id":"https:\/\/officialmonttremblant.com\/fr\/activites\/activites-d-ete\/peche\/peche-au-lac\/#primaryimage"},"image":{"@id":"https:\/\/officialmonttremblant.com\/fr\/activites\/activites-d-ete\/peche\/peche-au-lac\/#primaryimage"},"thumbnailUrl":"https:\/\/officialmonttremblant.com\/wp-content\/uploads\/2022\/09\/lake-tremblant-fishing.jpeg","datePublished":"2022-09-20T17:34:48+00:00","dateModified":"2025-07-29T15:42:49+00:00","description":"Official Mont-Tremblant vous donne plus d'informations sur les activit\u00e9s \u00e0 Mont-Trembant dont la p\u00eache au lac \u00e0 Mont-Tremblant.","breadcrumb":{"@id":"https:\/\/officialmonttremblant.com\/fr\/activites\/activites-d-ete\/peche\/peche-au-lac\/#breadcrumb"},"inLanguage":"fr-FR","potentialAction":[{"@type":"ReadAction","target":["https:\/\/officialmonttremblant.com\/fr\/activites\/activites-d-ete\/peche\/peche-au-lac\/"]}]},{"@type":"ImageObject","inLanguage":"fr-FR","@id":"https:\/\/officialmonttremblant.com\/fr\/activites\/activites-d-ete\/peche\/peche-au-lac\/#primaryimage","url":"https:\/\/officialmonttremblant.com\/wp-content\/uploads\/2022\/09\/lake-tremblant-fishing.jpeg","contentUrl":"https:\/\/officialmonttremblant.com\/wp-content\/uploads\/2022\/09\/lake-tremblant-fishing.jpeg","width":550,"height":413,"caption":"Lake Tremblant fishing"},{"@type":"BreadcrumbList","@id":"https:\/\/officialmonttremblant.com\/fr\/activites\/activites-d-ete\/peche\/peche-au-lac\/#breadcrumb","itemListElement":[{"@type":"ListItem","position":1,"name":"Home","item":"https:\/\/officialmonttremblant.com\/fr\/"},{"@type":"ListItem","position":2,"name":"Activit\u00e9s","item":"https:\/\/officialmonttremblant.com\/fr\/activites\/"},{"@type":"ListItem","position":3,"name":"Activit\u00e9s d&#8217;\u00e9t\u00e9","item":"https:\/\/officialmonttremblant.com\/fr\/activites\/activites-d-ete\/"},{"@type":"ListItem","position":4,"name":"P\u00eache","item":"https:\/\/officialmonttremblant.com\/fr\/activites\/activites-d-ete\/peche\/"},{"@type":"ListItem","position":5,"name":"P\u00eache au lac"}]},{"@type":"WebSite","@id":"https:\/\/officialmonttremblant.com\/fr\/#website","url":"https:\/\/officialmonttremblant.com\/fr\/","name":"Official Mont Tremblant","description":"Vacation &amp; tourist guide in Mont Tremblant","potentialAction":[{"@type":"SearchAction","target":{"@type":"EntryPoint","urlTemplate":"https:\/\/officialmonttremblant.com\/fr\/?s={search_term_string}"},"query-input":{"@type":"PropertyValueSpecification","valueRequired":true,"valueName":"search_term_string"}}],"inLanguage":"fr-FR"}]}},"jetpack_sharing_enabled":true,"_links":{"self":[{"href":"https:\/\/officialmonttremblant.com\/fr\/wp-json\/wp\/v2\/pages\/24752","targetHints":{"allow":["GET"]}}],"collection":[{"href":"https:\/\/officialmonttremblant.com\/fr\/wp-json\/wp\/v2\/pages"}],"about":[{"href":"https:\/\/officialmonttremblant.com\/fr\/wp-json\/wp\/v2\/types\/page"}],"author":[{"embeddable":true,"href":"https:\/\/officialmonttremblant.com\/fr\/wp-json\/wp\/v2\/users\/5"}],"replies":[{"embeddable":true,"href":"https:\/\/officialmonttremblant.com\/fr\/wp-json\/wp\/v2\/comments?post=24752"}],"version-history":[{"count":4,"href":"https:\/\/officialmonttremblant.com\/fr\/wp-json\/wp\/v2\/pages\/24752\/revisions"}],"predecessor-version":[{"id":26028,"href":"https:\/\/officialmonttremblant.com\/fr\/wp-json\/wp\/v2\/pages\/24752\/revisions\/26028"}],"up":[{"embeddable":true,"href":"https:\/\/officialmonttremblant.com\/fr\/wp-json\/wp\/v2\/pages\/24749"}],"wp:featuredmedia":[{"embeddable":true,"href":"https:\/\/officialmonttremblant.com\/fr\/wp-json\/wp\/v2\/media\/23191"}],"wp:attachment":[{"href":"https:\/\/officialmonttremblant.com\/fr\/wp-json\/wp\/v2\/media?parent=24752"}],"curies":[{"name":"wp","href":"https:\/\/api.w.org\/{rel}","templated":true}]}}