{"id":24757,"date":"2022-09-20T13:59:40","date_gmt":"2022-09-20T17:59:40","guid":{"rendered":"https:\/\/officialmonttremblant.com\/activites\/activites-d-ete\/peche\/fishing-licence\/"},"modified":"2025-07-29T11:42:45","modified_gmt":"2025-07-29T15:42:45","slug":"permis-de-peche","status":"publish","type":"page","link":"https:\/\/officialmonttremblant.com\/fr\/activites\/activites-d-ete\/peche\/permis-de-peche\/","title":{"rendered":"Permis de p\u00eache"},"content":{"rendered":"<p>[vc_row][vc_column]<div id=\"ultimate-heading-159369e9db401efa4\" class=\"uvc-heading ult-adjust-bottom-margin ultimate-heading-159369e9db401efa4 uvc-9  uvc-heading-default-font-sizes\" data-hspacer=\"no_spacer\"  data-halign=\"left\" style=\"text-align:left\"><div class=\"uvc-heading-spacer no_spacer\" style=\"top\"><\/div><div class=\"uvc-main-heading ult-responsive\"  data-ultimate-target='.uvc-heading.ultimate-heading-159369e9db401efa4 h2'  data-responsive-json-new='{\"font-size\":\"\",\"line-height\":\"\"}' ><h2 style=\"--font-weight:theme;\">Comment obtenir un permis de p\u00eache \u00e0 Mont-Tremblant<\/h2><\/div><div class=\"uvc-sub-heading ult-responsive\"  data-ultimate-target='.uvc-heading.ultimate-heading-159369e9db401efa4 .uvc-sub-heading '  data-responsive-json-new='{\"font-size\":\"\",\"line-height\":\"\"}'  style=\"font-weight:normal;\"><\/p>\n<p style=\"text-align: left;\">Official Mont-Tremblant vous apporte plus d&rsquo;informations sur la p\u00eache \u00e0 Tremblant dont comment obtenir un permis de p\u00eache \u00e0 Mont-Tremblant.\u00a0<span style=\"font-weight: 400;\">S\u00e9journer \u00e0 Tremblant vous permet de pratiquer une grande vari\u00e9t\u00e9 d\u2019activit\u00e9s, dont la p\u00eache sur les nombreux lacs et rivi\u00e8res \u00e0 proximit\u00e9 \u00e0 condition d\u2019avoir un permis de p\u00eache au Qu\u00e9bec.\u00a0<\/span><\/p>\n<p style=\"text-align: left;\"><span style=\"font-weight: 400;\">Si vous \u00eates titulaire d\u2019une licence de p\u00eache au Qu\u00e9bec, votre conjoint et les enfants de moins de 18 ans r\u00e9sidant \u00e0 la m\u00eame adresse peuvent p\u00eacher sans licence mais sont soumis aux limites de capture fix\u00e9es par les autorit\u00e9s locales. Les titulaires de permis sont autoris\u00e9s \u00e0 p\u00eacher au maximum 2 touladis, 10 truites mouchet\u00e9es et 5 truites de toutes sortes, 2 saumons, 6 bars, 6 brochets, 2 musqu\u00e9s et 50 perches. Ces prises seront parfaites pour un bon d\u00eener dans votre chalet \u00e0 Tremblant.<\/span><\/p>\n<p style=\"text-align: left;\"><span style=\"font-weight: 400;\">Il y a un total de 29 zones de p\u00eache au Qu\u00e9bec, dont 4 dans la r\u00e9gion de Mont-Tremblant. Chacune de ces zones a des r\u00e9glementations l\u00e9g\u00e8rement diff\u00e9rentes. Pour savoir dans quelle zone vous p\u00eachez, visitez le site officiel du gouvernement. Les p\u00eacheurs doivent savoir que la p\u00eache \u00e0 Tremblant est strictement r\u00e9glement\u00e9e et qu\u2019elle commence chaque ann\u00e9e, en fonction des saisons, par esp\u00e8ce, appliqu\u00e9e \u00e0 toutes les zones:<\/span><\/p>\n<p style=\"text-align: left;\"><strong>Minist\u00e8re des Ressources naturelles:<\/strong><\/p>\n<p style=\"text-align: left;\"><span style=\"font-weight: 400;\">Services \u00e0 la client\u00e8le<\/span><\/p>\n<p style=\"text-align: left;\"><span style=\"font-weight: 400;\">880, chemin Sainte-Foy, RC 120-C,<\/span><\/p>\n<p style=\"text-align: left;\"><span style=\"font-weight: 400;\">Qu\u00e9bec (Qu\u00e9bec) G1S 4X4<\/span><\/p>\n<p style=\"text-align: left;\"><a href=\"http:\/\/www.mrn.gouv.qc.ca\/\"><span style=\"font-weight: 400;\">www.mrn.gouv.qc.ca<\/span><\/a><\/p>\n<p style=\"text-align: left;\"><span style=\"font-weight: 400;\">418 627-8600 or 1 866 248-6936<\/span><\/p>\n<p style=\"text-align: left;\"><strong>Et pour le Qu\u00e9bec: <\/strong><a href=\"https:\/\/www.quebec.ca\/tourisme-et-loisirs\/activites-sportives-et-de-plein-air\/peche-sportive\/pecher-quebec\"><span style=\"font-weight: 400;\">https:\/\/www.quebec.ca\/tourisme-et-loisirs\/activites-sportives-et-de-plein-air\/peche-sportive\/pecher-quebec<\/span><\/a><\/p>\n<p><\/div><\/div>[\/vc_column][\/vc_row][vc_row][vc_column][vc_empty_space height=\u00a0\u00bb60px\u00a0\u00bb][\/vc_column][\/vc_row][vc_row][vc_column][vc_single_image image=\u00a0\u00bb25056&Prime; img_size=\u00a0\u00bb800&#215;600&Prime; alignment=\u00a0\u00bbcenter\u00a0\u00bb][\/vc_column][\/vc_row]<\/p>\n","protected":false},"excerpt":{"rendered":"<p>[vc_row][vc_column][\/vc_column][\/vc_row][vc_row][vc_column][vc_empty_space height=\u00a0\u00bb60px\u00a0\u00bb][\/vc_column][\/vc_row][vc_row][vc_column][vc_single_image image=\u00a0\u00bb25056&Prime; img_size=\u00a0\u00bb800&#215;600&Prime; alignment=\u00a0\u00bbcenter\u00a0\u00bb][\/vc_column][\/vc_row]<\/p>\n","protected":false},"author":5,"featured_media":23199,"parent":24749,"menu_order":0,"comment_status":"closed","ping_status":"closed","template":"","meta":{"footnotes":""},"class_list":["post-24757","page","type-page","status-publish","has-post-thumbnail","hentry","description-off"],"yoast_head":"<!-- This site is optimized with the Yoast SEO Premium plugin v26.5 (Yoast SEO v26.5) - https:\/\/yoast.com\/wordpress\/plugins\/seo\/ -->\n<title>Permis de p\u00eache \u00e0 Mont-Tremblant, p\u00eache \u00e0 Tremblant<\/title>\n<meta name=\"description\" content=\"Official Mont-Tremblant vous apporte plus d&#039;informations sur la p\u00eache \u00e0 Tremblant dont comment obtenir un permis de p\u00eache \u00e0 Mont-Tremblant.\" \/>\n<meta name=\"robots\" content=\"index, follow, max-snippet:-1, max-image-preview:large, max-video-preview:-1\" \/>\n<link rel=\"canonical\" href=\"https:\/\/officialmonttremblant.com\/fr\/activites\/activites-d-ete\/peche\/permis-de-peche\/\" \/>\n<meta property=\"og:locale\" content=\"fr_FR\" \/>\n<meta property=\"og:type\" content=\"article\" \/>\n<meta property=\"og:title\" content=\"Permis de p\u00eache\" \/>\n<meta property=\"og:description\" content=\"Official Mont-Tremblant vous apporte plus d&#039;informations sur la p\u00eache \u00e0 Tremblant dont comment obtenir un permis de p\u00eache \u00e0 Mont-Tremblant.\" \/>\n<meta property=\"og:url\" content=\"https:\/\/officialmonttremblant.com\/fr\/activites\/activites-d-ete\/peche\/permis-de-peche\/\" \/>\n<meta property=\"og:site_name\" content=\"Official Mont Tremblant\" \/>\n<meta property=\"article:modified_time\" content=\"2025-07-29T15:42:45+00:00\" \/>\n<meta property=\"og:image\" content=\"https:\/\/officialmonttremblant.com\/wp-content\/uploads\/2022\/09\/fishing-licence.jpeg\" \/>\n\t<meta property=\"og:image:width\" content=\"717\" \/>\n\t<meta property=\"og:image:height\" content=\"479\" \/>\n\t<meta property=\"og:image:type\" content=\"image\/jpeg\" \/>\n<meta name=\"twitter:card\" content=\"summary_large_image\" \/>\n<meta name=\"twitter:label1\" content=\"Dur\u00e9e de lecture estim\u00e9e\" \/>\n\t<meta name=\"twitter:data1\" content=\"2 minutes\" \/>\n<script type=\"application\/ld+json\" class=\"yoast-schema-graph\">{\"@context\":\"https:\/\/schema.org\",\"@graph\":[{\"@type\":\"WebPage\",\"@id\":\"https:\/\/officialmonttremblant.com\/fr\/activites\/activites-d-ete\/peche\/permis-de-peche\/\",\"url\":\"https:\/\/officialmonttremblant.com\/fr\/activites\/activites-d-ete\/peche\/permis-de-peche\/\",\"name\":\"Permis de p\u00eache \u00e0 Mont-Tremblant, p\u00eache \u00e0 Tremblant\",\"isPartOf\":{\"@id\":\"https:\/\/officialmonttremblant.com\/fr\/#website\"},\"primaryImageOfPage\":{\"@id\":\"https:\/\/officialmonttremblant.com\/fr\/activites\/activites-d-ete\/peche\/permis-de-peche\/#primaryimage\"},\"image\":{\"@id\":\"https:\/\/officialmonttremblant.com\/fr\/activites\/activites-d-ete\/peche\/permis-de-peche\/#primaryimage\"},\"thumbnailUrl\":\"https:\/\/officialmonttremblant.com\/wp-content\/uploads\/2022\/09\/fishing-licence.jpeg\",\"datePublished\":\"2022-09-20T17:59:40+00:00\",\"dateModified\":\"2025-07-29T15:42:45+00:00\",\"description\":\"Official Mont-Tremblant vous apporte plus d'informations sur la p\u00eache \u00e0 Tremblant dont comment obtenir un permis de p\u00eache \u00e0 Mont-Tremblant.\",\"breadcrumb\":{\"@id\":\"https:\/\/officialmonttremblant.com\/fr\/activites\/activites-d-ete\/peche\/permis-de-peche\/#breadcrumb\"},\"inLanguage\":\"fr-FR\",\"potentialAction\":[{\"@type\":\"ReadAction\",\"target\":[\"https:\/\/officialmonttremblant.com\/fr\/activites\/activites-d-ete\/peche\/permis-de-peche\/\"]}]},{\"@type\":\"ImageObject\",\"inLanguage\":\"fr-FR\",\"@id\":\"https:\/\/officialmonttremblant.com\/fr\/activites\/activites-d-ete\/peche\/permis-de-peche\/#primaryimage\",\"url\":\"https:\/\/officialmonttremblant.com\/wp-content\/uploads\/2022\/09\/fishing-licence.jpeg\",\"contentUrl\":\"https:\/\/officialmonttremblant.com\/wp-content\/uploads\/2022\/09\/fishing-licence.jpeg\",\"width\":717,\"height\":479,\"caption\":\"How to get a fishing licence in Quebec\"},{\"@type\":\"BreadcrumbList\",\"@id\":\"https:\/\/officialmonttremblant.com\/fr\/activites\/activites-d-ete\/peche\/permis-de-peche\/#breadcrumb\",\"itemListElement\":[{\"@type\":\"ListItem\",\"position\":1,\"name\":\"Home\",\"item\":\"https:\/\/officialmonttremblant.com\/fr\/\"},{\"@type\":\"ListItem\",\"position\":2,\"name\":\"Activit\u00e9s\",\"item\":\"https:\/\/officialmonttremblant.com\/fr\/activites\/\"},{\"@type\":\"ListItem\",\"position\":3,\"name\":\"Activit\u00e9s d&#8217;\u00e9t\u00e9\",\"item\":\"https:\/\/officialmonttremblant.com\/fr\/activites\/activites-d-ete\/\"},{\"@type\":\"ListItem\",\"position\":4,\"name\":\"P\u00eache\",\"item\":\"https:\/\/officialmonttremblant.com\/fr\/activites\/activites-d-ete\/peche\/\"},{\"@type\":\"ListItem\",\"position\":5,\"name\":\"Permis de p\u00eache\"}]},{\"@type\":\"WebSite\",\"@id\":\"https:\/\/officialmonttremblant.com\/fr\/#website\",\"url\":\"https:\/\/officialmonttremblant.com\/fr\/\",\"name\":\"Official Mont Tremblant\",\"description\":\"Vacation &amp; tourist guide in Mont Tremblant\",\"potentialAction\":[{\"@type\":\"SearchAction\",\"target\":{\"@type\":\"EntryPoint\",\"urlTemplate\":\"https:\/\/officialmonttremblant.com\/fr\/?s={search_term_string}\"},\"query-input\":{\"@type\":\"PropertyValueSpecification\",\"valueRequired\":true,\"valueName\":\"search_term_string\"}}],\"inLanguage\":\"fr-FR\"}]}<\/script>\n<!-- \/ Yoast SEO Premium plugin. -->","yoast_head_json":{"title":"Permis de p\u00eache \u00e0 Mont-Tremblant, p\u00eache \u00e0 Tremblant","description":"Official Mont-Tremblant vous apporte plus d'informations sur la p\u00eache \u00e0 Tremblant dont comment obtenir un permis de p\u00eache \u00e0 Mont-Tremblant.","robots":{"index":"index","follow":"follow","max-snippet":"max-snippet:-1","max-image-preview":"max-image-preview:large","max-video-preview":"max-video-preview:-1"},"canonical":"https:\/\/officialmonttremblant.com\/fr\/activites\/activites-d-ete\/peche\/permis-de-peche\/","og_locale":"fr_FR","og_type":"article","og_title":"Permis de p\u00eache","og_description":"Official Mont-Tremblant vous apporte plus d'informations sur la p\u00eache \u00e0 Tremblant dont comment obtenir un permis de p\u00eache \u00e0 Mont-Tremblant.","og_url":"https:\/\/officialmonttremblant.com\/fr\/activites\/activites-d-ete\/peche\/permis-de-peche\/","og_site_name":"Official Mont Tremblant","article_modified_time":"2025-07-29T15:42:45+00:00","og_image":[{"width":717,"height":479,"url":"https:\/\/officialmonttremblant.com\/wp-content\/uploads\/2022\/09\/fishing-licence.jpeg","type":"image\/jpeg"}],"twitter_card":"summary_large_image","twitter_misc":{"Dur\u00e9e de lecture estim\u00e9e":"2 minutes"},"schema":{"@context":"https:\/\/schema.org","@graph":[{"@type":"WebPage","@id":"https:\/\/officialmonttremblant.com\/fr\/activites\/activites-d-ete\/peche\/permis-de-peche\/","url":"https:\/\/officialmonttremblant.com\/fr\/activites\/activites-d-ete\/peche\/permis-de-peche\/","name":"Permis de p\u00eache \u00e0 Mont-Tremblant, p\u00eache \u00e0 Tremblant","isPartOf":{"@id":"https:\/\/officialmonttremblant.com\/fr\/#website"},"primaryImageOfPage":{"@id":"https:\/\/officialmonttremblant.com\/fr\/activites\/activites-d-ete\/peche\/permis-de-peche\/#primaryimage"},"image":{"@id":"https:\/\/officialmonttremblant.com\/fr\/activites\/activites-d-ete\/peche\/permis-de-peche\/#primaryimage"},"thumbnailUrl":"https:\/\/officialmonttremblant.com\/wp-content\/uploads\/2022\/09\/fishing-licence.jpeg","datePublished":"2022-09-20T17:59:40+00:00","dateModified":"2025-07-29T15:42:45+00:00","description":"Official Mont-Tremblant vous apporte plus d'informations sur la p\u00eache \u00e0 Tremblant dont comment obtenir un permis de p\u00eache \u00e0 Mont-Tremblant.","breadcrumb":{"@id":"https:\/\/officialmonttremblant.com\/fr\/activites\/activites-d-ete\/peche\/permis-de-peche\/#breadcrumb"},"inLanguage":"fr-FR","potentialAction":[{"@type":"ReadAction","target":["https:\/\/officialmonttremblant.com\/fr\/activites\/activites-d-ete\/peche\/permis-de-peche\/"]}]},{"@type":"ImageObject","inLanguage":"fr-FR","@id":"https:\/\/officialmonttremblant.com\/fr\/activites\/activites-d-ete\/peche\/permis-de-peche\/#primaryimage","url":"https:\/\/officialmonttremblant.com\/wp-content\/uploads\/2022\/09\/fishing-licence.jpeg","contentUrl":"https:\/\/officialmonttremblant.com\/wp-content\/uploads\/2022\/09\/fishing-licence.jpeg","width":717,"height":479,"caption":"How to get a fishing licence in Quebec"},{"@type":"BreadcrumbList","@id":"https:\/\/officialmonttremblant.com\/fr\/activites\/activites-d-ete\/peche\/permis-de-peche\/#breadcrumb","itemListElement":[{"@type":"ListItem","position":1,"name":"Home","item":"https:\/\/officialmonttremblant.com\/fr\/"},{"@type":"ListItem","position":2,"name":"Activit\u00e9s","item":"https:\/\/officialmonttremblant.com\/fr\/activites\/"},{"@type":"ListItem","position":3,"name":"Activit\u00e9s d&#8217;\u00e9t\u00e9","item":"https:\/\/officialmonttremblant.com\/fr\/activites\/activites-d-ete\/"},{"@type":"ListItem","position":4,"name":"P\u00eache","item":"https:\/\/officialmonttremblant.com\/fr\/activites\/activites-d-ete\/peche\/"},{"@type":"ListItem","position":5,"name":"Permis de p\u00eache"}]},{"@type":"WebSite","@id":"https:\/\/officialmonttremblant.com\/fr\/#website","url":"https:\/\/officialmonttremblant.com\/fr\/","name":"Official Mont Tremblant","description":"Vacation &amp; tourist guide in Mont Tremblant","potentialAction":[{"@type":"SearchAction","target":{"@type":"EntryPoint","urlTemplate":"https:\/\/officialmonttremblant.com\/fr\/?s={search_term_string}"},"query-input":{"@type":"PropertyValueSpecification","valueRequired":true,"valueName":"search_term_string"}}],"inLanguage":"fr-FR"}]}},"jetpack_sharing_enabled":true,"_links":{"self":[{"href":"https:\/\/officialmonttremblant.com\/fr\/wp-json\/wp\/v2\/pages\/24757","targetHints":{"allow":["GET"]}}],"collection":[{"href":"https:\/\/officialmonttremblant.com\/fr\/wp-json\/wp\/v2\/pages"}],"about":[{"href":"https:\/\/officialmonttremblant.com\/fr\/wp-json\/wp\/v2\/types\/page"}],"author":[{"embeddable":true,"href":"https:\/\/officialmonttremblant.com\/fr\/wp-json\/wp\/v2\/users\/5"}],"replies":[{"embeddable":true,"href":"https:\/\/officialmonttremblant.com\/fr\/wp-json\/wp\/v2\/comments?post=24757"}],"version-history":[{"count":3,"href":"https:\/\/officialmonttremblant.com\/fr\/wp-json\/wp\/v2\/pages\/24757\/revisions"}],"predecessor-version":[{"id":26220,"href":"https:\/\/officialmonttremblant.com\/fr\/wp-json\/wp\/v2\/pages\/24757\/revisions\/26220"}],"up":[{"embeddable":true,"href":"https:\/\/officialmonttremblant.com\/fr\/wp-json\/wp\/v2\/pages\/24749"}],"wp:featuredmedia":[{"embeddable":true,"href":"https:\/\/officialmonttremblant.com\/fr\/wp-json\/wp\/v2\/media\/23199"}],"wp:attachment":[{"href":"https:\/\/officialmonttremblant.com\/fr\/wp-json\/wp\/v2\/media?parent=24757"}],"curies":[{"name":"wp","href":"https:\/\/api.w.org\/{rel}","templated":true}]}}