{"id":24761,"date":"2022-07-25T11:42:44","date_gmt":"2022-07-25T15:42:44","guid":{"rendered":"https:\/\/officialmonttremblant.com\/activites\/activites-d-ete\/golf\/"},"modified":"2025-07-29T11:42:59","modified_gmt":"2025-07-29T15:42:59","slug":"golf","status":"publish","type":"page","link":"https:\/\/officialmonttremblant.com\/fr\/activites\/activites-d-ete\/golf\/","title":{"rendered":"Golf"},"content":{"rendered":"<p>[vc_row][vc_column]<div id=\"ultimate-heading-94669ddf2d2c086b\" class=\"uvc-heading ult-adjust-bottom-margin ultimate-heading-94669ddf2d2c086b uvc-1677  uvc-heading-default-font-sizes\" data-hspacer=\"no_spacer\"  data-halign=\"left\" style=\"text-align:left\"><div class=\"uvc-heading-spacer no_spacer\" style=\"top\"><\/div><div class=\"uvc-main-heading ult-responsive\"  data-ultimate-target='.uvc-heading.ultimate-heading-94669ddf2d2c086b h2'  data-responsive-json-new='{\"font-size\":\"\",\"line-height\":\"\"}' ><h2 style=\"--font-weight:theme;\">Golf \u00e0 Mont-Tremblant<\/h2><\/div><div class=\"uvc-sub-heading ult-responsive\"  data-ultimate-target='.uvc-heading.ultimate-heading-94669ddf2d2c086b .uvc-sub-heading '  data-responsive-json-new='{\"font-size\":\"\",\"line-height\":\"\"}'  style=\"font-weight:normal;\"><\/p>\n<p style=\"text-align: left;\"><span data-sheets-value=\"{&quot;1&quot;:2,&quot;2&quot;:&quot;OfficialMontTremblant.com provides detailed information on Mont-Tremblant activities including the top 4 Mont Tremblant golf courses.&quot;}\" data-sheets-userformat=\"{&quot;2&quot;:14849,&quot;3&quot;:{&quot;1&quot;:0},&quot;12&quot;:0,&quot;14&quot;:{&quot;1&quot;:2,&quot;2&quot;:0},&quot;15&quot;:&quot;Calibri&quot;,&quot;16&quot;:9}\">Official Mont-Tremblant vous apporte plus d&rsquo;informations sur les activit\u00e9s d&rsquo;\u00e9t\u00e9 \u00e0 Mont-Tremblant dont le golf \u00e0 Mont-Tremblant.<\/span><\/p>\n<p><span style=\"font-weight: 400;\">Pendant la saison estivale, le golf est une activit\u00e9 populaire \u00e0 Mont- Tremblant. En fait, la r\u00e9gion est un paradis pour les golfeurs avec six terrains de golf de championnat \u00e0 moins de dix minutes de la station de ski. La r\u00e9gion compte la plus grande concentration de parcours de golf de montagne de toute l\u2019Am\u00e9rique du Nord. Que vous soyez golfeur d\u00e9butant, interm\u00e9diaire ou professionnel, l\u2019un de ces parcours de golf \u00e0 Tremblant correspond forc\u00e9ment\u00a0 \u00e0 votre niveau.<\/span><\/p>\n<p><span style=\"font-weight: 400;\">Les meilleurs terrains de golf de Tremblant ont \u00e9t\u00e9 construits autour des for\u00eats des Laurentides et offrent des fairways uniques qui serpentent le long des ruisseaux de montagne. Les golfeurs les plus aguerris appr\u00e9cieront les\u00a0 parcours difficiles du Diable ou de la B\u00eate et ceux qui souhaitent pratiquer cette activit\u00e9 de Mont-Tremblant en toute simplicit\u00e9 pr\u00e9f\u00e8reront le parcours du G\u00e9ant ou de La Belle, beaucoup moins difficile.<\/span><\/p>\n<p><\/div><\/div>[\/vc_column][\/vc_row][vc_row][vc_column][vc_empty_space height=\u00a0\u00bb60px\u00a0\u00bb][\/vc_column][\/vc_row][vc_row][vc_column][vc_column_text]<\/p>\n<h3>Terrains de golf \u00e0 Mont-Tremblant<\/h3>\n<p>&nbsp;<\/p>\n<p><img loading=\"lazy\" decoding=\"async\" class=\"alignleft wp-image-3906\" src=\"https:\/\/i0.wp.com\/officialmonttremblant.com\/wp-content\/uploads\/2019\/06\/labete-golf15.jpg?resize=225%2C150&amp;ssl=1\" sizes=\"auto, (max-width: 225px) 100vw, 225px\" srcset=\"https:\/\/i0.wp.com\/officialmonttremblant.com\/wp-content\/uploads\/2019\/06\/labete-golf15.jpg?resize=300%2C200&amp;ssl=1 300w, https:\/\/i0.wp.com\/officialmonttremblant.com\/wp-content\/uploads\/2019\/06\/labete-golf15.jpg?w=600&amp;ssl=1 600w\" alt=\"golf course in Tremblant, La Bete\" width=\"225\" height=\"150\" data-pagespeed-url-hash=\"2672831642\" \/><strong>La Bete Golf Course<\/strong> La Gray Rocks Resort, Mont Tremblant<br \/>\n<strong>Tel:<\/strong> 800-567-6744<br \/>\n<strong>Trous:<\/strong> 18 <strong>Yards: <\/strong>6,825<br \/>\n<strong>Prix:<\/strong> $59 to $109<\/p>\n<p><span style=\"font-weight: 400;\">Situ\u00e9 le long de la Mont\u00e9e Ryan menant au Mont-Tremblant, le golf La B\u00eate gagne rapidement sa r\u00e9putation comme l\u2019un des meilleurs golfs au Canada. Offrant tous les atouts pour un\u00a0 golfeur averti \u2013 un entretien immacul\u00e9, ses aires de d\u00e9part, ses all\u00e9es, ses verts recouverts d\u2019agrostides en parfaite condition, et des trous de diff\u00e9rents niveaux \u2013 La B\u00eate vous fera\u00a0 vivre de m\u00e9morables parties!<\/span><\/p>\n<p><span style=\"font-weight: 400;\">Con\u00e7u par l\u2019architecte de renom Graham Cooke, le terrain de golf de La B\u00eate serpente \u00e0 travers\u00a0 des plateaux sur\u00e9lev\u00e9s, et offre une vue des Laurentides et de la rivi\u00e8re du Diable \u00e0 couper le souffle. Le d\u00e9cor naturel et merveilleux de La B\u00eate en fait le parcours pr\u00e9f\u00e9r\u00e9 de Tremblant.<\/span><\/p>\n<p>&nbsp;<\/p>\n<p>&nbsp;<\/p>\n<p>&nbsp;<\/p>\n<p><img loading=\"lazy\" decoding=\"async\" class=\"alignleft wp-image-3905\" src=\"https:\/\/i0.wp.com\/officialmonttremblant.com\/wp-content\/uploads\/2019\/06\/la-belle-golf-16.jpg?resize=225%2C149&amp;ssl=1\" sizes=\"auto, (max-width: 225px) 100vw, 225px\" srcset=\"https:\/\/i0.wp.com\/officialmonttremblant.com\/wp-content\/uploads\/2019\/06\/la-belle-golf-16.jpg?resize=300%2C199&amp;ssl=1 300w, https:\/\/i0.wp.com\/officialmonttremblant.com\/wp-content\/uploads\/2019\/06\/la-belle-golf-16.jpg?w=600&amp;ssl=1 600w\" alt=\"golf course in Tremblant, La Belle\" width=\"225\" height=\"149\" data-recalc-dims=\"1\" data-pagespeed-url-hash=\"627190729\" \/><strong>La Belle Golf Course<\/strong> La Gray Rocks Resort, Mont Tremblant<br \/>\n<strong>Tel:<\/strong> 800-567-6744<br \/>\n<strong>Trous:<\/strong> 18 <strong>Yards:<\/strong> 6,270<br \/>\n<strong>Prix:<\/strong> $25 to $55<\/p>\n<p><span style=\"font-weight: 400;\">Il s\u2019agit \u00e9galement du premier terrain de golf des Laurentides puisqu\u2019il a \u00e9t\u00e9 cr\u00e9e il y a plus de 80 ans. Il est aujourd\u2019hui un terrain montagneux classique o\u00f9 vous pouvez jouer \u00e0 pied ou en voiturette dans les\u00a0 all\u00e9es d\u00e9gag\u00e9es et bord\u00e9es par la g\u00e9n\u00e9reuse for\u00eat des Laurentides.\u00a0 Avec une boutique du pro enti\u00e8rement \u00e9quip\u00e9e, des practices,et un terrain d\u2019enseignement, La Belle est un excellent terrain tant pour les joueurs exp\u00e9riment\u00e9s, que pour les d\u00e9butants qui apprendront les joies de ce sport.<\/span><\/p>\n<p>&nbsp;<\/p>\n<p><img loading=\"lazy\" decoding=\"async\" class=\"alignleft size-full wp-image-3907\" src=\"https:\/\/i0.wp.com\/officialmonttremblant.com\/wp-content\/uploads\/2019\/06\/golf-le-diable-photo-1.jpg?resize=225%2C150&amp;ssl=1\" alt=\"golf course in Tremblant, Le Diable\" width=\"225\" height=\"150\" data-recalc-dims=\"1\" data-pagespeed-url-hash=\"3477157267\" \/><strong>Le Diable Golf Course<\/strong> Montee Ryan, Mont Tremblant<br \/>\n<strong>Tel:<\/strong> 866- 783-5634<br \/>\n<strong>Trous:<\/strong> 18 <strong>Yards:<\/strong> 7,056<br \/>\n<strong>Prix:<\/strong> $49 to $129<\/p>\n<p><span style=\"font-weight: 400;\">Con\u00e7u par les ma\u00eetres architectes Michael Hurzdan et Dana Fry, ce parcours est un chef-d\u2019\u0153uvre unique aux verts impeccables et aux longues all\u00e9es \u00e9troites. Constitu\u00e9 de vallons et de vastes fosses de sable rouge, ce parcours \u00e9tonnant aux conditions parfaites vous promet une s\u00e9ance de golf incomparable. Gr\u00e2ce \u00e0 son Acad\u00e9mie offrant des installations uniques au Canada et son service personnalis\u00e9 hors pair, Le Diable s\u2019est \u00e9tabli comme le meilleur parcours de golf public des Laurentides. Mettez votre talent \u00e0 l\u2019\u00e9preuve, relevez le d\u00e9fi !<\/span><\/p>\n<p>&nbsp;<\/p>\n<p><img loading=\"lazy\" decoding=\"async\" class=\"alignleft size-full wp-image-3903\" src=\"https:\/\/i0.wp.com\/officialmonttremblant.com\/wp-content\/uploads\/2019\/06\/golf-le-geant-5_2.jpg?resize=225%2C150&amp;ssl=1\" alt=\"golf course in Tremblant, Le Geant\" width=\"225\" height=\"150\" data-recalc-dims=\"1\" data-pagespeed-url-hash=\"1348312341\" \/><strong>Le Geant Golf Course<\/strong> Montee Ryan, Mont Tremblant<br \/>\n<strong>Tel:<\/strong> 866- 783-5634<br \/>\n<strong>Trous:<\/strong> 18 <strong>Yards:<\/strong> 6,836<br \/>\n<strong>Prix:<\/strong> $49 to $109<\/p>\n<p><span style=\"font-weight: 400;\">Le terrain de golf Le G\u00e9ant est un parcours de golf de ma\u00eetre qui offre une exp\u00e9rience inoubliable aux golfeurs de tous les niveaux qui veulent jouer un bon jeu alors qu\u2019ils sont entour\u00e9s d\u2019une vue imprenable sur les Laurentides. Le terrain de golf Le G\u00e9ant a \u00e9t\u00e9 \u00e9lu deuxi\u00e8me meilleur parcours de golf public au Canada par le magazine SCORE golf et a \u00e9t\u00e9 l\u2019un des deux seuls terrains de golf au pays \u00e0 avoir re\u00e7u la note 4 \u00bd \u00e9toiles du magazine Golf Digest. Le G\u00e9ant propose \u00e9galement une acad\u00e9mie de golf, un practice, une boutique de professionnels et un service de location de chaussures.<\/span>[\/vc_column_text][\/vc_column][\/vc_row]<\/p>\n","protected":false},"excerpt":{"rendered":"<p>[vc_row][vc_column][\/vc_column][\/vc_row][vc_row][vc_column][vc_empty_space height=\u00a0\u00bb60px\u00a0\u00bb][\/vc_column][\/vc_row][vc_row][vc_column][vc_column_text] Terrains de golf \u00e0 Mont-Tremblant &nbsp; La Bete Golf Course La Gray Rocks Resort, Mont Tremblant Tel: 800-567-6744 Trous: 18 Yards: 6,825 Prix: $59 to $109 Situ\u00e9 le long de la Mont\u00e9e Ryan menant au Mont-Tremblant, le golf La B\u00eate gagne rapidement sa r\u00e9putation comme l\u2019un des meilleurs golfs au Canada. Offrant tous&hellip;<\/p>\n","protected":false},"author":1,"featured_media":23214,"parent":21147,"menu_order":0,"comment_status":"closed","ping_status":"closed","template":"","meta":{"footnotes":""},"class_list":["post-24761","page","type-page","status-publish","has-post-thumbnail","hentry","description-off"],"yoast_head":"<!-- This site is optimized with the Yoast SEO Premium plugin v26.5 (Yoast SEO v26.5) - https:\/\/yoast.com\/wordpress\/plugins\/seo\/ -->\n<title>Golf \u00e0 Mont-Tremblant, activit\u00e9s d&#039;\u00e9t\u00e9 \u00e0 Mont-Tremblant<\/title>\n<meta name=\"description\" content=\"Official Mont-Tremblant vous apporte plus d&#039;informations sur les activit\u00e9s d&#039;\u00e9t\u00e9 \u00e0 Mont-Tremblant dont le golf \u00e0 Mont-Tremblant.\" \/>\n<meta name=\"robots\" content=\"index, follow, max-snippet:-1, max-image-preview:large, max-video-preview:-1\" \/>\n<link rel=\"canonical\" href=\"https:\/\/officialmonttremblant.com\/fr\/activites\/activites-d-ete\/golf\/\" \/>\n<meta property=\"og:locale\" content=\"fr_FR\" \/>\n<meta property=\"og:type\" content=\"article\" \/>\n<meta property=\"og:title\" content=\"Golf\" \/>\n<meta property=\"og:description\" content=\"Official Mont-Tremblant vous apporte plus d&#039;informations sur les activit\u00e9s d&#039;\u00e9t\u00e9 \u00e0 Mont-Tremblant dont le golf \u00e0 Mont-Tremblant.\" \/>\n<meta property=\"og:url\" content=\"https:\/\/officialmonttremblant.com\/fr\/activites\/activites-d-ete\/golf\/\" \/>\n<meta property=\"og:site_name\" content=\"Official Mont Tremblant\" \/>\n<meta property=\"article:modified_time\" content=\"2025-07-29T15:42:59+00:00\" \/>\n<meta property=\"og:image\" content=\"https:\/\/officialmonttremblant.com\/wp-content\/uploads\/2022\/09\/Mont-Tremblant-golf.jpeg\" \/>\n\t<meta property=\"og:image:width\" content=\"1024\" \/>\n\t<meta property=\"og:image:height\" content=\"576\" \/>\n\t<meta property=\"og:image:type\" content=\"image\/jpeg\" \/>\n<meta name=\"twitter:card\" content=\"summary_large_image\" \/>\n<meta name=\"twitter:label1\" content=\"Dur\u00e9e de lecture estim\u00e9e\" \/>\n\t<meta name=\"twitter:data1\" content=\"5 minutes\" \/>\n<script type=\"application\/ld+json\" class=\"yoast-schema-graph\">{\"@context\":\"https:\/\/schema.org\",\"@graph\":[{\"@type\":\"WebPage\",\"@id\":\"https:\/\/officialmonttremblant.com\/fr\/activites\/activites-d-ete\/golf\/\",\"url\":\"https:\/\/officialmonttremblant.com\/fr\/activites\/activites-d-ete\/golf\/\",\"name\":\"Golf \u00e0 Mont-Tremblant, activit\u00e9s d'\u00e9t\u00e9 \u00e0 Mont-Tremblant\",\"isPartOf\":{\"@id\":\"https:\/\/officialmonttremblant.com\/fr\/#website\"},\"primaryImageOfPage\":{\"@id\":\"https:\/\/officialmonttremblant.com\/fr\/activites\/activites-d-ete\/golf\/#primaryimage\"},\"image\":{\"@id\":\"https:\/\/officialmonttremblant.com\/fr\/activites\/activites-d-ete\/golf\/#primaryimage\"},\"thumbnailUrl\":\"https:\/\/officialmonttremblant.com\/wp-content\/uploads\/2022\/09\/Mont-Tremblant-golf.jpeg\",\"datePublished\":\"2022-07-25T15:42:44+00:00\",\"dateModified\":\"2025-07-29T15:42:59+00:00\",\"description\":\"Official Mont-Tremblant vous apporte plus d'informations sur les activit\u00e9s d'\u00e9t\u00e9 \u00e0 Mont-Tremblant dont le golf \u00e0 Mont-Tremblant.\",\"breadcrumb\":{\"@id\":\"https:\/\/officialmonttremblant.com\/fr\/activites\/activites-d-ete\/golf\/#breadcrumb\"},\"inLanguage\":\"fr-FR\",\"potentialAction\":[{\"@type\":\"ReadAction\",\"target\":[\"https:\/\/officialmonttremblant.com\/fr\/activites\/activites-d-ete\/golf\/\"]}]},{\"@type\":\"ImageObject\",\"inLanguage\":\"fr-FR\",\"@id\":\"https:\/\/officialmonttremblant.com\/fr\/activites\/activites-d-ete\/golf\/#primaryimage\",\"url\":\"https:\/\/officialmonttremblant.com\/wp-content\/uploads\/2022\/09\/Mont-Tremblant-golf.jpeg\",\"contentUrl\":\"https:\/\/officialmonttremblant.com\/wp-content\/uploads\/2022\/09\/Mont-Tremblant-golf.jpeg\",\"width\":1024,\"height\":576,\"caption\":\"Mont-Tremblant golf\"},{\"@type\":\"BreadcrumbList\",\"@id\":\"https:\/\/officialmonttremblant.com\/fr\/activites\/activites-d-ete\/golf\/#breadcrumb\",\"itemListElement\":[{\"@type\":\"ListItem\",\"position\":1,\"name\":\"Home\",\"item\":\"https:\/\/officialmonttremblant.com\/fr\/\"},{\"@type\":\"ListItem\",\"position\":2,\"name\":\"Activit\u00e9s\",\"item\":\"https:\/\/officialmonttremblant.com\/fr\/activites\/\"},{\"@type\":\"ListItem\",\"position\":3,\"name\":\"Activit\u00e9s d&#8217;\u00e9t\u00e9\",\"item\":\"https:\/\/officialmonttremblant.com\/fr\/activites\/activites-d-ete\/\"},{\"@type\":\"ListItem\",\"position\":4,\"name\":\"Golf\"}]},{\"@type\":\"WebSite\",\"@id\":\"https:\/\/officialmonttremblant.com\/fr\/#website\",\"url\":\"https:\/\/officialmonttremblant.com\/fr\/\",\"name\":\"Official Mont Tremblant\",\"description\":\"Vacation &amp; tourist guide in Mont Tremblant\",\"potentialAction\":[{\"@type\":\"SearchAction\",\"target\":{\"@type\":\"EntryPoint\",\"urlTemplate\":\"https:\/\/officialmonttremblant.com\/fr\/?s={search_term_string}\"},\"query-input\":{\"@type\":\"PropertyValueSpecification\",\"valueRequired\":true,\"valueName\":\"search_term_string\"}}],\"inLanguage\":\"fr-FR\"}]}<\/script>\n<!-- \/ Yoast SEO Premium plugin. -->","yoast_head_json":{"title":"Golf \u00e0 Mont-Tremblant, activit\u00e9s d'\u00e9t\u00e9 \u00e0 Mont-Tremblant","description":"Official Mont-Tremblant vous apporte plus d'informations sur les activit\u00e9s d'\u00e9t\u00e9 \u00e0 Mont-Tremblant dont le golf \u00e0 Mont-Tremblant.","robots":{"index":"index","follow":"follow","max-snippet":"max-snippet:-1","max-image-preview":"max-image-preview:large","max-video-preview":"max-video-preview:-1"},"canonical":"https:\/\/officialmonttremblant.com\/fr\/activites\/activites-d-ete\/golf\/","og_locale":"fr_FR","og_type":"article","og_title":"Golf","og_description":"Official Mont-Tremblant vous apporte plus d'informations sur les activit\u00e9s d'\u00e9t\u00e9 \u00e0 Mont-Tremblant dont le golf \u00e0 Mont-Tremblant.","og_url":"https:\/\/officialmonttremblant.com\/fr\/activites\/activites-d-ete\/golf\/","og_site_name":"Official Mont Tremblant","article_modified_time":"2025-07-29T15:42:59+00:00","og_image":[{"width":1024,"height":576,"url":"https:\/\/officialmonttremblant.com\/wp-content\/uploads\/2022\/09\/Mont-Tremblant-golf.jpeg","type":"image\/jpeg"}],"twitter_card":"summary_large_image","twitter_misc":{"Dur\u00e9e de lecture estim\u00e9e":"5 minutes"},"schema":{"@context":"https:\/\/schema.org","@graph":[{"@type":"WebPage","@id":"https:\/\/officialmonttremblant.com\/fr\/activites\/activites-d-ete\/golf\/","url":"https:\/\/officialmonttremblant.com\/fr\/activites\/activites-d-ete\/golf\/","name":"Golf \u00e0 Mont-Tremblant, activit\u00e9s d'\u00e9t\u00e9 \u00e0 Mont-Tremblant","isPartOf":{"@id":"https:\/\/officialmonttremblant.com\/fr\/#website"},"primaryImageOfPage":{"@id":"https:\/\/officialmonttremblant.com\/fr\/activites\/activites-d-ete\/golf\/#primaryimage"},"image":{"@id":"https:\/\/officialmonttremblant.com\/fr\/activites\/activites-d-ete\/golf\/#primaryimage"},"thumbnailUrl":"https:\/\/officialmonttremblant.com\/wp-content\/uploads\/2022\/09\/Mont-Tremblant-golf.jpeg","datePublished":"2022-07-25T15:42:44+00:00","dateModified":"2025-07-29T15:42:59+00:00","description":"Official Mont-Tremblant vous apporte plus d'informations sur les activit\u00e9s d'\u00e9t\u00e9 \u00e0 Mont-Tremblant dont le golf \u00e0 Mont-Tremblant.","breadcrumb":{"@id":"https:\/\/officialmonttremblant.com\/fr\/activites\/activites-d-ete\/golf\/#breadcrumb"},"inLanguage":"fr-FR","potentialAction":[{"@type":"ReadAction","target":["https:\/\/officialmonttremblant.com\/fr\/activites\/activites-d-ete\/golf\/"]}]},{"@type":"ImageObject","inLanguage":"fr-FR","@id":"https:\/\/officialmonttremblant.com\/fr\/activites\/activites-d-ete\/golf\/#primaryimage","url":"https:\/\/officialmonttremblant.com\/wp-content\/uploads\/2022\/09\/Mont-Tremblant-golf.jpeg","contentUrl":"https:\/\/officialmonttremblant.com\/wp-content\/uploads\/2022\/09\/Mont-Tremblant-golf.jpeg","width":1024,"height":576,"caption":"Mont-Tremblant golf"},{"@type":"BreadcrumbList","@id":"https:\/\/officialmonttremblant.com\/fr\/activites\/activites-d-ete\/golf\/#breadcrumb","itemListElement":[{"@type":"ListItem","position":1,"name":"Home","item":"https:\/\/officialmonttremblant.com\/fr\/"},{"@type":"ListItem","position":2,"name":"Activit\u00e9s","item":"https:\/\/officialmonttremblant.com\/fr\/activites\/"},{"@type":"ListItem","position":3,"name":"Activit\u00e9s d&#8217;\u00e9t\u00e9","item":"https:\/\/officialmonttremblant.com\/fr\/activites\/activites-d-ete\/"},{"@type":"ListItem","position":4,"name":"Golf"}]},{"@type":"WebSite","@id":"https:\/\/officialmonttremblant.com\/fr\/#website","url":"https:\/\/officialmonttremblant.com\/fr\/","name":"Official Mont Tremblant","description":"Vacation &amp; tourist guide in Mont Tremblant","potentialAction":[{"@type":"SearchAction","target":{"@type":"EntryPoint","urlTemplate":"https:\/\/officialmonttremblant.com\/fr\/?s={search_term_string}"},"query-input":{"@type":"PropertyValueSpecification","valueRequired":true,"valueName":"search_term_string"}}],"inLanguage":"fr-FR"}]}},"jetpack_sharing_enabled":true,"_links":{"self":[{"href":"https:\/\/officialmonttremblant.com\/fr\/wp-json\/wp\/v2\/pages\/24761","targetHints":{"allow":["GET"]}}],"collection":[{"href":"https:\/\/officialmonttremblant.com\/fr\/wp-json\/wp\/v2\/pages"}],"about":[{"href":"https:\/\/officialmonttremblant.com\/fr\/wp-json\/wp\/v2\/types\/page"}],"author":[{"embeddable":true,"href":"https:\/\/officialmonttremblant.com\/fr\/wp-json\/wp\/v2\/users\/1"}],"replies":[{"embeddable":true,"href":"https:\/\/officialmonttremblant.com\/fr\/wp-json\/wp\/v2\/comments?post=24761"}],"version-history":[{"count":3,"href":"https:\/\/officialmonttremblant.com\/fr\/wp-json\/wp\/v2\/pages\/24761\/revisions"}],"predecessor-version":[{"id":26237,"href":"https:\/\/officialmonttremblant.com\/fr\/wp-json\/wp\/v2\/pages\/24761\/revisions\/26237"}],"up":[{"embeddable":true,"href":"https:\/\/officialmonttremblant.com\/fr\/wp-json\/wp\/v2\/pages\/21147"}],"wp:featuredmedia":[{"embeddable":true,"href":"https:\/\/officialmonttremblant.com\/fr\/wp-json\/wp\/v2\/media\/23214"}],"wp:attachment":[{"href":"https:\/\/officialmonttremblant.com\/fr\/wp-json\/wp\/v2\/media?parent=24761"}],"curies":[{"name":"wp","href":"https:\/\/api.w.org\/{rel}","templated":true}]}}