{"id":24763,"date":"2022-07-25T11:44:01","date_gmt":"2022-07-25T15:44:01","guid":{"rendered":"https:\/\/officialmonttremblant.com\/activites\/activites-d-ete\/hiking\/"},"modified":"2025-07-29T11:43:02","modified_gmt":"2025-07-29T15:43:02","slug":"randonnee","status":"publish","type":"page","link":"https:\/\/officialmonttremblant.com\/fr\/activites\/activites-d-ete\/randonnee\/","title":{"rendered":"Randonn\u00e9e"},"content":{"rendered":"<p>[vc_row][vc_column]<div id=\"ultimate-heading-769969d39d3e484f9\" class=\"uvc-heading ult-adjust-bottom-margin ultimate-heading-769969d39d3e484f9 uvc-2944  uvc-heading-default-font-sizes\" data-hspacer=\"no_spacer\"  data-halign=\"left\" style=\"text-align:left\"><div class=\"uvc-heading-spacer no_spacer\" style=\"top\"><\/div><div class=\"uvc-main-heading ult-responsive\"  data-ultimate-target='.uvc-heading.ultimate-heading-769969d39d3e484f9 h2'  data-responsive-json-new='{\"font-size\":\"\",\"line-height\":\"\"}' ><h2 style=\"--font-weight:theme;\">Randonn\u00e9e \u00e0 Mont-Tremblant<\/h2><\/div><div class=\"uvc-sub-heading ult-responsive\"  data-ultimate-target='.uvc-heading.ultimate-heading-769969d39d3e484f9 .uvc-sub-heading '  data-responsive-json-new='{\"font-size\":\"\",\"line-height\":\"\"}'  style=\"font-weight:normal;\"><\/p>\n<p style=\"text-align: left;\"><span style=\"font-weight: 400;\">Official Mont Tremblant vous donne plus d&rsquo;informations sur les activit\u00e9s \u00e0 Mont-Tremblant dont la randonn\u00e9e \u00e0 Mont-Tremblant.\u00a0<\/span><span style=\"font-weight: 400;\">Que vous aimiez les promenades courtes ou longues, la randonn\u00e9e \u00e0 Mont Tremblant peut \u00eatre amusante pour toute la famille. Cette activit\u00e9 populaire toute l\u2019ann\u00e9e \u00e0 Tremblant vous permet de d\u00e9couvrir le magnifique environnement naturel de la station depuis le plus haut sommet des Laurentides. Les sentiers de randonn\u00e9e du centre de vill\u00e9giature du Mont-Tremblant vont de 0,6 km \u00e0 6,8 km et\u00a0 sont source d\u2019aventure pour\u00a0 tous les randonneurs, qu\u2019ils soient\u00a0 d\u00e9butants ou\u00a0 experts. La station offre un r\u00e9seau de onze sentiers qui sillonnent la montagne et entourent les lacs, les ruisseaux et les cascades.\u00a0<\/span><\/p>\n<p style=\"text-align: left;\"><span style=\"font-weight: 400;\">La Randonn\u00e9e \u00e0 Mont Tremblant c\u2019est vraiment une activit\u00e9 \u00e0 ne pas manquer !<\/span><\/p>\n<p style=\"text-align: left;\"><span style=\"font-weight: 400;\">L\u2019\u00e9t\u00e9 , cette activit\u00e9 convient \u00e0 tous les \u00e2ges avec des sentiers courts pour les promeneurs ou des\u00a0 sentiers de montagne raides et longs, parfaits pour les randonneurs avanc\u00e9s. Alors en famille ou entre amis, organisez une journ\u00e9e de randonn\u00e9e \u00e0 Tremblant pour profiter des vues spectaculaires et \u00eatre actif . Petites pr\u00e9cisions importantes :<\/span><\/p>\n<ul style=\"text-align: left;\">\n<li style=\"font-weight: 400;\" aria-level=\"1\"><span style=\"font-weight: 400;\">L\u2019acc\u00e8s aux sentiers est gratuit<\/span><\/li>\n<li style=\"font-weight: 400;\" aria-level=\"1\"><span style=\"font-weight: 400;\">Les chiens ne sont pas admis sur les sentiers menant au sommet Johannsen<\/span><\/li>\n<li style=\"font-weight: 400;\" aria-level=\"1\"><span style=\"font-weight: 400;\">Les chiens doivent \u00eatre tenus en laisse<\/span><\/li>\n<li style=\"font-weight: 400;\" aria-level=\"1\"><span style=\"font-weight: 400;\">Les d\u00e9chets des chiens doit \u00eatre ramass\u00e9s imm\u00e9diatement<\/span><\/li>\n<\/ul>\n<p style=\"text-align: left;\"><a href=\"https:\/\/officialmonttremblant.com\/wp-content\/uploads\/2019\/06\/hiking-tremblant-resort-map-Copy.pdf\"><span style=\"font-weight: 400;\">T\u00c9L\u00c9CHARGEZ LA CARTE<\/span><\/a><\/p>\n<h3 style=\"text-align: left;\"><span style=\"font-weight: 400;\">Sentiers de randonn\u00e9e &#8211; Visite virtuelle<\/span><\/h3>\n<p style=\"text-align: left;\"><a href=\"https:\/\/www.google.com\/maps\/@46.2158455,-74.5773,0a,82.2y,64.07h,87.83t\/data=!3m4!1e1!3m2!1sW3MyLnNaz_GkEqeprHPB-g!2e0?source=apiv3\"><span style=\"font-weight: 400;\">https:\/\/www.google.com\/maps\/@46.2158455,-74.5773,0a,82.2y,64.07h,87.83t\/data=!3m4!1e1!3m2!1sW3MyLnNaz_GkEqeprHPB-g!2e0?source=apiv3<\/span><\/a><\/p>\n<p><\/div><\/div>[\/vc_column][\/vc_row][vc_row][vc_column][vc_empty_space height=\u00a0\u00bb60px\u00a0\u00bb][\/vc_column][\/vc_row][vc_row][vc_column][vc_single_image image=\u00a0\u00bb23232&Prime; img_size=\u00a0\u00bb600&#215;400&Prime; alignment=\u00a0\u00bbcenter\u00a0\u00bb][\/vc_column][\/vc_row]<\/p>\n","protected":false},"excerpt":{"rendered":"<p>[vc_row][vc_column][\/vc_column][\/vc_row][vc_row][vc_column][vc_empty_space height=\u00a0\u00bb60px\u00a0\u00bb][\/vc_column][\/vc_row][vc_row][vc_column][vc_single_image image=\u00a0\u00bb23232&Prime; img_size=\u00a0\u00bb600&#215;400&Prime; alignment=\u00a0\u00bbcenter\u00a0\u00bb][\/vc_column][\/vc_row]<\/p>\n","protected":false},"author":1,"featured_media":23233,"parent":21147,"menu_order":0,"comment_status":"closed","ping_status":"closed","template":"","meta":{"footnotes":""},"class_list":["post-24763","page","type-page","status-publish","has-post-thumbnail","hentry","description-off"],"yoast_head":"<!-- This site is optimized with the Yoast SEO Premium plugin v26.5 (Yoast SEO v26.5) - https:\/\/yoast.com\/wordpress\/plugins\/seo\/ -->\n<title>Randonn\u00e9e \u00e0 Mont-Tremblant, activit\u00e9s \u00e0 Mont-Tremblant<\/title>\n<meta name=\"description\" content=\"Official Mont Tremblant vous donne plus d&#039;informations sur les activit\u00e9s \u00e0 Mont-Tremblant dont la randonn\u00e9e \u00e0 Mont-Tremblant.\" \/>\n<meta name=\"robots\" content=\"index, follow, max-snippet:-1, max-image-preview:large, max-video-preview:-1\" \/>\n<link rel=\"canonical\" href=\"https:\/\/officialmonttremblant.com\/fr\/activites\/activites-d-ete\/randonnee\/\" \/>\n<meta property=\"og:locale\" content=\"fr_FR\" \/>\n<meta property=\"og:type\" content=\"article\" \/>\n<meta property=\"og:title\" content=\"Randonn\u00e9e\" \/>\n<meta property=\"og:description\" content=\"Official Mont Tremblant vous donne plus d&#039;informations sur les activit\u00e9s \u00e0 Mont-Tremblant dont la randonn\u00e9e \u00e0 Mont-Tremblant.\" \/>\n<meta property=\"og:url\" content=\"https:\/\/officialmonttremblant.com\/fr\/activites\/activites-d-ete\/randonnee\/\" \/>\n<meta property=\"og:site_name\" content=\"Official Mont Tremblant\" \/>\n<meta property=\"article:modified_time\" content=\"2025-07-29T15:43:02+00:00\" \/>\n<meta property=\"og:image\" content=\"https:\/\/officialmonttremblant.com\/wp-content\/uploads\/2022\/09\/hiking-mont-tremblant.jpeg\" \/>\n\t<meta property=\"og:image:width\" content=\"600\" \/>\n\t<meta property=\"og:image:height\" content=\"382\" \/>\n\t<meta property=\"og:image:type\" content=\"image\/jpeg\" \/>\n<meta name=\"twitter:card\" content=\"summary_large_image\" \/>\n<meta name=\"twitter:label1\" content=\"Dur\u00e9e de lecture estim\u00e9e\" \/>\n\t<meta name=\"twitter:data1\" content=\"2 minutes\" \/>\n<script type=\"application\/ld+json\" class=\"yoast-schema-graph\">{\"@context\":\"https:\/\/schema.org\",\"@graph\":[{\"@type\":\"WebPage\",\"@id\":\"https:\/\/officialmonttremblant.com\/fr\/activites\/activites-d-ete\/randonnee\/\",\"url\":\"https:\/\/officialmonttremblant.com\/fr\/activites\/activites-d-ete\/randonnee\/\",\"name\":\"Randonn\u00e9e \u00e0 Mont-Tremblant, activit\u00e9s \u00e0 Mont-Tremblant\",\"isPartOf\":{\"@id\":\"https:\/\/officialmonttremblant.com\/fr\/#website\"},\"primaryImageOfPage\":{\"@id\":\"https:\/\/officialmonttremblant.com\/fr\/activites\/activites-d-ete\/randonnee\/#primaryimage\"},\"image\":{\"@id\":\"https:\/\/officialmonttremblant.com\/fr\/activites\/activites-d-ete\/randonnee\/#primaryimage\"},\"thumbnailUrl\":\"https:\/\/officialmonttremblant.com\/wp-content\/uploads\/2022\/09\/hiking-mont-tremblant.jpeg\",\"datePublished\":\"2022-07-25T15:44:01+00:00\",\"dateModified\":\"2025-07-29T15:43:02+00:00\",\"description\":\"Official Mont Tremblant vous donne plus d'informations sur les activit\u00e9s \u00e0 Mont-Tremblant dont la randonn\u00e9e \u00e0 Mont-Tremblant.\",\"breadcrumb\":{\"@id\":\"https:\/\/officialmonttremblant.com\/fr\/activites\/activites-d-ete\/randonnee\/#breadcrumb\"},\"inLanguage\":\"fr-FR\",\"potentialAction\":[{\"@type\":\"ReadAction\",\"target\":[\"https:\/\/officialmonttremblant.com\/fr\/activites\/activites-d-ete\/randonnee\/\"]}]},{\"@type\":\"ImageObject\",\"inLanguage\":\"fr-FR\",\"@id\":\"https:\/\/officialmonttremblant.com\/fr\/activites\/activites-d-ete\/randonnee\/#primaryimage\",\"url\":\"https:\/\/officialmonttremblant.com\/wp-content\/uploads\/2022\/09\/hiking-mont-tremblant.jpeg\",\"contentUrl\":\"https:\/\/officialmonttremblant.com\/wp-content\/uploads\/2022\/09\/hiking-mont-tremblant.jpeg\",\"width\":600,\"height\":382,\"caption\":\"Hiking in Mont-Tremblant\"},{\"@type\":\"BreadcrumbList\",\"@id\":\"https:\/\/officialmonttremblant.com\/fr\/activites\/activites-d-ete\/randonnee\/#breadcrumb\",\"itemListElement\":[{\"@type\":\"ListItem\",\"position\":1,\"name\":\"Home\",\"item\":\"https:\/\/officialmonttremblant.com\/fr\/\"},{\"@type\":\"ListItem\",\"position\":2,\"name\":\"Activit\u00e9s\",\"item\":\"https:\/\/officialmonttremblant.com\/fr\/activites\/\"},{\"@type\":\"ListItem\",\"position\":3,\"name\":\"Activit\u00e9s d&#8217;\u00e9t\u00e9\",\"item\":\"https:\/\/officialmonttremblant.com\/fr\/activites\/activites-d-ete\/\"},{\"@type\":\"ListItem\",\"position\":4,\"name\":\"Randonn\u00e9e\"}]},{\"@type\":\"WebSite\",\"@id\":\"https:\/\/officialmonttremblant.com\/fr\/#website\",\"url\":\"https:\/\/officialmonttremblant.com\/fr\/\",\"name\":\"Official Mont Tremblant\",\"description\":\"Vacation &amp; tourist guide in Mont Tremblant\",\"potentialAction\":[{\"@type\":\"SearchAction\",\"target\":{\"@type\":\"EntryPoint\",\"urlTemplate\":\"https:\/\/officialmonttremblant.com\/fr\/?s={search_term_string}\"},\"query-input\":{\"@type\":\"PropertyValueSpecification\",\"valueRequired\":true,\"valueName\":\"search_term_string\"}}],\"inLanguage\":\"fr-FR\"}]}<\/script>\n<!-- \/ Yoast SEO Premium plugin. -->","yoast_head_json":{"title":"Randonn\u00e9e \u00e0 Mont-Tremblant, activit\u00e9s \u00e0 Mont-Tremblant","description":"Official Mont Tremblant vous donne plus d'informations sur les activit\u00e9s \u00e0 Mont-Tremblant dont la randonn\u00e9e \u00e0 Mont-Tremblant.","robots":{"index":"index","follow":"follow","max-snippet":"max-snippet:-1","max-image-preview":"max-image-preview:large","max-video-preview":"max-video-preview:-1"},"canonical":"https:\/\/officialmonttremblant.com\/fr\/activites\/activites-d-ete\/randonnee\/","og_locale":"fr_FR","og_type":"article","og_title":"Randonn\u00e9e","og_description":"Official Mont Tremblant vous donne plus d'informations sur les activit\u00e9s \u00e0 Mont-Tremblant dont la randonn\u00e9e \u00e0 Mont-Tremblant.","og_url":"https:\/\/officialmonttremblant.com\/fr\/activites\/activites-d-ete\/randonnee\/","og_site_name":"Official Mont Tremblant","article_modified_time":"2025-07-29T15:43:02+00:00","og_image":[{"width":600,"height":382,"url":"https:\/\/officialmonttremblant.com\/wp-content\/uploads\/2022\/09\/hiking-mont-tremblant.jpeg","type":"image\/jpeg"}],"twitter_card":"summary_large_image","twitter_misc":{"Dur\u00e9e de lecture estim\u00e9e":"2 minutes"},"schema":{"@context":"https:\/\/schema.org","@graph":[{"@type":"WebPage","@id":"https:\/\/officialmonttremblant.com\/fr\/activites\/activites-d-ete\/randonnee\/","url":"https:\/\/officialmonttremblant.com\/fr\/activites\/activites-d-ete\/randonnee\/","name":"Randonn\u00e9e \u00e0 Mont-Tremblant, activit\u00e9s \u00e0 Mont-Tremblant","isPartOf":{"@id":"https:\/\/officialmonttremblant.com\/fr\/#website"},"primaryImageOfPage":{"@id":"https:\/\/officialmonttremblant.com\/fr\/activites\/activites-d-ete\/randonnee\/#primaryimage"},"image":{"@id":"https:\/\/officialmonttremblant.com\/fr\/activites\/activites-d-ete\/randonnee\/#primaryimage"},"thumbnailUrl":"https:\/\/officialmonttremblant.com\/wp-content\/uploads\/2022\/09\/hiking-mont-tremblant.jpeg","datePublished":"2022-07-25T15:44:01+00:00","dateModified":"2025-07-29T15:43:02+00:00","description":"Official Mont Tremblant vous donne plus d'informations sur les activit\u00e9s \u00e0 Mont-Tremblant dont la randonn\u00e9e \u00e0 Mont-Tremblant.","breadcrumb":{"@id":"https:\/\/officialmonttremblant.com\/fr\/activites\/activites-d-ete\/randonnee\/#breadcrumb"},"inLanguage":"fr-FR","potentialAction":[{"@type":"ReadAction","target":["https:\/\/officialmonttremblant.com\/fr\/activites\/activites-d-ete\/randonnee\/"]}]},{"@type":"ImageObject","inLanguage":"fr-FR","@id":"https:\/\/officialmonttremblant.com\/fr\/activites\/activites-d-ete\/randonnee\/#primaryimage","url":"https:\/\/officialmonttremblant.com\/wp-content\/uploads\/2022\/09\/hiking-mont-tremblant.jpeg","contentUrl":"https:\/\/officialmonttremblant.com\/wp-content\/uploads\/2022\/09\/hiking-mont-tremblant.jpeg","width":600,"height":382,"caption":"Hiking in Mont-Tremblant"},{"@type":"BreadcrumbList","@id":"https:\/\/officialmonttremblant.com\/fr\/activites\/activites-d-ete\/randonnee\/#breadcrumb","itemListElement":[{"@type":"ListItem","position":1,"name":"Home","item":"https:\/\/officialmonttremblant.com\/fr\/"},{"@type":"ListItem","position":2,"name":"Activit\u00e9s","item":"https:\/\/officialmonttremblant.com\/fr\/activites\/"},{"@type":"ListItem","position":3,"name":"Activit\u00e9s d&#8217;\u00e9t\u00e9","item":"https:\/\/officialmonttremblant.com\/fr\/activites\/activites-d-ete\/"},{"@type":"ListItem","position":4,"name":"Randonn\u00e9e"}]},{"@type":"WebSite","@id":"https:\/\/officialmonttremblant.com\/fr\/#website","url":"https:\/\/officialmonttremblant.com\/fr\/","name":"Official Mont Tremblant","description":"Vacation &amp; tourist guide in Mont Tremblant","potentialAction":[{"@type":"SearchAction","target":{"@type":"EntryPoint","urlTemplate":"https:\/\/officialmonttremblant.com\/fr\/?s={search_term_string}"},"query-input":{"@type":"PropertyValueSpecification","valueRequired":true,"valueName":"search_term_string"}}],"inLanguage":"fr-FR"}]}},"jetpack_sharing_enabled":true,"_links":{"self":[{"href":"https:\/\/officialmonttremblant.com\/fr\/wp-json\/wp\/v2\/pages\/24763","targetHints":{"allow":["GET"]}}],"collection":[{"href":"https:\/\/officialmonttremblant.com\/fr\/wp-json\/wp\/v2\/pages"}],"about":[{"href":"https:\/\/officialmonttremblant.com\/fr\/wp-json\/wp\/v2\/types\/page"}],"author":[{"embeddable":true,"href":"https:\/\/officialmonttremblant.com\/fr\/wp-json\/wp\/v2\/users\/1"}],"replies":[{"embeddable":true,"href":"https:\/\/officialmonttremblant.com\/fr\/wp-json\/wp\/v2\/comments?post=24763"}],"version-history":[{"count":3,"href":"https:\/\/officialmonttremblant.com\/fr\/wp-json\/wp\/v2\/pages\/24763\/revisions"}],"predecessor-version":[{"id":26239,"href":"https:\/\/officialmonttremblant.com\/fr\/wp-json\/wp\/v2\/pages\/24763\/revisions\/26239"}],"up":[{"embeddable":true,"href":"https:\/\/officialmonttremblant.com\/fr\/wp-json\/wp\/v2\/pages\/21147"}],"wp:featuredmedia":[{"embeddable":true,"href":"https:\/\/officialmonttremblant.com\/fr\/wp-json\/wp\/v2\/media\/23233"}],"wp:attachment":[{"href":"https:\/\/officialmonttremblant.com\/fr\/wp-json\/wp\/v2\/media?parent=24763"}],"curies":[{"name":"wp","href":"https:\/\/api.w.org\/{rel}","templated":true}]}}