{"id":24788,"date":"2022-09-30T14:17:32","date_gmt":"2022-09-30T18:17:32","guid":{"rendered":"https:\/\/officialmonttremblant.com\/activites\/activites-d-ete\/hunting\/"},"modified":"2025-07-29T11:44:28","modified_gmt":"2025-07-29T15:44:28","slug":"chasse","status":"publish","type":"page","link":"https:\/\/officialmonttremblant.com\/fr\/activites\/activites-d-ete\/chasse\/","title":{"rendered":"Chasse"},"content":{"rendered":"<p>[vc_row][vc_column]<div id=\"ultimate-heading-403569f20c7526289\" class=\"uvc-heading ult-adjust-bottom-margin ultimate-heading-403569f20c7526289 uvc-2530  uvc-heading-default-font-sizes\" data-hspacer=\"no_spacer\"  data-halign=\"left\" style=\"text-align:left\"><div class=\"uvc-heading-spacer no_spacer\" style=\"top\"><\/div><div class=\"uvc-main-heading ult-responsive\"  data-ultimate-target='.uvc-heading.ultimate-heading-403569f20c7526289 h2'  data-responsive-json-new='{\"font-size\":\"\",\"line-height\":\"\"}' ><h2 style=\"--font-weight:theme;\">Hunting in Mont-Tremblant<\/h2><\/div><div class=\"uvc-sub-heading ult-responsive\"  data-ultimate-target='.uvc-heading.ultimate-heading-403569f20c7526289 .uvc-sub-heading '  data-responsive-json-new='{\"font-size\":\"\",\"line-height\":\"\"}'  style=\"font-weight:normal;\"><\/p>\n<p style=\"text-align: left;\"><span data-sheets-value=\"{&quot;1&quot;:2,&quot;2&quot;:&quot;OfficialMontTremblant.com offers information on Mont-Tremblant activities including hunting in Mont-Tremblant.&quot;}\" data-sheets-userformat=\"{&quot;2&quot;:14849,&quot;3&quot;:{&quot;1&quot;:0},&quot;12&quot;:0,&quot;14&quot;:{&quot;1&quot;:2,&quot;2&quot;:0},&quot;15&quot;:&quot;Calibri&quot;,&quot;16&quot;:9}\">OfficialMontTremblant.com offers information on Mont-Tremblant activities including hunting in Mont-Tremblant.<\/span><\/p>\n<div class=\"wpb_text_column wpb_content_element \" style=\"text-align: left;\">\n<div class=\"wpb_wrapper\">\n<p>Hunting in Mont Tremblant offers an unsurpassed experience thanks to its vast forest and high density of small and big game. For decades, this region of the Laurentians has been a prime location for local and non-local hunters. The Laurentian area around Tremblant offers an incomparable experience for both bow and black powder hunters. Small game hunters can try for partridge and hare while big game hunters have white-tailed deer, moose, and bear. Whether you are an expert or beginner, the Tremblant region offers one of the best environments for hunting.<\/p>\n<p>&nbsp;<\/p>\n<p><strong>Mont Tremblant Hunting Reserves<\/strong><br \/>\nBelow are a few of the wildlife reserves within the S\u00c9PAQ network that allow both hunting and fishing. Some of them offer hunting packages that include Mont Tremblant accommodations. Call ahead of time to for more information on specific protocol at each reserve and get the latest hunting conditions.<\/p>\n<ul>\n<li>The Papineau-Labelle Reserve, 819 454-2011 ext. 33 Rouge-Matawin Reserve, 819 275-1811<\/li>\n<li>Mont-Tremblant National Park, 819 688-2281- Hunting is forbidden but fishing is permitted.<\/li>\n<li>Zecs are six controlled territories designated specifically for recreation, fishing and hunting in Mont Tremblant. For more information call 866-567-0235 or visit <a href=\"http:\/\/www.reseauzec.com\/\">www.reseauzec.com<\/a>.<\/li>\n<\/ul>\n<p>&nbsp;<\/p>\n<p><strong>Hunting Regulations &amp; Laws<\/strong><br \/>\nQuebec has strict regulations for hunting, fishing and trapping activities in its territories. The Conservation Act outlines the hunting and trapping regulations, while the Fisheries Act handles anything related to fishing. You may contact the Department of Natural Resources for information on regulations and what licenses are required for hunting, fishing and trapping in Mont Tremblant Quebec.<\/p>\n<\/div>\n<\/div>\n<div class=\"vc_row wpb_row section vc_row-fluid vc_inner vc_custom_1561579659448\" style=\"text-align: left;\">\n<div class=\" full_section_inner clearfix\">\n<div class=\"wpb_column vc_column_container vc_col-sm-4\">\n<div class=\"vc_column-inner\">\n<div class=\"wpb_wrapper\">\n<div class=\"wpb_single_image wpb_content_element vc_align_left\">\n<div class=\"wpb_wrapper\">\n<div class=\"vc_single_image-wrapper vc_box_border_grey\"><img loading=\"lazy\" decoding=\"async\" class=\"vc_single_image-img \" title=\"logo-MERN-e1450547783503\" src=\"https:\/\/i0.wp.com\/officialmonttremblant.com\/wp-content\/uploads\/2019\/06\/logo-MERN-e1450547783503-190x120.gif\" alt=\"hunting in Mont Tremblant\" width=\"190\" height=\"120\" data-pagespeed-url-hash=\"1250379230\" \/><\/div>\n<\/div>\n<\/div>\n<\/div>\n<\/div>\n<\/div>\n<div class=\"wpb_column vc_column_container vc_col-sm-8\">\n<div class=\"vc_column-inner\">\n<div class=\"wpb_wrapper\">\n<h3 class=\"vc_custom_heading\">Department of Natural Resources<\/h3>\n<div class=\"wpb_text_column wpb_content_element vc_custom_1561823055895\">\n<div class=\"wpb_wrapper\">\n<p><i class=\"qode_icon_font_awesome fa fa-phone qode_icon_element\"><\/i>\u00a0 1 418-627-8600<\/p>\n<p><i class=\"qode_icon_font_awesome fa fa-envelope qode_icon_element\"><\/i>\u00a0 <a href=\"mailto:info@taxiexpress.ca\">info@taxiexpress.ca<\/a><\/p>\n<p><a href=\"https:\/\/mern.gouv.qc.ca\/\">www.mm.gouv.qc.ca<\/a><\/p>\n<\/div>\n<\/div>\n<\/div>\n<\/div>\n<\/div>\n<\/div>\n<\/div>\n<div class=\"wpb_text_column wpb_content_element vc_custom_1561823510060\" style=\"text-align: left;\">\n<div class=\"wpb_wrapper\">\n<p><strong>Hunting Certificate<\/strong><br \/>\nAll residents of Quebec that want to hunt, regardless of weapon, need a hunting certificate. A mandatory initiation course is required before the certificate is issued. Non-residents do not need this certificate.<\/p>\n<p>&nbsp;<\/p>\n<p><strong>Hunting License<\/strong><br \/>\nA hunting license is required in <a href=\"https:\/\/officialmonttremblant.com\/discover-tremblant\/\">Mont Tremblant Quebec<\/a>. Any Canadian living in Quebec that has a valid hunting certificate can acquire a hunting license. Two licenses are required to hunt migratory birds.<\/p>\n<p>&nbsp;<\/p>\n<p>Any non-resident that is 12 years of age or older and lives outside of Quebec can obtain a non-resident hunting license. The non-resident hunting license can be obtained from any authorized vendor including sports stores, hardware stores, outfitters, and other authorized vendors. You can contact the Quebec Ministry of Natural Resources and Wildlife <a href=\"http:\/\/www.environnement.gouv.qc.ca\/\">www.mddep.gouv.qc.ca<\/a> for information on the different types of licenses available to non-residents and the cost associated with each license.<\/p>\n<p>&nbsp;<\/p>\n<p>Visitors interested in game hunting may visit the <a href=\"http:\/\/www.laurentianwildlife.com\/\">Laurentian Wildlife Estate<\/a> just 30 minutes south of Tremblant where mountain elk and red deer are raised as trophy game and very limited hunts may be reserved. For more information or to make a hunting reservation please contact the estate directly at:<\/p>\n<\/div>\n<\/div>\n<div class=\"vc_row wpb_row section vc_row-fluid vc_inner vc_custom_1561823554831\">\n<div class=\" full_section_inner clearfix\">\n<div class=\"wpb_column vc_column_container vc_col-sm-4\" style=\"text-align: left;\">\n<div class=\"vc_column-inner\">\n<div class=\"wpb_wrapper\">\n<div class=\"wpb_single_image wpb_content_element vc_align_left\">\n<div class=\"wpb_wrapper\">\n<div class=\"vc_single_image-wrapper vc_box_border_grey\"><img loading=\"lazy\" decoding=\"async\" class=\"vc_single_image-img \" title=\"FooterLogo\" src=\"https:\/\/i0.wp.com\/officialmonttremblant.com\/wp-content\/uploads\/2019\/06\/FooterLogo-190x120.png\" alt=\"hunting in Mont Tremblant\" width=\"190\" height=\"120\" data-pagespeed-url-hash=\"4104186655\" \/><\/div>\n<\/div>\n<\/div>\n<\/div>\n<\/div>\n<\/div>\n<div class=\"wpb_column vc_column_container vc_col-sm-8\">\n<div class=\"vc_column-inner\">\n<div class=\"wpb_wrapper\">\n<div class=\"wpb_text_column wpb_content_element vc_custom_1561823748319\">\n<div class=\"wpb_wrapper\">\n<p style=\"text-align: left;\">1711 Chemin du Rockway Valley<br \/>\nBoileau, QC J0T 1G0<\/p>\n<p style=\"text-align: left;\"><i class=\"qode_icon_font_awesome fa fa-phone qode_icon_element\"><\/i>\u00a0 1 819-687-9111<\/p>\n<p style=\"text-align: left;\"><i class=\"qode_icon_font_awesome fa fa-envelope qode_icon_element\"><\/i>\u00a0 <a href=\"mailto:info@laurentianwildlife.com\">info@laurentianwildlife.com<\/a><\/p>\n<p style=\"text-align: left;\"><a href=\"http:\/\/www.laurentianwildlife.com\/\">http:\/\/www.laurentianwildlife.com<\/a><\/p>\n<\/div>\n<\/div>\n<\/div>\n<\/div>\n<\/div>\n<\/div>\n<\/div>\n<p><\/div><\/div>[\/vc_column][\/vc_row][vc_row][vc_column][vc_empty_space height=\u00a0\u00bb60px\u00a0\u00bb][\/vc_column][\/vc_row][vc_row][vc_column][vc_single_image image=\u00a0\u00bb24169&Prime; img_size=\u00a0\u00bb600&#215;400&Prime; alignment=\u00a0\u00bbcenter\u00a0\u00bb][\/vc_column][\/vc_row]<\/p>\n","protected":false},"excerpt":{"rendered":"<p>[vc_row][vc_column][\/vc_column][\/vc_row][vc_row][vc_column][vc_empty_space height=\u00a0\u00bb60px\u00a0\u00bb][\/vc_column][\/vc_row][vc_row][vc_column][vc_single_image image=\u00a0\u00bb24169&Prime; img_size=\u00a0\u00bb600&#215;400&Prime; alignment=\u00a0\u00bbcenter\u00a0\u00bb][\/vc_column][\/vc_row]<\/p>\n","protected":false},"author":5,"featured_media":24170,"parent":21147,"menu_order":0,"comment_status":"closed","ping_status":"closed","template":"","meta":{"footnotes":""},"class_list":["post-24788","page","type-page","status-publish","has-post-thumbnail","hentry","description-off"],"yoast_head":"<!-- This site is optimized with the Yoast SEO Premium plugin v26.5 (Yoast SEO v26.5) - https:\/\/yoast.com\/wordpress\/plugins\/seo\/ -->\n<title>hunting in Mont-Tremblant | Mont-Tremblant activities<\/title>\n<meta name=\"description\" content=\"OfficialMontTremblant.com offers information on Mont-Tremblant activities including hunting in Mont-Tremblant.\" \/>\n<meta name=\"robots\" content=\"index, follow, max-snippet:-1, max-image-preview:large, max-video-preview:-1\" \/>\n<link rel=\"canonical\" href=\"https:\/\/officialmonttremblant.com\/fr\/activites\/activites-d-ete\/chasse\/\" \/>\n<meta property=\"og:locale\" content=\"fr_FR\" \/>\n<meta property=\"og:type\" content=\"article\" \/>\n<meta property=\"og:title\" content=\"Chasse\" \/>\n<meta property=\"og:description\" content=\"OfficialMontTremblant.com offers information on Mont-Tremblant activities including hunting in Mont-Tremblant.\" \/>\n<meta property=\"og:url\" content=\"https:\/\/officialmonttremblant.com\/fr\/activites\/activites-d-ete\/chasse\/\" \/>\n<meta property=\"og:site_name\" content=\"Official Mont Tremblant\" \/>\n<meta property=\"article:modified_time\" content=\"2025-07-29T15:44:28+00:00\" \/>\n<meta property=\"og:image\" content=\"https:\/\/officialmonttremblant.com\/wp-content\/uploads\/2022\/09\/Hunting-in-Mont-Tremblant.jpeg\" \/>\n\t<meta property=\"og:image:width\" content=\"1800\" \/>\n\t<meta property=\"og:image:height\" content=\"631\" \/>\n\t<meta property=\"og:image:type\" content=\"image\/jpeg\" \/>\n<meta name=\"twitter:card\" content=\"summary_large_image\" \/>\n<meta name=\"twitter:label1\" content=\"Dur\u00e9e de lecture estim\u00e9e\" \/>\n\t<meta name=\"twitter:data1\" content=\"4 minutes\" \/>\n<script type=\"application\/ld+json\" class=\"yoast-schema-graph\">{\"@context\":\"https:\/\/schema.org\",\"@graph\":[{\"@type\":\"WebPage\",\"@id\":\"https:\/\/officialmonttremblant.com\/fr\/activites\/activites-d-ete\/chasse\/\",\"url\":\"https:\/\/officialmonttremblant.com\/fr\/activites\/activites-d-ete\/chasse\/\",\"name\":\"hunting in Mont-Tremblant | Mont-Tremblant activities\",\"isPartOf\":{\"@id\":\"https:\/\/officialmonttremblant.com\/fr\/#website\"},\"primaryImageOfPage\":{\"@id\":\"https:\/\/officialmonttremblant.com\/fr\/activites\/activites-d-ete\/chasse\/#primaryimage\"},\"image\":{\"@id\":\"https:\/\/officialmonttremblant.com\/fr\/activites\/activites-d-ete\/chasse\/#primaryimage\"},\"thumbnailUrl\":\"https:\/\/officialmonttremblant.com\/wp-content\/uploads\/2022\/09\/Hunting-in-Mont-Tremblant.jpeg\",\"datePublished\":\"2022-09-30T18:17:32+00:00\",\"dateModified\":\"2025-07-29T15:44:28+00:00\",\"description\":\"OfficialMontTremblant.com offers information on Mont-Tremblant activities including hunting in Mont-Tremblant.\",\"breadcrumb\":{\"@id\":\"https:\/\/officialmonttremblant.com\/fr\/activites\/activites-d-ete\/chasse\/#breadcrumb\"},\"inLanguage\":\"fr-FR\",\"potentialAction\":[{\"@type\":\"ReadAction\",\"target\":[\"https:\/\/officialmonttremblant.com\/fr\/activites\/activites-d-ete\/chasse\/\"]}]},{\"@type\":\"ImageObject\",\"inLanguage\":\"fr-FR\",\"@id\":\"https:\/\/officialmonttremblant.com\/fr\/activites\/activites-d-ete\/chasse\/#primaryimage\",\"url\":\"https:\/\/officialmonttremblant.com\/wp-content\/uploads\/2022\/09\/Hunting-in-Mont-Tremblant.jpeg\",\"contentUrl\":\"https:\/\/officialmonttremblant.com\/wp-content\/uploads\/2022\/09\/Hunting-in-Mont-Tremblant.jpeg\",\"width\":1800,\"height\":631,\"caption\":\"Hunting in Mont-Tremblant\"},{\"@type\":\"BreadcrumbList\",\"@id\":\"https:\/\/officialmonttremblant.com\/fr\/activites\/activites-d-ete\/chasse\/#breadcrumb\",\"itemListElement\":[{\"@type\":\"ListItem\",\"position\":1,\"name\":\"Home\",\"item\":\"https:\/\/officialmonttremblant.com\/fr\/\"},{\"@type\":\"ListItem\",\"position\":2,\"name\":\"Activit\u00e9s\",\"item\":\"https:\/\/officialmonttremblant.com\/fr\/activites\/\"},{\"@type\":\"ListItem\",\"position\":3,\"name\":\"Activit\u00e9s d&#8217;\u00e9t\u00e9\",\"item\":\"https:\/\/officialmonttremblant.com\/fr\/activites\/activites-d-ete\/\"},{\"@type\":\"ListItem\",\"position\":4,\"name\":\"Chasse\"}]},{\"@type\":\"WebSite\",\"@id\":\"https:\/\/officialmonttremblant.com\/fr\/#website\",\"url\":\"https:\/\/officialmonttremblant.com\/fr\/\",\"name\":\"Official Mont Tremblant\",\"description\":\"Vacation &amp; tourist guide in Mont Tremblant\",\"potentialAction\":[{\"@type\":\"SearchAction\",\"target\":{\"@type\":\"EntryPoint\",\"urlTemplate\":\"https:\/\/officialmonttremblant.com\/fr\/?s={search_term_string}\"},\"query-input\":{\"@type\":\"PropertyValueSpecification\",\"valueRequired\":true,\"valueName\":\"search_term_string\"}}],\"inLanguage\":\"fr-FR\"}]}<\/script>\n<!-- \/ Yoast SEO Premium plugin. -->","yoast_head_json":{"title":"hunting in Mont-Tremblant | Mont-Tremblant activities","description":"OfficialMontTremblant.com offers information on Mont-Tremblant activities including hunting in Mont-Tremblant.","robots":{"index":"index","follow":"follow","max-snippet":"max-snippet:-1","max-image-preview":"max-image-preview:large","max-video-preview":"max-video-preview:-1"},"canonical":"https:\/\/officialmonttremblant.com\/fr\/activites\/activites-d-ete\/chasse\/","og_locale":"fr_FR","og_type":"article","og_title":"Chasse","og_description":"OfficialMontTremblant.com offers information on Mont-Tremblant activities including hunting in Mont-Tremblant.","og_url":"https:\/\/officialmonttremblant.com\/fr\/activites\/activites-d-ete\/chasse\/","og_site_name":"Official Mont Tremblant","article_modified_time":"2025-07-29T15:44:28+00:00","og_image":[{"width":1800,"height":631,"url":"https:\/\/officialmonttremblant.com\/wp-content\/uploads\/2022\/09\/Hunting-in-Mont-Tremblant.jpeg","type":"image\/jpeg"}],"twitter_card":"summary_large_image","twitter_misc":{"Dur\u00e9e de lecture estim\u00e9e":"4 minutes"},"schema":{"@context":"https:\/\/schema.org","@graph":[{"@type":"WebPage","@id":"https:\/\/officialmonttremblant.com\/fr\/activites\/activites-d-ete\/chasse\/","url":"https:\/\/officialmonttremblant.com\/fr\/activites\/activites-d-ete\/chasse\/","name":"hunting in Mont-Tremblant | Mont-Tremblant activities","isPartOf":{"@id":"https:\/\/officialmonttremblant.com\/fr\/#website"},"primaryImageOfPage":{"@id":"https:\/\/officialmonttremblant.com\/fr\/activites\/activites-d-ete\/chasse\/#primaryimage"},"image":{"@id":"https:\/\/officialmonttremblant.com\/fr\/activites\/activites-d-ete\/chasse\/#primaryimage"},"thumbnailUrl":"https:\/\/officialmonttremblant.com\/wp-content\/uploads\/2022\/09\/Hunting-in-Mont-Tremblant.jpeg","datePublished":"2022-09-30T18:17:32+00:00","dateModified":"2025-07-29T15:44:28+00:00","description":"OfficialMontTremblant.com offers information on Mont-Tremblant activities including hunting in Mont-Tremblant.","breadcrumb":{"@id":"https:\/\/officialmonttremblant.com\/fr\/activites\/activites-d-ete\/chasse\/#breadcrumb"},"inLanguage":"fr-FR","potentialAction":[{"@type":"ReadAction","target":["https:\/\/officialmonttremblant.com\/fr\/activites\/activites-d-ete\/chasse\/"]}]},{"@type":"ImageObject","inLanguage":"fr-FR","@id":"https:\/\/officialmonttremblant.com\/fr\/activites\/activites-d-ete\/chasse\/#primaryimage","url":"https:\/\/officialmonttremblant.com\/wp-content\/uploads\/2022\/09\/Hunting-in-Mont-Tremblant.jpeg","contentUrl":"https:\/\/officialmonttremblant.com\/wp-content\/uploads\/2022\/09\/Hunting-in-Mont-Tremblant.jpeg","width":1800,"height":631,"caption":"Hunting in Mont-Tremblant"},{"@type":"BreadcrumbList","@id":"https:\/\/officialmonttremblant.com\/fr\/activites\/activites-d-ete\/chasse\/#breadcrumb","itemListElement":[{"@type":"ListItem","position":1,"name":"Home","item":"https:\/\/officialmonttremblant.com\/fr\/"},{"@type":"ListItem","position":2,"name":"Activit\u00e9s","item":"https:\/\/officialmonttremblant.com\/fr\/activites\/"},{"@type":"ListItem","position":3,"name":"Activit\u00e9s d&#8217;\u00e9t\u00e9","item":"https:\/\/officialmonttremblant.com\/fr\/activites\/activites-d-ete\/"},{"@type":"ListItem","position":4,"name":"Chasse"}]},{"@type":"WebSite","@id":"https:\/\/officialmonttremblant.com\/fr\/#website","url":"https:\/\/officialmonttremblant.com\/fr\/","name":"Official Mont Tremblant","description":"Vacation &amp; tourist guide in Mont Tremblant","potentialAction":[{"@type":"SearchAction","target":{"@type":"EntryPoint","urlTemplate":"https:\/\/officialmonttremblant.com\/fr\/?s={search_term_string}"},"query-input":{"@type":"PropertyValueSpecification","valueRequired":true,"valueName":"search_term_string"}}],"inLanguage":"fr-FR"}]}},"jetpack_sharing_enabled":true,"_links":{"self":[{"href":"https:\/\/officialmonttremblant.com\/fr\/wp-json\/wp\/v2\/pages\/24788","targetHints":{"allow":["GET"]}}],"collection":[{"href":"https:\/\/officialmonttremblant.com\/fr\/wp-json\/wp\/v2\/pages"}],"about":[{"href":"https:\/\/officialmonttremblant.com\/fr\/wp-json\/wp\/v2\/types\/page"}],"author":[{"embeddable":true,"href":"https:\/\/officialmonttremblant.com\/fr\/wp-json\/wp\/v2\/users\/5"}],"replies":[{"embeddable":true,"href":"https:\/\/officialmonttremblant.com\/fr\/wp-json\/wp\/v2\/comments?post=24788"}],"version-history":[{"count":1,"href":"https:\/\/officialmonttremblant.com\/fr\/wp-json\/wp\/v2\/pages\/24788\/revisions"}],"predecessor-version":[{"id":24789,"href":"https:\/\/officialmonttremblant.com\/fr\/wp-json\/wp\/v2\/pages\/24788\/revisions\/24789"}],"up":[{"embeddable":true,"href":"https:\/\/officialmonttremblant.com\/fr\/wp-json\/wp\/v2\/pages\/21147"}],"wp:featuredmedia":[{"embeddable":true,"href":"https:\/\/officialmonttremblant.com\/fr\/wp-json\/wp\/v2\/media\/24170"}],"wp:attachment":[{"href":"https:\/\/officialmonttremblant.com\/fr\/wp-json\/wp\/v2\/media?parent=24788"}],"curies":[{"name":"wp","href":"https:\/\/api.w.org\/{rel}","templated":true}]}}