{"id":24792,"date":"2022-07-25T11:45:57","date_gmt":"2022-07-25T15:45:57","guid":{"rendered":"https:\/\/officialmonttremblant.com\/activites\/activites-d-ete\/faire-du-velo\/mountain-bike\/"},"modified":"2025-07-29T11:40:40","modified_gmt":"2025-07-29T15:40:40","slug":"velo-de-montagne","status":"publish","type":"page","link":"https:\/\/officialmonttremblant.com\/fr\/activites\/activites-d-ete\/faire-du-velo\/velo-de-montagne\/","title":{"rendered":"V\u00e9lo de montagne"},"content":{"rendered":"<p>[vc_row][vc_column]<div id=\"ultimate-heading-339569d756025a594\" class=\"uvc-heading ult-adjust-bottom-margin ultimate-heading-339569d756025a594 uvc-5428  uvc-heading-default-font-sizes\" data-hspacer=\"no_spacer\"  data-halign=\"left\" style=\"text-align:left\"><div class=\"uvc-heading-spacer no_spacer\" style=\"top\"><\/div><div class=\"uvc-main-heading ult-responsive\"  data-ultimate-target='.uvc-heading.ultimate-heading-339569d756025a594 h2'  data-responsive-json-new='{\"font-size\":\"\",\"line-height\":\"\"}' ><h2 style=\"--font-weight:theme;\">V\u00e9lo de montagne \u00e0 Mont-Tremblant<\/h2><\/div><div class=\"uvc-sub-heading ult-responsive\"  data-ultimate-target='.uvc-heading.ultimate-heading-339569d756025a594 .uvc-sub-heading '  data-responsive-json-new='{\"font-size\":\"\",\"line-height\":\"\"}'  style=\"font-weight:normal;\"><\/p>\n<p style=\"text-align: left;\">Official Mont-Tremblant vous apporte plus d&rsquo;informations sur les activit\u00e9s \u00e0 Tremblant dont le v\u00e9lo de montagne \u00e0 Tremblant.<\/p>\n<p style=\"text-align: left;\"><span style=\"font-weight: 400;\">Un VTT est un v\u00e9lo con\u00e7u pour le cyclisme hors route et comme son nom l\u2019indique \u201cTout Terrain\u201d.\u00a0<\/span><span style=\"font-weight: 400;\">Ces v\u00e9los sp\u00e9ciaux ont un guidon large et plat pour faciliter le contr\u00f4le, des pneus d&rsquo;au moins deux pouces avec une bande de roulement \u00e0 crampons pour la traction. <\/span><span style=\"font-weight: 400;\">La fa\u00e7on dont un v\u00e9lo de montagne est con\u00e7u permet aux cyclistes de s&rsquo;asseoir droit dans une position qui leur donne le meilleur contr\u00f4le du v\u00e9lo, avec un centre de gravit\u00e9 bien plac\u00e9 et la possibilit\u00e9 de d\u00e9placer le poids vers l&rsquo;avant ou vers l&rsquo;arri\u00e8re pour assurer l&rsquo;\u00e9quilibre et s&rsquo;adapter aux diff\u00e9rents terrains.<\/span><\/p>\n<p style=\"text-align: left;\"><span style=\"font-weight: 400;\">Le VTT \u00e0 Mont-Tremblant est populaire toute l\u2019ann\u00e9e.\u00a0<\/span><span style=\"font-weight: 400;\">Mont Tremblant est en effet un v\u00e9ritable paradis pour les v\u00e9t\u00e9tistes au printemps, en \u00e9t\u00e9, en hiver et en automne et attire des visiteurs du monde entier qui viennent parcourir le vaste r\u00e9seau de sentiers et de pistes cyclables de la r\u00e9gion. Avec plus de 48 km de sentiers et divers niveaux de difficult\u00e9, le v\u00e9lo de montagne est l\u2019une des activit\u00e9s les plus populaires \u00e0 Tremblant pour les habitants et les visiteurs.<\/span><\/p>\n<p style=\"text-align: left;\"><span style=\"font-weight: 400;\">Les sentiers sont entretenus par un organisme \u00e0 but non lucratif appel\u00e9 <\/span><a href=\"https:\/\/www.velomonttremblant.com\/\"><span style=\"font-weight: 400;\">V\u00e9lo Mont-Tremblant.<\/span><\/a><span style=\"font-weight: 400;\"> L\u2019organisation se consacre \u00e0 l\u2019entretien et \u00e0 l\u2019expansion des pistes de v\u00e9lo de montagne et \u00e0 l\u2019avancement du cyclisme \u00e0 Tremblant. Pour pouvoir utiliser les pistes de VTT dans toute la r\u00e9gion, vous devez d\u2019abord acheter un laissez-passer. <\/span><span style=\"font-weight: 400;\">L\u2019achat d\u2019un laissez-passer contribue \u00e9galement \u00e0 soutenir V\u00e9lo Mont-Tremblant et ses efforts en vue de d\u00e9velopper de nouveaux sentiers et de maintenir les sentiers de v\u00e9lo de montagne existants sans causer de dommages \u00e0 l\u2019environnement.<\/span><\/p>\n<p>&nbsp;<\/p>\n<p style=\"text-align: center;\"><em><span style=\"font-weight: 400;\">Location de VTT \u00e0 Mont Tremblant :<\/span><\/em><\/p>\n<p>&nbsp;<\/p>\n<p style=\"text-align: center;\"><strong>Bike Lab Tremblant (Cykel)<\/strong><\/p>\n<p style=\"text-align: center;\"><strong>1944 Chem. du Village<\/strong><\/p>\n<p style=\"text-align: center;\"><strong>Mont Tremblant<\/strong><\/p>\n<p style=\"text-align: center;\"><strong>1 819 717 4001<\/strong><\/p>\n<p>&nbsp;<\/p>\n<p style=\"text-align: center;\"><strong>Cybercycle<\/strong><\/p>\n<p style=\"text-align: center;\"><strong>1908 Chem. du Village<\/strong><\/p>\n<p style=\"text-align: center;\"><strong>Mont Tremblant<\/strong><\/p>\n<p style=\"text-align: center;\"><strong>1 819 425 3308<\/strong><\/p>\n<p>&nbsp;<\/p>\n<p style=\"text-align: center;\"><strong>V\u00e9lo-Gare Tremblant<\/strong><\/p>\n<p style=\"text-align: center;\"><strong>860 Rue Coupal<\/strong><\/p>\n<p style=\"text-align: center;\"><strong>Mont Tremblant<\/strong><\/p>\n<p style=\"text-align: center;\"><strong>1 819 430 7521<\/strong><\/p>\n<p>&nbsp;<\/p>\n<p style=\"text-align: center;\"><em>Tour \u00e0 v\u00e9lo de montagne:<\/em><\/p>\n<p>&nbsp;<\/p>\n<p style=\"text-align: center;\"><strong>D-Tour\u00a0<\/strong><\/p>\n<p style=\"text-align: center;\"><strong>\u00a0info@dtourtremblant.com\u00a0<\/strong><\/p>\n<p style=\"text-align: center;\"><strong>819-430-TOUR (8687)<\/strong><\/p>\n<p style=\"text-align: center;\"><em>UPLOAD MOUNTAIN BIKE TRAIL MAP<\/em><\/p>\n<p style=\"text-align: center;\"><a href=\"https:\/\/www.velomonttremblant.com\/en\/mountain-biking\/mountain-bike-trail-map\/\"><span style=\"font-weight: 400;\">https:\/\/www.velomonttremblant.com\/en\/mountain-biking\/mountain-bike-trail-map\/<\/span><\/a><\/p>\n<p>\u00a0<\/div><\/div>[\/vc_column][\/vc_row][vc_row][vc_column][vc_empty_space height=\u00a0\u00bb60px\u00a0\u00bb][\/vc_column][\/vc_row][vc_row][vc_column][vc_single_image image=\u00a0\u00bb23317&Prime; img_size=\u00a0\u00bb600&#215;400&Prime; alignment=\u00a0\u00bbcenter\u00a0\u00bb][\/vc_column][\/vc_row]<\/p>\n","protected":false},"excerpt":{"rendered":"<p>[vc_row][vc_column][\/vc_column][\/vc_row][vc_row][vc_column][vc_empty_space height=\u00a0\u00bb60px\u00a0\u00bb][\/vc_column][\/vc_row][vc_row][vc_column][vc_single_image image=\u00a0\u00bb23317&Prime; img_size=\u00a0\u00bb600&#215;400&Prime; alignment=\u00a0\u00bbcenter\u00a0\u00bb][\/vc_column][\/vc_row]<\/p>\n","protected":false},"author":1,"featured_media":23283,"parent":24716,"menu_order":0,"comment_status":"closed","ping_status":"closed","template":"","meta":{"footnotes":""},"class_list":["post-24792","page","type-page","status-publish","has-post-thumbnail","hentry","description-off"],"yoast_head":"<!-- This site is optimized with the Yoast SEO Premium plugin v26.5 (Yoast SEO v26.5) - https:\/\/yoast.com\/wordpress\/plugins\/seo\/ -->\n<title>V\u00e9lo de montagne \u00e0 Tremblant, activit\u00e9s \u00e0 Tremblant<\/title>\n<meta name=\"description\" content=\"Official Mont-Tremblant vous apporte plus d&#039;informations sur les activit\u00e9s \u00e0 Tremblant dont le v\u00e9lo de montagne \u00e0 Tremblant.\" \/>\n<meta name=\"robots\" content=\"index, follow, max-snippet:-1, max-image-preview:large, max-video-preview:-1\" \/>\n<link rel=\"canonical\" href=\"https:\/\/officialmonttremblant.com\/fr\/activites\/activites-d-ete\/faire-du-velo\/velo-de-montagne\/\" \/>\n<meta property=\"og:locale\" content=\"fr_FR\" \/>\n<meta property=\"og:type\" content=\"article\" \/>\n<meta property=\"og:title\" content=\"V\u00e9lo de montagne\" \/>\n<meta property=\"og:description\" content=\"Official Mont-Tremblant vous apporte plus d&#039;informations sur les activit\u00e9s \u00e0 Tremblant dont le v\u00e9lo de montagne \u00e0 Tremblant.\" \/>\n<meta property=\"og:url\" content=\"https:\/\/officialmonttremblant.com\/fr\/activites\/activites-d-ete\/faire-du-velo\/velo-de-montagne\/\" \/>\n<meta property=\"og:site_name\" content=\"Official Mont Tremblant\" \/>\n<meta property=\"article:modified_time\" content=\"2025-07-29T15:40:40+00:00\" \/>\n<meta property=\"og:image\" content=\"https:\/\/officialmonttremblant.com\/wp-content\/uploads\/2022\/09\/Mountain-Bike.jpg\" \/>\n\t<meta property=\"og:image:width\" content=\"1023\" \/>\n\t<meta property=\"og:image:height\" content=\"683\" \/>\n\t<meta property=\"og:image:type\" content=\"image\/jpeg\" \/>\n<meta name=\"twitter:card\" content=\"summary_large_image\" \/>\n<meta name=\"twitter:label1\" content=\"Dur\u00e9e de lecture estim\u00e9e\" \/>\n\t<meta name=\"twitter:data1\" content=\"3 minutes\" \/>\n<script type=\"application\/ld+json\" class=\"yoast-schema-graph\">{\"@context\":\"https:\/\/schema.org\",\"@graph\":[{\"@type\":\"WebPage\",\"@id\":\"https:\/\/officialmonttremblant.com\/fr\/activites\/activites-d-ete\/faire-du-velo\/velo-de-montagne\/\",\"url\":\"https:\/\/officialmonttremblant.com\/fr\/activites\/activites-d-ete\/faire-du-velo\/velo-de-montagne\/\",\"name\":\"V\u00e9lo de montagne \u00e0 Tremblant, activit\u00e9s \u00e0 Tremblant\",\"isPartOf\":{\"@id\":\"https:\/\/officialmonttremblant.com\/fr\/#website\"},\"primaryImageOfPage\":{\"@id\":\"https:\/\/officialmonttremblant.com\/fr\/activites\/activites-d-ete\/faire-du-velo\/velo-de-montagne\/#primaryimage\"},\"image\":{\"@id\":\"https:\/\/officialmonttremblant.com\/fr\/activites\/activites-d-ete\/faire-du-velo\/velo-de-montagne\/#primaryimage\"},\"thumbnailUrl\":\"https:\/\/officialmonttremblant.com\/wp-content\/uploads\/2022\/09\/Mountain-Bike.jpg\",\"datePublished\":\"2022-07-25T15:45:57+00:00\",\"dateModified\":\"2025-07-29T15:40:40+00:00\",\"description\":\"Official Mont-Tremblant vous apporte plus d'informations sur les activit\u00e9s \u00e0 Tremblant dont le v\u00e9lo de montagne \u00e0 Tremblant.\",\"breadcrumb\":{\"@id\":\"https:\/\/officialmonttremblant.com\/fr\/activites\/activites-d-ete\/faire-du-velo\/velo-de-montagne\/#breadcrumb\"},\"inLanguage\":\"fr-FR\",\"potentialAction\":[{\"@type\":\"ReadAction\",\"target\":[\"https:\/\/officialmonttremblant.com\/fr\/activites\/activites-d-ete\/faire-du-velo\/velo-de-montagne\/\"]}]},{\"@type\":\"ImageObject\",\"inLanguage\":\"fr-FR\",\"@id\":\"https:\/\/officialmonttremblant.com\/fr\/activites\/activites-d-ete\/faire-du-velo\/velo-de-montagne\/#primaryimage\",\"url\":\"https:\/\/officialmonttremblant.com\/wp-content\/uploads\/2022\/09\/Mountain-Bike.jpg\",\"contentUrl\":\"https:\/\/officialmonttremblant.com\/wp-content\/uploads\/2022\/09\/Mountain-Bike.jpg\",\"width\":1023,\"height\":683,\"caption\":\"Mountain Bike\"},{\"@type\":\"BreadcrumbList\",\"@id\":\"https:\/\/officialmonttremblant.com\/fr\/activites\/activites-d-ete\/faire-du-velo\/velo-de-montagne\/#breadcrumb\",\"itemListElement\":[{\"@type\":\"ListItem\",\"position\":1,\"name\":\"Home\",\"item\":\"https:\/\/officialmonttremblant.com\/fr\/\"},{\"@type\":\"ListItem\",\"position\":2,\"name\":\"Activit\u00e9s\",\"item\":\"https:\/\/officialmonttremblant.com\/fr\/activites\/\"},{\"@type\":\"ListItem\",\"position\":3,\"name\":\"Activit\u00e9s d&#8217;\u00e9t\u00e9\",\"item\":\"https:\/\/officialmonttremblant.com\/fr\/activites\/activites-d-ete\/\"},{\"@type\":\"ListItem\",\"position\":4,\"name\":\"Faire du v\u00e9lo\",\"item\":\"https:\/\/officialmonttremblant.com\/fr\/activites\/activites-d-ete\/faire-du-velo\/\"},{\"@type\":\"ListItem\",\"position\":5,\"name\":\"V\u00e9lo de montagne\"}]},{\"@type\":\"WebSite\",\"@id\":\"https:\/\/officialmonttremblant.com\/fr\/#website\",\"url\":\"https:\/\/officialmonttremblant.com\/fr\/\",\"name\":\"Official Mont Tremblant\",\"description\":\"Vacation &amp; tourist guide in Mont Tremblant\",\"potentialAction\":[{\"@type\":\"SearchAction\",\"target\":{\"@type\":\"EntryPoint\",\"urlTemplate\":\"https:\/\/officialmonttremblant.com\/fr\/?s={search_term_string}\"},\"query-input\":{\"@type\":\"PropertyValueSpecification\",\"valueRequired\":true,\"valueName\":\"search_term_string\"}}],\"inLanguage\":\"fr-FR\"}]}<\/script>\n<!-- \/ Yoast SEO Premium plugin. -->","yoast_head_json":{"title":"V\u00e9lo de montagne \u00e0 Tremblant, activit\u00e9s \u00e0 Tremblant","description":"Official Mont-Tremblant vous apporte plus d'informations sur les activit\u00e9s \u00e0 Tremblant dont le v\u00e9lo de montagne \u00e0 Tremblant.","robots":{"index":"index","follow":"follow","max-snippet":"max-snippet:-1","max-image-preview":"max-image-preview:large","max-video-preview":"max-video-preview:-1"},"canonical":"https:\/\/officialmonttremblant.com\/fr\/activites\/activites-d-ete\/faire-du-velo\/velo-de-montagne\/","og_locale":"fr_FR","og_type":"article","og_title":"V\u00e9lo de montagne","og_description":"Official Mont-Tremblant vous apporte plus d'informations sur les activit\u00e9s \u00e0 Tremblant dont le v\u00e9lo de montagne \u00e0 Tremblant.","og_url":"https:\/\/officialmonttremblant.com\/fr\/activites\/activites-d-ete\/faire-du-velo\/velo-de-montagne\/","og_site_name":"Official Mont Tremblant","article_modified_time":"2025-07-29T15:40:40+00:00","og_image":[{"width":1023,"height":683,"url":"https:\/\/officialmonttremblant.com\/wp-content\/uploads\/2022\/09\/Mountain-Bike.jpg","type":"image\/jpeg"}],"twitter_card":"summary_large_image","twitter_misc":{"Dur\u00e9e de lecture estim\u00e9e":"3 minutes"},"schema":{"@context":"https:\/\/schema.org","@graph":[{"@type":"WebPage","@id":"https:\/\/officialmonttremblant.com\/fr\/activites\/activites-d-ete\/faire-du-velo\/velo-de-montagne\/","url":"https:\/\/officialmonttremblant.com\/fr\/activites\/activites-d-ete\/faire-du-velo\/velo-de-montagne\/","name":"V\u00e9lo de montagne \u00e0 Tremblant, activit\u00e9s \u00e0 Tremblant","isPartOf":{"@id":"https:\/\/officialmonttremblant.com\/fr\/#website"},"primaryImageOfPage":{"@id":"https:\/\/officialmonttremblant.com\/fr\/activites\/activites-d-ete\/faire-du-velo\/velo-de-montagne\/#primaryimage"},"image":{"@id":"https:\/\/officialmonttremblant.com\/fr\/activites\/activites-d-ete\/faire-du-velo\/velo-de-montagne\/#primaryimage"},"thumbnailUrl":"https:\/\/officialmonttremblant.com\/wp-content\/uploads\/2022\/09\/Mountain-Bike.jpg","datePublished":"2022-07-25T15:45:57+00:00","dateModified":"2025-07-29T15:40:40+00:00","description":"Official Mont-Tremblant vous apporte plus d'informations sur les activit\u00e9s \u00e0 Tremblant dont le v\u00e9lo de montagne \u00e0 Tremblant.","breadcrumb":{"@id":"https:\/\/officialmonttremblant.com\/fr\/activites\/activites-d-ete\/faire-du-velo\/velo-de-montagne\/#breadcrumb"},"inLanguage":"fr-FR","potentialAction":[{"@type":"ReadAction","target":["https:\/\/officialmonttremblant.com\/fr\/activites\/activites-d-ete\/faire-du-velo\/velo-de-montagne\/"]}]},{"@type":"ImageObject","inLanguage":"fr-FR","@id":"https:\/\/officialmonttremblant.com\/fr\/activites\/activites-d-ete\/faire-du-velo\/velo-de-montagne\/#primaryimage","url":"https:\/\/officialmonttremblant.com\/wp-content\/uploads\/2022\/09\/Mountain-Bike.jpg","contentUrl":"https:\/\/officialmonttremblant.com\/wp-content\/uploads\/2022\/09\/Mountain-Bike.jpg","width":1023,"height":683,"caption":"Mountain Bike"},{"@type":"BreadcrumbList","@id":"https:\/\/officialmonttremblant.com\/fr\/activites\/activites-d-ete\/faire-du-velo\/velo-de-montagne\/#breadcrumb","itemListElement":[{"@type":"ListItem","position":1,"name":"Home","item":"https:\/\/officialmonttremblant.com\/fr\/"},{"@type":"ListItem","position":2,"name":"Activit\u00e9s","item":"https:\/\/officialmonttremblant.com\/fr\/activites\/"},{"@type":"ListItem","position":3,"name":"Activit\u00e9s d&#8217;\u00e9t\u00e9","item":"https:\/\/officialmonttremblant.com\/fr\/activites\/activites-d-ete\/"},{"@type":"ListItem","position":4,"name":"Faire du v\u00e9lo","item":"https:\/\/officialmonttremblant.com\/fr\/activites\/activites-d-ete\/faire-du-velo\/"},{"@type":"ListItem","position":5,"name":"V\u00e9lo de montagne"}]},{"@type":"WebSite","@id":"https:\/\/officialmonttremblant.com\/fr\/#website","url":"https:\/\/officialmonttremblant.com\/fr\/","name":"Official Mont Tremblant","description":"Vacation &amp; tourist guide in Mont Tremblant","potentialAction":[{"@type":"SearchAction","target":{"@type":"EntryPoint","urlTemplate":"https:\/\/officialmonttremblant.com\/fr\/?s={search_term_string}"},"query-input":{"@type":"PropertyValueSpecification","valueRequired":true,"valueName":"search_term_string"}}],"inLanguage":"fr-FR"}]}},"jetpack_sharing_enabled":true,"_links":{"self":[{"href":"https:\/\/officialmonttremblant.com\/fr\/wp-json\/wp\/v2\/pages\/24792","targetHints":{"allow":["GET"]}}],"collection":[{"href":"https:\/\/officialmonttremblant.com\/fr\/wp-json\/wp\/v2\/pages"}],"about":[{"href":"https:\/\/officialmonttremblant.com\/fr\/wp-json\/wp\/v2\/types\/page"}],"author":[{"embeddable":true,"href":"https:\/\/officialmonttremblant.com\/fr\/wp-json\/wp\/v2\/users\/1"}],"replies":[{"embeddable":true,"href":"https:\/\/officialmonttremblant.com\/fr\/wp-json\/wp\/v2\/comments?post=24792"}],"version-history":[{"count":3,"href":"https:\/\/officialmonttremblant.com\/fr\/wp-json\/wp\/v2\/pages\/24792\/revisions"}],"predecessor-version":[{"id":25919,"href":"https:\/\/officialmonttremblant.com\/fr\/wp-json\/wp\/v2\/pages\/24792\/revisions\/25919"}],"up":[{"embeddable":true,"href":"https:\/\/officialmonttremblant.com\/fr\/wp-json\/wp\/v2\/pages\/24716"}],"wp:featuredmedia":[{"embeddable":true,"href":"https:\/\/officialmonttremblant.com\/fr\/wp-json\/wp\/v2\/media\/23283"}],"wp:attachment":[{"href":"https:\/\/officialmonttremblant.com\/fr\/wp-json\/wp\/v2\/media?parent=24792"}],"curies":[{"name":"wp","href":"https:\/\/api.w.org\/{rel}","templated":true}]}}