{"id":24794,"date":"2022-07-25T11:46:33","date_gmt":"2022-07-25T15:46:33","guid":{"rendered":"https:\/\/officialmonttremblant.com\/activites\/activites-d-ete\/paintball\/"},"modified":"2025-07-29T11:44:38","modified_gmt":"2025-07-29T15:44:38","slug":"paintball","status":"publish","type":"page","link":"https:\/\/officialmonttremblant.com\/fr\/activites\/activites-d-ete\/paintball\/","title":{"rendered":"Paintball"},"content":{"rendered":"<p>[vc_row][vc_column]<div id=\"ultimate-heading-864269dc7a4be9ad5\" class=\"uvc-heading ult-adjust-bottom-margin ultimate-heading-864269dc7a4be9ad5 uvc-49  uvc-heading-default-font-sizes\" data-hspacer=\"no_spacer\"  data-halign=\"left\" style=\"text-align:left\"><div class=\"uvc-heading-spacer no_spacer\" style=\"top\"><\/div><div class=\"uvc-main-heading ult-responsive\"  data-ultimate-target='.uvc-heading.ultimate-heading-864269dc7a4be9ad5 h2'  data-responsive-json-new='{\"font-size\":\"\",\"line-height\":\"\"}' ><h2 style=\"--font-weight:theme;\">Paintball \u00e0 Mont-Tremblant<\/h2><\/div><div class=\"uvc-sub-heading ult-responsive\"  data-ultimate-target='.uvc-heading.ultimate-heading-864269dc7a4be9ad5 .uvc-sub-heading '  data-responsive-json-new='{\"font-size\":\"\",\"line-height\":\"\"}'  style=\"font-weight:normal;\"><\/p>\n<p style=\"text-align: left;\"><span style=\"font-weight: 400;\">Official Mont-Tremblant vous donne des informations sur les activit\u00e9s d&rsquo;\u00e9t\u00e9 \u00e0 Mont-Tremblant dont le paintball \u00e0 Mont-Tremblant.\u00a0<\/span><\/p>\n<p style=\"text-align: left;\"><span style=\"font-weight: 400;\">Le Paintball Center a ouvert un parc qui comprend 15 terrains de jeux diff\u00e9rents et de nombreux niveaux d&rsquo;action de paintball. Les joueurs \u00e0 partir de 12 ans peuvent passer un moment tr\u00e8s amusant avec leur famille et leurs amis, et ce en toute s\u00e9curit\u00e9. Le centre dispose d&rsquo;un restaurant et d&rsquo;un espace de r\u00e9ception et c\u2019 est un endroit id\u00e9al pour organiser des f\u00eates d&rsquo;anniversaire quel que soit l&rsquo;\u00e2ge.<\/span><\/p>\n<p style=\"text-align: left;\"><span style=\"font-weight: 400;\">Avant le d\u00e9but de chaque session, le personnel qualifi\u00e9 <\/span><a href=\"http:\/\/fortouest.com\/\"><span style=\"font-weight: 400;\">du centre de paintball de Tremblant<\/span><\/a><span style=\"font-weight: 400;\"> passera en revue la s\u00e9curit\u00e9 avec les joueurs, leur donnera les r\u00e8gles du jeu et leur expliquera comment utiliser l&rsquo;\u00e9quipement avant de se diriger vers la 1\u00e8re aire de jeu. Le personnel expliquera le sc\u00e9nario pour chaque aire de jeu, puis arbitrera ou participera.<\/span><\/p>\n<p style=\"text-align: left;\"><span style=\"font-weight: 400;\">Paintball \u00e0 Mont Tremblant offre plusieurs forfaits allant de 1h30 et environ 300 balles \u00e0 2h30 heures et 500 balles. Tous les \u00e9quipements tels que masque facial, combinaison, gants, prot\u00e8ge-cou, chapeau, ceinture avec munitions, CO2 illimit\u00e9 et un pistolet de paintball haut de gamme sont inclus avec chaque forfait de paintball.<\/span><\/p>\n<p>&nbsp;<\/p>\n<p style=\"text-align: left;\"><strong>PAINT BALL FORT OUEST<\/strong><\/p>\n<p style=\"text-align: left;\"><span style=\"font-weight: 400;\">Fort Ouest inc<\/span><\/p>\n<p style=\"text-align: left;\"><span style=\"font-weight: 400;\">77, chemin de la Montagne,\u00a0<\/span><span style=\"font-weight: 400;\">Arundel<\/span><\/p>\n<p style=\"text-align: left;\"><span style=\"font-weight: 400;\">819 687-9721<\/span><\/p>\n<p style=\"text-align: left;\"><a href=\"https:\/\/fortouest.com\/pages\/paintball\"><span style=\"font-weight: 400;\">https:\/\/fortouest.com\/pages\/paintball<\/span><\/a><\/p>\n<p><\/div><\/div>[\/vc_column][\/vc_row][vc_row][vc_column][vc_empty_space height=\u00a0\u00bb60px\u00a0\u00bb][\/vc_column][\/vc_row][vc_row][vc_column][vc_single_image image=\u00a0\u00bb23314&Prime; img_size=\u00a0\u00bb600&#215;400&Prime; alignment=\u00a0\u00bbcenter\u00a0\u00bb][\/vc_column][\/vc_row]<\/p>\n","protected":false},"excerpt":{"rendered":"<p>[vc_row][vc_column][\/vc_column][\/vc_row][vc_row][vc_column][vc_empty_space height=\u00a0\u00bb60px\u00a0\u00bb][\/vc_column][\/vc_row][vc_row][vc_column][vc_single_image image=\u00a0\u00bb23314&Prime; img_size=\u00a0\u00bb600&#215;400&Prime; alignment=\u00a0\u00bbcenter\u00a0\u00bb][\/vc_column][\/vc_row]<\/p>\n","protected":false},"author":1,"featured_media":23315,"parent":21147,"menu_order":0,"comment_status":"closed","ping_status":"closed","template":"","meta":{"footnotes":""},"class_list":["post-24794","page","type-page","status-publish","has-post-thumbnail","hentry","description-off"],"yoast_head":"<!-- This site is optimized with the Yoast SEO Premium plugin v26.5 (Yoast SEO v26.5) - https:\/\/yoast.com\/wordpress\/plugins\/seo\/ -->\n<title>paintball \u00e0 mont-tremblant, activit\u00e9s d&#039;\u00e9t\u00e9 \u00e0 mont-tremblant<\/title>\n<meta name=\"description\" content=\"Official Mont-Tremblant vous donne des informations sur les activit\u00e9s d&#039;\u00e9t\u00e9 \u00e0 Mont-Tremblant dont le paintball \u00e0 Mont-Tremblant.\u00a0\" \/>\n<meta name=\"robots\" content=\"index, follow, max-snippet:-1, max-image-preview:large, max-video-preview:-1\" \/>\n<link rel=\"canonical\" href=\"https:\/\/officialmonttremblant.com\/fr\/activites\/activites-d-ete\/paintball\/\" \/>\n<meta property=\"og:locale\" content=\"fr_FR\" \/>\n<meta property=\"og:type\" content=\"article\" \/>\n<meta property=\"og:title\" content=\"Paintball\" \/>\n<meta property=\"og:description\" content=\"Official Mont-Tremblant vous donne des informations sur les activit\u00e9s d&#039;\u00e9t\u00e9 \u00e0 Mont-Tremblant dont le paintball \u00e0 Mont-Tremblant.\u00a0\" \/>\n<meta property=\"og:url\" content=\"https:\/\/officialmonttremblant.com\/fr\/activites\/activites-d-ete\/paintball\/\" \/>\n<meta property=\"og:site_name\" content=\"Official Mont Tremblant\" \/>\n<meta property=\"article:modified_time\" content=\"2025-07-29T15:44:38+00:00\" \/>\n<meta property=\"og:image\" content=\"https:\/\/officialmonttremblant.com\/wp-content\/uploads\/2022\/09\/paintball-gb29341a1e_1920.jpg\" \/>\n\t<meta property=\"og:image:width\" content=\"1920\" \/>\n\t<meta property=\"og:image:height\" content=\"1280\" \/>\n\t<meta property=\"og:image:type\" content=\"image\/jpeg\" \/>\n<meta name=\"twitter:card\" content=\"summary_large_image\" \/>\n<meta name=\"twitter:label1\" content=\"Dur\u00e9e de lecture estim\u00e9e\" \/>\n\t<meta name=\"twitter:data1\" content=\"2 minutes\" \/>\n<script type=\"application\/ld+json\" class=\"yoast-schema-graph\">{\"@context\":\"https:\/\/schema.org\",\"@graph\":[{\"@type\":\"WebPage\",\"@id\":\"https:\/\/officialmonttremblant.com\/fr\/activites\/activites-d-ete\/paintball\/\",\"url\":\"https:\/\/officialmonttremblant.com\/fr\/activites\/activites-d-ete\/paintball\/\",\"name\":\"paintball \u00e0 mont-tremblant, activit\u00e9s d'\u00e9t\u00e9 \u00e0 mont-tremblant\",\"isPartOf\":{\"@id\":\"https:\/\/officialmonttremblant.com\/fr\/#website\"},\"primaryImageOfPage\":{\"@id\":\"https:\/\/officialmonttremblant.com\/fr\/activites\/activites-d-ete\/paintball\/#primaryimage\"},\"image\":{\"@id\":\"https:\/\/officialmonttremblant.com\/fr\/activites\/activites-d-ete\/paintball\/#primaryimage\"},\"thumbnailUrl\":\"https:\/\/officialmonttremblant.com\/wp-content\/uploads\/2022\/09\/paintball-gb29341a1e_1920.jpg\",\"datePublished\":\"2022-07-25T15:46:33+00:00\",\"dateModified\":\"2025-07-29T15:44:38+00:00\",\"description\":\"Official Mont-Tremblant vous donne des informations sur les activit\u00e9s d'\u00e9t\u00e9 \u00e0 Mont-Tremblant dont le paintball \u00e0 Mont-Tremblant.\u00a0\",\"breadcrumb\":{\"@id\":\"https:\/\/officialmonttremblant.com\/fr\/activites\/activites-d-ete\/paintball\/#breadcrumb\"},\"inLanguage\":\"fr-FR\",\"potentialAction\":[{\"@type\":\"ReadAction\",\"target\":[\"https:\/\/officialmonttremblant.com\/fr\/activites\/activites-d-ete\/paintball\/\"]}]},{\"@type\":\"ImageObject\",\"inLanguage\":\"fr-FR\",\"@id\":\"https:\/\/officialmonttremblant.com\/fr\/activites\/activites-d-ete\/paintball\/#primaryimage\",\"url\":\"https:\/\/officialmonttremblant.com\/wp-content\/uploads\/2022\/09\/paintball-gb29341a1e_1920.jpg\",\"contentUrl\":\"https:\/\/officialmonttremblant.com\/wp-content\/uploads\/2022\/09\/paintball-gb29341a1e_1920.jpg\",\"width\":1920,\"height\":1280,\"caption\":\"Paintball\"},{\"@type\":\"BreadcrumbList\",\"@id\":\"https:\/\/officialmonttremblant.com\/fr\/activites\/activites-d-ete\/paintball\/#breadcrumb\",\"itemListElement\":[{\"@type\":\"ListItem\",\"position\":1,\"name\":\"Home\",\"item\":\"https:\/\/officialmonttremblant.com\/fr\/\"},{\"@type\":\"ListItem\",\"position\":2,\"name\":\"Activit\u00e9s\",\"item\":\"https:\/\/officialmonttremblant.com\/fr\/activites\/\"},{\"@type\":\"ListItem\",\"position\":3,\"name\":\"Activit\u00e9s d&#8217;\u00e9t\u00e9\",\"item\":\"https:\/\/officialmonttremblant.com\/fr\/activites\/activites-d-ete\/\"},{\"@type\":\"ListItem\",\"position\":4,\"name\":\"Paintball\"}]},{\"@type\":\"WebSite\",\"@id\":\"https:\/\/officialmonttremblant.com\/fr\/#website\",\"url\":\"https:\/\/officialmonttremblant.com\/fr\/\",\"name\":\"Official Mont Tremblant\",\"description\":\"Vacation &amp; tourist guide in Mont Tremblant\",\"potentialAction\":[{\"@type\":\"SearchAction\",\"target\":{\"@type\":\"EntryPoint\",\"urlTemplate\":\"https:\/\/officialmonttremblant.com\/fr\/?s={search_term_string}\"},\"query-input\":{\"@type\":\"PropertyValueSpecification\",\"valueRequired\":true,\"valueName\":\"search_term_string\"}}],\"inLanguage\":\"fr-FR\"}]}<\/script>\n<!-- \/ Yoast SEO Premium plugin. -->","yoast_head_json":{"title":"paintball \u00e0 mont-tremblant, activit\u00e9s d'\u00e9t\u00e9 \u00e0 mont-tremblant","description":"Official Mont-Tremblant vous donne des informations sur les activit\u00e9s d'\u00e9t\u00e9 \u00e0 Mont-Tremblant dont le paintball \u00e0 Mont-Tremblant.\u00a0","robots":{"index":"index","follow":"follow","max-snippet":"max-snippet:-1","max-image-preview":"max-image-preview:large","max-video-preview":"max-video-preview:-1"},"canonical":"https:\/\/officialmonttremblant.com\/fr\/activites\/activites-d-ete\/paintball\/","og_locale":"fr_FR","og_type":"article","og_title":"Paintball","og_description":"Official Mont-Tremblant vous donne des informations sur les activit\u00e9s d'\u00e9t\u00e9 \u00e0 Mont-Tremblant dont le paintball \u00e0 Mont-Tremblant.\u00a0","og_url":"https:\/\/officialmonttremblant.com\/fr\/activites\/activites-d-ete\/paintball\/","og_site_name":"Official Mont Tremblant","article_modified_time":"2025-07-29T15:44:38+00:00","og_image":[{"width":1920,"height":1280,"url":"https:\/\/officialmonttremblant.com\/wp-content\/uploads\/2022\/09\/paintball-gb29341a1e_1920.jpg","type":"image\/jpeg"}],"twitter_card":"summary_large_image","twitter_misc":{"Dur\u00e9e de lecture estim\u00e9e":"2 minutes"},"schema":{"@context":"https:\/\/schema.org","@graph":[{"@type":"WebPage","@id":"https:\/\/officialmonttremblant.com\/fr\/activites\/activites-d-ete\/paintball\/","url":"https:\/\/officialmonttremblant.com\/fr\/activites\/activites-d-ete\/paintball\/","name":"paintball \u00e0 mont-tremblant, activit\u00e9s d'\u00e9t\u00e9 \u00e0 mont-tremblant","isPartOf":{"@id":"https:\/\/officialmonttremblant.com\/fr\/#website"},"primaryImageOfPage":{"@id":"https:\/\/officialmonttremblant.com\/fr\/activites\/activites-d-ete\/paintball\/#primaryimage"},"image":{"@id":"https:\/\/officialmonttremblant.com\/fr\/activites\/activites-d-ete\/paintball\/#primaryimage"},"thumbnailUrl":"https:\/\/officialmonttremblant.com\/wp-content\/uploads\/2022\/09\/paintball-gb29341a1e_1920.jpg","datePublished":"2022-07-25T15:46:33+00:00","dateModified":"2025-07-29T15:44:38+00:00","description":"Official Mont-Tremblant vous donne des informations sur les activit\u00e9s d'\u00e9t\u00e9 \u00e0 Mont-Tremblant dont le paintball \u00e0 Mont-Tremblant.\u00a0","breadcrumb":{"@id":"https:\/\/officialmonttremblant.com\/fr\/activites\/activites-d-ete\/paintball\/#breadcrumb"},"inLanguage":"fr-FR","potentialAction":[{"@type":"ReadAction","target":["https:\/\/officialmonttremblant.com\/fr\/activites\/activites-d-ete\/paintball\/"]}]},{"@type":"ImageObject","inLanguage":"fr-FR","@id":"https:\/\/officialmonttremblant.com\/fr\/activites\/activites-d-ete\/paintball\/#primaryimage","url":"https:\/\/officialmonttremblant.com\/wp-content\/uploads\/2022\/09\/paintball-gb29341a1e_1920.jpg","contentUrl":"https:\/\/officialmonttremblant.com\/wp-content\/uploads\/2022\/09\/paintball-gb29341a1e_1920.jpg","width":1920,"height":1280,"caption":"Paintball"},{"@type":"BreadcrumbList","@id":"https:\/\/officialmonttremblant.com\/fr\/activites\/activites-d-ete\/paintball\/#breadcrumb","itemListElement":[{"@type":"ListItem","position":1,"name":"Home","item":"https:\/\/officialmonttremblant.com\/fr\/"},{"@type":"ListItem","position":2,"name":"Activit\u00e9s","item":"https:\/\/officialmonttremblant.com\/fr\/activites\/"},{"@type":"ListItem","position":3,"name":"Activit\u00e9s d&#8217;\u00e9t\u00e9","item":"https:\/\/officialmonttremblant.com\/fr\/activites\/activites-d-ete\/"},{"@type":"ListItem","position":4,"name":"Paintball"}]},{"@type":"WebSite","@id":"https:\/\/officialmonttremblant.com\/fr\/#website","url":"https:\/\/officialmonttremblant.com\/fr\/","name":"Official Mont Tremblant","description":"Vacation &amp; tourist guide in Mont Tremblant","potentialAction":[{"@type":"SearchAction","target":{"@type":"EntryPoint","urlTemplate":"https:\/\/officialmonttremblant.com\/fr\/?s={search_term_string}"},"query-input":{"@type":"PropertyValueSpecification","valueRequired":true,"valueName":"search_term_string"}}],"inLanguage":"fr-FR"}]}},"jetpack_sharing_enabled":true,"_links":{"self":[{"href":"https:\/\/officialmonttremblant.com\/fr\/wp-json\/wp\/v2\/pages\/24794","targetHints":{"allow":["GET"]}}],"collection":[{"href":"https:\/\/officialmonttremblant.com\/fr\/wp-json\/wp\/v2\/pages"}],"about":[{"href":"https:\/\/officialmonttremblant.com\/fr\/wp-json\/wp\/v2\/types\/page"}],"author":[{"embeddable":true,"href":"https:\/\/officialmonttremblant.com\/fr\/wp-json\/wp\/v2\/users\/1"}],"replies":[{"embeddable":true,"href":"https:\/\/officialmonttremblant.com\/fr\/wp-json\/wp\/v2\/comments?post=24794"}],"version-history":[{"count":4,"href":"https:\/\/officialmonttremblant.com\/fr\/wp-json\/wp\/v2\/pages\/24794\/revisions"}],"predecessor-version":[{"id":26247,"href":"https:\/\/officialmonttremblant.com\/fr\/wp-json\/wp\/v2\/pages\/24794\/revisions\/26247"}],"up":[{"embeddable":true,"href":"https:\/\/officialmonttremblant.com\/fr\/wp-json\/wp\/v2\/pages\/21147"}],"wp:featuredmedia":[{"embeddable":true,"href":"https:\/\/officialmonttremblant.com\/fr\/wp-json\/wp\/v2\/media\/23315"}],"wp:attachment":[{"href":"https:\/\/officialmonttremblant.com\/fr\/wp-json\/wp\/v2\/media?parent=24794"}],"curies":[{"name":"wp","href":"https:\/\/api.w.org\/{rel}","templated":true}]}}