{"id":24796,"date":"2022-07-25T11:47:39","date_gmt":"2022-07-25T15:47:39","guid":{"rendered":"https:\/\/officialmonttremblant.com\/activites\/activites-d-ete\/rock-climbing\/"},"modified":"2025-07-29T11:44:45","modified_gmt":"2025-07-29T15:44:45","slug":"escalade","status":"publish","type":"page","link":"https:\/\/officialmonttremblant.com\/fr\/activites\/activites-d-ete\/escalade\/","title":{"rendered":"Escalade"},"content":{"rendered":"<p>[vc_row][vc_column]<div id=\"ultimate-heading-291969df2afca963b\" class=\"uvc-heading ult-adjust-bottom-margin ultimate-heading-291969df2afca963b uvc-3800  uvc-heading-default-font-sizes\" data-hspacer=\"no_spacer\"  data-halign=\"left\" style=\"text-align:left\"><div class=\"uvc-heading-spacer no_spacer\" style=\"top\"><\/div><div class=\"uvc-main-heading ult-responsive\"  data-ultimate-target='.uvc-heading.ultimate-heading-291969df2afca963b h2'  data-responsive-json-new='{\"font-size\":\"\",\"line-height\":\"\"}' ><h2 style=\"--font-weight:theme;\">Escalade \u00e0 Mont-Tremblant<\/h2><\/div><div class=\"uvc-sub-heading ult-responsive\"  data-ultimate-target='.uvc-heading.ultimate-heading-291969df2afca963b .uvc-sub-heading '  data-responsive-json-new='{\"font-size\":\"\",\"line-height\":\"\"}'  style=\"font-weight:normal;\"><\/p>\n<div class=\"wpb_text_column wpb_content_element \">\n<div class=\"wpb_wrapper\">\n<p style=\"text-align: left;\">Official Mont-Tremblant Mont-Tremblant vous offre des informations sur les activit\u00e9s \u00e0 Tremblant, y compris l&rsquo;escalade \u00e0 Mont-Tremblant.<\/p>\n<p style=\"text-align: left;\">Si vous ne l&rsquo;avez jamais fait mais que vous avez toujours voulu le faire, c&rsquo;est le moment d&rsquo;essayer l&rsquo;escalade au Mont-Tremblant ! Il existe plusieurs activit\u00e9s d&rsquo;escalade \u00e0 Tremblant auxquelles toute la famille peut participer sans jamais quitter le resort. Vous n&rsquo;avez pas besoin d&rsquo;avoir de l&rsquo;exp\u00e9rience car ces activit\u00e9s sont con\u00e7ues pour les d\u00e9butants. Apprenez les bases de l&rsquo;escalade sur une falaise naturelle situ\u00e9e au pied des pistes de ski de Tremblant Resort.<\/p>\n<p style=\"text-align: left;\">L&rsquo;\u00e9cole d&rsquo;escalade du Mont Tremblant propose un cours d&rsquo;initiation d&rsquo;une demi-journ\u00e9e. Un instructeur certifi\u00e9 exp\u00e9riment\u00e9 vous apprendra \u00e0 vous replier, \u00e0 assurer les grimpeurs et \u00e0 utiliser d&rsquo;autres techniques de base de l&rsquo;escalade.\u00a0Rendez-vous sur leur site Web pour obtenir plus d&rsquo;informations et conna\u00eetre les tarifs :\u00a0<a href=\"https:\/\/tremblantclimbing.com\/fr\/\"> L&rsquo;\u00e9cole d&rsquo;escalade de Tremblant<\/a>.<\/p>\n<p>&nbsp;<\/p>\n<p style=\"text-align: left;\"><strong>INFORMATIONS IMPORTANTES :<\/strong><\/p>\n<p style=\"text-align: left;\">Il faut \u00eatre \u00e2g\u00e9 d&rsquo;au moins 5 ans<br \/>\nLes enfants de moins de 10 ans doivent \u00eatre accompagn\u00e9s d&rsquo;un adulte<br \/>\n2 personnes minimum<br \/>\n\u00c9quipement et guide inclus<br \/>\nDur\u00e9e : environ 3 heures<\/p>\n<p>&nbsp;<\/p>\n<p style=\"text-align: left;\"><strong>Heures de d\u00e9part :<\/strong><br \/>\n9h00<br \/>\n13h00<\/p>\n<p>&nbsp;<\/p>\n<p style=\"text-align: left;\"><strong>Groupes de 12+ :<\/strong><br \/>\n9h00<br \/>\n10 h 30<br \/>\n13h00<br \/>\n14 h 30<\/p>\n<\/div>\n<\/div>\n<div class=\"vc_row wpb_row section vc_row-fluid vc_inner vc_custom_1561579659448\">\n<div class=\" full_section_inner clearfix\">\n<div class=\"wpb_column vc_column_container vc_col-sm-4\" style=\"text-align: left;\">\n<div class=\"vc_column-inner\" style=\"text-align: left;\"><\/div>\n<\/div>\n<\/div>\n<\/div>\n<p><\/div><\/div>[\/vc_column][\/vc_row][vc_row][vc_column][vc_empty_space height=\u00a0\u00bb60px\u00a0\u00bb][\/vc_column][\/vc_row][vc_row][vc_column][vc_single_image image=\u00a0\u00bb23360&Prime; img_size=\u00a0\u00bb600&#215;400&Prime; alignment=\u00a0\u00bbcenter\u00a0\u00bb][\/vc_column][\/vc_row]<\/p>\n","protected":false},"excerpt":{"rendered":"<p>[vc_row][vc_column][\/vc_column][\/vc_row][vc_row][vc_column][vc_empty_space height=\u00a0\u00bb60px\u00a0\u00bb][\/vc_column][\/vc_row][vc_row][vc_column][vc_single_image image=\u00a0\u00bb23360&Prime; img_size=\u00a0\u00bb600&#215;400&Prime; alignment=\u00a0\u00bbcenter\u00a0\u00bb][\/vc_column][\/vc_row]<\/p>\n","protected":false},"author":1,"featured_media":23361,"parent":21147,"menu_order":0,"comment_status":"closed","ping_status":"closed","template":"","meta":{"footnotes":""},"class_list":["post-24796","page","type-page","status-publish","has-post-thumbnail","hentry","description-off"],"yoast_head":"<!-- This site is optimized with the Yoast SEO Premium plugin v26.5 (Yoast SEO v26.5) - https:\/\/yoast.com\/wordpress\/plugins\/seo\/ -->\n<title>Escalade \u00e0 Mont-Tremblant, activit\u00e9s \u00e0 Tremblant<\/title>\n<meta name=\"description\" content=\"Official Mont-Tremblant Mont-Tremblant vous offre des informations sur les activit\u00e9s \u00e0 Tremblant, y compris l&#039;escalade \u00e0 Mont-Tremblant.\" \/>\n<meta name=\"robots\" content=\"index, follow, max-snippet:-1, max-image-preview:large, max-video-preview:-1\" \/>\n<link rel=\"canonical\" href=\"https:\/\/officialmonttremblant.com\/fr\/activites\/activites-d-ete\/escalade\/\" \/>\n<meta property=\"og:locale\" content=\"fr_FR\" \/>\n<meta property=\"og:type\" content=\"article\" \/>\n<meta property=\"og:title\" content=\"Escalade\" \/>\n<meta property=\"og:description\" content=\"Official Mont-Tremblant Mont-Tremblant vous offre des informations sur les activit\u00e9s \u00e0 Tremblant, y compris l&#039;escalade \u00e0 Mont-Tremblant.\" \/>\n<meta property=\"og:url\" content=\"https:\/\/officialmonttremblant.com\/fr\/activites\/activites-d-ete\/escalade\/\" \/>\n<meta property=\"og:site_name\" content=\"Official Mont Tremblant\" \/>\n<meta property=\"article:modified_time\" content=\"2025-07-29T15:44:45+00:00\" \/>\n<meta property=\"og:image\" content=\"https:\/\/officialmonttremblant.com\/wp-content\/uploads\/2022\/09\/climbing-gf063c6baf_1920.jpg\" \/>\n\t<meta property=\"og:image:width\" content=\"1920\" \/>\n\t<meta property=\"og:image:height\" content=\"1054\" \/>\n\t<meta property=\"og:image:type\" content=\"image\/jpeg\" \/>\n<meta name=\"twitter:card\" content=\"summary_large_image\" \/>\n<meta name=\"twitter:label1\" content=\"Dur\u00e9e de lecture estim\u00e9e\" \/>\n\t<meta name=\"twitter:data1\" content=\"2 minutes\" \/>\n<script type=\"application\/ld+json\" class=\"yoast-schema-graph\">{\"@context\":\"https:\/\/schema.org\",\"@graph\":[{\"@type\":\"WebPage\",\"@id\":\"https:\/\/officialmonttremblant.com\/fr\/activites\/activites-d-ete\/escalade\/\",\"url\":\"https:\/\/officialmonttremblant.com\/fr\/activites\/activites-d-ete\/escalade\/\",\"name\":\"Escalade \u00e0 Mont-Tremblant, activit\u00e9s \u00e0 Tremblant\",\"isPartOf\":{\"@id\":\"https:\/\/officialmonttremblant.com\/fr\/#website\"},\"primaryImageOfPage\":{\"@id\":\"https:\/\/officialmonttremblant.com\/fr\/activites\/activites-d-ete\/escalade\/#primaryimage\"},\"image\":{\"@id\":\"https:\/\/officialmonttremblant.com\/fr\/activites\/activites-d-ete\/escalade\/#primaryimage\"},\"thumbnailUrl\":\"https:\/\/officialmonttremblant.com\/wp-content\/uploads\/2022\/09\/climbing-gf063c6baf_1920.jpg\",\"datePublished\":\"2022-07-25T15:47:39+00:00\",\"dateModified\":\"2025-07-29T15:44:45+00:00\",\"description\":\"Official Mont-Tremblant Mont-Tremblant vous offre des informations sur les activit\u00e9s \u00e0 Tremblant, y compris l'escalade \u00e0 Mont-Tremblant.\",\"breadcrumb\":{\"@id\":\"https:\/\/officialmonttremblant.com\/fr\/activites\/activites-d-ete\/escalade\/#breadcrumb\"},\"inLanguage\":\"fr-FR\",\"potentialAction\":[{\"@type\":\"ReadAction\",\"target\":[\"https:\/\/officialmonttremblant.com\/fr\/activites\/activites-d-ete\/escalade\/\"]}]},{\"@type\":\"ImageObject\",\"inLanguage\":\"fr-FR\",\"@id\":\"https:\/\/officialmonttremblant.com\/fr\/activites\/activites-d-ete\/escalade\/#primaryimage\",\"url\":\"https:\/\/officialmonttremblant.com\/wp-content\/uploads\/2022\/09\/climbing-gf063c6baf_1920.jpg\",\"contentUrl\":\"https:\/\/officialmonttremblant.com\/wp-content\/uploads\/2022\/09\/climbing-gf063c6baf_1920.jpg\",\"width\":1920,\"height\":1054,\"caption\":\"Rock Climbing in Mont-Tremblant\"},{\"@type\":\"BreadcrumbList\",\"@id\":\"https:\/\/officialmonttremblant.com\/fr\/activites\/activites-d-ete\/escalade\/#breadcrumb\",\"itemListElement\":[{\"@type\":\"ListItem\",\"position\":1,\"name\":\"Home\",\"item\":\"https:\/\/officialmonttremblant.com\/fr\/\"},{\"@type\":\"ListItem\",\"position\":2,\"name\":\"Activit\u00e9s\",\"item\":\"https:\/\/officialmonttremblant.com\/fr\/activites\/\"},{\"@type\":\"ListItem\",\"position\":3,\"name\":\"Activit\u00e9s d&#8217;\u00e9t\u00e9\",\"item\":\"https:\/\/officialmonttremblant.com\/fr\/activites\/activites-d-ete\/\"},{\"@type\":\"ListItem\",\"position\":4,\"name\":\"Escalade\"}]},{\"@type\":\"WebSite\",\"@id\":\"https:\/\/officialmonttremblant.com\/fr\/#website\",\"url\":\"https:\/\/officialmonttremblant.com\/fr\/\",\"name\":\"Official Mont Tremblant\",\"description\":\"Vacation &amp; tourist guide in Mont Tremblant\",\"potentialAction\":[{\"@type\":\"SearchAction\",\"target\":{\"@type\":\"EntryPoint\",\"urlTemplate\":\"https:\/\/officialmonttremblant.com\/fr\/?s={search_term_string}\"},\"query-input\":{\"@type\":\"PropertyValueSpecification\",\"valueRequired\":true,\"valueName\":\"search_term_string\"}}],\"inLanguage\":\"fr-FR\"}]}<\/script>\n<!-- \/ Yoast SEO Premium plugin. -->","yoast_head_json":{"title":"Escalade \u00e0 Mont-Tremblant, activit\u00e9s \u00e0 Tremblant","description":"Official Mont-Tremblant Mont-Tremblant vous offre des informations sur les activit\u00e9s \u00e0 Tremblant, y compris l'escalade \u00e0 Mont-Tremblant.","robots":{"index":"index","follow":"follow","max-snippet":"max-snippet:-1","max-image-preview":"max-image-preview:large","max-video-preview":"max-video-preview:-1"},"canonical":"https:\/\/officialmonttremblant.com\/fr\/activites\/activites-d-ete\/escalade\/","og_locale":"fr_FR","og_type":"article","og_title":"Escalade","og_description":"Official Mont-Tremblant Mont-Tremblant vous offre des informations sur les activit\u00e9s \u00e0 Tremblant, y compris l'escalade \u00e0 Mont-Tremblant.","og_url":"https:\/\/officialmonttremblant.com\/fr\/activites\/activites-d-ete\/escalade\/","og_site_name":"Official Mont Tremblant","article_modified_time":"2025-07-29T15:44:45+00:00","og_image":[{"width":1920,"height":1054,"url":"https:\/\/officialmonttremblant.com\/wp-content\/uploads\/2022\/09\/climbing-gf063c6baf_1920.jpg","type":"image\/jpeg"}],"twitter_card":"summary_large_image","twitter_misc":{"Dur\u00e9e de lecture estim\u00e9e":"2 minutes"},"schema":{"@context":"https:\/\/schema.org","@graph":[{"@type":"WebPage","@id":"https:\/\/officialmonttremblant.com\/fr\/activites\/activites-d-ete\/escalade\/","url":"https:\/\/officialmonttremblant.com\/fr\/activites\/activites-d-ete\/escalade\/","name":"Escalade \u00e0 Mont-Tremblant, activit\u00e9s \u00e0 Tremblant","isPartOf":{"@id":"https:\/\/officialmonttremblant.com\/fr\/#website"},"primaryImageOfPage":{"@id":"https:\/\/officialmonttremblant.com\/fr\/activites\/activites-d-ete\/escalade\/#primaryimage"},"image":{"@id":"https:\/\/officialmonttremblant.com\/fr\/activites\/activites-d-ete\/escalade\/#primaryimage"},"thumbnailUrl":"https:\/\/officialmonttremblant.com\/wp-content\/uploads\/2022\/09\/climbing-gf063c6baf_1920.jpg","datePublished":"2022-07-25T15:47:39+00:00","dateModified":"2025-07-29T15:44:45+00:00","description":"Official Mont-Tremblant Mont-Tremblant vous offre des informations sur les activit\u00e9s \u00e0 Tremblant, y compris l'escalade \u00e0 Mont-Tremblant.","breadcrumb":{"@id":"https:\/\/officialmonttremblant.com\/fr\/activites\/activites-d-ete\/escalade\/#breadcrumb"},"inLanguage":"fr-FR","potentialAction":[{"@type":"ReadAction","target":["https:\/\/officialmonttremblant.com\/fr\/activites\/activites-d-ete\/escalade\/"]}]},{"@type":"ImageObject","inLanguage":"fr-FR","@id":"https:\/\/officialmonttremblant.com\/fr\/activites\/activites-d-ete\/escalade\/#primaryimage","url":"https:\/\/officialmonttremblant.com\/wp-content\/uploads\/2022\/09\/climbing-gf063c6baf_1920.jpg","contentUrl":"https:\/\/officialmonttremblant.com\/wp-content\/uploads\/2022\/09\/climbing-gf063c6baf_1920.jpg","width":1920,"height":1054,"caption":"Rock Climbing in Mont-Tremblant"},{"@type":"BreadcrumbList","@id":"https:\/\/officialmonttremblant.com\/fr\/activites\/activites-d-ete\/escalade\/#breadcrumb","itemListElement":[{"@type":"ListItem","position":1,"name":"Home","item":"https:\/\/officialmonttremblant.com\/fr\/"},{"@type":"ListItem","position":2,"name":"Activit\u00e9s","item":"https:\/\/officialmonttremblant.com\/fr\/activites\/"},{"@type":"ListItem","position":3,"name":"Activit\u00e9s d&#8217;\u00e9t\u00e9","item":"https:\/\/officialmonttremblant.com\/fr\/activites\/activites-d-ete\/"},{"@type":"ListItem","position":4,"name":"Escalade"}]},{"@type":"WebSite","@id":"https:\/\/officialmonttremblant.com\/fr\/#website","url":"https:\/\/officialmonttremblant.com\/fr\/","name":"Official Mont Tremblant","description":"Vacation &amp; tourist guide in Mont Tremblant","potentialAction":[{"@type":"SearchAction","target":{"@type":"EntryPoint","urlTemplate":"https:\/\/officialmonttremblant.com\/fr\/?s={search_term_string}"},"query-input":{"@type":"PropertyValueSpecification","valueRequired":true,"valueName":"search_term_string"}}],"inLanguage":"fr-FR"}]}},"jetpack_sharing_enabled":true,"_links":{"self":[{"href":"https:\/\/officialmonttremblant.com\/fr\/wp-json\/wp\/v2\/pages\/24796","targetHints":{"allow":["GET"]}}],"collection":[{"href":"https:\/\/officialmonttremblant.com\/fr\/wp-json\/wp\/v2\/pages"}],"about":[{"href":"https:\/\/officialmonttremblant.com\/fr\/wp-json\/wp\/v2\/types\/page"}],"author":[{"embeddable":true,"href":"https:\/\/officialmonttremblant.com\/fr\/wp-json\/wp\/v2\/users\/1"}],"replies":[{"embeddable":true,"href":"https:\/\/officialmonttremblant.com\/fr\/wp-json\/wp\/v2\/comments?post=24796"}],"version-history":[{"count":4,"href":"https:\/\/officialmonttremblant.com\/fr\/wp-json\/wp\/v2\/pages\/24796\/revisions"}],"predecessor-version":[{"id":26254,"href":"https:\/\/officialmonttremblant.com\/fr\/wp-json\/wp\/v2\/pages\/24796\/revisions\/26254"}],"up":[{"embeddable":true,"href":"https:\/\/officialmonttremblant.com\/fr\/wp-json\/wp\/v2\/pages\/21147"}],"wp:featuredmedia":[{"embeddable":true,"href":"https:\/\/officialmonttremblant.com\/fr\/wp-json\/wp\/v2\/media\/23361"}],"wp:attachment":[{"href":"https:\/\/officialmonttremblant.com\/fr\/wp-json\/wp\/v2\/media?parent=24796"}],"curies":[{"name":"wp","href":"https:\/\/api.w.org\/{rel}","templated":true}]}}