{"id":24801,"date":"2022-09-21T14:37:19","date_gmt":"2022-09-21T18:37:19","guid":{"rendered":"https:\/\/officialmonttremblant.com\/activites\/activites-d-ete\/summer-camps\/"},"modified":"2025-07-29T11:58:30","modified_gmt":"2025-07-29T15:58:30","slug":"camps-d-ete","status":"publish","type":"page","link":"https:\/\/officialmonttremblant.com\/fr\/activites\/activites-d-ete\/camps-d-ete\/","title":{"rendered":"Camps d&rsquo;\u00e9t\u00e9"},"content":{"rendered":"<p>[vc_row][vc_column]<div id=\"ultimate-heading-719969d99f3848c9a\" class=\"uvc-heading ult-adjust-bottom-margin ultimate-heading-719969d99f3848c9a uvc-699  uvc-heading-default-font-sizes\" data-hspacer=\"no_spacer\"  data-halign=\"left\" style=\"text-align:left\"><div class=\"uvc-heading-spacer no_spacer\" style=\"top\"><\/div><div class=\"uvc-main-heading ult-responsive\"  data-ultimate-target='.uvc-heading.ultimate-heading-719969d99f3848c9a h2'  data-responsive-json-new='{\"font-size\":\"\",\"line-height\":\"\"}' ><h2 style=\"--font-weight:theme;\">Camps d'\u00e9t\u00e9 \u00e0 Mont-Tremblant<\/h2><\/div><div class=\"uvc-sub-heading ult-responsive\"  data-ultimate-target='.uvc-heading.ultimate-heading-719969d99f3848c9a .uvc-sub-heading '  data-responsive-json-new='{\"font-size\":\"\",\"line-height\":\"\"}'  style=\"font-weight:normal;\"><\/p>\n<p style=\"text-align: left;\">Official Mont-Tremblant vous donne plus d&rsquo;informations sur les activit\u00e9s d&rsquo;\u00e9t\u00e9 \u00e0 Mont Tremblant, y compris les camps d&rsquo;\u00e9t\u00e9 de Mont Tremblant.\u00a0Les camps d&rsquo;\u00e9t\u00e9 de Mont Tremblant comprennent des programmes de jour et de nuit pour les gar\u00e7ons et les filles \u00e2g\u00e9s de quatre \u00e0 seize ans. La campagne laurentienne offre un cadre id\u00e9al pour toutes les activit\u00e9s traditionnelles des camps d&rsquo;\u00e9t\u00e9, notamment le cano\u00eb, le rafting en eau vive, le kayak, le camping, la voile, la natation et, bien s\u00fbr, l&rsquo;artisanat.<\/p>\n<p style=\"text-align: left;\">En plus des nombreuses activit\u00e9s terrestres et aquatiques, les camps d&rsquo;\u00e9t\u00e9 de Mont Tremblant sont une excellente occasion pour les enfants multilingues de pratiquer leur deuxi\u00e8me langue, le fran\u00e7ais ou l&rsquo;anglais.\u00a0Vous trouverez ci-dessous une liste de quelques-uns des camps les mieux not\u00e9s de Mont-Tremblant, qui proposent toutes sortes d&rsquo;activit\u00e9s, des sports nautiques aux activit\u00e9s terrestres traditionnelles.<\/p>\n<p><\/div><\/div>[\/vc_column][\/vc_row][vc_row][vc_column][vc_empty_space height=\u00a0\u00bb60px\u00a0\u00bb][\/vc_column][\/vc_row][vc_row][vc_column width=\u00a0\u00bb1\/2&Prime;][vc_column_text]<\/p>\n<h3 class=\"vc_custom_heading vc_custom_1569330360702\" style=\"text-align: center;\">Base de Plein Air Mont-Tremblant<\/h3>\n<div class=\"wpb_text_column wpb_content_element vc_custom_1569333814606\">\n<div class=\"wpb_wrapper\">\n<p style=\"text-align: center;\">3595 Rue L\u00e9onard, Mont-Tremblant, QC J8E 2A5<br \/>\n1 514 448-4608<br \/>\n<a href=\"mailto:info@ekocamp.com\">info@ekocamp.com<\/a><br \/>\n<a href=\"http:\/\/ekocamp.com\/\">ekocamp.com<\/a><\/p>\n<p style=\"text-align: center;\">Age: 11 \u00e0 16,\u00a0Filles et gar\u00e7ons,\u00a0\u00e0 partir de $1080 CAD\/semaine<\/p>\n<\/div>\n<\/div>\n<p>[\/vc_column_text][\/vc_column][vc_column width=\u00a0\u00bb1\/2&Prime;][vc_column_text]<\/p>\n<h3 class=\"vc_custom_heading\" style=\"text-align: center;\">Camp Kinneret-Biluim<\/h3>\n<div class=\"wpb_text_column wpb_content_element vc_custom_1569332621734\">\n<div class=\"wpb_wrapper\">\n<p style=\"text-align: center;\">184 Rue Harrisson, Mont-Tremblant, QC J8E 1M8<br \/>\n1 819-425-3332<br \/>\n<a href=\"mailto:guy@ckb.ca\">guy@ckb.ca<\/a><br \/>\n<a href=\"http:\/\/ckb.ca\/\">ckb.ca<\/a><\/p>\n<p style=\"text-align: center;\">Age: de 7 \u00e0 15,\u00a0Filles et gar\u00e7ons,\u00a0\u00e0 partir de $2880 CAD\/16 jours<\/p>\n<\/div>\n<\/div>\n<p>[\/vc_column_text][\/vc_column][\/vc_row][vc_row][vc_column][vc_empty_space height=\u00a0\u00bb60px\u00a0\u00bb][\/vc_column][\/vc_row][vc_row][vc_column width=\u00a0\u00bb1\/2&Prime;][vc_column_text]<\/p>\n<h3 class=\"vc_custom_heading vc_custom_1569333543750\" style=\"text-align: center;\">Camp Nominingue<\/h3>\n<div class=\"wpb_text_column wpb_content_element vc_custom_1569333470801\">\n<div class=\"wpb_wrapper\">\n<p style=\"text-align: center;\">1889 Ch. Des Mesanges, Nominingue, QC J0W 1R0<br \/>\n1 819-278-3383<br \/>\n<a href=\"mailto:info@nominingue.com\">info@nominingue.com<\/a><br \/>\n<a href=\"http:\/\/nominingue.com\/\">nominingue.com<\/a><\/p>\n<p style=\"text-align: center;\">Age: de 7 \u00e0 16<br \/>\nGar\u00e7ons<br \/>\n\u00e0 partir de $1402 CAD\/8 jours<\/p>\n<\/div>\n<\/div>\n<p>[\/vc_column_text][\/vc_column][vc_column width=\u00a0\u00bb1\/2&Prime;][vc_column_text]<\/p>\n<h3 class=\"vc_custom_heading vc_custom_1569334372422\" style=\"text-align: center;\">Centre Nautique Day Camp<\/h3>\n<div class=\"wpb_text_column wpb_content_element vc_custom_1569334569961\">\n<div class=\"wpb_wrapper\">\n<p style=\"text-align: center;\">2900, Ch. du Village, Mont-Tremblant, QC J8E 1E9<br \/>\n1 819-681-4634<br \/>\n<a href=\"mailto:info@tremblantnautique.com\">info@tremblantnautique.com<\/a><br \/>\n<a href=\"http:\/\/tremblantnautique.com\/\">tremblantnautique.com<\/a><\/p>\n<p style=\"text-align: center;\">Age: de 7 \u00e0 15,\u00a0Filles et gar\u00e7ons,\u00a0\u00e0 partir de $77 CAD\/par demi-journ\u00e9e<\/p>\n<\/div>\n<\/div>\n<p>[\/vc_column_text][\/vc_column][\/vc_row][vc_row][vc_column][vc_empty_space height=\u00a0\u00bb60px\u00a0\u00bb][\/vc_column][\/vc_row][vc_row][vc_column][vc_single_image image=\u00a0\u00bb26286&Prime; img_size=\u00a0\u00bb800&#215;600&Prime; alignment=\u00a0\u00bbcenter\u00a0\u00bb][\/vc_column][\/vc_row]<\/p>\n","protected":false},"excerpt":{"rendered":"<p>[vc_row][vc_column][\/vc_column][\/vc_row][vc_row][vc_column][vc_empty_space height=\u00a0\u00bb60px\u00a0\u00bb][\/vc_column][\/vc_row][vc_row][vc_column width=\u00a0\u00bb1\/2&Prime;][vc_column_text] Base de Plein Air Mont-Tremblant 3595 Rue L\u00e9onard, Mont-Tremblant, QC J8E 2A5 1 514 448-4608 info@ekocamp.com ekocamp.com Age: 11 \u00e0 16,\u00a0Filles et gar\u00e7ons,\u00a0\u00e0 partir de $1080 CAD\/semaine [\/vc_column_text][\/vc_column][vc_column width=\u00a0\u00bb1\/2&Prime;][vc_column_text] Camp Kinneret-Biluim 184 Rue Harrisson, Mont-Tremblant, QC J8E 1M8 1 819-425-3332 guy@ckb.ca ckb.ca Age: de 7 \u00e0 15,\u00a0Filles et gar\u00e7ons,\u00a0\u00e0 partir de $2880&hellip;<\/p>\n","protected":false},"author":5,"featured_media":23451,"parent":21147,"menu_order":0,"comment_status":"closed","ping_status":"closed","template":"","meta":{"footnotes":""},"class_list":["post-24801","page","type-page","status-publish","has-post-thumbnail","hentry","description-off"],"yoast_head":"<!-- This site is optimized with the Yoast SEO Premium plugin v26.5 (Yoast SEO v26.5) - https:\/\/yoast.com\/wordpress\/plugins\/seo\/ -->\n<title>Camps d&#039;\u00e9t\u00e9 \u00e0 Mont-Tremblant, activit\u00e9s d&#039;\u00e9t\u00e9 \u00e0 Mont-Tremblant<\/title>\n<meta name=\"description\" content=\"Official Mont-Tremblant vous donne plus d&#039;informations sur les activit\u00e9s d&#039;\u00e9t\u00e9 \u00e0 Mont Tremblant, y compris les camps d&#039;\u00e9t\u00e9 de Mont Tremblant.\u00a0\" \/>\n<meta name=\"robots\" content=\"index, follow, max-snippet:-1, max-image-preview:large, max-video-preview:-1\" \/>\n<link rel=\"canonical\" href=\"https:\/\/officialmonttremblant.com\/fr\/activites\/activites-d-ete\/camps-d-ete\/\" \/>\n<meta property=\"og:locale\" content=\"fr_FR\" \/>\n<meta property=\"og:type\" content=\"article\" \/>\n<meta property=\"og:title\" content=\"Camps d&#039;\u00e9t\u00e9\" \/>\n<meta property=\"og:description\" content=\"Official Mont-Tremblant vous donne plus d&#039;informations sur les activit\u00e9s d&#039;\u00e9t\u00e9 \u00e0 Mont Tremblant, y compris les camps d&#039;\u00e9t\u00e9 de Mont Tremblant.\u00a0\" \/>\n<meta property=\"og:url\" content=\"https:\/\/officialmonttremblant.com\/fr\/activites\/activites-d-ete\/camps-d-ete\/\" \/>\n<meta property=\"og:site_name\" content=\"Official Mont Tremblant\" \/>\n<meta property=\"article:modified_time\" content=\"2025-07-29T15:58:30+00:00\" \/>\n<meta property=\"og:image\" content=\"https:\/\/officialmonttremblant.com\/wp-content\/uploads\/2022\/09\/Summer-camps.jpeg\" \/>\n\t<meta property=\"og:image:width\" content=\"800\" \/>\n\t<meta property=\"og:image:height\" content=\"531\" \/>\n\t<meta property=\"og:image:type\" content=\"image\/jpeg\" \/>\n<meta name=\"twitter:card\" content=\"summary_large_image\" \/>\n<meta name=\"twitter:label1\" content=\"Dur\u00e9e de lecture estim\u00e9e\" \/>\n\t<meta name=\"twitter:data1\" content=\"2 minutes\" \/>\n<script type=\"application\/ld+json\" class=\"yoast-schema-graph\">{\"@context\":\"https:\/\/schema.org\",\"@graph\":[{\"@type\":\"WebPage\",\"@id\":\"https:\/\/officialmonttremblant.com\/fr\/activites\/activites-d-ete\/camps-d-ete\/\",\"url\":\"https:\/\/officialmonttremblant.com\/fr\/activites\/activites-d-ete\/camps-d-ete\/\",\"name\":\"Camps d'\u00e9t\u00e9 \u00e0 Mont-Tremblant, activit\u00e9s d'\u00e9t\u00e9 \u00e0 Mont-Tremblant\",\"isPartOf\":{\"@id\":\"https:\/\/officialmonttremblant.com\/fr\/#website\"},\"primaryImageOfPage\":{\"@id\":\"https:\/\/officialmonttremblant.com\/fr\/activites\/activites-d-ete\/camps-d-ete\/#primaryimage\"},\"image\":{\"@id\":\"https:\/\/officialmonttremblant.com\/fr\/activites\/activites-d-ete\/camps-d-ete\/#primaryimage\"},\"thumbnailUrl\":\"https:\/\/officialmonttremblant.com\/wp-content\/uploads\/2022\/09\/Summer-camps.jpeg\",\"datePublished\":\"2022-09-21T18:37:19+00:00\",\"dateModified\":\"2025-07-29T15:58:30+00:00\",\"description\":\"Official Mont-Tremblant vous donne plus d'informations sur les activit\u00e9s d'\u00e9t\u00e9 \u00e0 Mont Tremblant, y compris les camps d'\u00e9t\u00e9 de Mont Tremblant.\u00a0\",\"breadcrumb\":{\"@id\":\"https:\/\/officialmonttremblant.com\/fr\/activites\/activites-d-ete\/camps-d-ete\/#breadcrumb\"},\"inLanguage\":\"fr-FR\",\"potentialAction\":[{\"@type\":\"ReadAction\",\"target\":[\"https:\/\/officialmonttremblant.com\/fr\/activites\/activites-d-ete\/camps-d-ete\/\"]}]},{\"@type\":\"ImageObject\",\"inLanguage\":\"fr-FR\",\"@id\":\"https:\/\/officialmonttremblant.com\/fr\/activites\/activites-d-ete\/camps-d-ete\/#primaryimage\",\"url\":\"https:\/\/officialmonttremblant.com\/wp-content\/uploads\/2022\/09\/Summer-camps.jpeg\",\"contentUrl\":\"https:\/\/officialmonttremblant.com\/wp-content\/uploads\/2022\/09\/Summer-camps.jpeg\",\"width\":800,\"height\":531,\"caption\":\"Mont-Tremblant summer camps\"},{\"@type\":\"BreadcrumbList\",\"@id\":\"https:\/\/officialmonttremblant.com\/fr\/activites\/activites-d-ete\/camps-d-ete\/#breadcrumb\",\"itemListElement\":[{\"@type\":\"ListItem\",\"position\":1,\"name\":\"Home\",\"item\":\"https:\/\/officialmonttremblant.com\/fr\/\"},{\"@type\":\"ListItem\",\"position\":2,\"name\":\"Activit\u00e9s\",\"item\":\"https:\/\/officialmonttremblant.com\/fr\/activites\/\"},{\"@type\":\"ListItem\",\"position\":3,\"name\":\"Activit\u00e9s d&#8217;\u00e9t\u00e9\",\"item\":\"https:\/\/officialmonttremblant.com\/fr\/activites\/activites-d-ete\/\"},{\"@type\":\"ListItem\",\"position\":4,\"name\":\"Camps d&#8217;\u00e9t\u00e9\"}]},{\"@type\":\"WebSite\",\"@id\":\"https:\/\/officialmonttremblant.com\/fr\/#website\",\"url\":\"https:\/\/officialmonttremblant.com\/fr\/\",\"name\":\"Official Mont Tremblant\",\"description\":\"Vacation &amp; tourist guide in Mont Tremblant\",\"potentialAction\":[{\"@type\":\"SearchAction\",\"target\":{\"@type\":\"EntryPoint\",\"urlTemplate\":\"https:\/\/officialmonttremblant.com\/fr\/?s={search_term_string}\"},\"query-input\":{\"@type\":\"PropertyValueSpecification\",\"valueRequired\":true,\"valueName\":\"search_term_string\"}}],\"inLanguage\":\"fr-FR\"}]}<\/script>\n<!-- \/ Yoast SEO Premium plugin. -->","yoast_head_json":{"title":"Camps d'\u00e9t\u00e9 \u00e0 Mont-Tremblant, activit\u00e9s d'\u00e9t\u00e9 \u00e0 Mont-Tremblant","description":"Official Mont-Tremblant vous donne plus d'informations sur les activit\u00e9s d'\u00e9t\u00e9 \u00e0 Mont Tremblant, y compris les camps d'\u00e9t\u00e9 de Mont Tremblant.\u00a0","robots":{"index":"index","follow":"follow","max-snippet":"max-snippet:-1","max-image-preview":"max-image-preview:large","max-video-preview":"max-video-preview:-1"},"canonical":"https:\/\/officialmonttremblant.com\/fr\/activites\/activites-d-ete\/camps-d-ete\/","og_locale":"fr_FR","og_type":"article","og_title":"Camps d'\u00e9t\u00e9","og_description":"Official Mont-Tremblant vous donne plus d'informations sur les activit\u00e9s d'\u00e9t\u00e9 \u00e0 Mont Tremblant, y compris les camps d'\u00e9t\u00e9 de Mont Tremblant.\u00a0","og_url":"https:\/\/officialmonttremblant.com\/fr\/activites\/activites-d-ete\/camps-d-ete\/","og_site_name":"Official Mont Tremblant","article_modified_time":"2025-07-29T15:58:30+00:00","og_image":[{"width":800,"height":531,"url":"https:\/\/officialmonttremblant.com\/wp-content\/uploads\/2022\/09\/Summer-camps.jpeg","type":"image\/jpeg"}],"twitter_card":"summary_large_image","twitter_misc":{"Dur\u00e9e de lecture estim\u00e9e":"2 minutes"},"schema":{"@context":"https:\/\/schema.org","@graph":[{"@type":"WebPage","@id":"https:\/\/officialmonttremblant.com\/fr\/activites\/activites-d-ete\/camps-d-ete\/","url":"https:\/\/officialmonttremblant.com\/fr\/activites\/activites-d-ete\/camps-d-ete\/","name":"Camps d'\u00e9t\u00e9 \u00e0 Mont-Tremblant, activit\u00e9s d'\u00e9t\u00e9 \u00e0 Mont-Tremblant","isPartOf":{"@id":"https:\/\/officialmonttremblant.com\/fr\/#website"},"primaryImageOfPage":{"@id":"https:\/\/officialmonttremblant.com\/fr\/activites\/activites-d-ete\/camps-d-ete\/#primaryimage"},"image":{"@id":"https:\/\/officialmonttremblant.com\/fr\/activites\/activites-d-ete\/camps-d-ete\/#primaryimage"},"thumbnailUrl":"https:\/\/officialmonttremblant.com\/wp-content\/uploads\/2022\/09\/Summer-camps.jpeg","datePublished":"2022-09-21T18:37:19+00:00","dateModified":"2025-07-29T15:58:30+00:00","description":"Official Mont-Tremblant vous donne plus d'informations sur les activit\u00e9s d'\u00e9t\u00e9 \u00e0 Mont Tremblant, y compris les camps d'\u00e9t\u00e9 de Mont Tremblant.\u00a0","breadcrumb":{"@id":"https:\/\/officialmonttremblant.com\/fr\/activites\/activites-d-ete\/camps-d-ete\/#breadcrumb"},"inLanguage":"fr-FR","potentialAction":[{"@type":"ReadAction","target":["https:\/\/officialmonttremblant.com\/fr\/activites\/activites-d-ete\/camps-d-ete\/"]}]},{"@type":"ImageObject","inLanguage":"fr-FR","@id":"https:\/\/officialmonttremblant.com\/fr\/activites\/activites-d-ete\/camps-d-ete\/#primaryimage","url":"https:\/\/officialmonttremblant.com\/wp-content\/uploads\/2022\/09\/Summer-camps.jpeg","contentUrl":"https:\/\/officialmonttremblant.com\/wp-content\/uploads\/2022\/09\/Summer-camps.jpeg","width":800,"height":531,"caption":"Mont-Tremblant summer camps"},{"@type":"BreadcrumbList","@id":"https:\/\/officialmonttremblant.com\/fr\/activites\/activites-d-ete\/camps-d-ete\/#breadcrumb","itemListElement":[{"@type":"ListItem","position":1,"name":"Home","item":"https:\/\/officialmonttremblant.com\/fr\/"},{"@type":"ListItem","position":2,"name":"Activit\u00e9s","item":"https:\/\/officialmonttremblant.com\/fr\/activites\/"},{"@type":"ListItem","position":3,"name":"Activit\u00e9s d&#8217;\u00e9t\u00e9","item":"https:\/\/officialmonttremblant.com\/fr\/activites\/activites-d-ete\/"},{"@type":"ListItem","position":4,"name":"Camps d&#8217;\u00e9t\u00e9"}]},{"@type":"WebSite","@id":"https:\/\/officialmonttremblant.com\/fr\/#website","url":"https:\/\/officialmonttremblant.com\/fr\/","name":"Official Mont Tremblant","description":"Vacation &amp; tourist guide in Mont Tremblant","potentialAction":[{"@type":"SearchAction","target":{"@type":"EntryPoint","urlTemplate":"https:\/\/officialmonttremblant.com\/fr\/?s={search_term_string}"},"query-input":{"@type":"PropertyValueSpecification","valueRequired":true,"valueName":"search_term_string"}}],"inLanguage":"fr-FR"}]}},"jetpack_sharing_enabled":true,"_links":{"self":[{"href":"https:\/\/officialmonttremblant.com\/fr\/wp-json\/wp\/v2\/pages\/24801","targetHints":{"allow":["GET"]}}],"collection":[{"href":"https:\/\/officialmonttremblant.com\/fr\/wp-json\/wp\/v2\/pages"}],"about":[{"href":"https:\/\/officialmonttremblant.com\/fr\/wp-json\/wp\/v2\/types\/page"}],"author":[{"embeddable":true,"href":"https:\/\/officialmonttremblant.com\/fr\/wp-json\/wp\/v2\/users\/5"}],"replies":[{"embeddable":true,"href":"https:\/\/officialmonttremblant.com\/fr\/wp-json\/wp\/v2\/comments?post=24801"}],"version-history":[{"count":7,"href":"https:\/\/officialmonttremblant.com\/fr\/wp-json\/wp\/v2\/pages\/24801\/revisions"}],"predecessor-version":[{"id":26321,"href":"https:\/\/officialmonttremblant.com\/fr\/wp-json\/wp\/v2\/pages\/24801\/revisions\/26321"}],"up":[{"embeddable":true,"href":"https:\/\/officialmonttremblant.com\/fr\/wp-json\/wp\/v2\/pages\/21147"}],"wp:featuredmedia":[{"embeddable":true,"href":"https:\/\/officialmonttremblant.com\/fr\/wp-json\/wp\/v2\/media\/23451"}],"wp:attachment":[{"href":"https:\/\/officialmonttremblant.com\/fr\/wp-json\/wp\/v2\/media?parent=24801"}],"curies":[{"name":"wp","href":"https:\/\/api.w.org\/{rel}","templated":true}]}}