{"id":24805,"date":"2022-07-25T11:48:48","date_gmt":"2022-07-25T15:48:48","guid":{"rendered":"https:\/\/officialmonttremblant.com\/activites\/activites-d-ete\/tennis\/"},"modified":"2025-07-29T11:58:35","modified_gmt":"2025-07-29T15:58:35","slug":"tennis","status":"publish","type":"page","link":"https:\/\/officialmonttremblant.com\/fr\/activites\/activites-d-ete\/tennis\/","title":{"rendered":"Tennis"},"content":{"rendered":"<p>[vc_row][vc_column]<div id=\"ultimate-heading-102469da9c269f5b2\" class=\"uvc-heading ult-adjust-bottom-margin ultimate-heading-102469da9c269f5b2 uvc-4182  uvc-heading-default-font-sizes\" data-hspacer=\"no_spacer\"  data-halign=\"left\" style=\"text-align:left\"><div class=\"uvc-heading-spacer no_spacer\" style=\"top\"><\/div><div class=\"uvc-main-heading ult-responsive\"  data-ultimate-target='.uvc-heading.ultimate-heading-102469da9c269f5b2 h2'  data-responsive-json-new='{\"font-size\":\"\",\"line-height\":\"\"}' ><h2 style=\"--font-weight:theme;\">Tennis \u00e0 Mont-Tremblant<\/h2><\/div><div class=\"uvc-sub-heading ult-responsive\"  data-ultimate-target='.uvc-heading.ultimate-heading-102469da9c269f5b2 .uvc-sub-heading '  data-responsive-json-new='{\"font-size\":\"\",\"line-height\":\"\"}'  style=\"font-weight:normal;\"><\/p>\n<p style=\"text-align: left;\"><span style=\"font-weight: 400;\">Official Mont Tremblant vous offre plus d&rsquo;informations sur les activit\u00e9s d&rsquo;\u00e9t\u00e9 \u00e0 Mont-Tremblant incluant le tennis \u00e0 Mont-Tremblant.<\/span><\/p>\n<p style=\"text-align: left;\"><strong>Terrains de tennis \u00e0 Mont-Tremblant<\/strong><\/p>\n<p style=\"text-align: left;\"><span style=\"font-weight: 400;\">Le tennis est\u00a0 extr\u00eamement populaire au Canada , et \u00e0 Mont Tremblant en particulier.En vacances, c\u2019est une activit\u00e9 particuli\u00e8rement appr\u00e9ci\u00e9e.\u00a0 Ainsi, r\u00e9server un court peut \u00eatre parfois difficile . \u00a0<\/span><span style=\"font-weight: 400;\">Si vous recherchez une surface en terre battue ou en quick\u00a0 pour d\u00e9fier votre partenaire ou jouer en double, il existe de nombreux terrains. Depuis la place de la ville, vous pouvez vous aventurer jusqu&rsquo;au <\/span><a href=\"https:\/\/tennistremblant.com\/en\/\"><span style=\"font-weight: 400;\">du club de tennis <\/span><\/a><span style=\"font-weight: 400;\">et beachclub et jouer au bord de l&rsquo;eau. Il y a aussi l&rsquo;Acad\u00e9mie Internationale de Tennis d&rsquo;Andr\u00e9 Lemaire, qui propose\u00a0 des cours particuliers ou des stages pour les groupes d&rsquo;enfants ou d&rsquo;adultes.<\/span><\/p>\n<p style=\"text-align: left;\"><span style=\"font-weight: 400;\">Les resorts ou hotels peuvent \u00e9galement louer leurs terrains de tennis, m\u00eame si vous n\u2019y s\u00e9journez pas. \u00a0 <\/span><a href=\"https:\/\/belairtremblant.com\/\"><span style=\"font-weight: 400;\">Bel Air Resort<\/span><\/a><span style=\"font-weight: 400;\">\u00a0 en fait partie et propose en plus du tennis , de nombreuses activit\u00e9s \u00e0 Tremblant \u00e0 faire p\u00e2lir la concurrence. Que ce soit une ferme d&rsquo;animaux, un restaurant 4 \u00e9toiles, un parcours de tyroliennes, un terrain de basket, une piscine\u00a0 ou un spa de jour complet\u2026; ils ont tout et biens\u00fbr\u00a0 des\u00a0 terrains d\u2019excellente qualit\u00e9. N\u2019h\u00e9sitez pas \u00e0 les appeler vraiment une exp\u00e9rience de classe internationale jamais vue dans les autres resorts de la r\u00e9gion.<\/span><\/p>\n<p style=\"text-align: left;\"><strong>Tournois de tennis \u00e0 Mont Tremblant<\/strong><\/p>\n<p style=\"text-align: left;\"><span style=\"font-weight: 400;\">Mont Tremblant accueille de nombreux tournois de tennis de niveau international, comme la Coupe ITF Mont Tremblant. <\/span><span style=\"font-weight: 400;\">Des centaines de joueurs de plusieurs pays participent chaque \u00e9t\u00e9 \u00e0 cette prestigieuse comp\u00e9tition.\u00a0<\/span><span style=\"font-weight: 400;\">Pour une liste compl\u00e8te des tournois de tennis organis\u00e9s \u00e0 Mont Tremblant consultez cette page :\u00a0<\/span><a href=\"https:\/\/tennistremblant.com\/en\/category\/tournament\/\"><span style=\"font-weight: 400;\">https:\/\/tennistremblant.com\/fr\/category\/tournament\/<\/span><\/a><\/p>\n<p><\/div><\/div>[\/vc_column][\/vc_row][vc_row][vc_column][vc_empty_space height=\u00a0\u00bb60px\u00a0\u00bb][\/vc_column][\/vc_row][vc_row][vc_column][vc_single_image image=\u00a0\u00bb17843&Prime; img_size=\u00a0\u00bb600&#215;400&Prime; alignment=\u00a0\u00bbcenter\u00a0\u00bb][\/vc_column][\/vc_row]<\/p>\n","protected":false},"excerpt":{"rendered":"<p>[vc_row][vc_column][\/vc_column][\/vc_row][vc_row][vc_column][vc_empty_space height=\u00a0\u00bb60px\u00a0\u00bb][\/vc_column][\/vc_row][vc_row][vc_column][vc_single_image image=\u00a0\u00bb17843&Prime; img_size=\u00a0\u00bb600&#215;400&Prime; alignment=\u00a0\u00bbcenter\u00a0\u00bb][\/vc_column][\/vc_row]<\/p>\n","protected":false},"author":1,"featured_media":17844,"parent":21147,"menu_order":0,"comment_status":"closed","ping_status":"closed","template":"","meta":{"footnotes":""},"class_list":["post-24805","page","type-page","status-publish","has-post-thumbnail","hentry","description-off"],"yoast_head":"<!-- This site is optimized with the Yoast SEO Premium plugin v26.5 (Yoast SEO v26.5) - https:\/\/yoast.com\/wordpress\/plugins\/seo\/ -->\n<title>tennis \u00e0 Mont-Tremblant, activit\u00e9s d&#039;\u00e9t\u00e9 \u00e0 Mont-Tremblant<\/title>\n<meta name=\"description\" content=\"Official Mont Tremblant vous offre plus d&#039;informations sur les activit\u00e9s d&#039;\u00e9t\u00e9 \u00e0 Mont-Tremblant incluant le tennis \u00e0 Mont-Tremblant.\" \/>\n<meta name=\"robots\" content=\"index, follow, max-snippet:-1, max-image-preview:large, max-video-preview:-1\" \/>\n<link rel=\"canonical\" href=\"https:\/\/officialmonttremblant.com\/fr\/activites\/activites-d-ete\/tennis\/\" \/>\n<meta property=\"og:locale\" content=\"fr_FR\" \/>\n<meta property=\"og:type\" content=\"article\" \/>\n<meta property=\"og:title\" content=\"Tennis\" \/>\n<meta property=\"og:description\" content=\"Official Mont Tremblant vous offre plus d&#039;informations sur les activit\u00e9s d&#039;\u00e9t\u00e9 \u00e0 Mont-Tremblant incluant le tennis \u00e0 Mont-Tremblant.\" \/>\n<meta property=\"og:url\" content=\"https:\/\/officialmonttremblant.com\/fr\/activites\/activites-d-ete\/tennis\/\" \/>\n<meta property=\"og:site_name\" content=\"Official Mont Tremblant\" \/>\n<meta property=\"article:modified_time\" content=\"2025-07-29T15:58:35+00:00\" \/>\n<meta property=\"og:image\" content=\"https:\/\/officialmonttremblant.com\/wp-content\/uploads\/2022\/08\/6-tennis.jpg\" \/>\n\t<meta property=\"og:image:width\" content=\"2421\" \/>\n\t<meta property=\"og:image:height\" content=\"1647\" \/>\n\t<meta property=\"og:image:type\" content=\"image\/jpeg\" \/>\n<meta name=\"twitter:card\" content=\"summary_large_image\" \/>\n<meta name=\"twitter:label1\" content=\"Dur\u00e9e de lecture estim\u00e9e\" \/>\n\t<meta name=\"twitter:data1\" content=\"2 minutes\" \/>\n<script type=\"application\/ld+json\" class=\"yoast-schema-graph\">{\"@context\":\"https:\/\/schema.org\",\"@graph\":[{\"@type\":\"WebPage\",\"@id\":\"https:\/\/officialmonttremblant.com\/fr\/activites\/activites-d-ete\/tennis\/\",\"url\":\"https:\/\/officialmonttremblant.com\/fr\/activites\/activites-d-ete\/tennis\/\",\"name\":\"tennis \u00e0 Mont-Tremblant, activit\u00e9s d'\u00e9t\u00e9 \u00e0 Mont-Tremblant\",\"isPartOf\":{\"@id\":\"https:\/\/officialmonttremblant.com\/fr\/#website\"},\"primaryImageOfPage\":{\"@id\":\"https:\/\/officialmonttremblant.com\/fr\/activites\/activites-d-ete\/tennis\/#primaryimage\"},\"image\":{\"@id\":\"https:\/\/officialmonttremblant.com\/fr\/activites\/activites-d-ete\/tennis\/#primaryimage\"},\"thumbnailUrl\":\"https:\/\/officialmonttremblant.com\/wp-content\/uploads\/2022\/08\/6-tennis.jpg\",\"datePublished\":\"2022-07-25T15:48:48+00:00\",\"dateModified\":\"2025-07-29T15:58:35+00:00\",\"description\":\"Official Mont Tremblant vous offre plus d'informations sur les activit\u00e9s d'\u00e9t\u00e9 \u00e0 Mont-Tremblant incluant le tennis \u00e0 Mont-Tremblant.\",\"breadcrumb\":{\"@id\":\"https:\/\/officialmonttremblant.com\/fr\/activites\/activites-d-ete\/tennis\/#breadcrumb\"},\"inLanguage\":\"fr-FR\",\"potentialAction\":[{\"@type\":\"ReadAction\",\"target\":[\"https:\/\/officialmonttremblant.com\/fr\/activites\/activites-d-ete\/tennis\/\"]}]},{\"@type\":\"ImageObject\",\"inLanguage\":\"fr-FR\",\"@id\":\"https:\/\/officialmonttremblant.com\/fr\/activites\/activites-d-ete\/tennis\/#primaryimage\",\"url\":\"https:\/\/officialmonttremblant.com\/wp-content\/uploads\/2022\/08\/6-tennis.jpg\",\"contentUrl\":\"https:\/\/officialmonttremblant.com\/wp-content\/uploads\/2022\/08\/6-tennis.jpg\",\"width\":2421,\"height\":1647,\"caption\":\"Bel Air Tremblant\"},{\"@type\":\"BreadcrumbList\",\"@id\":\"https:\/\/officialmonttremblant.com\/fr\/activites\/activites-d-ete\/tennis\/#breadcrumb\",\"itemListElement\":[{\"@type\":\"ListItem\",\"position\":1,\"name\":\"Home\",\"item\":\"https:\/\/officialmonttremblant.com\/fr\/\"},{\"@type\":\"ListItem\",\"position\":2,\"name\":\"Activit\u00e9s\",\"item\":\"https:\/\/officialmonttremblant.com\/fr\/activites\/\"},{\"@type\":\"ListItem\",\"position\":3,\"name\":\"Activit\u00e9s d&#8217;\u00e9t\u00e9\",\"item\":\"https:\/\/officialmonttremblant.com\/fr\/activites\/activites-d-ete\/\"},{\"@type\":\"ListItem\",\"position\":4,\"name\":\"Tennis\"}]},{\"@type\":\"WebSite\",\"@id\":\"https:\/\/officialmonttremblant.com\/fr\/#website\",\"url\":\"https:\/\/officialmonttremblant.com\/fr\/\",\"name\":\"Official Mont Tremblant\",\"description\":\"Vacation &amp; tourist guide in Mont Tremblant\",\"potentialAction\":[{\"@type\":\"SearchAction\",\"target\":{\"@type\":\"EntryPoint\",\"urlTemplate\":\"https:\/\/officialmonttremblant.com\/fr\/?s={search_term_string}\"},\"query-input\":{\"@type\":\"PropertyValueSpecification\",\"valueRequired\":true,\"valueName\":\"search_term_string\"}}],\"inLanguage\":\"fr-FR\"}]}<\/script>\n<!-- \/ Yoast SEO Premium plugin. -->","yoast_head_json":{"title":"tennis \u00e0 Mont-Tremblant, activit\u00e9s d'\u00e9t\u00e9 \u00e0 Mont-Tremblant","description":"Official Mont Tremblant vous offre plus d'informations sur les activit\u00e9s d'\u00e9t\u00e9 \u00e0 Mont-Tremblant incluant le tennis \u00e0 Mont-Tremblant.","robots":{"index":"index","follow":"follow","max-snippet":"max-snippet:-1","max-image-preview":"max-image-preview:large","max-video-preview":"max-video-preview:-1"},"canonical":"https:\/\/officialmonttremblant.com\/fr\/activites\/activites-d-ete\/tennis\/","og_locale":"fr_FR","og_type":"article","og_title":"Tennis","og_description":"Official Mont Tremblant vous offre plus d'informations sur les activit\u00e9s d'\u00e9t\u00e9 \u00e0 Mont-Tremblant incluant le tennis \u00e0 Mont-Tremblant.","og_url":"https:\/\/officialmonttremblant.com\/fr\/activites\/activites-d-ete\/tennis\/","og_site_name":"Official Mont Tremblant","article_modified_time":"2025-07-29T15:58:35+00:00","og_image":[{"width":2421,"height":1647,"url":"https:\/\/officialmonttremblant.com\/wp-content\/uploads\/2022\/08\/6-tennis.jpg","type":"image\/jpeg"}],"twitter_card":"summary_large_image","twitter_misc":{"Dur\u00e9e de lecture estim\u00e9e":"2 minutes"},"schema":{"@context":"https:\/\/schema.org","@graph":[{"@type":"WebPage","@id":"https:\/\/officialmonttremblant.com\/fr\/activites\/activites-d-ete\/tennis\/","url":"https:\/\/officialmonttremblant.com\/fr\/activites\/activites-d-ete\/tennis\/","name":"tennis \u00e0 Mont-Tremblant, activit\u00e9s d'\u00e9t\u00e9 \u00e0 Mont-Tremblant","isPartOf":{"@id":"https:\/\/officialmonttremblant.com\/fr\/#website"},"primaryImageOfPage":{"@id":"https:\/\/officialmonttremblant.com\/fr\/activites\/activites-d-ete\/tennis\/#primaryimage"},"image":{"@id":"https:\/\/officialmonttremblant.com\/fr\/activites\/activites-d-ete\/tennis\/#primaryimage"},"thumbnailUrl":"https:\/\/officialmonttremblant.com\/wp-content\/uploads\/2022\/08\/6-tennis.jpg","datePublished":"2022-07-25T15:48:48+00:00","dateModified":"2025-07-29T15:58:35+00:00","description":"Official Mont Tremblant vous offre plus d'informations sur les activit\u00e9s d'\u00e9t\u00e9 \u00e0 Mont-Tremblant incluant le tennis \u00e0 Mont-Tremblant.","breadcrumb":{"@id":"https:\/\/officialmonttremblant.com\/fr\/activites\/activites-d-ete\/tennis\/#breadcrumb"},"inLanguage":"fr-FR","potentialAction":[{"@type":"ReadAction","target":["https:\/\/officialmonttremblant.com\/fr\/activites\/activites-d-ete\/tennis\/"]}]},{"@type":"ImageObject","inLanguage":"fr-FR","@id":"https:\/\/officialmonttremblant.com\/fr\/activites\/activites-d-ete\/tennis\/#primaryimage","url":"https:\/\/officialmonttremblant.com\/wp-content\/uploads\/2022\/08\/6-tennis.jpg","contentUrl":"https:\/\/officialmonttremblant.com\/wp-content\/uploads\/2022\/08\/6-tennis.jpg","width":2421,"height":1647,"caption":"Bel Air Tremblant"},{"@type":"BreadcrumbList","@id":"https:\/\/officialmonttremblant.com\/fr\/activites\/activites-d-ete\/tennis\/#breadcrumb","itemListElement":[{"@type":"ListItem","position":1,"name":"Home","item":"https:\/\/officialmonttremblant.com\/fr\/"},{"@type":"ListItem","position":2,"name":"Activit\u00e9s","item":"https:\/\/officialmonttremblant.com\/fr\/activites\/"},{"@type":"ListItem","position":3,"name":"Activit\u00e9s d&#8217;\u00e9t\u00e9","item":"https:\/\/officialmonttremblant.com\/fr\/activites\/activites-d-ete\/"},{"@type":"ListItem","position":4,"name":"Tennis"}]},{"@type":"WebSite","@id":"https:\/\/officialmonttremblant.com\/fr\/#website","url":"https:\/\/officialmonttremblant.com\/fr\/","name":"Official Mont Tremblant","description":"Vacation &amp; tourist guide in Mont Tremblant","potentialAction":[{"@type":"SearchAction","target":{"@type":"EntryPoint","urlTemplate":"https:\/\/officialmonttremblant.com\/fr\/?s={search_term_string}"},"query-input":{"@type":"PropertyValueSpecification","valueRequired":true,"valueName":"search_term_string"}}],"inLanguage":"fr-FR"}]}},"jetpack_sharing_enabled":true,"_links":{"self":[{"href":"https:\/\/officialmonttremblant.com\/fr\/wp-json\/wp\/v2\/pages\/24805","targetHints":{"allow":["GET"]}}],"collection":[{"href":"https:\/\/officialmonttremblant.com\/fr\/wp-json\/wp\/v2\/pages"}],"about":[{"href":"https:\/\/officialmonttremblant.com\/fr\/wp-json\/wp\/v2\/types\/page"}],"author":[{"embeddable":true,"href":"https:\/\/officialmonttremblant.com\/fr\/wp-json\/wp\/v2\/users\/1"}],"replies":[{"embeddable":true,"href":"https:\/\/officialmonttremblant.com\/fr\/wp-json\/wp\/v2\/comments?post=24805"}],"version-history":[{"count":4,"href":"https:\/\/officialmonttremblant.com\/fr\/wp-json\/wp\/v2\/pages\/24805\/revisions"}],"predecessor-version":[{"id":26265,"href":"https:\/\/officialmonttremblant.com\/fr\/wp-json\/wp\/v2\/pages\/24805\/revisions\/26265"}],"up":[{"embeddable":true,"href":"https:\/\/officialmonttremblant.com\/fr\/wp-json\/wp\/v2\/pages\/21147"}],"wp:featuredmedia":[{"embeddable":true,"href":"https:\/\/officialmonttremblant.com\/fr\/wp-json\/wp\/v2\/media\/17844"}],"wp:attachment":[{"href":"https:\/\/officialmonttremblant.com\/fr\/wp-json\/wp\/v2\/media?parent=24805"}],"curies":[{"name":"wp","href":"https:\/\/api.w.org\/{rel}","templated":true}]}}