{"id":24807,"date":"2022-07-25T11:47:13","date_gmt":"2022-07-25T15:47:13","guid":{"rendered":"https:\/\/officialmonttremblant.com\/activites\/activites-d-ete\/rafting\/"},"modified":"2025-07-29T11:44:54","modified_gmt":"2025-07-29T15:44:54","slug":"rafting","status":"publish","type":"page","link":"https:\/\/officialmonttremblant.com\/fr\/activites\/activites-d-ete\/rafting\/","title":{"rendered":"Rafting"},"content":{"rendered":"<p>[vc_row][vc_column]<div id=\"ultimate-heading-573169d98e6da55fc\" class=\"uvc-heading ult-adjust-bottom-margin ultimate-heading-573169d98e6da55fc uvc-9785  uvc-heading-default-font-sizes\" data-hspacer=\"no_spacer\"  data-halign=\"left\" style=\"text-align:left\"><div class=\"uvc-heading-spacer no_spacer\" style=\"top\"><\/div><div class=\"uvc-main-heading ult-responsive\"  data-ultimate-target='.uvc-heading.ultimate-heading-573169d98e6da55fc h2'  data-responsive-json-new='{\"font-size\":\"\",\"line-height\":\"\"}' ><h2 style=\"--font-weight:theme;\">Rafting \u00e0 Mont-Tremblant<\/h2><\/div><div class=\"uvc-sub-heading ult-responsive\"  data-ultimate-target='.uvc-heading.ultimate-heading-573169d98e6da55fc .uvc-sub-heading '  data-responsive-json-new='{\"font-size\":\"\",\"line-height\":\"\"}'  style=\"font-weight:normal;\"><\/p>\n<p style=\"text-align: left;\"><span style=\"font-weight: 400;\">Official Mont-Tremblant vous donne plus d&rsquo;informations sur les activit\u00e9s d&rsquo;\u00e9t\u00e9 \u00e0 Mont-Tremblant dont le rafting \u00e0 Mont-Tremblant. Parmi les meilleures activit\u00e9s estivales \u00e0 Mont Tremblant, vous devez absolument essayer le rafting sur la Rivi\u00e8re Rouge !\u00a0<\/span><span style=\"font-weight: 400;\">La Rivi\u00e8re Rouge prend sa source au lac de la Foug\u00e8re et coule au nord du Mont Tremblant. En rafting vous pourrez observer le magnifique paysage de la rivi\u00e8re et passer un pur moment de plaisir !<\/span><\/p>\n<p style=\"text-align: left;\"><span style=\"font-weight: 400;\">La Rivi\u00e8re Rouge\u00a0 <\/span><span style=\"font-weight: 400;\">est une destination populaire pour le rafting, surtout dans ses 10 derniers kilom\u00e8tres forts r\u00e9put\u00e9s pour cette activit\u00e9 aventureuse\u00a0 . L\u2019endroit est magnifique comprenant des collines, des vall\u00e9es, des lacs et des cascades.\u00a0<\/span><span style=\"font-weight: 400;\">Le\u00a0 rafting \u00e0 Mont Tremblant peut convenir aux d\u00e9butants puisque la rivi\u00e8re a une particularit\u00e9 : avoir des \u00e9tangs calmes apr\u00e8s chaque rapide, ce qui rend la descente amusante et tr\u00e8s s\u00e9curitaire.\u00a0<\/span><\/p>\n<p style=\"text-align: left;\"><span style=\"font-weight: 400;\">Les clubs de rafting \u00e0 Mont Tremblant proposent toutes sortes d&rsquo;options que ce soit un simple forfait d&rsquo;une demi-journ\u00e9e comme premi\u00e8re exp\u00e9rience par exemple ou une formule avec une nuit\u00e9e en camping avec petit d\u00e9jeuner.\u00a0<\/span><span style=\"font-weight: 400;\">Official Mont Tremblant a s\u00e9lectionn\u00e9 pour vous les meilleures options pour faire du Rafting surla Rivi\u00e8re Rouge.\u00a0\u00a0<\/span><\/p>\n<p>&nbsp;<\/p>\n<p style=\"text-align: left;\"><strong>Propulsion rafting<\/strong><\/p>\n<p style=\"text-align: left;\"><span style=\"font-weight: 400;\">619 Chemin de la Rivi\u00e8re-Rouge, Grenville-sur-la-rouge (Qu\u00e9bec) J0V 1B0<\/span><\/p>\n<p style=\"text-align: left;\"><span style=\"font-weight: 400;\">1-800-461-3300<\/span><\/p>\n<p style=\"text-align: left;\"><span style=\"font-weight: 400;\">info@propulsion.ca<\/span><\/p>\n<p>&nbsp;<\/p>\n<p style=\"text-align: left;\"><strong>Rafting Nouveau Monde<\/strong><\/p>\n<p style=\"text-align: left;\"><span style=\"font-weight: 400;\">25, chemin des Sept Chutes<\/span><\/p>\n<p style=\"text-align: left;\"><span style=\"font-weight: 400;\">Grenville-sur-la-Rouge ,\u00a0<\/span><\/p>\n<p style=\"text-align: left;\"><span style=\"font-weight: 400;\">1 800 361-5033<\/span><\/p>\n<p><\/div><\/div>[\/vc_column][\/vc_row][vc_row][vc_column][vc_empty_space height=\u00a0\u00bb60px\u00a0\u00bb][\/vc_column][\/vc_row][vc_row][vc_column][vc_single_image image=\u00a0\u00bb23325&Prime; img_size=\u00a0\u00bb600&#215;400&Prime; alignment=\u00a0\u00bbcenter\u00a0\u00bb][\/vc_column][\/vc_row]<\/p>\n","protected":false},"excerpt":{"rendered":"<p>[vc_row][vc_column][\/vc_column][\/vc_row][vc_row][vc_column][vc_empty_space height=\u00a0\u00bb60px\u00a0\u00bb][\/vc_column][\/vc_row][vc_row][vc_column][vc_single_image image=\u00a0\u00bb23325&Prime; img_size=\u00a0\u00bb600&#215;400&Prime; alignment=\u00a0\u00bbcenter\u00a0\u00bb][\/vc_column][\/vc_row]<\/p>\n","protected":false},"author":1,"featured_media":23326,"parent":21147,"menu_order":0,"comment_status":"closed","ping_status":"closed","template":"","meta":{"footnotes":""},"class_list":["post-24807","page","type-page","status-publish","has-post-thumbnail","hentry","description-off"],"yoast_head":"<!-- This site is optimized with the Yoast SEO Premium plugin v26.5 (Yoast SEO v26.5) - https:\/\/yoast.com\/wordpress\/plugins\/seo\/ -->\n<title>Rafting \u00e0 Mont-Tremblant, activit\u00e9s d&#039;\u00e9t\u00e9 \u00e0 Mont-Tremblant<\/title>\n<meta name=\"description\" content=\"Official Mont-Tremblant vous donne plus d&#039;informations sur les activit\u00e9s d&#039;\u00e9t\u00e9 \u00e0 Mont-Tremblant dont le rafting \u00e0 Mont-Tremblant.\" \/>\n<meta name=\"robots\" content=\"index, follow, max-snippet:-1, max-image-preview:large, max-video-preview:-1\" \/>\n<link rel=\"canonical\" href=\"https:\/\/officialmonttremblant.com\/fr\/activites\/activites-d-ete\/rafting\/\" \/>\n<meta property=\"og:locale\" content=\"fr_FR\" \/>\n<meta property=\"og:type\" content=\"article\" \/>\n<meta property=\"og:title\" content=\"Rafting\" \/>\n<meta property=\"og:description\" content=\"Official Mont-Tremblant vous donne plus d&#039;informations sur les activit\u00e9s d&#039;\u00e9t\u00e9 \u00e0 Mont-Tremblant dont le rafting \u00e0 Mont-Tremblant.\" \/>\n<meta property=\"og:url\" content=\"https:\/\/officialmonttremblant.com\/fr\/activites\/activites-d-ete\/rafting\/\" \/>\n<meta property=\"og:site_name\" content=\"Official Mont Tremblant\" \/>\n<meta property=\"article:modified_time\" content=\"2025-07-29T15:44:54+00:00\" \/>\n<meta property=\"og:image\" content=\"https:\/\/officialmonttremblant.com\/wp-content\/uploads\/2022\/09\/rafting-g55046dbbd_1920.jpg\" \/>\n\t<meta property=\"og:image:width\" content=\"1920\" \/>\n\t<meta property=\"og:image:height\" content=\"1275\" \/>\n\t<meta property=\"og:image:type\" content=\"image\/jpeg\" \/>\n<meta name=\"twitter:card\" content=\"summary_large_image\" \/>\n<meta name=\"twitter:label1\" content=\"Dur\u00e9e de lecture estim\u00e9e\" \/>\n\t<meta name=\"twitter:data1\" content=\"2 minutes\" \/>\n<script type=\"application\/ld+json\" class=\"yoast-schema-graph\">{\"@context\":\"https:\/\/schema.org\",\"@graph\":[{\"@type\":\"WebPage\",\"@id\":\"https:\/\/officialmonttremblant.com\/fr\/activites\/activites-d-ete\/rafting\/\",\"url\":\"https:\/\/officialmonttremblant.com\/fr\/activites\/activites-d-ete\/rafting\/\",\"name\":\"Rafting \u00e0 Mont-Tremblant, activit\u00e9s d'\u00e9t\u00e9 \u00e0 Mont-Tremblant\",\"isPartOf\":{\"@id\":\"https:\/\/officialmonttremblant.com\/fr\/#website\"},\"primaryImageOfPage\":{\"@id\":\"https:\/\/officialmonttremblant.com\/fr\/activites\/activites-d-ete\/rafting\/#primaryimage\"},\"image\":{\"@id\":\"https:\/\/officialmonttremblant.com\/fr\/activites\/activites-d-ete\/rafting\/#primaryimage\"},\"thumbnailUrl\":\"https:\/\/officialmonttremblant.com\/wp-content\/uploads\/2022\/09\/rafting-g55046dbbd_1920.jpg\",\"datePublished\":\"2022-07-25T15:47:13+00:00\",\"dateModified\":\"2025-07-29T15:44:54+00:00\",\"description\":\"Official Mont-Tremblant vous donne plus d'informations sur les activit\u00e9s d'\u00e9t\u00e9 \u00e0 Mont-Tremblant dont le rafting \u00e0 Mont-Tremblant.\",\"breadcrumb\":{\"@id\":\"https:\/\/officialmonttremblant.com\/fr\/activites\/activites-d-ete\/rafting\/#breadcrumb\"},\"inLanguage\":\"fr-FR\",\"potentialAction\":[{\"@type\":\"ReadAction\",\"target\":[\"https:\/\/officialmonttremblant.com\/fr\/activites\/activites-d-ete\/rafting\/\"]}]},{\"@type\":\"ImageObject\",\"inLanguage\":\"fr-FR\",\"@id\":\"https:\/\/officialmonttremblant.com\/fr\/activites\/activites-d-ete\/rafting\/#primaryimage\",\"url\":\"https:\/\/officialmonttremblant.com\/wp-content\/uploads\/2022\/09\/rafting-g55046dbbd_1920.jpg\",\"contentUrl\":\"https:\/\/officialmonttremblant.com\/wp-content\/uploads\/2022\/09\/rafting-g55046dbbd_1920.jpg\",\"width\":1920,\"height\":1275,\"caption\":\"Rafting Mont-Tremblant\"},{\"@type\":\"BreadcrumbList\",\"@id\":\"https:\/\/officialmonttremblant.com\/fr\/activites\/activites-d-ete\/rafting\/#breadcrumb\",\"itemListElement\":[{\"@type\":\"ListItem\",\"position\":1,\"name\":\"Home\",\"item\":\"https:\/\/officialmonttremblant.com\/fr\/\"},{\"@type\":\"ListItem\",\"position\":2,\"name\":\"Activit\u00e9s\",\"item\":\"https:\/\/officialmonttremblant.com\/fr\/activites\/\"},{\"@type\":\"ListItem\",\"position\":3,\"name\":\"Activit\u00e9s d&#8217;\u00e9t\u00e9\",\"item\":\"https:\/\/officialmonttremblant.com\/fr\/activites\/activites-d-ete\/\"},{\"@type\":\"ListItem\",\"position\":4,\"name\":\"Rafting\"}]},{\"@type\":\"WebSite\",\"@id\":\"https:\/\/officialmonttremblant.com\/fr\/#website\",\"url\":\"https:\/\/officialmonttremblant.com\/fr\/\",\"name\":\"Official Mont Tremblant\",\"description\":\"Vacation &amp; tourist guide in Mont Tremblant\",\"potentialAction\":[{\"@type\":\"SearchAction\",\"target\":{\"@type\":\"EntryPoint\",\"urlTemplate\":\"https:\/\/officialmonttremblant.com\/fr\/?s={search_term_string}\"},\"query-input\":{\"@type\":\"PropertyValueSpecification\",\"valueRequired\":true,\"valueName\":\"search_term_string\"}}],\"inLanguage\":\"fr-FR\"}]}<\/script>\n<!-- \/ Yoast SEO Premium plugin. -->","yoast_head_json":{"title":"Rafting \u00e0 Mont-Tremblant, activit\u00e9s d'\u00e9t\u00e9 \u00e0 Mont-Tremblant","description":"Official Mont-Tremblant vous donne plus d'informations sur les activit\u00e9s d'\u00e9t\u00e9 \u00e0 Mont-Tremblant dont le rafting \u00e0 Mont-Tremblant.","robots":{"index":"index","follow":"follow","max-snippet":"max-snippet:-1","max-image-preview":"max-image-preview:large","max-video-preview":"max-video-preview:-1"},"canonical":"https:\/\/officialmonttremblant.com\/fr\/activites\/activites-d-ete\/rafting\/","og_locale":"fr_FR","og_type":"article","og_title":"Rafting","og_description":"Official Mont-Tremblant vous donne plus d'informations sur les activit\u00e9s d'\u00e9t\u00e9 \u00e0 Mont-Tremblant dont le rafting \u00e0 Mont-Tremblant.","og_url":"https:\/\/officialmonttremblant.com\/fr\/activites\/activites-d-ete\/rafting\/","og_site_name":"Official Mont Tremblant","article_modified_time":"2025-07-29T15:44:54+00:00","og_image":[{"width":1920,"height":1275,"url":"https:\/\/officialmonttremblant.com\/wp-content\/uploads\/2022\/09\/rafting-g55046dbbd_1920.jpg","type":"image\/jpeg"}],"twitter_card":"summary_large_image","twitter_misc":{"Dur\u00e9e de lecture estim\u00e9e":"2 minutes"},"schema":{"@context":"https:\/\/schema.org","@graph":[{"@type":"WebPage","@id":"https:\/\/officialmonttremblant.com\/fr\/activites\/activites-d-ete\/rafting\/","url":"https:\/\/officialmonttremblant.com\/fr\/activites\/activites-d-ete\/rafting\/","name":"Rafting \u00e0 Mont-Tremblant, activit\u00e9s d'\u00e9t\u00e9 \u00e0 Mont-Tremblant","isPartOf":{"@id":"https:\/\/officialmonttremblant.com\/fr\/#website"},"primaryImageOfPage":{"@id":"https:\/\/officialmonttremblant.com\/fr\/activites\/activites-d-ete\/rafting\/#primaryimage"},"image":{"@id":"https:\/\/officialmonttremblant.com\/fr\/activites\/activites-d-ete\/rafting\/#primaryimage"},"thumbnailUrl":"https:\/\/officialmonttremblant.com\/wp-content\/uploads\/2022\/09\/rafting-g55046dbbd_1920.jpg","datePublished":"2022-07-25T15:47:13+00:00","dateModified":"2025-07-29T15:44:54+00:00","description":"Official Mont-Tremblant vous donne plus d'informations sur les activit\u00e9s d'\u00e9t\u00e9 \u00e0 Mont-Tremblant dont le rafting \u00e0 Mont-Tremblant.","breadcrumb":{"@id":"https:\/\/officialmonttremblant.com\/fr\/activites\/activites-d-ete\/rafting\/#breadcrumb"},"inLanguage":"fr-FR","potentialAction":[{"@type":"ReadAction","target":["https:\/\/officialmonttremblant.com\/fr\/activites\/activites-d-ete\/rafting\/"]}]},{"@type":"ImageObject","inLanguage":"fr-FR","@id":"https:\/\/officialmonttremblant.com\/fr\/activites\/activites-d-ete\/rafting\/#primaryimage","url":"https:\/\/officialmonttremblant.com\/wp-content\/uploads\/2022\/09\/rafting-g55046dbbd_1920.jpg","contentUrl":"https:\/\/officialmonttremblant.com\/wp-content\/uploads\/2022\/09\/rafting-g55046dbbd_1920.jpg","width":1920,"height":1275,"caption":"Rafting Mont-Tremblant"},{"@type":"BreadcrumbList","@id":"https:\/\/officialmonttremblant.com\/fr\/activites\/activites-d-ete\/rafting\/#breadcrumb","itemListElement":[{"@type":"ListItem","position":1,"name":"Home","item":"https:\/\/officialmonttremblant.com\/fr\/"},{"@type":"ListItem","position":2,"name":"Activit\u00e9s","item":"https:\/\/officialmonttremblant.com\/fr\/activites\/"},{"@type":"ListItem","position":3,"name":"Activit\u00e9s d&#8217;\u00e9t\u00e9","item":"https:\/\/officialmonttremblant.com\/fr\/activites\/activites-d-ete\/"},{"@type":"ListItem","position":4,"name":"Rafting"}]},{"@type":"WebSite","@id":"https:\/\/officialmonttremblant.com\/fr\/#website","url":"https:\/\/officialmonttremblant.com\/fr\/","name":"Official Mont Tremblant","description":"Vacation &amp; tourist guide in Mont Tremblant","potentialAction":[{"@type":"SearchAction","target":{"@type":"EntryPoint","urlTemplate":"https:\/\/officialmonttremblant.com\/fr\/?s={search_term_string}"},"query-input":{"@type":"PropertyValueSpecification","valueRequired":true,"valueName":"search_term_string"}}],"inLanguage":"fr-FR"}]}},"jetpack_sharing_enabled":true,"_links":{"self":[{"href":"https:\/\/officialmonttremblant.com\/fr\/wp-json\/wp\/v2\/pages\/24807","targetHints":{"allow":["GET"]}}],"collection":[{"href":"https:\/\/officialmonttremblant.com\/fr\/wp-json\/wp\/v2\/pages"}],"about":[{"href":"https:\/\/officialmonttremblant.com\/fr\/wp-json\/wp\/v2\/types\/page"}],"author":[{"embeddable":true,"href":"https:\/\/officialmonttremblant.com\/fr\/wp-json\/wp\/v2\/users\/1"}],"replies":[{"embeddable":true,"href":"https:\/\/officialmonttremblant.com\/fr\/wp-json\/wp\/v2\/comments?post=24807"}],"version-history":[{"count":4,"href":"https:\/\/officialmonttremblant.com\/fr\/wp-json\/wp\/v2\/pages\/24807\/revisions"}],"predecessor-version":[{"id":26250,"href":"https:\/\/officialmonttremblant.com\/fr\/wp-json\/wp\/v2\/pages\/24807\/revisions\/26250"}],"up":[{"embeddable":true,"href":"https:\/\/officialmonttremblant.com\/fr\/wp-json\/wp\/v2\/pages\/21147"}],"wp:featuredmedia":[{"embeddable":true,"href":"https:\/\/officialmonttremblant.com\/fr\/wp-json\/wp\/v2\/media\/23326"}],"wp:attachment":[{"href":"https:\/\/officialmonttremblant.com\/fr\/wp-json\/wp\/v2\/media?parent=24807"}],"curies":[{"name":"wp","href":"https:\/\/api.w.org\/{rel}","templated":true}]}}