{"id":24809,"date":"2022-09-22T17:39:27","date_gmt":"2022-09-22T21:39:27","guid":{"rendered":"https:\/\/officialmonttremblant.com\/activites\/winter-activities\/skiing\/"},"modified":"2025-07-29T12:05:37","modified_gmt":"2025-07-29T16:05:37","slug":"ski","status":"publish","type":"page","link":"https:\/\/officialmonttremblant.com\/fr\/activites\/activites-d-hiver\/ski\/","title":{"rendered":"Ski"},"content":{"rendered":"<p>[vc_row][vc_column]<div id=\"ultimate-heading-296269db8ea8b49bf\" class=\"uvc-heading ult-adjust-bottom-margin ultimate-heading-296269db8ea8b49bf uvc-3591  uvc-heading-default-font-sizes\" data-hspacer=\"no_spacer\"  data-halign=\"left\" style=\"text-align:left\"><div class=\"uvc-heading-spacer no_spacer\" style=\"top\"><\/div><div class=\"uvc-main-heading ult-responsive\"  data-ultimate-target='.uvc-heading.ultimate-heading-296269db8ea8b49bf h2'  data-responsive-json-new='{\"font-size\":\"\",\"line-height\":\"\"}' ><h2 style=\"--font-weight:theme;\">Ski \u00e0 Mont-Tremblant<\/h2><\/div><div class=\"uvc-sub-heading ult-responsive\"  data-ultimate-target='.uvc-heading.ultimate-heading-296269db8ea8b49bf .uvc-sub-heading '  data-responsive-json-new='{\"font-size\":\"\",\"line-height\":\"\"}'  style=\"font-weight:normal;\"><\/p>\n<p style=\"text-align: left;\">Official Mont-Tremblant vous apporte plus d&rsquo;informations sur les activit\u00e9s d&rsquo;hiver \u00e0 Mont-Tremblant dont le ski \u00e0 Mont-Tremblant.<\/p>\n<p style=\"text-align: left;\">Le ski \u00e0 Mont-Tremblant attire des visiteurs de partout dans le monde et est appr\u00e9ci\u00e9 par des personnes de tous \u00e2ges et de tous niveaux d&rsquo;habilet\u00e9. Le domaine skiable de la montagne s&rsquo;\u00e9tend sur 753 acres et comprend 102 pistes de ski. La montagne est bien structur\u00e9e et offre 15 t\u00e9l\u00e9si\u00e8ges pour un temps d&rsquo;attente minimal dans les files d&rsquo;attente.<\/p>\n<p style=\"text-align: left;\">Le ski \u00e0 Mont-Tremblant est l&rsquo;une des activit\u00e9s hivernales les plus populaires \u00e0 Mont-Tremblant et peut \u00eatre appr\u00e9ci\u00e9 par tous les membres de la famille, qu&rsquo;ils soient des skieurs experts ou qu&rsquo;ils essaient pour la premi\u00e8re fois. La station de ski poss\u00e8de une \u00e9cole de ski sur la montagne avec une \u00e9quipe de moniteurs exp\u00e9riment\u00e9s qui offrent des cours de ski collectifs et individuels. L&rsquo;\u00e9cole se trouve \u00e0 c\u00f4t\u00e9 de deux tapis roulants Magic Carpet qui constituent un point de d\u00e9part id\u00e9al pour les d\u00e9butants qui n&rsquo;ont jamais pris de t\u00e9l\u00e9si\u00e8ge. La station de ski dispose de deux restaurants ouverts pour le petit-d\u00e9jeuner, le d\u00e9jeuner ou le d\u00eener. Les restaurants sont accessibles depuis les pistes de ski et constituent un endroit id\u00e9al pour faire une pause et d\u00e9guster un d\u00e9licieux chocolat chaud.<\/p>\n<p style=\"text-align: left;\">Il y a \u00e9galement plusieurs endroits sur la montagne qui proposent la location de skis pour une \u00bd journ\u00e9e ou une journ\u00e9e compl\u00e8te et de l&rsquo;\u00e9quipement adapt\u00e9 aux d\u00e9butants comme aux skieurs experts. Il y a \u00e9galement un atelier de r\u00e9paration de ski situ\u00e9 sur le versant sud de la montagne si vous avez besoin de faire r\u00e9gler votre \u00e9quipement avant de vous lancer sur les pistes.<\/p>\n<p style=\"text-align: left;\">Si vous n&rsquo;aimez pas skier \u00e0 Mont-Tremblant lorsque les pistes sont bond\u00e9es, essayez d&rsquo;\u00e9viter les jours les plus charg\u00e9s en skiant en semaine et en dehors de la haute saison. Les week-ends ont tendance \u00e0 \u00eatre plus fr\u00e9quent\u00e9s par les locaux et les r\u00e9sidents de Montr\u00e9al.<\/p>\n<p><\/div><\/div>[\/vc_column][\/vc_row][vc_row][vc_column][vc_empty_space height=\u00a0\u00bb60px\u00a0\u00bb][\/vc_column][\/vc_row][vc_row][vc_column width=\u00a0\u00bb1\/3&Prime;]<div class=\"ult-new-ib ult-ib-effect-style1  ult-ib-resp  \" data-min-width=\"768\" data-max-width=\"900\" style=\"\" data-opacity=\"1\" data-hover-opacity=\"1\" ><img data-recalc-dims=\"1\" decoding=\"async\" class=\"ult-new-ib-img\" style=\"opacity:1;\" alt=\"Tremblant season passes and lift tickets\" src=\"https:\/\/i0.wp.com\/officialmonttremblant.com\/wp-content\/uploads\/2022\/09\/ticket.webp?w=1200&#038;ssl=1\"   \/><div id=\"interactive-banner-wrap-5027\" class=\"ult-new-ib-desc\" style=\"\"><h2 class=\"ult-new-ib-title ult-responsive\"  data-ultimate-target='#interactive-banner-wrap-5027 .ult-new-ib-title'  data-responsive-json-new='{\"font-size\":\"\",\"line-height\":\"\"}'  style=\"font-weight:normal;\">Billets de ski<\/h2><\/div><a class=\"ult-new-ib-link\" href=\"https:\/\/officialmonttremblant.com\/fr\/activites\/activites-d-hiver\/ski\/billets-de-remontee-mecanique\/\" title=\"Billets de remont\u00e9e m\u00e9canique\" target=\"_blank\" rel=\"noopener\"  ><\/a><\/div>[vc_column_text]<\/p>\n<h3 style=\"text-align: center;\">Billets de ski<\/h3>\n<p>[\/vc_column_text][\/vc_column][vc_column width=\u00a0\u00bb1\/3&Prime;]<div class=\"ult-new-ib ult-ib-effect-style1  ult-ib-resp  \" data-min-width=\"768\" data-max-width=\"900\" style=\"\" data-opacity=\"1\" data-hover-opacity=\"1\" ><img data-recalc-dims=\"1\" decoding=\"async\" class=\"ult-new-ib-img\" style=\"opacity:1;\" alt=\"Trail maps - Skiing in Tremblant\" src=\"https:\/\/i0.wp.com\/officialmonttremblant.com\/wp-content\/uploads\/2022\/09\/trail-map.webp?w=1200&#038;ssl=1\"   \/><div id=\"interactive-banner-wrap-8261\" class=\"ult-new-ib-desc\" style=\"\"><h2 class=\"ult-new-ib-title ult-responsive\"  data-ultimate-target='#interactive-banner-wrap-8261 .ult-new-ib-title'  data-responsive-json-new='{\"font-size\":\"\",\"line-height\":\"\"}'  style=\"font-weight:normal;\">Cartes des sentiers<\/h2><\/div><a class=\"ult-new-ib-link\" href=\"https:\/\/officialmonttremblant.com\/fr\/activites\/activites-d-hiver\/ski\/carte-des-sentiers\/\" title=\"Cartes des sentiers\" target=\"_blank\" rel=\"noopener\"  ><\/a><\/div>[vc_column_text]<\/p>\n<h3 style=\"text-align: center;\">Cartes des sentiers<\/h3>\n<p>[\/vc_column_text][\/vc_column][vc_column width=\u00a0\u00bb1\/3&Prime;]<div class=\"ult-new-ib ult-ib-effect-style1  ult-ib-resp  \" data-min-width=\"768\" data-max-width=\"900\" style=\"\" data-opacity=\"1\" data-hover-opacity=\"1\" ><img data-recalc-dims=\"1\" decoding=\"async\" class=\"ult-new-ib-img\" style=\"opacity:1;\" alt=\"chair lifts tremblant\" src=\"https:\/\/i0.wp.com\/officialmonttremblant.com\/wp-content\/uploads\/2022\/09\/chair-lifts.webp?w=1200&#038;ssl=1\"   \/><div id=\"interactive-banner-wrap-5178\" class=\"ult-new-ib-desc\" style=\"\"><h2 class=\"ult-new-ib-title ult-responsive\"  data-ultimate-target='#interactive-banner-wrap-5178 .ult-new-ib-title'  data-responsive-json-new='{\"font-size\":\"\",\"line-height\":\"\"}'  style=\"font-weight:normal;\">T\u00e9l\u00e9si\u00e8ges<\/h2><\/div><a class=\"ult-new-ib-link\" href=\"https:\/\/officialmonttremblant.com\/fr\/activites\/activites-d-hiver\/ski\/telesieges\/\" title=\"T\u00e9l\u00e9si\u00e8ges\" target=\"_blank\" rel=\"noopener\"  ><\/a><\/div>[vc_column_text]<\/p>\n<h3 style=\"text-align: center;\">T\u00e9l\u00e9si\u00e8ges<\/h3>\n<p>[\/vc_column_text][\/vc_column][\/vc_row][vc_row][vc_column][vc_empty_space height=\u00a0\u00bb60px\u00a0\u00bb][\/vc_column][\/vc_row][vc_row][vc_column][vc_single_image image=\u00a0\u00bb24183&Prime; img_size=\u00a0\u00bb600&#215;400&Prime; alignment=\u00a0\u00bbcenter\u00a0\u00bb][\/vc_column][\/vc_row]<\/p>\n","protected":false},"excerpt":{"rendered":"<p>[vc_row][vc_column][\/vc_column][\/vc_row][vc_row][vc_column][vc_empty_space height=\u00a0\u00bb60px\u00a0\u00bb][\/vc_column][\/vc_row][vc_row][vc_column width=\u00a0\u00bb1\/3&Prime;][vc_column_text] Billets de ski [\/vc_column_text][\/vc_column][vc_column width=\u00a0\u00bb1\/3&Prime;][vc_column_text] Cartes des sentiers [\/vc_column_text][\/vc_column][vc_column width=\u00a0\u00bb1\/3&Prime;][vc_column_text] T\u00e9l\u00e9si\u00e8ges [\/vc_column_text][\/vc_column][\/vc_row][vc_row][vc_column][vc_empty_space height=\u00a0\u00bb60px\u00a0\u00bb][\/vc_column][\/vc_row][vc_row][vc_column][vc_single_image image=\u00a0\u00bb24183&Prime; img_size=\u00a0\u00bb600&#215;400&Prime; alignment=\u00a0\u00bbcenter\u00a0\u00bb][\/vc_column][\/vc_row]<\/p>\n","protected":false},"author":5,"featured_media":23623,"parent":21148,"menu_order":0,"comment_status":"closed","ping_status":"closed","template":"","meta":{"footnotes":""},"class_list":["post-24809","page","type-page","status-publish","has-post-thumbnail","hentry","description-off"],"yoast_head":"<!-- This site is optimized with the Yoast SEO Premium plugin v26.5 (Yoast SEO v26.5) - https:\/\/yoast.com\/wordpress\/plugins\/seo\/ -->\n<title>Ski \u00e0 Mont-Tremblant, Activit\u00e9s d&#039;hiver \u00e0 Mont-Tremblant<\/title>\n<meta name=\"description\" content=\"Official Mont-Tremblant vous apporte plus d&#039;informations sur les activit\u00e9s d&#039;hiver \u00e0 Mont-Tremblant done le ski \u00e0 Mont-Tremblant.\" \/>\n<meta name=\"robots\" content=\"index, follow, max-snippet:-1, max-image-preview:large, max-video-preview:-1\" \/>\n<link rel=\"canonical\" href=\"https:\/\/officialmonttremblant.com\/fr\/activites\/activites-d-hiver\/ski\/\" \/>\n<meta property=\"og:locale\" content=\"fr_FR\" \/>\n<meta property=\"og:type\" content=\"article\" \/>\n<meta property=\"og:title\" content=\"Ski\" \/>\n<meta property=\"og:description\" content=\"Official Mont-Tremblant vous apporte plus d&#039;informations sur les activit\u00e9s d&#039;hiver \u00e0 Mont-Tremblant done le ski \u00e0 Mont-Tremblant.\" \/>\n<meta property=\"og:url\" content=\"https:\/\/officialmonttremblant.com\/fr\/activites\/activites-d-hiver\/ski\/\" \/>\n<meta property=\"og:site_name\" content=\"Official Mont Tremblant\" \/>\n<meta property=\"article:modified_time\" content=\"2025-07-29T16:05:37+00:00\" \/>\n<meta property=\"og:image\" content=\"https:\/\/officialmonttremblant.com\/wp-content\/uploads\/2022\/09\/tremblant-skiing.jpeg\" \/>\n\t<meta property=\"og:image:width\" content=\"600\" \/>\n\t<meta property=\"og:image:height\" content=\"400\" \/>\n\t<meta property=\"og:image:type\" content=\"image\/jpeg\" \/>\n<meta name=\"twitter:card\" content=\"summary_large_image\" \/>\n<meta name=\"twitter:label1\" content=\"Dur\u00e9e de lecture estim\u00e9e\" \/>\n\t<meta name=\"twitter:data1\" content=\"3 minutes\" \/>\n<script type=\"application\/ld+json\" class=\"yoast-schema-graph\">{\"@context\":\"https:\/\/schema.org\",\"@graph\":[{\"@type\":\"WebPage\",\"@id\":\"https:\/\/officialmonttremblant.com\/fr\/activites\/activites-d-hiver\/ski\/\",\"url\":\"https:\/\/officialmonttremblant.com\/fr\/activites\/activites-d-hiver\/ski\/\",\"name\":\"Ski \u00e0 Mont-Tremblant, Activit\u00e9s d'hiver \u00e0 Mont-Tremblant\",\"isPartOf\":{\"@id\":\"https:\/\/officialmonttremblant.com\/fr\/#website\"},\"primaryImageOfPage\":{\"@id\":\"https:\/\/officialmonttremblant.com\/fr\/activites\/activites-d-hiver\/ski\/#primaryimage\"},\"image\":{\"@id\":\"https:\/\/officialmonttremblant.com\/fr\/activites\/activites-d-hiver\/ski\/#primaryimage\"},\"thumbnailUrl\":\"https:\/\/officialmonttremblant.com\/wp-content\/uploads\/2022\/09\/tremblant-skiing.jpeg\",\"datePublished\":\"2022-09-22T21:39:27+00:00\",\"dateModified\":\"2025-07-29T16:05:37+00:00\",\"description\":\"Official Mont-Tremblant vous apporte plus d'informations sur les activit\u00e9s d'hiver \u00e0 Mont-Tremblant done le ski \u00e0 Mont-Tremblant.\",\"breadcrumb\":{\"@id\":\"https:\/\/officialmonttremblant.com\/fr\/activites\/activites-d-hiver\/ski\/#breadcrumb\"},\"inLanguage\":\"fr-FR\",\"potentialAction\":[{\"@type\":\"ReadAction\",\"target\":[\"https:\/\/officialmonttremblant.com\/fr\/activites\/activites-d-hiver\/ski\/\"]}]},{\"@type\":\"ImageObject\",\"inLanguage\":\"fr-FR\",\"@id\":\"https:\/\/officialmonttremblant.com\/fr\/activites\/activites-d-hiver\/ski\/#primaryimage\",\"url\":\"https:\/\/officialmonttremblant.com\/wp-content\/uploads\/2022\/09\/tremblant-skiing.jpeg\",\"contentUrl\":\"https:\/\/officialmonttremblant.com\/wp-content\/uploads\/2022\/09\/tremblant-skiing.jpeg\",\"width\":600,\"height\":400,\"caption\":\"Tremblant skiing\"},{\"@type\":\"BreadcrumbList\",\"@id\":\"https:\/\/officialmonttremblant.com\/fr\/activites\/activites-d-hiver\/ski\/#breadcrumb\",\"itemListElement\":[{\"@type\":\"ListItem\",\"position\":1,\"name\":\"Home\",\"item\":\"https:\/\/officialmonttremblant.com\/fr\/\"},{\"@type\":\"ListItem\",\"position\":2,\"name\":\"Activit\u00e9s\",\"item\":\"https:\/\/officialmonttremblant.com\/fr\/activites\/\"},{\"@type\":\"ListItem\",\"position\":3,\"name\":\"Activit\u00e9s d&#8217;hiver\",\"item\":\"https:\/\/officialmonttremblant.com\/fr\/activites\/activites-d-hiver\/\"},{\"@type\":\"ListItem\",\"position\":4,\"name\":\"Ski\"}]},{\"@type\":\"WebSite\",\"@id\":\"https:\/\/officialmonttremblant.com\/fr\/#website\",\"url\":\"https:\/\/officialmonttremblant.com\/fr\/\",\"name\":\"Official Mont Tremblant\",\"description\":\"Vacation &amp; tourist guide in Mont Tremblant\",\"potentialAction\":[{\"@type\":\"SearchAction\",\"target\":{\"@type\":\"EntryPoint\",\"urlTemplate\":\"https:\/\/officialmonttremblant.com\/fr\/?s={search_term_string}\"},\"query-input\":{\"@type\":\"PropertyValueSpecification\",\"valueRequired\":true,\"valueName\":\"search_term_string\"}}],\"inLanguage\":\"fr-FR\"}]}<\/script>\n<!-- \/ Yoast SEO Premium plugin. -->","yoast_head_json":{"title":"Ski \u00e0 Mont-Tremblant, Activit\u00e9s d'hiver \u00e0 Mont-Tremblant","description":"Official Mont-Tremblant vous apporte plus d'informations sur les activit\u00e9s d'hiver \u00e0 Mont-Tremblant done le ski \u00e0 Mont-Tremblant.","robots":{"index":"index","follow":"follow","max-snippet":"max-snippet:-1","max-image-preview":"max-image-preview:large","max-video-preview":"max-video-preview:-1"},"canonical":"https:\/\/officialmonttremblant.com\/fr\/activites\/activites-d-hiver\/ski\/","og_locale":"fr_FR","og_type":"article","og_title":"Ski","og_description":"Official Mont-Tremblant vous apporte plus d'informations sur les activit\u00e9s d'hiver \u00e0 Mont-Tremblant done le ski \u00e0 Mont-Tremblant.","og_url":"https:\/\/officialmonttremblant.com\/fr\/activites\/activites-d-hiver\/ski\/","og_site_name":"Official Mont Tremblant","article_modified_time":"2025-07-29T16:05:37+00:00","og_image":[{"width":600,"height":400,"url":"https:\/\/officialmonttremblant.com\/wp-content\/uploads\/2022\/09\/tremblant-skiing.jpeg","type":"image\/jpeg"}],"twitter_card":"summary_large_image","twitter_misc":{"Dur\u00e9e de lecture estim\u00e9e":"3 minutes"},"schema":{"@context":"https:\/\/schema.org","@graph":[{"@type":"WebPage","@id":"https:\/\/officialmonttremblant.com\/fr\/activites\/activites-d-hiver\/ski\/","url":"https:\/\/officialmonttremblant.com\/fr\/activites\/activites-d-hiver\/ski\/","name":"Ski \u00e0 Mont-Tremblant, Activit\u00e9s d'hiver \u00e0 Mont-Tremblant","isPartOf":{"@id":"https:\/\/officialmonttremblant.com\/fr\/#website"},"primaryImageOfPage":{"@id":"https:\/\/officialmonttremblant.com\/fr\/activites\/activites-d-hiver\/ski\/#primaryimage"},"image":{"@id":"https:\/\/officialmonttremblant.com\/fr\/activites\/activites-d-hiver\/ski\/#primaryimage"},"thumbnailUrl":"https:\/\/officialmonttremblant.com\/wp-content\/uploads\/2022\/09\/tremblant-skiing.jpeg","datePublished":"2022-09-22T21:39:27+00:00","dateModified":"2025-07-29T16:05:37+00:00","description":"Official Mont-Tremblant vous apporte plus d'informations sur les activit\u00e9s d'hiver \u00e0 Mont-Tremblant done le ski \u00e0 Mont-Tremblant.","breadcrumb":{"@id":"https:\/\/officialmonttremblant.com\/fr\/activites\/activites-d-hiver\/ski\/#breadcrumb"},"inLanguage":"fr-FR","potentialAction":[{"@type":"ReadAction","target":["https:\/\/officialmonttremblant.com\/fr\/activites\/activites-d-hiver\/ski\/"]}]},{"@type":"ImageObject","inLanguage":"fr-FR","@id":"https:\/\/officialmonttremblant.com\/fr\/activites\/activites-d-hiver\/ski\/#primaryimage","url":"https:\/\/officialmonttremblant.com\/wp-content\/uploads\/2022\/09\/tremblant-skiing.jpeg","contentUrl":"https:\/\/officialmonttremblant.com\/wp-content\/uploads\/2022\/09\/tremblant-skiing.jpeg","width":600,"height":400,"caption":"Tremblant skiing"},{"@type":"BreadcrumbList","@id":"https:\/\/officialmonttremblant.com\/fr\/activites\/activites-d-hiver\/ski\/#breadcrumb","itemListElement":[{"@type":"ListItem","position":1,"name":"Home","item":"https:\/\/officialmonttremblant.com\/fr\/"},{"@type":"ListItem","position":2,"name":"Activit\u00e9s","item":"https:\/\/officialmonttremblant.com\/fr\/activites\/"},{"@type":"ListItem","position":3,"name":"Activit\u00e9s d&#8217;hiver","item":"https:\/\/officialmonttremblant.com\/fr\/activites\/activites-d-hiver\/"},{"@type":"ListItem","position":4,"name":"Ski"}]},{"@type":"WebSite","@id":"https:\/\/officialmonttremblant.com\/fr\/#website","url":"https:\/\/officialmonttremblant.com\/fr\/","name":"Official Mont Tremblant","description":"Vacation &amp; tourist guide in Mont Tremblant","potentialAction":[{"@type":"SearchAction","target":{"@type":"EntryPoint","urlTemplate":"https:\/\/officialmonttremblant.com\/fr\/?s={search_term_string}"},"query-input":{"@type":"PropertyValueSpecification","valueRequired":true,"valueName":"search_term_string"}}],"inLanguage":"fr-FR"}]}},"jetpack_sharing_enabled":true,"_links":{"self":[{"href":"https:\/\/officialmonttremblant.com\/fr\/wp-json\/wp\/v2\/pages\/24809","targetHints":{"allow":["GET"]}}],"collection":[{"href":"https:\/\/officialmonttremblant.com\/fr\/wp-json\/wp\/v2\/pages"}],"about":[{"href":"https:\/\/officialmonttremblant.com\/fr\/wp-json\/wp\/v2\/types\/page"}],"author":[{"embeddable":true,"href":"https:\/\/officialmonttremblant.com\/fr\/wp-json\/wp\/v2\/users\/5"}],"replies":[{"embeddable":true,"href":"https:\/\/officialmonttremblant.com\/fr\/wp-json\/wp\/v2\/comments?post=24809"}],"version-history":[{"count":6,"href":"https:\/\/officialmonttremblant.com\/fr\/wp-json\/wp\/v2\/pages\/24809\/revisions"}],"predecessor-version":[{"id":26774,"href":"https:\/\/officialmonttremblant.com\/fr\/wp-json\/wp\/v2\/pages\/24809\/revisions\/26774"}],"up":[{"embeddable":true,"href":"https:\/\/officialmonttremblant.com\/fr\/wp-json\/wp\/v2\/pages\/21148"}],"wp:featuredmedia":[{"embeddable":true,"href":"https:\/\/officialmonttremblant.com\/fr\/wp-json\/wp\/v2\/media\/23623"}],"wp:attachment":[{"href":"https:\/\/officialmonttremblant.com\/fr\/wp-json\/wp\/v2\/media?parent=24809"}],"curies":[{"name":"wp","href":"https:\/\/api.w.org\/{rel}","templated":true}]}}