{"id":24811,"date":"2022-07-26T10:36:48","date_gmt":"2022-07-26T14:36:48","guid":{"rendered":"https:\/\/officialmonttremblant.com\/activites\/winter-activities\/crosscountry-skiing\/"},"modified":"2025-07-29T12:03:35","modified_gmt":"2025-07-29T16:03:35","slug":"ski-de-fond","status":"publish","type":"page","link":"https:\/\/officialmonttremblant.com\/fr\/activites\/activites-d-hiver\/ski-de-fond\/","title":{"rendered":"Ski de fond"},"content":{"rendered":"<p>[vc_row][vc_column]<div id=\"ultimate-heading-797069e366f16936f\" class=\"uvc-heading ult-adjust-bottom-margin ultimate-heading-797069e366f16936f uvc-7516  uvc-heading-default-font-sizes\" data-hspacer=\"no_spacer\"  data-halign=\"left\" style=\"text-align:left\"><div class=\"uvc-heading-spacer no_spacer\" style=\"top\"><\/div><div class=\"uvc-main-heading ult-responsive\"  data-ultimate-target='.uvc-heading.ultimate-heading-797069e366f16936f h2'  data-responsive-json-new='{\"font-size\":\"\",\"line-height\":\"\"}' ><h2 style=\"--font-weight:theme;\">Ski de fond \u00e0 Mont-Tremblant<\/h2><\/div><div class=\"uvc-sub-heading ult-responsive\"  data-ultimate-target='.uvc-heading.ultimate-heading-797069e366f16936f .uvc-sub-heading '  data-responsive-json-new='{\"font-size\":\"\",\"line-height\":\"\"}'  style=\"font-weight:normal;\"><\/p>\n<p style=\"text-align: left;\">Official Mont-Tremblant vous apporte plus d&rsquo;informations sur les activit\u00e9s d&rsquo;hiver \u00e0 Tremblant dont le ski de fond \u00e0 Tremblant.<\/p>\n<p><span style=\"font-weight: 400;\">Le Ski de fond \u00e0 Mont- Tremblant est une activit\u00e9 tr\u00e8s populaire. Si vous vous demandez\u00a0 quoi faire en hiver \u00e0 Tremblant, le Ski de fond\u00a0 est adapt\u00e9 \u00e0 tous les\u00a0 budgets et \u00e0 toute la famille. Il est aussi l\u2019un des meilleurs exercices cardio-vasculaires. Il s\u2019agit d\u2019un excellent moyen de d\u00e9couvrir de magnifiques paysages de la r\u00e9gion et une chance de voir les animaux de la for\u00eat tel que des chevreuils, renards et autres faune locale.<\/span><\/p>\n<p><span style=\"font-weight: 400;\">Le ski de fond est parfait durant la saison hivernale pour les personnes qui cherchent quoi faire en hiver \u00e0 Tremblant. Il est un sport alternatif id\u00e9ale \u00e0 faire pendant la haute saison et le week-end. Il est une activit\u00e9 populaire pour tous \u00e2ges. C\u2019est un sport exigeant physiquement. Les personnes \u00e2g\u00e9es peuvent en profiter aussi. Le ski de fond \u00e0 Tremblant se rapproche plus du ski primitive et en particulier lorsqu\u2019il est pratiqu\u00e9 en arri\u00e8re-pays. Mont-Tremblant est l\u2019endroit id\u00e9al pour ce sport gr\u00e2ce \u00e0 ses nombreux parcs et de ses pistes cyclables situ\u00e9es sur l\u2019ancienne voie ferr\u00e9e appel\u00e9e aussi Petit Train du Nord.<\/span><\/div><\/div>[\/vc_column][\/vc_row][vc_row][vc_column][vc_empty_space height=\u00a0\u00bb60px\u00a0\u00bb][\/vc_column][\/vc_row][vc_row][vc_column][vc_column_text]<\/p>\n<div class=\"vc_row wpb_row section vc_row-fluid vc_inner vc_custom_1562284698394\">\n<div class=\" full_section_inner clearfix\">\n<div class=\"wpb_column vc_column_container vc_col-sm-8\">\n<div class=\"vc_column-inner\">\n<div class=\"wpb_wrapper\">\n<div class=\"wpb_text_column wpb_content_element \">\n<div class=\"wpb_wrapper\">\n<p><strong>BEL AIR RESORT<\/strong><\/p>\n<p><strong><br \/>\n<\/strong>80 rue des Sept Sommets, La Conception, QC J0T 1MO<br \/>\n1 819-341-4577<br \/>\n<a href=\"https:\/\/actiontremblant.com\/fr\/\">actiontremblant.com<\/a><\/p>\n<div class=\"wpb_column vc_column_container vc_col-sm-8\">\n<div class=\"vc_column-inner\">\n<div class=\"wpb_wrapper\">\n<div class=\"wpb_text_column wpb_content_element vc_custom_1588706763330\">\n<div class=\"wpb_wrapper\">\n<p><span style=\"font-weight: 400;\">Profitez du ski de fond \u00e0 travers les 543 acres priv\u00e9s du Resort.\u00a0<\/span><span style=\"font-weight: 400;\">Le paradis du ski de fond !!! Les sentiers sont r\u00e9parties \u00e0 travers Bel Air allant de facile \u00e0 difficile.<\/span><\/p>\n<p>&nbsp;<\/p>\n<\/div>\n<\/div>\n<\/div>\n<\/div>\n<\/div>\n<\/div>\n<\/div>\n<\/div>\n<\/div>\n<\/div>\n<div class=\"wpb_column vc_column_container vc_col-sm-4\">\n<div class=\"vc_column-inner\">\n<div class=\"wpb_wrapper\">\n<div class=\"wpb_single_image wpb_content_element vc_align_center\">\n<div class=\"wpb_wrapper\">\n<div class=\"vc_single_image-wrapper vc_box_shadow vc_box_border_grey\"><img loading=\"lazy\" decoding=\"async\" class=\"vc_single_image-img attachment-medium\" src=\"https:\/\/i0.wp.com\/officialmonttremblant.com\/wp-content\/uploads\/2019\/06\/crosscountry-skiing.jpg?fit=300%2C260&amp;ssl=1\" sizes=\"auto, (max-width: 300px) 100vw, 300px\" srcset=\"https:\/\/i0.wp.com\/officialmonttremblant.com\/wp-content\/uploads\/2019\/06\/crosscountry-skiing.jpg?w=400&amp;ssl=1 400w, https:\/\/i0.wp.com\/officialmonttremblant.com\/wp-content\/uploads\/2019\/06\/crosscountry-skiing.jpg?resize=300%2C260&amp;ssl=1 300w\" alt=\"Mont Tremblant winter activities\" width=\"300\" height=\"260\" data-pagespeed-url-hash=\"1767055591\" \/><\/div>\n<\/div>\n<\/div>\n<\/div>\n<\/div>\n<\/div>\n<\/div>\n<\/div>\n<p>[\/vc_column_text][vc_empty_space][vc_btn title=\u00a0\u00bbR\u00e9servez en ligne\u00a0\u00bb align=\u00a0\u00bbcenter\u00a0\u00bb link=\u00a0\u00bburl:https%3A%2F%2Factiontremblant.com%2Factivites-hiver%2Fski-de-fond%2F|title:R%C3%A9servez%20en%20ligne|target:_blank\u00a0\u00bb][\/vc_column][\/vc_row][vc_row][vc_column][vc_empty_space height=\u00a0\u00bb60px\u00a0\u00bb][\/vc_column][\/vc_row][vc_row][vc_column][vc_column_text]<\/p>\n<div class=\"vc_row wpb_row section vc_row-fluid vc_inner \">\n<div class=\" full_section_inner clearfix\">\n<div class=\"wpb_column vc_column_container vc_col-sm-8\">\n<div class=\"vc_column-inner\">\n<div class=\"wpb_wrapper\">\n<div class=\"wpb_text_column wpb_content_element \">\n<div class=\"wpb_wrapper\">\n<p><strong>DOMAINE SAINT-BERNARD<\/strong><\/p>\n<p>539, Chemin Saint-Bernard, Mont-tremblant<br \/>\n1 819 425-5588<br \/>\n<a href=\"https:\/\/domainesaintbernard.org\/en\/cross-country-skiing\/\" target=\"_blank\" rel=\"noopener\">Domaine Saint-Bernard<\/a><\/p>\n<\/div>\n<\/div>\n<div class=\"wpb_text_column wpb_content_element vc_custom_1562283650211\">\n<div class=\"wpb_wrapper\">\n<p><span style=\"font-weight: 400;\">Le Domaine Saint-Bernard vous propose 45 km de pistes dam\u00e9es pour le ski classique et en pas de patin le long de la rivi\u00e8re du Diable et dans de magnifiques for\u00eats. Quatorze kilom\u00e8tres de pistes de ski nordique non dam\u00e9es sont \u00e9galement propos\u00e9s pour une exp\u00e9rience diff\u00e9rente.\u00a0<\/span><span style=\"font-weight: 400;\">Le Ski de fond au domaine de Saint Bernard est adapt\u00e9 \u00e0 tous les niveaux, des d\u00e9butants aux experts<\/span><\/p>\n<p>&nbsp;<\/p>\n<\/div>\n<\/div>\n<\/div>\n<\/div>\n<\/div>\n<div class=\"wpb_column vc_column_container vc_col-sm-4\">\n<div class=\"vc_column-inner vc_custom_1562283759865\">\n<div class=\"wpb_wrapper\">\n<div class=\"wpb_single_image wpb_content_element vc_align_center\">\n<div class=\"wpb_wrapper\">\n<div class=\"vc_single_image-wrapper vc_box_shadow vc_box_border_grey\"><img loading=\"lazy\" decoding=\"async\" class=\"vc_single_image-img attachment-medium\" src=\"https:\/\/i0.wp.com\/officialmonttremblant.com\/wp-content\/uploads\/2019\/07\/2014HiverTMT2_dkcooper-7413-710X300-1.jpg?fit=300%2C196&amp;ssl=1\" sizes=\"auto, (max-width: 300px) 100vw, 300px\" srcset=\"https:\/\/i0.wp.com\/officialmonttremblant.com\/wp-content\/uploads\/2019\/07\/2014HiverTMT2_dkcooper-7413-710X300-1.jpg?w=347&amp;ssl=1 347w, https:\/\/i0.wp.com\/officialmonttremblant.com\/wp-content\/uploads\/2019\/07\/2014HiverTMT2_dkcooper-7413-710X300-1.jpg?resize=300%2C196&amp;ssl=1 300w\" alt=\"cross country skiing Tremblant, Domaine Saint-Bernard\" width=\"300\" height=\"196\" data-pagespeed-url-hash=\"2074387386\" \/><\/div>\n<\/div>\n<\/div>\n<\/div>\n<\/div>\n<\/div>\n<\/div>\n<\/div>\n<p>[\/vc_column_text][vc_empty_space][vc_btn title=\u00a0\u00bbR\u00e9servez en ligne\u00a0\u00bb align=\u00a0\u00bbcenter\u00a0\u00bb link=\u00a0\u00bburl:819%20425%203588%20https%3A%2F%2Fdomainesaintbernard.org%2Fski-de-fond%2F|title:R%C3%A9servez%20en%20ligne|target:_blank\u00a0\u00bb][\/vc_column][\/vc_row][vc_row][vc_column][vc_empty_space height=\u00a0\u00bb60px\u00a0\u00bb][\/vc_column][\/vc_row][vc_row][vc_column][vc_column_text]<\/p>\n<div class=\"vc_row wpb_row section vc_row-fluid vc_inner \">\n<div class=\" full_section_inner clearfix\">\n<div class=\"wpb_column vc_column_container vc_col-sm-8\">\n<div class=\"vc_column-inner\">\n<div class=\"wpb_wrapper\">\n<div class=\"wpb_text_column wpb_content_element \">\n<div class=\"wpb_wrapper\">\n<p><strong>MONT TREMBLANT NATIONAL PARK<\/strong><\/p>\n<p>4456, chemin du Lac-Sup\u00e9rieur, Lac-Sup\u00e9rieur<br \/>\n1 819 688-2281<br \/>\n<a href=\"https:\/\/www.sepaq.com\/en\/reservation\/cross-country-skiing\">sepaq.com<\/a><\/p>\n<\/div>\n<\/div>\n<div class=\"wpb_text_column wpb_content_element vc_custom_1562286191554\">\n<div class=\"wpb_wrapper\">\n<p><span style=\"font-weight: 400;\">Dans le secteur de la Diable, 37 km de pistes de ski de fond classique sont trac\u00e9s et entretenus m\u00e9caniquement. Les pistes sont r\u00e9parties en 5 parcours, class\u00e9es de facile \u00e0 tr\u00e8s difficile. Il est possible d&rsquo;effectuer un arr\u00eat dans l&rsquo;un des 5 refuges du Parc pour se sustenter ou se r\u00e9chauffer.<\/span><\/p>\n<\/div>\n<\/div>\n<\/div>\n<\/div>\n<\/div>\n<div class=\"wpb_column vc_column_container vc_col-sm-4\">\n<div class=\"vc_column-inner\">\n<div class=\"wpb_wrapper\">\n<div class=\"wpb_single_image wpb_content_element vc_align_center\">\n<div class=\"wpb_wrapper\">\n<div class=\"vc_single_image-wrapper vc_box_shadow vc_box_border_grey\"><img loading=\"lazy\" decoding=\"async\" class=\"vc_single_image-img attachment-medium\" src=\"https:\/\/i0.wp.com\/officialmonttremblant.com\/wp-content\/uploads\/2019\/07\/mot_130218_0231.jpg?fit=300%2C200&amp;ssl=1\" sizes=\"auto, (max-width: 300px) 100vw, 300px\" srcset=\"https:\/\/i0.wp.com\/officialmonttremblant.com\/wp-content\/uploads\/2019\/07\/mot_130218_0231.jpg?w=1280&amp;ssl=1 1280w, https:\/\/i0.wp.com\/officialmonttremblant.com\/wp-content\/uploads\/2019\/07\/mot_130218_0231.jpg?resize=300%2C200&amp;ssl=1 300w, https:\/\/i0.wp.com\/officialmonttremblant.com\/wp-content\/uploads\/2019\/07\/mot_130218_0231.jpg?resize=768%2C512&amp;ssl=1 768w, https:\/\/i0.wp.com\/officialmonttremblant.com\/wp-content\/uploads\/2019\/07\/mot_130218_0231.jpg?resize=1024%2C682&amp;ssl=1 1024w, https:\/\/i0.wp.com\/officialmonttremblant.com\/wp-content\/uploads\/2019\/07\/mot_130218_0231.jpg?resize=700%2C466&amp;ssl=1 700w\" alt=\"cross country skiing Tremblant National Park\" width=\"300\" height=\"200\" data-pagespeed-url-hash=\"3301262989\" \/><\/div>\n<\/div>\n<\/div>\n<\/div>\n<\/div>\n<\/div>\n<\/div>\n<\/div>\n<div class=\"wpb_wrapper\"><\/div>\n<div><\/div>\n<p>[\/vc_column_text][vc_empty_space][vc_btn title=\u00a0\u00bbR\u00e9servez en ligne\u00a0\u00bb align=\u00a0\u00bbcenter\u00a0\u00bb link=\u00a0\u00bburl:https%3A%2F%2Fwww.sepaq.com%2Ffr%2Freservation%2Fski-fond|title:R%C3%A9servez%20en%20ligne|target:_blank\u00a0\u00bb][\/vc_column][\/vc_row]<\/p>\n","protected":false},"excerpt":{"rendered":"<p>[vc_row][vc_column][\/vc_column][\/vc_row][vc_row][vc_column][vc_empty_space height=\u00a0\u00bb60px\u00a0\u00bb][\/vc_column][\/vc_row][vc_row][vc_column][vc_column_text] BEL AIR RESORT 80 rue des Sept Sommets, La Conception, QC J0T 1MO 1 819-341-4577 actiontremblant.com Profitez du ski de fond \u00e0 travers les 543 acres priv\u00e9s du Resort.\u00a0Le paradis du ski de fond !!! Les sentiers sont r\u00e9parties \u00e0 travers Bel Air allant de facile \u00e0 difficile. &nbsp; [\/vc_column_text][vc_empty_space][vc_btn title=\u00a0\u00bbR\u00e9servez en ligne\u00a0\u00bb&hellip;<\/p>\n","protected":false},"author":1,"featured_media":16955,"parent":21148,"menu_order":0,"comment_status":"closed","ping_status":"closed","template":"","meta":{"footnotes":""},"class_list":["post-24811","page","type-page","status-publish","has-post-thumbnail","hentry","description-off"],"yoast_head":"<!-- This site is optimized with the Yoast SEO Premium plugin v26.5 (Yoast SEO v26.5) - https:\/\/yoast.com\/wordpress\/plugins\/seo\/ -->\n<title>Ski de fond \u00e0 Tremblant, Activit\u00e9s d&#039;hiver \u00e0 Tremblant<\/title>\n<meta name=\"description\" content=\"Official Mont-Tremblant vous apporte plus d&#039;informations sur les activit\u00e9s d&#039;hiver \u00e0 Tremblant dont le ski de fond \u00e0 Tremblant.\" \/>\n<meta name=\"robots\" content=\"index, follow, max-snippet:-1, max-image-preview:large, max-video-preview:-1\" \/>\n<link rel=\"canonical\" href=\"https:\/\/officialmonttremblant.com\/fr\/activites\/activites-d-hiver\/ski-de-fond\/\" \/>\n<meta property=\"og:locale\" content=\"fr_FR\" \/>\n<meta property=\"og:type\" content=\"article\" \/>\n<meta property=\"og:title\" content=\"Ski de fond\" \/>\n<meta property=\"og:description\" content=\"Official Mont-Tremblant vous apporte plus d&#039;informations sur les activit\u00e9s d&#039;hiver \u00e0 Tremblant dont le ski de fond \u00e0 Tremblant.\" \/>\n<meta property=\"og:url\" content=\"https:\/\/officialmonttremblant.com\/fr\/activites\/activites-d-hiver\/ski-de-fond\/\" \/>\n<meta property=\"og:site_name\" content=\"Official Mont Tremblant\" \/>\n<meta property=\"article:modified_time\" content=\"2025-07-29T16:03:35+00:00\" \/>\n<meta property=\"og:image\" content=\"https:\/\/officialmonttremblant.com\/wp-content\/uploads\/2022\/07\/Crosscountry-skiing.jpg\" \/>\n\t<meta property=\"og:image:width\" content=\"1024\" \/>\n\t<meta property=\"og:image:height\" content=\"683\" \/>\n\t<meta property=\"og:image:type\" content=\"image\/jpeg\" \/>\n<meta name=\"twitter:card\" content=\"summary_large_image\" \/>\n<meta name=\"twitter:label1\" content=\"Dur\u00e9e de lecture estim\u00e9e\" \/>\n\t<meta name=\"twitter:data1\" content=\"3 minutes\" \/>\n<script type=\"application\/ld+json\" class=\"yoast-schema-graph\">{\"@context\":\"https:\/\/schema.org\",\"@graph\":[{\"@type\":\"WebPage\",\"@id\":\"https:\/\/officialmonttremblant.com\/fr\/activites\/activites-d-hiver\/ski-de-fond\/\",\"url\":\"https:\/\/officialmonttremblant.com\/fr\/activites\/activites-d-hiver\/ski-de-fond\/\",\"name\":\"Ski de fond \u00e0 Tremblant, Activit\u00e9s d'hiver \u00e0 Tremblant\",\"isPartOf\":{\"@id\":\"https:\/\/officialmonttremblant.com\/fr\/#website\"},\"primaryImageOfPage\":{\"@id\":\"https:\/\/officialmonttremblant.com\/fr\/activites\/activites-d-hiver\/ski-de-fond\/#primaryimage\"},\"image\":{\"@id\":\"https:\/\/officialmonttremblant.com\/fr\/activites\/activites-d-hiver\/ski-de-fond\/#primaryimage\"},\"thumbnailUrl\":\"https:\/\/officialmonttremblant.com\/wp-content\/uploads\/2022\/07\/Crosscountry-skiing.jpg\",\"datePublished\":\"2022-07-26T14:36:48+00:00\",\"dateModified\":\"2025-07-29T16:03:35+00:00\",\"description\":\"Official Mont-Tremblant vous apporte plus d'informations sur les activit\u00e9s d'hiver \u00e0 Tremblant dont le ski de fond \u00e0 Tremblant.\",\"breadcrumb\":{\"@id\":\"https:\/\/officialmonttremblant.com\/fr\/activites\/activites-d-hiver\/ski-de-fond\/#breadcrumb\"},\"inLanguage\":\"fr-FR\",\"potentialAction\":[{\"@type\":\"ReadAction\",\"target\":[\"https:\/\/officialmonttremblant.com\/fr\/activites\/activites-d-hiver\/ski-de-fond\/\"]}]},{\"@type\":\"ImageObject\",\"inLanguage\":\"fr-FR\",\"@id\":\"https:\/\/officialmonttremblant.com\/fr\/activites\/activites-d-hiver\/ski-de-fond\/#primaryimage\",\"url\":\"https:\/\/officialmonttremblant.com\/wp-content\/uploads\/2022\/07\/Crosscountry-skiing.jpg\",\"contentUrl\":\"https:\/\/officialmonttremblant.com\/wp-content\/uploads\/2022\/07\/Crosscountry-skiing.jpg\",\"width\":1024,\"height\":683,\"caption\":\"Cross-country skiing in Mont-Tremblant\"},{\"@type\":\"BreadcrumbList\",\"@id\":\"https:\/\/officialmonttremblant.com\/fr\/activites\/activites-d-hiver\/ski-de-fond\/#breadcrumb\",\"itemListElement\":[{\"@type\":\"ListItem\",\"position\":1,\"name\":\"Home\",\"item\":\"https:\/\/officialmonttremblant.com\/fr\/\"},{\"@type\":\"ListItem\",\"position\":2,\"name\":\"Activit\u00e9s\",\"item\":\"https:\/\/officialmonttremblant.com\/fr\/activites\/\"},{\"@type\":\"ListItem\",\"position\":3,\"name\":\"Activit\u00e9s d&#8217;hiver\",\"item\":\"https:\/\/officialmonttremblant.com\/fr\/activites\/activites-d-hiver\/\"},{\"@type\":\"ListItem\",\"position\":4,\"name\":\"Ski de fond\"}]},{\"@type\":\"WebSite\",\"@id\":\"https:\/\/officialmonttremblant.com\/fr\/#website\",\"url\":\"https:\/\/officialmonttremblant.com\/fr\/\",\"name\":\"Official Mont Tremblant\",\"description\":\"Vacation &amp; tourist guide in Mont Tremblant\",\"potentialAction\":[{\"@type\":\"SearchAction\",\"target\":{\"@type\":\"EntryPoint\",\"urlTemplate\":\"https:\/\/officialmonttremblant.com\/fr\/?s={search_term_string}\"},\"query-input\":{\"@type\":\"PropertyValueSpecification\",\"valueRequired\":true,\"valueName\":\"search_term_string\"}}],\"inLanguage\":\"fr-FR\"}]}<\/script>\n<!-- \/ Yoast SEO Premium plugin. -->","yoast_head_json":{"title":"Ski de fond \u00e0 Tremblant, Activit\u00e9s d'hiver \u00e0 Tremblant","description":"Official Mont-Tremblant vous apporte plus d'informations sur les activit\u00e9s d'hiver \u00e0 Tremblant dont le ski de fond \u00e0 Tremblant.","robots":{"index":"index","follow":"follow","max-snippet":"max-snippet:-1","max-image-preview":"max-image-preview:large","max-video-preview":"max-video-preview:-1"},"canonical":"https:\/\/officialmonttremblant.com\/fr\/activites\/activites-d-hiver\/ski-de-fond\/","og_locale":"fr_FR","og_type":"article","og_title":"Ski de fond","og_description":"Official Mont-Tremblant vous apporte plus d'informations sur les activit\u00e9s d'hiver \u00e0 Tremblant dont le ski de fond \u00e0 Tremblant.","og_url":"https:\/\/officialmonttremblant.com\/fr\/activites\/activites-d-hiver\/ski-de-fond\/","og_site_name":"Official Mont Tremblant","article_modified_time":"2025-07-29T16:03:35+00:00","og_image":[{"width":1024,"height":683,"url":"https:\/\/officialmonttremblant.com\/wp-content\/uploads\/2022\/07\/Crosscountry-skiing.jpg","type":"image\/jpeg"}],"twitter_card":"summary_large_image","twitter_misc":{"Dur\u00e9e de lecture estim\u00e9e":"3 minutes"},"schema":{"@context":"https:\/\/schema.org","@graph":[{"@type":"WebPage","@id":"https:\/\/officialmonttremblant.com\/fr\/activites\/activites-d-hiver\/ski-de-fond\/","url":"https:\/\/officialmonttremblant.com\/fr\/activites\/activites-d-hiver\/ski-de-fond\/","name":"Ski de fond \u00e0 Tremblant, Activit\u00e9s d'hiver \u00e0 Tremblant","isPartOf":{"@id":"https:\/\/officialmonttremblant.com\/fr\/#website"},"primaryImageOfPage":{"@id":"https:\/\/officialmonttremblant.com\/fr\/activites\/activites-d-hiver\/ski-de-fond\/#primaryimage"},"image":{"@id":"https:\/\/officialmonttremblant.com\/fr\/activites\/activites-d-hiver\/ski-de-fond\/#primaryimage"},"thumbnailUrl":"https:\/\/officialmonttremblant.com\/wp-content\/uploads\/2022\/07\/Crosscountry-skiing.jpg","datePublished":"2022-07-26T14:36:48+00:00","dateModified":"2025-07-29T16:03:35+00:00","description":"Official Mont-Tremblant vous apporte plus d'informations sur les activit\u00e9s d'hiver \u00e0 Tremblant dont le ski de fond \u00e0 Tremblant.","breadcrumb":{"@id":"https:\/\/officialmonttremblant.com\/fr\/activites\/activites-d-hiver\/ski-de-fond\/#breadcrumb"},"inLanguage":"fr-FR","potentialAction":[{"@type":"ReadAction","target":["https:\/\/officialmonttremblant.com\/fr\/activites\/activites-d-hiver\/ski-de-fond\/"]}]},{"@type":"ImageObject","inLanguage":"fr-FR","@id":"https:\/\/officialmonttremblant.com\/fr\/activites\/activites-d-hiver\/ski-de-fond\/#primaryimage","url":"https:\/\/officialmonttremblant.com\/wp-content\/uploads\/2022\/07\/Crosscountry-skiing.jpg","contentUrl":"https:\/\/officialmonttremblant.com\/wp-content\/uploads\/2022\/07\/Crosscountry-skiing.jpg","width":1024,"height":683,"caption":"Cross-country skiing in Mont-Tremblant"},{"@type":"BreadcrumbList","@id":"https:\/\/officialmonttremblant.com\/fr\/activites\/activites-d-hiver\/ski-de-fond\/#breadcrumb","itemListElement":[{"@type":"ListItem","position":1,"name":"Home","item":"https:\/\/officialmonttremblant.com\/fr\/"},{"@type":"ListItem","position":2,"name":"Activit\u00e9s","item":"https:\/\/officialmonttremblant.com\/fr\/activites\/"},{"@type":"ListItem","position":3,"name":"Activit\u00e9s d&#8217;hiver","item":"https:\/\/officialmonttremblant.com\/fr\/activites\/activites-d-hiver\/"},{"@type":"ListItem","position":4,"name":"Ski de fond"}]},{"@type":"WebSite","@id":"https:\/\/officialmonttremblant.com\/fr\/#website","url":"https:\/\/officialmonttremblant.com\/fr\/","name":"Official Mont Tremblant","description":"Vacation &amp; tourist guide in Mont Tremblant","potentialAction":[{"@type":"SearchAction","target":{"@type":"EntryPoint","urlTemplate":"https:\/\/officialmonttremblant.com\/fr\/?s={search_term_string}"},"query-input":{"@type":"PropertyValueSpecification","valueRequired":true,"valueName":"search_term_string"}}],"inLanguage":"fr-FR"}]}},"jetpack_sharing_enabled":true,"_links":{"self":[{"href":"https:\/\/officialmonttremblant.com\/fr\/wp-json\/wp\/v2\/pages\/24811","targetHints":{"allow":["GET"]}}],"collection":[{"href":"https:\/\/officialmonttremblant.com\/fr\/wp-json\/wp\/v2\/pages"}],"about":[{"href":"https:\/\/officialmonttremblant.com\/fr\/wp-json\/wp\/v2\/types\/page"}],"author":[{"embeddable":true,"href":"https:\/\/officialmonttremblant.com\/fr\/wp-json\/wp\/v2\/users\/1"}],"replies":[{"embeddable":true,"href":"https:\/\/officialmonttremblant.com\/fr\/wp-json\/wp\/v2\/comments?post=24811"}],"version-history":[{"count":3,"href":"https:\/\/officialmonttremblant.com\/fr\/wp-json\/wp\/v2\/pages\/24811\/revisions"}],"predecessor-version":[{"id":26397,"href":"https:\/\/officialmonttremblant.com\/fr\/wp-json\/wp\/v2\/pages\/24811\/revisions\/26397"}],"up":[{"embeddable":true,"href":"https:\/\/officialmonttremblant.com\/fr\/wp-json\/wp\/v2\/pages\/21148"}],"wp:featuredmedia":[{"embeddable":true,"href":"https:\/\/officialmonttremblant.com\/fr\/wp-json\/wp\/v2\/media\/16955"}],"wp:attachment":[{"href":"https:\/\/officialmonttremblant.com\/fr\/wp-json\/wp\/v2\/media?parent=24811"}],"curies":[{"name":"wp","href":"https:\/\/api.w.org\/{rel}","templated":true}]}}