{"id":24821,"date":"2022-09-22T17:14:05","date_gmt":"2022-09-22T21:14:05","guid":{"rendered":"https:\/\/officialmonttremblant.com\/activites\/activites-d-hiver\/ice-climbing\/"},"modified":"2022-10-25T14:07:42","modified_gmt":"2022-10-25T17:07:42","slug":"escalade-sur-glace","status":"publish","type":"page","link":"https:\/\/officialmonttremblant.com\/fr\/activites\/activites-d-hiver\/escalade-sur-glace\/","title":{"rendered":"Escalade sur glace"},"content":{"rendered":"<p>[vc_row][vc_column]<div id=\"ultimate-heading-732069ee60d67dd35\" class=\"uvc-heading ult-adjust-bottom-margin ultimate-heading-732069ee60d67dd35 uvc-9004  uvc-heading-default-font-sizes\" data-hspacer=\"no_spacer\"  data-halign=\"left\" style=\"text-align:left\"><div class=\"uvc-heading-spacer no_spacer\" style=\"top\"><\/div><div class=\"uvc-main-heading ult-responsive\"  data-ultimate-target='.uvc-heading.ultimate-heading-732069ee60d67dd35 h2'  data-responsive-json-new='{\"font-size\":\"\",\"line-height\":\"\"}' ><h2 style=\"--font-weight:theme;\">Escalade sur glace \u00e0 Mont-Tremblant<\/h2><\/div><div class=\"uvc-sub-heading ult-responsive\"  data-ultimate-target='.uvc-heading.ultimate-heading-732069ee60d67dd35 .uvc-sub-heading '  data-responsive-json-new='{\"font-size\":\"\",\"line-height\":\"\"}'  style=\"font-weight:normal;\"><\/p>\n<p style=\"text-align: left;\">Official Mont-Tremblant vous offre plus d&rsquo;informations sur les activit\u00e9s d&rsquo;hiver \u00e0 Tremblant dont l&rsquo;escalade sur glace \u00e0 Mont-Tremblant.<\/p>\n<p style=\"text-align: left;\"><span style=\"font-weight: 400;\">Relevez le d\u00e9fi et essayez l&rsquo;escalade de glace \u00e0 Mont Tremblant! Aucune exp\u00e9rience n&rsquo;est requise car cette activit\u00e9 qui est \u00e9galement con\u00e7ue pour les d\u00e9butants. Vous apprendrez d&rsquo;abord le protocole de s\u00e9curit\u00e9 de l&rsquo;escalade sur glace, les techniques d&rsquo;escalade de base et comment assurer les autres grimpeurs.\u00a0<\/span><span style=\"font-weight: 400;\">D&rsquo;autres forfaits sont propos\u00e9s par l&rsquo;\u00e9cole d\u2019escalade de glace en fonction de vos comp\u00e9tences.<\/span><\/p>\n<p style=\"text-align: left;\"><span style=\"font-weight: 400;\">Tout l&rsquo;\u00e9quipement est fourni mais l&rsquo;escalade de glace \u00e0 Mont Tremblant n\u00e9cessite que vous apportiez vos propres bottes de ski alpin. Si vous n&rsquo;avez pas de chaussures de ski pour l&rsquo;escalade sur glace, vous pouvez en louer. Il est fortement recommand\u00e9 de porter des v\u00eatements chauds comme des pantalons deski, un chapeau et des lunettes car vous serez en contact direct avec la glace et il fait froid. \u00a0<\/span><strong>L&rsquo;<\/strong><span style=\"font-weight: 400;\"><strong>&lsquo;\u00e9cole d&rsquo;escalade Roc et Glace<\/strong> vous proposent diff\u00e9rentes activit\u00e9s d&rsquo;escalade sur glace :<\/span><\/p>\n<p><\/div><\/div>[\/vc_column][\/vc_row][vc_row][vc_column][vc_empty_space height=\u00a0\u00bb60px\u00a0\u00bb][\/vc_column][\/vc_row][vc_row][vc_column][vc_column_text]<\/p>\n<p style=\"text-align: left;\"><strong>INITIATION A L&rsquo;ESCALADE DE GLACE<\/strong><\/p>\n<p style=\"text-align: left;\"><span style=\"font-weight: 400;\">Vous voulez vivre une journ\u00e9e remplie de surprises \u00e0 la d\u00e9couverte de vos capacit\u00e9s ? Cette initiation \u00e0 la pratique de l\u2019escalade sur glace avec Roc et Glace escalade se fait en toute s\u00e9curit\u00e9. Vous assisterez \u00e0 une pr\u00e9sentation du mat\u00e9riel de base et apprendrez la m\u00e9thode d\u2019assurage avec votre partenaire. Vous recevrez aussi des conseils vous permettant de progresser avec aisance et efficacit\u00e9.<\/span><\/p>\n<p style=\"text-align: left;\"><span style=\"font-weight: 400;\">Pr\u00e9-requis:\u00a0<\/span><span style=\"font-weight: 400;\">Aucun<\/span><\/p>\n<p style=\"text-align: left;\"><span style=\"font-weight: 400;\">Dur\u00e9e:\u00a0<\/span><span style=\"font-weight: 400;\">Une journ\u00e9e<\/span><\/p>\n<p style=\"text-align: left;\"><span style=\"font-weight: 400;\">Ratio:\u00a0<\/span><span style=\"font-weight: 400;\">1 guide jusqu\u2019\u00e0 8 personnes<\/span><\/p>\n<p style=\"text-align: left;\"><span style=\"font-weight: 400;\">Co\u00fbt: selon le nombre de participants<\/span><\/p>\n<p style=\"text-align: left;\"><span style=\"font-weight: 400;\">Tarifs:\u00a0<\/span><a href=\"https:\/\/www.rocetglace.ca\/?lang=fr\"><span style=\"font-weight: 400;\">https:\/\/www.rocetglace.ca\/?lang=fr<\/span><\/a><\/p>\n<p>&nbsp;<\/p>\n<p style=\"text-align: left;\"><strong>AUTONOMIE MOULINETTE GLACE<\/strong><\/p>\n<p style=\"text-align: left;\"><span style=\"font-weight: 400;\">Ce cours est tout indiqu\u00e9 pour les gens qui grimpent d\u00e9j\u00e0 \u00e0 l\u2019int\u00e9rieur en moulinette et qui d\u00e9sirent grimper \u00e0 l\u2019ext\u00e9rieur m\u00eame l\u2019hiver. Nous verrons, entre autres, les relais sur arbre(s) et sur vis \u00e0 glace pour l\u2019installation d\u2019une moulinette s\u00e9curitaire, les n\u0153uds et leurs applications, et le rappel. Nous aborderons aussi l\u2019auto-sauvetage en milieu hivernal.\u00a0<\/span><span style=\"font-weight: 400;\">Un plan de cours et un aide-m\u00e9moire vous seront remis.<\/span><\/p>\n<p style=\"text-align: left;\"><span style=\"font-weight: 400;\">Pr\u00e9-requis:\u00a0<\/span><span style=\"font-weight: 400;\">Au moins une journ\u00e9e d\u2019initiation ou l\u2019exp\u00e9rience \u00e9quivalente.<\/span><\/p>\n<p style=\"text-align: left;\"><span style=\"font-weight: 400;\">Dur\u00e9e:\u00a0<\/span><span style=\"font-weight: 400;\">1 \u00e0 2 jours selon les comp\u00e9tences d\u00e9j\u00e0 acquises<\/span><\/p>\n<p style=\"text-align: left;\"><span style=\"font-weight: 400;\">Ratio:\u00a0<\/span><span style=\"font-weight: 400;\">1 guide jusqu\u2019\u00e0 4 personnes<\/span><\/p>\n<p style=\"text-align: left;\"><span style=\"font-weight: 400;\">Co\u00fbt selon le nombre de participants<\/span><\/p>\n<p style=\"text-align: left;\"><span style=\"font-weight: 400;\">Tarifs:\u00a0<\/span><a href=\"https:\/\/www.rocetglace.ca\/?lang=fr\"><span style=\"font-weight: 400;\">https:\/\/www.rocetglace.ca\/?lang=fr\u00a0<\/span><\/a><\/p>\n<p>&nbsp;<\/p>\n<p style=\"text-align: left;\"><strong>PREMIER DE CORD\u00c9E SUR GLACE<\/strong><\/p>\n<p style=\"text-align: left;\"><span style=\"font-weight: 400;\">Apprenez comment gravir des parois de glace multi-longueurs. D\u00e9couvrez les subtilit\u00e9s de la pose de protections en hiver, entre autres avec des vis \u00e0 glace. D\u00e9veloppez des techniques et des attitudes pour conserver votre \u00e9nergie.\u00a0<\/span><span style=\"font-weight: 400;\">Un plan de cours et un aide-m\u00e9moire vous seront remis.<\/span><\/p>\n<p style=\"text-align: left;\"><span style=\"font-weight: 400;\">Pr\u00e9-requis:\u00a0<\/span><span style=\"font-weight: 400;\">Savoir grimper au niveau WI 4+ en moulinette<\/span><\/p>\n<p style=\"text-align: left;\"><span style=\"font-weight: 400;\">Dur\u00e9e:\u00a0<\/span><span style=\"font-weight: 400;\">1 \u00e0 3 jours, selon votre exp\u00e9rience<\/span><\/p>\n<p style=\"text-align: left;\"><span style=\"font-weight: 400;\">Ratio:\u00a0<\/span><span style=\"font-weight: 400;\">1 guide jusqu\u2019\u00e0 4 personnes<\/span><\/p>\n<p style=\"text-align: left;\"><span style=\"font-weight: 400;\">Co\u00fbt selon le nombre de participants<\/span><\/p>\n<p style=\"text-align: left;\"><span style=\"font-weight: 400;\">Tarifs:\u00a0<\/span><a href=\"https:\/\/www.rocetglace.ca\/?lang=fr\"><span style=\"font-weight: 400;\">https:\/\/www.rocetglace.ca\/?lang=fr\u00a0<\/span><\/a><\/p>\n<p>&nbsp;<\/p>\n<p style=\"text-align: left;\"><strong>JOURNEE GUIDEE SUR GLACE<\/strong><\/p>\n<p style=\"text-align: left;\"><span style=\"font-weight: 400;\">Le forfait sur mesure! Choisissez le contenu de votre journ\u00e9e, tout est possible. Vous r\u00eavez d\u2019une voie en particulier, nous vous y guiderons en toute s\u00e9curit\u00e9. Que ce soit pour une r\u00e9alisation personnelle ou pour un entrainement sp\u00e9cifique \u00e0 une activit\u00e9 ult\u00e9rieure, suivez le guide!<\/span><\/p>\n<p style=\"text-align: left;\"><span style=\"font-weight: 400;\">Dur\u00e9e minimum:\u00a0<\/span><span style=\"font-weight: 400;\">Une journ\u00e9e<\/span><\/p>\n<p style=\"text-align: left;\"><span style=\"font-weight: 400;\">Lieu:\u00a0<\/span><span style=\"font-weight: 400;\">\u00c0 votre choix<\/span><\/p>\n<p style=\"text-align: left;\"><span style=\"font-weight: 400;\">Ratio:\u00a0<\/span><span style=\"font-weight: 400;\">Un guide pour deux personnes. Les prix peuvent varier selon l\u2019itin\u00e9raire et l\u2019instructeur choisis.\u00a0<\/span><span style=\"font-weight: 400;\">Co\u00fbt selon le nombre de participants<\/span><\/p>\n<p style=\"text-align: left;\"><span style=\"font-weight: 400;\">Tarifs:\u00a0<\/span><a href=\"https:\/\/www.rocetglace.ca\/?lang=fr\"><span style=\"font-weight: 400;\">https:\/\/www.rocetglace.ca\/?lang=fr<\/span><\/a><\/p>\n<p>&nbsp;<\/p>\n<p>&nbsp;<\/p>\n<p style=\"text-align: center;\"><strong>\u00a0ECOLE D\u2019ESCALADE ROC ET GLACE<\/strong><\/p>\n<p style=\"text-align: center;\"><strong><i>1000, route de la Montagne d\u2019Argent, La Conception QC G0T 1M0<\/i><\/strong><\/p>\n<p style=\"text-align: center;\"><strong>T\u00c9L\u00c9PHONE<\/strong><\/p>\n<p style=\"text-align: center;\"><strong>514 466-2854<\/strong><\/p>\n<p>[\/vc_column_text][\/vc_column][\/vc_row][vc_row][vc_column][vc_empty_space height=\u00a0\u00bb60px\u00a0\u00bb][\/vc_column][\/vc_row][vc_row][vc_column][vc_single_image image=\u00a0\u00bb23612&Prime; img_size=\u00a0\u00bb800&#215;600&Prime; alignment=\u00a0\u00bbcenter\u00a0\u00bb][\/vc_column][\/vc_row]<\/p>\n","protected":false},"excerpt":{"rendered":"<p>[vc_row][vc_column][\/vc_column][\/vc_row][vc_row][vc_column][vc_empty_space height=\u00a0\u00bb60px\u00a0\u00bb][\/vc_column][\/vc_row][vc_row][vc_column][vc_column_text] INITIATION A L&rsquo;ESCALADE DE GLACE Vous voulez vivre une journ\u00e9e remplie de surprises \u00e0 la d\u00e9couverte de vos capacit\u00e9s ? Cette initiation \u00e0 la pratique de l\u2019escalade sur glace avec Roc et Glace escalade se fait en toute s\u00e9curit\u00e9. Vous assisterez \u00e0 une pr\u00e9sentation du mat\u00e9riel de base et apprendrez la m\u00e9thode d\u2019assurage&hellip;<\/p>\n","protected":false},"author":5,"featured_media":23613,"parent":21148,"menu_order":0,"comment_status":"closed","ping_status":"closed","template":"","meta":{"footnotes":""},"class_list":["post-24821","page","type-page","status-publish","has-post-thumbnail","hentry","description-off"],"yoast_head":"<!-- This site is optimized with the Yoast SEO Premium plugin v26.5 (Yoast SEO v26.5) - https:\/\/yoast.com\/wordpress\/plugins\/seo\/ -->\n<title>escalade sur glace \u00e0 Mont-Tremblant, activit\u00e9s d&#039;hiver \u00e0 Tremblant<\/title>\n<meta name=\"description\" content=\"Official Mont-Tremblant vous offre plus d&#039;informations sur les activit\u00e9s d&#039;hiver \u00e0 Tremblant dont l&#039;escalade sur glace \u00e0 Mont-Tremblant.\" \/>\n<meta name=\"robots\" content=\"index, follow, max-snippet:-1, max-image-preview:large, max-video-preview:-1\" \/>\n<link rel=\"canonical\" href=\"https:\/\/officialmonttremblant.com\/fr\/activites\/activites-d-hiver\/escalade-sur-glace\/\" \/>\n<meta property=\"og:locale\" content=\"fr_FR\" \/>\n<meta property=\"og:type\" content=\"article\" \/>\n<meta property=\"og:title\" content=\"Escalade sur glace\" \/>\n<meta property=\"og:description\" content=\"Official Mont-Tremblant vous offre plus d&#039;informations sur les activit\u00e9s d&#039;hiver \u00e0 Tremblant dont l&#039;escalade sur glace \u00e0 Mont-Tremblant.\" \/>\n<meta property=\"og:url\" content=\"https:\/\/officialmonttremblant.com\/fr\/activites\/activites-d-hiver\/escalade-sur-glace\/\" \/>\n<meta property=\"og:site_name\" content=\"Official Mont Tremblant\" \/>\n<meta property=\"article:modified_time\" content=\"2022-10-25T17:07:42+00:00\" \/>\n<meta property=\"og:image\" content=\"https:\/\/officialmonttremblant.com\/wp-content\/uploads\/2022\/09\/ice-climbing.jpeg\" \/>\n\t<meta property=\"og:image:width\" content=\"1072\" \/>\n\t<meta property=\"og:image:height\" content=\"712\" \/>\n\t<meta property=\"og:image:type\" content=\"image\/jpeg\" \/>\n<meta name=\"twitter:card\" content=\"summary_large_image\" \/>\n<meta name=\"twitter:label1\" content=\"Dur\u00e9e de lecture estim\u00e9e\" \/>\n\t<meta name=\"twitter:data1\" content=\"3 minutes\" \/>\n<script type=\"application\/ld+json\" class=\"yoast-schema-graph\">{\"@context\":\"https:\/\/schema.org\",\"@graph\":[{\"@type\":\"WebPage\",\"@id\":\"https:\/\/officialmonttremblant.com\/fr\/activites\/activites-d-hiver\/escalade-sur-glace\/\",\"url\":\"https:\/\/officialmonttremblant.com\/fr\/activites\/activites-d-hiver\/escalade-sur-glace\/\",\"name\":\"escalade sur glace \u00e0 Mont-Tremblant, activit\u00e9s d'hiver \u00e0 Tremblant\",\"isPartOf\":{\"@id\":\"https:\/\/officialmonttremblant.com\/fr\/#website\"},\"primaryImageOfPage\":{\"@id\":\"https:\/\/officialmonttremblant.com\/fr\/activites\/activites-d-hiver\/escalade-sur-glace\/#primaryimage\"},\"image\":{\"@id\":\"https:\/\/officialmonttremblant.com\/fr\/activites\/activites-d-hiver\/escalade-sur-glace\/#primaryimage\"},\"thumbnailUrl\":\"https:\/\/officialmonttremblant.com\/wp-content\/uploads\/2022\/09\/ice-climbing.jpeg\",\"datePublished\":\"2022-09-22T21:14:05+00:00\",\"dateModified\":\"2022-10-25T17:07:42+00:00\",\"description\":\"Official Mont-Tremblant vous offre plus d'informations sur les activit\u00e9s d'hiver \u00e0 Tremblant dont l'escalade sur glace \u00e0 Mont-Tremblant.\",\"breadcrumb\":{\"@id\":\"https:\/\/officialmonttremblant.com\/fr\/activites\/activites-d-hiver\/escalade-sur-glace\/#breadcrumb\"},\"inLanguage\":\"fr-FR\",\"potentialAction\":[{\"@type\":\"ReadAction\",\"target\":[\"https:\/\/officialmonttremblant.com\/fr\/activites\/activites-d-hiver\/escalade-sur-glace\/\"]}]},{\"@type\":\"ImageObject\",\"inLanguage\":\"fr-FR\",\"@id\":\"https:\/\/officialmonttremblant.com\/fr\/activites\/activites-d-hiver\/escalade-sur-glace\/#primaryimage\",\"url\":\"https:\/\/officialmonttremblant.com\/wp-content\/uploads\/2022\/09\/ice-climbing.jpeg\",\"contentUrl\":\"https:\/\/officialmonttremblant.com\/wp-content\/uploads\/2022\/09\/ice-climbing.jpeg\",\"width\":1072,\"height\":712,\"caption\":\"Ice climbing\"},{\"@type\":\"BreadcrumbList\",\"@id\":\"https:\/\/officialmonttremblant.com\/fr\/activites\/activites-d-hiver\/escalade-sur-glace\/#breadcrumb\",\"itemListElement\":[{\"@type\":\"ListItem\",\"position\":1,\"name\":\"Home\",\"item\":\"https:\/\/officialmonttremblant.com\/fr\/\"},{\"@type\":\"ListItem\",\"position\":2,\"name\":\"Activit\u00e9s\",\"item\":\"https:\/\/officialmonttremblant.com\/fr\/activites\/\"},{\"@type\":\"ListItem\",\"position\":3,\"name\":\"Activit\u00e9s d&#8217;hiver\",\"item\":\"https:\/\/officialmonttremblant.com\/fr\/activites\/activites-d-hiver\/\"},{\"@type\":\"ListItem\",\"position\":4,\"name\":\"Escalade sur glace\"}]},{\"@type\":\"WebSite\",\"@id\":\"https:\/\/officialmonttremblant.com\/fr\/#website\",\"url\":\"https:\/\/officialmonttremblant.com\/fr\/\",\"name\":\"Official Mont Tremblant\",\"description\":\"Vacation &amp; tourist guide in Mont Tremblant\",\"potentialAction\":[{\"@type\":\"SearchAction\",\"target\":{\"@type\":\"EntryPoint\",\"urlTemplate\":\"https:\/\/officialmonttremblant.com\/fr\/?s={search_term_string}\"},\"query-input\":{\"@type\":\"PropertyValueSpecification\",\"valueRequired\":true,\"valueName\":\"search_term_string\"}}],\"inLanguage\":\"fr-FR\"}]}<\/script>\n<!-- \/ Yoast SEO Premium plugin. -->","yoast_head_json":{"title":"escalade sur glace \u00e0 Mont-Tremblant, activit\u00e9s d'hiver \u00e0 Tremblant","description":"Official Mont-Tremblant vous offre plus d'informations sur les activit\u00e9s d'hiver \u00e0 Tremblant dont l'escalade sur glace \u00e0 Mont-Tremblant.","robots":{"index":"index","follow":"follow","max-snippet":"max-snippet:-1","max-image-preview":"max-image-preview:large","max-video-preview":"max-video-preview:-1"},"canonical":"https:\/\/officialmonttremblant.com\/fr\/activites\/activites-d-hiver\/escalade-sur-glace\/","og_locale":"fr_FR","og_type":"article","og_title":"Escalade sur glace","og_description":"Official Mont-Tremblant vous offre plus d'informations sur les activit\u00e9s d'hiver \u00e0 Tremblant dont l'escalade sur glace \u00e0 Mont-Tremblant.","og_url":"https:\/\/officialmonttremblant.com\/fr\/activites\/activites-d-hiver\/escalade-sur-glace\/","og_site_name":"Official Mont Tremblant","article_modified_time":"2022-10-25T17:07:42+00:00","og_image":[{"width":1072,"height":712,"url":"https:\/\/officialmonttremblant.com\/wp-content\/uploads\/2022\/09\/ice-climbing.jpeg","type":"image\/jpeg"}],"twitter_card":"summary_large_image","twitter_misc":{"Dur\u00e9e de lecture estim\u00e9e":"3 minutes"},"schema":{"@context":"https:\/\/schema.org","@graph":[{"@type":"WebPage","@id":"https:\/\/officialmonttremblant.com\/fr\/activites\/activites-d-hiver\/escalade-sur-glace\/","url":"https:\/\/officialmonttremblant.com\/fr\/activites\/activites-d-hiver\/escalade-sur-glace\/","name":"escalade sur glace \u00e0 Mont-Tremblant, activit\u00e9s d'hiver \u00e0 Tremblant","isPartOf":{"@id":"https:\/\/officialmonttremblant.com\/fr\/#website"},"primaryImageOfPage":{"@id":"https:\/\/officialmonttremblant.com\/fr\/activites\/activites-d-hiver\/escalade-sur-glace\/#primaryimage"},"image":{"@id":"https:\/\/officialmonttremblant.com\/fr\/activites\/activites-d-hiver\/escalade-sur-glace\/#primaryimage"},"thumbnailUrl":"https:\/\/officialmonttremblant.com\/wp-content\/uploads\/2022\/09\/ice-climbing.jpeg","datePublished":"2022-09-22T21:14:05+00:00","dateModified":"2022-10-25T17:07:42+00:00","description":"Official Mont-Tremblant vous offre plus d'informations sur les activit\u00e9s d'hiver \u00e0 Tremblant dont l'escalade sur glace \u00e0 Mont-Tremblant.","breadcrumb":{"@id":"https:\/\/officialmonttremblant.com\/fr\/activites\/activites-d-hiver\/escalade-sur-glace\/#breadcrumb"},"inLanguage":"fr-FR","potentialAction":[{"@type":"ReadAction","target":["https:\/\/officialmonttremblant.com\/fr\/activites\/activites-d-hiver\/escalade-sur-glace\/"]}]},{"@type":"ImageObject","inLanguage":"fr-FR","@id":"https:\/\/officialmonttremblant.com\/fr\/activites\/activites-d-hiver\/escalade-sur-glace\/#primaryimage","url":"https:\/\/officialmonttremblant.com\/wp-content\/uploads\/2022\/09\/ice-climbing.jpeg","contentUrl":"https:\/\/officialmonttremblant.com\/wp-content\/uploads\/2022\/09\/ice-climbing.jpeg","width":1072,"height":712,"caption":"Ice climbing"},{"@type":"BreadcrumbList","@id":"https:\/\/officialmonttremblant.com\/fr\/activites\/activites-d-hiver\/escalade-sur-glace\/#breadcrumb","itemListElement":[{"@type":"ListItem","position":1,"name":"Home","item":"https:\/\/officialmonttremblant.com\/fr\/"},{"@type":"ListItem","position":2,"name":"Activit\u00e9s","item":"https:\/\/officialmonttremblant.com\/fr\/activites\/"},{"@type":"ListItem","position":3,"name":"Activit\u00e9s d&#8217;hiver","item":"https:\/\/officialmonttremblant.com\/fr\/activites\/activites-d-hiver\/"},{"@type":"ListItem","position":4,"name":"Escalade sur glace"}]},{"@type":"WebSite","@id":"https:\/\/officialmonttremblant.com\/fr\/#website","url":"https:\/\/officialmonttremblant.com\/fr\/","name":"Official Mont Tremblant","description":"Vacation &amp; tourist guide in Mont Tremblant","potentialAction":[{"@type":"SearchAction","target":{"@type":"EntryPoint","urlTemplate":"https:\/\/officialmonttremblant.com\/fr\/?s={search_term_string}"},"query-input":{"@type":"PropertyValueSpecification","valueRequired":true,"valueName":"search_term_string"}}],"inLanguage":"fr-FR"}]}},"jetpack_sharing_enabled":true,"_links":{"self":[{"href":"https:\/\/officialmonttremblant.com\/fr\/wp-json\/wp\/v2\/pages\/24821","targetHints":{"allow":["GET"]}}],"collection":[{"href":"https:\/\/officialmonttremblant.com\/fr\/wp-json\/wp\/v2\/pages"}],"about":[{"href":"https:\/\/officialmonttremblant.com\/fr\/wp-json\/wp\/v2\/types\/page"}],"author":[{"embeddable":true,"href":"https:\/\/officialmonttremblant.com\/fr\/wp-json\/wp\/v2\/users\/5"}],"replies":[{"embeddable":true,"href":"https:\/\/officialmonttremblant.com\/fr\/wp-json\/wp\/v2\/comments?post=24821"}],"version-history":[{"count":4,"href":"https:\/\/officialmonttremblant.com\/fr\/wp-json\/wp\/v2\/pages\/24821\/revisions"}],"predecessor-version":[{"id":26377,"href":"https:\/\/officialmonttremblant.com\/fr\/wp-json\/wp\/v2\/pages\/24821\/revisions\/26377"}],"up":[{"embeddable":true,"href":"https:\/\/officialmonttremblant.com\/fr\/wp-json\/wp\/v2\/pages\/21148"}],"wp:featuredmedia":[{"embeddable":true,"href":"https:\/\/officialmonttremblant.com\/fr\/wp-json\/wp\/v2\/media\/23613"}],"wp:attachment":[{"href":"https:\/\/officialmonttremblant.com\/fr\/wp-json\/wp\/v2\/media?parent=24821"}],"curies":[{"name":"wp","href":"https:\/\/api.w.org\/{rel}","templated":true}]}}