{"id":24830,"date":"2022-09-22T16:48:19","date_gmt":"2022-09-22T20:48:19","guid":{"rendered":"https:\/\/officialmonttremblant.com\/activites\/activites-d-hiver\/snowboarding\/"},"modified":"2025-07-29T12:06:44","modified_gmt":"2025-07-29T16:06:44","slug":"snowboard","status":"publish","type":"page","link":"https:\/\/officialmonttremblant.com\/fr\/activites\/activites-d-hiver\/snowboard\/","title":{"rendered":"Snowboard"},"content":{"rendered":"<p>[vc_row][vc_column]<div id=\"ultimate-heading-470369db778f761d9\" class=\"uvc-heading ult-adjust-bottom-margin ultimate-heading-470369db778f761d9 uvc-2642  uvc-heading-default-font-sizes\" data-hspacer=\"no_spacer\"  data-halign=\"left\" style=\"text-align:left\"><div class=\"uvc-heading-spacer no_spacer\" style=\"top\"><\/div><div class=\"uvc-main-heading ult-responsive\"  data-ultimate-target='.uvc-heading.ultimate-heading-470369db778f761d9 h2'  data-responsive-json-new='{\"font-size\":\"\",\"line-height\":\"\"}' ><h2 style=\"--font-weight:theme;\">Mont-Tremblant snowboarding<\/h2><\/div><div class=\"uvc-sub-heading ult-responsive\"  data-ultimate-target='.uvc-heading.ultimate-heading-470369db778f761d9 .uvc-sub-heading '  data-responsive-json-new='{\"font-size\":\"\",\"line-height\":\"\"}'  style=\"font-weight:normal;\"><\/p>\n<p style=\"text-align: left;\">Official Mont-Tremblant vous apporte plus d&rsquo;informations sur les activit\u00e9s d&rsquo;hiver \u00e0 Mont-Tremblant dont le snowboard \u00e0 Mont-Tremblant.<\/p>\n<p><span style=\"font-weight: 400;\">Tremblant est l\u2019un des sites de snowboard les plus vastes du Canada.<\/span><span style=\"font-weight: 400;\">Les snowboarders ont acc\u00e8s \u00e0 12 hectares de terrain paysag\u00e9 dans trois diff\u00e9rents parcs \u00e0 neige de Mont Tremblant situ\u00e9s sur la montagne.<\/span><\/p>\n<p><span style=\"font-weight: 400;\">Le snowboard \u00e0 Mont Tremblant est devenu l&rsquo;un des sports les plus populaires au monde apr\u00e8s le ski. En raison de sa position unique, ce genre de surf des neiges permet de faire plus de figures et de virages sur une seule planche que sur deux skis s\u00e9par\u00e9s. Ce sport a tellement gagn\u00e9 en popularit\u00e9 qu&rsquo;il a m\u00eame \u00e9t\u00e9 ajout\u00e9 aux X Games et aux Jeux olympiques d&rsquo;hiver comme l&rsquo;un des sports les plus exaltants \u00e0 regarder. <\/span><span style=\"font-weight: 400;\">Les snowboarders de Mont Tremblant ont maintenant un endroit bien \u00e0 eux. Au cours des derni\u00e8res ann\u00e9es, Mont Tremblant a , \u00e0 la demande g\u00e9n\u00e9rale, fait construire plusieurs parcs \u00e0 neige pour les figures et la pratique du snowboard.\u00a0<\/span><\/p>\n<p><span style=\"font-weight: 400;\">Il y a trois parcs au total avec vue panoramique sur le lac Tremblant et la campagne environnante. De nouveaux modules, pistes, ou rampes sont ajout\u00e9s chaque ann\u00e9e pour rendre le parcours plus comp\u00e9titif et stimulant. Les amateurs de snowboard de Mont Tremblant ont donc\u00a0 toute une s\u00e9lection de parcs \u00e0 neige \u00e0 leur disposition ce qui les ravit !\u00a0<\/span><\/p>\n<p><span style=\"font-weight: 400;\">L&rsquo;un des \u00e9v\u00e9nements de snowboard les plus populaires est le Speed \u200b\u200bNation Mont Tremblant <\/span><a href=\"https:\/\/www.canadasnowboard.ca\/en\/events\/sbxtour\/\"><span style=\"font-weight: 400;\">https:\/\/www.canadasnowboard.ca\/en\/events\/sbxtour\/ <\/span><\/a><span style=\"font-weight: 400;\">Speed \u200b\u200bNation Mont Tremblant est la premi\u00e8re \u00e9tape de slalom g\u00e9ant parall\u00e8le du Speed \u200b\u200bNation Alpine Tour. Il fait partie du North American Alpine Tour et rassemble les meilleurs athl\u00e8tes alpins d&rsquo;Am\u00e9rique du Nord qui participent \u00e0 deux \u00e9preuves de slalom g\u00e9ant parall\u00e8le en deux jours.\u00a0<\/span><span style=\"font-weight: 400;\">Speed \u200b\u200bnation Mont Tremblant aura lieu les 9 et 10 f\u00e9vrier 2022<\/span><\/div><\/div>[\/vc_column][\/vc_row][vc_row][vc_column][vc_empty_space height=\u00a0\u00bb60px\u00a0\u00bb][\/vc_column][\/vc_row][vc_row][vc_column][vc_single_image image=\u00a0\u00bb23600&Prime; img_size=\u00a0\u00bb800&#215;400&Prime; alignment=\u00a0\u00bbcenter\u00a0\u00bb][\/vc_column][\/vc_row]<\/p>\n","protected":false},"excerpt":{"rendered":"<p>[vc_row][vc_column][\/vc_column][\/vc_row][vc_row][vc_column][vc_empty_space height=\u00a0\u00bb60px\u00a0\u00bb][\/vc_column][\/vc_row][vc_row][vc_column][vc_single_image image=\u00a0\u00bb23600&Prime; img_size=\u00a0\u00bb800&#215;400&Prime; alignment=\u00a0\u00bbcenter\u00a0\u00bb][\/vc_column][\/vc_row]<\/p>\n","protected":false},"author":5,"featured_media":23601,"parent":21148,"menu_order":0,"comment_status":"closed","ping_status":"closed","template":"","meta":{"footnotes":""},"class_list":["post-24830","page","type-page","status-publish","has-post-thumbnail","hentry","description-off"],"yoast_head":"<!-- This site is optimized with the Yoast SEO Premium plugin v26.5 (Yoast SEO v26.5) - https:\/\/yoast.com\/wordpress\/plugins\/seo\/ -->\n<title>Snowboard \u00e0 Mont-Tremblant, Activit\u00e9s d&#039;hiver \u00e0 Mont-Trembalnt<\/title>\n<meta name=\"description\" content=\"Official Mont-Tremblant vous apporte plus d&#039;informations sur les activit\u00e9s d&#039;hiver \u00e0 Mont-Tremblant dont le snowboard \u00e0 Mont-Tremblant.\" \/>\n<meta name=\"robots\" content=\"index, follow, max-snippet:-1, max-image-preview:large, max-video-preview:-1\" \/>\n<link rel=\"canonical\" href=\"https:\/\/officialmonttremblant.com\/fr\/activites\/activites-d-hiver\/snowboard\/\" \/>\n<meta property=\"og:locale\" content=\"fr_FR\" \/>\n<meta property=\"og:type\" content=\"article\" \/>\n<meta property=\"og:title\" content=\"Snowboard\" \/>\n<meta property=\"og:description\" content=\"Official Mont-Tremblant vous apporte plus d&#039;informations sur les activit\u00e9s d&#039;hiver \u00e0 Mont-Tremblant dont le snowboard \u00e0 Mont-Tremblant.\" \/>\n<meta property=\"og:url\" content=\"https:\/\/officialmonttremblant.com\/fr\/activites\/activites-d-hiver\/snowboard\/\" \/>\n<meta property=\"og:site_name\" content=\"Official Mont Tremblant\" \/>\n<meta property=\"article:modified_time\" content=\"2025-07-29T16:06:44+00:00\" \/>\n<meta property=\"og:image\" content=\"https:\/\/officialmonttremblant.com\/wp-content\/uploads\/2022\/09\/snowboarding-g72734f18c_1920.jpg\" \/>\n\t<meta property=\"og:image:width\" content=\"1920\" \/>\n\t<meta property=\"og:image:height\" content=\"1280\" \/>\n\t<meta property=\"og:image:type\" content=\"image\/jpeg\" \/>\n<meta name=\"twitter:card\" content=\"summary_large_image\" \/>\n<meta name=\"twitter:label1\" content=\"Dur\u00e9e de lecture estim\u00e9e\" \/>\n\t<meta name=\"twitter:data1\" content=\"2 minutes\" \/>\n<script type=\"application\/ld+json\" class=\"yoast-schema-graph\">{\"@context\":\"https:\/\/schema.org\",\"@graph\":[{\"@type\":\"WebPage\",\"@id\":\"https:\/\/officialmonttremblant.com\/fr\/activites\/activites-d-hiver\/snowboard\/\",\"url\":\"https:\/\/officialmonttremblant.com\/fr\/activites\/activites-d-hiver\/snowboard\/\",\"name\":\"Snowboard \u00e0 Mont-Tremblant, Activit\u00e9s d'hiver \u00e0 Mont-Trembalnt\",\"isPartOf\":{\"@id\":\"https:\/\/officialmonttremblant.com\/fr\/#website\"},\"primaryImageOfPage\":{\"@id\":\"https:\/\/officialmonttremblant.com\/fr\/activites\/activites-d-hiver\/snowboard\/#primaryimage\"},\"image\":{\"@id\":\"https:\/\/officialmonttremblant.com\/fr\/activites\/activites-d-hiver\/snowboard\/#primaryimage\"},\"thumbnailUrl\":\"https:\/\/officialmonttremblant.com\/wp-content\/uploads\/2022\/09\/snowboarding-g72734f18c_1920.jpg\",\"datePublished\":\"2022-09-22T20:48:19+00:00\",\"dateModified\":\"2025-07-29T16:06:44+00:00\",\"description\":\"Official Mont-Tremblant vous apporte plus d'informations sur les activit\u00e9s d'hiver \u00e0 Mont-Tremblant dont le snowboard \u00e0 Mont-Tremblant.\",\"breadcrumb\":{\"@id\":\"https:\/\/officialmonttremblant.com\/fr\/activites\/activites-d-hiver\/snowboard\/#breadcrumb\"},\"inLanguage\":\"fr-FR\",\"potentialAction\":[{\"@type\":\"ReadAction\",\"target\":[\"https:\/\/officialmonttremblant.com\/fr\/activites\/activites-d-hiver\/snowboard\/\"]}]},{\"@type\":\"ImageObject\",\"inLanguage\":\"fr-FR\",\"@id\":\"https:\/\/officialmonttremblant.com\/fr\/activites\/activites-d-hiver\/snowboard\/#primaryimage\",\"url\":\"https:\/\/officialmonttremblant.com\/wp-content\/uploads\/2022\/09\/snowboarding-g72734f18c_1920.jpg\",\"contentUrl\":\"https:\/\/officialmonttremblant.com\/wp-content\/uploads\/2022\/09\/snowboarding-g72734f18c_1920.jpg\",\"width\":1920,\"height\":1280,\"caption\":\"Snowboarding in Tremblant\"},{\"@type\":\"BreadcrumbList\",\"@id\":\"https:\/\/officialmonttremblant.com\/fr\/activites\/activites-d-hiver\/snowboard\/#breadcrumb\",\"itemListElement\":[{\"@type\":\"ListItem\",\"position\":1,\"name\":\"Home\",\"item\":\"https:\/\/officialmonttremblant.com\/fr\/\"},{\"@type\":\"ListItem\",\"position\":2,\"name\":\"Activit\u00e9s\",\"item\":\"https:\/\/officialmonttremblant.com\/fr\/activites\/\"},{\"@type\":\"ListItem\",\"position\":3,\"name\":\"Activit\u00e9s d&#8217;hiver\",\"item\":\"https:\/\/officialmonttremblant.com\/fr\/activites\/activites-d-hiver\/\"},{\"@type\":\"ListItem\",\"position\":4,\"name\":\"Snowboard\"}]},{\"@type\":\"WebSite\",\"@id\":\"https:\/\/officialmonttremblant.com\/fr\/#website\",\"url\":\"https:\/\/officialmonttremblant.com\/fr\/\",\"name\":\"Official Mont Tremblant\",\"description\":\"Vacation &amp; tourist guide in Mont Tremblant\",\"potentialAction\":[{\"@type\":\"SearchAction\",\"target\":{\"@type\":\"EntryPoint\",\"urlTemplate\":\"https:\/\/officialmonttremblant.com\/fr\/?s={search_term_string}\"},\"query-input\":{\"@type\":\"PropertyValueSpecification\",\"valueRequired\":true,\"valueName\":\"search_term_string\"}}],\"inLanguage\":\"fr-FR\"}]}<\/script>\n<!-- \/ Yoast SEO Premium plugin. -->","yoast_head_json":{"title":"Snowboard \u00e0 Mont-Tremblant, Activit\u00e9s d'hiver \u00e0 Mont-Trembalnt","description":"Official Mont-Tremblant vous apporte plus d'informations sur les activit\u00e9s d'hiver \u00e0 Mont-Tremblant dont le snowboard \u00e0 Mont-Tremblant.","robots":{"index":"index","follow":"follow","max-snippet":"max-snippet:-1","max-image-preview":"max-image-preview:large","max-video-preview":"max-video-preview:-1"},"canonical":"https:\/\/officialmonttremblant.com\/fr\/activites\/activites-d-hiver\/snowboard\/","og_locale":"fr_FR","og_type":"article","og_title":"Snowboard","og_description":"Official Mont-Tremblant vous apporte plus d'informations sur les activit\u00e9s d'hiver \u00e0 Mont-Tremblant dont le snowboard \u00e0 Mont-Tremblant.","og_url":"https:\/\/officialmonttremblant.com\/fr\/activites\/activites-d-hiver\/snowboard\/","og_site_name":"Official Mont Tremblant","article_modified_time":"2025-07-29T16:06:44+00:00","og_image":[{"width":1920,"height":1280,"url":"https:\/\/officialmonttremblant.com\/wp-content\/uploads\/2022\/09\/snowboarding-g72734f18c_1920.jpg","type":"image\/jpeg"}],"twitter_card":"summary_large_image","twitter_misc":{"Dur\u00e9e de lecture estim\u00e9e":"2 minutes"},"schema":{"@context":"https:\/\/schema.org","@graph":[{"@type":"WebPage","@id":"https:\/\/officialmonttremblant.com\/fr\/activites\/activites-d-hiver\/snowboard\/","url":"https:\/\/officialmonttremblant.com\/fr\/activites\/activites-d-hiver\/snowboard\/","name":"Snowboard \u00e0 Mont-Tremblant, Activit\u00e9s d'hiver \u00e0 Mont-Trembalnt","isPartOf":{"@id":"https:\/\/officialmonttremblant.com\/fr\/#website"},"primaryImageOfPage":{"@id":"https:\/\/officialmonttremblant.com\/fr\/activites\/activites-d-hiver\/snowboard\/#primaryimage"},"image":{"@id":"https:\/\/officialmonttremblant.com\/fr\/activites\/activites-d-hiver\/snowboard\/#primaryimage"},"thumbnailUrl":"https:\/\/officialmonttremblant.com\/wp-content\/uploads\/2022\/09\/snowboarding-g72734f18c_1920.jpg","datePublished":"2022-09-22T20:48:19+00:00","dateModified":"2025-07-29T16:06:44+00:00","description":"Official Mont-Tremblant vous apporte plus d'informations sur les activit\u00e9s d'hiver \u00e0 Mont-Tremblant dont le snowboard \u00e0 Mont-Tremblant.","breadcrumb":{"@id":"https:\/\/officialmonttremblant.com\/fr\/activites\/activites-d-hiver\/snowboard\/#breadcrumb"},"inLanguage":"fr-FR","potentialAction":[{"@type":"ReadAction","target":["https:\/\/officialmonttremblant.com\/fr\/activites\/activites-d-hiver\/snowboard\/"]}]},{"@type":"ImageObject","inLanguage":"fr-FR","@id":"https:\/\/officialmonttremblant.com\/fr\/activites\/activites-d-hiver\/snowboard\/#primaryimage","url":"https:\/\/officialmonttremblant.com\/wp-content\/uploads\/2022\/09\/snowboarding-g72734f18c_1920.jpg","contentUrl":"https:\/\/officialmonttremblant.com\/wp-content\/uploads\/2022\/09\/snowboarding-g72734f18c_1920.jpg","width":1920,"height":1280,"caption":"Snowboarding in Tremblant"},{"@type":"BreadcrumbList","@id":"https:\/\/officialmonttremblant.com\/fr\/activites\/activites-d-hiver\/snowboard\/#breadcrumb","itemListElement":[{"@type":"ListItem","position":1,"name":"Home","item":"https:\/\/officialmonttremblant.com\/fr\/"},{"@type":"ListItem","position":2,"name":"Activit\u00e9s","item":"https:\/\/officialmonttremblant.com\/fr\/activites\/"},{"@type":"ListItem","position":3,"name":"Activit\u00e9s d&#8217;hiver","item":"https:\/\/officialmonttremblant.com\/fr\/activites\/activites-d-hiver\/"},{"@type":"ListItem","position":4,"name":"Snowboard"}]},{"@type":"WebSite","@id":"https:\/\/officialmonttremblant.com\/fr\/#website","url":"https:\/\/officialmonttremblant.com\/fr\/","name":"Official Mont Tremblant","description":"Vacation &amp; tourist guide in Mont Tremblant","potentialAction":[{"@type":"SearchAction","target":{"@type":"EntryPoint","urlTemplate":"https:\/\/officialmonttremblant.com\/fr\/?s={search_term_string}"},"query-input":{"@type":"PropertyValueSpecification","valueRequired":true,"valueName":"search_term_string"}}],"inLanguage":"fr-FR"}]}},"jetpack_sharing_enabled":true,"_links":{"self":[{"href":"https:\/\/officialmonttremblant.com\/fr\/wp-json\/wp\/v2\/pages\/24830","targetHints":{"allow":["GET"]}}],"collection":[{"href":"https:\/\/officialmonttremblant.com\/fr\/wp-json\/wp\/v2\/pages"}],"about":[{"href":"https:\/\/officialmonttremblant.com\/fr\/wp-json\/wp\/v2\/types\/page"}],"author":[{"embeddable":true,"href":"https:\/\/officialmonttremblant.com\/fr\/wp-json\/wp\/v2\/users\/5"}],"replies":[{"embeddable":true,"href":"https:\/\/officialmonttremblant.com\/fr\/wp-json\/wp\/v2\/comments?post=24830"}],"version-history":[{"count":3,"href":"https:\/\/officialmonttremblant.com\/fr\/wp-json\/wp\/v2\/pages\/24830\/revisions"}],"predecessor-version":[{"id":26359,"href":"https:\/\/officialmonttremblant.com\/fr\/wp-json\/wp\/v2\/pages\/24830\/revisions\/26359"}],"up":[{"embeddable":true,"href":"https:\/\/officialmonttremblant.com\/fr\/wp-json\/wp\/v2\/pages\/21148"}],"wp:featuredmedia":[{"embeddable":true,"href":"https:\/\/officialmonttremblant.com\/fr\/wp-json\/wp\/v2\/media\/23601"}],"wp:attachment":[{"href":"https:\/\/officialmonttremblant.com\/fr\/wp-json\/wp\/v2\/media?parent=24830"}],"curies":[{"name":"wp","href":"https:\/\/api.w.org\/{rel}","templated":true}]}}