{"id":24832,"date":"2022-09-22T16:33:34","date_gmt":"2022-09-22T20:33:34","guid":{"rendered":"https:\/\/officialmonttremblant.com\/activites\/activites-d-hiver\/snowmobile\/"},"modified":"2025-07-29T12:06:47","modified_gmt":"2025-07-29T16:06:47","slug":"motoneige","status":"publish","type":"page","link":"https:\/\/officialmonttremblant.com\/fr\/activites\/activites-d-hiver\/motoneige\/","title":{"rendered":"Motoneige"},"content":{"rendered":"<p>[vc_row][vc_column]<div id=\"ultimate-heading-87969ee4694df83c\" class=\"uvc-heading ult-adjust-bottom-margin ultimate-heading-87969ee4694df83c uvc-6177  uvc-heading-default-font-sizes\" data-hspacer=\"no_spacer\"  data-halign=\"left\" style=\"text-align:left\"><div class=\"uvc-heading-spacer no_spacer\" style=\"top\"><\/div><div class=\"uvc-main-heading ult-responsive\"  data-ultimate-target='.uvc-heading.ultimate-heading-87969ee4694df83c h2'  data-responsive-json-new='{\"font-size\":\"\",\"line-height\":\"\"}' ><h2 style=\"--font-weight:theme;\">Motoneige \u00e0 Mont-Tremblant<\/h2><\/div><div class=\"uvc-sub-heading ult-responsive\"  data-ultimate-target='.uvc-heading.ultimate-heading-87969ee4694df83c .uvc-sub-heading '  data-responsive-json-new='{\"font-size\":\"\",\"line-height\":\"\"}'  style=\"font-weight:normal;\"><\/p>\n<p style=\"text-align: left;\">Official Mont-Tremblant vous apporte plus d&rsquo;informations sur les activit\u00e9s d&rsquo;hiver \u00e0 Mont-Tremblant dont la motoneige \u00e0 Mont-Tremblant.<\/p>\n<p style=\"text-align: left;\">Les motoneiges de Mont-Tremblant sont semblables \u00e0 un jet ski, mais elles sont con\u00e7ues pour se d\u00e9placer rapidement sur la neige et la glace et doivent \u00eatre utilis\u00e9es avec prudence. Les motoneiges \u00e0 Tremblant peuvent \u00eatre lou\u00e9es avec ou sans guide professionnel. Nous recommandons la location de motoneiges aux personnes qui en ont d\u00e9j\u00e0 conduit une ou qui ont de l&rsquo;exp\u00e9rience dans la conduite d&rsquo;un VTT ou d&rsquo;une moto.<\/p>\n<p style=\"text-align: left;\">Les visites guid\u00e9es en motoneige au Mont Tremblant sont d&rsquo;une des activit\u00e9s favorites des touristes \u00a0\u00e0 Tremblant. C&rsquo;est le moyen id\u00e9al de d\u00e9couvrir le magnifique terrain enneig\u00e9 tout en admirant la beaut\u00e9 des Laurentides.<\/p>\n<p style=\"text-align: left;\">Pour ceux qui aiment se d\u00e9placer \u00e0 un rythme plus rapide ou qui aiment les sensations fortes, louez une motoneige et partez en solo. Laissez le guide derri\u00e8re vous, prenez une carte et parcourez le vaste r\u00e9seau de sentiers de montagne, seul ou avec un \u00eatre cher.<\/p>\n<p><\/div><\/div>[\/vc_column][\/vc_row][vc_row][vc_column][vc_empty_space height=\u00a0\u00bb60px\u00a0\u00bb][\/vc_column][\/vc_row][vc_row][vc_column][vc_column_text]<\/p>\n<div class=\"wpb_column vc_column_container vc_col-sm-6\">\n<div class=\"vc_column-inner\">\n<div class=\"wpb_wrapper\">\n<div class=\"wpb_text_column wpb_content_element \">\n<div class=\"wpb_wrapper\">\n<p>Email: <a href=\"mailto:info@actiontremblant.com\">info@actiontremblant.com<\/a><\/p>\n<p>T\u00e9l\u00e9phone: +1 819 833-1293<\/p>\n<p>Adresse: 80 rues des Sept Sommets<br \/>\nMont Tremblant, QC J0T 1M0<\/p>\n<\/div>\n<\/div>\n<\/div>\n<\/div>\n<\/div>\n<div class=\"wpb_column vc_column_container vc_col-sm-6\">\n<div class=\"vc_column-inner\">\n<div class=\"wpb_wrapper\">\n<div class=\"wpb_text_column wpb_content_element \">\n<div class=\"wpb_wrapper\">\n<div id=\"supsystic-table-110_76610\" class=\"supsystic-tables-wrap \" data-table-width-fixed=\"100%\" data-table-width-mobile=\"100%\">\n<div id=\"supsystic-table-110_wrapper\" class=\"dataTables_wrapper no-footer\">\n<table id=\"supsystic-table-110\" class=\"supsystic-table compact border lightboxImg row-border dataTable no-footer\" role=\"grid\" data-id=\"110\" data-view-id=\"110_76610\" data-title=\"Snowmobile Tremblant\" data-currency-format=\"$1,000.00\" data-percent-format=\"10.00%\" data-date-format=\"DD.MM.YYYY\" data-time-format=\"HH:mm\" data-features=\"[&quot;after_table_loaded_script&quot;,&quot;import&quot;]\" data-search-value=\"\" data-lightbox-img=\"\" data-head=\"on\" data-head-rows-count=\"1\" data-fixed-head=\"on\" data-fixed-height=\"400\" data-pagination-length=\"50,100,All\" data-auto-index=\"off\" data-searching-settings=\"{&quot;columnSearchPosition&quot;:&quot;bottom&quot;,&quot;minChars&quot;:&quot;0&quot;}\" data-lang=\"default\" data-override=\"{&quot;emptyTable&quot;:&quot;&quot;,&quot;info&quot;:&quot;&quot;,&quot;infoEmpty&quot;:&quot;&quot;,&quot;infoFiltered&quot;:&quot;&quot;,&quot;lengthMenu&quot;:&quot;&quot;,&quot;search&quot;:&quot;&quot;,&quot;zeroRecords&quot;:&quot;&quot;,&quot;exportLabel&quot;:&quot;&quot;,&quot;file&quot;:&quot;default&quot;}\" data-merged=\"[]\" data-responsive-mode=\"0\" data-from-history=\"0\">\n<thead>\n<tr role=\"row\">\n<th class=\"bg-022a69 color-ffffff htMiddle bold htCenter sorting_disabled\" colspan=\"1\" rowspan=\"1\" data-cell-id=\"A1\" data-x=\"0\" data-y=\"1\" data-db-index=\"1\" data-cell-type=\"text\" data-original-value=\"1.5 HOUR SNOWMOBILE TOUR\" data-order=\"1.5 HOUR SNOWMOBILE TOUR\">1H30 TOUR EN MOTONEIGE<\/th>\n<th class=\"bg-022a69 color-ffffff htMiddle bold htCenter sorting_disabled\" colspan=\"1\" rowspan=\"1\" data-cell-id=\"B1\" data-x=\"1\" data-y=\"1\" data-db-index=\"1\" data-cell-type=\"text\" data-original-value=\"CAD\" data-order=\"CAD\">CAD<\/th>\n<th class=\"bg-022a69 color-ffffff htMiddle bold htCenter sorting_disabled\" colspan=\"1\" rowspan=\"1\" data-cell-id=\"C1\" data-x=\"2\" data-y=\"1\" data-db-index=\"1\" data-cell-type=\"text\" data-original-value=\"USD\" data-order=\"USD\">USD<\/th>\n<\/tr>\n<\/thead>\n<tbody>\n<tr class=\"odd\">\n<td class=\"htMiddle htLeft\" data-cell-id=\"A2\" data-x=\"0\" data-y=\"2\" data-db-index=\"2\" data-cell-type=\"text\" data-original-value=\"Driver (21 yrs+)\" data-order=\"Driver (21 yrs+)\">Conducteur (21 ans+)<\/td>\n<td class=\"htCenter htMiddle\" data-cell-id=\"B2\" data-x=\"1\" data-y=\"2\" data-db-index=\"2\" data-cell-type=\"text\" data-original-value=\"$179.99\" data-order=\"$179.99\">$179.99<\/td>\n<td class=\"htCenter htMiddle\" data-cell-id=\"C2\" data-x=\"2\" data-y=\"2\" data-db-index=\"2\" data-cell-type=\"text\" data-original-value=\"$140.00\" data-order=\"$140.00\">$140.00<\/td>\n<\/tr>\n<tr class=\"even\">\n<td class=\"htMiddle htLeft\" data-cell-id=\"A3\" data-x=\"0\" data-y=\"3\" data-db-index=\"3\" data-cell-type=\"text\" data-original-value=\"Passenger (5 yrs+)\" data-order=\"Passenger (5 yrs+)\">Passager (5 anss+)<\/td>\n<td class=\"htCenter htMiddle\" data-cell-id=\"B3\" data-x=\"1\" data-y=\"3\" data-db-index=\"3\" data-cell-type=\"text\" data-original-value=\"$59.99\" data-order=\"$59.99\">$59.99<\/td>\n<td class=\"htCenter htMiddle\" data-cell-id=\"C3\" data-x=\"2\" data-y=\"3\" data-db-index=\"3\" data-cell-type=\"text\" data-original-value=\"$47.00\" data-order=\"$47.00\">$47.00<\/td>\n<\/tr>\n<tr class=\"odd\">\n<td class=\"htMiddle htLeft\" data-cell-id=\"A4\" data-x=\"0\" data-y=\"4\" data-db-index=\"4\" data-cell-type=\"text\" data-original-value=\"Driver + Passenger\" data-order=\"Driver + Passenger\">Conducteur + Passager<\/td>\n<td class=\"htCenter htMiddle\" data-cell-id=\"B4\" data-x=\"1\" data-y=\"4\" data-db-index=\"4\" data-cell-type=\"text\" data-original-value=\"$239.98\" data-order=\"$239.98\">$239.98<\/td>\n<td class=\"htCenter htMiddle\" data-cell-id=\"C4\" data-x=\"2\" data-y=\"4\" data-db-index=\"4\" data-cell-type=\"text\" data-original-value=\"$187.00\" data-order=\"$187.00\">$187.00<\/td>\n<\/tr>\n<\/tbody>\n<\/table>\n<\/div>\n<\/div>\n<\/div>\n<\/div>\n<\/div>\n<\/div>\n<\/div>\n<p>[\/vc_column_text][\/vc_column][\/vc_row][vc_row][vc_column][vc_empty_space height=\u00a0\u00bb60px\u00a0\u00bb][\/vc_column][\/vc_row][vc_row][vc_column][vc_btn title=\u00a0\u00bbR\u00e9servez votre activit\u00e9 d\u00e8s maintenant!\u00a0\u00bb align=\u00a0\u00bbcenter\u00a0\u00bb link=\u00a0\u00bburl:https%3A%2F%2Factiontremblant.com%2Ffr%2Factivites-dhiver%2Ftours-en-motoneige%2F|title:Motoneige|target:_blank\u00a0\u00bb][\/vc_column][\/vc_row][vc_row][vc_column][vc_empty_space height=\u00a0\u00bb60px\u00a0\u00bb][\/vc_column][\/vc_row][vc_row][vc_column][vc_single_image image=\u00a0\u00bb23592&Prime; img_size=\u00a0\u00bb600&#215;400&Prime; alignment=\u00a0\u00bbcenter\u00a0\u00bb][\/vc_column][\/vc_row]<\/p>\n","protected":false},"excerpt":{"rendered":"<p>[vc_row][vc_column][\/vc_column][\/vc_row][vc_row][vc_column][vc_empty_space height=\u00a0\u00bb60px\u00a0\u00bb][\/vc_column][\/vc_row][vc_row][vc_column][vc_column_text] Email: info@actiontremblant.com T\u00e9l\u00e9phone: +1 819 833-1293 Adresse: 80 rues des Sept Sommets Mont Tremblant, QC J0T 1M0 1H30 TOUR EN MOTONEIGE CAD USD Conducteur (21 ans+) $179.99 $140.00 Passager (5 anss+) $59.99 $47.00 Conducteur + Passager $239.98 $187.00 [\/vc_column_text][\/vc_column][\/vc_row][vc_row][vc_column][vc_empty_space height=\u00a0\u00bb60px\u00a0\u00bb][\/vc_column][\/vc_row][vc_row][vc_column][vc_btn title=\u00a0\u00bbR\u00e9servez votre activit\u00e9 d\u00e8s maintenant!\u00a0\u00bb align=\u00a0\u00bbcenter\u00a0\u00bb link=\u00a0\u00bburl:https%3A%2F%2Factiontremblant.com%2Ffr%2Factivites-dhiver%2Ftours-en-motoneige%2F|title:Motoneige|target:_blank\u00a0\u00bb][\/vc_column][\/vc_row][vc_row][vc_column][vc_empty_space height=\u00a0\u00bb60px\u00a0\u00bb][\/vc_column][\/vc_row][vc_row][vc_column][vc_single_image image=\u00a0\u00bb23592&Prime; img_size=\u00a0\u00bb600&#215;400&Prime; alignment=\u00a0\u00bbcenter\u00a0\u00bb][\/vc_column][\/vc_row]<\/p>\n","protected":false},"author":5,"featured_media":23593,"parent":21148,"menu_order":0,"comment_status":"closed","ping_status":"closed","template":"","meta":{"footnotes":""},"class_list":["post-24832","page","type-page","status-publish","has-post-thumbnail","hentry","description-off"],"yoast_head":"<!-- This site is optimized with the Yoast SEO Premium plugin v26.5 (Yoast SEO v26.5) - https:\/\/yoast.com\/wordpress\/plugins\/seo\/ -->\n<title>Motoneige \u00e0 Mont-Tremblant, Activit\u00e9s d&#039;hiver \u00e0 Mont-Tremblant<\/title>\n<meta name=\"description\" content=\"Official Mont-Tremblant vous apporte plus d&#039;informations sur les activit\u00e9s d&#039;hiver \u00e0 Mont-Tremblant dont la motoneige \u00e0 Mont-Tremblant.\" \/>\n<meta name=\"robots\" content=\"index, follow, max-snippet:-1, max-image-preview:large, max-video-preview:-1\" \/>\n<link rel=\"canonical\" href=\"https:\/\/officialmonttremblant.com\/fr\/activites\/activites-d-hiver\/motoneige\/\" \/>\n<meta property=\"og:locale\" content=\"fr_FR\" \/>\n<meta property=\"og:type\" content=\"article\" \/>\n<meta property=\"og:title\" content=\"Motoneige\" \/>\n<meta property=\"og:description\" content=\"Official Mont-Tremblant vous apporte plus d&#039;informations sur les activit\u00e9s d&#039;hiver \u00e0 Mont-Tremblant dont la motoneige \u00e0 Mont-Tremblant.\" \/>\n<meta property=\"og:url\" content=\"https:\/\/officialmonttremblant.com\/fr\/activites\/activites-d-hiver\/motoneige\/\" \/>\n<meta property=\"og:site_name\" content=\"Official Mont Tremblant\" \/>\n<meta property=\"article:modified_time\" content=\"2025-07-29T16:06:47+00:00\" \/>\n<meta property=\"og:image\" content=\"https:\/\/officialmonttremblant.com\/wp-content\/uploads\/2022\/09\/snow-ga33bff265_1920.jpg\" \/>\n\t<meta property=\"og:image:width\" content=\"1920\" \/>\n\t<meta property=\"og:image:height\" content=\"993\" \/>\n\t<meta property=\"og:image:type\" content=\"image\/jpeg\" \/>\n<meta name=\"twitter:card\" content=\"summary_large_image\" \/>\n<meta name=\"twitter:label1\" content=\"Dur\u00e9e de lecture estim\u00e9e\" \/>\n\t<meta name=\"twitter:data1\" content=\"2 minutes\" \/>\n<script type=\"application\/ld+json\" class=\"yoast-schema-graph\">{\"@context\":\"https:\/\/schema.org\",\"@graph\":[{\"@type\":\"WebPage\",\"@id\":\"https:\/\/officialmonttremblant.com\/fr\/activites\/activites-d-hiver\/motoneige\/\",\"url\":\"https:\/\/officialmonttremblant.com\/fr\/activites\/activites-d-hiver\/motoneige\/\",\"name\":\"Motoneige \u00e0 Mont-Tremblant, Activit\u00e9s d'hiver \u00e0 Mont-Tremblant\",\"isPartOf\":{\"@id\":\"https:\/\/officialmonttremblant.com\/fr\/#website\"},\"primaryImageOfPage\":{\"@id\":\"https:\/\/officialmonttremblant.com\/fr\/activites\/activites-d-hiver\/motoneige\/#primaryimage\"},\"image\":{\"@id\":\"https:\/\/officialmonttremblant.com\/fr\/activites\/activites-d-hiver\/motoneige\/#primaryimage\"},\"thumbnailUrl\":\"https:\/\/officialmonttremblant.com\/wp-content\/uploads\/2022\/09\/snow-ga33bff265_1920.jpg\",\"datePublished\":\"2022-09-22T20:33:34+00:00\",\"dateModified\":\"2025-07-29T16:06:47+00:00\",\"description\":\"Official Mont-Tremblant vous apporte plus d'informations sur les activit\u00e9s d'hiver \u00e0 Mont-Tremblant dont la motoneige \u00e0 Mont-Tremblant.\",\"breadcrumb\":{\"@id\":\"https:\/\/officialmonttremblant.com\/fr\/activites\/activites-d-hiver\/motoneige\/#breadcrumb\"},\"inLanguage\":\"fr-FR\",\"potentialAction\":[{\"@type\":\"ReadAction\",\"target\":[\"https:\/\/officialmonttremblant.com\/fr\/activites\/activites-d-hiver\/motoneige\/\"]}]},{\"@type\":\"ImageObject\",\"inLanguage\":\"fr-FR\",\"@id\":\"https:\/\/officialmonttremblant.com\/fr\/activites\/activites-d-hiver\/motoneige\/#primaryimage\",\"url\":\"https:\/\/officialmonttremblant.com\/wp-content\/uploads\/2022\/09\/snow-ga33bff265_1920.jpg\",\"contentUrl\":\"https:\/\/officialmonttremblant.com\/wp-content\/uploads\/2022\/09\/snow-ga33bff265_1920.jpg\",\"width\":1920,\"height\":993,\"caption\":\"Snowmobile\"},{\"@type\":\"BreadcrumbList\",\"@id\":\"https:\/\/officialmonttremblant.com\/fr\/activites\/activites-d-hiver\/motoneige\/#breadcrumb\",\"itemListElement\":[{\"@type\":\"ListItem\",\"position\":1,\"name\":\"Home\",\"item\":\"https:\/\/officialmonttremblant.com\/fr\/\"},{\"@type\":\"ListItem\",\"position\":2,\"name\":\"Activit\u00e9s\",\"item\":\"https:\/\/officialmonttremblant.com\/fr\/activites\/\"},{\"@type\":\"ListItem\",\"position\":3,\"name\":\"Activit\u00e9s d&#8217;hiver\",\"item\":\"https:\/\/officialmonttremblant.com\/fr\/activites\/activites-d-hiver\/\"},{\"@type\":\"ListItem\",\"position\":4,\"name\":\"Motoneige\"}]},{\"@type\":\"WebSite\",\"@id\":\"https:\/\/officialmonttremblant.com\/fr\/#website\",\"url\":\"https:\/\/officialmonttremblant.com\/fr\/\",\"name\":\"Official Mont Tremblant\",\"description\":\"Vacation &amp; tourist guide in Mont Tremblant\",\"potentialAction\":[{\"@type\":\"SearchAction\",\"target\":{\"@type\":\"EntryPoint\",\"urlTemplate\":\"https:\/\/officialmonttremblant.com\/fr\/?s={search_term_string}\"},\"query-input\":{\"@type\":\"PropertyValueSpecification\",\"valueRequired\":true,\"valueName\":\"search_term_string\"}}],\"inLanguage\":\"fr-FR\"}]}<\/script>\n<!-- \/ Yoast SEO Premium plugin. -->","yoast_head_json":{"title":"Motoneige \u00e0 Mont-Tremblant, Activit\u00e9s d'hiver \u00e0 Mont-Tremblant","description":"Official Mont-Tremblant vous apporte plus d'informations sur les activit\u00e9s d'hiver \u00e0 Mont-Tremblant dont la motoneige \u00e0 Mont-Tremblant.","robots":{"index":"index","follow":"follow","max-snippet":"max-snippet:-1","max-image-preview":"max-image-preview:large","max-video-preview":"max-video-preview:-1"},"canonical":"https:\/\/officialmonttremblant.com\/fr\/activites\/activites-d-hiver\/motoneige\/","og_locale":"fr_FR","og_type":"article","og_title":"Motoneige","og_description":"Official Mont-Tremblant vous apporte plus d'informations sur les activit\u00e9s d'hiver \u00e0 Mont-Tremblant dont la motoneige \u00e0 Mont-Tremblant.","og_url":"https:\/\/officialmonttremblant.com\/fr\/activites\/activites-d-hiver\/motoneige\/","og_site_name":"Official Mont Tremblant","article_modified_time":"2025-07-29T16:06:47+00:00","og_image":[{"width":1920,"height":993,"url":"https:\/\/officialmonttremblant.com\/wp-content\/uploads\/2022\/09\/snow-ga33bff265_1920.jpg","type":"image\/jpeg"}],"twitter_card":"summary_large_image","twitter_misc":{"Dur\u00e9e de lecture estim\u00e9e":"2 minutes"},"schema":{"@context":"https:\/\/schema.org","@graph":[{"@type":"WebPage","@id":"https:\/\/officialmonttremblant.com\/fr\/activites\/activites-d-hiver\/motoneige\/","url":"https:\/\/officialmonttremblant.com\/fr\/activites\/activites-d-hiver\/motoneige\/","name":"Motoneige \u00e0 Mont-Tremblant, Activit\u00e9s d'hiver \u00e0 Mont-Tremblant","isPartOf":{"@id":"https:\/\/officialmonttremblant.com\/fr\/#website"},"primaryImageOfPage":{"@id":"https:\/\/officialmonttremblant.com\/fr\/activites\/activites-d-hiver\/motoneige\/#primaryimage"},"image":{"@id":"https:\/\/officialmonttremblant.com\/fr\/activites\/activites-d-hiver\/motoneige\/#primaryimage"},"thumbnailUrl":"https:\/\/officialmonttremblant.com\/wp-content\/uploads\/2022\/09\/snow-ga33bff265_1920.jpg","datePublished":"2022-09-22T20:33:34+00:00","dateModified":"2025-07-29T16:06:47+00:00","description":"Official Mont-Tremblant vous apporte plus d'informations sur les activit\u00e9s d'hiver \u00e0 Mont-Tremblant dont la motoneige \u00e0 Mont-Tremblant.","breadcrumb":{"@id":"https:\/\/officialmonttremblant.com\/fr\/activites\/activites-d-hiver\/motoneige\/#breadcrumb"},"inLanguage":"fr-FR","potentialAction":[{"@type":"ReadAction","target":["https:\/\/officialmonttremblant.com\/fr\/activites\/activites-d-hiver\/motoneige\/"]}]},{"@type":"ImageObject","inLanguage":"fr-FR","@id":"https:\/\/officialmonttremblant.com\/fr\/activites\/activites-d-hiver\/motoneige\/#primaryimage","url":"https:\/\/officialmonttremblant.com\/wp-content\/uploads\/2022\/09\/snow-ga33bff265_1920.jpg","contentUrl":"https:\/\/officialmonttremblant.com\/wp-content\/uploads\/2022\/09\/snow-ga33bff265_1920.jpg","width":1920,"height":993,"caption":"Snowmobile"},{"@type":"BreadcrumbList","@id":"https:\/\/officialmonttremblant.com\/fr\/activites\/activites-d-hiver\/motoneige\/#breadcrumb","itemListElement":[{"@type":"ListItem","position":1,"name":"Home","item":"https:\/\/officialmonttremblant.com\/fr\/"},{"@type":"ListItem","position":2,"name":"Activit\u00e9s","item":"https:\/\/officialmonttremblant.com\/fr\/activites\/"},{"@type":"ListItem","position":3,"name":"Activit\u00e9s d&#8217;hiver","item":"https:\/\/officialmonttremblant.com\/fr\/activites\/activites-d-hiver\/"},{"@type":"ListItem","position":4,"name":"Motoneige"}]},{"@type":"WebSite","@id":"https:\/\/officialmonttremblant.com\/fr\/#website","url":"https:\/\/officialmonttremblant.com\/fr\/","name":"Official Mont Tremblant","description":"Vacation &amp; tourist guide in Mont Tremblant","potentialAction":[{"@type":"SearchAction","target":{"@type":"EntryPoint","urlTemplate":"https:\/\/officialmonttremblant.com\/fr\/?s={search_term_string}"},"query-input":{"@type":"PropertyValueSpecification","valueRequired":true,"valueName":"search_term_string"}}],"inLanguage":"fr-FR"}]}},"jetpack_sharing_enabled":true,"_links":{"self":[{"href":"https:\/\/officialmonttremblant.com\/fr\/wp-json\/wp\/v2\/pages\/24832","targetHints":{"allow":["GET"]}}],"collection":[{"href":"https:\/\/officialmonttremblant.com\/fr\/wp-json\/wp\/v2\/pages"}],"about":[{"href":"https:\/\/officialmonttremblant.com\/fr\/wp-json\/wp\/v2\/types\/page"}],"author":[{"embeddable":true,"href":"https:\/\/officialmonttremblant.com\/fr\/wp-json\/wp\/v2\/users\/5"}],"replies":[{"embeddable":true,"href":"https:\/\/officialmonttremblant.com\/fr\/wp-json\/wp\/v2\/comments?post=24832"}],"version-history":[{"count":4,"href":"https:\/\/officialmonttremblant.com\/fr\/wp-json\/wp\/v2\/pages\/24832\/revisions"}],"predecessor-version":[{"id":26369,"href":"https:\/\/officialmonttremblant.com\/fr\/wp-json\/wp\/v2\/pages\/24832\/revisions\/26369"}],"up":[{"embeddable":true,"href":"https:\/\/officialmonttremblant.com\/fr\/wp-json\/wp\/v2\/pages\/21148"}],"wp:featuredmedia":[{"embeddable":true,"href":"https:\/\/officialmonttremblant.com\/fr\/wp-json\/wp\/v2\/media\/23593"}],"wp:attachment":[{"href":"https:\/\/officialmonttremblant.com\/fr\/wp-json\/wp\/v2\/media?parent=24832"}],"curies":[{"name":"wp","href":"https:\/\/api.w.org\/{rel}","templated":true}]}}