{"id":24834,"date":"2022-09-22T16:23:08","date_gmt":"2022-09-22T20:23:08","guid":{"rendered":"https:\/\/officialmonttremblant.com\/activites\/activites-d-hiver\/snowshoeing\/"},"modified":"2025-07-29T12:07:00","modified_gmt":"2025-07-29T16:07:00","slug":"raquettes","status":"publish","type":"page","link":"https:\/\/officialmonttremblant.com\/fr\/activites\/activites-d-hiver\/raquettes\/","title":{"rendered":"Raquettes"},"content":{"rendered":"<p>[vc_row][vc_column]<div id=\"ultimate-heading-336069d8364a12eeb\" class=\"uvc-heading ult-adjust-bottom-margin ultimate-heading-336069d8364a12eeb uvc-7971  uvc-heading-default-font-sizes\" data-hspacer=\"no_spacer\"  data-halign=\"left\" style=\"text-align:left\"><div class=\"uvc-heading-spacer no_spacer\" style=\"top\"><\/div><div class=\"uvc-main-heading ult-responsive\"  data-ultimate-target='.uvc-heading.ultimate-heading-336069d8364a12eeb h2'  data-responsive-json-new='{\"font-size\":\"\",\"line-height\":\"\"}' ><h2 style=\"--font-weight:theme;\">Raquettes \u00e0 Tremblant<\/h2><\/div><div class=\"uvc-sub-heading ult-responsive\"  data-ultimate-target='.uvc-heading.ultimate-heading-336069d8364a12eeb .uvc-sub-heading '  data-responsive-json-new='{\"font-size\":\"\",\"line-height\":\"\"}'  style=\"font-weight:normal;\"><\/p>\n<p style=\"text-align: left;\">Official Mont-Tremblant vous donne des informations sur les activit\u00e9s \u00e0 Tremblant, notamment les excursions en raquettes \u00e0 Tremblant. Les raquettes sont une fa\u00e7on fantastique de d\u00e9couvrir la campagne et une activit\u00e9 id\u00e9ale pour toute la famille. C&rsquo;est \u00e9galement un excellent exercice cardio-vasculaire \u00e0 faible impact et un excellent moyen de rester en forme pendant l&rsquo;hiver. Les raquettes \u00e0 neige sont \u00e9galement une alternative parfaite pour les non-skieurs.<\/p>\n<p style=\"text-align: left;\">La raquette \u00e0 Mont-Tremblant est une activit\u00e9 r\u00e9cr\u00e9ative plut\u00f4t peu co\u00fbteuse, s\u00e9curitaire, facile \u00e0 apprendre et bonne pour tous les \u00e2ges.\u00a0Action Tremblant et D-Tours proposent des excursions en raquettes, avec ou sans guide :<\/p>\n<p><\/div><\/div>[\/vc_column][\/vc_row][vc_row][vc_column][vc_empty_space height=\u00a0\u00bb60px\u00a0\u00bb][\/vc_column][\/vc_row][vc_row][vc_column][vc_column_text]<strong>ACTION TREMBLANT<\/strong><\/p>\n<p>D\u00e9couvrez les grands espaces avec cette excursion en raquettes de 2 \u00e0 2,5 heures \u00e0 Mont-Tremblant. Le guide vous emm\u00e8nera explorer la montagne \u00e0 travers de magnifiques sentiers bord\u00e9s d&rsquo;arbres tout en vous donnant un aper\u00e7u des caract\u00e9ristiques naturelles et de la faune de la r\u00e9gion.<\/p>\n<p><em><strong>Site web<\/strong>:<\/em> <a href=\"https:\/\/actiontremblant.com\/fr\/activites-dhiver\/visites-guidees-en-raquettes-a-mont-tremblant\/\" target=\"_blank\" rel=\"noopener\">Action Tremblant<\/a><\/p>\n<p><em><strong>T\u00e9l\u00e9phone:<\/strong> <\/em>+1 819 833-1293<\/p>\n<p><em><strong>Email:<\/strong><\/em> <a href=\"mailto:info@actiontremblant.com\">info@actiontremblant.com<\/a><\/p>\n<p><em><strong>Adresse:<\/strong><\/em> 80 rues des Sept Sommets,\u00a0Mont Tremblant, QC J0T 1M0<\/p>\n<p>[\/vc_column_text][vc_empty_space height=\u00a0\u00bb60px\u00a0\u00bb][vc_btn title=\u00a0\u00bbr\u00e9servez votre activit\u00e9 d\u00e8s maintenant!\u00a0\u00bb align=\u00a0\u00bbcenter\u00a0\u00bb link=\u00a0\u00bburl:https%3A%2F%2Factiontremblant.com%2Ffr%2Factivites-dhiver%2Fvisites-guidees-en-raquettes-a-mont-tremblant%2F|title:Book%20your%20activity%20now!|target:_blank\u00a0\u00bb][\/vc_column][\/vc_row][vc_row][vc_column][vc_empty_space height=\u00a0\u00bb60px\u00a0\u00bb][\/vc_column][\/vc_row][vc_row][vc_column][vc_column_text]<strong>D-TOUR<\/strong><\/p>\n<p>D\u00e9couvrez Mont-Tremblant \u00e0 votre propre rythme.\u00a0Pour une exp\u00e9rience sur mesure, l&rsquo;un des guides se fera un plaisir de personnaliser et de concevoir un itin\u00e9raire adapt\u00e9 \u00e0 vos besoins, vos attentes et vos go\u00fbts.<\/p>\n<p><em><strong>Site web:<\/strong><\/em> <a href=\"https:\/\/www.dtourtremblant.com\/\">dtourtremblant.com<\/a><\/p>\n<p><em><strong>T\u00e9l\u00e9phone:<\/strong> <\/em>+1 819-430-8687<\/p>\n<p><em><strong>Email:<\/strong><\/em> <a href=\"mailto:info@dtourtremblant.com\">info@dtourtremblant.com<\/a><\/p>\n<p><em><strong>Adresse:<\/strong> <\/em>1944 Chemin du Village suite #1, Mont-Tremblant QC J0T 1M0[\/vc_column_text][\/vc_column][\/vc_row][vc_row][vc_column][vc_empty_space height=\u00a0\u00bb60px\u00a0\u00bb][\/vc_column][\/vc_row][vc_row][vc_column][vc_single_image image=\u00a0\u00bb23585&Prime; img_size=\u00a0\u00bb800&#215;600&Prime; alignment=\u00a0\u00bbcenter\u00a0\u00bb][\/vc_column][\/vc_row]<\/p>\n","protected":false},"excerpt":{"rendered":"<p>[vc_row][vc_column][\/vc_column][\/vc_row][vc_row][vc_column][vc_empty_space height=\u00a0\u00bb60px\u00a0\u00bb][\/vc_column][\/vc_row][vc_row][vc_column][vc_column_text]ACTION TREMBLANT D\u00e9couvrez les grands espaces avec cette excursion en raquettes de 2 \u00e0 2,5 heures \u00e0 Mont-Tremblant. Le guide vous emm\u00e8nera explorer la montagne \u00e0 travers de magnifiques sentiers bord\u00e9s d&rsquo;arbres tout en vous donnant un aper\u00e7u des caract\u00e9ristiques naturelles et de la faune de la r\u00e9gion. Site web: Action Tremblant T\u00e9l\u00e9phone: +1&hellip;<\/p>\n","protected":false},"author":5,"featured_media":23586,"parent":21148,"menu_order":0,"comment_status":"closed","ping_status":"closed","template":"","meta":{"footnotes":""},"class_list":["post-24834","page","type-page","status-publish","has-post-thumbnail","hentry","description-off"],"yoast_head":"<!-- This site is optimized with the Yoast SEO Premium plugin v26.5 (Yoast SEO v26.5) - https:\/\/yoast.com\/wordpress\/plugins\/seo\/ -->\n<title>Raquettes \u00e0 Tremblant, Activit\u00e9s \u00e0 Tremblant<\/title>\n<meta name=\"description\" content=\"Official Mont-Tremblant vous donne des informations sur les activit\u00e9s \u00e0 Tremblant, notamment les excursions en raquettes \u00e0 Tremblant.\u00a0\" \/>\n<meta name=\"robots\" content=\"index, follow, max-snippet:-1, max-image-preview:large, max-video-preview:-1\" \/>\n<link rel=\"canonical\" href=\"https:\/\/officialmonttremblant.com\/fr\/activites\/activites-d-hiver\/raquettes\/\" \/>\n<meta property=\"og:locale\" content=\"fr_FR\" \/>\n<meta property=\"og:type\" content=\"article\" \/>\n<meta property=\"og:title\" content=\"Raquettes\" \/>\n<meta property=\"og:description\" content=\"Official Mont-Tremblant vous donne des informations sur les activit\u00e9s \u00e0 Tremblant, notamment les excursions en raquettes \u00e0 Tremblant.\u00a0\" \/>\n<meta property=\"og:url\" content=\"https:\/\/officialmonttremblant.com\/fr\/activites\/activites-d-hiver\/raquettes\/\" \/>\n<meta property=\"og:site_name\" content=\"Official Mont Tremblant\" \/>\n<meta property=\"article:modified_time\" content=\"2025-07-29T16:07:00+00:00\" \/>\n<meta property=\"og:image\" content=\"https:\/\/officialmonttremblant.com\/wp-content\/uploads\/2022\/09\/winter-gc5ccf23b5_1920.jpg\" \/>\n\t<meta property=\"og:image:width\" content=\"1920\" \/>\n\t<meta property=\"og:image:height\" content=\"1280\" \/>\n\t<meta property=\"og:image:type\" content=\"image\/jpeg\" \/>\n<meta name=\"twitter:card\" content=\"summary_large_image\" \/>\n<meta name=\"twitter:label1\" content=\"Dur\u00e9e de lecture estim\u00e9e\" \/>\n\t<meta name=\"twitter:data1\" content=\"2 minutes\" \/>\n<script type=\"application\/ld+json\" class=\"yoast-schema-graph\">{\"@context\":\"https:\/\/schema.org\",\"@graph\":[{\"@type\":\"WebPage\",\"@id\":\"https:\/\/officialmonttremblant.com\/fr\/activites\/activites-d-hiver\/raquettes\/\",\"url\":\"https:\/\/officialmonttremblant.com\/fr\/activites\/activites-d-hiver\/raquettes\/\",\"name\":\"Raquettes \u00e0 Tremblant, Activit\u00e9s \u00e0 Tremblant\",\"isPartOf\":{\"@id\":\"https:\/\/officialmonttremblant.com\/fr\/#website\"},\"primaryImageOfPage\":{\"@id\":\"https:\/\/officialmonttremblant.com\/fr\/activites\/activites-d-hiver\/raquettes\/#primaryimage\"},\"image\":{\"@id\":\"https:\/\/officialmonttremblant.com\/fr\/activites\/activites-d-hiver\/raquettes\/#primaryimage\"},\"thumbnailUrl\":\"https:\/\/officialmonttremblant.com\/wp-content\/uploads\/2022\/09\/winter-gc5ccf23b5_1920.jpg\",\"datePublished\":\"2022-09-22T20:23:08+00:00\",\"dateModified\":\"2025-07-29T16:07:00+00:00\",\"description\":\"Official Mont-Tremblant vous donne des informations sur les activit\u00e9s \u00e0 Tremblant, notamment les excursions en raquettes \u00e0 Tremblant.\u00a0\",\"breadcrumb\":{\"@id\":\"https:\/\/officialmonttremblant.com\/fr\/activites\/activites-d-hiver\/raquettes\/#breadcrumb\"},\"inLanguage\":\"fr-FR\",\"potentialAction\":[{\"@type\":\"ReadAction\",\"target\":[\"https:\/\/officialmonttremblant.com\/fr\/activites\/activites-d-hiver\/raquettes\/\"]}]},{\"@type\":\"ImageObject\",\"inLanguage\":\"fr-FR\",\"@id\":\"https:\/\/officialmonttremblant.com\/fr\/activites\/activites-d-hiver\/raquettes\/#primaryimage\",\"url\":\"https:\/\/officialmonttremblant.com\/wp-content\/uploads\/2022\/09\/winter-gc5ccf23b5_1920.jpg\",\"contentUrl\":\"https:\/\/officialmonttremblant.com\/wp-content\/uploads\/2022\/09\/winter-gc5ccf23b5_1920.jpg\",\"width\":1920,\"height\":1280,\"caption\":\"Snowshoeing in Mont-Tremblant\"},{\"@type\":\"BreadcrumbList\",\"@id\":\"https:\/\/officialmonttremblant.com\/fr\/activites\/activites-d-hiver\/raquettes\/#breadcrumb\",\"itemListElement\":[{\"@type\":\"ListItem\",\"position\":1,\"name\":\"Home\",\"item\":\"https:\/\/officialmonttremblant.com\/fr\/\"},{\"@type\":\"ListItem\",\"position\":2,\"name\":\"Activit\u00e9s\",\"item\":\"https:\/\/officialmonttremblant.com\/fr\/activites\/\"},{\"@type\":\"ListItem\",\"position\":3,\"name\":\"Activit\u00e9s d&#8217;hiver\",\"item\":\"https:\/\/officialmonttremblant.com\/fr\/activites\/activites-d-hiver\/\"},{\"@type\":\"ListItem\",\"position\":4,\"name\":\"Raquettes\"}]},{\"@type\":\"WebSite\",\"@id\":\"https:\/\/officialmonttremblant.com\/fr\/#website\",\"url\":\"https:\/\/officialmonttremblant.com\/fr\/\",\"name\":\"Official Mont Tremblant\",\"description\":\"Vacation &amp; tourist guide in Mont Tremblant\",\"potentialAction\":[{\"@type\":\"SearchAction\",\"target\":{\"@type\":\"EntryPoint\",\"urlTemplate\":\"https:\/\/officialmonttremblant.com\/fr\/?s={search_term_string}\"},\"query-input\":{\"@type\":\"PropertyValueSpecification\",\"valueRequired\":true,\"valueName\":\"search_term_string\"}}],\"inLanguage\":\"fr-FR\"}]}<\/script>\n<!-- \/ Yoast SEO Premium plugin. -->","yoast_head_json":{"title":"Raquettes \u00e0 Tremblant, Activit\u00e9s \u00e0 Tremblant","description":"Official Mont-Tremblant vous donne des informations sur les activit\u00e9s \u00e0 Tremblant, notamment les excursions en raquettes \u00e0 Tremblant.\u00a0","robots":{"index":"index","follow":"follow","max-snippet":"max-snippet:-1","max-image-preview":"max-image-preview:large","max-video-preview":"max-video-preview:-1"},"canonical":"https:\/\/officialmonttremblant.com\/fr\/activites\/activites-d-hiver\/raquettes\/","og_locale":"fr_FR","og_type":"article","og_title":"Raquettes","og_description":"Official Mont-Tremblant vous donne des informations sur les activit\u00e9s \u00e0 Tremblant, notamment les excursions en raquettes \u00e0 Tremblant.\u00a0","og_url":"https:\/\/officialmonttremblant.com\/fr\/activites\/activites-d-hiver\/raquettes\/","og_site_name":"Official Mont Tremblant","article_modified_time":"2025-07-29T16:07:00+00:00","og_image":[{"width":1920,"height":1280,"url":"https:\/\/officialmonttremblant.com\/wp-content\/uploads\/2022\/09\/winter-gc5ccf23b5_1920.jpg","type":"image\/jpeg"}],"twitter_card":"summary_large_image","twitter_misc":{"Dur\u00e9e de lecture estim\u00e9e":"2 minutes"},"schema":{"@context":"https:\/\/schema.org","@graph":[{"@type":"WebPage","@id":"https:\/\/officialmonttremblant.com\/fr\/activites\/activites-d-hiver\/raquettes\/","url":"https:\/\/officialmonttremblant.com\/fr\/activites\/activites-d-hiver\/raquettes\/","name":"Raquettes \u00e0 Tremblant, Activit\u00e9s \u00e0 Tremblant","isPartOf":{"@id":"https:\/\/officialmonttremblant.com\/fr\/#website"},"primaryImageOfPage":{"@id":"https:\/\/officialmonttremblant.com\/fr\/activites\/activites-d-hiver\/raquettes\/#primaryimage"},"image":{"@id":"https:\/\/officialmonttremblant.com\/fr\/activites\/activites-d-hiver\/raquettes\/#primaryimage"},"thumbnailUrl":"https:\/\/officialmonttremblant.com\/wp-content\/uploads\/2022\/09\/winter-gc5ccf23b5_1920.jpg","datePublished":"2022-09-22T20:23:08+00:00","dateModified":"2025-07-29T16:07:00+00:00","description":"Official Mont-Tremblant vous donne des informations sur les activit\u00e9s \u00e0 Tremblant, notamment les excursions en raquettes \u00e0 Tremblant.\u00a0","breadcrumb":{"@id":"https:\/\/officialmonttremblant.com\/fr\/activites\/activites-d-hiver\/raquettes\/#breadcrumb"},"inLanguage":"fr-FR","potentialAction":[{"@type":"ReadAction","target":["https:\/\/officialmonttremblant.com\/fr\/activites\/activites-d-hiver\/raquettes\/"]}]},{"@type":"ImageObject","inLanguage":"fr-FR","@id":"https:\/\/officialmonttremblant.com\/fr\/activites\/activites-d-hiver\/raquettes\/#primaryimage","url":"https:\/\/officialmonttremblant.com\/wp-content\/uploads\/2022\/09\/winter-gc5ccf23b5_1920.jpg","contentUrl":"https:\/\/officialmonttremblant.com\/wp-content\/uploads\/2022\/09\/winter-gc5ccf23b5_1920.jpg","width":1920,"height":1280,"caption":"Snowshoeing in Mont-Tremblant"},{"@type":"BreadcrumbList","@id":"https:\/\/officialmonttremblant.com\/fr\/activites\/activites-d-hiver\/raquettes\/#breadcrumb","itemListElement":[{"@type":"ListItem","position":1,"name":"Home","item":"https:\/\/officialmonttremblant.com\/fr\/"},{"@type":"ListItem","position":2,"name":"Activit\u00e9s","item":"https:\/\/officialmonttremblant.com\/fr\/activites\/"},{"@type":"ListItem","position":3,"name":"Activit\u00e9s d&#8217;hiver","item":"https:\/\/officialmonttremblant.com\/fr\/activites\/activites-d-hiver\/"},{"@type":"ListItem","position":4,"name":"Raquettes"}]},{"@type":"WebSite","@id":"https:\/\/officialmonttremblant.com\/fr\/#website","url":"https:\/\/officialmonttremblant.com\/fr\/","name":"Official Mont Tremblant","description":"Vacation &amp; tourist guide in Mont Tremblant","potentialAction":[{"@type":"SearchAction","target":{"@type":"EntryPoint","urlTemplate":"https:\/\/officialmonttremblant.com\/fr\/?s={search_term_string}"},"query-input":{"@type":"PropertyValueSpecification","valueRequired":true,"valueName":"search_term_string"}}],"inLanguage":"fr-FR"}]}},"jetpack_sharing_enabled":true,"_links":{"self":[{"href":"https:\/\/officialmonttremblant.com\/fr\/wp-json\/wp\/v2\/pages\/24834","targetHints":{"allow":["GET"]}}],"collection":[{"href":"https:\/\/officialmonttremblant.com\/fr\/wp-json\/wp\/v2\/pages"}],"about":[{"href":"https:\/\/officialmonttremblant.com\/fr\/wp-json\/wp\/v2\/types\/page"}],"author":[{"embeddable":true,"href":"https:\/\/officialmonttremblant.com\/fr\/wp-json\/wp\/v2\/users\/5"}],"replies":[{"embeddable":true,"href":"https:\/\/officialmonttremblant.com\/fr\/wp-json\/wp\/v2\/comments?post=24834"}],"version-history":[{"count":4,"href":"https:\/\/officialmonttremblant.com\/fr\/wp-json\/wp\/v2\/pages\/24834\/revisions"}],"predecessor-version":[{"id":26362,"href":"https:\/\/officialmonttremblant.com\/fr\/wp-json\/wp\/v2\/pages\/24834\/revisions\/26362"}],"up":[{"embeddable":true,"href":"https:\/\/officialmonttremblant.com\/fr\/wp-json\/wp\/v2\/pages\/21148"}],"wp:featuredmedia":[{"embeddable":true,"href":"https:\/\/officialmonttremblant.com\/fr\/wp-json\/wp\/v2\/media\/23586"}],"wp:attachment":[{"href":"https:\/\/officialmonttremblant.com\/fr\/wp-json\/wp\/v2\/media?parent=24834"}],"curies":[{"name":"wp","href":"https:\/\/api.w.org\/{rel}","templated":true}]}}