{"id":24844,"date":"2022-10-05T15:59:35","date_gmt":"2022-10-05T19:59:35","guid":{"rendered":"https:\/\/officialmonttremblant.com\/evenements\/christmas-in-mont-tremblant\/"},"modified":"2025-07-29T12:20:01","modified_gmt":"2025-07-29T16:20:01","slug":"noel-a-mont-tremblant","status":"publish","type":"page","link":"https:\/\/officialmonttremblant.com\/fr\/evenements\/evenements-annuels\/noel-a-mont-tremblant\/","title":{"rendered":"No\u00ebl \u00e0 Mont-Tremblant"},"content":{"rendered":"<p>[vc_row][vc_column]<div id=\"ultimate-heading-639469dae3f6682cc\" class=\"uvc-heading ult-adjust-bottom-margin ultimate-heading-639469dae3f6682cc uvc-8433  uvc-heading-default-font-sizes\" data-hspacer=\"no_spacer\"  data-halign=\"left\" style=\"text-align:left\"><div class=\"uvc-heading-spacer no_spacer\" style=\"top\"><\/div><div class=\"uvc-main-heading ult-responsive\"  data-ultimate-target='.uvc-heading.ultimate-heading-639469dae3f6682cc h2'  data-responsive-json-new='{\"font-size\":\"\",\"line-height\":\"\"}' ><h2 style=\"--font-weight:theme;\">No\u00ebl \u00e0 Mont-Tremblant<\/h2><\/div><div class=\"uvc-sub-heading ult-responsive\"  data-ultimate-target='.uvc-heading.ultimate-heading-639469dae3f6682cc .uvc-sub-heading '  data-responsive-json-new='{\"font-size\":\"\",\"line-height\":\"\"}'  style=\"font-weight:normal;\"><\/p>\n<p style=\"text-align: left;\">Le site officiel de Mont-Tremblant vous donne plus d&rsquo;informations sur les \u00e9v\u00e9nements \u00e0 Mont-Tremblant, y compris No\u00ebl \u00e0 Mont-Tremblant.\u00a0No\u00ebl \u00e0 Mont-Tremblant est vraiment un moment exceptionnel. Situ\u00e9 \u00e0 seulement 1 \u00bd heure de route de Montr\u00e9al, c&rsquo;est l&rsquo;endroit parfait pour f\u00eater Noel au Qu\u00e9bec.\u00a0Choisissez parmi les nombreux restaurants 4-5 \u00e9toiles de la ville et vivez un repas de No\u00ebl qui d\u00e9passera toutes vos attentes ! \u00a0Pour les services religieux en famille, il existe de nombreuses \u00e9glises et chapelles en ville. La chapelle Saint-Bernard pour les chr\u00e9tiens a des services quotidiens, pour la veille et le jour de No\u00ebl.<\/p>\n<p style=\"text-align: left;\">Il y a un adorable march\u00e9 d&rsquo;\u00e9picerie fine au centre-ville de Mont-Tremblant, et des supermarch\u00e9s en bordure de ville au cas o\u00f9 vous auriez besoin de produits pour pr\u00e9parer un repas de No\u00ebl.<\/p>\n<p style=\"text-align: left;\">Et maintenant, les activit\u00e9s ! Des chants de No\u00ebl \u00e0 une promenade en tra\u00eeneau \u00e0 cheval dans une magnifique cal\u00e8che rouge&#8230; Tremblant vous aidera \u00e0 profiter des f\u00eates de tant de fa\u00e7ons ! Emmenez les enfants faire du patin \u00e0 glace sur le lac Mercier, ou visitez la ville pour un chant de No\u00ebl ou des cr\u00eapes fra\u00eeches. Les \u00e9v\u00e9nements des f\u00eates se d\u00e9roulent tout au long du mois, m\u00eame apr\u00e8s le jour de No\u00ebl (jusqu&rsquo;au 5 janvier).\u00a0Vous pouvez profiter d&rsquo;un No\u00ebl enti\u00e8rement d\u00e9cor\u00e9 \u00e0 Mont Tremblant.<\/p>\n<p style=\"text-align: left;\">La veille de No\u00ebl, une parade est organis\u00e9e dans la ville, o\u00f9 vous pourrez prendre des photos avec le P\u00e8re No\u00ebl, qui distribue des cadeaux \u00e0 tous les enfants. Des personnages de No\u00ebl costum\u00e9s s&rsquo;ajoutent \u00e0 l&rsquo;atmosph\u00e8re festive, comme Rudolph, les elfes et le Grinch, pour n&rsquo;en citer que quelques-uns. Profitez des chants de No\u00ebl et du chocolat chaud au coin du feu.<\/p>\n<p><\/div><\/div>[\/vc_column][\/vc_row][vc_row][vc_column][vc_empty_space height=\u00a0\u00bb60px\u00a0\u00bb][\/vc_column][\/vc_row][vc_row][vc_column][vc_single_image image=\u00a0\u00bb24499&Prime; img_size=\u00a0\u00bb700&#215;500&Prime; alignment=\u00a0\u00bbcenter\u00a0\u00bb][\/vc_column][\/vc_row]<\/p>\n","protected":false},"excerpt":{"rendered":"<p>[vc_row][vc_column][\/vc_column][\/vc_row][vc_row][vc_column][vc_empty_space height=\u00a0\u00bb60px\u00a0\u00bb][\/vc_column][\/vc_row][vc_row][vc_column][vc_single_image image=\u00a0\u00bb24499&Prime; img_size=\u00a0\u00bb700&#215;500&Prime; alignment=\u00a0\u00bbcenter\u00a0\u00bb][\/vc_column][\/vc_row]<\/p>\n","protected":false},"author":5,"featured_media":24500,"parent":24538,"menu_order":0,"comment_status":"closed","ping_status":"closed","template":"","meta":{"footnotes":""},"class_list":["post-24844","page","type-page","status-publish","has-post-thumbnail","hentry","description-off"],"yoast_head":"<!-- This site is optimized with the Yoast SEO Premium plugin v26.5 (Yoast SEO v26.5) - https:\/\/yoast.com\/wordpress\/plugins\/seo\/ -->\n<title>No\u00ebl \u00e0 Mont-Tremblant, \u00e9v\u00e9nements \u00e0 Mont-Tremblant<\/title>\n<meta name=\"description\" content=\"Le site officiel de Mont-Tremblant vous donne plus d&#039;informations sur les \u00e9v\u00e9nements \u00e0 Mont-Tremblant, y compris No\u00ebl \u00e0 Mont-Tremblant.\" \/>\n<meta name=\"robots\" content=\"index, follow, max-snippet:-1, max-image-preview:large, max-video-preview:-1\" \/>\n<link rel=\"canonical\" href=\"https:\/\/officialmonttremblant.com\/fr\/evenements\/evenements-annuels\/noel-a-mont-tremblant\/\" \/>\n<meta property=\"og:locale\" content=\"fr_FR\" \/>\n<meta property=\"og:type\" content=\"article\" \/>\n<meta property=\"og:title\" content=\"No\u00ebl \u00e0 Mont-Tremblant\" \/>\n<meta property=\"og:description\" content=\"Le site officiel de Mont-Tremblant vous donne plus d&#039;informations sur les \u00e9v\u00e9nements \u00e0 Mont-Tremblant, y compris No\u00ebl \u00e0 Mont-Tremblant.\" \/>\n<meta property=\"og:url\" content=\"https:\/\/officialmonttremblant.com\/fr\/evenements\/evenements-annuels\/noel-a-mont-tremblant\/\" \/>\n<meta property=\"og:site_name\" content=\"Official Mont Tremblant\" \/>\n<meta property=\"article:modified_time\" content=\"2025-07-29T16:20:01+00:00\" \/>\n<meta property=\"og:image\" content=\"https:\/\/officialmonttremblant.com\/wp-content\/uploads\/2022\/10\/Christmas-in-Mont-Tremblant.png\" \/>\n\t<meta property=\"og:image:width\" content=\"974\" \/>\n\t<meta property=\"og:image:height\" content=\"650\" \/>\n\t<meta property=\"og:image:type\" content=\"image\/png\" \/>\n<meta name=\"twitter:card\" content=\"summary_large_image\" \/>\n<meta name=\"twitter:label1\" content=\"Dur\u00e9e de lecture estim\u00e9e\" \/>\n\t<meta name=\"twitter:data1\" content=\"2 minutes\" \/>\n<script type=\"application\/ld+json\" class=\"yoast-schema-graph\">{\"@context\":\"https:\/\/schema.org\",\"@graph\":[{\"@type\":\"WebPage\",\"@id\":\"https:\/\/officialmonttremblant.com\/fr\/evenements\/evenements-annuels\/noel-a-mont-tremblant\/\",\"url\":\"https:\/\/officialmonttremblant.com\/fr\/evenements\/evenements-annuels\/noel-a-mont-tremblant\/\",\"name\":\"No\u00ebl \u00e0 Mont-Tremblant, \u00e9v\u00e9nements \u00e0 Mont-Tremblant\",\"isPartOf\":{\"@id\":\"https:\/\/officialmonttremblant.com\/fr\/#website\"},\"primaryImageOfPage\":{\"@id\":\"https:\/\/officialmonttremblant.com\/fr\/evenements\/evenements-annuels\/noel-a-mont-tremblant\/#primaryimage\"},\"image\":{\"@id\":\"https:\/\/officialmonttremblant.com\/fr\/evenements\/evenements-annuels\/noel-a-mont-tremblant\/#primaryimage\"},\"thumbnailUrl\":\"https:\/\/officialmonttremblant.com\/wp-content\/uploads\/2022\/10\/Christmas-in-Mont-Tremblant.png\",\"datePublished\":\"2022-10-05T19:59:35+00:00\",\"dateModified\":\"2025-07-29T16:20:01+00:00\",\"description\":\"Le site officiel de Mont-Tremblant vous donne plus d'informations sur les \u00e9v\u00e9nements \u00e0 Mont-Tremblant, y compris No\u00ebl \u00e0 Mont-Tremblant.\",\"breadcrumb\":{\"@id\":\"https:\/\/officialmonttremblant.com\/fr\/evenements\/evenements-annuels\/noel-a-mont-tremblant\/#breadcrumb\"},\"inLanguage\":\"fr-FR\",\"potentialAction\":[{\"@type\":\"ReadAction\",\"target\":[\"https:\/\/officialmonttremblant.com\/fr\/evenements\/evenements-annuels\/noel-a-mont-tremblant\/\"]}]},{\"@type\":\"ImageObject\",\"inLanguage\":\"fr-FR\",\"@id\":\"https:\/\/officialmonttremblant.com\/fr\/evenements\/evenements-annuels\/noel-a-mont-tremblant\/#primaryimage\",\"url\":\"https:\/\/officialmonttremblant.com\/wp-content\/uploads\/2022\/10\/Christmas-in-Mont-Tremblant.png\",\"contentUrl\":\"https:\/\/officialmonttremblant.com\/wp-content\/uploads\/2022\/10\/Christmas-in-Mont-Tremblant.png\",\"width\":974,\"height\":650,\"caption\":\"Christmas in Mont-Tremblant\"},{\"@type\":\"BreadcrumbList\",\"@id\":\"https:\/\/officialmonttremblant.com\/fr\/evenements\/evenements-annuels\/noel-a-mont-tremblant\/#breadcrumb\",\"itemListElement\":[{\"@type\":\"ListItem\",\"position\":1,\"name\":\"Home\",\"item\":\"https:\/\/officialmonttremblant.com\/fr\/\"},{\"@type\":\"ListItem\",\"position\":2,\"name\":\"Ev\u00e9nements \u00e0 Mont-Tremblant\",\"item\":\"https:\/\/officialmonttremblant.com\/fr\/evenements\/\"},{\"@type\":\"ListItem\",\"position\":3,\"name\":\"Ev\u00e9nements annuels\",\"item\":\"https:\/\/officialmonttremblant.com\/fr\/evenements\/evenements-annuels\/\"},{\"@type\":\"ListItem\",\"position\":4,\"name\":\"No\u00ebl \u00e0 Mont-Tremblant\"}]},{\"@type\":\"WebSite\",\"@id\":\"https:\/\/officialmonttremblant.com\/fr\/#website\",\"url\":\"https:\/\/officialmonttremblant.com\/fr\/\",\"name\":\"Official Mont Tremblant\",\"description\":\"Vacation &amp; tourist guide in Mont Tremblant\",\"potentialAction\":[{\"@type\":\"SearchAction\",\"target\":{\"@type\":\"EntryPoint\",\"urlTemplate\":\"https:\/\/officialmonttremblant.com\/fr\/?s={search_term_string}\"},\"query-input\":{\"@type\":\"PropertyValueSpecification\",\"valueRequired\":true,\"valueName\":\"search_term_string\"}}],\"inLanguage\":\"fr-FR\"}]}<\/script>\n<!-- \/ Yoast SEO Premium plugin. -->","yoast_head_json":{"title":"No\u00ebl \u00e0 Mont-Tremblant, \u00e9v\u00e9nements \u00e0 Mont-Tremblant","description":"Le site officiel de Mont-Tremblant vous donne plus d'informations sur les \u00e9v\u00e9nements \u00e0 Mont-Tremblant, y compris No\u00ebl \u00e0 Mont-Tremblant.","robots":{"index":"index","follow":"follow","max-snippet":"max-snippet:-1","max-image-preview":"max-image-preview:large","max-video-preview":"max-video-preview:-1"},"canonical":"https:\/\/officialmonttremblant.com\/fr\/evenements\/evenements-annuels\/noel-a-mont-tremblant\/","og_locale":"fr_FR","og_type":"article","og_title":"No\u00ebl \u00e0 Mont-Tremblant","og_description":"Le site officiel de Mont-Tremblant vous donne plus d'informations sur les \u00e9v\u00e9nements \u00e0 Mont-Tremblant, y compris No\u00ebl \u00e0 Mont-Tremblant.","og_url":"https:\/\/officialmonttremblant.com\/fr\/evenements\/evenements-annuels\/noel-a-mont-tremblant\/","og_site_name":"Official Mont Tremblant","article_modified_time":"2025-07-29T16:20:01+00:00","og_image":[{"width":974,"height":650,"url":"https:\/\/officialmonttremblant.com\/wp-content\/uploads\/2022\/10\/Christmas-in-Mont-Tremblant.png","type":"image\/png"}],"twitter_card":"summary_large_image","twitter_misc":{"Dur\u00e9e de lecture estim\u00e9e":"2 minutes"},"schema":{"@context":"https:\/\/schema.org","@graph":[{"@type":"WebPage","@id":"https:\/\/officialmonttremblant.com\/fr\/evenements\/evenements-annuels\/noel-a-mont-tremblant\/","url":"https:\/\/officialmonttremblant.com\/fr\/evenements\/evenements-annuels\/noel-a-mont-tremblant\/","name":"No\u00ebl \u00e0 Mont-Tremblant, \u00e9v\u00e9nements \u00e0 Mont-Tremblant","isPartOf":{"@id":"https:\/\/officialmonttremblant.com\/fr\/#website"},"primaryImageOfPage":{"@id":"https:\/\/officialmonttremblant.com\/fr\/evenements\/evenements-annuels\/noel-a-mont-tremblant\/#primaryimage"},"image":{"@id":"https:\/\/officialmonttremblant.com\/fr\/evenements\/evenements-annuels\/noel-a-mont-tremblant\/#primaryimage"},"thumbnailUrl":"https:\/\/officialmonttremblant.com\/wp-content\/uploads\/2022\/10\/Christmas-in-Mont-Tremblant.png","datePublished":"2022-10-05T19:59:35+00:00","dateModified":"2025-07-29T16:20:01+00:00","description":"Le site officiel de Mont-Tremblant vous donne plus d'informations sur les \u00e9v\u00e9nements \u00e0 Mont-Tremblant, y compris No\u00ebl \u00e0 Mont-Tremblant.","breadcrumb":{"@id":"https:\/\/officialmonttremblant.com\/fr\/evenements\/evenements-annuels\/noel-a-mont-tremblant\/#breadcrumb"},"inLanguage":"fr-FR","potentialAction":[{"@type":"ReadAction","target":["https:\/\/officialmonttremblant.com\/fr\/evenements\/evenements-annuels\/noel-a-mont-tremblant\/"]}]},{"@type":"ImageObject","inLanguage":"fr-FR","@id":"https:\/\/officialmonttremblant.com\/fr\/evenements\/evenements-annuels\/noel-a-mont-tremblant\/#primaryimage","url":"https:\/\/officialmonttremblant.com\/wp-content\/uploads\/2022\/10\/Christmas-in-Mont-Tremblant.png","contentUrl":"https:\/\/officialmonttremblant.com\/wp-content\/uploads\/2022\/10\/Christmas-in-Mont-Tremblant.png","width":974,"height":650,"caption":"Christmas in Mont-Tremblant"},{"@type":"BreadcrumbList","@id":"https:\/\/officialmonttremblant.com\/fr\/evenements\/evenements-annuels\/noel-a-mont-tremblant\/#breadcrumb","itemListElement":[{"@type":"ListItem","position":1,"name":"Home","item":"https:\/\/officialmonttremblant.com\/fr\/"},{"@type":"ListItem","position":2,"name":"Ev\u00e9nements \u00e0 Mont-Tremblant","item":"https:\/\/officialmonttremblant.com\/fr\/evenements\/"},{"@type":"ListItem","position":3,"name":"Ev\u00e9nements annuels","item":"https:\/\/officialmonttremblant.com\/fr\/evenements\/evenements-annuels\/"},{"@type":"ListItem","position":4,"name":"No\u00ebl \u00e0 Mont-Tremblant"}]},{"@type":"WebSite","@id":"https:\/\/officialmonttremblant.com\/fr\/#website","url":"https:\/\/officialmonttremblant.com\/fr\/","name":"Official Mont Tremblant","description":"Vacation &amp; tourist guide in Mont Tremblant","potentialAction":[{"@type":"SearchAction","target":{"@type":"EntryPoint","urlTemplate":"https:\/\/officialmonttremblant.com\/fr\/?s={search_term_string}"},"query-input":{"@type":"PropertyValueSpecification","valueRequired":true,"valueName":"search_term_string"}}],"inLanguage":"fr-FR"}]}},"jetpack_sharing_enabled":true,"_links":{"self":[{"href":"https:\/\/officialmonttremblant.com\/fr\/wp-json\/wp\/v2\/pages\/24844","targetHints":{"allow":["GET"]}}],"collection":[{"href":"https:\/\/officialmonttremblant.com\/fr\/wp-json\/wp\/v2\/pages"}],"about":[{"href":"https:\/\/officialmonttremblant.com\/fr\/wp-json\/wp\/v2\/types\/page"}],"author":[{"embeddable":true,"href":"https:\/\/officialmonttremblant.com\/fr\/wp-json\/wp\/v2\/users\/5"}],"replies":[{"embeddable":true,"href":"https:\/\/officialmonttremblant.com\/fr\/wp-json\/wp\/v2\/comments?post=24844"}],"version-history":[{"count":3,"href":"https:\/\/officialmonttremblant.com\/fr\/wp-json\/wp\/v2\/pages\/24844\/revisions"}],"predecessor-version":[{"id":26762,"href":"https:\/\/officialmonttremblant.com\/fr\/wp-json\/wp\/v2\/pages\/24844\/revisions\/26762"}],"up":[{"embeddable":true,"href":"https:\/\/officialmonttremblant.com\/fr\/wp-json\/wp\/v2\/pages\/24538"}],"wp:featuredmedia":[{"embeddable":true,"href":"https:\/\/officialmonttremblant.com\/fr\/wp-json\/wp\/v2\/media\/24500"}],"wp:attachment":[{"href":"https:\/\/officialmonttremblant.com\/fr\/wp-json\/wp\/v2\/media?parent=24844"}],"curies":[{"name":"wp","href":"https:\/\/api.w.org\/{rel}","templated":true}]}}