{"id":24847,"date":"2022-09-01T11:27:53","date_gmt":"2022-09-01T15:27:53","guid":{"rendered":"https:\/\/officialmonttremblant.com\/evenements\/halloween\/"},"modified":"2025-07-29T12:20:10","modified_gmt":"2025-07-29T16:20:10","slug":"halloween","status":"publish","type":"page","link":"https:\/\/officialmonttremblant.com\/fr\/evenements\/evenements-annuels\/halloween\/","title":{"rendered":"HALLOWEEN"},"content":{"rendered":"<p>[vc_row][vc_column]<div id=\"ultimate-heading-128269dae20e5cee2\" class=\"uvc-heading ult-adjust-bottom-margin ultimate-heading-128269dae20e5cee2 uvc-8010  uvc-heading-default-font-sizes\" data-hspacer=\"line_only\"  data-halign=\"left\" style=\"text-align:left\"><div class=\"uvc-main-heading ult-responsive\"  data-ultimate-target='.uvc-heading.ultimate-heading-128269dae20e5cee2 h2'  data-responsive-json-new='{\"font-size\":\"\",\"line-height\":\"\"}' ><h2 style=\"--font-weight:theme;margin-bottom:10px;\">HALLOWEEN<\/h2><\/div><div class=\"uvc-heading-spacer line_only\" style=\"margin-bottom:15px;height:2px;\"><span class=\"uvc-headings-line\" style=\"border-style:solid;border-bottom-width:2px;border-color:#1e8449;width:70px;\"><\/span><\/div><\/div>[\/vc_column][\/vc_row][vc_row css=\u00a0\u00bb.vc_custom_1661798812073{padding-top: 30px !important;padding-bottom: 60px !important;}\u00a0\u00bb][vc_column]<style type=\"text\/css\" data-type=\"the7_shortcodes-inline-css\">.shortcode-single-image-wrap.shortcode-single-image-68f1b0499c61c76b09f53405622ed045.enable-bg-rollover .rollover i,\n.shortcode-single-image-wrap.shortcode-single-image-68f1b0499c61c76b09f53405622ed045.enable-bg-rollover .rollover-video i {\n  background: -webkit-linear-gradient();\n  background: linear-gradient();\n}\n.shortcode-single-image-wrap.shortcode-single-image-68f1b0499c61c76b09f53405622ed045 .rollover-icon {\n  font-size: 32px;\n  color: #ffffff;\n  min-width: 44px;\n  min-height: 44px;\n  line-height: 44px;\n  border-radius: 100px;\n  border-style: solid;\n  border-width: 0px;\n}\n.dt-icon-bg-on.shortcode-single-image-wrap.shortcode-single-image-68f1b0499c61c76b09f53405622ed045 .rollover-icon {\n  background: rgba(255,255,255,0.3);\n  box-shadow: none;\n}\n<\/style><div class=\"shortcode-single-image-wrap shortcode-single-image-68f1b0499c61c76b09f53405622ed045 alignnone  enable-bg-rollover dt-icon-bg-off\" style=\"margin-top:0px; margin-bottom:0px; margin-left:0px; margin-right:0px; width:1100px;\"><div class=\"shortcode-single-image\"><div class=\"fancy-media-wrap  layzr-bg\" style=\"\"><img loading=\"lazy\" decoding=\"async\" class=\"preload-me lazy-load\" src=\"data:image\/svg+xml,%3Csvg%20xmlns%3D&#39;http%3A%2F%2Fwww.w3.org%2F2000%2Fsvg&#39;%20viewBox%3D&#39;0%200%201100%20294&#39;%2F%3E\" data-src=\"https:\/\/officialmonttremblant.com\/wp-content\/uploads\/2022\/09\/HALLOWEEN-banner-1100x294.jpg\" data-srcset=\"https:\/\/officialmonttremblant.com\/wp-content\/uploads\/2022\/09\/HALLOWEEN-banner-1100x294.jpg 1100w, https:\/\/officialmonttremblant.com\/wp-content\/uploads\/2022\/09\/HALLOWEEN-banner.jpg 1980w\" width=\"1100\" height=\"294\"  data-dt-location=\"https:\/\/officialmonttremblant.com\/fr\/events\/annual-events\/halloween\/halloween-banner\/\" style=\"\" alt=\"\" \/><\/div><\/div><\/div>[\/vc_column][\/vc_row][vc_row][vc_column][vc_column_text]<\/p>\n<p style=\"text-align: left;\">Official Mont-Tremblant vous offre plus d&rsquo;informations sur les \u00e9v\u00e9nements \u00e0 Tremblant dont Halloween \u00e0 Tremblant.\u00a0Cette ann\u00e9e, \u00e0 l&rsquo;occasion d&rsquo;Halloween, Tremblant se transforme en un univers extraordinaire avec une ambiance tr\u00e8s particuli\u00e8re. Des animations aussi terrifiantes qu&rsquo;amusantes coexistent lors d&rsquo;une r\u00e9colte de bonbons. Enfilez votre costume et visitez chacune des stations o\u00f9 se d\u00e9roulent des animations et des activit\u00e9s passionnantes. Terminez votre escapade par une danse anim\u00e9e qui fera r\u00e9sonner une musique entra\u00eenante pour toute la famille.<\/p>\n<p>[\/vc_column_text][\/vc_column][\/vc_row][vc_row css=\u00a0\u00bb.vc_custom_1661798832600{padding-top: 30px !important;padding-bottom: 30px !important;}\u00a0\u00bb][vc_column][vc_column_text]<strong>Lieu:<\/strong><\/p>\n<p>Village pi\u00e9tonnier,<\/p>\n<p>Tremblant, 1000 Chemin des Voyageurs, Mont-Tremblant, QC J8E 1T1<\/p>\n<p>Gratuit[\/vc_column_text][\/vc_column][\/vc_row]<\/p>\n","protected":false},"excerpt":{"rendered":"<p>[vc_row][vc_column][\/vc_column][\/vc_row][vc_row css=\u00a0\u00bb.vc_custom_1661798812073{padding-top: 30px !important;padding-bottom: 60px !important;}\u00a0\u00bb][vc_column][\/vc_column][\/vc_row][vc_row][vc_column][vc_column_text] Official Mont-Tremblant vous offre plus d&rsquo;informations sur les \u00e9v\u00e9nements \u00e0 Tremblant dont Halloween \u00e0 Tremblant.\u00a0Cette ann\u00e9e, \u00e0 l&rsquo;occasion d&rsquo;Halloween, Tremblant se transforme en un univers extraordinaire avec une ambiance tr\u00e8s particuli\u00e8re. Des animations aussi terrifiantes qu&rsquo;amusantes coexistent lors d&rsquo;une r\u00e9colte de bonbons. Enfilez votre costume et visitez chacune des&hellip;<\/p>\n","protected":false},"author":1,"featured_media":0,"parent":24538,"menu_order":0,"comment_status":"closed","ping_status":"closed","template":"","meta":{"footnotes":""},"class_list":["post-24847","page","type-page","status-publish","hentry","description-off"],"yoast_head":"<!-- This site is optimized with the Yoast SEO Premium plugin v26.5 (Yoast SEO v26.5) - https:\/\/yoast.com\/wordpress\/plugins\/seo\/ -->\n<title>Halloween \u00e0 Tremblant, Ev\u00e9nements \u00e0 Tremblant<\/title>\n<meta name=\"description\" content=\"Official Mont-Tremblant vous offre plus d&#039;informations sur les \u00e9v\u00e9nements \u00e0 Tremblant dont Halloween \u00e0 Tremblant.\" \/>\n<meta name=\"robots\" content=\"index, follow, max-snippet:-1, max-image-preview:large, max-video-preview:-1\" \/>\n<link rel=\"canonical\" href=\"https:\/\/officialmonttremblant.com\/fr\/evenements\/evenements-annuels\/halloween\/\" \/>\n<meta property=\"og:locale\" content=\"fr_FR\" \/>\n<meta property=\"og:type\" content=\"article\" \/>\n<meta property=\"og:title\" content=\"HALLOWEEN\" \/>\n<meta property=\"og:description\" content=\"Official Mont-Tremblant vous offre plus d&#039;informations sur les \u00e9v\u00e9nements \u00e0 Tremblant dont Halloween \u00e0 Tremblant.\" \/>\n<meta property=\"og:url\" content=\"https:\/\/officialmonttremblant.com\/fr\/evenements\/evenements-annuels\/halloween\/\" \/>\n<meta property=\"og:site_name\" content=\"Official Mont Tremblant\" \/>\n<meta property=\"article:modified_time\" content=\"2025-07-29T16:20:10+00:00\" \/>\n<meta name=\"twitter:card\" content=\"summary_large_image\" \/>\n<meta name=\"twitter:label1\" content=\"Dur\u00e9e de lecture estim\u00e9e\" \/>\n\t<meta name=\"twitter:data1\" content=\"1 minute\" \/>\n<script type=\"application\/ld+json\" class=\"yoast-schema-graph\">{\"@context\":\"https:\/\/schema.org\",\"@graph\":[{\"@type\":\"WebPage\",\"@id\":\"https:\/\/officialmonttremblant.com\/fr\/evenements\/evenements-annuels\/halloween\/\",\"url\":\"https:\/\/officialmonttremblant.com\/fr\/evenements\/evenements-annuels\/halloween\/\",\"name\":\"Halloween \u00e0 Tremblant, Ev\u00e9nements \u00e0 Tremblant\",\"isPartOf\":{\"@id\":\"https:\/\/officialmonttremblant.com\/fr\/#website\"},\"datePublished\":\"2022-09-01T15:27:53+00:00\",\"dateModified\":\"2025-07-29T16:20:10+00:00\",\"description\":\"Official Mont-Tremblant vous offre plus d'informations sur les \u00e9v\u00e9nements \u00e0 Tremblant dont Halloween \u00e0 Tremblant.\",\"breadcrumb\":{\"@id\":\"https:\/\/officialmonttremblant.com\/fr\/evenements\/evenements-annuels\/halloween\/#breadcrumb\"},\"inLanguage\":\"fr-FR\",\"potentialAction\":[{\"@type\":\"ReadAction\",\"target\":[\"https:\/\/officialmonttremblant.com\/fr\/evenements\/evenements-annuels\/halloween\/\"]}]},{\"@type\":\"BreadcrumbList\",\"@id\":\"https:\/\/officialmonttremblant.com\/fr\/evenements\/evenements-annuels\/halloween\/#breadcrumb\",\"itemListElement\":[{\"@type\":\"ListItem\",\"position\":1,\"name\":\"Home\",\"item\":\"https:\/\/officialmonttremblant.com\/fr\/\"},{\"@type\":\"ListItem\",\"position\":2,\"name\":\"Ev\u00e9nements \u00e0 Mont-Tremblant\",\"item\":\"https:\/\/officialmonttremblant.com\/fr\/evenements\/\"},{\"@type\":\"ListItem\",\"position\":3,\"name\":\"Ev\u00e9nements annuels\",\"item\":\"https:\/\/officialmonttremblant.com\/fr\/evenements\/evenements-annuels\/\"},{\"@type\":\"ListItem\",\"position\":4,\"name\":\"HALLOWEEN\"}]},{\"@type\":\"WebSite\",\"@id\":\"https:\/\/officialmonttremblant.com\/fr\/#website\",\"url\":\"https:\/\/officialmonttremblant.com\/fr\/\",\"name\":\"Official Mont Tremblant\",\"description\":\"Vacation &amp; tourist guide in Mont Tremblant\",\"potentialAction\":[{\"@type\":\"SearchAction\",\"target\":{\"@type\":\"EntryPoint\",\"urlTemplate\":\"https:\/\/officialmonttremblant.com\/fr\/?s={search_term_string}\"},\"query-input\":{\"@type\":\"PropertyValueSpecification\",\"valueRequired\":true,\"valueName\":\"search_term_string\"}}],\"inLanguage\":\"fr-FR\"}]}<\/script>\n<!-- \/ Yoast SEO Premium plugin. -->","yoast_head_json":{"title":"Halloween \u00e0 Tremblant, Ev\u00e9nements \u00e0 Tremblant","description":"Official Mont-Tremblant vous offre plus d'informations sur les \u00e9v\u00e9nements \u00e0 Tremblant dont Halloween \u00e0 Tremblant.","robots":{"index":"index","follow":"follow","max-snippet":"max-snippet:-1","max-image-preview":"max-image-preview:large","max-video-preview":"max-video-preview:-1"},"canonical":"https:\/\/officialmonttremblant.com\/fr\/evenements\/evenements-annuels\/halloween\/","og_locale":"fr_FR","og_type":"article","og_title":"HALLOWEEN","og_description":"Official Mont-Tremblant vous offre plus d'informations sur les \u00e9v\u00e9nements \u00e0 Tremblant dont Halloween \u00e0 Tremblant.","og_url":"https:\/\/officialmonttremblant.com\/fr\/evenements\/evenements-annuels\/halloween\/","og_site_name":"Official Mont Tremblant","article_modified_time":"2025-07-29T16:20:10+00:00","twitter_card":"summary_large_image","twitter_misc":{"Dur\u00e9e de lecture estim\u00e9e":"1 minute"},"schema":{"@context":"https:\/\/schema.org","@graph":[{"@type":"WebPage","@id":"https:\/\/officialmonttremblant.com\/fr\/evenements\/evenements-annuels\/halloween\/","url":"https:\/\/officialmonttremblant.com\/fr\/evenements\/evenements-annuels\/halloween\/","name":"Halloween \u00e0 Tremblant, Ev\u00e9nements \u00e0 Tremblant","isPartOf":{"@id":"https:\/\/officialmonttremblant.com\/fr\/#website"},"datePublished":"2022-09-01T15:27:53+00:00","dateModified":"2025-07-29T16:20:10+00:00","description":"Official Mont-Tremblant vous offre plus d'informations sur les \u00e9v\u00e9nements \u00e0 Tremblant dont Halloween \u00e0 Tremblant.","breadcrumb":{"@id":"https:\/\/officialmonttremblant.com\/fr\/evenements\/evenements-annuels\/halloween\/#breadcrumb"},"inLanguage":"fr-FR","potentialAction":[{"@type":"ReadAction","target":["https:\/\/officialmonttremblant.com\/fr\/evenements\/evenements-annuels\/halloween\/"]}]},{"@type":"BreadcrumbList","@id":"https:\/\/officialmonttremblant.com\/fr\/evenements\/evenements-annuels\/halloween\/#breadcrumb","itemListElement":[{"@type":"ListItem","position":1,"name":"Home","item":"https:\/\/officialmonttremblant.com\/fr\/"},{"@type":"ListItem","position":2,"name":"Ev\u00e9nements \u00e0 Mont-Tremblant","item":"https:\/\/officialmonttremblant.com\/fr\/evenements\/"},{"@type":"ListItem","position":3,"name":"Ev\u00e9nements annuels","item":"https:\/\/officialmonttremblant.com\/fr\/evenements\/evenements-annuels\/"},{"@type":"ListItem","position":4,"name":"HALLOWEEN"}]},{"@type":"WebSite","@id":"https:\/\/officialmonttremblant.com\/fr\/#website","url":"https:\/\/officialmonttremblant.com\/fr\/","name":"Official Mont Tremblant","description":"Vacation &amp; tourist guide in Mont Tremblant","potentialAction":[{"@type":"SearchAction","target":{"@type":"EntryPoint","urlTemplate":"https:\/\/officialmonttremblant.com\/fr\/?s={search_term_string}"},"query-input":{"@type":"PropertyValueSpecification","valueRequired":true,"valueName":"search_term_string"}}],"inLanguage":"fr-FR"}]}},"jetpack_sharing_enabled":true,"_links":{"self":[{"href":"https:\/\/officialmonttremblant.com\/fr\/wp-json\/wp\/v2\/pages\/24847","targetHints":{"allow":["GET"]}}],"collection":[{"href":"https:\/\/officialmonttremblant.com\/fr\/wp-json\/wp\/v2\/pages"}],"about":[{"href":"https:\/\/officialmonttremblant.com\/fr\/wp-json\/wp\/v2\/types\/page"}],"author":[{"embeddable":true,"href":"https:\/\/officialmonttremblant.com\/fr\/wp-json\/wp\/v2\/users\/1"}],"replies":[{"embeddable":true,"href":"https:\/\/officialmonttremblant.com\/fr\/wp-json\/wp\/v2\/comments?post=24847"}],"version-history":[{"count":3,"href":"https:\/\/officialmonttremblant.com\/fr\/wp-json\/wp\/v2\/pages\/24847\/revisions"}],"predecessor-version":[{"id":26744,"href":"https:\/\/officialmonttremblant.com\/fr\/wp-json\/wp\/v2\/pages\/24847\/revisions\/26744"}],"up":[{"embeddable":true,"href":"https:\/\/officialmonttremblant.com\/fr\/wp-json\/wp\/v2\/pages\/24538"}],"wp:attachment":[{"href":"https:\/\/officialmonttremblant.com\/fr\/wp-json\/wp\/v2\/media?parent=24847"}],"curies":[{"name":"wp","href":"https:\/\/api.w.org\/{rel}","templated":true}]}}