{"id":24849,"date":"2022-09-29T10:23:57","date_gmt":"2022-09-29T14:23:57","guid":{"rendered":"https:\/\/officialmonttremblant.com\/about-mont-tremblant\/"},"modified":"2025-07-29T11:06:35","modified_gmt":"2025-07-29T15:06:35","slug":"a-propos-de-mont-tremblant","status":"publish","type":"page","link":"https:\/\/officialmonttremblant.com\/fr\/a-propos-de-mont-tremblant\/","title":{"rendered":"A propos de Mont Tremblant"},"content":{"rendered":"<p>[vc_row][vc_column]<div class=\"dt-fancy-separator title-left h2-size style-disabled title-color\" style=\"width: 100%;\"><div class=\"dt-fancy-title\"><span class=\"separator-holder separator-left\"><\/span>Les trois villages<span class=\"separator-holder separator-right\"><\/span><\/div><\/div>[vc_column_text]La ville de Mont-Tremblant est divis\u00e9e en trois zones distinctes appel\u00e9es \u00abvillages\u00bb. Chacun des trois villages de Mont-Tremblant poss\u00e8de ses propres caract\u00e9ristiques.<\/p>\n<p>En 2002, les municipalit\u00e9s de Saint-Jovite, de Saint-Jovite Parrish, de Mont Tremblant et de Lac-Tremblant-Nord ont fusionn\u00e9 pour devenir la ville de Mont-Tremblant. Quelques ann\u00e9es plus tard, Lac-Tremblant-Nord se s\u00e9para de la ville de Mont-Tremblant et devint sa propre municipalit\u00e9. Aujourd\u2019hui, Mont-Tremblant est compos\u00e9e de trois secteurs: la station, le vieux village et le centre-ville, anciennement Saint-Jovite.[\/vc_column_text][\/vc_column][\/vc_row][vc_row][vc_column][vc_separator css=\u00a0\u00bb.vc_custom_1664458171933{padding-top: 30px !important;padding-bottom: 40px !important;}\u00a0\u00bb][\/vc_column][\/vc_row][vc_row][vc_column width=\u00a0\u00bb1\/4&Prime;][vc_single_image image=\u00a0\u00bb23998&Prime; img_size=\u00a0\u00bbfull\u00a0\u00bb][\/vc_column][vc_column width=\u00a0\u00bb3\/4&Prime;]<div class=\"dt-fancy-separator title-left h3-size style-disabled title-color\" style=\"width: 100%;\"><div class=\"dt-fancy-title\"><span class=\"separator-holder separator-left\"><\/span>Centre-ville (St Jovite)<span class=\"separator-holder separator-right\"><\/span><\/div><\/div>[vc_column_text]Le centre-ville pittoresque de Tremblant est situ\u00e9 \u00e0 moins de 10 km de la station et est consid\u00e9r\u00e9 comme le centre-ville de Tremblant. Il abrite la mairie, le commissariat de police, une biblioth\u00e8que, un bureau de poste, une \u00e9glise, un stade de hockey et des \u00e9coles. La rue principale est ombrag\u00e9e par des arbres et bord\u00e9e de b\u00e2timents anciens, de banques, d\u2019antiquit\u00e9s et de plusieurs restaurants.[\/vc_column_text][vc_btn title=\u00a0\u00bbLire la suite\u00a0\u00bb shape=\u00a0\u00bbsquare\u00a0\u00bb color=\u00a0\u00bbblack\u00a0\u00bb link=\u00a0\u00bburl:https%3A%2F%2Fofficialmonttremblant.com%2Ffr%2Fvisiter%2Fcentre-ville-de-tremblant-st-jovite%2F|title:Downtown%20Tremblant%20%28St%20Jovite%29|\u00a0\u00bb css=\u00a0\u00bb.vc_custom_1666384041585{padding-top: 25px !important;}\u00a0\u00bb][\/vc_column][\/vc_row][vc_row][vc_column][vc_separator css=\u00a0\u00bb.vc_custom_1664458207535{padding-top: 40px !important;padding-bottom: 40px !important;}\u00a0\u00bb][\/vc_column][\/vc_row][vc_row][vc_column width=\u00a0\u00bb1\/4&Prime;][vc_single_image image=\u00a0\u00bb24016&Prime; img_size=\u00a0\u00bbfull\u00a0\u00bb][\/vc_column][vc_column width=\u00a0\u00bb3\/4&Prime;]<div class=\"dt-fancy-separator title-left h3-size style-disabled title-color\" style=\"width: 100%;\"><div class=\"dt-fancy-title\"><span class=\"separator-holder separator-left\"><\/span>Station de ski (Village pi\u00e9tonnier)<span class=\"separator-holder separator-right\"><\/span><\/div><\/div>[vc_column_text]Le village de la station ou \u00abvillage pi\u00e9tonnier\u00bb est situ\u00e9 au pied de la montagne et constitue le centre n\u00e9vralgique de la station et propose des activit\u00e9s 365 jours par an. Les voitures sont interdites dans le village de la station. C\u2019est pour cette raison qu\u2019il est souvent appel\u00e9 le \u00abvillage pi\u00e9tonnier\u00bb. Ce quartier anim\u00e9 abrite de nombreux restaurants, bars, boutiques, une salle de cin\u00e9ma et des h\u00e9bergements de vacances allant des h\u00f4tels aux condos.[\/vc_column_text][vc_btn title=\u00a0\u00bbLire la suite\u00a0\u00bb shape=\u00a0\u00bbsquare\u00a0\u00bb color=\u00a0\u00bbblack\u00a0\u00bb link=\u00a0\u00bburl:https%3A%2F%2Fofficialmonttremblant.com%2Ffr%2Fvisiter%2Fvillage-pietonnier%2F|title:Old%20Village|\u00a0\u00bb css=\u00a0\u00bb.vc_custom_1666384052668{padding-top: 25px !important;}\u00a0\u00bb][\/vc_column][\/vc_row][vc_row][vc_column][vc_separator css=\u00a0\u00bb.vc_custom_1664458207535{padding-top: 40px !important;padding-bottom: 40px !important;}\u00a0\u00bb][\/vc_column][\/vc_row][vc_row][vc_column width=\u00a0\u00bb1\/4&Prime;][vc_single_image image=\u00a0\u00bb24012&Prime; img_size=\u00a0\u00bbfull\u00a0\u00bb][\/vc_column][vc_column width=\u00a0\u00bb3\/4&Prime;]<div class=\"dt-fancy-separator title-left h3-size style-disabled title-color\" style=\"width: 100%;\"><div class=\"dt-fancy-title\"><span class=\"separator-holder separator-left\"><\/span>Vieux village<span class=\"separator-holder separator-right\"><\/span><\/div><\/div>[vc_column_text]Ce charmant village situ\u00e9 au bord du lac Mercier abrite des chambres d\u2019h\u00f4tes pittoresques, des auberges, des boutiques et des restaurants. Le vieux village abrite une ancienne gare. Ce village est travers\u00e9 par une piste cyclable qui sert \u00e9galement de piste de ski de fond en hiver. Ce village tranquille est v\u00e9ritable lieu de d\u00e9tente.[\/vc_column_text][vc_btn title=\u00a0\u00bbLire la suite\u00a0\u00bb shape=\u00a0\u00bbsquare\u00a0\u00bb color=\u00a0\u00bbblack\u00a0\u00bb link=\u00a0\u00bburl:https%3A%2F%2Fofficialmonttremblant.com%2Ffr%2Fvisiter%2Fvieux-village%2F|title:Old%20Village|\u00a0\u00bb css=\u00a0\u00bb.vc_custom_1666384060451{padding-top: 25px !important;}\u00a0\u00bb][\/vc_column][\/vc_row][vc_row][vc_column][vc_separator css=\u00a0\u00bb.vc_custom_1664458207535{padding-top: 40px !important;padding-bottom: 40px !important;}\u00a0\u00bb][vc_row_inner disable_element=\u00a0\u00bbyes\u00a0\u00bb][vc_column_inner width=\u00a0\u00bb1\/4&Prime;][vc_single_image image=\u00a0\u00bb24314&Prime; img_size=\u00a0\u00bbfull\u00a0\u00bb][\/vc_column_inner][vc_column_inner width=\u00a0\u00bb3\/4&Prime;]<div class=\"dt-fancy-separator title-left h3-size style-disabled title-color\" style=\"width: 100%;\"><div class=\"dt-fancy-title\"><span class=\"separator-holder separator-left\"><\/span>Business Example<span class=\"separator-holder separator-right\"><\/span><\/div><\/div>[vc_column_text css=\u00a0\u00bb.vc_custom_1664897840969{padding-bottom: 25px !important;}\u00a0\u00bb]This charming village located at the edge of Lake Mercer is home to quaint B&amp;Bs, relaxing inns, boutiques and first-rate restaurants. The Old Village is home to the an old train station . Winding through this village is a bike path that doubles as a trail for cross-country skiing in the winter months. This quiet village is a relaxing place live and visit. <div class=\"bg-margin-for-link\"><input type='hidden' bg_collapse_expand='69f4fda378acc5026539734' value='69f4fda378acc5026539734'><input type='hidden' id='bg-show-more-text-69f4fda378acc5026539734' value='Read More'><input type='hidden' id='bg-show-less-text-69f4fda378acc5026539734' value='Read Less'><a id='bg-showmore-action-69f4fda378acc5026539734' class='bg-showmore-plg-link  '  style=\" color:#000000;;\" href='#'>Read More<\/a><div id='bg-showmore-hidden-69f4fda378acc5026539734' > test test test<\/div><\/div>[\/vc_column_text]<div class=\"uavc-list-icon uavc-list-icon-wrapper ult-adjust-bottom-margin   \"><ul class=\"uavc-list\"><li><div class=\"uavc-list-content\" id=\"list-icon-wrap-4802\">\n<div class=\"uavc-list-icon  \" data-animation=\"\" data-animation-delay=\"03\" style=\"margin-right:5px;\"><div class=\"ult-just-icon-wrapper  \"><div class=\"align-icon\" style=\"text-align:center;\">\n<div class=\"aio-icon none \"  style=\"color:#333333;font-size:25px;display:inline-block;\">\n\t<i class=\"icomoon-the7-font-the7-phone-04\"><\/i>\n<\/div><\/div><\/div>\n<\/div><span  data-ultimate-target='#list-icon-wrap-4802 .uavc-list-desc'  data-responsive-json-new='{\"font-size\":\"\",\"line-height\":\"\"}'  class=\"uavc-list-desc ult-responsive\" style=\"\"><a href=\"tel:+1 819-425-2789\">+1 819-425-2789<\/a><\/span><\/div><\/li><li><div class=\"uavc-list-content\" id=\"list-icon-wrap-8300\">\n<div class=\"uavc-list-icon  \" data-animation=\"\" data-animation-delay=\"03\" style=\"margin-right:5px;\"><div class=\"ult-just-icon-wrapper  \"><div class=\"align-icon\" style=\"text-align:center;\">\n<div class=\"aio-icon none \"  style=\"color:#333333;font-size:25px;display:inline-block;\">\n\t<i class=\"icomoon-icomoonfree-16x16-mail4\"><\/i>\n<\/div><\/div><\/div>\n<\/div><span  data-ultimate-target='#list-icon-wrap-8300 .uavc-list-desc'  data-responsive-json-new='{\"font-size\":\"\",\"line-height\":\"\"}'  class=\"uavc-list-desc ult-responsive\" style=\"\"><a href=\"mailto:info@boisedulac.com\">info@boisedulac.com<\/a><br \/>\n<\/span><\/div><\/li><li><div class=\"uavc-list-content\" id=\"list-icon-wrap-9887\">\n<div class=\"uavc-list-icon  \" data-animation=\"\" data-animation-delay=\"03\" style=\"margin-right:5px;\"><div class=\"ult-just-icon-wrapper  \"><div class=\"align-icon\" style=\"text-align:center;\">\n<div class=\"aio-icon none \"  style=\"color:#333333;font-size:25px;display:inline-block;\">\n\t<i class=\"fas fa-link\"><\/i>\n<\/div><\/div><\/div>\n<\/div><span  data-ultimate-target='#list-icon-wrap-9887 .uavc-list-desc'  data-responsive-json-new='{\"font-size\":\"\",\"line-height\":\"\"}'  class=\"uavc-list-desc ult-responsive\" style=\"\"><a href=\"http:\/\/www.boisedulac.com\/\" target=\"_blank\" rel=\"noopener\">http:\/\/www.boisedulac.com\/<\/a><\/span><\/div><\/li><li><div class=\"uavc-list-content\" id=\"list-icon-wrap-8467\"><span  data-ultimate-target='#list-icon-wrap-8467 .uavc-list-desc'  data-responsive-json-new='{\"font-size\":\"\",\"line-height\":\"\"}'  class=\"uavc-list-desc ult-responsive\" style=\"\"><\/span><\/div><\/li><li><div class=\"uavc-list-content\" id=\"list-icon-wrap-8581\">\n<div class=\"uavc-list-icon  \" data-animation=\"\" data-animation-delay=\"03\" style=\"margin-right:5px;\"><div class=\"ult-just-icon-wrapper  \"><div class=\"align-icon\" style=\"text-align:center;\">\n<div class=\"aio-icon none \"  style=\"color:#333333;font-size:25px;display:inline-block;\">\n\t<i class=\"icomoon-icomoonfree-16x16-location2\"><\/i>\n<\/div><\/div><\/div>\n<\/div><span  data-ultimate-target='#list-icon-wrap-8581 .uavc-list-desc'  data-responsive-json-new='{\"font-size\":\"\",\"line-height\":\"\"}'  class=\"uavc-list-desc ult-responsive\" style=\"\">135 Chemin du Lac Duhamel, Mont-Tremblant, Qu\u00e9bec, Canada, Old Village J8E 2H1<\/span><\/div><\/li><\/ul><\/div>[\/vc_column_inner][\/vc_row_inner][\/vc_column][\/vc_row]<\/p>\n","protected":false},"excerpt":{"rendered":"<p>[vc_row][vc_column][vc_column_text]La ville de Mont-Tremblant est divis\u00e9e en trois zones distinctes appel\u00e9es \u00abvillages\u00bb. Chacun des trois villages de Mont-Tremblant poss\u00e8de ses propres caract\u00e9ristiques. En 2002, les municipalit\u00e9s de Saint-Jovite, de Saint-Jovite Parrish, de Mont Tremblant et de Lac-Tremblant-Nord ont fusionn\u00e9 pour devenir la ville de Mont-Tremblant. Quelques ann\u00e9es plus tard, Lac-Tremblant-Nord se s\u00e9para de la ville&hellip;<\/p>\n","protected":false},"author":3,"featured_media":0,"parent":0,"menu_order":0,"comment_status":"closed","ping_status":"closed","template":"","meta":{"footnotes":""},"class_list":["post-24849","page","type-page","status-publish","hentry","description-off"],"yoast_head":"<!-- This site is optimized with the Yoast SEO Premium plugin v26.5 (Yoast SEO v26.5) - https:\/\/yoast.com\/wordpress\/plugins\/seo\/ -->\n<title>A propos de Mont Tremblant - Official Mont Tremblant<\/title>\n<meta name=\"description\" content=\"Official Mont Tremblant vous donne des informations sur les trois villages s\u00e9par\u00e9s. Chacun des trois a son propre ensemble unique de caract\u00e9ristiques.\" \/>\n<meta name=\"robots\" content=\"index, follow, max-snippet:-1, max-image-preview:large, max-video-preview:-1\" \/>\n<link rel=\"canonical\" href=\"https:\/\/officialmonttremblant.com\/fr\/a-propos-de-mont-tremblant\/\" \/>\n<meta property=\"og:locale\" content=\"fr_FR\" \/>\n<meta property=\"og:type\" content=\"article\" \/>\n<meta property=\"og:title\" content=\"A propos de Mont Tremblant\" \/>\n<meta property=\"og:description\" content=\"Official Mont Tremblant vous donne des informations sur les trois villages s\u00e9par\u00e9s. Chacun des trois a son propre ensemble unique de caract\u00e9ristiques.\" \/>\n<meta property=\"og:url\" content=\"https:\/\/officialmonttremblant.com\/fr\/a-propos-de-mont-tremblant\/\" \/>\n<meta property=\"og:site_name\" content=\"Official Mont Tremblant\" \/>\n<meta property=\"article:modified_time\" content=\"2025-07-29T15:06:35+00:00\" \/>\n<meta name=\"twitter:card\" content=\"summary_large_image\" \/>\n<meta name=\"twitter:label1\" content=\"Dur\u00e9e de lecture estim\u00e9e\" \/>\n\t<meta name=\"twitter:data1\" content=\"3 minutes\" \/>\n<script type=\"application\/ld+json\" class=\"yoast-schema-graph\">{\"@context\":\"https:\/\/schema.org\",\"@graph\":[{\"@type\":\"WebPage\",\"@id\":\"https:\/\/officialmonttremblant.com\/fr\/a-propos-de-mont-tremblant\/\",\"url\":\"https:\/\/officialmonttremblant.com\/fr\/a-propos-de-mont-tremblant\/\",\"name\":\"A propos de Mont Tremblant - Official Mont Tremblant\",\"isPartOf\":{\"@id\":\"https:\/\/officialmonttremblant.com\/fr\/#website\"},\"datePublished\":\"2022-09-29T14:23:57+00:00\",\"dateModified\":\"2025-07-29T15:06:35+00:00\",\"description\":\"Official Mont Tremblant vous donne des informations sur les trois villages s\u00e9par\u00e9s. Chacun des trois a son propre ensemble unique de caract\u00e9ristiques.\",\"breadcrumb\":{\"@id\":\"https:\/\/officialmonttremblant.com\/fr\/a-propos-de-mont-tremblant\/#breadcrumb\"},\"inLanguage\":\"fr-FR\",\"potentialAction\":[{\"@type\":\"ReadAction\",\"target\":[\"https:\/\/officialmonttremblant.com\/fr\/a-propos-de-mont-tremblant\/\"]}]},{\"@type\":\"BreadcrumbList\",\"@id\":\"https:\/\/officialmonttremblant.com\/fr\/a-propos-de-mont-tremblant\/#breadcrumb\",\"itemListElement\":[{\"@type\":\"ListItem\",\"position\":1,\"name\":\"Home\",\"item\":\"https:\/\/officialmonttremblant.com\/fr\/\"},{\"@type\":\"ListItem\",\"position\":2,\"name\":\"A propos de Mont Tremblant\"}]},{\"@type\":\"WebSite\",\"@id\":\"https:\/\/officialmonttremblant.com\/fr\/#website\",\"url\":\"https:\/\/officialmonttremblant.com\/fr\/\",\"name\":\"Official Mont Tremblant\",\"description\":\"Vacation &amp; tourist guide in Mont Tremblant\",\"potentialAction\":[{\"@type\":\"SearchAction\",\"target\":{\"@type\":\"EntryPoint\",\"urlTemplate\":\"https:\/\/officialmonttremblant.com\/fr\/?s={search_term_string}\"},\"query-input\":{\"@type\":\"PropertyValueSpecification\",\"valueRequired\":true,\"valueName\":\"search_term_string\"}}],\"inLanguage\":\"fr-FR\"}]}<\/script>\n<!-- \/ Yoast SEO Premium plugin. -->","yoast_head_json":{"title":"A propos de Mont Tremblant - Official Mont Tremblant","description":"Official Mont Tremblant vous donne des informations sur les trois villages s\u00e9par\u00e9s. Chacun des trois a son propre ensemble unique de caract\u00e9ristiques.","robots":{"index":"index","follow":"follow","max-snippet":"max-snippet:-1","max-image-preview":"max-image-preview:large","max-video-preview":"max-video-preview:-1"},"canonical":"https:\/\/officialmonttremblant.com\/fr\/a-propos-de-mont-tremblant\/","og_locale":"fr_FR","og_type":"article","og_title":"A propos de Mont Tremblant","og_description":"Official Mont Tremblant vous donne des informations sur les trois villages s\u00e9par\u00e9s. Chacun des trois a son propre ensemble unique de caract\u00e9ristiques.","og_url":"https:\/\/officialmonttremblant.com\/fr\/a-propos-de-mont-tremblant\/","og_site_name":"Official Mont Tremblant","article_modified_time":"2025-07-29T15:06:35+00:00","twitter_card":"summary_large_image","twitter_misc":{"Dur\u00e9e de lecture estim\u00e9e":"3 minutes"},"schema":{"@context":"https:\/\/schema.org","@graph":[{"@type":"WebPage","@id":"https:\/\/officialmonttremblant.com\/fr\/a-propos-de-mont-tremblant\/","url":"https:\/\/officialmonttremblant.com\/fr\/a-propos-de-mont-tremblant\/","name":"A propos de Mont Tremblant - Official Mont Tremblant","isPartOf":{"@id":"https:\/\/officialmonttremblant.com\/fr\/#website"},"datePublished":"2022-09-29T14:23:57+00:00","dateModified":"2025-07-29T15:06:35+00:00","description":"Official Mont Tremblant vous donne des informations sur les trois villages s\u00e9par\u00e9s. Chacun des trois a son propre ensemble unique de caract\u00e9ristiques.","breadcrumb":{"@id":"https:\/\/officialmonttremblant.com\/fr\/a-propos-de-mont-tremblant\/#breadcrumb"},"inLanguage":"fr-FR","potentialAction":[{"@type":"ReadAction","target":["https:\/\/officialmonttremblant.com\/fr\/a-propos-de-mont-tremblant\/"]}]},{"@type":"BreadcrumbList","@id":"https:\/\/officialmonttremblant.com\/fr\/a-propos-de-mont-tremblant\/#breadcrumb","itemListElement":[{"@type":"ListItem","position":1,"name":"Home","item":"https:\/\/officialmonttremblant.com\/fr\/"},{"@type":"ListItem","position":2,"name":"A propos de Mont Tremblant"}]},{"@type":"WebSite","@id":"https:\/\/officialmonttremblant.com\/fr\/#website","url":"https:\/\/officialmonttremblant.com\/fr\/","name":"Official Mont Tremblant","description":"Vacation &amp; tourist guide in Mont Tremblant","potentialAction":[{"@type":"SearchAction","target":{"@type":"EntryPoint","urlTemplate":"https:\/\/officialmonttremblant.com\/fr\/?s={search_term_string}"},"query-input":{"@type":"PropertyValueSpecification","valueRequired":true,"valueName":"search_term_string"}}],"inLanguage":"fr-FR"}]}},"jetpack_sharing_enabled":true,"_links":{"self":[{"href":"https:\/\/officialmonttremblant.com\/fr\/wp-json\/wp\/v2\/pages\/24849","targetHints":{"allow":["GET"]}}],"collection":[{"href":"https:\/\/officialmonttremblant.com\/fr\/wp-json\/wp\/v2\/pages"}],"about":[{"href":"https:\/\/officialmonttremblant.com\/fr\/wp-json\/wp\/v2\/types\/page"}],"author":[{"embeddable":true,"href":"https:\/\/officialmonttremblant.com\/fr\/wp-json\/wp\/v2\/users\/3"}],"replies":[{"embeddable":true,"href":"https:\/\/officialmonttremblant.com\/fr\/wp-json\/wp\/v2\/comments?post=24849"}],"version-history":[{"count":9,"href":"https:\/\/officialmonttremblant.com\/fr\/wp-json\/wp\/v2\/pages\/24849\/revisions"}],"predecessor-version":[{"id":27734,"href":"https:\/\/officialmonttremblant.com\/fr\/wp-json\/wp\/v2\/pages\/24849\/revisions\/27734"}],"wp:attachment":[{"href":"https:\/\/officialmonttremblant.com\/fr\/wp-json\/wp\/v2\/media?parent=24849"}],"curies":[{"name":"wp","href":"https:\/\/api.w.org\/{rel}","templated":true}]}}