{"id":24858,"date":"2022-09-28T16:32:41","date_gmt":"2022-09-28T20:32:41","guid":{"rendered":"https:\/\/officialmonttremblant.com\/visit\/lakes\/"},"modified":"2022-10-27T10:55:54","modified_gmt":"2022-10-27T13:55:54","slug":"lacs-a-mont-tremblant","status":"publish","type":"page","link":"https:\/\/officialmonttremblant.com\/fr\/visiter\/lacs-a-mont-tremblant\/","title":{"rendered":"Lacs \u00e0 Mont Tremblant"},"content":{"rendered":"<p>[vc_row][vc_column width=\u00a0\u00bb2\/3&Prime; css=\u00a0\u00bb.vc_custom_1658435392401{padding-bottom: 30px !important;}\u00a0\u00bb][vc_column_text]Il existe de nombreux lacs de Mont Tremblant situ\u00e9s \u00e0 une courte distance en voiture des locations de chalet Mont Tremblant. Ces lacs offrent tous un paysage fantastique et un large \u00e9ventail d&rsquo;activit\u00e9s qui peuvent am\u00e9liorer l&rsquo;exp\u00e9rience des vacanciers. Le lac Tremblant est situ\u00e9 sur le versant sud de la montagne et \u00e0 seulement cinq minutes \u00e0 pied de la station. Le lac Tremblant dispose d&rsquo;une superbe plage et d&rsquo;une vari\u00e9t\u00e9 de sports nautiques et de location d&rsquo;\u00e9quipement.<\/p>\n<p>Une poign\u00e9e de lacs \u00e0 Mont Tremblant sont situ\u00e9s \u00e0 moins de dix minutes en voiture de la montagne. Beaucoup de ces magnifiques plans d&rsquo;eau sont surveill\u00e9s et ouverts au public pour la baignade.[\/vc_column_text][\/vc_column][vc_column width=\u00a0\u00bb1\/3&Prime;]<style type=\"text\/css\" data-type=\"the7_shortcodes-inline-css\">.gallery-carousel-shortcode.gallery-carousel-shortcode-id-8b7ffc96a19d08c7651c72b71086301c .owl-nav a {\n  width: 36px;\n  height: 36px;\n  border-radius: 500px;\n}\n.dt-arrow-border-on.gallery-carousel-shortcode.gallery-carousel-shortcode-id-8b7ffc96a19d08c7651c72b71086301c .owl-nav a:not(:hover):before {\n  border-width: 0px;\n}\n.dt-arrow-hover-border-on.gallery-carousel-shortcode.gallery-carousel-shortcode-id-8b7ffc96a19d08c7651c72b71086301c .owl-nav a:hover:after {\n  border-width: 0px;\n}\n.gallery-carousel-shortcode.gallery-carousel-shortcode-id-8b7ffc96a19d08c7651c72b71086301c .owl-nav a.owl-prev {\n  top: 50%;\n  transform: translateY(calc(-50% + 0px));\n  left: -43px;\n}\n@media all and (-ms-high-contrast: none) {\n  .gallery-carousel-shortcode.gallery-carousel-shortcode-id-8b7ffc96a19d08c7651c72b71086301c .owl-nav a.owl-prev {\n    transform: translateY(-50%);\n    margin-top: 0px;\n  }\n}\n.gallery-carousel-shortcode.gallery-carousel-shortcode-id-8b7ffc96a19d08c7651c72b71086301c .owl-nav a.owl-prev i {\n  padding: 0px 0px 0px 0px;\n}\n.gallery-carousel-shortcode.gallery-carousel-shortcode-id-8b7ffc96a19d08c7651c72b71086301c .owl-nav a.owl-next {\n  top: 50%;\n  transform: translateY(calc(-50% + 0px));\n  right: -43px;\n}\n@media all and (-ms-high-contrast: none) {\n  .gallery-carousel-shortcode.gallery-carousel-shortcode-id-8b7ffc96a19d08c7651c72b71086301c .owl-nav a.owl-next {\n    transform: translateY(-50%);\n    margin-top: 0px;\n  }\n}\n.gallery-carousel-shortcode.gallery-carousel-shortcode-id-8b7ffc96a19d08c7651c72b71086301c .owl-nav a.owl-next i {\n  padding: 0px 0px 0px 0px;\n}\n.gallery-carousel-shortcode.gallery-carousel-shortcode-id-8b7ffc96a19d08c7651c72b71086301c .owl-nav i {\n  font-size: 18px;\n}\n.gallery-carousel-shortcode.gallery-carousel-shortcode-id-8b7ffc96a19d08c7651c72b71086301c .owl-nav a:not(:hover) i,\n.gallery-carousel-shortcode.gallery-carousel-shortcode-id-8b7ffc96a19d08c7651c72b71086301c .owl-nav a:not(:hover) i:before {\n  color: #ffffff;\n  background: none;\n}\n.gallery-carousel-shortcode.gallery-carousel-shortcode-id-8b7ffc96a19d08c7651c72b71086301c .owl-nav a:hover i,\n.gallery-carousel-shortcode.gallery-carousel-shortcode-id-8b7ffc96a19d08c7651c72b71086301c .owl-nav a:hover i:before {\n  color: rgba(255,255,255,0.75);\n  background: none;\n}\n.gallery-carousel-shortcode.gallery-carousel-shortcode-id-8b7ffc96a19d08c7651c72b71086301c .owl-dots {\n  top: calc(100% + 20px);\n  left: 50%;\n  transform: translateX(calc(-50% + 0px));\n}\n@media all and (-ms-high-contrast: none) {\n  .gallery-carousel-shortcode.gallery-carousel-shortcode-id-8b7ffc96a19d08c7651c72b71086301c .owl-dots {\n    transform: translateX(-50%);\n    margin-left: 0px;\n  }\n}\n.gallery-carousel-shortcode.gallery-carousel-shortcode-id-8b7ffc96a19d08c7651c72b71086301c .owl-dot {\n  width: 10px;\n  height: 10px;\n  margin: 0 8px;\n}\n@media screen and (max-width: 778px) {\n  .gallery-carousel-shortcode.gallery-carousel-shortcode-id-8b7ffc96a19d08c7651c72b71086301c.hide-arrows .owl-nav a {\n    display: none;\n  }\n}\n@media screen and (max-width: 778px) {\n  .gallery-carousel-shortcode.gallery-carousel-shortcode-id-8b7ffc96a19d08c7651c72b71086301c.reposition-arrows .owl-nav .owl-prev {\n    top: 50%;\n    transform: translateY(calc(-50% + 0px));\n    left: 10px;\n  }\n  .gallery-carousel-shortcode.gallery-carousel-shortcode-id-8b7ffc96a19d08c7651c72b71086301c.reposition-arrows .owl-nav .owl-next {\n    top: 50%;\n    transform: translateY(calc(-50% + 0px));\n    right: 10px;\n  }\n}\n@media screen and (max-width: 778px) and all and (-ms-high-contrast: none) {\n  .gallery-carousel-shortcode.gallery-carousel-shortcode-id-8b7ffc96a19d08c7651c72b71086301c.reposition-arrows .owl-nav .owl-prev {\n    transform: translateY(-50%);\n    margin-top: 0px;\n  }\n}\n@media screen and (max-width: 778px) and all and (-ms-high-contrast: none) {\n  .gallery-carousel-shortcode.gallery-carousel-shortcode-id-8b7ffc96a19d08c7651c72b71086301c.reposition-arrows .owl-nav .owl-next {\n    transform: translateY(-50%);\n    margin-top: 0px;\n  }\n}\n.gallery-carousel-shortcode.gallery-carousel-shortcode-id-8b7ffc96a19d08c7651c72b71086301c figure,\n.gallery-carousel-shortcode.gallery-carousel-shortcode-id-8b7ffc96a19d08c7651c72b71086301c .rollover,\n.gallery-carousel-shortcode.gallery-carousel-shortcode-id-8b7ffc96a19d08c7651c72b71086301c img,\n.gallery-carousel-shortcode.gallery-carousel-shortcode-id-8b7ffc96a19d08c7651c72b71086301c .gallery-rollover {\n  border-radius: 0px;\n}\n.gallery-carousel-shortcode.gallery-carousel-shortcode-id-8b7ffc96a19d08c7651c72b71086301c.enable-bg-rollover .gallery-rollover {\n  background: -webkit-linear-gradient();\n  background: linear-gradient();\n}\n.gallery-carousel-shortcode.gallery-carousel-shortcode-id-8b7ffc96a19d08c7651c72b71086301c.enable-img-shadow .owl-stage-outer {\n  padding: 6px 0;\n}\n.gallery-carousel-shortcode.gallery-carousel-shortcode-id-8b7ffc96a19d08c7651c72b71086301c.enable-bg-rollover.hover-scale figure .rollover:after {\n  background: -webkit-linear-gradient();\n  background: linear-gradient();\n}\n.gallery-carousel-shortcode.gallery-carousel-shortcode-id-8b7ffc96a19d08c7651c72b71086301c.gallery-shortcode .gallery-zoom-ico {\n  width: 44px;\n  height: 44px;\n  line-height: 44px;\n  border-radius: 100px;\n  margin: -22px 0 0 -22px;\n  border-width: 0px;\n}\n.dt-icon-bg-on.gallery-carousel-shortcode.gallery-carousel-shortcode-id-8b7ffc96a19d08c7651c72b71086301c.gallery-shortcode .gallery-zoom-ico {\n  background: rgba(255,255,255,0.3);\n  box-shadow: none;\n}\n.gallery-carousel-shortcode.gallery-carousel-shortcode-id-8b7ffc96a19d08c7651c72b71086301c.gallery-shortcode .gallery-zoom-ico:before,\n.gallery-carousel-shortcode.gallery-carousel-shortcode-id-8b7ffc96a19d08c7651c72b71086301c.gallery-shortcode .gallery-zoom-ico span {\n  font-size: 32px;\n  line-height: 44px;\n  color: #ffffff;\n  background: none;\n}\n<\/style><div class=\"owl-carousel gallery-carousel-shortcode gallery-shortcode  dt-gallery-container dt-owl-carousel-call gallery-carousel-shortcode-id-8b7ffc96a19d08c7651c72b71086301c quick-scale-img enable-bg-rollover meta-info-off dt-arrow-border-on dt-arrow-hover-border-on bullets-small-dot-stroke reposition-arrows dt-icon-bg-off arrows-bg-on disable-arrows-hover-bg arrows-hover-bg-on  hover-fade \" data-scroll-mode=\"1\" data-col-num=\"1\" data-wide-col-num=\"1\" data-laptop-col=\"1\" data-h-tablet-columns-num=\"2\" data-v-tablet-columns-num=\"2\" data-phone-columns-num=\"1\" data-col-gap=\"2\" data-stage-padding=\"0\" data-speed=\"600\" data-autoplay=\"false\" data-autoplay_speed=\"6000\" data-arrows=\"false\" data-bullet=\"true\" data-next-icon=\"icon-ar-017-r\" data-prev-icon=\"icon-ar-017-l\" data-img-shadow-size=\"12px\" data-img-shadow-spread=\"3px\"><div data-post-id=\"17402\" data-date=\"2022-07-27T11:25:29-04:00\" data-name=\"map-of-lakes-6\"><figure class=\"post\"><a href=\"https:\/\/officialmonttremblant.com\/wp-content\/uploads\/2022\/07\/map-of-lakes-6.jpg\" class=\"rollover dt-pswp-item layzr-bg\" data-large_image_width=\"650\" data-large_image_height=\"450\" data-dt-img-description=\"\" title=\"map-of-lakes-6\"><img loading=\"lazy\" decoding=\"async\" class=\"preload-me owl-lazy-load\" src=\"data:image\/svg+xml,%3Csvg%20xmlns%3D&#39;http%3A%2F%2Fwww.w3.org%2F2000%2Fsvg&#39;%20viewBox%3D&#39;0%200%20599%20450&#39;%2F%3E\" data-src=\"https:\/\/officialmonttremblant.com\/wp-content\/uploads\/2022\/07\/map-of-lakes-6-599x450.jpg\" data-srcset=\"https:\/\/officialmonttremblant.com\/wp-content\/uploads\/2022\/07\/map-of-lakes-6-599x450.jpg 599w\" alt=\"\" width=\"599\" height=\"450\"  \/><span class=\"gallery-rollover\"><\/span><\/a><\/figure><\/div><div data-post-id=\"17404\" data-date=\"2022-07-27T11:25:31-04:00\" data-name=\"map-of-lakes-7\"><figure class=\"post\"><a href=\"https:\/\/officialmonttremblant.com\/wp-content\/uploads\/2022\/07\/map-of-lakes-7.jpg\" class=\"rollover dt-pswp-item layzr-bg\" data-large_image_width=\"650\" data-large_image_height=\"450\" data-dt-img-description=\"\" title=\"map-of-lakes-7\"><img loading=\"lazy\" decoding=\"async\" class=\"preload-me owl-lazy-load\" src=\"data:image\/svg+xml,%3Csvg%20xmlns%3D&#39;http%3A%2F%2Fwww.w3.org%2F2000%2Fsvg&#39;%20viewBox%3D&#39;0%200%20599%20450&#39;%2F%3E\" data-src=\"https:\/\/officialmonttremblant.com\/wp-content\/uploads\/2022\/07\/map-of-lakes-7-599x450.jpg\" data-srcset=\"https:\/\/officialmonttremblant.com\/wp-content\/uploads\/2022\/07\/map-of-lakes-7-599x450.jpg 599w\" alt=\"\" width=\"599\" height=\"450\"  \/><span class=\"gallery-rollover\"><\/span><\/a><\/figure><\/div><div data-post-id=\"17406\" data-date=\"2022-07-27T11:25:32-04:00\" data-name=\"map-of-lakes-1\"><figure class=\"post\"><a href=\"https:\/\/officialmonttremblant.com\/wp-content\/uploads\/2022\/07\/map-of-lakes-1.png\" class=\"rollover dt-pswp-item layzr-bg\" data-large_image_width=\"650\" data-large_image_height=\"450\" data-dt-img-description=\"\" title=\"map-of-lakes-1\"><img loading=\"lazy\" decoding=\"async\" class=\"preload-me owl-lazy-load\" src=\"data:image\/svg+xml,%3Csvg%20xmlns%3D&#39;http%3A%2F%2Fwww.w3.org%2F2000%2Fsvg&#39;%20viewBox%3D&#39;0%200%20599%20450&#39;%2F%3E\" data-src=\"https:\/\/officialmonttremblant.com\/wp-content\/uploads\/2022\/07\/map-of-lakes-1-599x450.png\" data-srcset=\"https:\/\/officialmonttremblant.com\/wp-content\/uploads\/2022\/07\/map-of-lakes-1-599x450.png 599w\" alt=\"\" width=\"599\" height=\"450\"  \/><span class=\"gallery-rollover\"><\/span><\/a><\/figure><\/div><div data-post-id=\"17408\" data-date=\"2022-07-27T11:25:34-04:00\" data-name=\"map-of-lakes-2\"><figure class=\"post\"><a href=\"https:\/\/officialmonttremblant.com\/wp-content\/uploads\/2022\/07\/map-of-lakes-2.png\" class=\"rollover dt-pswp-item layzr-bg\" data-large_image_width=\"650\" data-large_image_height=\"450\" data-dt-img-description=\"\" title=\"map-of-lakes-2\"><img loading=\"lazy\" decoding=\"async\" class=\"preload-me owl-lazy-load\" src=\"data:image\/svg+xml,%3Csvg%20xmlns%3D&#39;http%3A%2F%2Fwww.w3.org%2F2000%2Fsvg&#39;%20viewBox%3D&#39;0%200%20599%20450&#39;%2F%3E\" data-src=\"https:\/\/officialmonttremblant.com\/wp-content\/uploads\/2022\/07\/map-of-lakes-2-599x450.png\" data-srcset=\"https:\/\/officialmonttremblant.com\/wp-content\/uploads\/2022\/07\/map-of-lakes-2-599x450.png 599w\" alt=\"\" width=\"599\" height=\"450\"  \/><span class=\"gallery-rollover\"><\/span><\/a><\/figure><\/div><div data-post-id=\"17410\" data-date=\"2022-07-27T11:25:35-04:00\" data-name=\"map-of-lakes-3\"><figure class=\"post\"><a href=\"https:\/\/officialmonttremblant.com\/wp-content\/uploads\/2022\/07\/map-of-lakes-3.png\" class=\"rollover dt-pswp-item layzr-bg\" data-large_image_width=\"650\" data-large_image_height=\"450\" data-dt-img-description=\"\" title=\"map-of-lakes-3\"><img loading=\"lazy\" decoding=\"async\" class=\"preload-me owl-lazy-load\" src=\"data:image\/svg+xml,%3Csvg%20xmlns%3D&#39;http%3A%2F%2Fwww.w3.org%2F2000%2Fsvg&#39;%20viewBox%3D&#39;0%200%20599%20450&#39;%2F%3E\" data-src=\"https:\/\/officialmonttremblant.com\/wp-content\/uploads\/2022\/07\/map-of-lakes-3-599x450.png\" data-srcset=\"https:\/\/officialmonttremblant.com\/wp-content\/uploads\/2022\/07\/map-of-lakes-3-599x450.png 599w\" alt=\"\" width=\"599\" height=\"450\"  \/><span class=\"gallery-rollover\"><\/span><\/a><\/figure><\/div><div data-post-id=\"17412\" data-date=\"2022-07-27T11:25:37-04:00\" data-name=\"map-of-lakes-4\"><figure class=\"post\"><a href=\"https:\/\/officialmonttremblant.com\/wp-content\/uploads\/2022\/07\/map-of-lakes-4.png\" class=\"rollover dt-pswp-item layzr-bg\" data-large_image_width=\"650\" data-large_image_height=\"450\" data-dt-img-description=\"\" title=\"map-of-lakes-4\"><img loading=\"lazy\" decoding=\"async\" class=\"preload-me owl-lazy-load\" src=\"data:image\/svg+xml,%3Csvg%20xmlns%3D&#39;http%3A%2F%2Fwww.w3.org%2F2000%2Fsvg&#39;%20viewBox%3D&#39;0%200%20599%20450&#39;%2F%3E\" data-src=\"https:\/\/officialmonttremblant.com\/wp-content\/uploads\/2022\/07\/map-of-lakes-4-599x450.png\" data-srcset=\"https:\/\/officialmonttremblant.com\/wp-content\/uploads\/2022\/07\/map-of-lakes-4-599x450.png 599w\" alt=\"\" width=\"599\" height=\"450\"  \/><span class=\"gallery-rollover\"><\/span><\/a><\/figure><\/div><\/div>[\/vc_column][\/vc_row][vc_row css=\u00a0\u00bb.vc_custom_1666878948915{margin-top: 40px !important;}\u00a0\u00bb][vc_column][vc_separator css=\u00a0\u00bb.vc_custom_1664395035413{padding-top: 40px !important;padding-bottom: 40px !important;}\u00a0\u00bb][\/vc_column][\/vc_row][vc_row gap=\u00a0\u00bb1&Prime; bg_type=\u00a0\u00bbbg_color\u00a0\u00bb bg_override=\u00a0\u00bbex-full\u00a0\u00bb css=\u00a0\u00bb.vc_custom_1661793011444{padding-top: 60px !important;padding-bottom: 60px !important;}\u00a0\u00bb bg_color_value=\u00a0\u00bb#f8f8f8&Prime;][vc_column width=\u00a0\u00bb1\/2&Prime; css=\u00a0\u00bb.vc_custom_1652311337326{margin-top: 0px !important;margin-right: 0px !important;margin-bottom: 0px !important;margin-left: 0px !important;padding-top: 0px !important;padding-right: 0px !important;padding-bottom: 0px !important;padding-left: 0px !important;}\u00a0\u00bb]<div class=\"ult-new-ib ult-ib-effect-style14  ult-ib-resp   vc_custom_1666878852320\" data-min-width=\"768\" data-max-width=\"900\" style=\"background:rgba(0,0,0,0.85);\" data-opacity=\"0.7\" data-hover-opacity=\"1\" ><img data-recalc-dims=\"1\" decoding=\"async\" class=\"ult-new-ib-img\" style=\"opacity:0.7;\" alt=\"null\" src=\"https:\/\/i0.wp.com\/officialmonttremblant.com\/wp-content\/uploads\/2022\/07\/Lake-Tremblant-beach-4.png?w=1200&#038;ssl=1\"   \/><div id=\"interactive-banner-wrap-8555\" class=\"ult-new-ib-desc\" style=\"\"><h2 class=\"ult-new-ib-title ult-responsive\"  data-ultimate-target='#interactive-banner-wrap-8555 .ult-new-ib-title'  data-responsive-json-new='{\"font-size\":\"desktop:26px;\",\"line-height\":\"\"}'  style=\"font-family:&#039;Quicksand&#039;;font-weight:700;\">Lacs avec plages<\/h2><\/div><a class=\"ult-new-ib-link\" href=\"https:\/\/officialmonttremblant.com\/fr\/visiter\/lacs-a-mont-tremblant\/lacs-avec-plage\/\" title=\"Lakes with beaches\"  ><\/a><\/div>[\/vc_column][vc_column width=\u00a0\u00bb1\/2&Prime; css=\u00a0\u00bb.vc_custom_1652311343828{margin-top: 0px !important;margin-right: 0px !important;margin-bottom: 0px !important;margin-left: 0px !important;padding-top: 0px !important;padding-right: 0px !important;padding-bottom: 0px !important;padding-left: 0px !important;}\u00a0\u00bb]<div class=\"ult-new-ib ult-ib-effect-style14  ult-ib-resp   vc_custom_1666878905162\" data-min-width=\"768\" data-max-width=\"900\" style=\"background:rgba(0,0,0,0.85);\" data-opacity=\"0.7\" data-hover-opacity=\"1\" ><img data-recalc-dims=\"1\" decoding=\"async\" class=\"ult-new-ib-img\" style=\"opacity:0.7;\" alt=\"null\" src=\"https:\/\/i0.wp.com\/officialmonttremblant.com\/wp-content\/uploads\/2022\/09\/maplake2.jpg?w=1200&#038;ssl=1\"   \/><div id=\"interactive-banner-wrap-2447\" class=\"ult-new-ib-desc\" style=\"\"><h2 class=\"ult-new-ib-title ult-responsive\"  data-ultimate-target='#interactive-banner-wrap-2447 .ult-new-ib-title'  data-responsive-json-new='{\"font-size\":\"desktop:26px;\",\"line-height\":\"\"}'  style=\"font-family:&#039;Quicksand&#039;;font-weight:700;\">Carte des lacs<\/h2><\/div><a class=\"ult-new-ib-link\" href=\"https:\/\/officialmonttremblant.com\/fr\/visiter\/lacs-a-mont-tremblant\/carte-des-lacs\/\" title=\"Map of Lakes\"  ><\/a><\/div>[\/vc_column][\/vc_row]<\/p>\n","protected":false},"excerpt":{"rendered":"<p>[vc_row][vc_column width=\u00a0\u00bb2\/3&Prime; css=\u00a0\u00bb.vc_custom_1658435392401{padding-bottom: 30px !important;}\u00a0\u00bb][vc_column_text]Il existe de nombreux lacs de Mont Tremblant situ\u00e9s \u00e0 une courte distance en voiture des locations de chalet Mont Tremblant. Ces lacs offrent tous un paysage fantastique et un large \u00e9ventail d&rsquo;activit\u00e9s qui peuvent am\u00e9liorer l&rsquo;exp\u00e9rience des vacanciers. Le lac Tremblant est situ\u00e9 sur le versant sud de la montagne&hellip;<\/p>\n","protected":false},"author":1,"featured_media":0,"parent":21142,"menu_order":0,"comment_status":"closed","ping_status":"closed","template":"","meta":{"footnotes":""},"class_list":["post-24858","page","type-page","status-publish","hentry","description-off"],"yoast_head":"<!-- This site is optimized with the Yoast SEO Premium plugin v26.5 (Yoast SEO v26.5) - https:\/\/yoast.com\/wordpress\/plugins\/seo\/ -->\n<title>Lacs \u00e0 Mont Tremblant - Official Mont Tremblant<\/title>\n<meta name=\"description\" content=\"Official Mont Tremblant vous donne une liste de lacs situ\u00e9s \u00e0 une courte distance en voiture de Mont Tremblant. Carte des lacs.\" \/>\n<meta name=\"robots\" content=\"index, follow, max-snippet:-1, max-image-preview:large, max-video-preview:-1\" \/>\n<link rel=\"canonical\" href=\"https:\/\/officialmonttremblant.com\/fr\/visiter\/lacs-a-mont-tremblant\/\" \/>\n<meta property=\"og:locale\" content=\"fr_FR\" \/>\n<meta property=\"og:type\" content=\"article\" \/>\n<meta property=\"og:title\" content=\"Lacs \u00e0 Mont Tremblant\" \/>\n<meta property=\"og:description\" content=\"Official Mont Tremblant vous donne une liste de lacs situ\u00e9s \u00e0 une courte distance en voiture de Mont Tremblant. Carte des lacs.\" \/>\n<meta property=\"og:url\" content=\"https:\/\/officialmonttremblant.com\/fr\/visiter\/lacs-a-mont-tremblant\/\" \/>\n<meta property=\"og:site_name\" content=\"Official Mont Tremblant\" \/>\n<meta property=\"article:modified_time\" content=\"2022-10-27T13:55:54+00:00\" \/>\n<meta name=\"twitter:card\" content=\"summary_large_image\" \/>\n<meta name=\"twitter:label1\" content=\"Dur\u00e9e de lecture estim\u00e9e\" \/>\n\t<meta name=\"twitter:data1\" content=\"2 minutes\" \/>\n<script type=\"application\/ld+json\" class=\"yoast-schema-graph\">{\"@context\":\"https:\/\/schema.org\",\"@graph\":[{\"@type\":\"WebPage\",\"@id\":\"https:\/\/officialmonttremblant.com\/fr\/visiter\/lacs-a-mont-tremblant\/\",\"url\":\"https:\/\/officialmonttremblant.com\/fr\/visiter\/lacs-a-mont-tremblant\/\",\"name\":\"Lacs \u00e0 Mont Tremblant - Official Mont Tremblant\",\"isPartOf\":{\"@id\":\"https:\/\/officialmonttremblant.com\/fr\/#website\"},\"datePublished\":\"2022-09-28T20:32:41+00:00\",\"dateModified\":\"2022-10-27T13:55:54+00:00\",\"description\":\"Official Mont Tremblant vous donne une liste de lacs situ\u00e9s \u00e0 une courte distance en voiture de Mont Tremblant. Carte des lacs.\",\"breadcrumb\":{\"@id\":\"https:\/\/officialmonttremblant.com\/fr\/visiter\/lacs-a-mont-tremblant\/#breadcrumb\"},\"inLanguage\":\"fr-FR\",\"potentialAction\":[{\"@type\":\"ReadAction\",\"target\":[\"https:\/\/officialmonttremblant.com\/fr\/visiter\/lacs-a-mont-tremblant\/\"]}]},{\"@type\":\"BreadcrumbList\",\"@id\":\"https:\/\/officialmonttremblant.com\/fr\/visiter\/lacs-a-mont-tremblant\/#breadcrumb\",\"itemListElement\":[{\"@type\":\"ListItem\",\"position\":1,\"name\":\"Home\",\"item\":\"https:\/\/officialmonttremblant.com\/fr\/\"},{\"@type\":\"ListItem\",\"position\":2,\"name\":\"Visiter\",\"item\":\"https:\/\/officialmonttremblant.com\/fr\/visiter\/\"},{\"@type\":\"ListItem\",\"position\":3,\"name\":\"Lacs \u00e0 Mont Tremblant\"}]},{\"@type\":\"WebSite\",\"@id\":\"https:\/\/officialmonttremblant.com\/fr\/#website\",\"url\":\"https:\/\/officialmonttremblant.com\/fr\/\",\"name\":\"Official Mont Tremblant\",\"description\":\"Vacation &amp; tourist guide in Mont Tremblant\",\"potentialAction\":[{\"@type\":\"SearchAction\",\"target\":{\"@type\":\"EntryPoint\",\"urlTemplate\":\"https:\/\/officialmonttremblant.com\/fr\/?s={search_term_string}\"},\"query-input\":{\"@type\":\"PropertyValueSpecification\",\"valueRequired\":true,\"valueName\":\"search_term_string\"}}],\"inLanguage\":\"fr-FR\"}]}<\/script>\n<!-- \/ Yoast SEO Premium plugin. -->","yoast_head_json":{"title":"Lacs \u00e0 Mont Tremblant - Official Mont Tremblant","description":"Official Mont Tremblant vous donne une liste de lacs situ\u00e9s \u00e0 une courte distance en voiture de Mont Tremblant. Carte des lacs.","robots":{"index":"index","follow":"follow","max-snippet":"max-snippet:-1","max-image-preview":"max-image-preview:large","max-video-preview":"max-video-preview:-1"},"canonical":"https:\/\/officialmonttremblant.com\/fr\/visiter\/lacs-a-mont-tremblant\/","og_locale":"fr_FR","og_type":"article","og_title":"Lacs \u00e0 Mont Tremblant","og_description":"Official Mont Tremblant vous donne une liste de lacs situ\u00e9s \u00e0 une courte distance en voiture de Mont Tremblant. Carte des lacs.","og_url":"https:\/\/officialmonttremblant.com\/fr\/visiter\/lacs-a-mont-tremblant\/","og_site_name":"Official Mont Tremblant","article_modified_time":"2022-10-27T13:55:54+00:00","twitter_card":"summary_large_image","twitter_misc":{"Dur\u00e9e de lecture estim\u00e9e":"2 minutes"},"schema":{"@context":"https:\/\/schema.org","@graph":[{"@type":"WebPage","@id":"https:\/\/officialmonttremblant.com\/fr\/visiter\/lacs-a-mont-tremblant\/","url":"https:\/\/officialmonttremblant.com\/fr\/visiter\/lacs-a-mont-tremblant\/","name":"Lacs \u00e0 Mont Tremblant - Official Mont Tremblant","isPartOf":{"@id":"https:\/\/officialmonttremblant.com\/fr\/#website"},"datePublished":"2022-09-28T20:32:41+00:00","dateModified":"2022-10-27T13:55:54+00:00","description":"Official Mont Tremblant vous donne une liste de lacs situ\u00e9s \u00e0 une courte distance en voiture de Mont Tremblant. Carte des lacs.","breadcrumb":{"@id":"https:\/\/officialmonttremblant.com\/fr\/visiter\/lacs-a-mont-tremblant\/#breadcrumb"},"inLanguage":"fr-FR","potentialAction":[{"@type":"ReadAction","target":["https:\/\/officialmonttremblant.com\/fr\/visiter\/lacs-a-mont-tremblant\/"]}]},{"@type":"BreadcrumbList","@id":"https:\/\/officialmonttremblant.com\/fr\/visiter\/lacs-a-mont-tremblant\/#breadcrumb","itemListElement":[{"@type":"ListItem","position":1,"name":"Home","item":"https:\/\/officialmonttremblant.com\/fr\/"},{"@type":"ListItem","position":2,"name":"Visiter","item":"https:\/\/officialmonttremblant.com\/fr\/visiter\/"},{"@type":"ListItem","position":3,"name":"Lacs \u00e0 Mont Tremblant"}]},{"@type":"WebSite","@id":"https:\/\/officialmonttremblant.com\/fr\/#website","url":"https:\/\/officialmonttremblant.com\/fr\/","name":"Official Mont Tremblant","description":"Vacation &amp; tourist guide in Mont Tremblant","potentialAction":[{"@type":"SearchAction","target":{"@type":"EntryPoint","urlTemplate":"https:\/\/officialmonttremblant.com\/fr\/?s={search_term_string}"},"query-input":{"@type":"PropertyValueSpecification","valueRequired":true,"valueName":"search_term_string"}}],"inLanguage":"fr-FR"}]}},"jetpack_sharing_enabled":true,"_links":{"self":[{"href":"https:\/\/officialmonttremblant.com\/fr\/wp-json\/wp\/v2\/pages\/24858","targetHints":{"allow":["GET"]}}],"collection":[{"href":"https:\/\/officialmonttremblant.com\/fr\/wp-json\/wp\/v2\/pages"}],"about":[{"href":"https:\/\/officialmonttremblant.com\/fr\/wp-json\/wp\/v2\/types\/page"}],"author":[{"embeddable":true,"href":"https:\/\/officialmonttremblant.com\/fr\/wp-json\/wp\/v2\/users\/1"}],"replies":[{"embeddable":true,"href":"https:\/\/officialmonttremblant.com\/fr\/wp-json\/wp\/v2\/comments?post=24858"}],"version-history":[{"count":5,"href":"https:\/\/officialmonttremblant.com\/fr\/wp-json\/wp\/v2\/pages\/24858\/revisions"}],"predecessor-version":[{"id":26441,"href":"https:\/\/officialmonttremblant.com\/fr\/wp-json\/wp\/v2\/pages\/24858\/revisions\/26441"}],"up":[{"embeddable":true,"href":"https:\/\/officialmonttremblant.com\/fr\/wp-json\/wp\/v2\/pages\/21142"}],"wp:attachment":[{"href":"https:\/\/officialmonttremblant.com\/fr\/wp-json\/wp\/v2\/media?parent=24858"}],"curies":[{"name":"wp","href":"https:\/\/api.w.org\/{rel}","templated":true}]}}