{"id":24863,"date":"2022-09-28T17:29:09","date_gmt":"2022-09-28T21:29:09","guid":{"rendered":"https:\/\/officialmonttremblant.com\/visit\/parks-in-mont-tremblant\/"},"modified":"2025-07-29T13:59:40","modified_gmt":"2025-07-29T17:59:40","slug":"parcs-a-mont-tremblant","status":"publish","type":"page","link":"https:\/\/officialmonttremblant.com\/fr\/visiter\/parcs-a-mont-tremblant\/","title":{"rendered":"Parcs \u00e0 Mont Tremblant"},"content":{"rendered":"<p>[vc_row][vc_column][vc_column_text]Les parcs du Mont Tremblant induisent trois des meilleurs de la province. Le parc national du Mont-Tremblant est une nature de pr\u00e8s de 600 milles carr\u00e9s au c\u0153ur des magnifiques montagnes des Laurentides. Le parc national de Tremblant est divis\u00e9 en trois sections qui s&rsquo;\u00e9tendent sur un paysage luxuriant comprenant six rivi\u00e8res, 400 lacs et plus de 1 000 campings. Le parc national de Tremblant est la Mecque de la randonn\u00e9e, du camping, du v\u00e9lo, du ski de fond et bien plus encore.<\/p>\n<p>Le Domaine Saint-Bernard est situ\u00e9 au coeur de Mont-Tremblant. Ce parc d&rsquo;\u00e9cotourisme comprend pr\u00e8s de 1\u00a0500 acres et 30 miles de sentiers pour la randonn\u00e9e et le VTT. Pendant l&rsquo;hiver, 8,6 miles sont d\u00e9sign\u00e9s pour le ski de fond, la raquette et la marche.[\/vc_column_text][\/vc_column][\/vc_row][vc_row gap=\u00a0\u00bb1&Prime; bg_type=\u00a0\u00bbbg_color\u00a0\u00bb bg_override=\u00a0\u00bbex-full\u00a0\u00bb css=\u00a0\u00bb.vc_custom_1661793011444{padding-top: 60px !important;padding-bottom: 60px !important;}\u00a0\u00bb bg_color_value=\u00a0\u00bb#f8f8f8&Prime;][vc_column width=\u00a0\u00bb1\/3&Prime; css=\u00a0\u00bb.vc_custom_1652311337326{margin-top: 0px !important;margin-right: 0px !important;margin-bottom: 0px !important;margin-left: 0px !important;padding-top: 0px !important;padding-right: 0px !important;padding-bottom: 0px !important;padding-left: 0px !important;}\u00a0\u00bb]<div class=\"ult-new-ib ult-ib-effect-style14  ult-ib-resp ult-ib2-min-height  vc_custom_1666896626021\" data-min-width=\"768\" data-max-width=\"900\" style=\"background:rgba(0,0,0,0.85); opacity:0; \" data-opacity=\"0.7\" data-hover-opacity=\"1\"  data-min-height=\"300\" ><img data-recalc-dims=\"1\" decoding=\"async\" class=\"ult-new-ib-img\" style=\"opacity:0.7;\" alt=\"null\" src=\"https:\/\/i0.wp.com\/officialmonttremblant.com\/wp-content\/uploads\/2022\/09\/national.jpg?w=1200&#038;ssl=1\"  data-min-height=\"300\"   \/><div id=\"interactive-banner-wrap-9531\" class=\"ult-new-ib-desc\" style=\"\"><h2 class=\"ult-new-ib-title ult-responsive\"  data-ultimate-target='#interactive-banner-wrap-9531 .ult-new-ib-title'  data-responsive-json-new='{\"font-size\":\"desktop:26px;\",\"line-height\":\"\"}'  style=\"font-family:&#039;Quicksand&#039;;font-weight:700;\">Parc National de Mont-Tremblant<\/h2><\/div><a class=\"ult-new-ib-link\" href=\"https:\/\/officialmonttremblant.com\/fr\/visiter\/parcs-a-mont-tremblant\/parc-national-de-mont-tremblant\/\" title=\"Mont-Tremblant national park\"  ><\/a><\/div>[\/vc_column][vc_column width=\u00a0\u00bb1\/3&Prime; css=\u00a0\u00bb.vc_custom_1652311343828{margin-top: 0px !important;margin-right: 0px !important;margin-bottom: 0px !important;margin-left: 0px !important;padding-top: 0px !important;padding-right: 0px !important;padding-bottom: 0px !important;padding-left: 0px !important;}\u00a0\u00bb]<div class=\"ult-new-ib ult-ib-effect-style14  ult-ib-resp ult-ib2-min-height  vc_custom_1666896634935\" data-min-width=\"768\" data-max-width=\"900\" style=\"background:rgba(0,0,0,0.85); opacity:0; \" data-opacity=\"0.7\" data-hover-opacity=\"1\"  data-min-height=\"300\" ><img data-recalc-dims=\"1\" decoding=\"async\" class=\"ult-new-ib-img\" style=\"opacity:0.7;\" alt=\"null\" src=\"https:\/\/i0.wp.com\/officialmonttremblant.com\/wp-content\/uploads\/2022\/09\/domanie.jpg?w=1200&#038;ssl=1\"  data-min-height=\"300\"   \/><div id=\"interactive-banner-wrap-7361\" class=\"ult-new-ib-desc\" style=\"\"><h2 class=\"ult-new-ib-title ult-responsive\"  data-ultimate-target='#interactive-banner-wrap-7361 .ult-new-ib-title'  data-responsive-json-new='{\"font-size\":\"desktop:26px;\",\"line-height\":\"\"}'  style=\"font-family:&#039;Quicksand&#039;;font-weight:700;\">Domaine Saint-Bernard<\/h2><\/div><a class=\"ult-new-ib-link\" href=\"https:\/\/officialmonttremblant.com\/fr\/visiter\/parcs-a-mont-tremblant\/domaine-saint-bernard\/\" title=\"Domaine\"  ><\/a><\/div>[\/vc_column][vc_column width=\u00a0\u00bb1\/3&Prime; css=\u00a0\u00bb.vc_custom_1666894812194{margin-top: 0px !important;margin-right: 0px !important;margin-bottom: 0px !important;margin-left: 0px !important;padding-top: 0px !important;padding-right: 0px !important;padding-bottom: 0px !important;padding-left: 0px !important;}\u00a0\u00bb]<div class=\"ult-new-ib ult-ib-effect-style14  ult-ib-resp ult-ib2-min-height  vc_custom_1666896643278\" data-min-width=\"768\" data-max-width=\"900\" style=\"background:rgba(0,0,0,0.85); opacity:0; \" data-opacity=\"0.7\" data-hover-opacity=\"1\"  data-min-height=\"300\" ><img data-recalc-dims=\"1\" decoding=\"async\" class=\"ult-new-ib-img\" style=\"opacity:0.7;\" alt=\"null\" src=\"https:\/\/i0.wp.com\/officialmonttremblant.com\/wp-content\/uploads\/2022\/10\/velo_ParclineairePtitTrainduNord_low-scale_max-1000x1000-1.jpg?w=1200&#038;ssl=1\"  data-min-height=\"300\"   \/><div id=\"interactive-banner-wrap-4331\" class=\"ult-new-ib-desc\" style=\"\"><h2 class=\"ult-new-ib-title ult-responsive\"  data-ultimate-target='#interactive-banner-wrap-4331 .ult-new-ib-title'  data-responsive-json-new='{\"font-size\":\"desktop:26px;\",\"line-height\":\"\"}'  style=\"font-family:&#039;Quicksand&#039;;font-weight:700;\">Parc Petit-Train du Nord<\/h2><\/div><a class=\"ult-new-ib-link\" href=\"https:\/\/officialmonttremblant.com\/fr\/visiter\/parcs-a-mont-tremblant\/parc-national-de-mont-tremblant\/\" title=\"Domaine\"  ><\/a><\/div>[\/vc_column][\/vc_row]<\/p>\n","protected":false},"excerpt":{"rendered":"<p>[vc_row][vc_column][vc_column_text]Les parcs du Mont Tremblant induisent trois des meilleurs de la province. Le parc national du Mont-Tremblant est une nature de pr\u00e8s de 600 milles carr\u00e9s au c\u0153ur des magnifiques montagnes des Laurentides. Le parc national de Tremblant est divis\u00e9 en trois sections qui s&rsquo;\u00e9tendent sur un paysage luxuriant comprenant six rivi\u00e8res, 400 lacs et&hellip;<\/p>\n","protected":false},"author":3,"featured_media":0,"parent":21142,"menu_order":0,"comment_status":"closed","ping_status":"closed","template":"","meta":{"footnotes":""},"class_list":["post-24863","page","type-page","status-publish","hentry","description-off"],"yoast_head":"<!-- This site is optimized with the Yoast SEO Premium plugin v26.5 (Yoast SEO v26.5) - https:\/\/yoast.com\/wordpress\/plugins\/seo\/ -->\n<title>Parcs \u00e0 Mont Tremblant - Official Mont Tremblant<\/title>\n<meta name=\"description\" content=\"Official Mont Tremblant pr\u00e9sente trois parcs. Parc national du Mont Tremblant, parc du Domaine Saint-Bernard et Parc Petit-Train du Nord.\" \/>\n<meta name=\"robots\" content=\"index, follow, max-snippet:-1, max-image-preview:large, max-video-preview:-1\" \/>\n<link rel=\"canonical\" href=\"https:\/\/officialmonttremblant.com\/fr\/visiter\/parcs-a-mont-tremblant\/\" \/>\n<meta property=\"og:locale\" content=\"fr_FR\" \/>\n<meta property=\"og:type\" content=\"article\" \/>\n<meta property=\"og:title\" content=\"Parcs \u00e0 Mont Tremblant\" \/>\n<meta property=\"og:description\" content=\"Official Mont Tremblant pr\u00e9sente trois parcs. Parc national du Mont Tremblant, parc du Domaine Saint-Bernard et Parc Petit-Train du Nord.\" \/>\n<meta property=\"og:url\" content=\"https:\/\/officialmonttremblant.com\/fr\/visiter\/parcs-a-mont-tremblant\/\" \/>\n<meta property=\"og:site_name\" content=\"Official Mont Tremblant\" \/>\n<meta property=\"article:modified_time\" content=\"2025-07-29T17:59:40+00:00\" \/>\n<meta name=\"twitter:card\" content=\"summary_large_image\" \/>\n<meta name=\"twitter:label1\" content=\"Dur\u00e9e de lecture estim\u00e9e\" \/>\n\t<meta name=\"twitter:data1\" content=\"2 minutes\" \/>\n<script type=\"application\/ld+json\" class=\"yoast-schema-graph\">{\"@context\":\"https:\/\/schema.org\",\"@graph\":[{\"@type\":\"WebPage\",\"@id\":\"https:\/\/officialmonttremblant.com\/fr\/visiter\/parcs-a-mont-tremblant\/\",\"url\":\"https:\/\/officialmonttremblant.com\/fr\/visiter\/parcs-a-mont-tremblant\/\",\"name\":\"Parcs \u00e0 Mont Tremblant - Official Mont Tremblant\",\"isPartOf\":{\"@id\":\"https:\/\/officialmonttremblant.com\/fr\/#website\"},\"datePublished\":\"2022-09-28T21:29:09+00:00\",\"dateModified\":\"2025-07-29T17:59:40+00:00\",\"description\":\"Official Mont Tremblant pr\u00e9sente trois parcs. Parc national du Mont Tremblant, parc du Domaine Saint-Bernard et Parc Petit-Train du Nord.\",\"breadcrumb\":{\"@id\":\"https:\/\/officialmonttremblant.com\/fr\/visiter\/parcs-a-mont-tremblant\/#breadcrumb\"},\"inLanguage\":\"fr-FR\",\"potentialAction\":[{\"@type\":\"ReadAction\",\"target\":[\"https:\/\/officialmonttremblant.com\/fr\/visiter\/parcs-a-mont-tremblant\/\"]}]},{\"@type\":\"BreadcrumbList\",\"@id\":\"https:\/\/officialmonttremblant.com\/fr\/visiter\/parcs-a-mont-tremblant\/#breadcrumb\",\"itemListElement\":[{\"@type\":\"ListItem\",\"position\":1,\"name\":\"Home\",\"item\":\"https:\/\/officialmonttremblant.com\/fr\/\"},{\"@type\":\"ListItem\",\"position\":2,\"name\":\"Visiter\",\"item\":\"https:\/\/officialmonttremblant.com\/fr\/visiter\/\"},{\"@type\":\"ListItem\",\"position\":3,\"name\":\"Parcs \u00e0 Mont Tremblant\"}]},{\"@type\":\"WebSite\",\"@id\":\"https:\/\/officialmonttremblant.com\/fr\/#website\",\"url\":\"https:\/\/officialmonttremblant.com\/fr\/\",\"name\":\"Official Mont Tremblant\",\"description\":\"Vacation &amp; tourist guide in Mont Tremblant\",\"potentialAction\":[{\"@type\":\"SearchAction\",\"target\":{\"@type\":\"EntryPoint\",\"urlTemplate\":\"https:\/\/officialmonttremblant.com\/fr\/?s={search_term_string}\"},\"query-input\":{\"@type\":\"PropertyValueSpecification\",\"valueRequired\":true,\"valueName\":\"search_term_string\"}}],\"inLanguage\":\"fr-FR\"}]}<\/script>\n<!-- \/ Yoast SEO Premium plugin. -->","yoast_head_json":{"title":"Parcs \u00e0 Mont Tremblant - Official Mont Tremblant","description":"Official Mont Tremblant pr\u00e9sente trois parcs. Parc national du Mont Tremblant, parc du Domaine Saint-Bernard et Parc Petit-Train du Nord.","robots":{"index":"index","follow":"follow","max-snippet":"max-snippet:-1","max-image-preview":"max-image-preview:large","max-video-preview":"max-video-preview:-1"},"canonical":"https:\/\/officialmonttremblant.com\/fr\/visiter\/parcs-a-mont-tremblant\/","og_locale":"fr_FR","og_type":"article","og_title":"Parcs \u00e0 Mont Tremblant","og_description":"Official Mont Tremblant pr\u00e9sente trois parcs. Parc national du Mont Tremblant, parc du Domaine Saint-Bernard et Parc Petit-Train du Nord.","og_url":"https:\/\/officialmonttremblant.com\/fr\/visiter\/parcs-a-mont-tremblant\/","og_site_name":"Official Mont Tremblant","article_modified_time":"2025-07-29T17:59:40+00:00","twitter_card":"summary_large_image","twitter_misc":{"Dur\u00e9e de lecture estim\u00e9e":"2 minutes"},"schema":{"@context":"https:\/\/schema.org","@graph":[{"@type":"WebPage","@id":"https:\/\/officialmonttremblant.com\/fr\/visiter\/parcs-a-mont-tremblant\/","url":"https:\/\/officialmonttremblant.com\/fr\/visiter\/parcs-a-mont-tremblant\/","name":"Parcs \u00e0 Mont Tremblant - Official Mont Tremblant","isPartOf":{"@id":"https:\/\/officialmonttremblant.com\/fr\/#website"},"datePublished":"2022-09-28T21:29:09+00:00","dateModified":"2025-07-29T17:59:40+00:00","description":"Official Mont Tremblant pr\u00e9sente trois parcs. Parc national du Mont Tremblant, parc du Domaine Saint-Bernard et Parc Petit-Train du Nord.","breadcrumb":{"@id":"https:\/\/officialmonttremblant.com\/fr\/visiter\/parcs-a-mont-tremblant\/#breadcrumb"},"inLanguage":"fr-FR","potentialAction":[{"@type":"ReadAction","target":["https:\/\/officialmonttremblant.com\/fr\/visiter\/parcs-a-mont-tremblant\/"]}]},{"@type":"BreadcrumbList","@id":"https:\/\/officialmonttremblant.com\/fr\/visiter\/parcs-a-mont-tremblant\/#breadcrumb","itemListElement":[{"@type":"ListItem","position":1,"name":"Home","item":"https:\/\/officialmonttremblant.com\/fr\/"},{"@type":"ListItem","position":2,"name":"Visiter","item":"https:\/\/officialmonttremblant.com\/fr\/visiter\/"},{"@type":"ListItem","position":3,"name":"Parcs \u00e0 Mont Tremblant"}]},{"@type":"WebSite","@id":"https:\/\/officialmonttremblant.com\/fr\/#website","url":"https:\/\/officialmonttremblant.com\/fr\/","name":"Official Mont Tremblant","description":"Vacation &amp; tourist guide in Mont Tremblant","potentialAction":[{"@type":"SearchAction","target":{"@type":"EntryPoint","urlTemplate":"https:\/\/officialmonttremblant.com\/fr\/?s={search_term_string}"},"query-input":{"@type":"PropertyValueSpecification","valueRequired":true,"valueName":"search_term_string"}}],"inLanguage":"fr-FR"}]}},"jetpack_sharing_enabled":true,"_links":{"self":[{"href":"https:\/\/officialmonttremblant.com\/fr\/wp-json\/wp\/v2\/pages\/24863","targetHints":{"allow":["GET"]}}],"collection":[{"href":"https:\/\/officialmonttremblant.com\/fr\/wp-json\/wp\/v2\/pages"}],"about":[{"href":"https:\/\/officialmonttremblant.com\/fr\/wp-json\/wp\/v2\/types\/page"}],"author":[{"embeddable":true,"href":"https:\/\/officialmonttremblant.com\/fr\/wp-json\/wp\/v2\/users\/3"}],"replies":[{"embeddable":true,"href":"https:\/\/officialmonttremblant.com\/fr\/wp-json\/wp\/v2\/comments?post=24863"}],"version-history":[{"count":8,"href":"https:\/\/officialmonttremblant.com\/fr\/wp-json\/wp\/v2\/pages\/24863\/revisions"}],"predecessor-version":[{"id":26462,"href":"https:\/\/officialmonttremblant.com\/fr\/wp-json\/wp\/v2\/pages\/24863\/revisions\/26462"}],"up":[{"embeddable":true,"href":"https:\/\/officialmonttremblant.com\/fr\/wp-json\/wp\/v2\/pages\/21142"}],"wp:attachment":[{"href":"https:\/\/officialmonttremblant.com\/fr\/wp-json\/wp\/v2\/media?parent=24863"}],"curies":[{"name":"wp","href":"https:\/\/api.w.org\/{rel}","templated":true}]}}