{"id":24871,"date":"2022-09-28T18:46:01","date_gmt":"2022-09-28T22:46:01","guid":{"rendered":"https:\/\/officialmonttremblant.com\/visit\/downtown-tremblant-st-jovite\/"},"modified":"2025-07-29T13:56:39","modified_gmt":"2025-07-29T17:56:39","slug":"centre-ville-de-tremblant-st-jovite","status":"publish","type":"page","link":"https:\/\/officialmonttremblant.com\/fr\/visiter\/centre-ville-de-tremblant-st-jovite\/","title":{"rendered":"Centre-Ville de Tremblant (St Jovite)"},"content":{"rendered":"<p>[vc_row][vc_column][vc_column_text css=\u00a0\u00bb.vc_custom_1666384232631{padding-bottom: 30px !important;}\u00a0\u00bb]En 2000, la municipalit\u00e9 de Saint Jovite Qu\u00e9bec a rejoint la ville de Mont-Tremblant et est devenue le centre-ville de Mont-Tremblant, le quartier des affaires de la r\u00e9gion. Aussi appel\u00e9 \u00abCentre-Ville\u00bb, c\u2019est est le plus grand des trois villages et son histoire remonte \u00e0 plus de 100 ans. Bien que l\u2019ancienne ville de Saint Jovite Qu\u00e9bec ait \u00e9t\u00e9 renomm\u00e9e, elle a r\u00e9ussi \u00e0 conserver son atmosph\u00e8re de petite ville charmante.<\/p>\n<p>\u00c0 l\u2019instar de nombreux quartiers d\u2019affaires, le centre-ville Tremblant abrite de nombreux commerces, banques, \u00e9coles et h\u00f4tel de ville. La rue principale, la rue de Saint-Jovite, est bord\u00e9e d\u2019anciennes demeures historiques avec des terrasses ombrag\u00e9es, des antiquaires, des restaurants et des caf\u00e9s sur le trottoir. Ce village anim\u00e9 accueille \u00e9galement de nombreuses manifestations culturelles et artistiques, telles que le festival de blues et le festival de jazz annuel.[\/vc_column_text][\/vc_column][\/vc_row][vc_row][vc_column][vc_media_grid element_width=\u00a0\u00bb3&Prime; initial_loading_animation=\u00a0\u00bbnone\u00a0\u00bb grid_id=\u00a0\u00bbvc_gid:1666384215418-113c8358-8bff-0&Prime; include=\u00a0\u00bb23931,23933,23937,23939,23943,23945&Prime;][\/vc_column][\/vc_row]<\/p>\n","protected":false},"excerpt":{"rendered":"<p>[vc_row][vc_column][vc_column_text css=\u00a0\u00bb.vc_custom_1666384232631{padding-bottom: 30px !important;}\u00a0\u00bb]En 2000, la municipalit\u00e9 de Saint Jovite Qu\u00e9bec a rejoint la ville de Mont-Tremblant et est devenue le centre-ville de Mont-Tremblant, le quartier des affaires de la r\u00e9gion. Aussi appel\u00e9 \u00abCentre-Ville\u00bb, c\u2019est est le plus grand des trois villages et son histoire remonte \u00e0 plus de 100 ans. Bien que l\u2019ancienne ville&hellip;<\/p>\n","protected":false},"author":3,"featured_media":0,"parent":21142,"menu_order":0,"comment_status":"closed","ping_status":"closed","template":"","meta":{"footnotes":""},"class_list":["post-24871","page","type-page","status-publish","hentry","description-off"],"yoast_head":"<!-- This site is optimized with the Yoast SEO Premium plugin v26.5 (Yoast SEO v26.5) - https:\/\/yoast.com\/wordpress\/plugins\/seo\/ -->\n<title>Centre-Ville de Tremblant (St Jovite) - Official Mont Tremblant<\/title>\n<meta name=\"description\" content=\"Official Mont Tremblant vous donne une description de St Jovite Qu\u00e9bec \u00e9galement connu sous le nom de centre-ville de Mont Tremblant. Quartier des affaires.\" \/>\n<meta name=\"robots\" content=\"index, follow, max-snippet:-1, max-image-preview:large, max-video-preview:-1\" \/>\n<link rel=\"canonical\" href=\"https:\/\/officialmonttremblant.com\/fr\/visiter\/centre-ville-de-tremblant-st-jovite\/\" \/>\n<meta property=\"og:locale\" content=\"fr_FR\" \/>\n<meta property=\"og:type\" content=\"article\" \/>\n<meta property=\"og:title\" content=\"Centre-Ville de Tremblant (St Jovite)\" \/>\n<meta property=\"og:description\" content=\"Official Mont Tremblant vous donne une description de St Jovite Qu\u00e9bec \u00e9galement connu sous le nom de centre-ville de Mont Tremblant. Quartier des affaires.\" \/>\n<meta property=\"og:url\" content=\"https:\/\/officialmonttremblant.com\/fr\/visiter\/centre-ville-de-tremblant-st-jovite\/\" \/>\n<meta property=\"og:site_name\" content=\"Official Mont Tremblant\" \/>\n<meta property=\"article:modified_time\" content=\"2025-07-29T17:56:39+00:00\" \/>\n<meta name=\"twitter:card\" content=\"summary_large_image\" \/>\n<meta name=\"twitter:label1\" content=\"Dur\u00e9e de lecture estim\u00e9e\" \/>\n\t<meta name=\"twitter:data1\" content=\"1 minute\" \/>\n<script type=\"application\/ld+json\" class=\"yoast-schema-graph\">{\"@context\":\"https:\/\/schema.org\",\"@graph\":[{\"@type\":\"WebPage\",\"@id\":\"https:\/\/officialmonttremblant.com\/fr\/visiter\/centre-ville-de-tremblant-st-jovite\/\",\"url\":\"https:\/\/officialmonttremblant.com\/fr\/visiter\/centre-ville-de-tremblant-st-jovite\/\",\"name\":\"Centre-Ville de Tremblant (St Jovite) - Official Mont Tremblant\",\"isPartOf\":{\"@id\":\"https:\/\/officialmonttremblant.com\/fr\/#website\"},\"datePublished\":\"2022-09-28T22:46:01+00:00\",\"dateModified\":\"2025-07-29T17:56:39+00:00\",\"description\":\"Official Mont Tremblant vous donne une description de St Jovite Qu\u00e9bec \u00e9galement connu sous le nom de centre-ville de Mont Tremblant. Quartier des affaires.\",\"breadcrumb\":{\"@id\":\"https:\/\/officialmonttremblant.com\/fr\/visiter\/centre-ville-de-tremblant-st-jovite\/#breadcrumb\"},\"inLanguage\":\"fr-FR\",\"potentialAction\":[{\"@type\":\"ReadAction\",\"target\":[\"https:\/\/officialmonttremblant.com\/fr\/visiter\/centre-ville-de-tremblant-st-jovite\/\"]}]},{\"@type\":\"BreadcrumbList\",\"@id\":\"https:\/\/officialmonttremblant.com\/fr\/visiter\/centre-ville-de-tremblant-st-jovite\/#breadcrumb\",\"itemListElement\":[{\"@type\":\"ListItem\",\"position\":1,\"name\":\"Home\",\"item\":\"https:\/\/officialmonttremblant.com\/fr\/\"},{\"@type\":\"ListItem\",\"position\":2,\"name\":\"Visiter\",\"item\":\"https:\/\/officialmonttremblant.com\/fr\/visiter\/\"},{\"@type\":\"ListItem\",\"position\":3,\"name\":\"Centre-Ville de Tremblant (St Jovite)\"}]},{\"@type\":\"WebSite\",\"@id\":\"https:\/\/officialmonttremblant.com\/fr\/#website\",\"url\":\"https:\/\/officialmonttremblant.com\/fr\/\",\"name\":\"Official Mont Tremblant\",\"description\":\"Vacation &amp; tourist guide in Mont Tremblant\",\"potentialAction\":[{\"@type\":\"SearchAction\",\"target\":{\"@type\":\"EntryPoint\",\"urlTemplate\":\"https:\/\/officialmonttremblant.com\/fr\/?s={search_term_string}\"},\"query-input\":{\"@type\":\"PropertyValueSpecification\",\"valueRequired\":true,\"valueName\":\"search_term_string\"}}],\"inLanguage\":\"fr-FR\"}]}<\/script>\n<!-- \/ Yoast SEO Premium plugin. -->","yoast_head_json":{"title":"Centre-Ville de Tremblant (St Jovite) - Official Mont Tremblant","description":"Official Mont Tremblant vous donne une description de St Jovite Qu\u00e9bec \u00e9galement connu sous le nom de centre-ville de Mont Tremblant. Quartier des affaires.","robots":{"index":"index","follow":"follow","max-snippet":"max-snippet:-1","max-image-preview":"max-image-preview:large","max-video-preview":"max-video-preview:-1"},"canonical":"https:\/\/officialmonttremblant.com\/fr\/visiter\/centre-ville-de-tremblant-st-jovite\/","og_locale":"fr_FR","og_type":"article","og_title":"Centre-Ville de Tremblant (St Jovite)","og_description":"Official Mont Tremblant vous donne une description de St Jovite Qu\u00e9bec \u00e9galement connu sous le nom de centre-ville de Mont Tremblant. Quartier des affaires.","og_url":"https:\/\/officialmonttremblant.com\/fr\/visiter\/centre-ville-de-tremblant-st-jovite\/","og_site_name":"Official Mont Tremblant","article_modified_time":"2025-07-29T17:56:39+00:00","twitter_card":"summary_large_image","twitter_misc":{"Dur\u00e9e de lecture estim\u00e9e":"1 minute"},"schema":{"@context":"https:\/\/schema.org","@graph":[{"@type":"WebPage","@id":"https:\/\/officialmonttremblant.com\/fr\/visiter\/centre-ville-de-tremblant-st-jovite\/","url":"https:\/\/officialmonttremblant.com\/fr\/visiter\/centre-ville-de-tremblant-st-jovite\/","name":"Centre-Ville de Tremblant (St Jovite) - Official Mont Tremblant","isPartOf":{"@id":"https:\/\/officialmonttremblant.com\/fr\/#website"},"datePublished":"2022-09-28T22:46:01+00:00","dateModified":"2025-07-29T17:56:39+00:00","description":"Official Mont Tremblant vous donne une description de St Jovite Qu\u00e9bec \u00e9galement connu sous le nom de centre-ville de Mont Tremblant. Quartier des affaires.","breadcrumb":{"@id":"https:\/\/officialmonttremblant.com\/fr\/visiter\/centre-ville-de-tremblant-st-jovite\/#breadcrumb"},"inLanguage":"fr-FR","potentialAction":[{"@type":"ReadAction","target":["https:\/\/officialmonttremblant.com\/fr\/visiter\/centre-ville-de-tremblant-st-jovite\/"]}]},{"@type":"BreadcrumbList","@id":"https:\/\/officialmonttremblant.com\/fr\/visiter\/centre-ville-de-tremblant-st-jovite\/#breadcrumb","itemListElement":[{"@type":"ListItem","position":1,"name":"Home","item":"https:\/\/officialmonttremblant.com\/fr\/"},{"@type":"ListItem","position":2,"name":"Visiter","item":"https:\/\/officialmonttremblant.com\/fr\/visiter\/"},{"@type":"ListItem","position":3,"name":"Centre-Ville de Tremblant (St Jovite)"}]},{"@type":"WebSite","@id":"https:\/\/officialmonttremblant.com\/fr\/#website","url":"https:\/\/officialmonttremblant.com\/fr\/","name":"Official Mont Tremblant","description":"Vacation &amp; tourist guide in Mont Tremblant","potentialAction":[{"@type":"SearchAction","target":{"@type":"EntryPoint","urlTemplate":"https:\/\/officialmonttremblant.com\/fr\/?s={search_term_string}"},"query-input":{"@type":"PropertyValueSpecification","valueRequired":true,"valueName":"search_term_string"}}],"inLanguage":"fr-FR"}]}},"jetpack_sharing_enabled":true,"_links":{"self":[{"href":"https:\/\/officialmonttremblant.com\/fr\/wp-json\/wp\/v2\/pages\/24871","targetHints":{"allow":["GET"]}}],"collection":[{"href":"https:\/\/officialmonttremblant.com\/fr\/wp-json\/wp\/v2\/pages"}],"about":[{"href":"https:\/\/officialmonttremblant.com\/fr\/wp-json\/wp\/v2\/types\/page"}],"author":[{"embeddable":true,"href":"https:\/\/officialmonttremblant.com\/fr\/wp-json\/wp\/v2\/users\/3"}],"replies":[{"embeddable":true,"href":"https:\/\/officialmonttremblant.com\/fr\/wp-json\/wp\/v2\/comments?post=24871"}],"version-history":[{"count":4,"href":"https:\/\/officialmonttremblant.com\/fr\/wp-json\/wp\/v2\/pages\/24871\/revisions"}],"predecessor-version":[{"id":26211,"href":"https:\/\/officialmonttremblant.com\/fr\/wp-json\/wp\/v2\/pages\/24871\/revisions\/26211"}],"up":[{"embeddable":true,"href":"https:\/\/officialmonttremblant.com\/fr\/wp-json\/wp\/v2\/pages\/21142"}],"wp:attachment":[{"href":"https:\/\/officialmonttremblant.com\/fr\/wp-json\/wp\/v2\/media?parent=24871"}],"curies":[{"name":"wp","href":"https:\/\/api.w.org\/{rel}","templated":true}]}}