{"id":24875,"date":"2022-09-29T09:19:43","date_gmt":"2022-09-29T13:19:43","guid":{"rendered":"https:\/\/officialmonttremblant.com\/visit\/old-village\/"},"modified":"2025-07-29T13:59:37","modified_gmt":"2025-07-29T17:59:37","slug":"vieux-village","status":"publish","type":"page","link":"https:\/\/officialmonttremblant.com\/fr\/visiter\/vieux-village\/","title":{"rendered":"Vieux Village"},"content":{"rendered":"<p>[vc_row css=\u00a0\u00bb.vc_custom_1664454102911{padding-bottom: 25px !important;}\u00a0\u00bb][vc_column][vc_column_text]Le Vieux Village de Mont-Tremblant est situ\u00e9 sur les rives du lac Mercier, entre le village de la station et le centre-ville de Tremblant. Le vieux village est une charmante ville de campagne et un lieu de s\u00e9jour id\u00e9al pour des vacances \u00e0 Tremblant, quel que soit le moment de l\u2019ann\u00e9e. Cette ville paisible est situ\u00e9e \u00e0 moins de trois kilom\u00e8tres de la station et \u00e0 quelques minutes de neuf terrains de golf et de nombreux lacs o\u00f9 vous pourrez nager et vous baignez. Vous trouverez \u00e9galement de nombreuses options d\u2019h\u00e9bergements, comme des auberges ou des chambres d\u2019h\u00f4tes pittoresques pour vos vacances \u00e0 Tremblant.<\/p>\n<p>La rue principale est bord\u00e9e de caf\u00e9s, boutiques, restaurants, pubs, magasins gastronomiques, boulangeries, boutiques de luxe et magasins d\u2019antiquit\u00e9s. Une piste de ski de fond, qui sert \u00e9galement de piste cyclable en \u00e9t\u00e9, traverse le village et le relie au Village de la station. Le Vieux Village de Tremblant abrite \u00e9galement la Place de la Gare, une galerie d\u2019art situ\u00e9e dans un b\u00e2timent qui est une r\u00e9plique exacte de l\u2019ancienne gare. Le Vieux Village accueille de nombreux festivals, march\u00e9s de producteurs et \u00e9v\u00e9nements culturels en \u00e9t\u00e9. [\/vc_column_text][\/vc_column][\/vc_row][vc_row][vc_column][vc_media_grid element_width=\u00a0\u00bb3&Prime; initial_loading_animation=\u00a0\u00bbnone\u00a0\u00bb grid_id=\u00a0\u00bbvc_gid:1666384363901-9c83b8fa-2e34-10&Prime; include=\u00a0\u00bb23953,23955,23957,23959,23961,23963,23965&Prime;][\/vc_column][\/vc_row]<\/p>\n","protected":false},"excerpt":{"rendered":"<p>[vc_row css=\u00a0\u00bb.vc_custom_1664454102911{padding-bottom: 25px !important;}\u00a0\u00bb][vc_column][vc_column_text]Le Vieux Village de Mont-Tremblant est situ\u00e9 sur les rives du lac Mercier, entre le village de la station et le centre-ville de Tremblant. Le vieux village est une charmante ville de campagne et un lieu de s\u00e9jour id\u00e9al pour des vacances \u00e0 Tremblant, quel que soit le moment de l\u2019ann\u00e9e. Cette&hellip;<\/p>\n","protected":false},"author":3,"featured_media":0,"parent":21142,"menu_order":0,"comment_status":"closed","ping_status":"closed","template":"","meta":{"footnotes":""},"class_list":["post-24875","page","type-page","status-publish","hentry","description-off"],"yoast_head":"<!-- This site is optimized with the Yoast SEO Premium plugin v26.5 (Yoast SEO v26.5) - https:\/\/yoast.com\/wordpress\/plugins\/seo\/ -->\n<title>Vieux Village - Official Mont Tremblant<\/title>\n<meta name=\"description\" content=\"Official Mont Tremblant vous donne des informations sur le Vieux Tremblant Village, situ\u00e9 au bord du lac Mercer.\" \/>\n<meta name=\"robots\" content=\"index, follow, max-snippet:-1, max-image-preview:large, max-video-preview:-1\" \/>\n<link rel=\"canonical\" href=\"https:\/\/officialmonttremblant.com\/fr\/visiter\/vieux-village\/\" \/>\n<meta property=\"og:locale\" content=\"fr_FR\" \/>\n<meta property=\"og:type\" content=\"article\" \/>\n<meta property=\"og:title\" content=\"Vieux Village\" \/>\n<meta property=\"og:description\" content=\"Official Mont Tremblant vous donne des informations sur le Vieux Tremblant Village, situ\u00e9 au bord du lac Mercer.\" \/>\n<meta property=\"og:url\" content=\"https:\/\/officialmonttremblant.com\/fr\/visiter\/vieux-village\/\" \/>\n<meta property=\"og:site_name\" content=\"Official Mont Tremblant\" \/>\n<meta property=\"article:modified_time\" content=\"2025-07-29T17:59:37+00:00\" \/>\n<meta name=\"twitter:card\" content=\"summary_large_image\" \/>\n<meta name=\"twitter:label1\" content=\"Dur\u00e9e de lecture estim\u00e9e\" \/>\n\t<meta name=\"twitter:data1\" content=\"2 minutes\" \/>\n<script type=\"application\/ld+json\" class=\"yoast-schema-graph\">{\"@context\":\"https:\/\/schema.org\",\"@graph\":[{\"@type\":\"WebPage\",\"@id\":\"https:\/\/officialmonttremblant.com\/fr\/visiter\/vieux-village\/\",\"url\":\"https:\/\/officialmonttremblant.com\/fr\/visiter\/vieux-village\/\",\"name\":\"Vieux Village - Official Mont Tremblant\",\"isPartOf\":{\"@id\":\"https:\/\/officialmonttremblant.com\/fr\/#website\"},\"datePublished\":\"2022-09-29T13:19:43+00:00\",\"dateModified\":\"2025-07-29T17:59:37+00:00\",\"description\":\"Official Mont Tremblant vous donne des informations sur le Vieux Tremblant Village, situ\u00e9 au bord du lac Mercer.\",\"breadcrumb\":{\"@id\":\"https:\/\/officialmonttremblant.com\/fr\/visiter\/vieux-village\/#breadcrumb\"},\"inLanguage\":\"fr-FR\",\"potentialAction\":[{\"@type\":\"ReadAction\",\"target\":[\"https:\/\/officialmonttremblant.com\/fr\/visiter\/vieux-village\/\"]}]},{\"@type\":\"BreadcrumbList\",\"@id\":\"https:\/\/officialmonttremblant.com\/fr\/visiter\/vieux-village\/#breadcrumb\",\"itemListElement\":[{\"@type\":\"ListItem\",\"position\":1,\"name\":\"Home\",\"item\":\"https:\/\/officialmonttremblant.com\/fr\/\"},{\"@type\":\"ListItem\",\"position\":2,\"name\":\"Visiter\",\"item\":\"https:\/\/officialmonttremblant.com\/fr\/visiter\/\"},{\"@type\":\"ListItem\",\"position\":3,\"name\":\"Vieux Village\"}]},{\"@type\":\"WebSite\",\"@id\":\"https:\/\/officialmonttremblant.com\/fr\/#website\",\"url\":\"https:\/\/officialmonttremblant.com\/fr\/\",\"name\":\"Official Mont Tremblant\",\"description\":\"Vacation &amp; tourist guide in Mont Tremblant\",\"potentialAction\":[{\"@type\":\"SearchAction\",\"target\":{\"@type\":\"EntryPoint\",\"urlTemplate\":\"https:\/\/officialmonttremblant.com\/fr\/?s={search_term_string}\"},\"query-input\":{\"@type\":\"PropertyValueSpecification\",\"valueRequired\":true,\"valueName\":\"search_term_string\"}}],\"inLanguage\":\"fr-FR\"}]}<\/script>\n<!-- \/ Yoast SEO Premium plugin. -->","yoast_head_json":{"title":"Vieux Village - Official Mont Tremblant","description":"Official Mont Tremblant vous donne des informations sur le Vieux Tremblant Village, situ\u00e9 au bord du lac Mercer.","robots":{"index":"index","follow":"follow","max-snippet":"max-snippet:-1","max-image-preview":"max-image-preview:large","max-video-preview":"max-video-preview:-1"},"canonical":"https:\/\/officialmonttremblant.com\/fr\/visiter\/vieux-village\/","og_locale":"fr_FR","og_type":"article","og_title":"Vieux Village","og_description":"Official Mont Tremblant vous donne des informations sur le Vieux Tremblant Village, situ\u00e9 au bord du lac Mercer.","og_url":"https:\/\/officialmonttremblant.com\/fr\/visiter\/vieux-village\/","og_site_name":"Official Mont Tremblant","article_modified_time":"2025-07-29T17:59:37+00:00","twitter_card":"summary_large_image","twitter_misc":{"Dur\u00e9e de lecture estim\u00e9e":"2 minutes"},"schema":{"@context":"https:\/\/schema.org","@graph":[{"@type":"WebPage","@id":"https:\/\/officialmonttremblant.com\/fr\/visiter\/vieux-village\/","url":"https:\/\/officialmonttremblant.com\/fr\/visiter\/vieux-village\/","name":"Vieux Village - Official Mont Tremblant","isPartOf":{"@id":"https:\/\/officialmonttremblant.com\/fr\/#website"},"datePublished":"2022-09-29T13:19:43+00:00","dateModified":"2025-07-29T17:59:37+00:00","description":"Official Mont Tremblant vous donne des informations sur le Vieux Tremblant Village, situ\u00e9 au bord du lac Mercer.","breadcrumb":{"@id":"https:\/\/officialmonttremblant.com\/fr\/visiter\/vieux-village\/#breadcrumb"},"inLanguage":"fr-FR","potentialAction":[{"@type":"ReadAction","target":["https:\/\/officialmonttremblant.com\/fr\/visiter\/vieux-village\/"]}]},{"@type":"BreadcrumbList","@id":"https:\/\/officialmonttremblant.com\/fr\/visiter\/vieux-village\/#breadcrumb","itemListElement":[{"@type":"ListItem","position":1,"name":"Home","item":"https:\/\/officialmonttremblant.com\/fr\/"},{"@type":"ListItem","position":2,"name":"Visiter","item":"https:\/\/officialmonttremblant.com\/fr\/visiter\/"},{"@type":"ListItem","position":3,"name":"Vieux Village"}]},{"@type":"WebSite","@id":"https:\/\/officialmonttremblant.com\/fr\/#website","url":"https:\/\/officialmonttremblant.com\/fr\/","name":"Official Mont Tremblant","description":"Vacation &amp; tourist guide in Mont Tremblant","potentialAction":[{"@type":"SearchAction","target":{"@type":"EntryPoint","urlTemplate":"https:\/\/officialmonttremblant.com\/fr\/?s={search_term_string}"},"query-input":{"@type":"PropertyValueSpecification","valueRequired":true,"valueName":"search_term_string"}}],"inLanguage":"fr-FR"}]}},"jetpack_sharing_enabled":true,"_links":{"self":[{"href":"https:\/\/officialmonttremblant.com\/fr\/wp-json\/wp\/v2\/pages\/24875","targetHints":{"allow":["GET"]}}],"collection":[{"href":"https:\/\/officialmonttremblant.com\/fr\/wp-json\/wp\/v2\/pages"}],"about":[{"href":"https:\/\/officialmonttremblant.com\/fr\/wp-json\/wp\/v2\/types\/page"}],"author":[{"embeddable":true,"href":"https:\/\/officialmonttremblant.com\/fr\/wp-json\/wp\/v2\/users\/3"}],"replies":[{"embeddable":true,"href":"https:\/\/officialmonttremblant.com\/fr\/wp-json\/wp\/v2\/comments?post=24875"}],"version-history":[{"count":5,"href":"https:\/\/officialmonttremblant.com\/fr\/wp-json\/wp\/v2\/pages\/24875\/revisions"}],"predecessor-version":[{"id":26213,"href":"https:\/\/officialmonttremblant.com\/fr\/wp-json\/wp\/v2\/pages\/24875\/revisions\/26213"}],"up":[{"embeddable":true,"href":"https:\/\/officialmonttremblant.com\/fr\/wp-json\/wp\/v2\/pages\/21142"}],"wp:attachment":[{"href":"https:\/\/officialmonttremblant.com\/fr\/wp-json\/wp\/v2\/media?parent=24875"}],"curies":[{"name":"wp","href":"https:\/\/api.w.org\/{rel}","templated":true}]}}